{"id":1006,"date":"2025-11-14T23:57:31","date_gmt":"2025-11-14T22:57:31","guid":{"rendered":"https:\/\/iberoo.com\/?post_type=product&#038;p=1006"},"modified":"2026-04-04T23:06:57","modified_gmt":"2026-04-04T21:06:57","slug":"chorizo-in-einer-schnur-revilla","status":"publish","type":"product","link":"https:\/\/iberoo.com\/de\/produkt\/chorizo-in-einer-schnur-revilla\/","title":{"rendered":"Chorizo \u200b\u200bin einer Schnur Revilla"},"content":{"rendered":"<p>El <a href=\"https:\/\/iberoo.com\/de\/produkt\/iberische-chorizo-scheiben-navidul-grand-selection\/\">Chorizo<\/a> en Sarta Revilla es un cl\u00e1sico de nuestra gastronom\u00eda, elaborado siguiendo la tradici\u00f3n que caracteriza a una de las marcas m\u00e1s reconocidas en el mundo de los embutidos. Presentado en una pieza de 250 gramos, este chorizo destaca por su aroma inconfundible, su textura firme y su sabor aut\u00e9ntico, perfecto para quienes buscan un producto de calidad con ese toque casero que nunca falla.<\/p>\n<p>Revilla bietet diese Chorizo \u200b\u200bin zwei Varianten f\u00fcr jeden Geschmack an. Da ist zum einen die extra scharfe Chorizo \u200b\u200bmit ihrem ausgewogenen, milden und nuancenreichen Geschmack \u2013 ideal f\u00fcr alle, die eine aromatische und geschmackvolle Wurst lieben, ohne dass der Geschmack zu intensiv ist. Die scharfe Chorizo \u200b\u200bhingegen bietet genau die richtige W\u00fcrze f\u00fcr alle, die es gerne etwas kr\u00e4ftiger und leicht scharf m\u00f6gen, ohne dass der Geschmack zu dominant wird.<\/p>\n<p>Durch seine fadenf\u00f6rmige Gestalt ist es besonders vielseitig: Man kann es in Scheiben schneiden und als Tapas und Vorspeise servieren, traditionellen Eint\u00f6pfen beif\u00fcgen, in Pasta-, Omelett- oder Reisgerichte einarbeiten oder es sogar mit knusprigem Brot auf Sandwiches genie\u00dfen. Dank des schonenden Reifeprozesses bleiben Saftigkeit und charakteristischer Geschmack erhalten, was es zu einer unverzichtbaren Zutat in jeder K\u00fcche macht.<\/p>\n<p>Ob f\u00fcr einen spontanen Snack, zur Verfeinerung eines Familienrezepts oder einfach zum Genuss einer hochwertigen Wurst mit Charakter \u2013 Revilla Chorizo \u200b\u200ben Sarta ist immer eine gute Wahl. Ein mit Hingabe hergestelltes Produkt f\u00fcr alle, die authentischen Geschmack und Genuss zu sch\u00e4tzen wissen.<\/p>\n<p><strong>Zutaten:<\/strong> Schweinefleisch, Paprika, Salz, Knoblauch, Fermente. Oberfl\u00e4chenbehandlung: Oliven\u00f6l. Naturdarm vom Schwein.<\/p>\n<p><strong>Allergene:<\/strong> kann Spuren von Milchprodukten enthalten.<\/p>","protected":false},"excerpt":{"rendered":"<p>Die Chorizo \u200b\u200bder Marke Revilla ist zweifellos die bekannteste in Spanien. Wir bieten sie in Fadenform und in zwei Varianten an: Extra Chorizo \u200b\u200bund Spicy Chorizo. Nettogewicht: 250 g.<\/p>","protected":false},"featured_media":1033,"comment_status":"closed","ping_status":"closed","template":"","meta":[],"product_brand":[110],"product_cat":[233],"product_tag":[],"class_list":{"0":"post-1006","1":"product","2":"type-product","3":"status-publish","4":"has-post-thumbnail","6":"product_brand-revilla","7":"product_cat-embutidos-espanoles","9":"first","10":"instock","11":"shipping-taxable","12":"purchasable","13":"product-type-variable"},"yoast_head":"<!-- This site is optimized with the Yoast SEO plugin v27.3 - https:\/\/yoast.com\/product\/yoast-seo-wordpress\/ -->\n<title>Chorizo en Sarta Revilla - Iberoo<\/title>\n<meta name=\"description\" content=\"El chorizo de la marca Revilla es sin duda el m\u00e1s famoso en Espa\u00f1a. Lo ponemos a tu disposici\u00f3n en formato sarta y 2 variedades: extra o picante.\" \/>\n<meta name=\"robots\" content=\"index, follow, max-snippet:-1, max-image-preview:large, max-video-preview:-1\" \/>\n<link rel=\"canonical\" href=\"https:\/\/iberoo.com\/de\/produkt\/chorizo-in-einer-schnur-revilla\/\" \/>\n<meta property=\"og:locale\" content=\"de_DE\" \/>\n<meta property=\"og:type\" content=\"article\" \/>\n<meta property=\"og:title\" content=\"Chorizo en Sarta Revilla - Iberoo\" \/>\n<meta property=\"og:description\" content=\"El chorizo de la marca Revilla es sin duda el m\u00e1s famoso en Espa\u00f1a. Lo ponemos a tu disposici\u00f3n en formato sarta y 2 variedades: extra o picante.\" \/>\n<meta property=\"og:url\" content=\"https:\/\/iberoo.com\/de\/produkt\/chorizo-in-einer-schnur-revilla\/\" \/>\n<meta property=\"og:site_name\" content=\"Iberoo\" \/>\n<meta property=\"article:modified_time\" content=\"2026-04-04T21:06:57+00:00\" \/>\n<meta property=\"og:image\" content=\"https:\/\/iberoo.com\/wp-content\/uploads\/2025\/11\/chorizo-revilla-sarta-1.jpg\" \/>\n\t<meta property=\"og:image:width\" content=\"1499\" \/>\n\t<meta property=\"og:image:height\" content=\"1500\" \/>\n\t<meta property=\"og:image:type\" content=\"image\/jpeg\" \/>\n<meta name=\"twitter:card\" content=\"summary_large_image\" \/>\n<meta name=\"twitter:label1\" content=\"Verf\u00fcgbarkeit\" \/>\n\t<meta name=\"twitter:data1\" content=\"Auf Lager\" \/>\n<script type=\"application\/ld+json\" class=\"yoast-schema-graph\">{\"@context\":\"https:\\\/\\\/schema.org\",\"@graph\":[{\"@type\":\"WebPage\",\"@id\":\"https:\\\/\\\/iberoo.com\\\/producto\\\/chorizo-en-sarta-revilla\\\/\",\"url\":\"https:\\\/\\\/iberoo.com\\\/producto\\\/chorizo-en-sarta-revilla\\\/\",\"name\":\"Chorizo en Sarta Revilla - Iberoo\",\"isPartOf\":{\"@id\":\"https:\\\/\\\/iberoo.com\\\/#website\"},\"primaryImageOfPage\":{\"@id\":\"https:\\\/\\\/iberoo.com\\\/producto\\\/chorizo-en-sarta-revilla\\\/#primaryimage\"},\"image\":{\"@id\":\"https:\\\/\\\/iberoo.com\\\/producto\\\/chorizo-en-sarta-revilla\\\/#primaryimage\"},\"thumbnailUrl\":\"https:\\\/\\\/iberoo.com\\\/wp-content\\\/uploads\\\/2025\\\/11\\\/chorizo-revilla-sarta-1.jpg\",\"datePublished\":\"2025-11-14T22:57:31+00:00\",\"dateModified\":\"2026-04-04T21:06:57+00:00\",\"description\":\"El chorizo de la marca Revilla es sin duda el m\u00e1s famoso en Espa\u00f1a. Lo ponemos a tu disposici\u00f3n en formato sarta y 2 variedades: extra o picante.\",\"breadcrumb\":{\"@id\":\"https:\\\/\\\/iberoo.com\\\/producto\\\/chorizo-en-sarta-revilla\\\/#breadcrumb\"},\"inLanguage\":\"de\",\"potentialAction\":[{\"@type\":\"ReadAction\",\"target\":[\"https:\\\/\\\/iberoo.com\\\/producto\\\/chorizo-en-sarta-revilla\\\/\"]}]},{\"@type\":\"ImageObject\",\"inLanguage\":\"de\",\"@id\":\"https:\\\/\\\/iberoo.com\\\/producto\\\/chorizo-en-sarta-revilla\\\/#primaryimage\",\"url\":\"https:\\\/\\\/iberoo.com\\\/wp-content\\\/uploads\\\/2025\\\/11\\\/chorizo-revilla-sarta-1.jpg\",\"contentUrl\":\"https:\\\/\\\/iberoo.com\\\/wp-content\\\/uploads\\\/2025\\\/11\\\/chorizo-revilla-sarta-1.jpg\",\"width\":1499,\"height\":1500,\"caption\":\"Chorizo en Sarta Revilla\"},{\"@type\":\"BreadcrumbList\",\"@id\":\"https:\\\/\\\/iberoo.com\\\/producto\\\/chorizo-en-sarta-revilla\\\/#breadcrumb\",\"itemListElement\":[{\"@type\":\"ListItem\",\"position\":1,\"name\":\"Portada\",\"item\":\"https:\\\/\\\/iberoo.com\\\/\"},{\"@type\":\"ListItem\",\"position\":2,\"name\":\"Tienda Online\",\"item\":\"https:\\\/\\\/iberoo.com\\\/tienda\\\/\"},{\"@type\":\"ListItem\",\"position\":3,\"name\":\"Chorizo en Sarta Revilla\"}]},{\"@type\":\"WebSite\",\"@id\":\"https:\\\/\\\/iberoo.com\\\/#website\",\"url\":\"https:\\\/\\\/iberoo.com\\\/\",\"name\":\"Iberoo\",\"description\":\"\",\"publisher\":{\"@id\":\"https:\\\/\\\/iberoo.com\\\/#organization\"},\"potentialAction\":[{\"@type\":\"SearchAction\",\"target\":{\"@type\":\"EntryPoint\",\"urlTemplate\":\"https:\\\/\\\/iberoo.com\\\/?s={search_term_string}\"},\"query-input\":{\"@type\":\"PropertyValueSpecification\",\"valueRequired\":true,\"valueName\":\"search_term_string\"}}],\"inLanguage\":\"de\"},{\"@type\":\"Organization\",\"@id\":\"https:\\\/\\\/iberoo.com\\\/#organization\",\"name\":\"Iberoo\",\"url\":\"https:\\\/\\\/iberoo.com\\\/\",\"logo\":{\"@type\":\"ImageObject\",\"inLanguage\":\"de\",\"@id\":\"https:\\\/\\\/iberoo.com\\\/#\\\/schema\\\/logo\\\/image\\\/\",\"url\":\"https:\\\/\\\/iberoo.com\\\/wp-content\\\/uploads\\\/2025\\\/11\\\/logo-cuadrado.jpg\",\"contentUrl\":\"https:\\\/\\\/iberoo.com\\\/wp-content\\\/uploads\\\/2025\\\/11\\\/logo-cuadrado.jpg\",\"width\":700,\"height\":700,\"caption\":\"Iberoo\"},\"image\":{\"@id\":\"https:\\\/\\\/iberoo.com\\\/#\\\/schema\\\/logo\\\/image\\\/\"}}]}<\/script>\n<meta property=\"product:brand\" content=\"Revilla\" \/>\n<meta property=\"og:availability\" content=\"instock\" \/>\n<meta property=\"product:availability\" content=\"instock\" \/>\n<meta property=\"product:condition\" content=\"new\" \/>\n<!-- \/ Yoast SEO plugin. -->","yoast_head_json":{"title":"Chorizo \u200b\u200bin einer Schnur - Iberoo","description":"Die Chorizo \u200b\u200bder Marke Revilla ist zweifellos die bekannteste in Spanien. Wir bieten sie in Fadenform und in zwei Varianten an: extra oder scharf.","robots":{"index":"index","follow":"follow","max-snippet":"max-snippet:-1","max-image-preview":"max-image-preview:large","max-video-preview":"max-video-preview:-1"},"canonical":"https:\/\/iberoo.com\/de\/produkt\/chorizo-in-einer-schnur-revilla\/","og_locale":"de_DE","og_type":"article","og_title":"Chorizo en Sarta Revilla - Iberoo","og_description":"El chorizo de la marca Revilla es sin duda el m\u00e1s famoso en Espa\u00f1a. Lo ponemos a tu disposici\u00f3n en formato sarta y 2 variedades: extra o picante.","og_url":"https:\/\/iberoo.com\/de\/produkt\/chorizo-in-einer-schnur-revilla\/","og_site_name":"Iberoo","article_modified_time":"2026-04-04T21:06:57+00:00","og_image":[{"width":1499,"height":1500,"url":"https:\/\/iberoo.com\/wp-content\/uploads\/2025\/11\/chorizo-revilla-sarta-1.jpg","type":"image\/jpeg"}],"twitter_card":"summary_large_image","twitter_misc":{"Verf\u00fcgbarkeit":"Auf Lager"},"schema":{"@context":"https:\/\/schema.org","@graph":[{"@type":"WebPage","@id":"https:\/\/iberoo.com\/producto\/chorizo-en-sarta-revilla\/","url":"https:\/\/iberoo.com\/producto\/chorizo-en-sarta-revilla\/","name":"Chorizo \u200b\u200bin einer Schnur - Iberoo","isPartOf":{"@id":"https:\/\/iberoo.com\/#website"},"primaryImageOfPage":{"@id":"https:\/\/iberoo.com\/producto\/chorizo-en-sarta-revilla\/#primaryimage"},"image":{"@id":"https:\/\/iberoo.com\/producto\/chorizo-en-sarta-revilla\/#primaryimage"},"thumbnailUrl":"https:\/\/iberoo.com\/wp-content\/uploads\/2025\/11\/chorizo-revilla-sarta-1.jpg","datePublished":"2025-11-14T22:57:31+00:00","dateModified":"2026-04-04T21:06:57+00:00","description":"Die Chorizo \u200b\u200bder Marke Revilla ist zweifellos die bekannteste in Spanien. Wir bieten sie in Fadenform und in zwei Varianten an: extra oder scharf.","breadcrumb":{"@id":"https:\/\/iberoo.com\/producto\/chorizo-en-sarta-revilla\/#breadcrumb"},"inLanguage":"de","potentialAction":[{"@type":"ReadAction","target":["https:\/\/iberoo.com\/producto\/chorizo-en-sarta-revilla\/"]}]},{"@type":"ImageObject","inLanguage":"de","@id":"https:\/\/iberoo.com\/producto\/chorizo-en-sarta-revilla\/#primaryimage","url":"https:\/\/iberoo.com\/wp-content\/uploads\/2025\/11\/chorizo-revilla-sarta-1.jpg","contentUrl":"https:\/\/iberoo.com\/wp-content\/uploads\/2025\/11\/chorizo-revilla-sarta-1.jpg","width":1499,"height":1500,"caption":"Chorizo en Sarta Revilla"},{"@type":"BreadcrumbList","@id":"https:\/\/iberoo.com\/producto\/chorizo-en-sarta-revilla\/#breadcrumb","itemListElement":[{"@type":"ListItem","position":1,"name":"Portada","item":"https:\/\/iberoo.com\/"},{"@type":"ListItem","position":2,"name":"Tienda Online","item":"https:\/\/iberoo.com\/tienda\/"},{"@type":"ListItem","position":3,"name":"Chorizo en Sarta Revilla"}]},{"@type":"WebSite","@id":"https:\/\/iberoo.com\/#website","url":"https:\/\/iberoo.com\/","name":"Iberoo","description":"","publisher":{"@id":"https:\/\/iberoo.com\/#organization"},"potentialAction":[{"@type":"SearchAction","target":{"@type":"EntryPoint","urlTemplate":"https:\/\/iberoo.com\/?s={search_term_string}"},"query-input":{"@type":"PropertyValueSpecification","valueRequired":true,"valueName":"search_term_string"}}],"inLanguage":"de"},{"@type":"Organization","@id":"https:\/\/iberoo.com\/#organization","name":"Iberoo","url":"https:\/\/iberoo.com\/","logo":{"@type":"ImageObject","inLanguage":"de","@id":"https:\/\/iberoo.com\/#\/schema\/logo\/image\/","url":"https:\/\/iberoo.com\/wp-content\/uploads\/2025\/11\/logo-cuadrado.jpg","contentUrl":"https:\/\/iberoo.com\/wp-content\/uploads\/2025\/11\/logo-cuadrado.jpg","width":700,"height":700,"caption":"Iberoo"},"image":{"@id":"https:\/\/iberoo.com\/#\/schema\/logo\/image\/"}}]},"product_brand":"Revilla","og_availability":"instock","product_availability":"instock","product_condition":"new"},"_links":{"self":[{"href":"https:\/\/iberoo.com\/de\/wp-json\/wp\/v2\/product\/1006","targetHints":{"allow":["GET"]}}],"collection":[{"href":"https:\/\/iberoo.com\/de\/wp-json\/wp\/v2\/product"}],"about":[{"href":"https:\/\/iberoo.com\/de\/wp-json\/wp\/v2\/types\/product"}],"replies":[{"embeddable":true,"href":"https:\/\/iberoo.com\/de\/wp-json\/wp\/v2\/comments?post=1006"}],"wp:featuredmedia":[{"embeddable":true,"href":"https:\/\/iberoo.com\/de\/wp-json\/wp\/v2\/media\/1033"}],"wp:attachment":[{"href":"https:\/\/iberoo.com\/de\/wp-json\/wp\/v2\/media?parent=1006"}],"wp:term":[{"taxonomy":"product_brand","embeddable":true,"href":"https:\/\/iberoo.com\/de\/wp-json\/wp\/v2\/product_brand?post=1006"},{"taxonomy":"product_cat","embeddable":true,"href":"https:\/\/iberoo.com\/de\/wp-json\/wp\/v2\/product_cat?post=1006"},{"taxonomy":"product_tag","embeddable":true,"href":"https:\/\/iberoo.com\/de\/wp-json\/wp\/v2\/product_tag?post=1006"}],"curies":[{"name":"wp","href":"https:\/\/api.w.org\/{rel}","templated":true}]}}