{"id":1047,"date":"2025-11-14T23:57:52","date_gmt":"2025-11-14T22:57:52","guid":{"rendered":"https:\/\/iberoo.com\/?post_type=product&#038;p=1047"},"modified":"2026-04-04T23:16:59","modified_gmt":"2026-04-04T21:16:59","slug":"frischkase-aus-burgos-el-ventero","status":"publish","type":"product","link":"https:\/\/iberoo.com\/de\/produkt\/frischkase-aus-burgos-el-ventero\/","title":{"rendered":"Frischk\u00e4se aus Burgos El Ventero"},"content":{"rendered":"<p>El Ventero Frischk\u00e4se ist ein wahrer Genuss und bietet den vollen Geschmack und die Frische eines hochwertigen, handwerklich hergestellten K\u00e4ses. Verpackt in einem 1-kg-Block, ist dieser Frischk\u00e4se ideal f\u00fcr alle, die ein vielseitiges und nat\u00fcrliches Produkt f\u00fcr ihre Gerichte suchen \u2013 ob im Alltag oder zu besonderen Anl\u00e4ssen.<\/p>\n<p>Dieser K\u00e4se zeichnet sich durch seine geschmeidige, cremige und zarte Textur aus, die auf der Zunge zergeht und ein frisches, leichtes Geschmackserlebnis bietet. Hergestellt aus Milch h\u00f6chster Qualit\u00e4t, wird El Ventero Frischk\u00e4se unter strengen Standards produziert, um seine Frische und seinen authentischen Geschmack zu garantieren. Er enth\u00e4lt keine Konservierungsstoffe oder k\u00fcnstlichen Zusatzstoffe und ist somit eine gesunde Wahl f\u00fcr die ganze Familie.<\/p>\n<p>Der 1-kg-Riegel eignet sich perfekt zum Portionieren nach Belieben und passt sich so jederzeit Ihren Bed\u00fcrfnissen an. Genie\u00dfen Sie ihn pur, in Salaten, auf Toast, in warmen oder kalten Gerichten oder verarbeiten Sie ihn sogar in Ihren herzhaften Kuchen- und Pizzarezepten. Sein milder, leicht s\u00e4uerlicher Geschmack macht ihn zu einer idealen Zutat f\u00fcr vielf\u00e4ltige Kombinationen.<\/p>\n<p>Dar\u00fcber hinaus ist El Ventero Frischk\u00e4se eine ausgezeichnete Quelle f\u00fcr Protein und Kalzium und somit eine nahrhafte Option f\u00fcr alle, die auf ihre Ern\u00e4hrung achten m\u00f6chten, ohne auf den Genuss eines hochwertigen K\u00e4ses zu verzichten.<\/p>\n<p>Praktisch und k\u00f6stlich: Dieser Frischk\u00e4se ist die perfekte Erg\u00e4nzung f\u00fcr Ihre Vorratskammer und bietet Ihnen die M\u00f6glichkeit, mit jedem Bissen authentische K\u00e4seherstellung zu genie\u00dfen. Holen Sie sich Ihre El Ventero Frischk\u00e4se-Bar und bringen Sie Frische auf Ihren Tisch!<\/p>\n<p><strong>Zutaten:<\/strong> Pasteurisierte Kuhmilch, Salz, Gelatine, Konservierungsstoff (E-202) und Lab. Kann Spuren von Ziegen- und Schafsmilch enthalten. Milchherkunft: Spanien<\/p>\n<p><strong>Allergene:<\/strong> enth\u00e4lt Milch.<\/p>","protected":false},"excerpt":{"rendered":"<p>Frischer Burgos-K\u00e4se der Marke El Ventero, hergestellt aus spanischer Milch. 1 kg Block Frischk\u00e4se. Ideal f\u00fcr Salate, Toast oder als Vorspeise.<\/p>","protected":false},"featured_media":1076,"comment_status":"closed","ping_status":"closed","template":"","meta":[],"product_brand":[112],"product_cat":[111],"product_tag":[],"class_list":{"0":"post-1047","1":"product","2":"type-product","3":"status-publish","4":"has-post-thumbnail","6":"product_brand-el-ventero","7":"product_cat-queso-espanol","9":"first","10":"instock","11":"shipping-taxable","12":"purchasable","13":"product-type-simple"},"yoast_head":"<!-- This site is optimized with the Yoast SEO plugin v27.3 - https:\/\/yoast.com\/product\/yoast-seo-wordpress\/ -->\n<title>Queso Fresco de Burgos El Ventero - Iberoo<\/title>\n<meta name=\"description\" content=\"Queso fresco de Burgos de la marca el ventero elaborado con leche espa\u00f1ola. Barra de 1kg de queso fresco. Ideal para ensaladas, tostadas o como aperitivo.\" \/>\n<meta name=\"robots\" content=\"index, follow, max-snippet:-1, max-image-preview:large, max-video-preview:-1\" \/>\n<link rel=\"canonical\" href=\"https:\/\/iberoo.com\/de\/produkt\/frischkase-aus-burgos-el-ventero\/\" \/>\n<meta property=\"og:locale\" content=\"de_DE\" \/>\n<meta property=\"og:type\" content=\"article\" \/>\n<meta property=\"og:title\" content=\"Queso Fresco de Burgos El Ventero - Iberoo\" \/>\n<meta property=\"og:description\" content=\"Queso fresco de Burgos de la marca el ventero elaborado con leche espa\u00f1ola. Barra de 1kg de queso fresco. Ideal para ensaladas, tostadas o como aperitivo.\" \/>\n<meta property=\"og:url\" content=\"https:\/\/iberoo.com\/de\/produkt\/frischkase-aus-burgos-el-ventero\/\" \/>\n<meta property=\"og:site_name\" content=\"Iberoo\" \/>\n<meta property=\"article:modified_time\" content=\"2026-04-04T21:16:59+00:00\" \/>\n<meta property=\"og:image\" content=\"https:\/\/iberoo.com\/wp-content\/uploads\/2025\/11\/queso-fresco-burgos-el-ventero-1kg-1.webp\" \/>\n\t<meta property=\"og:image:width\" content=\"1500\" \/>\n\t<meta property=\"og:image:height\" content=\"1499\" \/>\n\t<meta property=\"og:image:type\" content=\"image\/webp\" \/>\n<meta name=\"twitter:card\" content=\"summary_large_image\" \/>\n<meta name=\"twitter:label1\" content=\"Preis\" \/>\n\t<meta name=\"twitter:data1\" content=\"13,30&nbsp;&euro;\" \/>\n\t<meta name=\"twitter:label2\" content=\"Verf\u00fcgbarkeit\" \/>\n\t<meta name=\"twitter:data2\" content=\"Auf Lager\" \/>\n<script type=\"application\/ld+json\" class=\"yoast-schema-graph\">{\"@context\":\"https:\\\/\\\/schema.org\",\"@graph\":[{\"@type\":\"WebPage\",\"@id\":\"https:\\\/\\\/iberoo.com\\\/producto\\\/queso-fresco-de-burgos-el-ventero\\\/\",\"url\":\"https:\\\/\\\/iberoo.com\\\/producto\\\/queso-fresco-de-burgos-el-ventero\\\/\",\"name\":\"Queso Fresco de Burgos El Ventero - Iberoo\",\"isPartOf\":{\"@id\":\"https:\\\/\\\/iberoo.com\\\/#website\"},\"primaryImageOfPage\":{\"@id\":\"https:\\\/\\\/iberoo.com\\\/producto\\\/queso-fresco-de-burgos-el-ventero\\\/#primaryimage\"},\"image\":{\"@id\":\"https:\\\/\\\/iberoo.com\\\/producto\\\/queso-fresco-de-burgos-el-ventero\\\/#primaryimage\"},\"thumbnailUrl\":\"https:\\\/\\\/iberoo.com\\\/wp-content\\\/uploads\\\/2025\\\/11\\\/queso-fresco-burgos-el-ventero-1kg-1.webp\",\"datePublished\":\"2025-11-14T22:57:52+00:00\",\"dateModified\":\"2026-04-04T21:16:59+00:00\",\"description\":\"Queso fresco de Burgos de la marca el ventero elaborado con leche espa\u00f1ola. Barra de 1kg de queso fresco. Ideal para ensaladas, tostadas o como aperitivo.\",\"breadcrumb\":{\"@id\":\"https:\\\/\\\/iberoo.com\\\/producto\\\/queso-fresco-de-burgos-el-ventero\\\/#breadcrumb\"},\"inLanguage\":\"de\",\"potentialAction\":[{\"@type\":\"ReadAction\",\"target\":[\"https:\\\/\\\/iberoo.com\\\/producto\\\/queso-fresco-de-burgos-el-ventero\\\/\"]}]},{\"@type\":\"ImageObject\",\"inLanguage\":\"de\",\"@id\":\"https:\\\/\\\/iberoo.com\\\/producto\\\/queso-fresco-de-burgos-el-ventero\\\/#primaryimage\",\"url\":\"https:\\\/\\\/iberoo.com\\\/wp-content\\\/uploads\\\/2025\\\/11\\\/queso-fresco-burgos-el-ventero-1kg-1.webp\",\"contentUrl\":\"https:\\\/\\\/iberoo.com\\\/wp-content\\\/uploads\\\/2025\\\/11\\\/queso-fresco-burgos-el-ventero-1kg-1.webp\",\"width\":1500,\"height\":1499,\"caption\":\"Queso Fresco de Burgos El Ventero\"},{\"@type\":\"BreadcrumbList\",\"@id\":\"https:\\\/\\\/iberoo.com\\\/producto\\\/queso-fresco-de-burgos-el-ventero\\\/#breadcrumb\",\"itemListElement\":[{\"@type\":\"ListItem\",\"position\":1,\"name\":\"Portada\",\"item\":\"https:\\\/\\\/iberoo.com\\\/\"},{\"@type\":\"ListItem\",\"position\":2,\"name\":\"Tienda Online\",\"item\":\"https:\\\/\\\/iberoo.com\\\/tienda\\\/\"},{\"@type\":\"ListItem\",\"position\":3,\"name\":\"Queso Fresco de Burgos El Ventero\"}]},{\"@type\":\"WebSite\",\"@id\":\"https:\\\/\\\/iberoo.com\\\/#website\",\"url\":\"https:\\\/\\\/iberoo.com\\\/\",\"name\":\"Iberoo\",\"description\":\"\",\"publisher\":{\"@id\":\"https:\\\/\\\/iberoo.com\\\/#organization\"},\"potentialAction\":[{\"@type\":\"SearchAction\",\"target\":{\"@type\":\"EntryPoint\",\"urlTemplate\":\"https:\\\/\\\/iberoo.com\\\/?s={search_term_string}\"},\"query-input\":{\"@type\":\"PropertyValueSpecification\",\"valueRequired\":true,\"valueName\":\"search_term_string\"}}],\"inLanguage\":\"de\"},{\"@type\":\"Organization\",\"@id\":\"https:\\\/\\\/iberoo.com\\\/#organization\",\"name\":\"Iberoo\",\"url\":\"https:\\\/\\\/iberoo.com\\\/\",\"logo\":{\"@type\":\"ImageObject\",\"inLanguage\":\"de\",\"@id\":\"https:\\\/\\\/iberoo.com\\\/#\\\/schema\\\/logo\\\/image\\\/\",\"url\":\"https:\\\/\\\/iberoo.com\\\/wp-content\\\/uploads\\\/2025\\\/11\\\/logo-cuadrado.jpg\",\"contentUrl\":\"https:\\\/\\\/iberoo.com\\\/wp-content\\\/uploads\\\/2025\\\/11\\\/logo-cuadrado.jpg\",\"width\":700,\"height\":700,\"caption\":\"Iberoo\"},\"image\":{\"@id\":\"https:\\\/\\\/iberoo.com\\\/#\\\/schema\\\/logo\\\/image\\\/\"}}]}<\/script>\n<meta property=\"product:brand\" content=\"El Ventero\" \/>\n<meta property=\"product:price:amount\" content=\"13.30\" \/>\n<meta property=\"product:price:currency\" content=\"EUR\" \/>\n<meta property=\"og:availability\" content=\"instock\" \/>\n<meta property=\"product:availability\" content=\"instock\" \/>\n<meta property=\"product:condition\" content=\"new\" \/>\n<!-- \/ Yoast SEO plugin. -->","yoast_head_json":{"title":"Frischk\u00e4se aus Burgos El Ventero - Iberoo","description":"Frischer Burgos-K\u00e4se der Marke El Ventero, hergestellt aus spanischer Milch. 1 kg Block Frischk\u00e4se. Ideal f\u00fcr Salate, Toast oder als Vorspeise.","robots":{"index":"index","follow":"follow","max-snippet":"max-snippet:-1","max-image-preview":"max-image-preview:large","max-video-preview":"max-video-preview:-1"},"canonical":"https:\/\/iberoo.com\/de\/produkt\/frischkase-aus-burgos-el-ventero\/","og_locale":"de_DE","og_type":"article","og_title":"Queso Fresco de Burgos El Ventero - Iberoo","og_description":"Queso fresco de Burgos de la marca el ventero elaborado con leche espa\u00f1ola. Barra de 1kg de queso fresco. Ideal para ensaladas, tostadas o como aperitivo.","og_url":"https:\/\/iberoo.com\/de\/produkt\/frischkase-aus-burgos-el-ventero\/","og_site_name":"Iberoo","article_modified_time":"2026-04-04T21:16:59+00:00","og_image":[{"width":1500,"height":1499,"url":"https:\/\/iberoo.com\/wp-content\/uploads\/2025\/11\/queso-fresco-burgos-el-ventero-1kg-1.webp","type":"image\/webp"}],"twitter_card":"summary_large_image","twitter_misc":{"Preis":"13,30&nbsp;&euro;","Verf\u00fcgbarkeit":"Auf Lager"},"schema":{"@context":"https:\/\/schema.org","@graph":[{"@type":"WebPage","@id":"https:\/\/iberoo.com\/producto\/queso-fresco-de-burgos-el-ventero\/","url":"https:\/\/iberoo.com\/producto\/queso-fresco-de-burgos-el-ventero\/","name":"Frischk\u00e4se aus Burgos El Ventero - Iberoo","isPartOf":{"@id":"https:\/\/iberoo.com\/#website"},"primaryImageOfPage":{"@id":"https:\/\/iberoo.com\/producto\/queso-fresco-de-burgos-el-ventero\/#primaryimage"},"image":{"@id":"https:\/\/iberoo.com\/producto\/queso-fresco-de-burgos-el-ventero\/#primaryimage"},"thumbnailUrl":"https:\/\/iberoo.com\/wp-content\/uploads\/2025\/11\/queso-fresco-burgos-el-ventero-1kg-1.webp","datePublished":"2025-11-14T22:57:52+00:00","dateModified":"2026-04-04T21:16:59+00:00","description":"Frischer Burgos-K\u00e4se der Marke El Ventero, hergestellt aus spanischer Milch. 1 kg Block Frischk\u00e4se. Ideal f\u00fcr Salate, Toast oder als Vorspeise.","breadcrumb":{"@id":"https:\/\/iberoo.com\/producto\/queso-fresco-de-burgos-el-ventero\/#breadcrumb"},"inLanguage":"de","potentialAction":[{"@type":"ReadAction","target":["https:\/\/iberoo.com\/producto\/queso-fresco-de-burgos-el-ventero\/"]}]},{"@type":"ImageObject","inLanguage":"de","@id":"https:\/\/iberoo.com\/producto\/queso-fresco-de-burgos-el-ventero\/#primaryimage","url":"https:\/\/iberoo.com\/wp-content\/uploads\/2025\/11\/queso-fresco-burgos-el-ventero-1kg-1.webp","contentUrl":"https:\/\/iberoo.com\/wp-content\/uploads\/2025\/11\/queso-fresco-burgos-el-ventero-1kg-1.webp","width":1500,"height":1499,"caption":"Queso Fresco de Burgos El Ventero"},{"@type":"BreadcrumbList","@id":"https:\/\/iberoo.com\/producto\/queso-fresco-de-burgos-el-ventero\/#breadcrumb","itemListElement":[{"@type":"ListItem","position":1,"name":"Portada","item":"https:\/\/iberoo.com\/"},{"@type":"ListItem","position":2,"name":"Tienda Online","item":"https:\/\/iberoo.com\/tienda\/"},{"@type":"ListItem","position":3,"name":"Queso Fresco de Burgos El Ventero"}]},{"@type":"WebSite","@id":"https:\/\/iberoo.com\/#website","url":"https:\/\/iberoo.com\/","name":"Iberoo","description":"","publisher":{"@id":"https:\/\/iberoo.com\/#organization"},"potentialAction":[{"@type":"SearchAction","target":{"@type":"EntryPoint","urlTemplate":"https:\/\/iberoo.com\/?s={search_term_string}"},"query-input":{"@type":"PropertyValueSpecification","valueRequired":true,"valueName":"search_term_string"}}],"inLanguage":"de"},{"@type":"Organization","@id":"https:\/\/iberoo.com\/#organization","name":"Iberoo","url":"https:\/\/iberoo.com\/","logo":{"@type":"ImageObject","inLanguage":"de","@id":"https:\/\/iberoo.com\/#\/schema\/logo\/image\/","url":"https:\/\/iberoo.com\/wp-content\/uploads\/2025\/11\/logo-cuadrado.jpg","contentUrl":"https:\/\/iberoo.com\/wp-content\/uploads\/2025\/11\/logo-cuadrado.jpg","width":700,"height":700,"caption":"Iberoo"},"image":{"@id":"https:\/\/iberoo.com\/#\/schema\/logo\/image\/"}}]},"product_brand":"El Ventero","product_price_amount":"13.30","product_price_currency":"EUR","og_availability":"instock","product_availability":"instock","product_condition":"new"},"_links":{"self":[{"href":"https:\/\/iberoo.com\/de\/wp-json\/wp\/v2\/product\/1047","targetHints":{"allow":["GET"]}}],"collection":[{"href":"https:\/\/iberoo.com\/de\/wp-json\/wp\/v2\/product"}],"about":[{"href":"https:\/\/iberoo.com\/de\/wp-json\/wp\/v2\/types\/product"}],"replies":[{"embeddable":true,"href":"https:\/\/iberoo.com\/de\/wp-json\/wp\/v2\/comments?post=1047"}],"wp:featuredmedia":[{"embeddable":true,"href":"https:\/\/iberoo.com\/de\/wp-json\/wp\/v2\/media\/1076"}],"wp:attachment":[{"href":"https:\/\/iberoo.com\/de\/wp-json\/wp\/v2\/media?parent=1047"}],"wp:term":[{"taxonomy":"product_brand","embeddable":true,"href":"https:\/\/iberoo.com\/de\/wp-json\/wp\/v2\/product_brand?post=1047"},{"taxonomy":"product_cat","embeddable":true,"href":"https:\/\/iberoo.com\/de\/wp-json\/wp\/v2\/product_cat?post=1047"},{"taxonomy":"product_tag","embeddable":true,"href":"https:\/\/iberoo.com\/de\/wp-json\/wp\/v2\/product_tag?post=1047"}],"curies":[{"name":"wp","href":"https:\/\/api.w.org\/{rel}","templated":true}]}}