{"id":1102,"date":"2025-11-14T23:58:18","date_gmt":"2025-11-14T22:58:18","guid":{"rendered":"https:\/\/iberoo.com\/?post_type=product&#038;p=1102"},"modified":"2026-04-04T23:15:22","modified_gmt":"2026-04-04T21:15:22","slug":"geriebener-kase-el-caserio","status":"publish","type":"product","link":"https:\/\/iberoo.com\/de\/produkt\/geriebener-kase-el-caserio\/","title":{"rendered":"Geriebener K\u00e4se El Caser\u00edo"},"content":{"rendered":"<p>El Caser\u00edo Geriebener K\u00e4se ist der perfekte Partner f\u00fcr alle, die einfach, schnell und lecker kochen m\u00f6chten. Dieses Produkt wurde entwickelt, um das t\u00e4gliche Kochen zu vereinfachen und bietet eine gro\u00dfe Auswahl f\u00fcr unterschiedliche Geschm\u00e4cker und Rezepte: K\u00e4sepulver, eine 3-K\u00e4se-Mischung, eine 4-K\u00e4se-Mischung, Emmentaler und Filatto. Jede Sorte verleiht jedem Gericht ihren eigenen, einzigartigen Charakter und sorgt so f\u00fcr den perfekten Genuss \u2013 ganz ohne Aufwand.<\/p>\n<p>K\u00e4sepulver eignet sich ideal zum direkten Bestreuen von Pasta, Gem\u00fcse oder Suppen und sorgt f\u00fcr eine gleichm\u00e4\u00dfige Geschmacksverteilung. Die 3-K\u00e4se-Mischung bietet eine geschmeidige und cremige Balance, perfekt f\u00fcr leichte Aufl\u00e4ufe oder Familienrezepte. Die 4-K\u00e4se-Mischung sorgt f\u00fcr mehr Intensit\u00e4t und Tiefe und ist ideal f\u00fcr alle, die ein geschmacksintensiveres und unverwechselbares Ergebnis w\u00fcnschen. Emmentaler besticht durch seinen delikaten Geschmack und seine hervorragenden Schmelzeigenschaften und ist ideal f\u00fcr Pizza, warme Sandwiches oder Ofengerichte. Filatto-K\u00e4se hingegen ist die perfekte Wahl f\u00fcr den so gesch\u00e4tzten schmelzenden und elastischen Effekt in warmen Gerichten.<\/p>\n<p>Dieser geriebene K\u00e4se l\u00e4sst sich m\u00fchelos in alle Arten von Gerichten einarbeiten, von schnellen Mahlzeiten bis hin zu aufwendigeren Rezepten. Er ist praktisch, sauber und zeitsparend, ohne dabei auf Geschmack zu verzichten.<\/p>\n<p>El Caser\u00edo bietet mit seiner Erfahrung und seinem pers\u00f6nlichen Service ein Sortiment f\u00fcr den t\u00e4glichen Gebrauch in gleichbleibend hoher Qualit\u00e4t. Ein vielseitiges, funktionales Produkt voller M\u00f6glichkeiten \u2013 ideal f\u00fcr alle, die K\u00e4se jederzeit einfach, schnell und lecker genie\u00dfen m\u00f6chten.<\/p>","protected":false},"excerpt":{"rendered":"<p>Geriebener K\u00e4se mit der Qualit\u00e4tsgarantie der Marke El Caser\u00edo. Erh\u00e4ltlich in verschiedenen K\u00e4sesorten und K\u00e4semischungen.<\/p>","protected":false},"featured_media":1118,"comment_status":"closed","ping_status":"closed","template":"","meta":[],"product_brand":[114],"product_cat":[111],"product_tag":[],"class_list":{"0":"post-1102","1":"product","2":"type-product","3":"status-publish","4":"has-post-thumbnail","6":"product_brand-el-caserio","7":"product_cat-queso-espanol","9":"first","10":"instock","11":"shipping-taxable","12":"purchasable","13":"product-type-variable"},"yoast_head":"<!-- This site is optimized with the Yoast SEO plugin v27.3 - https:\/\/yoast.com\/product\/yoast-seo-wordpress\/ -->\n<title>Queso Rallado El Caser\u00edo - Iberoo<\/title>\n<meta name=\"description\" content=\"Dale sabor a tus platos con Queso Rallado El Caser\u00edo, una garant\u00eda de calidad en cada bocado. Prueba nuestras mezclas y sorpr\u00e9ndete.\" \/>\n<meta name=\"robots\" content=\"index, follow, max-snippet:-1, max-image-preview:large, max-video-preview:-1\" \/>\n<link rel=\"canonical\" href=\"https:\/\/iberoo.com\/de\/produkt\/geriebener-kase-el-caserio\/\" \/>\n<meta property=\"og:locale\" content=\"de_DE\" \/>\n<meta property=\"og:type\" content=\"article\" \/>\n<meta property=\"og:title\" content=\"Queso Rallado El Caser\u00edo - Iberoo\" \/>\n<meta property=\"og:description\" content=\"Dale sabor a tus platos con Queso Rallado El Caser\u00edo, una garant\u00eda de calidad en cada bocado. Prueba nuestras mezclas y sorpr\u00e9ndete.\" \/>\n<meta property=\"og:url\" content=\"https:\/\/iberoo.com\/de\/produkt\/geriebener-kase-el-caserio\/\" \/>\n<meta property=\"og:site_name\" content=\"Iberoo\" \/>\n<meta property=\"article:modified_time\" content=\"2026-04-04T21:15:22+00:00\" \/>\n<meta property=\"og:image\" content=\"https:\/\/iberoo.com\/wp-content\/uploads\/2025\/11\/queso-rallado-el-caserio-1.jpg\" \/>\n\t<meta property=\"og:image:width\" content=\"1000\" \/>\n\t<meta property=\"og:image:height\" content=\"1000\" \/>\n\t<meta property=\"og:image:type\" content=\"image\/jpeg\" \/>\n<meta name=\"twitter:card\" content=\"summary_large_image\" \/>\n<meta name=\"twitter:label1\" content=\"Verf\u00fcgbarkeit\" \/>\n\t<meta name=\"twitter:data1\" content=\"Auf Lager\" \/>\n<script type=\"application\/ld+json\" class=\"yoast-schema-graph\">{\"@context\":\"https:\\\/\\\/schema.org\",\"@graph\":[{\"@type\":\"WebPage\",\"@id\":\"https:\\\/\\\/iberoo.com\\\/producto\\\/queso-rallado-el-caserio\\\/\",\"url\":\"https:\\\/\\\/iberoo.com\\\/producto\\\/queso-rallado-el-caserio\\\/\",\"name\":\"Queso Rallado El Caser\u00edo - Iberoo\",\"isPartOf\":{\"@id\":\"https:\\\/\\\/iberoo.com\\\/#website\"},\"primaryImageOfPage\":{\"@id\":\"https:\\\/\\\/iberoo.com\\\/producto\\\/queso-rallado-el-caserio\\\/#primaryimage\"},\"image\":{\"@id\":\"https:\\\/\\\/iberoo.com\\\/producto\\\/queso-rallado-el-caserio\\\/#primaryimage\"},\"thumbnailUrl\":\"https:\\\/\\\/iberoo.com\\\/wp-content\\\/uploads\\\/2025\\\/11\\\/queso-rallado-el-caserio-1.jpg\",\"datePublished\":\"2025-11-14T22:58:18+00:00\",\"dateModified\":\"2026-04-04T21:15:22+00:00\",\"description\":\"Dale sabor a tus platos con Queso Rallado El Caser\u00edo, una garant\u00eda de calidad en cada bocado. Prueba nuestras mezclas y sorpr\u00e9ndete.\",\"breadcrumb\":{\"@id\":\"https:\\\/\\\/iberoo.com\\\/producto\\\/queso-rallado-el-caserio\\\/#breadcrumb\"},\"inLanguage\":\"de\",\"potentialAction\":[{\"@type\":\"ReadAction\",\"target\":[\"https:\\\/\\\/iberoo.com\\\/producto\\\/queso-rallado-el-caserio\\\/\"]}]},{\"@type\":\"ImageObject\",\"inLanguage\":\"de\",\"@id\":\"https:\\\/\\\/iberoo.com\\\/producto\\\/queso-rallado-el-caserio\\\/#primaryimage\",\"url\":\"https:\\\/\\\/iberoo.com\\\/wp-content\\\/uploads\\\/2025\\\/11\\\/queso-rallado-el-caserio-1.jpg\",\"contentUrl\":\"https:\\\/\\\/iberoo.com\\\/wp-content\\\/uploads\\\/2025\\\/11\\\/queso-rallado-el-caserio-1.jpg\",\"width\":1000,\"height\":1000,\"caption\":\"Queso Rallado El Caser\u00edo\"},{\"@type\":\"BreadcrumbList\",\"@id\":\"https:\\\/\\\/iberoo.com\\\/producto\\\/queso-rallado-el-caserio\\\/#breadcrumb\",\"itemListElement\":[{\"@type\":\"ListItem\",\"position\":1,\"name\":\"Portada\",\"item\":\"https:\\\/\\\/iberoo.com\\\/\"},{\"@type\":\"ListItem\",\"position\":2,\"name\":\"Tienda Online\",\"item\":\"https:\\\/\\\/iberoo.com\\\/tienda\\\/\"},{\"@type\":\"ListItem\",\"position\":3,\"name\":\"Queso Rallado El Caser\u00edo\"}]},{\"@type\":\"WebSite\",\"@id\":\"https:\\\/\\\/iberoo.com\\\/#website\",\"url\":\"https:\\\/\\\/iberoo.com\\\/\",\"name\":\"Iberoo\",\"description\":\"\",\"publisher\":{\"@id\":\"https:\\\/\\\/iberoo.com\\\/#organization\"},\"potentialAction\":[{\"@type\":\"SearchAction\",\"target\":{\"@type\":\"EntryPoint\",\"urlTemplate\":\"https:\\\/\\\/iberoo.com\\\/?s={search_term_string}\"},\"query-input\":{\"@type\":\"PropertyValueSpecification\",\"valueRequired\":true,\"valueName\":\"search_term_string\"}}],\"inLanguage\":\"de\"},{\"@type\":\"Organization\",\"@id\":\"https:\\\/\\\/iberoo.com\\\/#organization\",\"name\":\"Iberoo\",\"url\":\"https:\\\/\\\/iberoo.com\\\/\",\"logo\":{\"@type\":\"ImageObject\",\"inLanguage\":\"de\",\"@id\":\"https:\\\/\\\/iberoo.com\\\/#\\\/schema\\\/logo\\\/image\\\/\",\"url\":\"https:\\\/\\\/iberoo.com\\\/wp-content\\\/uploads\\\/2025\\\/11\\\/logo-cuadrado.jpg\",\"contentUrl\":\"https:\\\/\\\/iberoo.com\\\/wp-content\\\/uploads\\\/2025\\\/11\\\/logo-cuadrado.jpg\",\"width\":700,\"height\":700,\"caption\":\"Iberoo\"},\"image\":{\"@id\":\"https:\\\/\\\/iberoo.com\\\/#\\\/schema\\\/logo\\\/image\\\/\"}}]}<\/script>\n<meta property=\"product:brand\" content=\"El Caser\u00edo\" \/>\n<meta property=\"og:availability\" content=\"instock\" \/>\n<meta property=\"product:availability\" content=\"instock\" \/>\n<meta property=\"product:condition\" content=\"new\" \/>\n<!-- \/ Yoast SEO plugin. -->","yoast_head_json":{"title":"Geriebener K\u00e4se El Caser\u00edo - Iberoo","description":"Verleihen Sie Ihren Gerichten mit geriebenem K\u00e4se von El Caser\u00edo das gewisse Etwas \u2013 Qualit\u00e4t in jedem Bissen. Probieren Sie unsere Mischungen und lassen Sie sich begeistern.","robots":{"index":"index","follow":"follow","max-snippet":"max-snippet:-1","max-image-preview":"max-image-preview:large","max-video-preview":"max-video-preview:-1"},"canonical":"https:\/\/iberoo.com\/de\/produkt\/geriebener-kase-el-caserio\/","og_locale":"de_DE","og_type":"article","og_title":"Queso Rallado El Caser\u00edo - Iberoo","og_description":"Dale sabor a tus platos con Queso Rallado El Caser\u00edo, una garant\u00eda de calidad en cada bocado. Prueba nuestras mezclas y sorpr\u00e9ndete.","og_url":"https:\/\/iberoo.com\/de\/produkt\/geriebener-kase-el-caserio\/","og_site_name":"Iberoo","article_modified_time":"2026-04-04T21:15:22+00:00","og_image":[{"width":1000,"height":1000,"url":"https:\/\/iberoo.com\/wp-content\/uploads\/2025\/11\/queso-rallado-el-caserio-1.jpg","type":"image\/jpeg"}],"twitter_card":"summary_large_image","twitter_misc":{"Verf\u00fcgbarkeit":"Auf Lager"},"schema":{"@context":"https:\/\/schema.org","@graph":[{"@type":"WebPage","@id":"https:\/\/iberoo.com\/producto\/queso-rallado-el-caserio\/","url":"https:\/\/iberoo.com\/producto\/queso-rallado-el-caserio\/","name":"Geriebener K\u00e4se El Caser\u00edo - Iberoo","isPartOf":{"@id":"https:\/\/iberoo.com\/#website"},"primaryImageOfPage":{"@id":"https:\/\/iberoo.com\/producto\/queso-rallado-el-caserio\/#primaryimage"},"image":{"@id":"https:\/\/iberoo.com\/producto\/queso-rallado-el-caserio\/#primaryimage"},"thumbnailUrl":"https:\/\/iberoo.com\/wp-content\/uploads\/2025\/11\/queso-rallado-el-caserio-1.jpg","datePublished":"2025-11-14T22:58:18+00:00","dateModified":"2026-04-04T21:15:22+00:00","description":"Verleihen Sie Ihren Gerichten mit geriebenem K\u00e4se von El Caser\u00edo das gewisse Etwas \u2013 Qualit\u00e4t in jedem Bissen. Probieren Sie unsere Mischungen und lassen Sie sich begeistern.","breadcrumb":{"@id":"https:\/\/iberoo.com\/producto\/queso-rallado-el-caserio\/#breadcrumb"},"inLanguage":"de","potentialAction":[{"@type":"ReadAction","target":["https:\/\/iberoo.com\/producto\/queso-rallado-el-caserio\/"]}]},{"@type":"ImageObject","inLanguage":"de","@id":"https:\/\/iberoo.com\/producto\/queso-rallado-el-caserio\/#primaryimage","url":"https:\/\/iberoo.com\/wp-content\/uploads\/2025\/11\/queso-rallado-el-caserio-1.jpg","contentUrl":"https:\/\/iberoo.com\/wp-content\/uploads\/2025\/11\/queso-rallado-el-caserio-1.jpg","width":1000,"height":1000,"caption":"Queso Rallado El Caser\u00edo"},{"@type":"BreadcrumbList","@id":"https:\/\/iberoo.com\/producto\/queso-rallado-el-caserio\/#breadcrumb","itemListElement":[{"@type":"ListItem","position":1,"name":"Portada","item":"https:\/\/iberoo.com\/"},{"@type":"ListItem","position":2,"name":"Tienda Online","item":"https:\/\/iberoo.com\/tienda\/"},{"@type":"ListItem","position":3,"name":"Queso Rallado El Caser\u00edo"}]},{"@type":"WebSite","@id":"https:\/\/iberoo.com\/#website","url":"https:\/\/iberoo.com\/","name":"Iberoo","description":"","publisher":{"@id":"https:\/\/iberoo.com\/#organization"},"potentialAction":[{"@type":"SearchAction","target":{"@type":"EntryPoint","urlTemplate":"https:\/\/iberoo.com\/?s={search_term_string}"},"query-input":{"@type":"PropertyValueSpecification","valueRequired":true,"valueName":"search_term_string"}}],"inLanguage":"de"},{"@type":"Organization","@id":"https:\/\/iberoo.com\/#organization","name":"Iberoo","url":"https:\/\/iberoo.com\/","logo":{"@type":"ImageObject","inLanguage":"de","@id":"https:\/\/iberoo.com\/#\/schema\/logo\/image\/","url":"https:\/\/iberoo.com\/wp-content\/uploads\/2025\/11\/logo-cuadrado.jpg","contentUrl":"https:\/\/iberoo.com\/wp-content\/uploads\/2025\/11\/logo-cuadrado.jpg","width":700,"height":700,"caption":"Iberoo"},"image":{"@id":"https:\/\/iberoo.com\/#\/schema\/logo\/image\/"}}]},"product_brand":"El Caser\u00edo","og_availability":"instock","product_availability":"instock","product_condition":"new"},"_links":{"self":[{"href":"https:\/\/iberoo.com\/de\/wp-json\/wp\/v2\/product\/1102","targetHints":{"allow":["GET"]}}],"collection":[{"href":"https:\/\/iberoo.com\/de\/wp-json\/wp\/v2\/product"}],"about":[{"href":"https:\/\/iberoo.com\/de\/wp-json\/wp\/v2\/types\/product"}],"replies":[{"embeddable":true,"href":"https:\/\/iberoo.com\/de\/wp-json\/wp\/v2\/comments?post=1102"}],"wp:featuredmedia":[{"embeddable":true,"href":"https:\/\/iberoo.com\/de\/wp-json\/wp\/v2\/media\/1118"}],"wp:attachment":[{"href":"https:\/\/iberoo.com\/de\/wp-json\/wp\/v2\/media?parent=1102"}],"wp:term":[{"taxonomy":"product_brand","embeddable":true,"href":"https:\/\/iberoo.com\/de\/wp-json\/wp\/v2\/product_brand?post=1102"},{"taxonomy":"product_cat","embeddable":true,"href":"https:\/\/iberoo.com\/de\/wp-json\/wp\/v2\/product_cat?post=1102"},{"taxonomy":"product_tag","embeddable":true,"href":"https:\/\/iberoo.com\/de\/wp-json\/wp\/v2\/product_tag?post=1102"}],"curies":[{"name":"wp","href":"https:\/\/api.w.org\/{rel}","templated":true}]}}