{"id":1732,"date":"2025-12-18T23:48:06","date_gmt":"2025-12-18T22:48:06","guid":{"rendered":"https:\/\/iberoo.com\/?post_type=product&#038;p=1732"},"modified":"2026-04-04T23:51:28","modified_gmt":"2026-04-04T21:51:28","slug":"puleva-milch","status":"publish","type":"product","link":"https:\/\/iberoo.com\/de\/produkt\/puleva-milch\/","title":{"rendered":"Puleva Milch"},"content":{"rendered":"<p>Puleva Milch mit Kalzium wird aus hochwertiger Milch hergestellt. Diese kalziumangereicherte Variante tr\u00e4gt zur normalen Erhaltung von Knochen und Z\u00e4hnen bei und ist f\u00fcr alle Lebensphasen geeignet.<\/p>\n<p>Puleva bietet diese mit Kalzium angereicherte Milch in drei Varianten an, um unterschiedlichen Bed\u00fcrfnissen und Vorlieben gerecht zu werden. Vollmilch beh\u00e4lt ihren nat\u00fcrlichen Geschmack und ihre Cremigkeit \u2013 ideal f\u00fcr alle, die eine reichhaltigere Konsistenz bevorzugen. Teilentrahmte Milch bietet ein ausgewogenes Verh\u00e4ltnis von Geschmack und Leichtigkeit, enth\u00e4lt etwas Fett bei reduziertem Kaloriengehalt. Magermilch ist eine noch leichtere Option und eignet sich perfekt f\u00fcr eine fettarme Ern\u00e4hrung, ohne dabei auf Kalzium und andere wichtige N\u00e4hrstoffe verzichten zu m\u00fcssen.<\/p>\n<p>Dank der praktischen Ein-Liter-Kartonverpackung l\u00e4sst es sich leicht aufbewahren und ist perfekt f\u00fcr den t\u00e4glichen Gebrauch zu Hause oder im B\u00fcro. Es schmeckt pur, zum Fr\u00fchst\u00fcck mit M\u00fcsli oder Kaffee oder in Smoothies, selbstgemachten Desserts und anderen gesunden Rezepten.<\/p>\n<p>Puleva Milch mit Kalziumzusatz zeichnet sich durch ihr Qualit\u00e4tsversprechen, ihren N\u00e4hrwert und die Vertrauensw\u00fcrdigkeit einer Marke mit langj\u00e4hriger Erfahrung in der Milchwirtschaft aus. Sie ist die ideale Wahl f\u00fcr alle, die sich einfach und nat\u00fcrlich ern\u00e4hren und ein vielseitiges Grundnahrungsmittel in ihren Alltag integrieren m\u00f6chten.<\/p>","protected":false},"excerpt":{"rendered":"<p>Puleva-Milch mit Kalzium in der 1-Liter-Packung ist die ideale Wahl f\u00fcr alle, die ihrer t\u00e4glichen Ern\u00e4hrung zus\u00e4tzliche essentielle N\u00e4hrstoffe zuf\u00fchren m\u00f6chten, ohne dabei auf Geschmack und Qualit\u00e4t verzichten zu m\u00fcssen.<\/p>","protected":false},"featured_media":1741,"comment_status":"closed","ping_status":"closed","template":"","meta":[],"product_brand":[142],"product_cat":[148],"product_tag":[],"class_list":{"0":"post-1732","1":"product","2":"type-product","3":"status-publish","4":"has-post-thumbnail","6":"product_brand-puleva","7":"product_cat-bebidas-y-lacteos","9":"first","10":"instock","11":"sale","12":"shipping-taxable","13":"purchasable","14":"product-type-variable"},"yoast_head":"<!-- This site is optimized with the Yoast SEO plugin v27.3 - https:\/\/yoast.com\/product\/yoast-seo-wordpress\/ -->\n<title>Leche Puleva - Iberoo<\/title>\n<meta name=\"description\" content=\"La leche con calcio Puleva es ideal para incorporar a tu dieta diaria un aporte extra de nutrientes esenciales sin renunciar al sabor y a la calidad.\" \/>\n<meta name=\"robots\" content=\"index, follow, max-snippet:-1, max-image-preview:large, max-video-preview:-1\" \/>\n<link rel=\"canonical\" href=\"https:\/\/iberoo.com\/de\/produkt\/puleva-milch\/\" \/>\n<meta property=\"og:locale\" content=\"de_DE\" \/>\n<meta property=\"og:type\" content=\"article\" \/>\n<meta property=\"og:title\" content=\"Leche Puleva - Iberoo\" \/>\n<meta property=\"og:description\" content=\"La leche con calcio Puleva es ideal para incorporar a tu dieta diaria un aporte extra de nutrientes esenciales sin renunciar al sabor y a la calidad.\" \/>\n<meta property=\"og:url\" content=\"https:\/\/iberoo.com\/de\/produkt\/puleva-milch\/\" \/>\n<meta property=\"og:site_name\" content=\"Iberoo\" \/>\n<meta property=\"article:modified_time\" content=\"2026-04-04T21:51:28+00:00\" \/>\n<meta property=\"og:image\" content=\"https:\/\/iberoo.com\/wp-content\/uploads\/2025\/12\/puleva-leche.jpg\" \/>\n\t<meta property=\"og:image:width\" content=\"800\" \/>\n\t<meta property=\"og:image:height\" content=\"800\" \/>\n\t<meta property=\"og:image:type\" content=\"image\/jpeg\" \/>\n<meta name=\"twitter:card\" content=\"summary_large_image\" \/>\n<meta name=\"twitter:label1\" content=\"Verf\u00fcgbarkeit\" \/>\n\t<meta name=\"twitter:data1\" content=\"Auf Lager\" \/>\n<script type=\"application\/ld+json\" class=\"yoast-schema-graph\">{\"@context\":\"https:\\\/\\\/schema.org\",\"@graph\":[{\"@type\":\"WebPage\",\"@id\":\"https:\\\/\\\/iberoo.com\\\/producto\\\/leche-puleva\\\/\",\"url\":\"https:\\\/\\\/iberoo.com\\\/producto\\\/leche-puleva\\\/\",\"name\":\"Leche Puleva - Iberoo\",\"isPartOf\":{\"@id\":\"https:\\\/\\\/iberoo.com\\\/#website\"},\"primaryImageOfPage\":{\"@id\":\"https:\\\/\\\/iberoo.com\\\/producto\\\/leche-puleva\\\/#primaryimage\"},\"image\":{\"@id\":\"https:\\\/\\\/iberoo.com\\\/producto\\\/leche-puleva\\\/#primaryimage\"},\"thumbnailUrl\":\"https:\\\/\\\/iberoo.com\\\/wp-content\\\/uploads\\\/2025\\\/12\\\/puleva-leche.jpg\",\"datePublished\":\"2025-12-18T22:48:06+00:00\",\"dateModified\":\"2026-04-04T21:51:28+00:00\",\"description\":\"La leche con calcio Puleva es ideal para incorporar a tu dieta diaria un aporte extra de nutrientes esenciales sin renunciar al sabor y a la calidad.\",\"breadcrumb\":{\"@id\":\"https:\\\/\\\/iberoo.com\\\/producto\\\/leche-puleva\\\/#breadcrumb\"},\"inLanguage\":\"de\",\"potentialAction\":[{\"@type\":\"ReadAction\",\"target\":[\"https:\\\/\\\/iberoo.com\\\/producto\\\/leche-puleva\\\/\"]}]},{\"@type\":\"ImageObject\",\"inLanguage\":\"de\",\"@id\":\"https:\\\/\\\/iberoo.com\\\/producto\\\/leche-puleva\\\/#primaryimage\",\"url\":\"https:\\\/\\\/iberoo.com\\\/wp-content\\\/uploads\\\/2025\\\/12\\\/puleva-leche.jpg\",\"contentUrl\":\"https:\\\/\\\/iberoo.com\\\/wp-content\\\/uploads\\\/2025\\\/12\\\/puleva-leche.jpg\",\"width\":800,\"height\":800,\"caption\":\"Leche Puleva\"},{\"@type\":\"BreadcrumbList\",\"@id\":\"https:\\\/\\\/iberoo.com\\\/producto\\\/leche-puleva\\\/#breadcrumb\",\"itemListElement\":[{\"@type\":\"ListItem\",\"position\":1,\"name\":\"Portada\",\"item\":\"https:\\\/\\\/iberoo.com\\\/\"},{\"@type\":\"ListItem\",\"position\":2,\"name\":\"Tienda Online\",\"item\":\"https:\\\/\\\/iberoo.com\\\/tienda\\\/\"},{\"@type\":\"ListItem\",\"position\":3,\"name\":\"Leche Puleva\"}]},{\"@type\":\"WebSite\",\"@id\":\"https:\\\/\\\/iberoo.com\\\/#website\",\"url\":\"https:\\\/\\\/iberoo.com\\\/\",\"name\":\"Iberoo\",\"description\":\"\",\"publisher\":{\"@id\":\"https:\\\/\\\/iberoo.com\\\/#organization\"},\"potentialAction\":[{\"@type\":\"SearchAction\",\"target\":{\"@type\":\"EntryPoint\",\"urlTemplate\":\"https:\\\/\\\/iberoo.com\\\/?s={search_term_string}\"},\"query-input\":{\"@type\":\"PropertyValueSpecification\",\"valueRequired\":true,\"valueName\":\"search_term_string\"}}],\"inLanguage\":\"de\"},{\"@type\":\"Organization\",\"@id\":\"https:\\\/\\\/iberoo.com\\\/#organization\",\"name\":\"Iberoo\",\"url\":\"https:\\\/\\\/iberoo.com\\\/\",\"logo\":{\"@type\":\"ImageObject\",\"inLanguage\":\"de\",\"@id\":\"https:\\\/\\\/iberoo.com\\\/#\\\/schema\\\/logo\\\/image\\\/\",\"url\":\"https:\\\/\\\/iberoo.com\\\/wp-content\\\/uploads\\\/2025\\\/11\\\/logo-cuadrado.jpg\",\"contentUrl\":\"https:\\\/\\\/iberoo.com\\\/wp-content\\\/uploads\\\/2025\\\/11\\\/logo-cuadrado.jpg\",\"width\":700,\"height\":700,\"caption\":\"Iberoo\"},\"image\":{\"@id\":\"https:\\\/\\\/iberoo.com\\\/#\\\/schema\\\/logo\\\/image\\\/\"}}]}<\/script>\n<meta property=\"product:brand\" content=\"Puleva\" \/>\n<meta property=\"og:availability\" content=\"instock\" \/>\n<meta property=\"product:availability\" content=\"instock\" \/>\n<meta property=\"product:condition\" content=\"new\" \/>\n<!-- \/ Yoast SEO plugin. -->","yoast_head_json":{"title":"Puleva Milch","description":"Puleva-Milch mit Kalzium ist ideal, um Ihrer t\u00e4glichen Ern\u00e4hrung eine zus\u00e4tzliche Menge an essentiellen N\u00e4hrstoffen hinzuzuf\u00fcgen, ohne dabei auf Geschmack und Qualit\u00e4t verzichten zu m\u00fcssen.","robots":{"index":"index","follow":"follow","max-snippet":"max-snippet:-1","max-image-preview":"max-image-preview:large","max-video-preview":"max-video-preview:-1"},"canonical":"https:\/\/iberoo.com\/de\/produkt\/puleva-milch\/","og_locale":"de_DE","og_type":"article","og_title":"Leche Puleva - Iberoo","og_description":"La leche con calcio Puleva es ideal para incorporar a tu dieta diaria un aporte extra de nutrientes esenciales sin renunciar al sabor y a la calidad.","og_url":"https:\/\/iberoo.com\/de\/produkt\/puleva-milch\/","og_site_name":"Iberoo","article_modified_time":"2026-04-04T21:51:28+00:00","og_image":[{"width":800,"height":800,"url":"https:\/\/iberoo.com\/wp-content\/uploads\/2025\/12\/puleva-leche.jpg","type":"image\/jpeg"}],"twitter_card":"summary_large_image","twitter_misc":{"Verf\u00fcgbarkeit":"Auf Lager"},"schema":{"@context":"https:\/\/schema.org","@graph":[{"@type":"WebPage","@id":"https:\/\/iberoo.com\/producto\/leche-puleva\/","url":"https:\/\/iberoo.com\/producto\/leche-puleva\/","name":"Puleva Milch","isPartOf":{"@id":"https:\/\/iberoo.com\/#website"},"primaryImageOfPage":{"@id":"https:\/\/iberoo.com\/producto\/leche-puleva\/#primaryimage"},"image":{"@id":"https:\/\/iberoo.com\/producto\/leche-puleva\/#primaryimage"},"thumbnailUrl":"https:\/\/iberoo.com\/wp-content\/uploads\/2025\/12\/puleva-leche.jpg","datePublished":"2025-12-18T22:48:06+00:00","dateModified":"2026-04-04T21:51:28+00:00","description":"Puleva-Milch mit Kalzium ist ideal, um Ihrer t\u00e4glichen Ern\u00e4hrung eine zus\u00e4tzliche Menge an essentiellen N\u00e4hrstoffen hinzuzuf\u00fcgen, ohne dabei auf Geschmack und Qualit\u00e4t verzichten zu m\u00fcssen.","breadcrumb":{"@id":"https:\/\/iberoo.com\/producto\/leche-puleva\/#breadcrumb"},"inLanguage":"de","potentialAction":[{"@type":"ReadAction","target":["https:\/\/iberoo.com\/producto\/leche-puleva\/"]}]},{"@type":"ImageObject","inLanguage":"de","@id":"https:\/\/iberoo.com\/producto\/leche-puleva\/#primaryimage","url":"https:\/\/iberoo.com\/wp-content\/uploads\/2025\/12\/puleva-leche.jpg","contentUrl":"https:\/\/iberoo.com\/wp-content\/uploads\/2025\/12\/puleva-leche.jpg","width":800,"height":800,"caption":"Leche Puleva"},{"@type":"BreadcrumbList","@id":"https:\/\/iberoo.com\/producto\/leche-puleva\/#breadcrumb","itemListElement":[{"@type":"ListItem","position":1,"name":"Portada","item":"https:\/\/iberoo.com\/"},{"@type":"ListItem","position":2,"name":"Tienda Online","item":"https:\/\/iberoo.com\/tienda\/"},{"@type":"ListItem","position":3,"name":"Leche Puleva"}]},{"@type":"WebSite","@id":"https:\/\/iberoo.com\/#website","url":"https:\/\/iberoo.com\/","name":"Iberoo","description":"","publisher":{"@id":"https:\/\/iberoo.com\/#organization"},"potentialAction":[{"@type":"SearchAction","target":{"@type":"EntryPoint","urlTemplate":"https:\/\/iberoo.com\/?s={search_term_string}"},"query-input":{"@type":"PropertyValueSpecification","valueRequired":true,"valueName":"search_term_string"}}],"inLanguage":"de"},{"@type":"Organization","@id":"https:\/\/iberoo.com\/#organization","name":"Iberoo","url":"https:\/\/iberoo.com\/","logo":{"@type":"ImageObject","inLanguage":"de","@id":"https:\/\/iberoo.com\/#\/schema\/logo\/image\/","url":"https:\/\/iberoo.com\/wp-content\/uploads\/2025\/11\/logo-cuadrado.jpg","contentUrl":"https:\/\/iberoo.com\/wp-content\/uploads\/2025\/11\/logo-cuadrado.jpg","width":700,"height":700,"caption":"Iberoo"},"image":{"@id":"https:\/\/iberoo.com\/#\/schema\/logo\/image\/"}}]},"product_brand":"Puleva","og_availability":"instock","product_availability":"instock","product_condition":"new"},"_links":{"self":[{"href":"https:\/\/iberoo.com\/de\/wp-json\/wp\/v2\/product\/1732","targetHints":{"allow":["GET"]}}],"collection":[{"href":"https:\/\/iberoo.com\/de\/wp-json\/wp\/v2\/product"}],"about":[{"href":"https:\/\/iberoo.com\/de\/wp-json\/wp\/v2\/types\/product"}],"replies":[{"embeddable":true,"href":"https:\/\/iberoo.com\/de\/wp-json\/wp\/v2\/comments?post=1732"}],"wp:featuredmedia":[{"embeddable":true,"href":"https:\/\/iberoo.com\/de\/wp-json\/wp\/v2\/media\/1741"}],"wp:attachment":[{"href":"https:\/\/iberoo.com\/de\/wp-json\/wp\/v2\/media?parent=1732"}],"wp:term":[{"taxonomy":"product_brand","embeddable":true,"href":"https:\/\/iberoo.com\/de\/wp-json\/wp\/v2\/product_brand?post=1732"},{"taxonomy":"product_cat","embeddable":true,"href":"https:\/\/iberoo.com\/de\/wp-json\/wp\/v2\/product_cat?post=1732"},{"taxonomy":"product_tag","embeddable":true,"href":"https:\/\/iberoo.com\/de\/wp-json\/wp\/v2\/product_tag?post=1732"}],"curies":[{"name":"wp","href":"https:\/\/api.w.org\/{rel}","templated":true}]}}