{"id":1745,"date":"2025-12-19T01:03:25","date_gmt":"2025-12-19T00:03:25","guid":{"rendered":"https:\/\/iberoo.com\/?post_type=product&#038;p=1745"},"modified":"2026-04-04T23:51:19","modified_gmt":"2026-04-04T21:51:19","slug":"puleva-omega-3-magermilchgetrank","status":"publish","type":"product","link":"https:\/\/iberoo.com\/de\/produkt\/puleva-omega-3-magermilchgetrank\/","title":{"rendered":"Puleva Omega 3 Magermilchgetr\u00e4nk"},"content":{"rendered":"<p>Pulevas Magermilchgetr\u00e4nk mit Omega 3 wird aus Magermilch hergestellt. Dieses Getr\u00e4nk vereint ein ausgewogenes N\u00e4hrstoffprofil mit dem Beitrag von Omega-3-Fetts\u00e4uren, die bekanntlich zu einer abwechslungsreichen und gesunden Ern\u00e4hrung beitragen.<\/p>\n<p>Puleva bietet Konsumenten eine Vielzahl an Optionen f\u00fcr unterschiedliche Bed\u00fcrfnisse und Geschm\u00e4cker. Das Magermilchgetr\u00e4nk mit Omega-3-Fetts\u00e4uren eignet sich ideal f\u00fcr den t\u00e4glichen Genuss und \u00fcberzeugt durch seinen milden und angenehmen Geschmack. Die laktosefreie Variante ist f\u00fcr Menschen mit Laktoseintoleranz oder f\u00fcr diejenigen gedacht, die eine leichtere Verdauung bevorzugen, ohne dabei auf die wertvollen N\u00e4hrstoffe zu verzichten. Das Magermilchgetr\u00e4nk mit Omega-3-Fetts\u00e4uren und Waln\u00fcssen bietet einen unverwechselbaren und nat\u00fcrlichen Geschmack und sorgt so f\u00fcr ein besonderes Geschmackserlebnis, ohne dabei auf die Vorteile von Omega-3-Fetts\u00e4uren zu verzichten.<\/p>\n<p>Dank der praktischen Ein-Liter-Flasche l\u00e4sst es sich leicht aufbewahren und zu jeder Tageszeit genie\u00dfen \u2013 pur, zum Fr\u00fchst\u00fcck, im Kaffee oder als Basis f\u00fcr Smoothies und leichte Gerichte. Da es fettfrei ist, eignet es sich ideal f\u00fcr fettarme Ern\u00e4hrungsweisen, die eine ausgewogene N\u00e4hrstoffzufuhr anstreben.<\/p>\n<p>Pulevas Magermilchgetr\u00e4nk mit Omega-3-Fetts\u00e4uren unterstreicht das Engagement der Marke f\u00fcr Innovation, Qualit\u00e4t und die Entwicklung von Produkten f\u00fcr das t\u00e4gliche Wohlbefinden. Es ist eine vielseitige und praktische Option f\u00fcr alle, die gesunde Gewohnheiten einfach und dauerhaft in ihren Alltag integrieren m\u00f6chten.<\/p>","protected":false},"excerpt":{"rendered":"<p>Puleva Magermilchgetr\u00e4nk mit Omega 3 in der 1-Liter-Packung ist eine hervorragende Alternative f\u00fcr alle, die auf ihre t\u00e4gliche Ern\u00e4hrung achten und funktionelle N\u00e4hrstoffe ohne unn\u00f6tige Fette zu sich nehmen m\u00f6chten.<\/p>","protected":false},"featured_media":1746,"comment_status":"closed","ping_status":"closed","template":"","meta":[],"product_brand":[142],"product_cat":[148],"product_tag":[],"class_list":{"0":"post-1745","1":"product","2":"type-product","3":"status-publish","4":"has-post-thumbnail","6":"product_brand-puleva","7":"product_cat-bebidas-y-lacteos","9":"first","10":"instock","11":"shipping-taxable","12":"purchasable","13":"product-type-variable"},"yoast_head":"<!-- This site is optimized with the Yoast SEO plugin v27.3 - https:\/\/yoast.com\/product\/yoast-seo-wordpress\/ -->\n<title>Bebida L\u00e1ctea Desnatada Omega 3 Puleva - Iberoo<\/title>\n<meta name=\"description\" content=\"La bebida l\u00e1ctea desnatada con Omega 3 Puleva es una gran alternativa para cuidar tu alimentaci\u00f3n incorporando nutrientes sin a\u00f1adir grasas innecesarias.\" \/>\n<meta name=\"robots\" content=\"index, follow, max-snippet:-1, max-image-preview:large, max-video-preview:-1\" \/>\n<link rel=\"canonical\" href=\"https:\/\/iberoo.com\/de\/produkt\/puleva-omega-3-magermilchgetrank\/\" \/>\n<meta property=\"og:locale\" content=\"de_DE\" \/>\n<meta property=\"og:type\" content=\"article\" \/>\n<meta property=\"og:title\" content=\"Bebida L\u00e1ctea Desnatada Omega 3 Puleva - Iberoo\" \/>\n<meta property=\"og:description\" content=\"La bebida l\u00e1ctea desnatada con Omega 3 Puleva es una gran alternativa para cuidar tu alimentaci\u00f3n incorporando nutrientes sin a\u00f1adir grasas innecesarias.\" \/>\n<meta property=\"og:url\" content=\"https:\/\/iberoo.com\/de\/produkt\/puleva-omega-3-magermilchgetrank\/\" \/>\n<meta property=\"og:site_name\" content=\"Iberoo\" \/>\n<meta property=\"article:modified_time\" content=\"2026-04-04T21:51:19+00:00\" \/>\n<meta property=\"og:image\" content=\"https:\/\/iberoo.com\/wp-content\/uploads\/2025\/12\/puleva-bebidas-lacteas-desnatadas-omega3.jpg\" \/>\n\t<meta property=\"og:image:width\" content=\"800\" \/>\n\t<meta property=\"og:image:height\" content=\"800\" \/>\n\t<meta property=\"og:image:type\" content=\"image\/jpeg\" \/>\n<meta name=\"twitter:card\" content=\"summary_large_image\" \/>\n<meta name=\"twitter:label1\" content=\"Verf\u00fcgbarkeit\" \/>\n\t<meta name=\"twitter:data1\" content=\"Auf Lager\" \/>\n<script type=\"application\/ld+json\" class=\"yoast-schema-graph\">{\"@context\":\"https:\\\/\\\/schema.org\",\"@graph\":[{\"@type\":\"WebPage\",\"@id\":\"https:\\\/\\\/iberoo.com\\\/producto\\\/bebida-lactea-desnatada-omega-3-puleva\\\/\",\"url\":\"https:\\\/\\\/iberoo.com\\\/producto\\\/bebida-lactea-desnatada-omega-3-puleva\\\/\",\"name\":\"Bebida L\u00e1ctea Desnatada Omega 3 Puleva - Iberoo\",\"isPartOf\":{\"@id\":\"https:\\\/\\\/iberoo.com\\\/#website\"},\"primaryImageOfPage\":{\"@id\":\"https:\\\/\\\/iberoo.com\\\/producto\\\/bebida-lactea-desnatada-omega-3-puleva\\\/#primaryimage\"},\"image\":{\"@id\":\"https:\\\/\\\/iberoo.com\\\/producto\\\/bebida-lactea-desnatada-omega-3-puleva\\\/#primaryimage\"},\"thumbnailUrl\":\"https:\\\/\\\/iberoo.com\\\/wp-content\\\/uploads\\\/2025\\\/12\\\/puleva-bebidas-lacteas-desnatadas-omega3.jpg\",\"datePublished\":\"2025-12-19T00:03:25+00:00\",\"dateModified\":\"2026-04-04T21:51:19+00:00\",\"description\":\"La bebida l\u00e1ctea desnatada con Omega 3 Puleva es una gran alternativa para cuidar tu alimentaci\u00f3n incorporando nutrientes sin a\u00f1adir grasas innecesarias.\",\"breadcrumb\":{\"@id\":\"https:\\\/\\\/iberoo.com\\\/producto\\\/bebida-lactea-desnatada-omega-3-puleva\\\/#breadcrumb\"},\"inLanguage\":\"de\",\"potentialAction\":[{\"@type\":\"ReadAction\",\"target\":[\"https:\\\/\\\/iberoo.com\\\/producto\\\/bebida-lactea-desnatada-omega-3-puleva\\\/\"]}]},{\"@type\":\"ImageObject\",\"inLanguage\":\"de\",\"@id\":\"https:\\\/\\\/iberoo.com\\\/producto\\\/bebida-lactea-desnatada-omega-3-puleva\\\/#primaryimage\",\"url\":\"https:\\\/\\\/iberoo.com\\\/wp-content\\\/uploads\\\/2025\\\/12\\\/puleva-bebidas-lacteas-desnatadas-omega3.jpg\",\"contentUrl\":\"https:\\\/\\\/iberoo.com\\\/wp-content\\\/uploads\\\/2025\\\/12\\\/puleva-bebidas-lacteas-desnatadas-omega3.jpg\",\"width\":800,\"height\":800,\"caption\":\"Bebida L\u00e1ctea Desnatada Omega 3 Puleva\"},{\"@type\":\"BreadcrumbList\",\"@id\":\"https:\\\/\\\/iberoo.com\\\/producto\\\/bebida-lactea-desnatada-omega-3-puleva\\\/#breadcrumb\",\"itemListElement\":[{\"@type\":\"ListItem\",\"position\":1,\"name\":\"Portada\",\"item\":\"https:\\\/\\\/iberoo.com\\\/\"},{\"@type\":\"ListItem\",\"position\":2,\"name\":\"Tienda Online\",\"item\":\"https:\\\/\\\/iberoo.com\\\/tienda\\\/\"},{\"@type\":\"ListItem\",\"position\":3,\"name\":\"Bebida L\u00e1ctea Desnatada Omega 3 Puleva\"}]},{\"@type\":\"WebSite\",\"@id\":\"https:\\\/\\\/iberoo.com\\\/#website\",\"url\":\"https:\\\/\\\/iberoo.com\\\/\",\"name\":\"Iberoo\",\"description\":\"\",\"publisher\":{\"@id\":\"https:\\\/\\\/iberoo.com\\\/#organization\"},\"potentialAction\":[{\"@type\":\"SearchAction\",\"target\":{\"@type\":\"EntryPoint\",\"urlTemplate\":\"https:\\\/\\\/iberoo.com\\\/?s={search_term_string}\"},\"query-input\":{\"@type\":\"PropertyValueSpecification\",\"valueRequired\":true,\"valueName\":\"search_term_string\"}}],\"inLanguage\":\"de\"},{\"@type\":\"Organization\",\"@id\":\"https:\\\/\\\/iberoo.com\\\/#organization\",\"name\":\"Iberoo\",\"url\":\"https:\\\/\\\/iberoo.com\\\/\",\"logo\":{\"@type\":\"ImageObject\",\"inLanguage\":\"de\",\"@id\":\"https:\\\/\\\/iberoo.com\\\/#\\\/schema\\\/logo\\\/image\\\/\",\"url\":\"https:\\\/\\\/iberoo.com\\\/wp-content\\\/uploads\\\/2025\\\/11\\\/logo-cuadrado.jpg\",\"contentUrl\":\"https:\\\/\\\/iberoo.com\\\/wp-content\\\/uploads\\\/2025\\\/11\\\/logo-cuadrado.jpg\",\"width\":700,\"height\":700,\"caption\":\"Iberoo\"},\"image\":{\"@id\":\"https:\\\/\\\/iberoo.com\\\/#\\\/schema\\\/logo\\\/image\\\/\"}}]}<\/script>\n<meta property=\"product:brand\" content=\"Puleva\" \/>\n<meta property=\"og:availability\" content=\"instock\" \/>\n<meta property=\"product:availability\" content=\"instock\" \/>\n<meta property=\"product:condition\" content=\"new\" \/>\n<!-- \/ Yoast SEO plugin. -->","yoast_head_json":{"title":"Puleva Omega 3 Magermilchgetr\u00e4nk - Iberoo","description":"Puleva Magermilchgetr\u00e4nk mit Omega 3 ist eine hervorragende Alternative, um Ihre Ern\u00e4hrung zu erg\u00e4nzen, indem es N\u00e4hrstoffe zuf\u00fchrt, ohne unn\u00f6tige Fette hinzuzuf\u00fcgen.","robots":{"index":"index","follow":"follow","max-snippet":"max-snippet:-1","max-image-preview":"max-image-preview:large","max-video-preview":"max-video-preview:-1"},"canonical":"https:\/\/iberoo.com\/de\/produkt\/puleva-omega-3-magermilchgetrank\/","og_locale":"de_DE","og_type":"article","og_title":"Bebida L\u00e1ctea Desnatada Omega 3 Puleva - Iberoo","og_description":"La bebida l\u00e1ctea desnatada con Omega 3 Puleva es una gran alternativa para cuidar tu alimentaci\u00f3n incorporando nutrientes sin a\u00f1adir grasas innecesarias.","og_url":"https:\/\/iberoo.com\/de\/produkt\/puleva-omega-3-magermilchgetrank\/","og_site_name":"Iberoo","article_modified_time":"2026-04-04T21:51:19+00:00","og_image":[{"width":800,"height":800,"url":"https:\/\/iberoo.com\/wp-content\/uploads\/2025\/12\/puleva-bebidas-lacteas-desnatadas-omega3.jpg","type":"image\/jpeg"}],"twitter_card":"summary_large_image","twitter_misc":{"Verf\u00fcgbarkeit":"Auf Lager"},"schema":{"@context":"https:\/\/schema.org","@graph":[{"@type":"WebPage","@id":"https:\/\/iberoo.com\/producto\/bebida-lactea-desnatada-omega-3-puleva\/","url":"https:\/\/iberoo.com\/producto\/bebida-lactea-desnatada-omega-3-puleva\/","name":"Puleva Omega 3 Magermilchgetr\u00e4nk - Iberoo","isPartOf":{"@id":"https:\/\/iberoo.com\/#website"},"primaryImageOfPage":{"@id":"https:\/\/iberoo.com\/producto\/bebida-lactea-desnatada-omega-3-puleva\/#primaryimage"},"image":{"@id":"https:\/\/iberoo.com\/producto\/bebida-lactea-desnatada-omega-3-puleva\/#primaryimage"},"thumbnailUrl":"https:\/\/iberoo.com\/wp-content\/uploads\/2025\/12\/puleva-bebidas-lacteas-desnatadas-omega3.jpg","datePublished":"2025-12-19T00:03:25+00:00","dateModified":"2026-04-04T21:51:19+00:00","description":"Puleva Magermilchgetr\u00e4nk mit Omega 3 ist eine hervorragende Alternative, um Ihre Ern\u00e4hrung zu erg\u00e4nzen, indem es N\u00e4hrstoffe zuf\u00fchrt, ohne unn\u00f6tige Fette hinzuzuf\u00fcgen.","breadcrumb":{"@id":"https:\/\/iberoo.com\/producto\/bebida-lactea-desnatada-omega-3-puleva\/#breadcrumb"},"inLanguage":"de","potentialAction":[{"@type":"ReadAction","target":["https:\/\/iberoo.com\/producto\/bebida-lactea-desnatada-omega-3-puleva\/"]}]},{"@type":"ImageObject","inLanguage":"de","@id":"https:\/\/iberoo.com\/producto\/bebida-lactea-desnatada-omega-3-puleva\/#primaryimage","url":"https:\/\/iberoo.com\/wp-content\/uploads\/2025\/12\/puleva-bebidas-lacteas-desnatadas-omega3.jpg","contentUrl":"https:\/\/iberoo.com\/wp-content\/uploads\/2025\/12\/puleva-bebidas-lacteas-desnatadas-omega3.jpg","width":800,"height":800,"caption":"Bebida L\u00e1ctea Desnatada Omega 3 Puleva"},{"@type":"BreadcrumbList","@id":"https:\/\/iberoo.com\/producto\/bebida-lactea-desnatada-omega-3-puleva\/#breadcrumb","itemListElement":[{"@type":"ListItem","position":1,"name":"Portada","item":"https:\/\/iberoo.com\/"},{"@type":"ListItem","position":2,"name":"Tienda Online","item":"https:\/\/iberoo.com\/tienda\/"},{"@type":"ListItem","position":3,"name":"Bebida L\u00e1ctea Desnatada Omega 3 Puleva"}]},{"@type":"WebSite","@id":"https:\/\/iberoo.com\/#website","url":"https:\/\/iberoo.com\/","name":"Iberoo","description":"","publisher":{"@id":"https:\/\/iberoo.com\/#organization"},"potentialAction":[{"@type":"SearchAction","target":{"@type":"EntryPoint","urlTemplate":"https:\/\/iberoo.com\/?s={search_term_string}"},"query-input":{"@type":"PropertyValueSpecification","valueRequired":true,"valueName":"search_term_string"}}],"inLanguage":"de"},{"@type":"Organization","@id":"https:\/\/iberoo.com\/#organization","name":"Iberoo","url":"https:\/\/iberoo.com\/","logo":{"@type":"ImageObject","inLanguage":"de","@id":"https:\/\/iberoo.com\/#\/schema\/logo\/image\/","url":"https:\/\/iberoo.com\/wp-content\/uploads\/2025\/11\/logo-cuadrado.jpg","contentUrl":"https:\/\/iberoo.com\/wp-content\/uploads\/2025\/11\/logo-cuadrado.jpg","width":700,"height":700,"caption":"Iberoo"},"image":{"@id":"https:\/\/iberoo.com\/#\/schema\/logo\/image\/"}}]},"product_brand":"Puleva","og_availability":"instock","product_availability":"instock","product_condition":"new"},"_links":{"self":[{"href":"https:\/\/iberoo.com\/de\/wp-json\/wp\/v2\/product\/1745","targetHints":{"allow":["GET"]}}],"collection":[{"href":"https:\/\/iberoo.com\/de\/wp-json\/wp\/v2\/product"}],"about":[{"href":"https:\/\/iberoo.com\/de\/wp-json\/wp\/v2\/types\/product"}],"replies":[{"embeddable":true,"href":"https:\/\/iberoo.com\/de\/wp-json\/wp\/v2\/comments?post=1745"}],"wp:featuredmedia":[{"embeddable":true,"href":"https:\/\/iberoo.com\/de\/wp-json\/wp\/v2\/media\/1746"}],"wp:attachment":[{"href":"https:\/\/iberoo.com\/de\/wp-json\/wp\/v2\/media?parent=1745"}],"wp:term":[{"taxonomy":"product_brand","embeddable":true,"href":"https:\/\/iberoo.com\/de\/wp-json\/wp\/v2\/product_brand?post=1745"},{"taxonomy":"product_cat","embeddable":true,"href":"https:\/\/iberoo.com\/de\/wp-json\/wp\/v2\/product_cat?post=1745"},{"taxonomy":"product_tag","embeddable":true,"href":"https:\/\/iberoo.com\/de\/wp-json\/wp\/v2\/product_tag?post=1745"}],"curies":[{"name":"wp","href":"https:\/\/api.w.org\/{rel}","templated":true}]}}