{"id":1889,"date":"2025-12-21T11:49:59","date_gmt":"2025-12-21T10:49:59","guid":{"rendered":"https:\/\/iberoo.com\/?post_type=product&#038;p=1889"},"modified":"2026-04-05T03:30:11","modified_gmt":"2026-04-05T01:30:11","slug":"campofrio-hahnchenbrustfilets-aus-dem-ofen","status":"publish","type":"product","link":"https:\/\/iberoo.com\/de\/produkt\/campofrio-hahnchenbrustfilets-aus-dem-ofen\/","title":{"rendered":"Campofr\u00edo H\u00e4hnchenbrustfilets aus dem Ofen"},"content":{"rendered":"<p>Die zu 99 % aus Fleisch bestehenden, im Ofen gebratenen H\u00e4hnchenbrustfilets von Campofr\u00edo NaturArte basieren auf einem einfachen Rezept, bei dem das H\u00e4hnchenfleisch und sein nat\u00fcrlicher Geschmack im Vordergrund stehen. Durch das Braten im Ofen erhalten sie eine zarte und saftige Textur mit einem hausgemachten Touch, der an eine ruhige K\u00fcche ohne \u00dcbertreibungen erinnert.<\/p>\n<p>Durch ihre kleine Portionsgr\u00f6\u00dfe sind sie besonders praktisch f\u00fcr den Alltag. Sie lassen sich leicht in schnelle Mahlzeiten integrieren, sei es in einem lauwarmen Salat, in einem Gem\u00fcsesaut\u00e9, in einem Wrap oder als Grundlage f\u00fcr ein leichtes Gericht. Sie eignen sich auch sehr gut als Option f\u00fcr die Arbeit oder als schnelle Mahlzeit, wenn die Zeit dr\u00e4ngt. Sie m\u00fcssen nicht vorher zubereitet werden, einfach nur die Verpackung \u00f6ffnen und genie\u00dfen.<\/p>\n<p>Die 90-Gramm-Packungen sind f\u00fcr einen bequemen und kontrollierten Verzehr konzipiert, vermeiden Verschwendung und erm\u00f6glichen eine bessere Organisation der Mahlzeiten f\u00fcr die Woche. Das Format eignet sich sowohl f\u00fcr eine Einzelportion als auch zum Kombinieren mit anderen Zutaten, je nach Appetit oder Tageszeit.<\/p>\n<p>Die Produktreihe NaturArte von Campofr\u00edo setzt auf klare Rezepte mit erkennbaren Zutaten und Verfahren, die das Produkt schonen. Diese H\u00e4hnchenbrustfilets spiegeln diese Philosophie wider: eine praktische, leichte und vielseitige Option f\u00fcr alle, die bei ihrer t\u00e4glichen Ern\u00e4hrung Wert auf Qualit\u00e4t, Einfachheit und Komfort legen. Ein ehrliches, funktionales Produkt, das sich zu jeder Gelegenheit genie\u00dfen l\u00e4sst.<\/p>","protected":false},"excerpt":{"rendered":"<p>Die im Ofen gebackenen H\u00e4hnchenbrustfilets von Campofr\u00edo NaturArte in einer 90-g-Packung sind f\u00fcr alle gedacht, die sich gut ern\u00e4hren m\u00f6chten, ohne sich das Leben schwer zu machen.<\/p>","protected":false},"featured_media":1890,"comment_status":"closed","ping_status":"closed","template":"","meta":[],"product_brand":[107],"product_cat":[233],"product_tag":[],"class_list":{"0":"post-1889","1":"product","2":"type-product","3":"status-publish","4":"has-post-thumbnail","6":"product_brand-campofrio","7":"product_cat-embutidos-espanoles","9":"first","10":"instock","11":"shipping-taxable","12":"purchasable","13":"product-type-simple"},"yoast_head":"<!-- This site is optimized with the Yoast SEO plugin v27.3 - https:\/\/yoast.com\/product\/yoast-seo-wordpress\/ -->\n<title>Pechuguitas de Pollo Asadas al Horno Campofr\u00edo - Iberoo<\/title>\n<meta name=\"description\" content=\"Las pechuguitas de pollo asadas al horno Campofr\u00edo NaturArte est\u00e1n pensadas para quienes buscan comer bien sin complicarse la vida.\" \/>\n<meta name=\"robots\" content=\"index, follow, max-snippet:-1, max-image-preview:large, max-video-preview:-1\" \/>\n<link rel=\"canonical\" href=\"https:\/\/iberoo.com\/de\/produkt\/campofrio-hahnchenbrustfilets-aus-dem-ofen\/\" \/>\n<meta property=\"og:locale\" content=\"de_DE\" \/>\n<meta property=\"og:type\" content=\"article\" \/>\n<meta property=\"og:title\" content=\"Pechuguitas de Pollo Asadas al Horno Campofr\u00edo - Iberoo\" \/>\n<meta property=\"og:description\" content=\"Las pechuguitas de pollo asadas al horno Campofr\u00edo NaturArte est\u00e1n pensadas para quienes buscan comer bien sin complicarse la vida.\" \/>\n<meta property=\"og:url\" content=\"https:\/\/iberoo.com\/de\/produkt\/campofrio-hahnchenbrustfilets-aus-dem-ofen\/\" \/>\n<meta property=\"og:site_name\" content=\"Iberoo\" \/>\n<meta property=\"article:modified_time\" content=\"2026-04-05T01:30:11+00:00\" \/>\n<meta property=\"og:image\" content=\"https:\/\/iberoo.com\/wp-content\/uploads\/2025\/12\/campofrio-pechuguitas-pollo.jpg\" \/>\n\t<meta property=\"og:image:width\" content=\"1200\" \/>\n\t<meta property=\"og:image:height\" content=\"1200\" \/>\n\t<meta property=\"og:image:type\" content=\"image\/jpeg\" \/>\n<meta name=\"twitter:card\" content=\"summary_large_image\" \/>\n<meta name=\"twitter:label1\" content=\"Preis\" \/>\n\t<meta name=\"twitter:data1\" content=\"3,00&nbsp;&euro;\" \/>\n\t<meta name=\"twitter:label2\" content=\"Verf\u00fcgbarkeit\" \/>\n\t<meta name=\"twitter:data2\" content=\"Auf Lager\" \/>\n<script type=\"application\/ld+json\" class=\"yoast-schema-graph\">{\"@context\":\"https:\\\/\\\/schema.org\",\"@graph\":[{\"@type\":\"WebPage\",\"@id\":\"https:\\\/\\\/iberoo.com\\\/producto\\\/pechuguitas-de-pollo-asadas-al-horno-campofrio\\\/\",\"url\":\"https:\\\/\\\/iberoo.com\\\/producto\\\/pechuguitas-de-pollo-asadas-al-horno-campofrio\\\/\",\"name\":\"Pechuguitas de Pollo Asadas al Horno Campofr\u00edo - Iberoo\",\"isPartOf\":{\"@id\":\"https:\\\/\\\/iberoo.com\\\/#website\"},\"primaryImageOfPage\":{\"@id\":\"https:\\\/\\\/iberoo.com\\\/producto\\\/pechuguitas-de-pollo-asadas-al-horno-campofrio\\\/#primaryimage\"},\"image\":{\"@id\":\"https:\\\/\\\/iberoo.com\\\/producto\\\/pechuguitas-de-pollo-asadas-al-horno-campofrio\\\/#primaryimage\"},\"thumbnailUrl\":\"https:\\\/\\\/iberoo.com\\\/wp-content\\\/uploads\\\/2025\\\/12\\\/campofrio-pechuguitas-pollo.jpg\",\"datePublished\":\"2025-12-21T10:49:59+00:00\",\"dateModified\":\"2026-04-05T01:30:11+00:00\",\"description\":\"Las pechuguitas de pollo asadas al horno Campofr\u00edo NaturArte est\u00e1n pensadas para quienes buscan comer bien sin complicarse la vida.\",\"breadcrumb\":{\"@id\":\"https:\\\/\\\/iberoo.com\\\/producto\\\/pechuguitas-de-pollo-asadas-al-horno-campofrio\\\/#breadcrumb\"},\"inLanguage\":\"de\",\"potentialAction\":[{\"@type\":\"ReadAction\",\"target\":[\"https:\\\/\\\/iberoo.com\\\/producto\\\/pechuguitas-de-pollo-asadas-al-horno-campofrio\\\/\"]}]},{\"@type\":\"ImageObject\",\"inLanguage\":\"de\",\"@id\":\"https:\\\/\\\/iberoo.com\\\/producto\\\/pechuguitas-de-pollo-asadas-al-horno-campofrio\\\/#primaryimage\",\"url\":\"https:\\\/\\\/iberoo.com\\\/wp-content\\\/uploads\\\/2025\\\/12\\\/campofrio-pechuguitas-pollo.jpg\",\"contentUrl\":\"https:\\\/\\\/iberoo.com\\\/wp-content\\\/uploads\\\/2025\\\/12\\\/campofrio-pechuguitas-pollo.jpg\",\"width\":1200,\"height\":1200,\"caption\":\"Pechuguitas de Pollo Asadas al Horno Campofr\u00edo\"},{\"@type\":\"BreadcrumbList\",\"@id\":\"https:\\\/\\\/iberoo.com\\\/producto\\\/pechuguitas-de-pollo-asadas-al-horno-campofrio\\\/#breadcrumb\",\"itemListElement\":[{\"@type\":\"ListItem\",\"position\":1,\"name\":\"Portada\",\"item\":\"https:\\\/\\\/iberoo.com\\\/\"},{\"@type\":\"ListItem\",\"position\":2,\"name\":\"Tienda Online\",\"item\":\"https:\\\/\\\/iberoo.com\\\/tienda\\\/\"},{\"@type\":\"ListItem\",\"position\":3,\"name\":\"Pechuguitas de Pollo Asadas al Horno Campofr\u00edo\"}]},{\"@type\":\"WebSite\",\"@id\":\"https:\\\/\\\/iberoo.com\\\/#website\",\"url\":\"https:\\\/\\\/iberoo.com\\\/\",\"name\":\"Iberoo\",\"description\":\"\",\"publisher\":{\"@id\":\"https:\\\/\\\/iberoo.com\\\/#organization\"},\"potentialAction\":[{\"@type\":\"SearchAction\",\"target\":{\"@type\":\"EntryPoint\",\"urlTemplate\":\"https:\\\/\\\/iberoo.com\\\/?s={search_term_string}\"},\"query-input\":{\"@type\":\"PropertyValueSpecification\",\"valueRequired\":true,\"valueName\":\"search_term_string\"}}],\"inLanguage\":\"de\"},{\"@type\":\"Organization\",\"@id\":\"https:\\\/\\\/iberoo.com\\\/#organization\",\"name\":\"Iberoo\",\"url\":\"https:\\\/\\\/iberoo.com\\\/\",\"logo\":{\"@type\":\"ImageObject\",\"inLanguage\":\"de\",\"@id\":\"https:\\\/\\\/iberoo.com\\\/#\\\/schema\\\/logo\\\/image\\\/\",\"url\":\"https:\\\/\\\/iberoo.com\\\/wp-content\\\/uploads\\\/2025\\\/11\\\/logo-cuadrado.jpg\",\"contentUrl\":\"https:\\\/\\\/iberoo.com\\\/wp-content\\\/uploads\\\/2025\\\/11\\\/logo-cuadrado.jpg\",\"width\":700,\"height\":700,\"caption\":\"Iberoo\"},\"image\":{\"@id\":\"https:\\\/\\\/iberoo.com\\\/#\\\/schema\\\/logo\\\/image\\\/\"}}]}<\/script>\n<meta property=\"product:brand\" content=\"Campofr\u00edo\" \/>\n<meta property=\"product:price:amount\" content=\"3.00\" \/>\n<meta property=\"product:price:currency\" content=\"EUR\" \/>\n<meta property=\"og:availability\" content=\"instock\" \/>\n<meta property=\"product:availability\" content=\"instock\" \/>\n<meta property=\"product:condition\" content=\"new\" \/>\n<!-- \/ Yoast SEO plugin. -->","yoast_head_json":{"title":"Campofr\u00edo H\u00e4hnchenbrustfilets aus dem Ofen","description":"Die im Ofen gebackenen H\u00e4hnchenbrustfilets von Campofr\u00edo NaturArte sind f\u00fcr alle gedacht, die sich gut ern\u00e4hren m\u00f6chten, ohne sich das Leben schwer zu machen.","robots":{"index":"index","follow":"follow","max-snippet":"max-snippet:-1","max-image-preview":"max-image-preview:large","max-video-preview":"max-video-preview:-1"},"canonical":"https:\/\/iberoo.com\/de\/produkt\/campofrio-hahnchenbrustfilets-aus-dem-ofen\/","og_locale":"de_DE","og_type":"article","og_title":"Pechuguitas de Pollo Asadas al Horno Campofr\u00edo - Iberoo","og_description":"Las pechuguitas de pollo asadas al horno Campofr\u00edo NaturArte est\u00e1n pensadas para quienes buscan comer bien sin complicarse la vida.","og_url":"https:\/\/iberoo.com\/de\/produkt\/campofrio-hahnchenbrustfilets-aus-dem-ofen\/","og_site_name":"Iberoo","article_modified_time":"2026-04-05T01:30:11+00:00","og_image":[{"width":1200,"height":1200,"url":"https:\/\/iberoo.com\/wp-content\/uploads\/2025\/12\/campofrio-pechuguitas-pollo.jpg","type":"image\/jpeg"}],"twitter_card":"summary_large_image","twitter_misc":{"Preis":"3,00&nbsp;&euro;","Verf\u00fcgbarkeit":"Auf Lager"},"schema":{"@context":"https:\/\/schema.org","@graph":[{"@type":"WebPage","@id":"https:\/\/iberoo.com\/producto\/pechuguitas-de-pollo-asadas-al-horno-campofrio\/","url":"https:\/\/iberoo.com\/producto\/pechuguitas-de-pollo-asadas-al-horno-campofrio\/","name":"Campofr\u00edo H\u00e4hnchenbrustfilets aus dem Ofen","isPartOf":{"@id":"https:\/\/iberoo.com\/#website"},"primaryImageOfPage":{"@id":"https:\/\/iberoo.com\/producto\/pechuguitas-de-pollo-asadas-al-horno-campofrio\/#primaryimage"},"image":{"@id":"https:\/\/iberoo.com\/producto\/pechuguitas-de-pollo-asadas-al-horno-campofrio\/#primaryimage"},"thumbnailUrl":"https:\/\/iberoo.com\/wp-content\/uploads\/2025\/12\/campofrio-pechuguitas-pollo.jpg","datePublished":"2025-12-21T10:49:59+00:00","dateModified":"2026-04-05T01:30:11+00:00","description":"Die im Ofen gebackenen H\u00e4hnchenbrustfilets von Campofr\u00edo NaturArte sind f\u00fcr alle gedacht, die sich gut ern\u00e4hren m\u00f6chten, ohne sich das Leben schwer zu machen.","breadcrumb":{"@id":"https:\/\/iberoo.com\/producto\/pechuguitas-de-pollo-asadas-al-horno-campofrio\/#breadcrumb"},"inLanguage":"de","potentialAction":[{"@type":"ReadAction","target":["https:\/\/iberoo.com\/producto\/pechuguitas-de-pollo-asadas-al-horno-campofrio\/"]}]},{"@type":"ImageObject","inLanguage":"de","@id":"https:\/\/iberoo.com\/producto\/pechuguitas-de-pollo-asadas-al-horno-campofrio\/#primaryimage","url":"https:\/\/iberoo.com\/wp-content\/uploads\/2025\/12\/campofrio-pechuguitas-pollo.jpg","contentUrl":"https:\/\/iberoo.com\/wp-content\/uploads\/2025\/12\/campofrio-pechuguitas-pollo.jpg","width":1200,"height":1200,"caption":"Pechuguitas de Pollo Asadas al Horno Campofr\u00edo"},{"@type":"BreadcrumbList","@id":"https:\/\/iberoo.com\/producto\/pechuguitas-de-pollo-asadas-al-horno-campofrio\/#breadcrumb","itemListElement":[{"@type":"ListItem","position":1,"name":"Portada","item":"https:\/\/iberoo.com\/"},{"@type":"ListItem","position":2,"name":"Tienda Online","item":"https:\/\/iberoo.com\/tienda\/"},{"@type":"ListItem","position":3,"name":"Pechuguitas de Pollo Asadas al Horno Campofr\u00edo"}]},{"@type":"WebSite","@id":"https:\/\/iberoo.com\/#website","url":"https:\/\/iberoo.com\/","name":"Iberoo","description":"","publisher":{"@id":"https:\/\/iberoo.com\/#organization"},"potentialAction":[{"@type":"SearchAction","target":{"@type":"EntryPoint","urlTemplate":"https:\/\/iberoo.com\/?s={search_term_string}"},"query-input":{"@type":"PropertyValueSpecification","valueRequired":true,"valueName":"search_term_string"}}],"inLanguage":"de"},{"@type":"Organization","@id":"https:\/\/iberoo.com\/#organization","name":"Iberoo","url":"https:\/\/iberoo.com\/","logo":{"@type":"ImageObject","inLanguage":"de","@id":"https:\/\/iberoo.com\/#\/schema\/logo\/image\/","url":"https:\/\/iberoo.com\/wp-content\/uploads\/2025\/11\/logo-cuadrado.jpg","contentUrl":"https:\/\/iberoo.com\/wp-content\/uploads\/2025\/11\/logo-cuadrado.jpg","width":700,"height":700,"caption":"Iberoo"},"image":{"@id":"https:\/\/iberoo.com\/#\/schema\/logo\/image\/"}}]},"product_brand":"Campofr\u00edo","product_price_amount":"3.00","product_price_currency":"EUR","og_availability":"instock","product_availability":"instock","product_condition":"new"},"_links":{"self":[{"href":"https:\/\/iberoo.com\/de\/wp-json\/wp\/v2\/product\/1889","targetHints":{"allow":["GET"]}}],"collection":[{"href":"https:\/\/iberoo.com\/de\/wp-json\/wp\/v2\/product"}],"about":[{"href":"https:\/\/iberoo.com\/de\/wp-json\/wp\/v2\/types\/product"}],"replies":[{"embeddable":true,"href":"https:\/\/iberoo.com\/de\/wp-json\/wp\/v2\/comments?post=1889"}],"wp:featuredmedia":[{"embeddable":true,"href":"https:\/\/iberoo.com\/de\/wp-json\/wp\/v2\/media\/1890"}],"wp:attachment":[{"href":"https:\/\/iberoo.com\/de\/wp-json\/wp\/v2\/media?parent=1889"}],"wp:term":[{"taxonomy":"product_brand","embeddable":true,"href":"https:\/\/iberoo.com\/de\/wp-json\/wp\/v2\/product_brand?post=1889"},{"taxonomy":"product_cat","embeddable":true,"href":"https:\/\/iberoo.com\/de\/wp-json\/wp\/v2\/product_cat?post=1889"},{"taxonomy":"product_tag","embeddable":true,"href":"https:\/\/iberoo.com\/de\/wp-json\/wp\/v2\/product_tag?post=1889"}],"curies":[{"name":"wp","href":"https:\/\/api.w.org\/{rel}","templated":true}]}}