{"id":1895,"date":"2025-12-21T12:51:56","date_gmt":"2025-12-21T11:51:56","guid":{"rendered":"https:\/\/iberoo.com\/?post_type=product&#038;p=1895"},"modified":"2026-04-05T03:29:18","modified_gmt":"2026-04-05T01:29:18","slug":"serrano-gewurfelte-putenbrust","status":"publish","type":"product","link":"https:\/\/iberoo.com\/de\/produkt\/serrano-gewurfelte-putenbrust\/","title":{"rendered":"Serrano gew\u00fcrfelte Putenbrust"},"content":{"rendered":"<p>Serranos gew\u00fcrfelte Putenbrust wurde entwickelt, um das t\u00e4gliche Kochen zu vereinfachen, ohne Kompromisse bei Geschmack oder Komfort einzugehen. Sie ist in kleinen, sofort verwendbaren W\u00fcrfeln erh\u00e4ltlich und spart so Zeit und vereinfacht die Zubereitung vieler g\u00e4ngiger Gerichte. Sie ist eine praktische Option f\u00fcr alle, die vielseitige Zutaten suchen, die einfach zu handhaben und f\u00fcr eine Vielzahl von warmen und kalten Rezepten geeignet sind.<\/p>\n<p>Der Geschmack ist mild und ausgewogen, die Textur angenehm und formstabil beim Kochen. Die gew\u00fcrfelten Putenst\u00fccke eignen sich hervorragend f\u00fcr schnelle Wokgerichte, R\u00fchrei, Reis- oder Nudelgerichte, passen aber auch perfekt in herzhafte Salate, Bowls oder kalte Gerichte, wenn eine leichte und einfach zu kombinierende Zutat gew\u00fcnscht ist. Da sie bereits geschnitten sind, lassen sie sich nahtlos untermischen und gleichm\u00e4\u00dfig im Gericht verteilen.<\/p>\n<p>Der 150-Gramm-Beh\u00e4lter ist praktisch und komfortabel. Er enth\u00e4lt die perfekte Menge f\u00fcr eine Mahlzeit ohne unn\u00f6tige Reste und hilft Ihnen so, Ihre Mahlzeiten f\u00fcr die Woche besser zu planen. Dank seiner kompakten Form l\u00e4sst er sich nach dem \u00d6ffnen leicht aufbewahren und sorgt daf\u00fcr, dass Sie immer eine gebrauchsfertige Zutat parat haben \u2013 ideal f\u00fcr spontane Mittagessen oder schnelle Abendessen unter der Woche.<\/p>\n<p>Serrano setzt auf einfache L\u00f6sungen, die sich nahtlos in den Alltag integrieren lassen. Die gew\u00fcrfelte Putenbrust ist daf\u00fcr ein perfektes Beispiel: ein praktisches, vielseitiges und genussvolles Produkt, entwickelt f\u00fcr alle, die in der K\u00fcche Wert auf Funktionalit\u00e4t legen, ohne dabei auf Genuss verzichten zu m\u00fcssen.<\/p>","protected":false},"excerpt":{"rendered":"<p>Serranos gew\u00fcrfelte Putenbrust in 150g-Einzelportionspackungen ist eine ideale und einfache Erg\u00e4nzung, die man immer in der K\u00fcche griffbereit haben sollte.<\/p>","protected":false},"featured_media":1896,"comment_status":"closed","ping_status":"closed","template":"","meta":[],"product_brand":[155],"product_cat":[233],"product_tag":[],"class_list":{"0":"post-1895","1":"product","2":"type-product","3":"status-publish","4":"has-post-thumbnail","6":"product_brand-serrano","7":"product_cat-embutidos-espanoles","9":"first","10":"instock","11":"shipping-taxable","12":"purchasable","13":"product-type-simple"},"yoast_head":"<!-- This site is optimized with the Yoast SEO plugin v27.3 - https:\/\/yoast.com\/product\/yoast-seo-wordpress\/ -->\n<title>Pechuga de Pavo en Dados Serrano - Iberoo<\/title>\n<meta name=\"description\" content=\"La pechuga de pavo en dados de Serrano es un complemento ideal y f\u00e1cil para tener como recurso siempre en la cocina.\" \/>\n<meta name=\"robots\" content=\"index, follow, max-snippet:-1, max-image-preview:large, max-video-preview:-1\" \/>\n<link rel=\"canonical\" href=\"https:\/\/iberoo.com\/de\/produkt\/serrano-gewurfelte-putenbrust\/\" \/>\n<meta property=\"og:locale\" content=\"de_DE\" \/>\n<meta property=\"og:type\" content=\"article\" \/>\n<meta property=\"og:title\" content=\"Pechuga de Pavo en Dados Serrano - Iberoo\" \/>\n<meta property=\"og:description\" content=\"La pechuga de pavo en dados de Serrano es un complemento ideal y f\u00e1cil para tener como recurso siempre en la cocina.\" \/>\n<meta property=\"og:url\" content=\"https:\/\/iberoo.com\/de\/produkt\/serrano-gewurfelte-putenbrust\/\" \/>\n<meta property=\"og:site_name\" content=\"Iberoo\" \/>\n<meta property=\"article:modified_time\" content=\"2026-04-05T01:29:18+00:00\" \/>\n<meta property=\"og:image\" content=\"https:\/\/iberoo.com\/wp-content\/uploads\/2025\/12\/serrano-pechuga-pavo-dados.jpg\" \/>\n\t<meta property=\"og:image:width\" content=\"1200\" \/>\n\t<meta property=\"og:image:height\" content=\"1200\" \/>\n\t<meta property=\"og:image:type\" content=\"image\/jpeg\" \/>\n<meta name=\"twitter:card\" content=\"summary_large_image\" \/>\n<meta name=\"twitter:label1\" content=\"Preis\" \/>\n\t<meta name=\"twitter:data1\" content=\"3,08&nbsp;&euro;\" \/>\n\t<meta name=\"twitter:label2\" content=\"Verf\u00fcgbarkeit\" \/>\n\t<meta name=\"twitter:data2\" content=\"Auf Lager\" \/>\n<script type=\"application\/ld+json\" class=\"yoast-schema-graph\">{\"@context\":\"https:\\\/\\\/schema.org\",\"@graph\":[{\"@type\":\"WebPage\",\"@id\":\"https:\\\/\\\/iberoo.com\\\/producto\\\/pechuga-de-pavo-en-dados-serrano\\\/\",\"url\":\"https:\\\/\\\/iberoo.com\\\/producto\\\/pechuga-de-pavo-en-dados-serrano\\\/\",\"name\":\"Pechuga de Pavo en Dados Serrano - Iberoo\",\"isPartOf\":{\"@id\":\"https:\\\/\\\/iberoo.com\\\/#website\"},\"primaryImageOfPage\":{\"@id\":\"https:\\\/\\\/iberoo.com\\\/producto\\\/pechuga-de-pavo-en-dados-serrano\\\/#primaryimage\"},\"image\":{\"@id\":\"https:\\\/\\\/iberoo.com\\\/producto\\\/pechuga-de-pavo-en-dados-serrano\\\/#primaryimage\"},\"thumbnailUrl\":\"https:\\\/\\\/iberoo.com\\\/wp-content\\\/uploads\\\/2025\\\/12\\\/serrano-pechuga-pavo-dados.jpg\",\"datePublished\":\"2025-12-21T11:51:56+00:00\",\"dateModified\":\"2026-04-05T01:29:18+00:00\",\"description\":\"La pechuga de pavo en dados de Serrano es un complemento ideal y f\u00e1cil para tener como recurso siempre en la cocina.\",\"breadcrumb\":{\"@id\":\"https:\\\/\\\/iberoo.com\\\/producto\\\/pechuga-de-pavo-en-dados-serrano\\\/#breadcrumb\"},\"inLanguage\":\"de\",\"potentialAction\":[{\"@type\":\"ReadAction\",\"target\":[\"https:\\\/\\\/iberoo.com\\\/producto\\\/pechuga-de-pavo-en-dados-serrano\\\/\"]}]},{\"@type\":\"ImageObject\",\"inLanguage\":\"de\",\"@id\":\"https:\\\/\\\/iberoo.com\\\/producto\\\/pechuga-de-pavo-en-dados-serrano\\\/#primaryimage\",\"url\":\"https:\\\/\\\/iberoo.com\\\/wp-content\\\/uploads\\\/2025\\\/12\\\/serrano-pechuga-pavo-dados.jpg\",\"contentUrl\":\"https:\\\/\\\/iberoo.com\\\/wp-content\\\/uploads\\\/2025\\\/12\\\/serrano-pechuga-pavo-dados.jpg\",\"width\":1200,\"height\":1200,\"caption\":\"Pechuga de Pavo en Dados Serrano\"},{\"@type\":\"BreadcrumbList\",\"@id\":\"https:\\\/\\\/iberoo.com\\\/producto\\\/pechuga-de-pavo-en-dados-serrano\\\/#breadcrumb\",\"itemListElement\":[{\"@type\":\"ListItem\",\"position\":1,\"name\":\"Portada\",\"item\":\"https:\\\/\\\/iberoo.com\\\/\"},{\"@type\":\"ListItem\",\"position\":2,\"name\":\"Tienda Online\",\"item\":\"https:\\\/\\\/iberoo.com\\\/tienda\\\/\"},{\"@type\":\"ListItem\",\"position\":3,\"name\":\"Pechuga de Pavo en Dados Serrano\"}]},{\"@type\":\"WebSite\",\"@id\":\"https:\\\/\\\/iberoo.com\\\/#website\",\"url\":\"https:\\\/\\\/iberoo.com\\\/\",\"name\":\"Iberoo\",\"description\":\"\",\"publisher\":{\"@id\":\"https:\\\/\\\/iberoo.com\\\/#organization\"},\"potentialAction\":[{\"@type\":\"SearchAction\",\"target\":{\"@type\":\"EntryPoint\",\"urlTemplate\":\"https:\\\/\\\/iberoo.com\\\/?s={search_term_string}\"},\"query-input\":{\"@type\":\"PropertyValueSpecification\",\"valueRequired\":true,\"valueName\":\"search_term_string\"}}],\"inLanguage\":\"de\"},{\"@type\":\"Organization\",\"@id\":\"https:\\\/\\\/iberoo.com\\\/#organization\",\"name\":\"Iberoo\",\"url\":\"https:\\\/\\\/iberoo.com\\\/\",\"logo\":{\"@type\":\"ImageObject\",\"inLanguage\":\"de\",\"@id\":\"https:\\\/\\\/iberoo.com\\\/#\\\/schema\\\/logo\\\/image\\\/\",\"url\":\"https:\\\/\\\/iberoo.com\\\/wp-content\\\/uploads\\\/2025\\\/11\\\/logo-cuadrado.jpg\",\"contentUrl\":\"https:\\\/\\\/iberoo.com\\\/wp-content\\\/uploads\\\/2025\\\/11\\\/logo-cuadrado.jpg\",\"width\":700,\"height\":700,\"caption\":\"Iberoo\"},\"image\":{\"@id\":\"https:\\\/\\\/iberoo.com\\\/#\\\/schema\\\/logo\\\/image\\\/\"}}]}<\/script>\n<meta property=\"product:brand\" content=\"Serrano\" \/>\n<meta property=\"product:price:amount\" content=\"3.08\" \/>\n<meta property=\"product:price:currency\" content=\"EUR\" \/>\n<meta property=\"og:availability\" content=\"instock\" \/>\n<meta property=\"product:availability\" content=\"instock\" \/>\n<meta property=\"product:condition\" content=\"new\" \/>\n<!-- \/ Yoast SEO plugin. -->","yoast_head_json":{"title":"Serrano gew\u00fcrfelte Putenbrust - Iberoo","description":"Serranos gew\u00fcrfelte Putenbrust ist eine ideale und einfache Erg\u00e4nzung, die man immer in der K\u00fcche vorr\u00e4tig haben sollte.","robots":{"index":"index","follow":"follow","max-snippet":"max-snippet:-1","max-image-preview":"max-image-preview:large","max-video-preview":"max-video-preview:-1"},"canonical":"https:\/\/iberoo.com\/de\/produkt\/serrano-gewurfelte-putenbrust\/","og_locale":"de_DE","og_type":"article","og_title":"Pechuga de Pavo en Dados Serrano - Iberoo","og_description":"La pechuga de pavo en dados de Serrano es un complemento ideal y f\u00e1cil para tener como recurso siempre en la cocina.","og_url":"https:\/\/iberoo.com\/de\/produkt\/serrano-gewurfelte-putenbrust\/","og_site_name":"Iberoo","article_modified_time":"2026-04-05T01:29:18+00:00","og_image":[{"width":1200,"height":1200,"url":"https:\/\/iberoo.com\/wp-content\/uploads\/2025\/12\/serrano-pechuga-pavo-dados.jpg","type":"image\/jpeg"}],"twitter_card":"summary_large_image","twitter_misc":{"Preis":"3,08&nbsp;&euro;","Verf\u00fcgbarkeit":"Auf Lager"},"schema":{"@context":"https:\/\/schema.org","@graph":[{"@type":"WebPage","@id":"https:\/\/iberoo.com\/producto\/pechuga-de-pavo-en-dados-serrano\/","url":"https:\/\/iberoo.com\/producto\/pechuga-de-pavo-en-dados-serrano\/","name":"Serrano gew\u00fcrfelte Putenbrust - Iberoo","isPartOf":{"@id":"https:\/\/iberoo.com\/#website"},"primaryImageOfPage":{"@id":"https:\/\/iberoo.com\/producto\/pechuga-de-pavo-en-dados-serrano\/#primaryimage"},"image":{"@id":"https:\/\/iberoo.com\/producto\/pechuga-de-pavo-en-dados-serrano\/#primaryimage"},"thumbnailUrl":"https:\/\/iberoo.com\/wp-content\/uploads\/2025\/12\/serrano-pechuga-pavo-dados.jpg","datePublished":"2025-12-21T11:51:56+00:00","dateModified":"2026-04-05T01:29:18+00:00","description":"Serranos gew\u00fcrfelte Putenbrust ist eine ideale und einfache Erg\u00e4nzung, die man immer in der K\u00fcche vorr\u00e4tig haben sollte.","breadcrumb":{"@id":"https:\/\/iberoo.com\/producto\/pechuga-de-pavo-en-dados-serrano\/#breadcrumb"},"inLanguage":"de","potentialAction":[{"@type":"ReadAction","target":["https:\/\/iberoo.com\/producto\/pechuga-de-pavo-en-dados-serrano\/"]}]},{"@type":"ImageObject","inLanguage":"de","@id":"https:\/\/iberoo.com\/producto\/pechuga-de-pavo-en-dados-serrano\/#primaryimage","url":"https:\/\/iberoo.com\/wp-content\/uploads\/2025\/12\/serrano-pechuga-pavo-dados.jpg","contentUrl":"https:\/\/iberoo.com\/wp-content\/uploads\/2025\/12\/serrano-pechuga-pavo-dados.jpg","width":1200,"height":1200,"caption":"Pechuga de Pavo en Dados Serrano"},{"@type":"BreadcrumbList","@id":"https:\/\/iberoo.com\/producto\/pechuga-de-pavo-en-dados-serrano\/#breadcrumb","itemListElement":[{"@type":"ListItem","position":1,"name":"Portada","item":"https:\/\/iberoo.com\/"},{"@type":"ListItem","position":2,"name":"Tienda Online","item":"https:\/\/iberoo.com\/tienda\/"},{"@type":"ListItem","position":3,"name":"Pechuga de Pavo en Dados Serrano"}]},{"@type":"WebSite","@id":"https:\/\/iberoo.com\/#website","url":"https:\/\/iberoo.com\/","name":"Iberoo","description":"","publisher":{"@id":"https:\/\/iberoo.com\/#organization"},"potentialAction":[{"@type":"SearchAction","target":{"@type":"EntryPoint","urlTemplate":"https:\/\/iberoo.com\/?s={search_term_string}"},"query-input":{"@type":"PropertyValueSpecification","valueRequired":true,"valueName":"search_term_string"}}],"inLanguage":"de"},{"@type":"Organization","@id":"https:\/\/iberoo.com\/#organization","name":"Iberoo","url":"https:\/\/iberoo.com\/","logo":{"@type":"ImageObject","inLanguage":"de","@id":"https:\/\/iberoo.com\/#\/schema\/logo\/image\/","url":"https:\/\/iberoo.com\/wp-content\/uploads\/2025\/11\/logo-cuadrado.jpg","contentUrl":"https:\/\/iberoo.com\/wp-content\/uploads\/2025\/11\/logo-cuadrado.jpg","width":700,"height":700,"caption":"Iberoo"},"image":{"@id":"https:\/\/iberoo.com\/#\/schema\/logo\/image\/"}}]},"product_brand":"Serrano","product_price_amount":"3.08","product_price_currency":"EUR","og_availability":"instock","product_availability":"instock","product_condition":"new"},"_links":{"self":[{"href":"https:\/\/iberoo.com\/de\/wp-json\/wp\/v2\/product\/1895","targetHints":{"allow":["GET"]}}],"collection":[{"href":"https:\/\/iberoo.com\/de\/wp-json\/wp\/v2\/product"}],"about":[{"href":"https:\/\/iberoo.com\/de\/wp-json\/wp\/v2\/types\/product"}],"replies":[{"embeddable":true,"href":"https:\/\/iberoo.com\/de\/wp-json\/wp\/v2\/comments?post=1895"}],"wp:featuredmedia":[{"embeddable":true,"href":"https:\/\/iberoo.com\/de\/wp-json\/wp\/v2\/media\/1896"}],"wp:attachment":[{"href":"https:\/\/iberoo.com\/de\/wp-json\/wp\/v2\/media?parent=1895"}],"wp:term":[{"taxonomy":"product_brand","embeddable":true,"href":"https:\/\/iberoo.com\/de\/wp-json\/wp\/v2\/product_brand?post=1895"},{"taxonomy":"product_cat","embeddable":true,"href":"https:\/\/iberoo.com\/de\/wp-json\/wp\/v2\/product_cat?post=1895"},{"taxonomy":"product_tag","embeddable":true,"href":"https:\/\/iberoo.com\/de\/wp-json\/wp\/v2\/product_tag?post=1895"}],"curies":[{"name":"wp","href":"https:\/\/api.w.org\/{rel}","templated":true}]}}