{"id":1934,"date":"2025-12-22T01:39:24","date_gmt":"2025-12-22T00:39:24","guid":{"rendered":"https:\/\/iberoo.com\/?post_type=product&#038;p=1934"},"modified":"2026-04-05T03:25:48","modified_gmt":"2026-04-05T01:25:48","slug":"sobrasada-aus-mallorca-el-zagal","status":"publish","type":"product","link":"https:\/\/iberoo.com\/de\/produkt\/sobrasada-aus-mallorca-el-zagal\/","title":{"rendered":"Sobrasada de Mallorca El Zagal"},"content":{"rendered":"<p>Die nach mallorquinischen Rezepten hergestellte Black Label Mallorca Sobrasada von El Zagal besticht durch ihre samtige Textur und ihren intensiven, ausgewogenen und unverwechselbaren Charakter. Jeder L\u00f6ffel zeugt von der Sorgfalt bei der Auswahl der Zutaten und dem Respekt vor einer Zubereitungsmethode, bei der der Geschmack an erster Stelle steht.<\/p>\n<p>Sein Aroma ist intensiv und einh\u00fcllend, mit jener charakteristischen W\u00fcrze, die sofort den Appetit anregt. Es schmeckt hervorragend auf knusprigem Brot, leicht warm genossen, oder als Zutat zum Verfeinern einfacher Rezepte. Es passt wunderbar auf Toast, in Sandwiches, F\u00fcllungen oder auch als besondere Note in Pasta-, Reis- oder Ofengem\u00fcsegerichten und verleiht ihnen unkompliziert Charakter.<\/p>\n<p>Die 200-Gramm-Dose ist besonders praktisch. So bleibt die Sobrasada lange frisch und kann portionsweise verwendet werden, wobei die Menge je nach Bedarf angepasst wird. Sie eignet sich ideal f\u00fcr den t\u00e4glichen Verzehr sowie zum Teilen bei kleinen Snacks oder besonderen Anl\u00e4ssen.<\/p>\n<p>El Zagal steht f\u00fcr Produkte mit starker Identit\u00e4t, die f\u00fcr all jene entwickelt wurden, die authentische Aromen und kulinarische Tradition sch\u00e4tzen. Diese Sobrasada der Black Label-Reihe verzichtet auf jegliche K\u00fcnstlichkeit und bietet stattdessen ein ehrliches und pers\u00f6nliches Erlebnis, das selbst eine einfache Geste wie das Bestreichen von Brot in einen kleinen Genuss voller Charakter und Geschmack verwandelt.<\/p>","protected":false},"excerpt":{"rendered":"<p>El Zagal Black Label Mallorca Sobrasada l\u00e4dt Sie ein, traditionelle Aromen in Ruhe und mit allen Sinnen zu genie\u00dfen. 200-g-Becher.<\/p>","protected":false},"featured_media":1935,"comment_status":"closed","ping_status":"closed","template":"","meta":[],"product_brand":[162],"product_cat":[233,161],"product_tag":[],"class_list":{"0":"post-1934","1":"product","2":"type-product","3":"status-publish","4":"has-post-thumbnail","6":"product_brand-el-zagal","7":"product_cat-embutidos-espanoles","8":"product_cat-pate-y-untables","10":"first","11":"instock","12":"shipping-taxable","13":"purchasable","14":"product-type-simple"},"yoast_head":"<!-- This site is optimized with the Yoast SEO plugin v27.3 - https:\/\/yoast.com\/product\/yoast-seo-wordpress\/ -->\n<title>Sobrasada de Mallorca El Zagal - Iberoo<\/title>\n<meta name=\"description\" content=\"La sobrasada de Mallorca de El Zagal es un producto que invita a disfrutar del sabor tradicional con calma y con los sentidos puestos en la mesa.\" \/>\n<meta name=\"robots\" content=\"index, follow, max-snippet:-1, max-image-preview:large, max-video-preview:-1\" \/>\n<link rel=\"canonical\" href=\"https:\/\/iberoo.com\/de\/produkt\/sobrasada-aus-mallorca-el-zagal\/\" \/>\n<meta property=\"og:locale\" content=\"de_DE\" \/>\n<meta property=\"og:type\" content=\"article\" \/>\n<meta property=\"og:title\" content=\"Sobrasada de Mallorca El Zagal - Iberoo\" \/>\n<meta property=\"og:description\" content=\"La sobrasada de Mallorca de El Zagal es un producto que invita a disfrutar del sabor tradicional con calma y con los sentidos puestos en la mesa.\" \/>\n<meta property=\"og:url\" content=\"https:\/\/iberoo.com\/de\/produkt\/sobrasada-aus-mallorca-el-zagal\/\" \/>\n<meta property=\"og:site_name\" content=\"Iberoo\" \/>\n<meta property=\"article:modified_time\" content=\"2026-04-05T01:25:48+00:00\" \/>\n<meta property=\"og:image\" content=\"https:\/\/iberoo.com\/wp-content\/uploads\/2025\/12\/el-zagal-sobrasada-mallorca-etiqueta-negra.jpg\" \/>\n\t<meta property=\"og:image:width\" content=\"1200\" \/>\n\t<meta property=\"og:image:height\" content=\"1200\" \/>\n\t<meta property=\"og:image:type\" content=\"image\/jpeg\" \/>\n<meta name=\"twitter:card\" content=\"summary_large_image\" \/>\n<meta name=\"twitter:label1\" content=\"Preis\" \/>\n\t<meta name=\"twitter:data1\" content=\"4,55&nbsp;&euro;\" \/>\n\t<meta name=\"twitter:label2\" content=\"Verf\u00fcgbarkeit\" \/>\n\t<meta name=\"twitter:data2\" content=\"Auf Lager\" \/>\n<script type=\"application\/ld+json\" class=\"yoast-schema-graph\">{\"@context\":\"https:\\\/\\\/schema.org\",\"@graph\":[{\"@type\":\"WebPage\",\"@id\":\"https:\\\/\\\/iberoo.com\\\/producto\\\/sobrasada-de-mallorca-el-zagal\\\/\",\"url\":\"https:\\\/\\\/iberoo.com\\\/producto\\\/sobrasada-de-mallorca-el-zagal\\\/\",\"name\":\"Sobrasada de Mallorca El Zagal - Iberoo\",\"isPartOf\":{\"@id\":\"https:\\\/\\\/iberoo.com\\\/#website\"},\"primaryImageOfPage\":{\"@id\":\"https:\\\/\\\/iberoo.com\\\/producto\\\/sobrasada-de-mallorca-el-zagal\\\/#primaryimage\"},\"image\":{\"@id\":\"https:\\\/\\\/iberoo.com\\\/producto\\\/sobrasada-de-mallorca-el-zagal\\\/#primaryimage\"},\"thumbnailUrl\":\"https:\\\/\\\/iberoo.com\\\/wp-content\\\/uploads\\\/2025\\\/12\\\/el-zagal-sobrasada-mallorca-etiqueta-negra.jpg\",\"datePublished\":\"2025-12-22T00:39:24+00:00\",\"dateModified\":\"2026-04-05T01:25:48+00:00\",\"description\":\"La sobrasada de Mallorca de El Zagal es un producto que invita a disfrutar del sabor tradicional con calma y con los sentidos puestos en la mesa.\",\"breadcrumb\":{\"@id\":\"https:\\\/\\\/iberoo.com\\\/producto\\\/sobrasada-de-mallorca-el-zagal\\\/#breadcrumb\"},\"inLanguage\":\"de\",\"potentialAction\":[{\"@type\":\"ReadAction\",\"target\":[\"https:\\\/\\\/iberoo.com\\\/producto\\\/sobrasada-de-mallorca-el-zagal\\\/\"]}]},{\"@type\":\"ImageObject\",\"inLanguage\":\"de\",\"@id\":\"https:\\\/\\\/iberoo.com\\\/producto\\\/sobrasada-de-mallorca-el-zagal\\\/#primaryimage\",\"url\":\"https:\\\/\\\/iberoo.com\\\/wp-content\\\/uploads\\\/2025\\\/12\\\/el-zagal-sobrasada-mallorca-etiqueta-negra.jpg\",\"contentUrl\":\"https:\\\/\\\/iberoo.com\\\/wp-content\\\/uploads\\\/2025\\\/12\\\/el-zagal-sobrasada-mallorca-etiqueta-negra.jpg\",\"width\":1200,\"height\":1200,\"caption\":\"Sobrasada de Mallorca El Zagal\"},{\"@type\":\"BreadcrumbList\",\"@id\":\"https:\\\/\\\/iberoo.com\\\/producto\\\/sobrasada-de-mallorca-el-zagal\\\/#breadcrumb\",\"itemListElement\":[{\"@type\":\"ListItem\",\"position\":1,\"name\":\"Portada\",\"item\":\"https:\\\/\\\/iberoo.com\\\/\"},{\"@type\":\"ListItem\",\"position\":2,\"name\":\"Tienda Online\",\"item\":\"https:\\\/\\\/iberoo.com\\\/tienda\\\/\"},{\"@type\":\"ListItem\",\"position\":3,\"name\":\"Sobrasada de Mallorca El Zagal\"}]},{\"@type\":\"WebSite\",\"@id\":\"https:\\\/\\\/iberoo.com\\\/#website\",\"url\":\"https:\\\/\\\/iberoo.com\\\/\",\"name\":\"Iberoo\",\"description\":\"\",\"publisher\":{\"@id\":\"https:\\\/\\\/iberoo.com\\\/#organization\"},\"potentialAction\":[{\"@type\":\"SearchAction\",\"target\":{\"@type\":\"EntryPoint\",\"urlTemplate\":\"https:\\\/\\\/iberoo.com\\\/?s={search_term_string}\"},\"query-input\":{\"@type\":\"PropertyValueSpecification\",\"valueRequired\":true,\"valueName\":\"search_term_string\"}}],\"inLanguage\":\"de\"},{\"@type\":\"Organization\",\"@id\":\"https:\\\/\\\/iberoo.com\\\/#organization\",\"name\":\"Iberoo\",\"url\":\"https:\\\/\\\/iberoo.com\\\/\",\"logo\":{\"@type\":\"ImageObject\",\"inLanguage\":\"de\",\"@id\":\"https:\\\/\\\/iberoo.com\\\/#\\\/schema\\\/logo\\\/image\\\/\",\"url\":\"https:\\\/\\\/iberoo.com\\\/wp-content\\\/uploads\\\/2025\\\/11\\\/logo-cuadrado.jpg\",\"contentUrl\":\"https:\\\/\\\/iberoo.com\\\/wp-content\\\/uploads\\\/2025\\\/11\\\/logo-cuadrado.jpg\",\"width\":700,\"height\":700,\"caption\":\"Iberoo\"},\"image\":{\"@id\":\"https:\\\/\\\/iberoo.com\\\/#\\\/schema\\\/logo\\\/image\\\/\"}}]}<\/script>\n<meta property=\"product:brand\" content=\"El Zagal\" \/>\n<meta property=\"product:price:amount\" content=\"4.55\" \/>\n<meta property=\"product:price:currency\" content=\"EUR\" \/>\n<meta property=\"og:availability\" content=\"instock\" \/>\n<meta property=\"product:availability\" content=\"instock\" \/>\n<meta property=\"product:condition\" content=\"new\" \/>\n<!-- \/ Yoast SEO plugin. -->","yoast_head_json":{"title":"Sobrasada aus Mallorca El Zagal - Iberoo","description":"Die mallorquinische Sobrasada von El Zagal ist ein Produkt, das Sie dazu einl\u00e4dt, den traditionellen Geschmack in Ruhe und mit allen Sinnen am Tisch zu genie\u00dfen.","robots":{"index":"index","follow":"follow","max-snippet":"max-snippet:-1","max-image-preview":"max-image-preview:large","max-video-preview":"max-video-preview:-1"},"canonical":"https:\/\/iberoo.com\/de\/produkt\/sobrasada-aus-mallorca-el-zagal\/","og_locale":"de_DE","og_type":"article","og_title":"Sobrasada de Mallorca El Zagal - Iberoo","og_description":"La sobrasada de Mallorca de El Zagal es un producto que invita a disfrutar del sabor tradicional con calma y con los sentidos puestos en la mesa.","og_url":"https:\/\/iberoo.com\/de\/produkt\/sobrasada-aus-mallorca-el-zagal\/","og_site_name":"Iberoo","article_modified_time":"2026-04-05T01:25:48+00:00","og_image":[{"width":1200,"height":1200,"url":"https:\/\/iberoo.com\/wp-content\/uploads\/2025\/12\/el-zagal-sobrasada-mallorca-etiqueta-negra.jpg","type":"image\/jpeg"}],"twitter_card":"summary_large_image","twitter_misc":{"Preis":"4,55&nbsp;&euro;","Verf\u00fcgbarkeit":"Auf Lager"},"schema":{"@context":"https:\/\/schema.org","@graph":[{"@type":"WebPage","@id":"https:\/\/iberoo.com\/producto\/sobrasada-de-mallorca-el-zagal\/","url":"https:\/\/iberoo.com\/producto\/sobrasada-de-mallorca-el-zagal\/","name":"Sobrasada aus Mallorca El Zagal - Iberoo","isPartOf":{"@id":"https:\/\/iberoo.com\/#website"},"primaryImageOfPage":{"@id":"https:\/\/iberoo.com\/producto\/sobrasada-de-mallorca-el-zagal\/#primaryimage"},"image":{"@id":"https:\/\/iberoo.com\/producto\/sobrasada-de-mallorca-el-zagal\/#primaryimage"},"thumbnailUrl":"https:\/\/iberoo.com\/wp-content\/uploads\/2025\/12\/el-zagal-sobrasada-mallorca-etiqueta-negra.jpg","datePublished":"2025-12-22T00:39:24+00:00","dateModified":"2026-04-05T01:25:48+00:00","description":"Die mallorquinische Sobrasada von El Zagal ist ein Produkt, das Sie dazu einl\u00e4dt, den traditionellen Geschmack in Ruhe und mit allen Sinnen am Tisch zu genie\u00dfen.","breadcrumb":{"@id":"https:\/\/iberoo.com\/producto\/sobrasada-de-mallorca-el-zagal\/#breadcrumb"},"inLanguage":"de","potentialAction":[{"@type":"ReadAction","target":["https:\/\/iberoo.com\/producto\/sobrasada-de-mallorca-el-zagal\/"]}]},{"@type":"ImageObject","inLanguage":"de","@id":"https:\/\/iberoo.com\/producto\/sobrasada-de-mallorca-el-zagal\/#primaryimage","url":"https:\/\/iberoo.com\/wp-content\/uploads\/2025\/12\/el-zagal-sobrasada-mallorca-etiqueta-negra.jpg","contentUrl":"https:\/\/iberoo.com\/wp-content\/uploads\/2025\/12\/el-zagal-sobrasada-mallorca-etiqueta-negra.jpg","width":1200,"height":1200,"caption":"Sobrasada de Mallorca El Zagal"},{"@type":"BreadcrumbList","@id":"https:\/\/iberoo.com\/producto\/sobrasada-de-mallorca-el-zagal\/#breadcrumb","itemListElement":[{"@type":"ListItem","position":1,"name":"Portada","item":"https:\/\/iberoo.com\/"},{"@type":"ListItem","position":2,"name":"Tienda Online","item":"https:\/\/iberoo.com\/tienda\/"},{"@type":"ListItem","position":3,"name":"Sobrasada de Mallorca El Zagal"}]},{"@type":"WebSite","@id":"https:\/\/iberoo.com\/#website","url":"https:\/\/iberoo.com\/","name":"Iberoo","description":"","publisher":{"@id":"https:\/\/iberoo.com\/#organization"},"potentialAction":[{"@type":"SearchAction","target":{"@type":"EntryPoint","urlTemplate":"https:\/\/iberoo.com\/?s={search_term_string}"},"query-input":{"@type":"PropertyValueSpecification","valueRequired":true,"valueName":"search_term_string"}}],"inLanguage":"de"},{"@type":"Organization","@id":"https:\/\/iberoo.com\/#organization","name":"Iberoo","url":"https:\/\/iberoo.com\/","logo":{"@type":"ImageObject","inLanguage":"de","@id":"https:\/\/iberoo.com\/#\/schema\/logo\/image\/","url":"https:\/\/iberoo.com\/wp-content\/uploads\/2025\/11\/logo-cuadrado.jpg","contentUrl":"https:\/\/iberoo.com\/wp-content\/uploads\/2025\/11\/logo-cuadrado.jpg","width":700,"height":700,"caption":"Iberoo"},"image":{"@id":"https:\/\/iberoo.com\/#\/schema\/logo\/image\/"}}]},"product_brand":"El Zagal","product_price_amount":"4.55","product_price_currency":"EUR","og_availability":"instock","product_availability":"instock","product_condition":"new"},"_links":{"self":[{"href":"https:\/\/iberoo.com\/de\/wp-json\/wp\/v2\/product\/1934","targetHints":{"allow":["GET"]}}],"collection":[{"href":"https:\/\/iberoo.com\/de\/wp-json\/wp\/v2\/product"}],"about":[{"href":"https:\/\/iberoo.com\/de\/wp-json\/wp\/v2\/types\/product"}],"replies":[{"embeddable":true,"href":"https:\/\/iberoo.com\/de\/wp-json\/wp\/v2\/comments?post=1934"}],"wp:featuredmedia":[{"embeddable":true,"href":"https:\/\/iberoo.com\/de\/wp-json\/wp\/v2\/media\/1935"}],"wp:attachment":[{"href":"https:\/\/iberoo.com\/de\/wp-json\/wp\/v2\/media?parent=1934"}],"wp:term":[{"taxonomy":"product_brand","embeddable":true,"href":"https:\/\/iberoo.com\/de\/wp-json\/wp\/v2\/product_brand?post=1934"},{"taxonomy":"product_cat","embeddable":true,"href":"https:\/\/iberoo.com\/de\/wp-json\/wp\/v2\/product_cat?post=1934"},{"taxonomy":"product_tag","embeddable":true,"href":"https:\/\/iberoo.com\/de\/wp-json\/wp\/v2\/product_tag?post=1934"}],"curies":[{"name":"wp","href":"https:\/\/api.w.org\/{rel}","templated":true}]}}