{"id":1980,"date":"2025-12-23T05:52:39","date_gmt":"2025-12-23T04:52:39","guid":{"rendered":"https:\/\/iberoo.com\/?post_type=product&#038;p=1980"},"modified":"2026-04-05T03:38:45","modified_gmt":"2026-04-05T01:38:45","slug":"kaiku-cafe-latte","status":"publish","type":"product","link":"https:\/\/iberoo.com\/de\/produkt\/kaiku-cafe-latte\/","title":{"rendered":"Kaiku Caf\u00e9 Latte"},"content":{"rendered":"<p>Der Kaiku Caf\u00e9 Latte wurde speziell f\u00fcr Ihren Alltag entwickelt und kommt in einem praktischen 230-ml-Becher \u2013 perfekt f\u00fcr den Genuss jederzeit und \u00fcberall: auf dem Weg zur Arbeit, in der Pause oder als kleine Auszeit am Nachmittag. Dieser trinkfertige Kaffee ist ideal, wenn es schnell gehen muss, Sie sich aber trotzdem etwas g\u00f6nnen m\u00f6chten.<\/p>\n<p>Die Caf\u00e9 Latte-Variante bietet die klassische Balance zwischen Kaffee und Milch \u2013 sanft und angenehm, ideal f\u00fcr alle, die einen vollmundigen und bek\u00f6mmlichen Geschmack bevorzugen. Der Caf\u00e9 Latte Light bewahrt diese Essenz, ist aber etwas leichter und eignet sich perfekt f\u00fcr alle, die eine moderatere Variante suchen, ohne auf den Genuss von Kaffee mit Milch verzichten zu m\u00fcssen. F\u00fcr Liebhaber eines intensiveren Geschmacks bietet der Caf\u00e9 Latte Espresso einen ausgepr\u00e4gteren Charakter mit einem st\u00e4rkeren Kaffeearoma und einem volleren Geschmack. Und wenn Sie etwas Besonderes suchen, verleiht der Vanille Caf\u00e9 Latte jedem Schluck eine sanfte und s\u00fc\u00dfe Aromanote und macht ihn zu einem einzigartigen Erlebnis.<\/p>\n<p>Dank des praktischen Tassenformats l\u00e4sst sich der Kaffee ganz einfach kalt oder bei Zimmertemperatur genie\u00dfen \u2013 ohne Zubereitung. Kaiku legt Wert auf Komfort und gleichbleibenden Geschmack und bietet eine Auswahl f\u00fcr jeden Geschmack und Anlass. Kaffee f\u00fcr den Alltag: Genie\u00dfen Sie ihn, wann und wie Sie wollen \u2013 unkompliziert und mit dem Geschmack, der Ihnen am besten gef\u00e4llt.<\/p>","protected":false},"excerpt":{"rendered":"<p>Kaiku Caf\u00e9 Latte ist dank seines praktischen 230-ml-Trinkbecherformats die perfekte Wahl f\u00fcr alle, die Kaffee mit Milch auf einfache, praktische und unkomplizierte Weise genie\u00dfen m\u00f6chten.<\/p>","protected":false},"featured_media":1981,"comment_status":"closed","ping_status":"closed","template":"","meta":[],"product_brand":[171],"product_cat":[148],"product_tag":[],"class_list":{"0":"post-1980","1":"product","2":"type-product","3":"status-publish","4":"has-post-thumbnail","6":"product_brand-kaiku","7":"product_cat-bebidas-y-lacteos","9":"first","10":"instock","11":"shipping-taxable","12":"purchasable","13":"product-type-variable"},"yoast_head":"<!-- This site is optimized with the Yoast SEO plugin v27.3 - https:\/\/yoast.com\/product\/yoast-seo-wordpress\/ -->\n<title>Kaiku Caf\u00e9 Latte - Iberoo<\/title>\n<meta name=\"description\" content=\"Kaiku Caf\u00e9 Latte es la opci\u00f3n perfecta para quienes disfrutan del caf\u00e9 con leche de forma sencilla, pr\u00e1ctica y sin complicaciones.\" \/>\n<meta name=\"robots\" content=\"index, follow, max-snippet:-1, max-image-preview:large, max-video-preview:-1\" \/>\n<link rel=\"canonical\" href=\"https:\/\/iberoo.com\/de\/produkt\/kaiku-cafe-latte\/\" \/>\n<meta property=\"og:locale\" content=\"de_DE\" \/>\n<meta property=\"og:type\" content=\"article\" \/>\n<meta property=\"og:title\" content=\"Kaiku Caf\u00e9 Latte - Iberoo\" \/>\n<meta property=\"og:description\" content=\"Kaiku Caf\u00e9 Latte es la opci\u00f3n perfecta para quienes disfrutan del caf\u00e9 con leche de forma sencilla, pr\u00e1ctica y sin complicaciones.\" \/>\n<meta property=\"og:url\" content=\"https:\/\/iberoo.com\/de\/produkt\/kaiku-cafe-latte\/\" \/>\n<meta property=\"og:site_name\" content=\"Iberoo\" \/>\n<meta property=\"article:modified_time\" content=\"2026-04-05T01:38:45+00:00\" \/>\n<meta property=\"og:image\" content=\"https:\/\/iberoo.com\/wp-content\/uploads\/2025\/12\/kaiku-caffe-lattte.jpg\" \/>\n\t<meta property=\"og:image:width\" content=\"800\" \/>\n\t<meta property=\"og:image:height\" content=\"800\" \/>\n\t<meta property=\"og:image:type\" content=\"image\/jpeg\" \/>\n<meta name=\"twitter:card\" content=\"summary_large_image\" \/>\n<meta name=\"twitter:label1\" content=\"Verf\u00fcgbarkeit\" \/>\n\t<meta name=\"twitter:data1\" content=\"Auf Lager\" \/>\n<script type=\"application\/ld+json\" class=\"yoast-schema-graph\">{\"@context\":\"https:\\\/\\\/schema.org\",\"@graph\":[{\"@type\":\"WebPage\",\"@id\":\"https:\\\/\\\/iberoo.com\\\/producto\\\/kaiku-cafe-latte\\\/\",\"url\":\"https:\\\/\\\/iberoo.com\\\/producto\\\/kaiku-cafe-latte\\\/\",\"name\":\"Kaiku Caf\u00e9 Latte - Iberoo\",\"isPartOf\":{\"@id\":\"https:\\\/\\\/iberoo.com\\\/#website\"},\"primaryImageOfPage\":{\"@id\":\"https:\\\/\\\/iberoo.com\\\/producto\\\/kaiku-cafe-latte\\\/#primaryimage\"},\"image\":{\"@id\":\"https:\\\/\\\/iberoo.com\\\/producto\\\/kaiku-cafe-latte\\\/#primaryimage\"},\"thumbnailUrl\":\"https:\\\/\\\/iberoo.com\\\/wp-content\\\/uploads\\\/2025\\\/12\\\/kaiku-caffe-lattte.jpg\",\"datePublished\":\"2025-12-23T04:52:39+00:00\",\"dateModified\":\"2026-04-05T01:38:45+00:00\",\"description\":\"Kaiku Caf\u00e9 Latte es la opci\u00f3n perfecta para quienes disfrutan del caf\u00e9 con leche de forma sencilla, pr\u00e1ctica y sin complicaciones.\",\"breadcrumb\":{\"@id\":\"https:\\\/\\\/iberoo.com\\\/producto\\\/kaiku-cafe-latte\\\/#breadcrumb\"},\"inLanguage\":\"de\",\"potentialAction\":[{\"@type\":\"ReadAction\",\"target\":[\"https:\\\/\\\/iberoo.com\\\/producto\\\/kaiku-cafe-latte\\\/\"]}]},{\"@type\":\"ImageObject\",\"inLanguage\":\"de\",\"@id\":\"https:\\\/\\\/iberoo.com\\\/producto\\\/kaiku-cafe-latte\\\/#primaryimage\",\"url\":\"https:\\\/\\\/iberoo.com\\\/wp-content\\\/uploads\\\/2025\\\/12\\\/kaiku-caffe-lattte.jpg\",\"contentUrl\":\"https:\\\/\\\/iberoo.com\\\/wp-content\\\/uploads\\\/2025\\\/12\\\/kaiku-caffe-lattte.jpg\",\"width\":800,\"height\":800,\"caption\":\"Kaiku Caf\u00e9 Latte\"},{\"@type\":\"BreadcrumbList\",\"@id\":\"https:\\\/\\\/iberoo.com\\\/producto\\\/kaiku-cafe-latte\\\/#breadcrumb\",\"itemListElement\":[{\"@type\":\"ListItem\",\"position\":1,\"name\":\"Portada\",\"item\":\"https:\\\/\\\/iberoo.com\\\/\"},{\"@type\":\"ListItem\",\"position\":2,\"name\":\"Tienda Online\",\"item\":\"https:\\\/\\\/iberoo.com\\\/tienda\\\/\"},{\"@type\":\"ListItem\",\"position\":3,\"name\":\"Kaiku Caf\u00e9 Latte\"}]},{\"@type\":\"WebSite\",\"@id\":\"https:\\\/\\\/iberoo.com\\\/#website\",\"url\":\"https:\\\/\\\/iberoo.com\\\/\",\"name\":\"Iberoo\",\"description\":\"\",\"publisher\":{\"@id\":\"https:\\\/\\\/iberoo.com\\\/#organization\"},\"potentialAction\":[{\"@type\":\"SearchAction\",\"target\":{\"@type\":\"EntryPoint\",\"urlTemplate\":\"https:\\\/\\\/iberoo.com\\\/?s={search_term_string}\"},\"query-input\":{\"@type\":\"PropertyValueSpecification\",\"valueRequired\":true,\"valueName\":\"search_term_string\"}}],\"inLanguage\":\"de\"},{\"@type\":\"Organization\",\"@id\":\"https:\\\/\\\/iberoo.com\\\/#organization\",\"name\":\"Iberoo\",\"url\":\"https:\\\/\\\/iberoo.com\\\/\",\"logo\":{\"@type\":\"ImageObject\",\"inLanguage\":\"de\",\"@id\":\"https:\\\/\\\/iberoo.com\\\/#\\\/schema\\\/logo\\\/image\\\/\",\"url\":\"https:\\\/\\\/iberoo.com\\\/wp-content\\\/uploads\\\/2025\\\/11\\\/logo-cuadrado.jpg\",\"contentUrl\":\"https:\\\/\\\/iberoo.com\\\/wp-content\\\/uploads\\\/2025\\\/11\\\/logo-cuadrado.jpg\",\"width\":700,\"height\":700,\"caption\":\"Iberoo\"},\"image\":{\"@id\":\"https:\\\/\\\/iberoo.com\\\/#\\\/schema\\\/logo\\\/image\\\/\"}}]}<\/script>\n<meta property=\"product:brand\" content=\"Kaiku\" \/>\n<meta property=\"og:availability\" content=\"instock\" \/>\n<meta property=\"product:availability\" content=\"instock\" \/>\n<meta property=\"product:condition\" content=\"new\" \/>\n<!-- \/ Yoast SEO plugin. -->","yoast_head_json":{"title":"Kaiku Caf\u00e9 Latte - Iberoo","description":"Kaiku Caf\u00e9 Latte ist die perfekte Wahl f\u00fcr alle, die Kaffee mit Milch auf einfache, praktische und unkomplizierte Weise genie\u00dfen m\u00f6chten.","robots":{"index":"index","follow":"follow","max-snippet":"max-snippet:-1","max-image-preview":"max-image-preview:large","max-video-preview":"max-video-preview:-1"},"canonical":"https:\/\/iberoo.com\/de\/produkt\/kaiku-cafe-latte\/","og_locale":"de_DE","og_type":"article","og_title":"Kaiku Caf\u00e9 Latte - Iberoo","og_description":"Kaiku Caf\u00e9 Latte es la opci\u00f3n perfecta para quienes disfrutan del caf\u00e9 con leche de forma sencilla, pr\u00e1ctica y sin complicaciones.","og_url":"https:\/\/iberoo.com\/de\/produkt\/kaiku-cafe-latte\/","og_site_name":"Iberoo","article_modified_time":"2026-04-05T01:38:45+00:00","og_image":[{"width":800,"height":800,"url":"https:\/\/iberoo.com\/wp-content\/uploads\/2025\/12\/kaiku-caffe-lattte.jpg","type":"image\/jpeg"}],"twitter_card":"summary_large_image","twitter_misc":{"Verf\u00fcgbarkeit":"Auf Lager"},"schema":{"@context":"https:\/\/schema.org","@graph":[{"@type":"WebPage","@id":"https:\/\/iberoo.com\/producto\/kaiku-cafe-latte\/","url":"https:\/\/iberoo.com\/producto\/kaiku-cafe-latte\/","name":"Kaiku Caf\u00e9 Latte - Iberoo","isPartOf":{"@id":"https:\/\/iberoo.com\/#website"},"primaryImageOfPage":{"@id":"https:\/\/iberoo.com\/producto\/kaiku-cafe-latte\/#primaryimage"},"image":{"@id":"https:\/\/iberoo.com\/producto\/kaiku-cafe-latte\/#primaryimage"},"thumbnailUrl":"https:\/\/iberoo.com\/wp-content\/uploads\/2025\/12\/kaiku-caffe-lattte.jpg","datePublished":"2025-12-23T04:52:39+00:00","dateModified":"2026-04-05T01:38:45+00:00","description":"Kaiku Caf\u00e9 Latte ist die perfekte Wahl f\u00fcr alle, die Kaffee mit Milch auf einfache, praktische und unkomplizierte Weise genie\u00dfen m\u00f6chten.","breadcrumb":{"@id":"https:\/\/iberoo.com\/producto\/kaiku-cafe-latte\/#breadcrumb"},"inLanguage":"de","potentialAction":[{"@type":"ReadAction","target":["https:\/\/iberoo.com\/producto\/kaiku-cafe-latte\/"]}]},{"@type":"ImageObject","inLanguage":"de","@id":"https:\/\/iberoo.com\/producto\/kaiku-cafe-latte\/#primaryimage","url":"https:\/\/iberoo.com\/wp-content\/uploads\/2025\/12\/kaiku-caffe-lattte.jpg","contentUrl":"https:\/\/iberoo.com\/wp-content\/uploads\/2025\/12\/kaiku-caffe-lattte.jpg","width":800,"height":800,"caption":"Kaiku Caf\u00e9 Latte"},{"@type":"BreadcrumbList","@id":"https:\/\/iberoo.com\/producto\/kaiku-cafe-latte\/#breadcrumb","itemListElement":[{"@type":"ListItem","position":1,"name":"Portada","item":"https:\/\/iberoo.com\/"},{"@type":"ListItem","position":2,"name":"Tienda Online","item":"https:\/\/iberoo.com\/tienda\/"},{"@type":"ListItem","position":3,"name":"Kaiku Caf\u00e9 Latte"}]},{"@type":"WebSite","@id":"https:\/\/iberoo.com\/#website","url":"https:\/\/iberoo.com\/","name":"Iberoo","description":"","publisher":{"@id":"https:\/\/iberoo.com\/#organization"},"potentialAction":[{"@type":"SearchAction","target":{"@type":"EntryPoint","urlTemplate":"https:\/\/iberoo.com\/?s={search_term_string}"},"query-input":{"@type":"PropertyValueSpecification","valueRequired":true,"valueName":"search_term_string"}}],"inLanguage":"de"},{"@type":"Organization","@id":"https:\/\/iberoo.com\/#organization","name":"Iberoo","url":"https:\/\/iberoo.com\/","logo":{"@type":"ImageObject","inLanguage":"de","@id":"https:\/\/iberoo.com\/#\/schema\/logo\/image\/","url":"https:\/\/iberoo.com\/wp-content\/uploads\/2025\/11\/logo-cuadrado.jpg","contentUrl":"https:\/\/iberoo.com\/wp-content\/uploads\/2025\/11\/logo-cuadrado.jpg","width":700,"height":700,"caption":"Iberoo"},"image":{"@id":"https:\/\/iberoo.com\/#\/schema\/logo\/image\/"}}]},"product_brand":"Kaiku","og_availability":"instock","product_availability":"instock","product_condition":"new"},"_links":{"self":[{"href":"https:\/\/iberoo.com\/de\/wp-json\/wp\/v2\/product\/1980","targetHints":{"allow":["GET"]}}],"collection":[{"href":"https:\/\/iberoo.com\/de\/wp-json\/wp\/v2\/product"}],"about":[{"href":"https:\/\/iberoo.com\/de\/wp-json\/wp\/v2\/types\/product"}],"replies":[{"embeddable":true,"href":"https:\/\/iberoo.com\/de\/wp-json\/wp\/v2\/comments?post=1980"}],"wp:featuredmedia":[{"embeddable":true,"href":"https:\/\/iberoo.com\/de\/wp-json\/wp\/v2\/media\/1981"}],"wp:attachment":[{"href":"https:\/\/iberoo.com\/de\/wp-json\/wp\/v2\/media?parent=1980"}],"wp:term":[{"taxonomy":"product_brand","embeddable":true,"href":"https:\/\/iberoo.com\/de\/wp-json\/wp\/v2\/product_brand?post=1980"},{"taxonomy":"product_cat","embeddable":true,"href":"https:\/\/iberoo.com\/de\/wp-json\/wp\/v2\/product_cat?post=1980"},{"taxonomy":"product_tag","embeddable":true,"href":"https:\/\/iberoo.com\/de\/wp-json\/wp\/v2\/product_tag?post=1980"}],"curies":[{"name":"wp","href":"https:\/\/api.w.org\/{rel}","templated":true}]}}