{"id":2216,"date":"2025-12-28T12:41:20","date_gmt":"2025-12-28T11:41:20","guid":{"rendered":"https:\/\/iberoo.com\/?post_type=product&#038;p=2216"},"modified":"2026-01-07T15:53:56","modified_gmt":"2026-01-07T14:53:56","slug":"orlando-ketchup","status":"publish","type":"product","link":"https:\/\/iberoo.com\/de\/produkt\/orlando-ketchup\/","title":{"rendered":"Orlando Ketchup"},"content":{"rendered":"<p>Orlando Ketchup vereint den ausgewogenen Geschmack der charakteristischen Tomatens\u00fc\u00dfe mit einer milden, angenehmen Note und ist daher bei Kindern und Erwachsenen gleicherma\u00dfen beliebt. Er ist vielseitig einsetzbar und eignet sich perfekt f\u00fcr zwanglose Mahlzeiten, schnelle Abendessen oder als Snack.<\/p>\n<p>Das 300-Gramm-Glas verf\u00fcgt \u00fcber einen praktischen, tropffreien Spender f\u00fcr eine einfache und saubere Anwendung. Dank dieses Systems l\u00e4sst sich die Dosierung pr\u00e4zise steuern, wodurch unn\u00f6tiges Versch\u00fctten und Kleckern vermieden wird. Durch sein ansprechendes Design ist es zudem leicht griffbereit auf dem Tisch oder im K\u00fchlschrank aufzubewahren und passt zu jedem Gericht.<\/p>\n<p>Dieser Ketchup passt besonders gut zu Hamburgern, Pommes frites, Hotdogs und Sandwiches, kann aber auch als Zutat in selbstgemachten Rezepten wie Saucen, Marinaden oder Fleisch- und Gefl\u00fcgelgerichten verwendet werden. Dank seiner cremigen Konsistenz l\u00e4sst er sich leicht verstreichen und harmoniert perfekt mit anderen Zutaten.<\/p>\n<p>Orlando Ketchup ist f\u00fcr den t\u00e4glichen Gebrauch konzipiert und liefert stets gleichbleibende und zuverl\u00e4ssige Ergebnisse. Dieses praktische und einfach anzuwendende Produkt mit seinem unverwechselbaren Geschmack ist ideal f\u00fcr alle, die Wert auf Komfort und ein zuverl\u00e4ssiges Grundnahrungsmittel in ihrer t\u00e4glichen K\u00fcche legen.<\/p>","protected":false},"excerpt":{"rendered":"<p>Orlando Ketchup ist ein klassisches W\u00fcrzmittel, das auf keinem Tisch fehlen darf und Gerichten aller Art eine geschmackvolle und unverwechselbare Note verleiht. 300-g-Flasche mit Dosierer.<\/p>","protected":false},"featured_media":2217,"comment_status":"closed","ping_status":"closed","template":"","meta":[],"product_brand":[190],"product_cat":[193],"product_tag":[],"class_list":{"0":"post-2216","1":"product","2":"type-product","3":"status-publish","4":"has-post-thumbnail","6":"product_brand-orlando","7":"product_cat-salsas-y-especias","9":"first","10":"instock","11":"shipping-taxable","12":"purchasable","13":"product-type-simple"},"yoast_head":"<!-- This site is optimized with the Yoast SEO plugin v27.3 - https:\/\/yoast.com\/product\/yoast-seo-wordpress\/ -->\n<title>Ketchup Orlando - Iberoo<\/title>\n<meta name=\"robots\" content=\"index, follow, max-snippet:-1, max-image-preview:large, max-video-preview:-1\" \/>\n<link rel=\"canonical\" href=\"https:\/\/iberoo.com\/de\/produkt\/orlando-ketchup\/\" \/>\n<meta property=\"og:locale\" content=\"de_DE\" \/>\n<meta property=\"og:type\" content=\"article\" \/>\n<meta property=\"og:title\" content=\"Ketchup Orlando - Iberoo\" \/>\n<meta property=\"og:description\" content=\"El Ketchup Orlando es un acompa\u00f1amiento cl\u00e1sico que no puede faltar en la mesa, ideal para dar un toque sabroso y reconocible a todo tipo de platos. Bote con dosificador de 300g.\" \/>\n<meta property=\"og:url\" content=\"https:\/\/iberoo.com\/de\/produkt\/orlando-ketchup\/\" \/>\n<meta property=\"og:site_name\" content=\"Iberoo\" \/>\n<meta property=\"article:modified_time\" content=\"2026-01-07T14:53:56+00:00\" \/>\n<meta property=\"og:image\" content=\"https:\/\/iberoo.com\/wp-content\/uploads\/2025\/12\/orlando-ketchup.jpg\" \/>\n\t<meta property=\"og:image:width\" content=\"1200\" \/>\n\t<meta property=\"og:image:height\" content=\"1200\" \/>\n\t<meta property=\"og:image:type\" content=\"image\/jpeg\" \/>\n<meta name=\"twitter:card\" content=\"summary_large_image\" \/>\n<meta name=\"twitter:label1\" content=\"Preis\" \/>\n\t<meta name=\"twitter:data1\" content=\"2,45&nbsp;&euro;\" \/>\n\t<meta name=\"twitter:label2\" content=\"Verf\u00fcgbarkeit\" \/>\n\t<meta name=\"twitter:data2\" content=\"Auf Lager\" \/>\n<script type=\"application\/ld+json\" class=\"yoast-schema-graph\">{\"@context\":\"https:\\\/\\\/schema.org\",\"@graph\":[{\"@type\":\"WebPage\",\"@id\":\"https:\\\/\\\/iberoo.com\\\/producto\\\/ketchup-orlando\\\/\",\"url\":\"https:\\\/\\\/iberoo.com\\\/producto\\\/ketchup-orlando\\\/\",\"name\":\"Ketchup Orlando - Iberoo\",\"isPartOf\":{\"@id\":\"https:\\\/\\\/iberoo.com\\\/#website\"},\"primaryImageOfPage\":{\"@id\":\"https:\\\/\\\/iberoo.com\\\/producto\\\/ketchup-orlando\\\/#primaryimage\"},\"image\":{\"@id\":\"https:\\\/\\\/iberoo.com\\\/producto\\\/ketchup-orlando\\\/#primaryimage\"},\"thumbnailUrl\":\"https:\\\/\\\/iberoo.com\\\/wp-content\\\/uploads\\\/2025\\\/12\\\/orlando-ketchup.jpg\",\"datePublished\":\"2025-12-28T11:41:20+00:00\",\"dateModified\":\"2026-01-07T14:53:56+00:00\",\"breadcrumb\":{\"@id\":\"https:\\\/\\\/iberoo.com\\\/producto\\\/ketchup-orlando\\\/#breadcrumb\"},\"inLanguage\":\"de\",\"potentialAction\":[{\"@type\":\"ReadAction\",\"target\":[\"https:\\\/\\\/iberoo.com\\\/producto\\\/ketchup-orlando\\\/\"]}]},{\"@type\":\"ImageObject\",\"inLanguage\":\"de\",\"@id\":\"https:\\\/\\\/iberoo.com\\\/producto\\\/ketchup-orlando\\\/#primaryimage\",\"url\":\"https:\\\/\\\/iberoo.com\\\/wp-content\\\/uploads\\\/2025\\\/12\\\/orlando-ketchup.jpg\",\"contentUrl\":\"https:\\\/\\\/iberoo.com\\\/wp-content\\\/uploads\\\/2025\\\/12\\\/orlando-ketchup.jpg\",\"width\":1200,\"height\":1200,\"caption\":\"Ketchup Orlando\"},{\"@type\":\"BreadcrumbList\",\"@id\":\"https:\\\/\\\/iberoo.com\\\/producto\\\/ketchup-orlando\\\/#breadcrumb\",\"itemListElement\":[{\"@type\":\"ListItem\",\"position\":1,\"name\":\"Portada\",\"item\":\"https:\\\/\\\/iberoo.com\\\/\"},{\"@type\":\"ListItem\",\"position\":2,\"name\":\"Tienda Online\",\"item\":\"https:\\\/\\\/iberoo.com\\\/tienda\\\/\"},{\"@type\":\"ListItem\",\"position\":3,\"name\":\"Ketchup Orlando\"}]},{\"@type\":\"WebSite\",\"@id\":\"https:\\\/\\\/iberoo.com\\\/#website\",\"url\":\"https:\\\/\\\/iberoo.com\\\/\",\"name\":\"Iberoo\",\"description\":\"\",\"publisher\":{\"@id\":\"https:\\\/\\\/iberoo.com\\\/#organization\"},\"potentialAction\":[{\"@type\":\"SearchAction\",\"target\":{\"@type\":\"EntryPoint\",\"urlTemplate\":\"https:\\\/\\\/iberoo.com\\\/?s={search_term_string}\"},\"query-input\":{\"@type\":\"PropertyValueSpecification\",\"valueRequired\":true,\"valueName\":\"search_term_string\"}}],\"inLanguage\":\"de\"},{\"@type\":\"Organization\",\"@id\":\"https:\\\/\\\/iberoo.com\\\/#organization\",\"name\":\"Iberoo\",\"url\":\"https:\\\/\\\/iberoo.com\\\/\",\"logo\":{\"@type\":\"ImageObject\",\"inLanguage\":\"de\",\"@id\":\"https:\\\/\\\/iberoo.com\\\/#\\\/schema\\\/logo\\\/image\\\/\",\"url\":\"https:\\\/\\\/iberoo.com\\\/wp-content\\\/uploads\\\/2025\\\/11\\\/logo-cuadrado.jpg\",\"contentUrl\":\"https:\\\/\\\/iberoo.com\\\/wp-content\\\/uploads\\\/2025\\\/11\\\/logo-cuadrado.jpg\",\"width\":700,\"height\":700,\"caption\":\"Iberoo\"},\"image\":{\"@id\":\"https:\\\/\\\/iberoo.com\\\/#\\\/schema\\\/logo\\\/image\\\/\"}}]}<\/script>\n<meta property=\"product:brand\" content=\"Orlando\" \/>\n<meta property=\"product:price:amount\" content=\"2.45\" \/>\n<meta property=\"product:price:currency\" content=\"EUR\" \/>\n<meta property=\"og:availability\" content=\"instock\" \/>\n<meta property=\"product:availability\" content=\"instock\" \/>\n<meta property=\"product:condition\" content=\"new\" \/>\n<!-- \/ Yoast SEO plugin. -->","yoast_head_json":{"title":"Orlando Ketchup - Iberoo","robots":{"index":"index","follow":"follow","max-snippet":"max-snippet:-1","max-image-preview":"max-image-preview:large","max-video-preview":"max-video-preview:-1"},"canonical":"https:\/\/iberoo.com\/de\/produkt\/orlando-ketchup\/","og_locale":"de_DE","og_type":"article","og_title":"Ketchup Orlando - Iberoo","og_description":"El Ketchup Orlando es un acompa\u00f1amiento cl\u00e1sico que no puede faltar en la mesa, ideal para dar un toque sabroso y reconocible a todo tipo de platos. Bote con dosificador de 300g.","og_url":"https:\/\/iberoo.com\/de\/produkt\/orlando-ketchup\/","og_site_name":"Iberoo","article_modified_time":"2026-01-07T14:53:56+00:00","og_image":[{"width":1200,"height":1200,"url":"https:\/\/iberoo.com\/wp-content\/uploads\/2025\/12\/orlando-ketchup.jpg","type":"image\/jpeg"}],"twitter_card":"summary_large_image","twitter_misc":{"Preis":"2,45&nbsp;&euro;","Verf\u00fcgbarkeit":"Auf Lager"},"schema":{"@context":"https:\/\/schema.org","@graph":[{"@type":"WebPage","@id":"https:\/\/iberoo.com\/producto\/ketchup-orlando\/","url":"https:\/\/iberoo.com\/producto\/ketchup-orlando\/","name":"Orlando Ketchup - Iberoo","isPartOf":{"@id":"https:\/\/iberoo.com\/#website"},"primaryImageOfPage":{"@id":"https:\/\/iberoo.com\/producto\/ketchup-orlando\/#primaryimage"},"image":{"@id":"https:\/\/iberoo.com\/producto\/ketchup-orlando\/#primaryimage"},"thumbnailUrl":"https:\/\/iberoo.com\/wp-content\/uploads\/2025\/12\/orlando-ketchup.jpg","datePublished":"2025-12-28T11:41:20+00:00","dateModified":"2026-01-07T14:53:56+00:00","breadcrumb":{"@id":"https:\/\/iberoo.com\/producto\/ketchup-orlando\/#breadcrumb"},"inLanguage":"de","potentialAction":[{"@type":"ReadAction","target":["https:\/\/iberoo.com\/producto\/ketchup-orlando\/"]}]},{"@type":"ImageObject","inLanguage":"de","@id":"https:\/\/iberoo.com\/producto\/ketchup-orlando\/#primaryimage","url":"https:\/\/iberoo.com\/wp-content\/uploads\/2025\/12\/orlando-ketchup.jpg","contentUrl":"https:\/\/iberoo.com\/wp-content\/uploads\/2025\/12\/orlando-ketchup.jpg","width":1200,"height":1200,"caption":"Ketchup Orlando"},{"@type":"BreadcrumbList","@id":"https:\/\/iberoo.com\/producto\/ketchup-orlando\/#breadcrumb","itemListElement":[{"@type":"ListItem","position":1,"name":"Portada","item":"https:\/\/iberoo.com\/"},{"@type":"ListItem","position":2,"name":"Tienda Online","item":"https:\/\/iberoo.com\/tienda\/"},{"@type":"ListItem","position":3,"name":"Ketchup Orlando"}]},{"@type":"WebSite","@id":"https:\/\/iberoo.com\/#website","url":"https:\/\/iberoo.com\/","name":"Iberoo","description":"","publisher":{"@id":"https:\/\/iberoo.com\/#organization"},"potentialAction":[{"@type":"SearchAction","target":{"@type":"EntryPoint","urlTemplate":"https:\/\/iberoo.com\/?s={search_term_string}"},"query-input":{"@type":"PropertyValueSpecification","valueRequired":true,"valueName":"search_term_string"}}],"inLanguage":"de"},{"@type":"Organization","@id":"https:\/\/iberoo.com\/#organization","name":"Iberoo","url":"https:\/\/iberoo.com\/","logo":{"@type":"ImageObject","inLanguage":"de","@id":"https:\/\/iberoo.com\/#\/schema\/logo\/image\/","url":"https:\/\/iberoo.com\/wp-content\/uploads\/2025\/11\/logo-cuadrado.jpg","contentUrl":"https:\/\/iberoo.com\/wp-content\/uploads\/2025\/11\/logo-cuadrado.jpg","width":700,"height":700,"caption":"Iberoo"},"image":{"@id":"https:\/\/iberoo.com\/#\/schema\/logo\/image\/"}}]},"product_brand":"Orlando","product_price_amount":"2.45","product_price_currency":"EUR","og_availability":"instock","product_availability":"instock","product_condition":"new"},"_links":{"self":[{"href":"https:\/\/iberoo.com\/de\/wp-json\/wp\/v2\/product\/2216","targetHints":{"allow":["GET"]}}],"collection":[{"href":"https:\/\/iberoo.com\/de\/wp-json\/wp\/v2\/product"}],"about":[{"href":"https:\/\/iberoo.com\/de\/wp-json\/wp\/v2\/types\/product"}],"replies":[{"embeddable":true,"href":"https:\/\/iberoo.com\/de\/wp-json\/wp\/v2\/comments?post=2216"}],"wp:featuredmedia":[{"embeddable":true,"href":"https:\/\/iberoo.com\/de\/wp-json\/wp\/v2\/media\/2217"}],"wp:attachment":[{"href":"https:\/\/iberoo.com\/de\/wp-json\/wp\/v2\/media?parent=2216"}],"wp:term":[{"taxonomy":"product_brand","embeddable":true,"href":"https:\/\/iberoo.com\/de\/wp-json\/wp\/v2\/product_brand?post=2216"},{"taxonomy":"product_cat","embeddable":true,"href":"https:\/\/iberoo.com\/de\/wp-json\/wp\/v2\/product_cat?post=2216"},{"taxonomy":"product_tag","embeddable":true,"href":"https:\/\/iberoo.com\/de\/wp-json\/wp\/v2\/product_tag?post=2216"}],"curies":[{"name":"wp","href":"https:\/\/api.w.org\/{rel}","templated":true}]}}