{"id":2290,"date":"2026-01-03T01:56:28","date_gmt":"2026-01-03T00:56:28","guid":{"rendered":"https:\/\/iberoo.com\/?post_type=product&#038;p=2290"},"modified":"2026-01-03T01:56:28","modified_gmt":"2026-01-03T00:56:28","slug":"valor-reiner-kakao","status":"publish","type":"product","link":"https:\/\/iberoo.com\/de\/produkt\/valor-reiner-kakao\/","title":{"rendered":"Valor Reiner Kakao"},"content":{"rendered":"<p>Valor reiner Kakao ist in zwei Varianten erh\u00e4ltlich \u2013 nat\u00fcrlicher reiner Kakao und entfetteter reiner Kakao \u2013 und bietet so zwei verschiedene M\u00f6glichkeiten, Kakao aus derselben Quelle zu genie\u00dfen, angepasst an pers\u00f6nliche Vorlieben und unterschiedliche Verwendungszwecke in der K\u00fcche.<\/p>\n<p>Reiner, nat\u00fcrlicher Kakao bewahrt die ganze Reichhaltigkeit der Kakaobutter und sorgt so f\u00fcr einen intensiven, vollmundigen Geschmack und eine besonders cremige Textur. Er ist die ideale Wahl f\u00fcr alle, die kr\u00e4ftige Kakaogetr\u00e4nke lieben, sowie f\u00fcr traditionelle Backrezepte, die einen tiefen, vollmundigen Geschmack erfordern. Entfetteter, reiner Kakao hingegen reduziert seinen Fettgehalt und bewahrt das charakteristische Aroma und den Geschmack von Kakao, ist aber etwas leichter. Diese Sorte eignet sich besonders f\u00fcr ausgewogene Rezepte, Smoothies, Joghurts oder Zubereitungen, bei denen die Intensit\u00e4t kontrolliert werden soll, ohne den Geschmack zu beeintr\u00e4chtigen.<\/p>\n<p>Beide Formate folgen derselben Philosophie: 100 % Kakao ohne unn\u00f6tige Zusatzstoffe, mit einem unverf\u00e4lschten und authentischen Geschmack. Das 250-g-Glas ist praktisch und einfach zu lagern, sch\u00fctzt das Produkt vor Feuchtigkeit und erm\u00f6glicht eine bequeme t\u00e4gliche Verwendung. Dank der einfachen Dosierung l\u00e4sst sich der Kakao m\u00fchelos in s\u00fc\u00dfe Rezepte sowie in kreativere Gerichte wie Saucen, Cremes oder hausgemachte Desserts einarbeiten.<\/p>\n<p>Valor reiner Kakao ist eine vielseitige Zutat, die sich mit traditioneller K\u00fcche und neuen Genussweisen von Kakao verbindet und in jedem L\u00f6ffel Qualit\u00e4t, Tradition und ein authentisches Erlebnis bietet.<\/p>","protected":false},"excerpt":{"rendered":"<p>Valor reiner Kakao im 250g-Glas ist f\u00fcr all jene gedacht, die eine authentische Zutat suchen, ohne k\u00fcnstliche Zus\u00e4tze und mit dem vollen Charakter des Kakaos in seiner nat\u00fcrlichsten Form.<\/p>","protected":false},"featured_media":2291,"comment_status":"closed","ping_status":"closed","template":"","meta":[],"product_brand":[208],"product_cat":[205,139],"product_tag":[],"class_list":{"0":"post-2290","1":"product","2":"type-product","3":"status-publish","4":"has-post-thumbnail","6":"product_brand-valor","7":"product_cat-cafe-y-cacao","8":"product_cat-dulces-y-desayuno","10":"first","11":"instock","12":"shipping-taxable","13":"purchasable","14":"product-type-variable"},"yoast_head":"<!-- This site is optimized with the Yoast SEO plugin v27.3 - https:\/\/yoast.com\/product\/yoast-seo-wordpress\/ -->\n<title>Cacao Puro Valor - Iberoo<\/title>\n<meta name=\"description\" content=\"El cacao puro Valor est\u00e1 pensado para quienes buscan un ingrediente aut\u00e9ntico, sin artificios, y con todo el car\u00e1cter del cacao.\" \/>\n<meta name=\"robots\" content=\"index, follow, max-snippet:-1, max-image-preview:large, max-video-preview:-1\" \/>\n<link rel=\"canonical\" href=\"https:\/\/iberoo.com\/de\/produkt\/valor-reiner-kakao\/\" \/>\n<meta property=\"og:locale\" content=\"de_DE\" \/>\n<meta property=\"og:type\" content=\"article\" \/>\n<meta property=\"og:title\" content=\"Cacao Puro Valor - Iberoo\" \/>\n<meta property=\"og:description\" content=\"El cacao puro Valor est\u00e1 pensado para quienes buscan un ingrediente aut\u00e9ntico, sin artificios, y con todo el car\u00e1cter del cacao.\" \/>\n<meta property=\"og:url\" content=\"https:\/\/iberoo.com\/de\/produkt\/valor-reiner-kakao\/\" \/>\n<meta property=\"og:site_name\" content=\"Iberoo\" \/>\n<meta property=\"og:image\" content=\"https:\/\/iberoo.com\/wp-content\/uploads\/2026\/01\/valor-cacao.jpg\" \/>\n\t<meta property=\"og:image:width\" content=\"800\" \/>\n\t<meta property=\"og:image:height\" content=\"800\" \/>\n\t<meta property=\"og:image:type\" content=\"image\/jpeg\" \/>\n<meta name=\"twitter:card\" content=\"summary_large_image\" \/>\n<meta name=\"twitter:label1\" content=\"Verf\u00fcgbarkeit\" \/>\n\t<meta name=\"twitter:data1\" content=\"Auf Lager\" \/>\n<script type=\"application\/ld+json\" class=\"yoast-schema-graph\">{\"@context\":\"https:\\\/\\\/schema.org\",\"@graph\":[{\"@type\":\"WebPage\",\"@id\":\"https:\\\/\\\/iberoo.com\\\/producto\\\/cacao-puro-valor\\\/\",\"url\":\"https:\\\/\\\/iberoo.com\\\/producto\\\/cacao-puro-valor\\\/\",\"name\":\"Cacao Puro Valor - Iberoo\",\"isPartOf\":{\"@id\":\"https:\\\/\\\/iberoo.com\\\/#website\"},\"primaryImageOfPage\":{\"@id\":\"https:\\\/\\\/iberoo.com\\\/producto\\\/cacao-puro-valor\\\/#primaryimage\"},\"image\":{\"@id\":\"https:\\\/\\\/iberoo.com\\\/producto\\\/cacao-puro-valor\\\/#primaryimage\"},\"thumbnailUrl\":\"https:\\\/\\\/iberoo.com\\\/wp-content\\\/uploads\\\/2026\\\/01\\\/valor-cacao.jpg\",\"datePublished\":\"2026-01-03T00:56:28+00:00\",\"description\":\"El cacao puro Valor est\u00e1 pensado para quienes buscan un ingrediente aut\u00e9ntico, sin artificios, y con todo el car\u00e1cter del cacao.\",\"breadcrumb\":{\"@id\":\"https:\\\/\\\/iberoo.com\\\/producto\\\/cacao-puro-valor\\\/#breadcrumb\"},\"inLanguage\":\"de\",\"potentialAction\":[{\"@type\":\"ReadAction\",\"target\":[\"https:\\\/\\\/iberoo.com\\\/producto\\\/cacao-puro-valor\\\/\"]}]},{\"@type\":\"ImageObject\",\"inLanguage\":\"de\",\"@id\":\"https:\\\/\\\/iberoo.com\\\/producto\\\/cacao-puro-valor\\\/#primaryimage\",\"url\":\"https:\\\/\\\/iberoo.com\\\/wp-content\\\/uploads\\\/2026\\\/01\\\/valor-cacao.jpg\",\"contentUrl\":\"https:\\\/\\\/iberoo.com\\\/wp-content\\\/uploads\\\/2026\\\/01\\\/valor-cacao.jpg\",\"width\":800,\"height\":800,\"caption\":\"Cacao Valor\"},{\"@type\":\"BreadcrumbList\",\"@id\":\"https:\\\/\\\/iberoo.com\\\/producto\\\/cacao-puro-valor\\\/#breadcrumb\",\"itemListElement\":[{\"@type\":\"ListItem\",\"position\":1,\"name\":\"Portada\",\"item\":\"https:\\\/\\\/iberoo.com\\\/\"},{\"@type\":\"ListItem\",\"position\":2,\"name\":\"Tienda Online\",\"item\":\"https:\\\/\\\/iberoo.com\\\/tienda\\\/\"},{\"@type\":\"ListItem\",\"position\":3,\"name\":\"Cacao Puro Valor\"}]},{\"@type\":\"WebSite\",\"@id\":\"https:\\\/\\\/iberoo.com\\\/#website\",\"url\":\"https:\\\/\\\/iberoo.com\\\/\",\"name\":\"Iberoo\",\"description\":\"\",\"publisher\":{\"@id\":\"https:\\\/\\\/iberoo.com\\\/#organization\"},\"potentialAction\":[{\"@type\":\"SearchAction\",\"target\":{\"@type\":\"EntryPoint\",\"urlTemplate\":\"https:\\\/\\\/iberoo.com\\\/?s={search_term_string}\"},\"query-input\":{\"@type\":\"PropertyValueSpecification\",\"valueRequired\":true,\"valueName\":\"search_term_string\"}}],\"inLanguage\":\"de\"},{\"@type\":\"Organization\",\"@id\":\"https:\\\/\\\/iberoo.com\\\/#organization\",\"name\":\"Iberoo\",\"url\":\"https:\\\/\\\/iberoo.com\\\/\",\"logo\":{\"@type\":\"ImageObject\",\"inLanguage\":\"de\",\"@id\":\"https:\\\/\\\/iberoo.com\\\/#\\\/schema\\\/logo\\\/image\\\/\",\"url\":\"https:\\\/\\\/iberoo.com\\\/wp-content\\\/uploads\\\/2025\\\/11\\\/logo-cuadrado.jpg\",\"contentUrl\":\"https:\\\/\\\/iberoo.com\\\/wp-content\\\/uploads\\\/2025\\\/11\\\/logo-cuadrado.jpg\",\"width\":700,\"height\":700,\"caption\":\"Iberoo\"},\"image\":{\"@id\":\"https:\\\/\\\/iberoo.com\\\/#\\\/schema\\\/logo\\\/image\\\/\"}}]}<\/script>\n<meta property=\"product:brand\" content=\"Valor\" \/>\n<meta property=\"og:availability\" content=\"instock\" \/>\n<meta property=\"product:availability\" content=\"instock\" \/>\n<meta property=\"product:condition\" content=\"new\" \/>\n<!-- \/ Yoast SEO plugin. -->","yoast_head_json":{"title":"Valor Reiner Kakao - Iberoo","description":"Valor reiner Kakao wurde f\u00fcr all jene entwickelt, die eine authentische Zutat suchen \u2013 ohne k\u00fcnstliche Zus\u00e4tze und mit dem vollen Charakter von Kakao.","robots":{"index":"index","follow":"follow","max-snippet":"max-snippet:-1","max-image-preview":"max-image-preview:large","max-video-preview":"max-video-preview:-1"},"canonical":"https:\/\/iberoo.com\/de\/produkt\/valor-reiner-kakao\/","og_locale":"de_DE","og_type":"article","og_title":"Cacao Puro Valor - Iberoo","og_description":"El cacao puro Valor est\u00e1 pensado para quienes buscan un ingrediente aut\u00e9ntico, sin artificios, y con todo el car\u00e1cter del cacao.","og_url":"https:\/\/iberoo.com\/de\/produkt\/valor-reiner-kakao\/","og_site_name":"Iberoo","og_image":[{"width":800,"height":800,"url":"https:\/\/iberoo.com\/wp-content\/uploads\/2026\/01\/valor-cacao.jpg","type":"image\/jpeg"}],"twitter_card":"summary_large_image","twitter_misc":{"Verf\u00fcgbarkeit":"Auf Lager"},"schema":{"@context":"https:\/\/schema.org","@graph":[{"@type":"WebPage","@id":"https:\/\/iberoo.com\/producto\/cacao-puro-valor\/","url":"https:\/\/iberoo.com\/producto\/cacao-puro-valor\/","name":"Valor Reiner Kakao - Iberoo","isPartOf":{"@id":"https:\/\/iberoo.com\/#website"},"primaryImageOfPage":{"@id":"https:\/\/iberoo.com\/producto\/cacao-puro-valor\/#primaryimage"},"image":{"@id":"https:\/\/iberoo.com\/producto\/cacao-puro-valor\/#primaryimage"},"thumbnailUrl":"https:\/\/iberoo.com\/wp-content\/uploads\/2026\/01\/valor-cacao.jpg","datePublished":"2026-01-03T00:56:28+00:00","description":"Valor reiner Kakao wurde f\u00fcr all jene entwickelt, die eine authentische Zutat suchen \u2013 ohne k\u00fcnstliche Zus\u00e4tze und mit dem vollen Charakter von Kakao.","breadcrumb":{"@id":"https:\/\/iberoo.com\/producto\/cacao-puro-valor\/#breadcrumb"},"inLanguage":"de","potentialAction":[{"@type":"ReadAction","target":["https:\/\/iberoo.com\/producto\/cacao-puro-valor\/"]}]},{"@type":"ImageObject","inLanguage":"de","@id":"https:\/\/iberoo.com\/producto\/cacao-puro-valor\/#primaryimage","url":"https:\/\/iberoo.com\/wp-content\/uploads\/2026\/01\/valor-cacao.jpg","contentUrl":"https:\/\/iberoo.com\/wp-content\/uploads\/2026\/01\/valor-cacao.jpg","width":800,"height":800,"caption":"Cacao Valor"},{"@type":"BreadcrumbList","@id":"https:\/\/iberoo.com\/producto\/cacao-puro-valor\/#breadcrumb","itemListElement":[{"@type":"ListItem","position":1,"name":"Portada","item":"https:\/\/iberoo.com\/"},{"@type":"ListItem","position":2,"name":"Tienda Online","item":"https:\/\/iberoo.com\/tienda\/"},{"@type":"ListItem","position":3,"name":"Cacao Puro Valor"}]},{"@type":"WebSite","@id":"https:\/\/iberoo.com\/#website","url":"https:\/\/iberoo.com\/","name":"Iberoo","description":"","publisher":{"@id":"https:\/\/iberoo.com\/#organization"},"potentialAction":[{"@type":"SearchAction","target":{"@type":"EntryPoint","urlTemplate":"https:\/\/iberoo.com\/?s={search_term_string}"},"query-input":{"@type":"PropertyValueSpecification","valueRequired":true,"valueName":"search_term_string"}}],"inLanguage":"de"},{"@type":"Organization","@id":"https:\/\/iberoo.com\/#organization","name":"Iberoo","url":"https:\/\/iberoo.com\/","logo":{"@type":"ImageObject","inLanguage":"de","@id":"https:\/\/iberoo.com\/#\/schema\/logo\/image\/","url":"https:\/\/iberoo.com\/wp-content\/uploads\/2025\/11\/logo-cuadrado.jpg","contentUrl":"https:\/\/iberoo.com\/wp-content\/uploads\/2025\/11\/logo-cuadrado.jpg","width":700,"height":700,"caption":"Iberoo"},"image":{"@id":"https:\/\/iberoo.com\/#\/schema\/logo\/image\/"}}]},"product_brand":"Valor","og_availability":"instock","product_availability":"instock","product_condition":"new"},"_links":{"self":[{"href":"https:\/\/iberoo.com\/de\/wp-json\/wp\/v2\/product\/2290","targetHints":{"allow":["GET"]}}],"collection":[{"href":"https:\/\/iberoo.com\/de\/wp-json\/wp\/v2\/product"}],"about":[{"href":"https:\/\/iberoo.com\/de\/wp-json\/wp\/v2\/types\/product"}],"replies":[{"embeddable":true,"href":"https:\/\/iberoo.com\/de\/wp-json\/wp\/v2\/comments?post=2290"}],"wp:featuredmedia":[{"embeddable":true,"href":"https:\/\/iberoo.com\/de\/wp-json\/wp\/v2\/media\/2291"}],"wp:attachment":[{"href":"https:\/\/iberoo.com\/de\/wp-json\/wp\/v2\/media?parent=2290"}],"wp:term":[{"taxonomy":"product_brand","embeddable":true,"href":"https:\/\/iberoo.com\/de\/wp-json\/wp\/v2\/product_brand?post=2290"},{"taxonomy":"product_cat","embeddable":true,"href":"https:\/\/iberoo.com\/de\/wp-json\/wp\/v2\/product_cat?post=2290"},{"taxonomy":"product_tag","embeddable":true,"href":"https:\/\/iberoo.com\/de\/wp-json\/wp\/v2\/product_tag?post=2290"}],"curies":[{"name":"wp","href":"https:\/\/api.w.org\/{rel}","templated":true}]}}