{"id":2318,"date":"2026-01-04T13:34:06","date_gmt":"2026-01-04T12:34:06","guid":{"rendered":"https:\/\/iberoo.com\/?post_type=product&#038;p=2318"},"modified":"2026-01-04T13:48:52","modified_gmt":"2026-01-04T12:48:52","slug":"bonka-gemahlener-kaffee","status":"publish","type":"product","link":"https:\/\/iberoo.com\/de\/produkt\/bonka-gemahlener-kaffee\/","title":{"rendered":"Bonka gemahlener Kaffee"},"content":{"rendered":"<p>Bonka gemahlener Kaffee wird aus sorgf\u00e4ltig ausgew\u00e4hlten Bohnen hergestellt und bietet vom ersten Moment an ein angenehmes aromatisches Erlebnis, ob beim Fr\u00fchst\u00fcck, nach dem Essen oder w\u00e4hrend einer ruhigen Pause.<\/p>\n<p>Diese nat\u00fcrlich gemahlene Kaffeesorte zeichnet sich durch ihr ausgewogenes, rundes Aroma, ihr intensives Duft und ihren milden, nicht bitteren Geschmack aus. Sie eignet sich ideal f\u00fcr traditionelle Kaffeemaschinen, Filterkaffeemaschinen und Tropfkaffeemaschinen und passt sich verschiedenen Br\u00fchmethoden an, ohne ihren Charakter zu verlieren. Der Mahlgrad ist so gew\u00e4hlt, dass eine gleichm\u00e4\u00dfige Extraktion gew\u00e4hrleistet ist und Sie so jedes Mal eine klare und vollmundige Tasse Kaffee genie\u00dfen k\u00f6nnen.<\/p>\n<p>Bonka entkoffeinierter gemahlener Kaffee bewahrt den charakteristischen Geschmack und das Aroma von Kaffee, enth\u00e4lt aber deutlich weniger Koffein. Damit ist er die perfekte Alternative f\u00fcr alle, die mehrere Tassen t\u00e4glich genie\u00dfen oder sich nachmittags oder abends unbeschwert einen Kaffee g\u00f6nnen m\u00f6chten. Diese Sorte beh\u00e4lt ihren vollen K\u00f6rper und die R\u00f6stnoten und beweist, dass auch entkoffeinierter Kaffee ein vollwertiges Geschmackserlebnis bieten kann.<\/p>\n<p>Die 250-g-Packung ist praktisch und handlich und ideal, um Kaffee l\u00e4nger frisch zu halten und seine Aromen zu bewahren. Sie eignet sich sowohl f\u00fcr den Einzelgenuss als auch f\u00fcr Haushalte, in denen Kaffee zum t\u00e4glichen Speiseplan geh\u00f6rt. Bonka bietet damit unkomplizierten und zuverl\u00e4ssigen gemahlenen Kaffee f\u00fcr alle, die Wert auf hervorragenden Geschmack und gleichbleibenden Genuss in jeder Tasse legen \u2013 ohne Schnickschnack oder k\u00fcnstliche Zutaten.<\/p>","protected":false},"excerpt":{"rendered":"<p>Bonka gemahlener Kaffee in einer 250-Gramm-Packung ist eine Option f\u00fcr diejenigen, die Kaffee als Teil ihrer t\u00e4glichen Routine genie\u00dfen und Wert auf einen gleichbleibenden, ausgewogenen und einfach zuzubereitenden Geschmack legen.<\/p>","protected":false},"featured_media":2319,"comment_status":"closed","ping_status":"closed","template":"","meta":[],"product_brand":[210],"product_cat":[205,139],"product_tag":[],"class_list":{"0":"post-2318","1":"product","2":"type-product","3":"status-publish","4":"has-post-thumbnail","6":"product_brand-bonka","7":"product_cat-cafe-y-cacao","8":"product_cat-dulces-y-desayuno","10":"first","11":"instock","12":"shipping-taxable","13":"purchasable","14":"product-type-variable"},"yoast_head":"<!-- This site is optimized with the Yoast SEO plugin v27.3 - https:\/\/yoast.com\/product\/yoast-seo-wordpress\/ -->\n<title>Caf\u00e9 Molido Bonka - Iberoo<\/title>\n<meta name=\"description\" content=\"El caf\u00e9 molido Bonka es una opci\u00f3n pensada para quienes disfrutan del caf\u00e9 como parte de su rutina diaria y valoran un sabor constante y equilibrado.\" \/>\n<meta name=\"robots\" content=\"index, follow, max-snippet:-1, max-image-preview:large, max-video-preview:-1\" \/>\n<link rel=\"canonical\" href=\"https:\/\/iberoo.com\/de\/produkt\/bonka-gemahlener-kaffee\/\" \/>\n<meta property=\"og:locale\" content=\"de_DE\" \/>\n<meta property=\"og:type\" content=\"article\" \/>\n<meta property=\"og:title\" content=\"Caf\u00e9 Molido Bonka - Iberoo\" \/>\n<meta property=\"og:description\" content=\"El caf\u00e9 molido Bonka es una opci\u00f3n pensada para quienes disfrutan del caf\u00e9 como parte de su rutina diaria y valoran un sabor constante y equilibrado.\" \/>\n<meta property=\"og:url\" content=\"https:\/\/iberoo.com\/de\/produkt\/bonka-gemahlener-kaffee\/\" \/>\n<meta property=\"og:site_name\" content=\"Iberoo\" \/>\n<meta property=\"article:modified_time\" content=\"2026-01-04T12:48:52+00:00\" \/>\n<meta property=\"og:image\" content=\"https:\/\/iberoo.com\/wp-content\/uploads\/2026\/01\/bonka-cafe-molido.jpg\" \/>\n\t<meta property=\"og:image:width\" content=\"800\" \/>\n\t<meta property=\"og:image:height\" content=\"800\" \/>\n\t<meta property=\"og:image:type\" content=\"image\/jpeg\" \/>\n<meta name=\"twitter:card\" content=\"summary_large_image\" \/>\n<meta name=\"twitter:label1\" content=\"Verf\u00fcgbarkeit\" \/>\n\t<meta name=\"twitter:data1\" content=\"Auf Lager\" \/>\n<script type=\"application\/ld+json\" class=\"yoast-schema-graph\">{\"@context\":\"https:\\\/\\\/schema.org\",\"@graph\":[{\"@type\":\"WebPage\",\"@id\":\"https:\\\/\\\/iberoo.com\\\/producto\\\/cafe-molido-bonka\\\/\",\"url\":\"https:\\\/\\\/iberoo.com\\\/producto\\\/cafe-molido-bonka\\\/\",\"name\":\"Caf\u00e9 Molido Bonka - Iberoo\",\"isPartOf\":{\"@id\":\"https:\\\/\\\/iberoo.com\\\/#website\"},\"primaryImageOfPage\":{\"@id\":\"https:\\\/\\\/iberoo.com\\\/producto\\\/cafe-molido-bonka\\\/#primaryimage\"},\"image\":{\"@id\":\"https:\\\/\\\/iberoo.com\\\/producto\\\/cafe-molido-bonka\\\/#primaryimage\"},\"thumbnailUrl\":\"https:\\\/\\\/iberoo.com\\\/wp-content\\\/uploads\\\/2026\\\/01\\\/bonka-cafe-molido.jpg\",\"datePublished\":\"2026-01-04T12:34:06+00:00\",\"dateModified\":\"2026-01-04T12:48:52+00:00\",\"description\":\"El caf\u00e9 molido Bonka es una opci\u00f3n pensada para quienes disfrutan del caf\u00e9 como parte de su rutina diaria y valoran un sabor constante y equilibrado.\",\"breadcrumb\":{\"@id\":\"https:\\\/\\\/iberoo.com\\\/producto\\\/cafe-molido-bonka\\\/#breadcrumb\"},\"inLanguage\":\"de\",\"potentialAction\":[{\"@type\":\"ReadAction\",\"target\":[\"https:\\\/\\\/iberoo.com\\\/producto\\\/cafe-molido-bonka\\\/\"]}]},{\"@type\":\"ImageObject\",\"inLanguage\":\"de\",\"@id\":\"https:\\\/\\\/iberoo.com\\\/producto\\\/cafe-molido-bonka\\\/#primaryimage\",\"url\":\"https:\\\/\\\/iberoo.com\\\/wp-content\\\/uploads\\\/2026\\\/01\\\/bonka-cafe-molido.jpg\",\"contentUrl\":\"https:\\\/\\\/iberoo.com\\\/wp-content\\\/uploads\\\/2026\\\/01\\\/bonka-cafe-molido.jpg\",\"width\":800,\"height\":800,\"caption\":\"Caf\u00e9 Molido Bonka\"},{\"@type\":\"BreadcrumbList\",\"@id\":\"https:\\\/\\\/iberoo.com\\\/producto\\\/cafe-molido-bonka\\\/#breadcrumb\",\"itemListElement\":[{\"@type\":\"ListItem\",\"position\":1,\"name\":\"Portada\",\"item\":\"https:\\\/\\\/iberoo.com\\\/\"},{\"@type\":\"ListItem\",\"position\":2,\"name\":\"Tienda Online\",\"item\":\"https:\\\/\\\/iberoo.com\\\/tienda\\\/\"},{\"@type\":\"ListItem\",\"position\":3,\"name\":\"Caf\u00e9 Molido Bonka\"}]},{\"@type\":\"WebSite\",\"@id\":\"https:\\\/\\\/iberoo.com\\\/#website\",\"url\":\"https:\\\/\\\/iberoo.com\\\/\",\"name\":\"Iberoo\",\"description\":\"\",\"publisher\":{\"@id\":\"https:\\\/\\\/iberoo.com\\\/#organization\"},\"potentialAction\":[{\"@type\":\"SearchAction\",\"target\":{\"@type\":\"EntryPoint\",\"urlTemplate\":\"https:\\\/\\\/iberoo.com\\\/?s={search_term_string}\"},\"query-input\":{\"@type\":\"PropertyValueSpecification\",\"valueRequired\":true,\"valueName\":\"search_term_string\"}}],\"inLanguage\":\"de\"},{\"@type\":\"Organization\",\"@id\":\"https:\\\/\\\/iberoo.com\\\/#organization\",\"name\":\"Iberoo\",\"url\":\"https:\\\/\\\/iberoo.com\\\/\",\"logo\":{\"@type\":\"ImageObject\",\"inLanguage\":\"de\",\"@id\":\"https:\\\/\\\/iberoo.com\\\/#\\\/schema\\\/logo\\\/image\\\/\",\"url\":\"https:\\\/\\\/iberoo.com\\\/wp-content\\\/uploads\\\/2025\\\/11\\\/logo-cuadrado.jpg\",\"contentUrl\":\"https:\\\/\\\/iberoo.com\\\/wp-content\\\/uploads\\\/2025\\\/11\\\/logo-cuadrado.jpg\",\"width\":700,\"height\":700,\"caption\":\"Iberoo\"},\"image\":{\"@id\":\"https:\\\/\\\/iberoo.com\\\/#\\\/schema\\\/logo\\\/image\\\/\"}}]}<\/script>\n<meta property=\"product:brand\" content=\"Bonka\" \/>\n<meta property=\"og:availability\" content=\"instock\" \/>\n<meta property=\"product:availability\" content=\"instock\" \/>\n<meta property=\"product:condition\" content=\"new\" \/>\n<!-- \/ Yoast SEO plugin. -->","yoast_head_json":{"title":"Bonka gemahlener Kaffee - Iberoo","description":"Bonka gemahlener Kaffee ist eine Option f\u00fcr diejenigen, die Kaffee als Teil ihrer t\u00e4glichen Routine genie\u00dfen und Wert auf einen gleichbleibenden und ausgewogenen Geschmack legen.","robots":{"index":"index","follow":"follow","max-snippet":"max-snippet:-1","max-image-preview":"max-image-preview:large","max-video-preview":"max-video-preview:-1"},"canonical":"https:\/\/iberoo.com\/de\/produkt\/bonka-gemahlener-kaffee\/","og_locale":"de_DE","og_type":"article","og_title":"Caf\u00e9 Molido Bonka - Iberoo","og_description":"El caf\u00e9 molido Bonka es una opci\u00f3n pensada para quienes disfrutan del caf\u00e9 como parte de su rutina diaria y valoran un sabor constante y equilibrado.","og_url":"https:\/\/iberoo.com\/de\/produkt\/bonka-gemahlener-kaffee\/","og_site_name":"Iberoo","article_modified_time":"2026-01-04T12:48:52+00:00","og_image":[{"width":800,"height":800,"url":"https:\/\/iberoo.com\/wp-content\/uploads\/2026\/01\/bonka-cafe-molido.jpg","type":"image\/jpeg"}],"twitter_card":"summary_large_image","twitter_misc":{"Verf\u00fcgbarkeit":"Auf Lager"},"schema":{"@context":"https:\/\/schema.org","@graph":[{"@type":"WebPage","@id":"https:\/\/iberoo.com\/producto\/cafe-molido-bonka\/","url":"https:\/\/iberoo.com\/producto\/cafe-molido-bonka\/","name":"Bonka gemahlener Kaffee - Iberoo","isPartOf":{"@id":"https:\/\/iberoo.com\/#website"},"primaryImageOfPage":{"@id":"https:\/\/iberoo.com\/producto\/cafe-molido-bonka\/#primaryimage"},"image":{"@id":"https:\/\/iberoo.com\/producto\/cafe-molido-bonka\/#primaryimage"},"thumbnailUrl":"https:\/\/iberoo.com\/wp-content\/uploads\/2026\/01\/bonka-cafe-molido.jpg","datePublished":"2026-01-04T12:34:06+00:00","dateModified":"2026-01-04T12:48:52+00:00","description":"Bonka gemahlener Kaffee ist eine Option f\u00fcr diejenigen, die Kaffee als Teil ihrer t\u00e4glichen Routine genie\u00dfen und Wert auf einen gleichbleibenden und ausgewogenen Geschmack legen.","breadcrumb":{"@id":"https:\/\/iberoo.com\/producto\/cafe-molido-bonka\/#breadcrumb"},"inLanguage":"de","potentialAction":[{"@type":"ReadAction","target":["https:\/\/iberoo.com\/producto\/cafe-molido-bonka\/"]}]},{"@type":"ImageObject","inLanguage":"de","@id":"https:\/\/iberoo.com\/producto\/cafe-molido-bonka\/#primaryimage","url":"https:\/\/iberoo.com\/wp-content\/uploads\/2026\/01\/bonka-cafe-molido.jpg","contentUrl":"https:\/\/iberoo.com\/wp-content\/uploads\/2026\/01\/bonka-cafe-molido.jpg","width":800,"height":800,"caption":"Caf\u00e9 Molido Bonka"},{"@type":"BreadcrumbList","@id":"https:\/\/iberoo.com\/producto\/cafe-molido-bonka\/#breadcrumb","itemListElement":[{"@type":"ListItem","position":1,"name":"Portada","item":"https:\/\/iberoo.com\/"},{"@type":"ListItem","position":2,"name":"Tienda Online","item":"https:\/\/iberoo.com\/tienda\/"},{"@type":"ListItem","position":3,"name":"Caf\u00e9 Molido Bonka"}]},{"@type":"WebSite","@id":"https:\/\/iberoo.com\/#website","url":"https:\/\/iberoo.com\/","name":"Iberoo","description":"","publisher":{"@id":"https:\/\/iberoo.com\/#organization"},"potentialAction":[{"@type":"SearchAction","target":{"@type":"EntryPoint","urlTemplate":"https:\/\/iberoo.com\/?s={search_term_string}"},"query-input":{"@type":"PropertyValueSpecification","valueRequired":true,"valueName":"search_term_string"}}],"inLanguage":"de"},{"@type":"Organization","@id":"https:\/\/iberoo.com\/#organization","name":"Iberoo","url":"https:\/\/iberoo.com\/","logo":{"@type":"ImageObject","inLanguage":"de","@id":"https:\/\/iberoo.com\/#\/schema\/logo\/image\/","url":"https:\/\/iberoo.com\/wp-content\/uploads\/2025\/11\/logo-cuadrado.jpg","contentUrl":"https:\/\/iberoo.com\/wp-content\/uploads\/2025\/11\/logo-cuadrado.jpg","width":700,"height":700,"caption":"Iberoo"},"image":{"@id":"https:\/\/iberoo.com\/#\/schema\/logo\/image\/"}}]},"product_brand":"Bonka","og_availability":"instock","product_availability":"instock","product_condition":"new"},"_links":{"self":[{"href":"https:\/\/iberoo.com\/de\/wp-json\/wp\/v2\/product\/2318","targetHints":{"allow":["GET"]}}],"collection":[{"href":"https:\/\/iberoo.com\/de\/wp-json\/wp\/v2\/product"}],"about":[{"href":"https:\/\/iberoo.com\/de\/wp-json\/wp\/v2\/types\/product"}],"replies":[{"embeddable":true,"href":"https:\/\/iberoo.com\/de\/wp-json\/wp\/v2\/comments?post=2318"}],"wp:featuredmedia":[{"embeddable":true,"href":"https:\/\/iberoo.com\/de\/wp-json\/wp\/v2\/media\/2319"}],"wp:attachment":[{"href":"https:\/\/iberoo.com\/de\/wp-json\/wp\/v2\/media?parent=2318"}],"wp:term":[{"taxonomy":"product_brand","embeddable":true,"href":"https:\/\/iberoo.com\/de\/wp-json\/wp\/v2\/product_brand?post=2318"},{"taxonomy":"product_cat","embeddable":true,"href":"https:\/\/iberoo.com\/de\/wp-json\/wp\/v2\/product_cat?post=2318"},{"taxonomy":"product_tag","embeddable":true,"href":"https:\/\/iberoo.com\/de\/wp-json\/wp\/v2\/product_tag?post=2318"}],"curies":[{"name":"wp","href":"https:\/\/api.w.org\/{rel}","templated":true}]}}