{"id":2353,"date":"2026-01-04T19:54:57","date_gmt":"2026-01-04T18:54:57","guid":{"rendered":"https:\/\/iberoo.com\/?post_type=product&#038;p=2353"},"modified":"2026-01-04T19:54:58","modified_gmt":"2026-01-04T18:54:58","slug":"saimaza-gemahlener-kaffee","status":"publish","type":"product","link":"https:\/\/iberoo.com\/de\/produkt\/saimaza-gemahlener-kaffee\/","title":{"rendered":"Saimaza gemahlener Kaffee"},"content":{"rendered":"<p>Jede Sorte spiegelt eine andere Art des Kaffeeverst\u00e4ndnisses wider, beh\u00e4lt aber stets eine gemeinsame Basis bei: ein erkennbares Aromaprofil und einen Mahlgrad, der auf die g\u00e4ngigsten Zubereitungsmethoden f\u00fcr zu Hause abgestimmt ist.<\/p>\n<p>Natural Coffee besticht durch seinen klaren, definierten Geschmack mit einem R\u00f6staroma, das schon beim ersten Schluck wahrnehmbar ist. Er ist vielseitig einsetzbar und eignet sich f\u00fcr Filterkaffeemaschinen, italienische Kaffeemaschinen und Tropfbr\u00fchmaschinen. Ideal f\u00fcr alle, die eine ausgewogene und angenehme Tasse Kaffee ohne aufdringliche Aromen bevorzugen. Dank seines milden Charakters kann er sowohl pur als auch mit Milch genossen werden und ist somit perfekt f\u00fcr jede Tageszeit.<\/p>\n<p>Blended Coffee bietet ein intensiveres Geschmackserlebnis. Die Kombination aus naturbelassenen und ger\u00f6steten Kaffeesorten sorgt f\u00fcr mehr K\u00f6rper und ein tieferes Aroma \u2013 ideal f\u00fcr alle, die einen Kaffee mit unverwechselbarem Charakter und einem kr\u00e4ftigeren Mundgef\u00fchl bevorzugen. Er ist eine beliebte Wahl f\u00fcr Fr\u00fchst\u00fcck und Digestif, insbesondere f\u00fcr Kaffeeliebhaber, die Wert auf Charakter legen.<\/p>\n<p>Saimaza entkoffeinierter Kaffee wurde entwickelt, um den vollen Kaffeegeschmack bei reduziertem Koffeingehalt zu bieten. Er beh\u00e4lt das charakteristische Aroma und die Textur der Marke und ist somit die perfekte Wahl f\u00fcr einen Kaffee am Nachmittag oder Abend \u2013 ganz ohne Kompromisse beim Genuss.<\/p>\n<p>Die 250-g-Packung ist ideal f\u00fcr den regelm\u00e4\u00dfigen Gebrauch und tr\u00e4gt dazu bei, dass der Kaffee frisch und in gutem Zustand bleibt. Saimaza bietet damit ein einfaches, aber vollst\u00e4ndiges Sortiment, das den Alltag mit zuverl\u00e4ssigem, preiswertem und aromatischem Kaffee begleitet.<\/p>","protected":false},"excerpt":{"rendered":"<p>Saimaza gemahlener Kaffee in der 250-Gramm-Packung ist ein Angebot f\u00fcr alle, die Kaffee als t\u00e4gliche Gewohnheit genie\u00dfen und die richtige Balance zwischen Tradition, Geschmack und einfacher Zubereitung suchen.<\/p>","protected":false},"featured_media":2354,"comment_status":"closed","ping_status":"closed","template":"","meta":[],"product_brand":[213],"product_cat":[205,139],"product_tag":[],"class_list":{"0":"post-2353","1":"product","2":"type-product","3":"status-publish","4":"has-post-thumbnail","6":"product_brand-saimaza","7":"product_cat-cafe-y-cacao","8":"product_cat-dulces-y-desayuno","10":"first","11":"instock","12":"shipping-taxable","13":"purchasable","14":"product-type-variable"},"yoast_head":"<!-- This site is optimized with the Yoast SEO plugin v27.3 - https:\/\/yoast.com\/product\/yoast-seo-wordpress\/ -->\n<title>Caf\u00e9 Molido Saimaza - Iberoo<\/title>\n<meta name=\"description\" content=\"El caf\u00e9 molido Saimaza es una propuesta pensada para quienes disfrutan del caf\u00e9 con el equilibrio justo entre tradici\u00f3n, sabor y facilidad de preparaci\u00f3n.\" \/>\n<meta name=\"robots\" content=\"index, follow, max-snippet:-1, max-image-preview:large, max-video-preview:-1\" \/>\n<link rel=\"canonical\" href=\"https:\/\/iberoo.com\/de\/produkt\/saimaza-gemahlener-kaffee\/\" \/>\n<meta property=\"og:locale\" content=\"de_DE\" \/>\n<meta property=\"og:type\" content=\"article\" \/>\n<meta property=\"og:title\" content=\"Caf\u00e9 Molido Saimaza - Iberoo\" \/>\n<meta property=\"og:description\" content=\"El caf\u00e9 molido Saimaza es una propuesta pensada para quienes disfrutan del caf\u00e9 con el equilibrio justo entre tradici\u00f3n, sabor y facilidad de preparaci\u00f3n.\" \/>\n<meta property=\"og:url\" content=\"https:\/\/iberoo.com\/de\/produkt\/saimaza-gemahlener-kaffee\/\" \/>\n<meta property=\"og:site_name\" content=\"Iberoo\" \/>\n<meta property=\"article:modified_time\" content=\"2026-01-04T18:54:58+00:00\" \/>\n<meta property=\"og:image\" content=\"https:\/\/iberoo.com\/wp-content\/uploads\/2026\/01\/saimaza.jpg\" \/>\n\t<meta property=\"og:image:width\" content=\"800\" \/>\n\t<meta property=\"og:image:height\" content=\"800\" \/>\n\t<meta property=\"og:image:type\" content=\"image\/jpeg\" \/>\n<meta name=\"twitter:card\" content=\"summary_large_image\" \/>\n<meta name=\"twitter:label1\" content=\"Verf\u00fcgbarkeit\" \/>\n\t<meta name=\"twitter:data1\" content=\"Auf Lager\" \/>\n<script type=\"application\/ld+json\" class=\"yoast-schema-graph\">{\"@context\":\"https:\\\/\\\/schema.org\",\"@graph\":[{\"@type\":\"WebPage\",\"@id\":\"https:\\\/\\\/iberoo.com\\\/producto\\\/cafe-molido-saimaza\\\/\",\"url\":\"https:\\\/\\\/iberoo.com\\\/producto\\\/cafe-molido-saimaza\\\/\",\"name\":\"Caf\u00e9 Molido Saimaza - Iberoo\",\"isPartOf\":{\"@id\":\"https:\\\/\\\/iberoo.com\\\/#website\"},\"primaryImageOfPage\":{\"@id\":\"https:\\\/\\\/iberoo.com\\\/producto\\\/cafe-molido-saimaza\\\/#primaryimage\"},\"image\":{\"@id\":\"https:\\\/\\\/iberoo.com\\\/producto\\\/cafe-molido-saimaza\\\/#primaryimage\"},\"thumbnailUrl\":\"https:\\\/\\\/iberoo.com\\\/wp-content\\\/uploads\\\/2026\\\/01\\\/saimaza.jpg\",\"datePublished\":\"2026-01-04T18:54:57+00:00\",\"dateModified\":\"2026-01-04T18:54:58+00:00\",\"description\":\"El caf\u00e9 molido Saimaza es una propuesta pensada para quienes disfrutan del caf\u00e9 con el equilibrio justo entre tradici\u00f3n, sabor y facilidad de preparaci\u00f3n.\",\"breadcrumb\":{\"@id\":\"https:\\\/\\\/iberoo.com\\\/producto\\\/cafe-molido-saimaza\\\/#breadcrumb\"},\"inLanguage\":\"de\",\"potentialAction\":[{\"@type\":\"ReadAction\",\"target\":[\"https:\\\/\\\/iberoo.com\\\/producto\\\/cafe-molido-saimaza\\\/\"]}]},{\"@type\":\"ImageObject\",\"inLanguage\":\"de\",\"@id\":\"https:\\\/\\\/iberoo.com\\\/producto\\\/cafe-molido-saimaza\\\/#primaryimage\",\"url\":\"https:\\\/\\\/iberoo.com\\\/wp-content\\\/uploads\\\/2026\\\/01\\\/saimaza.jpg\",\"contentUrl\":\"https:\\\/\\\/iberoo.com\\\/wp-content\\\/uploads\\\/2026\\\/01\\\/saimaza.jpg\",\"width\":800,\"height\":800,\"caption\":\"Caf\u00e9 Molido Saimaza\"},{\"@type\":\"BreadcrumbList\",\"@id\":\"https:\\\/\\\/iberoo.com\\\/producto\\\/cafe-molido-saimaza\\\/#breadcrumb\",\"itemListElement\":[{\"@type\":\"ListItem\",\"position\":1,\"name\":\"Portada\",\"item\":\"https:\\\/\\\/iberoo.com\\\/\"},{\"@type\":\"ListItem\",\"position\":2,\"name\":\"Tienda Online\",\"item\":\"https:\\\/\\\/iberoo.com\\\/tienda\\\/\"},{\"@type\":\"ListItem\",\"position\":3,\"name\":\"Caf\u00e9 Molido Saimaza\"}]},{\"@type\":\"WebSite\",\"@id\":\"https:\\\/\\\/iberoo.com\\\/#website\",\"url\":\"https:\\\/\\\/iberoo.com\\\/\",\"name\":\"Iberoo\",\"description\":\"\",\"publisher\":{\"@id\":\"https:\\\/\\\/iberoo.com\\\/#organization\"},\"potentialAction\":[{\"@type\":\"SearchAction\",\"target\":{\"@type\":\"EntryPoint\",\"urlTemplate\":\"https:\\\/\\\/iberoo.com\\\/?s={search_term_string}\"},\"query-input\":{\"@type\":\"PropertyValueSpecification\",\"valueRequired\":true,\"valueName\":\"search_term_string\"}}],\"inLanguage\":\"de\"},{\"@type\":\"Organization\",\"@id\":\"https:\\\/\\\/iberoo.com\\\/#organization\",\"name\":\"Iberoo\",\"url\":\"https:\\\/\\\/iberoo.com\\\/\",\"logo\":{\"@type\":\"ImageObject\",\"inLanguage\":\"de\",\"@id\":\"https:\\\/\\\/iberoo.com\\\/#\\\/schema\\\/logo\\\/image\\\/\",\"url\":\"https:\\\/\\\/iberoo.com\\\/wp-content\\\/uploads\\\/2025\\\/11\\\/logo-cuadrado.jpg\",\"contentUrl\":\"https:\\\/\\\/iberoo.com\\\/wp-content\\\/uploads\\\/2025\\\/11\\\/logo-cuadrado.jpg\",\"width\":700,\"height\":700,\"caption\":\"Iberoo\"},\"image\":{\"@id\":\"https:\\\/\\\/iberoo.com\\\/#\\\/schema\\\/logo\\\/image\\\/\"}}]}<\/script>\n<meta property=\"product:brand\" content=\"Saimaza\" \/>\n<meta property=\"og:availability\" content=\"instock\" \/>\n<meta property=\"product:availability\" content=\"instock\" \/>\n<meta property=\"product:condition\" content=\"new\" \/>\n<!-- \/ Yoast SEO plugin. -->","yoast_head_json":{"title":"Saimaza gemahlener Kaffee - Iberoo","description":"Saimaza gemahlener Kaffee ist ein Angebot f\u00fcr all jene, die Kaffee mit der richtigen Balance zwischen Tradition, Geschmack und einfacher Zubereitung genie\u00dfen m\u00f6chten.","robots":{"index":"index","follow":"follow","max-snippet":"max-snippet:-1","max-image-preview":"max-image-preview:large","max-video-preview":"max-video-preview:-1"},"canonical":"https:\/\/iberoo.com\/de\/produkt\/saimaza-gemahlener-kaffee\/","og_locale":"de_DE","og_type":"article","og_title":"Caf\u00e9 Molido Saimaza - Iberoo","og_description":"El caf\u00e9 molido Saimaza es una propuesta pensada para quienes disfrutan del caf\u00e9 con el equilibrio justo entre tradici\u00f3n, sabor y facilidad de preparaci\u00f3n.","og_url":"https:\/\/iberoo.com\/de\/produkt\/saimaza-gemahlener-kaffee\/","og_site_name":"Iberoo","article_modified_time":"2026-01-04T18:54:58+00:00","og_image":[{"width":800,"height":800,"url":"https:\/\/iberoo.com\/wp-content\/uploads\/2026\/01\/saimaza.jpg","type":"image\/jpeg"}],"twitter_card":"summary_large_image","twitter_misc":{"Verf\u00fcgbarkeit":"Auf Lager"},"schema":{"@context":"https:\/\/schema.org","@graph":[{"@type":"WebPage","@id":"https:\/\/iberoo.com\/producto\/cafe-molido-saimaza\/","url":"https:\/\/iberoo.com\/producto\/cafe-molido-saimaza\/","name":"Saimaza gemahlener Kaffee - Iberoo","isPartOf":{"@id":"https:\/\/iberoo.com\/#website"},"primaryImageOfPage":{"@id":"https:\/\/iberoo.com\/producto\/cafe-molido-saimaza\/#primaryimage"},"image":{"@id":"https:\/\/iberoo.com\/producto\/cafe-molido-saimaza\/#primaryimage"},"thumbnailUrl":"https:\/\/iberoo.com\/wp-content\/uploads\/2026\/01\/saimaza.jpg","datePublished":"2026-01-04T18:54:57+00:00","dateModified":"2026-01-04T18:54:58+00:00","description":"Saimaza gemahlener Kaffee ist ein Angebot f\u00fcr all jene, die Kaffee mit der richtigen Balance zwischen Tradition, Geschmack und einfacher Zubereitung genie\u00dfen m\u00f6chten.","breadcrumb":{"@id":"https:\/\/iberoo.com\/producto\/cafe-molido-saimaza\/#breadcrumb"},"inLanguage":"de","potentialAction":[{"@type":"ReadAction","target":["https:\/\/iberoo.com\/producto\/cafe-molido-saimaza\/"]}]},{"@type":"ImageObject","inLanguage":"de","@id":"https:\/\/iberoo.com\/producto\/cafe-molido-saimaza\/#primaryimage","url":"https:\/\/iberoo.com\/wp-content\/uploads\/2026\/01\/saimaza.jpg","contentUrl":"https:\/\/iberoo.com\/wp-content\/uploads\/2026\/01\/saimaza.jpg","width":800,"height":800,"caption":"Caf\u00e9 Molido Saimaza"},{"@type":"BreadcrumbList","@id":"https:\/\/iberoo.com\/producto\/cafe-molido-saimaza\/#breadcrumb","itemListElement":[{"@type":"ListItem","position":1,"name":"Portada","item":"https:\/\/iberoo.com\/"},{"@type":"ListItem","position":2,"name":"Tienda Online","item":"https:\/\/iberoo.com\/tienda\/"},{"@type":"ListItem","position":3,"name":"Caf\u00e9 Molido Saimaza"}]},{"@type":"WebSite","@id":"https:\/\/iberoo.com\/#website","url":"https:\/\/iberoo.com\/","name":"Iberoo","description":"","publisher":{"@id":"https:\/\/iberoo.com\/#organization"},"potentialAction":[{"@type":"SearchAction","target":{"@type":"EntryPoint","urlTemplate":"https:\/\/iberoo.com\/?s={search_term_string}"},"query-input":{"@type":"PropertyValueSpecification","valueRequired":true,"valueName":"search_term_string"}}],"inLanguage":"de"},{"@type":"Organization","@id":"https:\/\/iberoo.com\/#organization","name":"Iberoo","url":"https:\/\/iberoo.com\/","logo":{"@type":"ImageObject","inLanguage":"de","@id":"https:\/\/iberoo.com\/#\/schema\/logo\/image\/","url":"https:\/\/iberoo.com\/wp-content\/uploads\/2025\/11\/logo-cuadrado.jpg","contentUrl":"https:\/\/iberoo.com\/wp-content\/uploads\/2025\/11\/logo-cuadrado.jpg","width":700,"height":700,"caption":"Iberoo"},"image":{"@id":"https:\/\/iberoo.com\/#\/schema\/logo\/image\/"}}]},"product_brand":"Saimaza","og_availability":"instock","product_availability":"instock","product_condition":"new"},"_links":{"self":[{"href":"https:\/\/iberoo.com\/de\/wp-json\/wp\/v2\/product\/2353","targetHints":{"allow":["GET"]}}],"collection":[{"href":"https:\/\/iberoo.com\/de\/wp-json\/wp\/v2\/product"}],"about":[{"href":"https:\/\/iberoo.com\/de\/wp-json\/wp\/v2\/types\/product"}],"replies":[{"embeddable":true,"href":"https:\/\/iberoo.com\/de\/wp-json\/wp\/v2\/comments?post=2353"}],"wp:featuredmedia":[{"embeddable":true,"href":"https:\/\/iberoo.com\/de\/wp-json\/wp\/v2\/media\/2354"}],"wp:attachment":[{"href":"https:\/\/iberoo.com\/de\/wp-json\/wp\/v2\/media?parent=2353"}],"wp:term":[{"taxonomy":"product_brand","embeddable":true,"href":"https:\/\/iberoo.com\/de\/wp-json\/wp\/v2\/product_brand?post=2353"},{"taxonomy":"product_cat","embeddable":true,"href":"https:\/\/iberoo.com\/de\/wp-json\/wp\/v2\/product_cat?post=2353"},{"taxonomy":"product_tag","embeddable":true,"href":"https:\/\/iberoo.com\/de\/wp-json\/wp\/v2\/product_tag?post=2353"}],"curies":[{"name":"wp","href":"https:\/\/api.w.org\/{rel}","templated":true}]}}