{"id":2374,"date":"2026-01-05T07:52:31","date_gmt":"2026-01-05T06:52:31","guid":{"rendered":"https:\/\/iberoo.com\/?post_type=product&#038;p=2374"},"modified":"2026-01-05T07:52:31","modified_gmt":"2026-01-05T06:52:31","slug":"fontaneda-cookies","status":"publish","type":"product","link":"https:\/\/iberoo.com\/de\/produkt\/fontaneda-cookies\/","title":{"rendered":"Fontaneda Cookies"},"content":{"rendered":"<p>Diese Auswahl umfasst zwei ihrer bekanntesten Produkte, die den Alltag mit unterschiedlichen, aber gleicherma\u00dfen vielseitigen Varianten begleiten: La Buena Mar\u00eda in der 800-Gramm-Packung und Digestive Original in der 700-Gramm-Packung. Zwei unterschiedliche Sorten f\u00fcr verschiedene Genussgewohnheiten und Anl\u00e4sse.<\/p>\n<p>Die Kekse von La Buena Mar\u00eda sind f\u00fcr ihren milden Geschmack und ihre ausgewogene Konsistenz bekannt und eignen sich daher ideal f\u00fcr ein klassisches Fr\u00fchst\u00fcck oder einen kleinen Snack. Sie passen perfekt zu Milch, Kaffee oder hei\u00dfer Schokolade, da sie schnell aufweichen, ohne zu schmelzen, und so einen angenehmen Biss behalten. Die gro\u00dfe 800-g-Packung ist besonders praktisch f\u00fcr Familien oder alle, die gerne Kekse naschen, denn so sind sie immer griffbereit.<\/p>\n<p>Die Fontaneda Digestive Original Kekse in der 700-g-Packung bieten hingegen ein anderes Geschmackserlebnis: Sie sind fester und haben einen etwas intensiveren Geschmack. Sie eignen sich hervorragend pur, zu Kr\u00e4utertees oder als Snack f\u00fcr zwischendurch. Auch als Basis f\u00fcr selbstgemachte Rezepte wie T\u00f6rtchen, kalte Desserts oder in Kombination mit Joghurt und Fr\u00fcchten sind sie bestens geeignet.<\/p>\n<p>Beide Sorten zeichnen sich durch die Qualit\u00e4t und Expertise von Fontaneda aus, einer traditionsreichen Marke, die sich durch ihre Anpassungsf\u00e4higkeit an unterschiedliche Geschm\u00e4cker in vielen Haushalten etabliert hat. Die Formate sind f\u00fcr den bequemen und kontinuierlichen Genuss konzipiert und bieten zuverl\u00e4ssige Produkte, die sich leicht kombinieren lassen und f\u00fcr verschiedene Tageszeiten geeignet sind. Eine praktische Wahl f\u00fcr alle, die vertrauensw\u00fcrdige Kekse mit klassischem Geschmack und vielf\u00e4ltigen Genussm\u00f6glichkeiten suchen.<\/p>","protected":false},"excerpt":{"rendered":"<p>Fontaneda-Kekse verk\u00f6rpern eine Herangehensweise an das allt\u00e4gliche Backen, die auf Tradition, Best\u00e4ndigkeit und einem wiedererkennbaren Geschmack basiert.<\/p>","protected":false},"featured_media":2375,"comment_status":"closed","ping_status":"closed","template":"","meta":[],"product_brand":[218],"product_cat":[139,214],"product_tag":[],"class_list":{"0":"post-2374","1":"product","2":"type-product","3":"status-publish","4":"has-post-thumbnail","6":"product_brand-fontaneda","7":"product_cat-dulces-y-desayuno","8":"product_cat-galletas-y-bolleria","10":"first","11":"instock","12":"shipping-taxable","13":"purchasable","14":"product-type-variable"},"yoast_head":"<!-- This site is optimized with the Yoast SEO plugin v27.3 - https:\/\/yoast.com\/product\/yoast-seo-wordpress\/ -->\n<title>Galletas Fontaneda - Iberoo<\/title>\n<meta name=\"description\" content=\"Las galletas Fontaneda representan una forma de entender la reposter\u00eda cotidiana basada en la tradici\u00f3n, la constancia y el sabor reconocible.\" \/>\n<meta name=\"robots\" content=\"index, follow, max-snippet:-1, max-image-preview:large, max-video-preview:-1\" \/>\n<link rel=\"canonical\" href=\"https:\/\/iberoo.com\/de\/produkt\/fontaneda-cookies\/\" \/>\n<meta property=\"og:locale\" content=\"de_DE\" \/>\n<meta property=\"og:type\" content=\"article\" \/>\n<meta property=\"og:title\" content=\"Galletas Fontaneda - Iberoo\" \/>\n<meta property=\"og:description\" content=\"Las galletas Fontaneda representan una forma de entender la reposter\u00eda cotidiana basada en la tradici\u00f3n, la constancia y el sabor reconocible.\" \/>\n<meta property=\"og:url\" content=\"https:\/\/iberoo.com\/de\/produkt\/fontaneda-cookies\/\" \/>\n<meta property=\"og:site_name\" content=\"Iberoo\" \/>\n<meta property=\"og:image\" content=\"https:\/\/iberoo.com\/wp-content\/uploads\/2026\/01\/fontaneda-galletas.jpg\" \/>\n\t<meta property=\"og:image:width\" content=\"800\" \/>\n\t<meta property=\"og:image:height\" content=\"800\" \/>\n\t<meta property=\"og:image:type\" content=\"image\/jpeg\" \/>\n<meta name=\"twitter:card\" content=\"summary_large_image\" \/>\n<meta name=\"twitter:label1\" content=\"Verf\u00fcgbarkeit\" \/>\n\t<meta name=\"twitter:data1\" content=\"Auf Lager\" \/>\n<script type=\"application\/ld+json\" class=\"yoast-schema-graph\">{\"@context\":\"https:\\\/\\\/schema.org\",\"@graph\":[{\"@type\":\"WebPage\",\"@id\":\"https:\\\/\\\/iberoo.com\\\/producto\\\/galletas-fontaneda\\\/\",\"url\":\"https:\\\/\\\/iberoo.com\\\/producto\\\/galletas-fontaneda\\\/\",\"name\":\"Galletas Fontaneda - Iberoo\",\"isPartOf\":{\"@id\":\"https:\\\/\\\/iberoo.com\\\/#website\"},\"primaryImageOfPage\":{\"@id\":\"https:\\\/\\\/iberoo.com\\\/producto\\\/galletas-fontaneda\\\/#primaryimage\"},\"image\":{\"@id\":\"https:\\\/\\\/iberoo.com\\\/producto\\\/galletas-fontaneda\\\/#primaryimage\"},\"thumbnailUrl\":\"https:\\\/\\\/iberoo.com\\\/wp-content\\\/uploads\\\/2026\\\/01\\\/fontaneda-galletas.jpg\",\"datePublished\":\"2026-01-05T06:52:31+00:00\",\"description\":\"Las galletas Fontaneda representan una forma de entender la reposter\u00eda cotidiana basada en la tradici\u00f3n, la constancia y el sabor reconocible.\",\"breadcrumb\":{\"@id\":\"https:\\\/\\\/iberoo.com\\\/producto\\\/galletas-fontaneda\\\/#breadcrumb\"},\"inLanguage\":\"de\",\"potentialAction\":[{\"@type\":\"ReadAction\",\"target\":[\"https:\\\/\\\/iberoo.com\\\/producto\\\/galletas-fontaneda\\\/\"]}]},{\"@type\":\"ImageObject\",\"inLanguage\":\"de\",\"@id\":\"https:\\\/\\\/iberoo.com\\\/producto\\\/galletas-fontaneda\\\/#primaryimage\",\"url\":\"https:\\\/\\\/iberoo.com\\\/wp-content\\\/uploads\\\/2026\\\/01\\\/fontaneda-galletas.jpg\",\"contentUrl\":\"https:\\\/\\\/iberoo.com\\\/wp-content\\\/uploads\\\/2026\\\/01\\\/fontaneda-galletas.jpg\",\"width\":800,\"height\":800,\"caption\":\"Galletas Fontaneda\"},{\"@type\":\"BreadcrumbList\",\"@id\":\"https:\\\/\\\/iberoo.com\\\/producto\\\/galletas-fontaneda\\\/#breadcrumb\",\"itemListElement\":[{\"@type\":\"ListItem\",\"position\":1,\"name\":\"Portada\",\"item\":\"https:\\\/\\\/iberoo.com\\\/\"},{\"@type\":\"ListItem\",\"position\":2,\"name\":\"Tienda Online\",\"item\":\"https:\\\/\\\/iberoo.com\\\/tienda\\\/\"},{\"@type\":\"ListItem\",\"position\":3,\"name\":\"Galletas Fontaneda\"}]},{\"@type\":\"WebSite\",\"@id\":\"https:\\\/\\\/iberoo.com\\\/#website\",\"url\":\"https:\\\/\\\/iberoo.com\\\/\",\"name\":\"Iberoo\",\"description\":\"\",\"publisher\":{\"@id\":\"https:\\\/\\\/iberoo.com\\\/#organization\"},\"potentialAction\":[{\"@type\":\"SearchAction\",\"target\":{\"@type\":\"EntryPoint\",\"urlTemplate\":\"https:\\\/\\\/iberoo.com\\\/?s={search_term_string}\"},\"query-input\":{\"@type\":\"PropertyValueSpecification\",\"valueRequired\":true,\"valueName\":\"search_term_string\"}}],\"inLanguage\":\"de\"},{\"@type\":\"Organization\",\"@id\":\"https:\\\/\\\/iberoo.com\\\/#organization\",\"name\":\"Iberoo\",\"url\":\"https:\\\/\\\/iberoo.com\\\/\",\"logo\":{\"@type\":\"ImageObject\",\"inLanguage\":\"de\",\"@id\":\"https:\\\/\\\/iberoo.com\\\/#\\\/schema\\\/logo\\\/image\\\/\",\"url\":\"https:\\\/\\\/iberoo.com\\\/wp-content\\\/uploads\\\/2025\\\/11\\\/logo-cuadrado.jpg\",\"contentUrl\":\"https:\\\/\\\/iberoo.com\\\/wp-content\\\/uploads\\\/2025\\\/11\\\/logo-cuadrado.jpg\",\"width\":700,\"height\":700,\"caption\":\"Iberoo\"},\"image\":{\"@id\":\"https:\\\/\\\/iberoo.com\\\/#\\\/schema\\\/logo\\\/image\\\/\"}}]}<\/script>\n<meta property=\"product:brand\" content=\"Fontaneda\" \/>\n<meta property=\"og:availability\" content=\"instock\" \/>\n<meta property=\"product:availability\" content=\"instock\" \/>\n<meta property=\"product:condition\" content=\"new\" \/>\n<!-- \/ Yoast SEO plugin. -->","yoast_head_json":{"title":"Fontaneda Cookies - Iberoo","description":"Fontaneda-Kekse verk\u00f6rpern eine Herangehensweise an das allt\u00e4gliche Backen, die auf Tradition, Best\u00e4ndigkeit und einem wiedererkennbaren Geschmack basiert.","robots":{"index":"index","follow":"follow","max-snippet":"max-snippet:-1","max-image-preview":"max-image-preview:large","max-video-preview":"max-video-preview:-1"},"canonical":"https:\/\/iberoo.com\/de\/produkt\/fontaneda-cookies\/","og_locale":"de_DE","og_type":"article","og_title":"Galletas Fontaneda - Iberoo","og_description":"Las galletas Fontaneda representan una forma de entender la reposter\u00eda cotidiana basada en la tradici\u00f3n, la constancia y el sabor reconocible.","og_url":"https:\/\/iberoo.com\/de\/produkt\/fontaneda-cookies\/","og_site_name":"Iberoo","og_image":[{"width":800,"height":800,"url":"https:\/\/iberoo.com\/wp-content\/uploads\/2026\/01\/fontaneda-galletas.jpg","type":"image\/jpeg"}],"twitter_card":"summary_large_image","twitter_misc":{"Verf\u00fcgbarkeit":"Auf Lager"},"schema":{"@context":"https:\/\/schema.org","@graph":[{"@type":"WebPage","@id":"https:\/\/iberoo.com\/producto\/galletas-fontaneda\/","url":"https:\/\/iberoo.com\/producto\/galletas-fontaneda\/","name":"Fontaneda Cookies - Iberoo","isPartOf":{"@id":"https:\/\/iberoo.com\/#website"},"primaryImageOfPage":{"@id":"https:\/\/iberoo.com\/producto\/galletas-fontaneda\/#primaryimage"},"image":{"@id":"https:\/\/iberoo.com\/producto\/galletas-fontaneda\/#primaryimage"},"thumbnailUrl":"https:\/\/iberoo.com\/wp-content\/uploads\/2026\/01\/fontaneda-galletas.jpg","datePublished":"2026-01-05T06:52:31+00:00","description":"Fontaneda-Kekse verk\u00f6rpern eine Herangehensweise an das allt\u00e4gliche Backen, die auf Tradition, Best\u00e4ndigkeit und einem wiedererkennbaren Geschmack basiert.","breadcrumb":{"@id":"https:\/\/iberoo.com\/producto\/galletas-fontaneda\/#breadcrumb"},"inLanguage":"de","potentialAction":[{"@type":"ReadAction","target":["https:\/\/iberoo.com\/producto\/galletas-fontaneda\/"]}]},{"@type":"ImageObject","inLanguage":"de","@id":"https:\/\/iberoo.com\/producto\/galletas-fontaneda\/#primaryimage","url":"https:\/\/iberoo.com\/wp-content\/uploads\/2026\/01\/fontaneda-galletas.jpg","contentUrl":"https:\/\/iberoo.com\/wp-content\/uploads\/2026\/01\/fontaneda-galletas.jpg","width":800,"height":800,"caption":"Galletas Fontaneda"},{"@type":"BreadcrumbList","@id":"https:\/\/iberoo.com\/producto\/galletas-fontaneda\/#breadcrumb","itemListElement":[{"@type":"ListItem","position":1,"name":"Portada","item":"https:\/\/iberoo.com\/"},{"@type":"ListItem","position":2,"name":"Tienda Online","item":"https:\/\/iberoo.com\/tienda\/"},{"@type":"ListItem","position":3,"name":"Galletas Fontaneda"}]},{"@type":"WebSite","@id":"https:\/\/iberoo.com\/#website","url":"https:\/\/iberoo.com\/","name":"Iberoo","description":"","publisher":{"@id":"https:\/\/iberoo.com\/#organization"},"potentialAction":[{"@type":"SearchAction","target":{"@type":"EntryPoint","urlTemplate":"https:\/\/iberoo.com\/?s={search_term_string}"},"query-input":{"@type":"PropertyValueSpecification","valueRequired":true,"valueName":"search_term_string"}}],"inLanguage":"de"},{"@type":"Organization","@id":"https:\/\/iberoo.com\/#organization","name":"Iberoo","url":"https:\/\/iberoo.com\/","logo":{"@type":"ImageObject","inLanguage":"de","@id":"https:\/\/iberoo.com\/#\/schema\/logo\/image\/","url":"https:\/\/iberoo.com\/wp-content\/uploads\/2025\/11\/logo-cuadrado.jpg","contentUrl":"https:\/\/iberoo.com\/wp-content\/uploads\/2025\/11\/logo-cuadrado.jpg","width":700,"height":700,"caption":"Iberoo"},"image":{"@id":"https:\/\/iberoo.com\/#\/schema\/logo\/image\/"}}]},"product_brand":"Fontaneda","og_availability":"instock","product_availability":"instock","product_condition":"new"},"_links":{"self":[{"href":"https:\/\/iberoo.com\/de\/wp-json\/wp\/v2\/product\/2374","targetHints":{"allow":["GET"]}}],"collection":[{"href":"https:\/\/iberoo.com\/de\/wp-json\/wp\/v2\/product"}],"about":[{"href":"https:\/\/iberoo.com\/de\/wp-json\/wp\/v2\/types\/product"}],"replies":[{"embeddable":true,"href":"https:\/\/iberoo.com\/de\/wp-json\/wp\/v2\/comments?post=2374"}],"wp:featuredmedia":[{"embeddable":true,"href":"https:\/\/iberoo.com\/de\/wp-json\/wp\/v2\/media\/2375"}],"wp:attachment":[{"href":"https:\/\/iberoo.com\/de\/wp-json\/wp\/v2\/media?parent=2374"}],"wp:term":[{"taxonomy":"product_brand","embeddable":true,"href":"https:\/\/iberoo.com\/de\/wp-json\/wp\/v2\/product_brand?post=2374"},{"taxonomy":"product_cat","embeddable":true,"href":"https:\/\/iberoo.com\/de\/wp-json\/wp\/v2\/product_cat?post=2374"},{"taxonomy":"product_tag","embeddable":true,"href":"https:\/\/iberoo.com\/de\/wp-json\/wp\/v2\/product_tag?post=2374"}],"curies":[{"name":"wp","href":"https:\/\/api.w.org\/{rel}","templated":true}]}}