{"id":2382,"date":"2026-01-05T16:04:03","date_gmt":"2026-01-05T15:04:03","guid":{"rendered":"https:\/\/iberoo.com\/?post_type=product&#038;p=2382"},"modified":"2026-01-05T16:04:04","modified_gmt":"2026-01-05T15:04:04","slug":"filipinos","status":"publish","type":"product","link":"https:\/\/iberoo.com\/de\/produkt\/filipinos\/","title":{"rendered":"Filipinos"},"content":{"rendered":"<p>Die in einer 128-Gramm-Packung pr\u00e4sentierten philippinischen, schokoladen\u00fcberzogenen Keksringe zeichnen sich durch ihre charakteristische Form und die Ausgewogenheit zwischen einem knusprigen Keks und einer glatten Schokoladenh\u00fclle aus, die jedes St\u00fcck umh\u00fcllt.<\/p>\n<p>Das Sortiment umfasst drei verschiedene Sorten f\u00fcr unterschiedliche Geschm\u00e4cker. Die dunklen Schokoladenpralinen bieten ein intensiveres und ausgepr\u00e4gteres Aroma und sind ideal f\u00fcr alle, die kr\u00e4ftigere Kakaonoten bevorzugen. Die Vollmilchpralinen \u00fcberzeugen mit einem weicheren und cremigeren Geschmacksprofil \u2013 ausgewogen und zu jeder Tageszeit ein Genuss. Die wei\u00dfen Schokoladenpralinen schlie\u00dflich zeichnen sich durch ihre S\u00fc\u00dfe und zarte Textur aus und sind daher besonders f\u00fcr Naschkatzen geeignet.<\/p>\n<p>Dank ihrer Gr\u00f6\u00dfe und Form eignen sich diese Donuts perfekt zum Teilen, ob als Snack, leichte Mahlzeit oder als Beilage zu Kaffee, Milch oder anderen Hei\u00dfgetr\u00e4nken. Sie sind auch ideal f\u00fcr unterwegs, ob zur Schule, zur Arbeit oder auf Reisen, da sie keine Zubereitung ben\u00f6tigen und lange haltbar sind.<\/p>\n<p>Neben dem reinen Verzehr eignen sich philippinische Knusperkekse auch als Dekoration oder Beilage zu selbstgemachten Desserts und verleihen ihnen eine knusprige Note und einen unverwechselbaren Geschmack. Mit diesem Produkt bietet Artiach ein vielseitiges, ansprechendes und unkompliziertes Produkt, das Tradition und Geschmack in einer praktischen, f\u00fcr den t\u00e4glichen Gebrauch konzipierten Form vereint.<\/p>","protected":false},"excerpt":{"rendered":"<p>Die mit Schokolade \u00fcberzogenen Keksringe nach philippinischer Art sind ein Snack, der unkompliziert genossen werden kann und durch eine ebenso unverwechselbare wie appetitliche Kombination aus Texturen und Aromen besticht.<\/p>","protected":false},"featured_media":2383,"comment_status":"closed","ping_status":"closed","template":"","meta":[],"product_brand":[215],"product_cat":[139,214],"product_tag":[],"class_list":{"0":"post-2382","1":"product","2":"type-product","3":"status-publish","4":"has-post-thumbnail","6":"product_brand-artiach","7":"product_cat-dulces-y-desayuno","8":"product_cat-galletas-y-bolleria","10":"first","11":"instock","12":"shipping-taxable","13":"purchasable","14":"product-type-variable"},"yoast_head":"<!-- This site is optimized with the Yoast SEO plugin v27.3 - https:\/\/yoast.com\/product\/yoast-seo-wordpress\/ -->\n<title>Filipinos - Iberoo<\/title>\n<meta name=\"description\" content=\"Los Filipinos son un snack con una combinaci\u00f3n de texturas y sabores que resulta tan reconocible como apetecible.\" \/>\n<meta name=\"robots\" content=\"index, follow, max-snippet:-1, max-image-preview:large, max-video-preview:-1\" \/>\n<link rel=\"canonical\" href=\"https:\/\/iberoo.com\/de\/produkt\/filipinos\/\" \/>\n<meta property=\"og:locale\" content=\"de_DE\" \/>\n<meta property=\"og:type\" content=\"article\" \/>\n<meta property=\"og:title\" content=\"Filipinos - Iberoo\" \/>\n<meta property=\"og:description\" content=\"Los Filipinos son un snack con una combinaci\u00f3n de texturas y sabores que resulta tan reconocible como apetecible.\" \/>\n<meta property=\"og:url\" content=\"https:\/\/iberoo.com\/de\/produkt\/filipinos\/\" \/>\n<meta property=\"og:site_name\" content=\"Iberoo\" \/>\n<meta property=\"article:modified_time\" content=\"2026-01-05T15:04:04+00:00\" \/>\n<meta property=\"og:image\" content=\"https:\/\/iberoo.com\/wp-content\/uploads\/2026\/01\/filipinos.jpg\" \/>\n\t<meta property=\"og:image:width\" content=\"800\" \/>\n\t<meta property=\"og:image:height\" content=\"800\" \/>\n\t<meta property=\"og:image:type\" content=\"image\/jpeg\" \/>\n<meta name=\"twitter:card\" content=\"summary_large_image\" \/>\n<meta name=\"twitter:label1\" content=\"Verf\u00fcgbarkeit\" \/>\n\t<meta name=\"twitter:data1\" content=\"Auf Lager\" \/>\n<script type=\"application\/ld+json\" class=\"yoast-schema-graph\">{\"@context\":\"https:\\\/\\\/schema.org\",\"@graph\":[{\"@type\":\"WebPage\",\"@id\":\"https:\\\/\\\/iberoo.com\\\/producto\\\/filipinos\\\/\",\"url\":\"https:\\\/\\\/iberoo.com\\\/producto\\\/filipinos\\\/\",\"name\":\"Filipinos - Iberoo\",\"isPartOf\":{\"@id\":\"https:\\\/\\\/iberoo.com\\\/#website\"},\"primaryImageOfPage\":{\"@id\":\"https:\\\/\\\/iberoo.com\\\/producto\\\/filipinos\\\/#primaryimage\"},\"image\":{\"@id\":\"https:\\\/\\\/iberoo.com\\\/producto\\\/filipinos\\\/#primaryimage\"},\"thumbnailUrl\":\"https:\\\/\\\/iberoo.com\\\/wp-content\\\/uploads\\\/2026\\\/01\\\/filipinos.jpg\",\"datePublished\":\"2026-01-05T15:04:03+00:00\",\"dateModified\":\"2026-01-05T15:04:04+00:00\",\"description\":\"Los Filipinos son un snack con una combinaci\u00f3n de texturas y sabores que resulta tan reconocible como apetecible.\",\"breadcrumb\":{\"@id\":\"https:\\\/\\\/iberoo.com\\\/producto\\\/filipinos\\\/#breadcrumb\"},\"inLanguage\":\"de\",\"potentialAction\":[{\"@type\":\"ReadAction\",\"target\":[\"https:\\\/\\\/iberoo.com\\\/producto\\\/filipinos\\\/\"]}]},{\"@type\":\"ImageObject\",\"inLanguage\":\"de\",\"@id\":\"https:\\\/\\\/iberoo.com\\\/producto\\\/filipinos\\\/#primaryimage\",\"url\":\"https:\\\/\\\/iberoo.com\\\/wp-content\\\/uploads\\\/2026\\\/01\\\/filipinos.jpg\",\"contentUrl\":\"https:\\\/\\\/iberoo.com\\\/wp-content\\\/uploads\\\/2026\\\/01\\\/filipinos.jpg\",\"width\":800,\"height\":800,\"caption\":\"Filipinos\"},{\"@type\":\"BreadcrumbList\",\"@id\":\"https:\\\/\\\/iberoo.com\\\/producto\\\/filipinos\\\/#breadcrumb\",\"itemListElement\":[{\"@type\":\"ListItem\",\"position\":1,\"name\":\"Portada\",\"item\":\"https:\\\/\\\/iberoo.com\\\/\"},{\"@type\":\"ListItem\",\"position\":2,\"name\":\"Tienda Online\",\"item\":\"https:\\\/\\\/iberoo.com\\\/tienda\\\/\"},{\"@type\":\"ListItem\",\"position\":3,\"name\":\"Filipinos\"}]},{\"@type\":\"WebSite\",\"@id\":\"https:\\\/\\\/iberoo.com\\\/#website\",\"url\":\"https:\\\/\\\/iberoo.com\\\/\",\"name\":\"Iberoo\",\"description\":\"\",\"publisher\":{\"@id\":\"https:\\\/\\\/iberoo.com\\\/#organization\"},\"potentialAction\":[{\"@type\":\"SearchAction\",\"target\":{\"@type\":\"EntryPoint\",\"urlTemplate\":\"https:\\\/\\\/iberoo.com\\\/?s={search_term_string}\"},\"query-input\":{\"@type\":\"PropertyValueSpecification\",\"valueRequired\":true,\"valueName\":\"search_term_string\"}}],\"inLanguage\":\"de\"},{\"@type\":\"Organization\",\"@id\":\"https:\\\/\\\/iberoo.com\\\/#organization\",\"name\":\"Iberoo\",\"url\":\"https:\\\/\\\/iberoo.com\\\/\",\"logo\":{\"@type\":\"ImageObject\",\"inLanguage\":\"de\",\"@id\":\"https:\\\/\\\/iberoo.com\\\/#\\\/schema\\\/logo\\\/image\\\/\",\"url\":\"https:\\\/\\\/iberoo.com\\\/wp-content\\\/uploads\\\/2025\\\/11\\\/logo-cuadrado.jpg\",\"contentUrl\":\"https:\\\/\\\/iberoo.com\\\/wp-content\\\/uploads\\\/2025\\\/11\\\/logo-cuadrado.jpg\",\"width\":700,\"height\":700,\"caption\":\"Iberoo\"},\"image\":{\"@id\":\"https:\\\/\\\/iberoo.com\\\/#\\\/schema\\\/logo\\\/image\\\/\"}}]}<\/script>\n<meta property=\"product:brand\" content=\"Artiach\" \/>\n<meta property=\"og:availability\" content=\"instock\" \/>\n<meta property=\"product:availability\" content=\"instock\" \/>\n<meta property=\"product:condition\" content=\"new\" \/>\n<!-- \/ Yoast SEO plugin. -->","yoast_head_json":{"title":"Filipinos - Iberoo","description":"Filipinos sind ein Snack mit einer Kombination aus Texturen und Aromen, die sowohl wiedererkennbar als auch appetitlich ist.","robots":{"index":"index","follow":"follow","max-snippet":"max-snippet:-1","max-image-preview":"max-image-preview:large","max-video-preview":"max-video-preview:-1"},"canonical":"https:\/\/iberoo.com\/de\/produkt\/filipinos\/","og_locale":"de_DE","og_type":"article","og_title":"Filipinos - Iberoo","og_description":"Los Filipinos son un snack con una combinaci\u00f3n de texturas y sabores que resulta tan reconocible como apetecible.","og_url":"https:\/\/iberoo.com\/de\/produkt\/filipinos\/","og_site_name":"Iberoo","article_modified_time":"2026-01-05T15:04:04+00:00","og_image":[{"width":800,"height":800,"url":"https:\/\/iberoo.com\/wp-content\/uploads\/2026\/01\/filipinos.jpg","type":"image\/jpeg"}],"twitter_card":"summary_large_image","twitter_misc":{"Verf\u00fcgbarkeit":"Auf Lager"},"schema":{"@context":"https:\/\/schema.org","@graph":[{"@type":"WebPage","@id":"https:\/\/iberoo.com\/producto\/filipinos\/","url":"https:\/\/iberoo.com\/producto\/filipinos\/","name":"Filipinos - Iberoo","isPartOf":{"@id":"https:\/\/iberoo.com\/#website"},"primaryImageOfPage":{"@id":"https:\/\/iberoo.com\/producto\/filipinos\/#primaryimage"},"image":{"@id":"https:\/\/iberoo.com\/producto\/filipinos\/#primaryimage"},"thumbnailUrl":"https:\/\/iberoo.com\/wp-content\/uploads\/2026\/01\/filipinos.jpg","datePublished":"2026-01-05T15:04:03+00:00","dateModified":"2026-01-05T15:04:04+00:00","description":"Filipinos sind ein Snack mit einer Kombination aus Texturen und Aromen, die sowohl wiedererkennbar als auch appetitlich ist.","breadcrumb":{"@id":"https:\/\/iberoo.com\/producto\/filipinos\/#breadcrumb"},"inLanguage":"de","potentialAction":[{"@type":"ReadAction","target":["https:\/\/iberoo.com\/producto\/filipinos\/"]}]},{"@type":"ImageObject","inLanguage":"de","@id":"https:\/\/iberoo.com\/producto\/filipinos\/#primaryimage","url":"https:\/\/iberoo.com\/wp-content\/uploads\/2026\/01\/filipinos.jpg","contentUrl":"https:\/\/iberoo.com\/wp-content\/uploads\/2026\/01\/filipinos.jpg","width":800,"height":800,"caption":"Filipinos"},{"@type":"BreadcrumbList","@id":"https:\/\/iberoo.com\/producto\/filipinos\/#breadcrumb","itemListElement":[{"@type":"ListItem","position":1,"name":"Portada","item":"https:\/\/iberoo.com\/"},{"@type":"ListItem","position":2,"name":"Tienda Online","item":"https:\/\/iberoo.com\/tienda\/"},{"@type":"ListItem","position":3,"name":"Filipinos"}]},{"@type":"WebSite","@id":"https:\/\/iberoo.com\/#website","url":"https:\/\/iberoo.com\/","name":"Iberoo","description":"","publisher":{"@id":"https:\/\/iberoo.com\/#organization"},"potentialAction":[{"@type":"SearchAction","target":{"@type":"EntryPoint","urlTemplate":"https:\/\/iberoo.com\/?s={search_term_string}"},"query-input":{"@type":"PropertyValueSpecification","valueRequired":true,"valueName":"search_term_string"}}],"inLanguage":"de"},{"@type":"Organization","@id":"https:\/\/iberoo.com\/#organization","name":"Iberoo","url":"https:\/\/iberoo.com\/","logo":{"@type":"ImageObject","inLanguage":"de","@id":"https:\/\/iberoo.com\/#\/schema\/logo\/image\/","url":"https:\/\/iberoo.com\/wp-content\/uploads\/2025\/11\/logo-cuadrado.jpg","contentUrl":"https:\/\/iberoo.com\/wp-content\/uploads\/2025\/11\/logo-cuadrado.jpg","width":700,"height":700,"caption":"Iberoo"},"image":{"@id":"https:\/\/iberoo.com\/#\/schema\/logo\/image\/"}}]},"product_brand":"Artiach","og_availability":"instock","product_availability":"instock","product_condition":"new"},"_links":{"self":[{"href":"https:\/\/iberoo.com\/de\/wp-json\/wp\/v2\/product\/2382","targetHints":{"allow":["GET"]}}],"collection":[{"href":"https:\/\/iberoo.com\/de\/wp-json\/wp\/v2\/product"}],"about":[{"href":"https:\/\/iberoo.com\/de\/wp-json\/wp\/v2\/types\/product"}],"replies":[{"embeddable":true,"href":"https:\/\/iberoo.com\/de\/wp-json\/wp\/v2\/comments?post=2382"}],"wp:featuredmedia":[{"embeddable":true,"href":"https:\/\/iberoo.com\/de\/wp-json\/wp\/v2\/media\/2383"}],"wp:attachment":[{"href":"https:\/\/iberoo.com\/de\/wp-json\/wp\/v2\/media?parent=2382"}],"wp:term":[{"taxonomy":"product_brand","embeddable":true,"href":"https:\/\/iberoo.com\/de\/wp-json\/wp\/v2\/product_brand?post=2382"},{"taxonomy":"product_cat","embeddable":true,"href":"https:\/\/iberoo.com\/de\/wp-json\/wp\/v2\/product_cat?post=2382"},{"taxonomy":"product_tag","embeddable":true,"href":"https:\/\/iberoo.com\/de\/wp-json\/wp\/v2\/product_tag?post=2382"}],"curies":[{"name":"wp","href":"https:\/\/api.w.org\/{rel}","templated":true}]}}