{"id":2773,"date":"2026-03-23T12:48:37","date_gmt":"2026-03-23T11:48:37","guid":{"rendered":"https:\/\/iberoo.com\/?post_type=product&#038;p=2773"},"modified":"2026-03-23T12:48:37","modified_gmt":"2026-03-23T11:48:37","slug":"doritos-bits","status":"publish","type":"product","link":"https:\/\/iberoo.com\/de\/produkt\/doritos-bits\/","title":{"rendered":"Doritos Bits"},"content":{"rendered":"<p>Durch die kleinere Gr\u00f6\u00dfe der Doritos Bits ist jeder Bissen praktischer, wobei der charakteristische Knuspergenuss, der Doritos auszeichnet, erhalten bleibt, jedoch mit einem angenehmeren und dynamischeren Geschmackserlebnis.<\/p>\n<p>Doritos Bits in der 40-Gramm-Packung sind ideal f\u00fcr unterwegs, als Snack f\u00fcr zwischendurch oder als kleine Leckerei. Sie sind die perfekte Wahl f\u00fcr alle, die sich etwas g\u00f6nnen m\u00f6chten, ohne gleich eine ganze Packung \u00f6ffnen zu m\u00fcssen, oder als Beilage zu Mahlzeiten au\u00dfer Haus, auf Ausfl\u00fcgen oder f\u00fcr kurze Pausen zwischendurch.<\/p>\n<p>Diese Produktreihe ist in drei Sorten erh\u00e4ltlich, um jedem Geschmack gerecht zu werden. Doritos Bits Original bietet den klassischen Geschmack mit der unverwechselbaren, leicht w\u00fcrzigen Note. Doritos Bits Tex Mex sind eine intensivere Variante mit einem ausgepr\u00e4gteren Geschmacksprofil und einer pikanten Note, die alle anspricht, die es gerne etwas charaktervoller m\u00f6gen. Doritos Bits Pizza Pepperoni schlie\u00dflich bieten einen anderen, von Pizza inspirierten Geschmack mit einer ausgewogenen Kombination aus salzigen und w\u00fcrzigen Nuancen.<\/p>\n<p>Dank ihrer Form und Textur eignen sich Doritos Bits perfekt zum unkomplizierten Knabbern und passen auch hervorragend zu Vorspeisen oder als kleiner Snack zum Teilen. Durch ihre Gr\u00f6\u00dfe k\u00f6nnen Sie sie leichter genie\u00dfen, ohne dabei auf Geschmack verzichten zu m\u00fcssen.<\/p>\n<p>Wer sich f\u00fcr Doritos Bits in einer seiner Sorten entscheidet, w\u00e4hlt einen praktischen Snack mit Charakter, der zu jeder Tageszeit genossen werden kann. Eine leckere und unkomplizierte Option f\u00fcr jeden Plan.<\/p>","protected":false},"excerpt":{"rendered":"<p>Doritos Bits sind eine andere Version des klassischen Snacks, entwickelt f\u00fcr all jene, die den gleichen intensiven Geschmack wie immer in einem kleineren und einfacher zu verzehrenden Format suchen.<\/p>","protected":false},"featured_media":2774,"comment_status":"closed","ping_status":"closed","template":"","meta":[],"product_brand":[247],"product_cat":[241,246],"product_tag":[],"class_list":{"0":"post-2773","1":"product","2":"type-product","3":"status-publish","4":"has-post-thumbnail","6":"product_brand-doritos","7":"product_cat-aperitivos-y-snacks","8":"product_cat-snacks","10":"first","11":"instock","12":"shipping-taxable","13":"purchasable","14":"product-type-variable"},"yoast_head":"<!-- This site is optimized with the Yoast SEO plugin v27.3 - https:\/\/yoast.com\/product\/yoast-seo-wordpress\/ -->\n<title>Doritos Bits - Iberoo<\/title>\n<meta name=\"description\" content=\"Los Doritos Bits son una versi\u00f3n diferente del cl\u00e1sico snack, pensada para quienes buscan el mismo sabor intenso de siempre en un formato m\u00e1s peque\u00f1o.\" \/>\n<meta name=\"robots\" content=\"index, follow, max-snippet:-1, max-image-preview:large, max-video-preview:-1\" \/>\n<link rel=\"canonical\" href=\"https:\/\/iberoo.com\/de\/produkt\/doritos-bits\/\" \/>\n<meta property=\"og:locale\" content=\"de_DE\" \/>\n<meta property=\"og:type\" content=\"article\" \/>\n<meta property=\"og:title\" content=\"Doritos Bits - Iberoo\" \/>\n<meta property=\"og:description\" content=\"Los Doritos Bits son una versi\u00f3n diferente del cl\u00e1sico snack, pensada para quienes buscan el mismo sabor intenso de siempre en un formato m\u00e1s peque\u00f1o.\" \/>\n<meta property=\"og:url\" content=\"https:\/\/iberoo.com\/de\/produkt\/doritos-bits\/\" \/>\n<meta property=\"og:site_name\" content=\"Iberoo\" \/>\n<meta property=\"og:image\" content=\"https:\/\/iberoo.com\/wp-content\/uploads\/2026\/03\/doritos-bits.webp\" \/>\n\t<meta property=\"og:image:width\" content=\"1200\" \/>\n\t<meta property=\"og:image:height\" content=\"1200\" \/>\n\t<meta property=\"og:image:type\" content=\"image\/webp\" \/>\n<meta name=\"twitter:card\" content=\"summary_large_image\" \/>\n<meta name=\"twitter:label1\" content=\"Verf\u00fcgbarkeit\" \/>\n\t<meta name=\"twitter:data1\" content=\"Auf Lager\" \/>\n<script type=\"application\/ld+json\" class=\"yoast-schema-graph\">{\"@context\":\"https:\\\/\\\/schema.org\",\"@graph\":[{\"@type\":\"WebPage\",\"@id\":\"https:\\\/\\\/iberoo.com\\\/producto\\\/doritos-bits\\\/\",\"url\":\"https:\\\/\\\/iberoo.com\\\/producto\\\/doritos-bits\\\/\",\"name\":\"Doritos Bits - Iberoo\",\"isPartOf\":{\"@id\":\"https:\\\/\\\/iberoo.com\\\/#website\"},\"primaryImageOfPage\":{\"@id\":\"https:\\\/\\\/iberoo.com\\\/producto\\\/doritos-bits\\\/#primaryimage\"},\"image\":{\"@id\":\"https:\\\/\\\/iberoo.com\\\/producto\\\/doritos-bits\\\/#primaryimage\"},\"thumbnailUrl\":\"https:\\\/\\\/iberoo.com\\\/wp-content\\\/uploads\\\/2026\\\/03\\\/doritos-bits.webp\",\"datePublished\":\"2026-03-23T11:48:37+00:00\",\"description\":\"Los Doritos Bits son una versi\u00f3n diferente del cl\u00e1sico snack, pensada para quienes buscan el mismo sabor intenso de siempre en un formato m\u00e1s peque\u00f1o.\",\"breadcrumb\":{\"@id\":\"https:\\\/\\\/iberoo.com\\\/producto\\\/doritos-bits\\\/#breadcrumb\"},\"inLanguage\":\"de\",\"potentialAction\":[{\"@type\":\"ReadAction\",\"target\":[\"https:\\\/\\\/iberoo.com\\\/producto\\\/doritos-bits\\\/\"]}]},{\"@type\":\"ImageObject\",\"inLanguage\":\"de\",\"@id\":\"https:\\\/\\\/iberoo.com\\\/producto\\\/doritos-bits\\\/#primaryimage\",\"url\":\"https:\\\/\\\/iberoo.com\\\/wp-content\\\/uploads\\\/2026\\\/03\\\/doritos-bits.webp\",\"contentUrl\":\"https:\\\/\\\/iberoo.com\\\/wp-content\\\/uploads\\\/2026\\\/03\\\/doritos-bits.webp\",\"width\":1200,\"height\":1200,\"caption\":\"Doritos Bits\"},{\"@type\":\"BreadcrumbList\",\"@id\":\"https:\\\/\\\/iberoo.com\\\/producto\\\/doritos-bits\\\/#breadcrumb\",\"itemListElement\":[{\"@type\":\"ListItem\",\"position\":1,\"name\":\"Portada\",\"item\":\"https:\\\/\\\/iberoo.com\\\/\"},{\"@type\":\"ListItem\",\"position\":2,\"name\":\"Tienda Online\",\"item\":\"https:\\\/\\\/iberoo.com\\\/tienda\\\/\"},{\"@type\":\"ListItem\",\"position\":3,\"name\":\"Doritos Bits\"}]},{\"@type\":\"WebSite\",\"@id\":\"https:\\\/\\\/iberoo.com\\\/#website\",\"url\":\"https:\\\/\\\/iberoo.com\\\/\",\"name\":\"Iberoo\",\"description\":\"\",\"publisher\":{\"@id\":\"https:\\\/\\\/iberoo.com\\\/#organization\"},\"potentialAction\":[{\"@type\":\"SearchAction\",\"target\":{\"@type\":\"EntryPoint\",\"urlTemplate\":\"https:\\\/\\\/iberoo.com\\\/?s={search_term_string}\"},\"query-input\":{\"@type\":\"PropertyValueSpecification\",\"valueRequired\":true,\"valueName\":\"search_term_string\"}}],\"inLanguage\":\"de\"},{\"@type\":\"Organization\",\"@id\":\"https:\\\/\\\/iberoo.com\\\/#organization\",\"name\":\"Iberoo\",\"url\":\"https:\\\/\\\/iberoo.com\\\/\",\"logo\":{\"@type\":\"ImageObject\",\"inLanguage\":\"de\",\"@id\":\"https:\\\/\\\/iberoo.com\\\/#\\\/schema\\\/logo\\\/image\\\/\",\"url\":\"https:\\\/\\\/iberoo.com\\\/wp-content\\\/uploads\\\/2025\\\/11\\\/logo-cuadrado.jpg\",\"contentUrl\":\"https:\\\/\\\/iberoo.com\\\/wp-content\\\/uploads\\\/2025\\\/11\\\/logo-cuadrado.jpg\",\"width\":700,\"height\":700,\"caption\":\"Iberoo\"},\"image\":{\"@id\":\"https:\\\/\\\/iberoo.com\\\/#\\\/schema\\\/logo\\\/image\\\/\"}}]}<\/script>\n<meta property=\"product:brand\" content=\"Doritos\" \/>\n<meta property=\"og:availability\" content=\"instock\" \/>\n<meta property=\"product:availability\" content=\"instock\" \/>\n<meta property=\"product:condition\" content=\"new\" \/>\n<!-- \/ Yoast SEO plugin. -->","yoast_head_json":{"title":"Doritos Bits - Iberoo","description":"Doritos Bits sind eine andere Version des klassischen Snacks, entwickelt f\u00fcr alle, die den gleichen intensiven Geschmack wie immer in einem kleineren Format suchen.","robots":{"index":"index","follow":"follow","max-snippet":"max-snippet:-1","max-image-preview":"max-image-preview:large","max-video-preview":"max-video-preview:-1"},"canonical":"https:\/\/iberoo.com\/de\/produkt\/doritos-bits\/","og_locale":"de_DE","og_type":"article","og_title":"Doritos Bits - Iberoo","og_description":"Los Doritos Bits son una versi\u00f3n diferente del cl\u00e1sico snack, pensada para quienes buscan el mismo sabor intenso de siempre en un formato m\u00e1s peque\u00f1o.","og_url":"https:\/\/iberoo.com\/de\/produkt\/doritos-bits\/","og_site_name":"Iberoo","og_image":[{"width":1200,"height":1200,"url":"https:\/\/iberoo.com\/wp-content\/uploads\/2026\/03\/doritos-bits.webp","type":"image\/webp"}],"twitter_card":"summary_large_image","twitter_misc":{"Verf\u00fcgbarkeit":"Auf Lager"},"schema":{"@context":"https:\/\/schema.org","@graph":[{"@type":"WebPage","@id":"https:\/\/iberoo.com\/producto\/doritos-bits\/","url":"https:\/\/iberoo.com\/producto\/doritos-bits\/","name":"Doritos Bits - Iberoo","isPartOf":{"@id":"https:\/\/iberoo.com\/#website"},"primaryImageOfPage":{"@id":"https:\/\/iberoo.com\/producto\/doritos-bits\/#primaryimage"},"image":{"@id":"https:\/\/iberoo.com\/producto\/doritos-bits\/#primaryimage"},"thumbnailUrl":"https:\/\/iberoo.com\/wp-content\/uploads\/2026\/03\/doritos-bits.webp","datePublished":"2026-03-23T11:48:37+00:00","description":"Doritos Bits sind eine andere Version des klassischen Snacks, entwickelt f\u00fcr alle, die den gleichen intensiven Geschmack wie immer in einem kleineren Format suchen.","breadcrumb":{"@id":"https:\/\/iberoo.com\/producto\/doritos-bits\/#breadcrumb"},"inLanguage":"de","potentialAction":[{"@type":"ReadAction","target":["https:\/\/iberoo.com\/producto\/doritos-bits\/"]}]},{"@type":"ImageObject","inLanguage":"de","@id":"https:\/\/iberoo.com\/producto\/doritos-bits\/#primaryimage","url":"https:\/\/iberoo.com\/wp-content\/uploads\/2026\/03\/doritos-bits.webp","contentUrl":"https:\/\/iberoo.com\/wp-content\/uploads\/2026\/03\/doritos-bits.webp","width":1200,"height":1200,"caption":"Doritos Bits"},{"@type":"BreadcrumbList","@id":"https:\/\/iberoo.com\/producto\/doritos-bits\/#breadcrumb","itemListElement":[{"@type":"ListItem","position":1,"name":"Portada","item":"https:\/\/iberoo.com\/"},{"@type":"ListItem","position":2,"name":"Tienda Online","item":"https:\/\/iberoo.com\/tienda\/"},{"@type":"ListItem","position":3,"name":"Doritos Bits"}]},{"@type":"WebSite","@id":"https:\/\/iberoo.com\/#website","url":"https:\/\/iberoo.com\/","name":"Iberoo","description":"","publisher":{"@id":"https:\/\/iberoo.com\/#organization"},"potentialAction":[{"@type":"SearchAction","target":{"@type":"EntryPoint","urlTemplate":"https:\/\/iberoo.com\/?s={search_term_string}"},"query-input":{"@type":"PropertyValueSpecification","valueRequired":true,"valueName":"search_term_string"}}],"inLanguage":"de"},{"@type":"Organization","@id":"https:\/\/iberoo.com\/#organization","name":"Iberoo","url":"https:\/\/iberoo.com\/","logo":{"@type":"ImageObject","inLanguage":"de","@id":"https:\/\/iberoo.com\/#\/schema\/logo\/image\/","url":"https:\/\/iberoo.com\/wp-content\/uploads\/2025\/11\/logo-cuadrado.jpg","contentUrl":"https:\/\/iberoo.com\/wp-content\/uploads\/2025\/11\/logo-cuadrado.jpg","width":700,"height":700,"caption":"Iberoo"},"image":{"@id":"https:\/\/iberoo.com\/#\/schema\/logo\/image\/"}}]},"product_brand":"Doritos","og_availability":"instock","product_availability":"instock","product_condition":"new"},"_links":{"self":[{"href":"https:\/\/iberoo.com\/de\/wp-json\/wp\/v2\/product\/2773","targetHints":{"allow":["GET"]}}],"collection":[{"href":"https:\/\/iberoo.com\/de\/wp-json\/wp\/v2\/product"}],"about":[{"href":"https:\/\/iberoo.com\/de\/wp-json\/wp\/v2\/types\/product"}],"replies":[{"embeddable":true,"href":"https:\/\/iberoo.com\/de\/wp-json\/wp\/v2\/comments?post=2773"}],"wp:featuredmedia":[{"embeddable":true,"href":"https:\/\/iberoo.com\/de\/wp-json\/wp\/v2\/media\/2774"}],"wp:attachment":[{"href":"https:\/\/iberoo.com\/de\/wp-json\/wp\/v2\/media?parent=2773"}],"wp:term":[{"taxonomy":"product_brand","embeddable":true,"href":"https:\/\/iberoo.com\/de\/wp-json\/wp\/v2\/product_brand?post=2773"},{"taxonomy":"product_cat","embeddable":true,"href":"https:\/\/iberoo.com\/de\/wp-json\/wp\/v2\/product_cat?post=2773"},{"taxonomy":"product_tag","embeddable":true,"href":"https:\/\/iberoo.com\/de\/wp-json\/wp\/v2\/product_tag?post=2773"}],"curies":[{"name":"wp","href":"https:\/\/api.w.org\/{rel}","templated":true}]}}