{"id":2781,"date":"2026-03-23T12:30:52","date_gmt":"2026-03-23T11:30:52","guid":{"rendered":"https:\/\/iberoo.com\/?post_type=product&#038;p=2781"},"modified":"2026-03-23T12:53:17","modified_gmt":"2026-03-23T11:53:17","slug":"doritos","status":"publish","type":"product","link":"https:\/\/iberoo.com\/de\/produkt\/doritos\/","title":{"rendered":"Doritos"},"content":{"rendered":"<p>Die charakteristische dreieckige Form der Doritos und ihr R\u00f6stgrad verleihen jedem Bissen eine feste Konsistenz, anders als bei anderen, leichteren Snacks. Dadurch sind sie die ideale Wahl f\u00fcr alle, die einen Snack mit mehr Biss bevorzugen.<\/p>\n<p>In dieser 140-Gramm-Packung bieten Doritos die perfekte Menge zum Teilen bei Treffen oder zum Genie\u00dfen zu Hause. Sie ist praktisch, leicht zu verstauen und l\u00e4sst sich bequem in den t\u00e4glichen Einkauf integrieren.<\/p>\n<p>Innerhalb dieser Produktreihe k\u00f6nnen Sie aus drei Sorten f\u00fcr jeden Geschmack w\u00e4hlen. Doritos Tex Mex bestechen durch ihren klassischen Geschmack mit einer w\u00fcrzigen Note, die intensive und leicht scharfe Aromen vereint und sie so unverwechselbar und beliebt macht. Doritos Sweet Chili bieten einen anderen Kontrast: Sie kombinieren eine s\u00fc\u00dfe Note mit einer milden Sch\u00e4rfe zu einem ausgewogenen und genussvollen Geschmackserlebnis. Doritos Dippas schlie\u00dflich sind speziell f\u00fcr Dips konzipiert und dank ihrer Form und Haltbarkeit bruchfest.<\/p>\n<p>Diese Snacks eignen sich perfekt als Vorspeise, f\u00fcr ungezwungene Treffen oder als Begleitung zu Getr\u00e4nken. Dank ihrer Vielseitigkeit lassen sie sich zudem mit verschiedenen Saucen kombinieren oder auf Wurst- und K\u00e4seplatten anrichten und sorgen so f\u00fcr Abwechslung und eine besondere Note.<\/p>\n<p>Wer sich f\u00fcr Doritos in seinen verschiedenen Sorten entscheidet, w\u00e4hlt einen Snack mit Charakter, knuspriger Textur und intensivem Geschmack, der zu jedem Anlass passt. Eine praktische Wahl f\u00fcr alle, die mehr als nur einen gew\u00f6hnlichen Snack suchen.<\/p>","protected":false},"excerpt":{"rendered":"<p>Doritos in 140-g-Beuteln geh\u00f6ren zu den bekanntesten Snacks, wenn man einen Genuss mit intensivem Geschmack und knuspriger Textur sucht. Erh\u00e4ltlich in 3 Sorten.<\/p>","protected":false},"featured_media":2782,"comment_status":"closed","ping_status":"closed","template":"","meta":[],"product_brand":[247],"product_cat":[241,246],"product_tag":[],"class_list":{"0":"post-2781","1":"product","2":"type-product","3":"status-publish","4":"has-post-thumbnail","6":"product_brand-doritos","7":"product_cat-aperitivos-y-snacks","8":"product_cat-snacks","10":"first","11":"instock","12":"shipping-taxable","13":"purchasable","14":"product-type-variable"},"yoast_head":"<!-- This site is optimized with the Yoast SEO plugin v27.3 - https:\/\/yoast.com\/product\/yoast-seo-wordpress\/ -->\n<title>Doritos - Iberoo<\/title>\n<meta name=\"description\" content=\"Los Doritos son uno de los snacks m\u00e1s reconocibles cuando se busca un aperitivo con sabor intenso y textura crujiente. Disponibles en 3 sabores.\" \/>\n<meta name=\"robots\" content=\"index, follow, max-snippet:-1, max-image-preview:large, max-video-preview:-1\" \/>\n<link rel=\"canonical\" href=\"https:\/\/iberoo.com\/de\/produkt\/doritos\/\" \/>\n<meta property=\"og:locale\" content=\"de_DE\" \/>\n<meta property=\"og:type\" content=\"article\" \/>\n<meta property=\"og:title\" content=\"Doritos - Iberoo\" \/>\n<meta property=\"og:description\" content=\"Los Doritos son uno de los snacks m\u00e1s reconocibles cuando se busca un aperitivo con sabor intenso y textura crujiente. Disponibles en 3 sabores.\" \/>\n<meta property=\"og:url\" content=\"https:\/\/iberoo.com\/de\/produkt\/doritos\/\" \/>\n<meta property=\"og:site_name\" content=\"Iberoo\" \/>\n<meta property=\"article:modified_time\" content=\"2026-03-23T11:53:17+00:00\" \/>\n<meta property=\"og:image\" content=\"https:\/\/iberoo.com\/wp-content\/uploads\/2026\/03\/doritos.webp\" \/>\n\t<meta property=\"og:image:width\" content=\"1200\" \/>\n\t<meta property=\"og:image:height\" content=\"1200\" \/>\n\t<meta property=\"og:image:type\" content=\"image\/webp\" \/>\n<meta name=\"twitter:card\" content=\"summary_large_image\" \/>\n<meta name=\"twitter:label1\" content=\"Verf\u00fcgbarkeit\" \/>\n\t<meta name=\"twitter:data1\" content=\"Auf Lager\" \/>\n<script type=\"application\/ld+json\" class=\"yoast-schema-graph\">{\"@context\":\"https:\\\/\\\/schema.org\",\"@graph\":[{\"@type\":\"WebPage\",\"@id\":\"https:\\\/\\\/iberoo.com\\\/producto\\\/doritos\\\/\",\"url\":\"https:\\\/\\\/iberoo.com\\\/producto\\\/doritos\\\/\",\"name\":\"Doritos - Iberoo\",\"isPartOf\":{\"@id\":\"https:\\\/\\\/iberoo.com\\\/#website\"},\"primaryImageOfPage\":{\"@id\":\"https:\\\/\\\/iberoo.com\\\/producto\\\/doritos\\\/#primaryimage\"},\"image\":{\"@id\":\"https:\\\/\\\/iberoo.com\\\/producto\\\/doritos\\\/#primaryimage\"},\"thumbnailUrl\":\"https:\\\/\\\/iberoo.com\\\/wp-content\\\/uploads\\\/2026\\\/03\\\/doritos.webp\",\"datePublished\":\"2026-03-23T11:30:52+00:00\",\"dateModified\":\"2026-03-23T11:53:17+00:00\",\"description\":\"Los Doritos son uno de los snacks m\u00e1s reconocibles cuando se busca un aperitivo con sabor intenso y textura crujiente. Disponibles en 3 sabores.\",\"breadcrumb\":{\"@id\":\"https:\\\/\\\/iberoo.com\\\/producto\\\/doritos\\\/#breadcrumb\"},\"inLanguage\":\"de\",\"potentialAction\":[{\"@type\":\"ReadAction\",\"target\":[\"https:\\\/\\\/iberoo.com\\\/producto\\\/doritos\\\/\"]}]},{\"@type\":\"ImageObject\",\"inLanguage\":\"de\",\"@id\":\"https:\\\/\\\/iberoo.com\\\/producto\\\/doritos\\\/#primaryimage\",\"url\":\"https:\\\/\\\/iberoo.com\\\/wp-content\\\/uploads\\\/2026\\\/03\\\/doritos.webp\",\"contentUrl\":\"https:\\\/\\\/iberoo.com\\\/wp-content\\\/uploads\\\/2026\\\/03\\\/doritos.webp\",\"width\":1200,\"height\":1200,\"caption\":\"Doritos\"},{\"@type\":\"BreadcrumbList\",\"@id\":\"https:\\\/\\\/iberoo.com\\\/producto\\\/doritos\\\/#breadcrumb\",\"itemListElement\":[{\"@type\":\"ListItem\",\"position\":1,\"name\":\"Portada\",\"item\":\"https:\\\/\\\/iberoo.com\\\/\"},{\"@type\":\"ListItem\",\"position\":2,\"name\":\"Tienda Online\",\"item\":\"https:\\\/\\\/iberoo.com\\\/tienda\\\/\"},{\"@type\":\"ListItem\",\"position\":3,\"name\":\"Doritos\"}]},{\"@type\":\"WebSite\",\"@id\":\"https:\\\/\\\/iberoo.com\\\/#website\",\"url\":\"https:\\\/\\\/iberoo.com\\\/\",\"name\":\"Iberoo\",\"description\":\"\",\"publisher\":{\"@id\":\"https:\\\/\\\/iberoo.com\\\/#organization\"},\"potentialAction\":[{\"@type\":\"SearchAction\",\"target\":{\"@type\":\"EntryPoint\",\"urlTemplate\":\"https:\\\/\\\/iberoo.com\\\/?s={search_term_string}\"},\"query-input\":{\"@type\":\"PropertyValueSpecification\",\"valueRequired\":true,\"valueName\":\"search_term_string\"}}],\"inLanguage\":\"de\"},{\"@type\":\"Organization\",\"@id\":\"https:\\\/\\\/iberoo.com\\\/#organization\",\"name\":\"Iberoo\",\"url\":\"https:\\\/\\\/iberoo.com\\\/\",\"logo\":{\"@type\":\"ImageObject\",\"inLanguage\":\"de\",\"@id\":\"https:\\\/\\\/iberoo.com\\\/#\\\/schema\\\/logo\\\/image\\\/\",\"url\":\"https:\\\/\\\/iberoo.com\\\/wp-content\\\/uploads\\\/2025\\\/11\\\/logo-cuadrado.jpg\",\"contentUrl\":\"https:\\\/\\\/iberoo.com\\\/wp-content\\\/uploads\\\/2025\\\/11\\\/logo-cuadrado.jpg\",\"width\":700,\"height\":700,\"caption\":\"Iberoo\"},\"image\":{\"@id\":\"https:\\\/\\\/iberoo.com\\\/#\\\/schema\\\/logo\\\/image\\\/\"}}]}<\/script>\n<meta property=\"product:brand\" content=\"Doritos\" \/>\n<meta property=\"og:availability\" content=\"instock\" \/>\n<meta property=\"product:availability\" content=\"instock\" \/>\n<meta property=\"product:condition\" content=\"new\" \/>\n<!-- \/ Yoast SEO plugin. -->","yoast_head_json":{"title":"Doritos - Iberoo","description":"Doritos geh\u00f6ren zu den bekanntesten Snacks, wenn man etwas mit intensivem Geschmack und knuspriger Textur sucht. Erh\u00e4ltlich in 3 Geschmacksrichtungen.","robots":{"index":"index","follow":"follow","max-snippet":"max-snippet:-1","max-image-preview":"max-image-preview:large","max-video-preview":"max-video-preview:-1"},"canonical":"https:\/\/iberoo.com\/de\/produkt\/doritos\/","og_locale":"de_DE","og_type":"article","og_title":"Doritos - Iberoo","og_description":"Los Doritos son uno de los snacks m\u00e1s reconocibles cuando se busca un aperitivo con sabor intenso y textura crujiente. Disponibles en 3 sabores.","og_url":"https:\/\/iberoo.com\/de\/produkt\/doritos\/","og_site_name":"Iberoo","article_modified_time":"2026-03-23T11:53:17+00:00","og_image":[{"width":1200,"height":1200,"url":"https:\/\/iberoo.com\/wp-content\/uploads\/2026\/03\/doritos.webp","type":"image\/webp"}],"twitter_card":"summary_large_image","twitter_misc":{"Verf\u00fcgbarkeit":"Auf Lager"},"schema":{"@context":"https:\/\/schema.org","@graph":[{"@type":"WebPage","@id":"https:\/\/iberoo.com\/producto\/doritos\/","url":"https:\/\/iberoo.com\/producto\/doritos\/","name":"Doritos - Iberoo","isPartOf":{"@id":"https:\/\/iberoo.com\/#website"},"primaryImageOfPage":{"@id":"https:\/\/iberoo.com\/producto\/doritos\/#primaryimage"},"image":{"@id":"https:\/\/iberoo.com\/producto\/doritos\/#primaryimage"},"thumbnailUrl":"https:\/\/iberoo.com\/wp-content\/uploads\/2026\/03\/doritos.webp","datePublished":"2026-03-23T11:30:52+00:00","dateModified":"2026-03-23T11:53:17+00:00","description":"Doritos geh\u00f6ren zu den bekanntesten Snacks, wenn man etwas mit intensivem Geschmack und knuspriger Textur sucht. Erh\u00e4ltlich in 3 Geschmacksrichtungen.","breadcrumb":{"@id":"https:\/\/iberoo.com\/producto\/doritos\/#breadcrumb"},"inLanguage":"de","potentialAction":[{"@type":"ReadAction","target":["https:\/\/iberoo.com\/producto\/doritos\/"]}]},{"@type":"ImageObject","inLanguage":"de","@id":"https:\/\/iberoo.com\/producto\/doritos\/#primaryimage","url":"https:\/\/iberoo.com\/wp-content\/uploads\/2026\/03\/doritos.webp","contentUrl":"https:\/\/iberoo.com\/wp-content\/uploads\/2026\/03\/doritos.webp","width":1200,"height":1200,"caption":"Doritos"},{"@type":"BreadcrumbList","@id":"https:\/\/iberoo.com\/producto\/doritos\/#breadcrumb","itemListElement":[{"@type":"ListItem","position":1,"name":"Portada","item":"https:\/\/iberoo.com\/"},{"@type":"ListItem","position":2,"name":"Tienda Online","item":"https:\/\/iberoo.com\/tienda\/"},{"@type":"ListItem","position":3,"name":"Doritos"}]},{"@type":"WebSite","@id":"https:\/\/iberoo.com\/#website","url":"https:\/\/iberoo.com\/","name":"Iberoo","description":"","publisher":{"@id":"https:\/\/iberoo.com\/#organization"},"potentialAction":[{"@type":"SearchAction","target":{"@type":"EntryPoint","urlTemplate":"https:\/\/iberoo.com\/?s={search_term_string}"},"query-input":{"@type":"PropertyValueSpecification","valueRequired":true,"valueName":"search_term_string"}}],"inLanguage":"de"},{"@type":"Organization","@id":"https:\/\/iberoo.com\/#organization","name":"Iberoo","url":"https:\/\/iberoo.com\/","logo":{"@type":"ImageObject","inLanguage":"de","@id":"https:\/\/iberoo.com\/#\/schema\/logo\/image\/","url":"https:\/\/iberoo.com\/wp-content\/uploads\/2025\/11\/logo-cuadrado.jpg","contentUrl":"https:\/\/iberoo.com\/wp-content\/uploads\/2025\/11\/logo-cuadrado.jpg","width":700,"height":700,"caption":"Iberoo"},"image":{"@id":"https:\/\/iberoo.com\/#\/schema\/logo\/image\/"}}]},"product_brand":"Doritos","og_availability":"instock","product_availability":"instock","product_condition":"new"},"_links":{"self":[{"href":"https:\/\/iberoo.com\/de\/wp-json\/wp\/v2\/product\/2781","targetHints":{"allow":["GET"]}}],"collection":[{"href":"https:\/\/iberoo.com\/de\/wp-json\/wp\/v2\/product"}],"about":[{"href":"https:\/\/iberoo.com\/de\/wp-json\/wp\/v2\/types\/product"}],"replies":[{"embeddable":true,"href":"https:\/\/iberoo.com\/de\/wp-json\/wp\/v2\/comments?post=2781"}],"wp:featuredmedia":[{"embeddable":true,"href":"https:\/\/iberoo.com\/de\/wp-json\/wp\/v2\/media\/2782"}],"wp:attachment":[{"href":"https:\/\/iberoo.com\/de\/wp-json\/wp\/v2\/media?parent=2781"}],"wp:term":[{"taxonomy":"product_brand","embeddable":true,"href":"https:\/\/iberoo.com\/de\/wp-json\/wp\/v2\/product_brand?post=2781"},{"taxonomy":"product_cat","embeddable":true,"href":"https:\/\/iberoo.com\/de\/wp-json\/wp\/v2\/product_cat?post=2781"},{"taxonomy":"product_tag","embeddable":true,"href":"https:\/\/iberoo.com\/de\/wp-json\/wp\/v2\/product_tag?post=2781"}],"curies":[{"name":"wp","href":"https:\/\/api.w.org\/{rel}","templated":true}]}}