{"id":2999,"date":"2026-03-26T13:11:52","date_gmt":"2026-03-26T12:11:52","guid":{"rendered":"https:\/\/iberoo.com\/?post_type=product&#038;p=2999"},"modified":"2026-03-26T13:14:48","modified_gmt":"2026-03-26T12:14:48","slug":"granero-de-levante-gebratene-erdnusse-ohne-haut","status":"publish","type":"product","link":"https:\/\/iberoo.com\/de\/produkt\/granero-de-levante-gebratene-erdnusse-ohne-haut\/","title":{"rendered":"Granero de Levante Gebratene Erdn\u00fcsse ohne Haut"},"content":{"rendered":"","protected":false},"excerpt":{"rendered":"<p>Gesch\u00e4lte und ger\u00f6stete Erdn\u00fcsse in Oliven\u00f6l und Salz. Handgemacht und verzehrfertig im 500-g-Glas.<\/p>","protected":false},"featured_media":3000,"comment_status":"open","ping_status":"closed","template":"","meta":[],"product_brand":[264],"product_cat":[241,250],"product_tag":[],"class_list":{"0":"post-2999","1":"product","2":"type-product","3":"status-publish","4":"has-post-thumbnail","6":"product_brand-granero-de-levante","7":"product_cat-aperitivos-y-snacks","8":"product_cat-frutos-secos","10":"first","11":"instock","12":"shipping-taxable","13":"purchasable","14":"product-type-simple"},"yoast_head":"<!-- This site is optimized with the Yoast SEO plugin v27.3 - https:\/\/yoast.com\/product\/yoast-seo-wordpress\/ -->\n<title>Cacahuetes Fritos sin Piel Granero de Levante - Iberoo<\/title>\n<meta name=\"description\" content=\"Cacahuetes pelados y fritos sin piel en aceite de oliva y sal. Elaborados de forma artesanal y listos para consumir en bote de 500g.\" \/>\n<meta name=\"robots\" content=\"index, follow, max-snippet:-1, max-image-preview:large, max-video-preview:-1\" \/>\n<link rel=\"canonical\" href=\"https:\/\/iberoo.com\/de\/produkt\/granero-de-levante-gebratene-erdnusse-ohne-haut\/\" \/>\n<meta property=\"og:locale\" content=\"de_DE\" \/>\n<meta property=\"og:type\" content=\"article\" \/>\n<meta property=\"og:title\" content=\"Cacahuetes Fritos sin Piel Granero de Levante - Iberoo\" \/>\n<meta property=\"og:description\" content=\"Cacahuetes pelados y fritos sin piel en aceite de oliva y sal. Elaborados de forma artesanal y listos para consumir en bote de 500g.\" \/>\n<meta property=\"og:url\" content=\"https:\/\/iberoo.com\/de\/produkt\/granero-de-levante-gebratene-erdnusse-ohne-haut\/\" \/>\n<meta property=\"og:site_name\" content=\"Iberoo\" \/>\n<meta property=\"article:modified_time\" content=\"2026-03-26T12:14:48+00:00\" \/>\n<meta property=\"og:image\" content=\"https:\/\/iberoo.com\/wp-content\/uploads\/2026\/03\/cacahuete-frito-sin-piel.jpg\" \/>\n\t<meta property=\"og:image:width\" content=\"900\" \/>\n\t<meta property=\"og:image:height\" content=\"900\" \/>\n\t<meta property=\"og:image:type\" content=\"image\/jpeg\" \/>\n<meta name=\"twitter:card\" content=\"summary_large_image\" \/>\n<meta name=\"twitter:label1\" content=\"Preis\" \/>\n\t<meta name=\"twitter:data1\" content=\"4,55&nbsp;&euro;\" \/>\n\t<meta name=\"twitter:label2\" content=\"Verf\u00fcgbarkeit\" \/>\n\t<meta name=\"twitter:data2\" content=\"Auf Lager\" \/>\n<script type=\"application\/ld+json\" class=\"yoast-schema-graph\">{\"@context\":\"https:\\\/\\\/schema.org\",\"@graph\":[{\"@type\":\"WebPage\",\"@id\":\"https:\\\/\\\/iberoo.com\\\/producto\\\/cacahuetes-fritos-sin-piel-granero-de-levante\\\/\",\"url\":\"https:\\\/\\\/iberoo.com\\\/producto\\\/cacahuetes-fritos-sin-piel-granero-de-levante\\\/\",\"name\":\"Cacahuetes Fritos sin Piel Granero de Levante - Iberoo\",\"isPartOf\":{\"@id\":\"https:\\\/\\\/iberoo.com\\\/#website\"},\"primaryImageOfPage\":{\"@id\":\"https:\\\/\\\/iberoo.com\\\/producto\\\/cacahuetes-fritos-sin-piel-granero-de-levante\\\/#primaryimage\"},\"image\":{\"@id\":\"https:\\\/\\\/iberoo.com\\\/producto\\\/cacahuetes-fritos-sin-piel-granero-de-levante\\\/#primaryimage\"},\"thumbnailUrl\":\"https:\\\/\\\/iberoo.com\\\/wp-content\\\/uploads\\\/2026\\\/03\\\/cacahuete-frito-sin-piel.jpg\",\"datePublished\":\"2026-03-26T12:11:52+00:00\",\"dateModified\":\"2026-03-26T12:14:48+00:00\",\"description\":\"Cacahuetes pelados y fritos sin piel en aceite de oliva y sal. Elaborados de forma artesanal y listos para consumir en bote de 500g.\",\"breadcrumb\":{\"@id\":\"https:\\\/\\\/iberoo.com\\\/producto\\\/cacahuetes-fritos-sin-piel-granero-de-levante\\\/#breadcrumb\"},\"inLanguage\":\"de\",\"potentialAction\":[{\"@type\":\"ReadAction\",\"target\":[\"https:\\\/\\\/iberoo.com\\\/producto\\\/cacahuetes-fritos-sin-piel-granero-de-levante\\\/\"]}]},{\"@type\":\"ImageObject\",\"inLanguage\":\"de\",\"@id\":\"https:\\\/\\\/iberoo.com\\\/producto\\\/cacahuetes-fritos-sin-piel-granero-de-levante\\\/#primaryimage\",\"url\":\"https:\\\/\\\/iberoo.com\\\/wp-content\\\/uploads\\\/2026\\\/03\\\/cacahuete-frito-sin-piel.jpg\",\"contentUrl\":\"https:\\\/\\\/iberoo.com\\\/wp-content\\\/uploads\\\/2026\\\/03\\\/cacahuete-frito-sin-piel.jpg\",\"width\":900,\"height\":900,\"caption\":\"Cacahuetes Fritos sin Piel Granero de Levante\"},{\"@type\":\"BreadcrumbList\",\"@id\":\"https:\\\/\\\/iberoo.com\\\/producto\\\/cacahuetes-fritos-sin-piel-granero-de-levante\\\/#breadcrumb\",\"itemListElement\":[{\"@type\":\"ListItem\",\"position\":1,\"name\":\"Portada\",\"item\":\"https:\\\/\\\/iberoo.com\\\/\"},{\"@type\":\"ListItem\",\"position\":2,\"name\":\"Tienda Online\",\"item\":\"https:\\\/\\\/iberoo.com\\\/tienda\\\/\"},{\"@type\":\"ListItem\",\"position\":3,\"name\":\"Cacahuetes Fritos sin Piel Granero de Levante\"}]},{\"@type\":\"WebSite\",\"@id\":\"https:\\\/\\\/iberoo.com\\\/#website\",\"url\":\"https:\\\/\\\/iberoo.com\\\/\",\"name\":\"Iberoo\",\"description\":\"\",\"publisher\":{\"@id\":\"https:\\\/\\\/iberoo.com\\\/#organization\"},\"potentialAction\":[{\"@type\":\"SearchAction\",\"target\":{\"@type\":\"EntryPoint\",\"urlTemplate\":\"https:\\\/\\\/iberoo.com\\\/?s={search_term_string}\"},\"query-input\":{\"@type\":\"PropertyValueSpecification\",\"valueRequired\":true,\"valueName\":\"search_term_string\"}}],\"inLanguage\":\"de\"},{\"@type\":\"Organization\",\"@id\":\"https:\\\/\\\/iberoo.com\\\/#organization\",\"name\":\"Iberoo\",\"url\":\"https:\\\/\\\/iberoo.com\\\/\",\"logo\":{\"@type\":\"ImageObject\",\"inLanguage\":\"de\",\"@id\":\"https:\\\/\\\/iberoo.com\\\/#\\\/schema\\\/logo\\\/image\\\/\",\"url\":\"https:\\\/\\\/iberoo.com\\\/wp-content\\\/uploads\\\/2025\\\/11\\\/logo-cuadrado.jpg\",\"contentUrl\":\"https:\\\/\\\/iberoo.com\\\/wp-content\\\/uploads\\\/2025\\\/11\\\/logo-cuadrado.jpg\",\"width\":700,\"height\":700,\"caption\":\"Iberoo\"},\"image\":{\"@id\":\"https:\\\/\\\/iberoo.com\\\/#\\\/schema\\\/logo\\\/image\\\/\"}}]}<\/script>\n<meta property=\"product:brand\" content=\"Granero de Levante\" \/>\n<meta property=\"product:price:amount\" content=\"4.55\" \/>\n<meta property=\"product:price:currency\" content=\"EUR\" \/>\n<meta property=\"og:availability\" content=\"instock\" \/>\n<meta property=\"product:availability\" content=\"instock\" \/>\n<meta property=\"product:condition\" content=\"new\" \/>\n<!-- \/ Yoast SEO plugin. -->","yoast_head_json":{"title":"Granero de Levante Gebratene Erdn\u00fcsse ohne Haut - Iberoo","description":"Gesch\u00e4lte und ger\u00f6stete Erdn\u00fcsse in Oliven\u00f6l und Salz. Handgemacht und verzehrfertig im 500-g-Glas.","robots":{"index":"index","follow":"follow","max-snippet":"max-snippet:-1","max-image-preview":"max-image-preview:large","max-video-preview":"max-video-preview:-1"},"canonical":"https:\/\/iberoo.com\/de\/produkt\/granero-de-levante-gebratene-erdnusse-ohne-haut\/","og_locale":"de_DE","og_type":"article","og_title":"Cacahuetes Fritos sin Piel Granero de Levante - Iberoo","og_description":"Cacahuetes pelados y fritos sin piel en aceite de oliva y sal. Elaborados de forma artesanal y listos para consumir en bote de 500g.","og_url":"https:\/\/iberoo.com\/de\/produkt\/granero-de-levante-gebratene-erdnusse-ohne-haut\/","og_site_name":"Iberoo","article_modified_time":"2026-03-26T12:14:48+00:00","og_image":[{"width":900,"height":900,"url":"https:\/\/iberoo.com\/wp-content\/uploads\/2026\/03\/cacahuete-frito-sin-piel.jpg","type":"image\/jpeg"}],"twitter_card":"summary_large_image","twitter_misc":{"Preis":"4,55&nbsp;&euro;","Verf\u00fcgbarkeit":"Auf Lager"},"schema":{"@context":"https:\/\/schema.org","@graph":[{"@type":"WebPage","@id":"https:\/\/iberoo.com\/producto\/cacahuetes-fritos-sin-piel-granero-de-levante\/","url":"https:\/\/iberoo.com\/producto\/cacahuetes-fritos-sin-piel-granero-de-levante\/","name":"Granero de Levante Gebratene Erdn\u00fcsse ohne Haut - Iberoo","isPartOf":{"@id":"https:\/\/iberoo.com\/#website"},"primaryImageOfPage":{"@id":"https:\/\/iberoo.com\/producto\/cacahuetes-fritos-sin-piel-granero-de-levante\/#primaryimage"},"image":{"@id":"https:\/\/iberoo.com\/producto\/cacahuetes-fritos-sin-piel-granero-de-levante\/#primaryimage"},"thumbnailUrl":"https:\/\/iberoo.com\/wp-content\/uploads\/2026\/03\/cacahuete-frito-sin-piel.jpg","datePublished":"2026-03-26T12:11:52+00:00","dateModified":"2026-03-26T12:14:48+00:00","description":"Gesch\u00e4lte und ger\u00f6stete Erdn\u00fcsse in Oliven\u00f6l und Salz. Handgemacht und verzehrfertig im 500-g-Glas.","breadcrumb":{"@id":"https:\/\/iberoo.com\/producto\/cacahuetes-fritos-sin-piel-granero-de-levante\/#breadcrumb"},"inLanguage":"de","potentialAction":[{"@type":"ReadAction","target":["https:\/\/iberoo.com\/producto\/cacahuetes-fritos-sin-piel-granero-de-levante\/"]}]},{"@type":"ImageObject","inLanguage":"de","@id":"https:\/\/iberoo.com\/producto\/cacahuetes-fritos-sin-piel-granero-de-levante\/#primaryimage","url":"https:\/\/iberoo.com\/wp-content\/uploads\/2026\/03\/cacahuete-frito-sin-piel.jpg","contentUrl":"https:\/\/iberoo.com\/wp-content\/uploads\/2026\/03\/cacahuete-frito-sin-piel.jpg","width":900,"height":900,"caption":"Cacahuetes Fritos sin Piel Granero de Levante"},{"@type":"BreadcrumbList","@id":"https:\/\/iberoo.com\/producto\/cacahuetes-fritos-sin-piel-granero-de-levante\/#breadcrumb","itemListElement":[{"@type":"ListItem","position":1,"name":"Portada","item":"https:\/\/iberoo.com\/"},{"@type":"ListItem","position":2,"name":"Tienda Online","item":"https:\/\/iberoo.com\/tienda\/"},{"@type":"ListItem","position":3,"name":"Cacahuetes Fritos sin Piel Granero de Levante"}]},{"@type":"WebSite","@id":"https:\/\/iberoo.com\/#website","url":"https:\/\/iberoo.com\/","name":"Iberoo","description":"","publisher":{"@id":"https:\/\/iberoo.com\/#organization"},"potentialAction":[{"@type":"SearchAction","target":{"@type":"EntryPoint","urlTemplate":"https:\/\/iberoo.com\/?s={search_term_string}"},"query-input":{"@type":"PropertyValueSpecification","valueRequired":true,"valueName":"search_term_string"}}],"inLanguage":"de"},{"@type":"Organization","@id":"https:\/\/iberoo.com\/#organization","name":"Iberoo","url":"https:\/\/iberoo.com\/","logo":{"@type":"ImageObject","inLanguage":"de","@id":"https:\/\/iberoo.com\/#\/schema\/logo\/image\/","url":"https:\/\/iberoo.com\/wp-content\/uploads\/2025\/11\/logo-cuadrado.jpg","contentUrl":"https:\/\/iberoo.com\/wp-content\/uploads\/2025\/11\/logo-cuadrado.jpg","width":700,"height":700,"caption":"Iberoo"},"image":{"@id":"https:\/\/iberoo.com\/#\/schema\/logo\/image\/"}}]},"product_brand":"Granero de Levante","product_price_amount":"4.55","product_price_currency":"EUR","og_availability":"instock","product_availability":"instock","product_condition":"new"},"_links":{"self":[{"href":"https:\/\/iberoo.com\/de\/wp-json\/wp\/v2\/product\/2999","targetHints":{"allow":["GET"]}}],"collection":[{"href":"https:\/\/iberoo.com\/de\/wp-json\/wp\/v2\/product"}],"about":[{"href":"https:\/\/iberoo.com\/de\/wp-json\/wp\/v2\/types\/product"}],"replies":[{"embeddable":true,"href":"https:\/\/iberoo.com\/de\/wp-json\/wp\/v2\/comments?post=2999"}],"wp:featuredmedia":[{"embeddable":true,"href":"https:\/\/iberoo.com\/de\/wp-json\/wp\/v2\/media\/3000"}],"wp:attachment":[{"href":"https:\/\/iberoo.com\/de\/wp-json\/wp\/v2\/media?parent=2999"}],"wp:term":[{"taxonomy":"product_brand","embeddable":true,"href":"https:\/\/iberoo.com\/de\/wp-json\/wp\/v2\/product_brand?post=2999"},{"taxonomy":"product_cat","embeddable":true,"href":"https:\/\/iberoo.com\/de\/wp-json\/wp\/v2\/product_cat?post=2999"},{"taxonomy":"product_tag","embeddable":true,"href":"https:\/\/iberoo.com\/de\/wp-json\/wp\/v2\/product_tag?post=2999"}],"curies":[{"name":"wp","href":"https:\/\/api.w.org\/{rel}","templated":true}]}}