{"id":3042,"date":"2026-03-29T12:04:59","date_gmt":"2026-03-29T10:04:59","guid":{"rendered":"https:\/\/iberoo.com\/?post_type=product&#038;p=3042"},"modified":"2026-03-29T12:05:00","modified_gmt":"2026-03-29T10:05:00","slug":"schweinekrusten-iberischer-schinken","status":"publish","type":"product","link":"https:\/\/iberoo.com\/de\/produkt\/schweinekrusten-iberischer-schinken\/","title":{"rendered":"Tendilla Schweinekrusten, iberischer Schinken"},"content":{"rendered":"<p>Diese Schweineschwarten werden von der Firma Familiar Tendilla hergestellt, die 1994 gegr\u00fcndet wurde und sich ausschlie\u00dflich der Produktion von Schweineschwarten und -grieben mit dem Geschmack von iberischem Schinken widmet.<\/p>\n<p>Sie sind au\u00dfen knusprig, innen zart und dank des Hauch von iberischem Schinkenaroma, der ihnen ein spektakul\u00e4res Aroma und einen ebensolchen Geschmack verleiht, ein wahrer Genuss f\u00fcr den Gaumen.<\/p>","protected":false},"excerpt":{"rendered":"<p>Authentischer Schweinebauch nach spanischer Art mit iberischem Schinkengeschmack, im 125g-Glas und hergestellt mit der Garantie des Familienunternehmens Tendilla.<\/p>","protected":false},"featured_media":3043,"comment_status":"open","ping_status":"closed","template":"","meta":[],"product_brand":[268],"product_cat":[241,246],"product_tag":[],"class_list":{"0":"post-3042","1":"product","2":"type-product","3":"status-publish","4":"has-post-thumbnail","6":"product_brand-tendilla","7":"product_cat-aperitivos-y-snacks","8":"product_cat-snacks","10":"first","11":"instock","12":"shipping-taxable","13":"purchasable","14":"product-type-simple"},"yoast_head":"<!-- This site is optimized with the Yoast SEO plugin v27.3 - https:\/\/yoast.com\/product\/yoast-seo-wordpress\/ -->\n<title>Torreznos Jam\u00f3n Ib\u00e9rico Tendilla - Iberoo<\/title>\n<meta name=\"description\" content=\"Aut\u00e9nticos torreznos t\u00edpicos de Espa\u00f1a con sabor a jam\u00f3n ib\u00e9rico en bote de 125g y elaborados con la garant\u00eda de la empresa familiar Tendilla.\" \/>\n<meta name=\"robots\" content=\"index, follow, max-snippet:-1, max-image-preview:large, max-video-preview:-1\" \/>\n<link rel=\"canonical\" href=\"https:\/\/iberoo.com\/de\/produkt\/schweinekrusten-iberischer-schinken\/\" \/>\n<meta property=\"og:locale\" content=\"de_DE\" \/>\n<meta property=\"og:type\" content=\"article\" \/>\n<meta property=\"og:title\" content=\"Torreznos Jam\u00f3n Ib\u00e9rico Tendilla - Iberoo\" \/>\n<meta property=\"og:description\" content=\"Aut\u00e9nticos torreznos t\u00edpicos de Espa\u00f1a con sabor a jam\u00f3n ib\u00e9rico en bote de 125g y elaborados con la garant\u00eda de la empresa familiar Tendilla.\" \/>\n<meta property=\"og:url\" content=\"https:\/\/iberoo.com\/de\/produkt\/schweinekrusten-iberischer-schinken\/\" \/>\n<meta property=\"og:site_name\" content=\"Iberoo\" \/>\n<meta property=\"article:modified_time\" content=\"2026-03-29T10:05:00+00:00\" \/>\n<meta property=\"og:image\" content=\"https:\/\/iberoo.com\/wp-content\/uploads\/2026\/03\/tendilla-torreznos-sabor-jamon-iberico.jpg\" \/>\n\t<meta property=\"og:image:width\" content=\"1200\" \/>\n\t<meta property=\"og:image:height\" content=\"1200\" \/>\n\t<meta property=\"og:image:type\" content=\"image\/jpeg\" \/>\n<meta name=\"twitter:card\" content=\"summary_large_image\" \/>\n<meta name=\"twitter:label1\" content=\"Preis\" \/>\n\t<meta name=\"twitter:data1\" content=\"3,70&nbsp;&euro;\" \/>\n\t<meta name=\"twitter:label2\" content=\"Verf\u00fcgbarkeit\" \/>\n\t<meta name=\"twitter:data2\" content=\"Auf Lager\" \/>\n<script type=\"application\/ld+json\" class=\"yoast-schema-graph\">{\"@context\":\"https:\\\/\\\/schema.org\",\"@graph\":[{\"@type\":\"WebPage\",\"@id\":\"https:\\\/\\\/iberoo.com\\\/producto\\\/torreznos-jamon-iberico-tendilla\\\/\",\"url\":\"https:\\\/\\\/iberoo.com\\\/producto\\\/torreznos-jamon-iberico-tendilla\\\/\",\"name\":\"Torreznos Jam\u00f3n Ib\u00e9rico Tendilla - Iberoo\",\"isPartOf\":{\"@id\":\"https:\\\/\\\/iberoo.com\\\/#website\"},\"primaryImageOfPage\":{\"@id\":\"https:\\\/\\\/iberoo.com\\\/producto\\\/torreznos-jamon-iberico-tendilla\\\/#primaryimage\"},\"image\":{\"@id\":\"https:\\\/\\\/iberoo.com\\\/producto\\\/torreznos-jamon-iberico-tendilla\\\/#primaryimage\"},\"thumbnailUrl\":\"https:\\\/\\\/iberoo.com\\\/wp-content\\\/uploads\\\/2026\\\/03\\\/tendilla-torreznos-sabor-jamon-iberico.jpg\",\"datePublished\":\"2026-03-29T10:04:59+00:00\",\"dateModified\":\"2026-03-29T10:05:00+00:00\",\"description\":\"Aut\u00e9nticos torreznos t\u00edpicos de Espa\u00f1a con sabor a jam\u00f3n ib\u00e9rico en bote de 125g y elaborados con la garant\u00eda de la empresa familiar Tendilla.\",\"breadcrumb\":{\"@id\":\"https:\\\/\\\/iberoo.com\\\/producto\\\/torreznos-jamon-iberico-tendilla\\\/#breadcrumb\"},\"inLanguage\":\"de\",\"potentialAction\":[{\"@type\":\"ReadAction\",\"target\":[\"https:\\\/\\\/iberoo.com\\\/producto\\\/torreznos-jamon-iberico-tendilla\\\/\"]}]},{\"@type\":\"ImageObject\",\"inLanguage\":\"de\",\"@id\":\"https:\\\/\\\/iberoo.com\\\/producto\\\/torreznos-jamon-iberico-tendilla\\\/#primaryimage\",\"url\":\"https:\\\/\\\/iberoo.com\\\/wp-content\\\/uploads\\\/2026\\\/03\\\/tendilla-torreznos-sabor-jamon-iberico.jpg\",\"contentUrl\":\"https:\\\/\\\/iberoo.com\\\/wp-content\\\/uploads\\\/2026\\\/03\\\/tendilla-torreznos-sabor-jamon-iberico.jpg\",\"width\":1200,\"height\":1200,\"caption\":\"Torreznos Jam\u00f3n Ib\u00e9rico\"},{\"@type\":\"BreadcrumbList\",\"@id\":\"https:\\\/\\\/iberoo.com\\\/producto\\\/torreznos-jamon-iberico-tendilla\\\/#breadcrumb\",\"itemListElement\":[{\"@type\":\"ListItem\",\"position\":1,\"name\":\"Portada\",\"item\":\"https:\\\/\\\/iberoo.com\\\/\"},{\"@type\":\"ListItem\",\"position\":2,\"name\":\"Tienda Online\",\"item\":\"https:\\\/\\\/iberoo.com\\\/tienda\\\/\"},{\"@type\":\"ListItem\",\"position\":3,\"name\":\"Torreznos Jam\u00f3n Ib\u00e9rico Tendilla\"}]},{\"@type\":\"WebSite\",\"@id\":\"https:\\\/\\\/iberoo.com\\\/#website\",\"url\":\"https:\\\/\\\/iberoo.com\\\/\",\"name\":\"Iberoo\",\"description\":\"\",\"publisher\":{\"@id\":\"https:\\\/\\\/iberoo.com\\\/#organization\"},\"potentialAction\":[{\"@type\":\"SearchAction\",\"target\":{\"@type\":\"EntryPoint\",\"urlTemplate\":\"https:\\\/\\\/iberoo.com\\\/?s={search_term_string}\"},\"query-input\":{\"@type\":\"PropertyValueSpecification\",\"valueRequired\":true,\"valueName\":\"search_term_string\"}}],\"inLanguage\":\"de\"},{\"@type\":\"Organization\",\"@id\":\"https:\\\/\\\/iberoo.com\\\/#organization\",\"name\":\"Iberoo\",\"url\":\"https:\\\/\\\/iberoo.com\\\/\",\"logo\":{\"@type\":\"ImageObject\",\"inLanguage\":\"de\",\"@id\":\"https:\\\/\\\/iberoo.com\\\/#\\\/schema\\\/logo\\\/image\\\/\",\"url\":\"https:\\\/\\\/iberoo.com\\\/wp-content\\\/uploads\\\/2025\\\/11\\\/logo-cuadrado.jpg\",\"contentUrl\":\"https:\\\/\\\/iberoo.com\\\/wp-content\\\/uploads\\\/2025\\\/11\\\/logo-cuadrado.jpg\",\"width\":700,\"height\":700,\"caption\":\"Iberoo\"},\"image\":{\"@id\":\"https:\\\/\\\/iberoo.com\\\/#\\\/schema\\\/logo\\\/image\\\/\"}}]}<\/script>\n<meta property=\"product:brand\" content=\"Tendilla\" \/>\n<meta property=\"product:price:amount\" content=\"3.70\" \/>\n<meta property=\"product:price:currency\" content=\"EUR\" \/>\n<meta property=\"og:availability\" content=\"instock\" \/>\n<meta property=\"product:availability\" content=\"instock\" \/>\n<meta property=\"product:condition\" content=\"new\" \/>\n<!-- \/ Yoast SEO plugin. -->","yoast_head_json":{"title":"Schweinekrusten, iberischer Schinken - Iberoo","description":"Authentischer Schweinebauch nach spanischer Art mit iberischem Schinkengeschmack, im 125g-Glas und hergestellt mit der Garantie des Familienunternehmens Tendilla.","robots":{"index":"index","follow":"follow","max-snippet":"max-snippet:-1","max-image-preview":"max-image-preview:large","max-video-preview":"max-video-preview:-1"},"canonical":"https:\/\/iberoo.com\/de\/produkt\/schweinekrusten-iberischer-schinken\/","og_locale":"de_DE","og_type":"article","og_title":"Torreznos Jam\u00f3n Ib\u00e9rico Tendilla - Iberoo","og_description":"Aut\u00e9nticos torreznos t\u00edpicos de Espa\u00f1a con sabor a jam\u00f3n ib\u00e9rico en bote de 125g y elaborados con la garant\u00eda de la empresa familiar Tendilla.","og_url":"https:\/\/iberoo.com\/de\/produkt\/schweinekrusten-iberischer-schinken\/","og_site_name":"Iberoo","article_modified_time":"2026-03-29T10:05:00+00:00","og_image":[{"width":1200,"height":1200,"url":"https:\/\/iberoo.com\/wp-content\/uploads\/2026\/03\/tendilla-torreznos-sabor-jamon-iberico.jpg","type":"image\/jpeg"}],"twitter_card":"summary_large_image","twitter_misc":{"Preis":"3,70&nbsp;&euro;","Verf\u00fcgbarkeit":"Auf Lager"},"schema":{"@context":"https:\/\/schema.org","@graph":[{"@type":"WebPage","@id":"https:\/\/iberoo.com\/producto\/torreznos-jamon-iberico-tendilla\/","url":"https:\/\/iberoo.com\/producto\/torreznos-jamon-iberico-tendilla\/","name":"Schweinekrusten, iberischer Schinken - Iberoo","isPartOf":{"@id":"https:\/\/iberoo.com\/#website"},"primaryImageOfPage":{"@id":"https:\/\/iberoo.com\/producto\/torreznos-jamon-iberico-tendilla\/#primaryimage"},"image":{"@id":"https:\/\/iberoo.com\/producto\/torreznos-jamon-iberico-tendilla\/#primaryimage"},"thumbnailUrl":"https:\/\/iberoo.com\/wp-content\/uploads\/2026\/03\/tendilla-torreznos-sabor-jamon-iberico.jpg","datePublished":"2026-03-29T10:04:59+00:00","dateModified":"2026-03-29T10:05:00+00:00","description":"Authentischer Schweinebauch nach spanischer Art mit iberischem Schinkengeschmack, im 125g-Glas und hergestellt mit der Garantie des Familienunternehmens Tendilla.","breadcrumb":{"@id":"https:\/\/iberoo.com\/producto\/torreznos-jamon-iberico-tendilla\/#breadcrumb"},"inLanguage":"de","potentialAction":[{"@type":"ReadAction","target":["https:\/\/iberoo.com\/producto\/torreznos-jamon-iberico-tendilla\/"]}]},{"@type":"ImageObject","inLanguage":"de","@id":"https:\/\/iberoo.com\/producto\/torreznos-jamon-iberico-tendilla\/#primaryimage","url":"https:\/\/iberoo.com\/wp-content\/uploads\/2026\/03\/tendilla-torreznos-sabor-jamon-iberico.jpg","contentUrl":"https:\/\/iberoo.com\/wp-content\/uploads\/2026\/03\/tendilla-torreznos-sabor-jamon-iberico.jpg","width":1200,"height":1200,"caption":"Torreznos Jam\u00f3n Ib\u00e9rico"},{"@type":"BreadcrumbList","@id":"https:\/\/iberoo.com\/producto\/torreznos-jamon-iberico-tendilla\/#breadcrumb","itemListElement":[{"@type":"ListItem","position":1,"name":"Portada","item":"https:\/\/iberoo.com\/"},{"@type":"ListItem","position":2,"name":"Tienda Online","item":"https:\/\/iberoo.com\/tienda\/"},{"@type":"ListItem","position":3,"name":"Torreznos Jam\u00f3n Ib\u00e9rico Tendilla"}]},{"@type":"WebSite","@id":"https:\/\/iberoo.com\/#website","url":"https:\/\/iberoo.com\/","name":"Iberoo","description":"","publisher":{"@id":"https:\/\/iberoo.com\/#organization"},"potentialAction":[{"@type":"SearchAction","target":{"@type":"EntryPoint","urlTemplate":"https:\/\/iberoo.com\/?s={search_term_string}"},"query-input":{"@type":"PropertyValueSpecification","valueRequired":true,"valueName":"search_term_string"}}],"inLanguage":"de"},{"@type":"Organization","@id":"https:\/\/iberoo.com\/#organization","name":"Iberoo","url":"https:\/\/iberoo.com\/","logo":{"@type":"ImageObject","inLanguage":"de","@id":"https:\/\/iberoo.com\/#\/schema\/logo\/image\/","url":"https:\/\/iberoo.com\/wp-content\/uploads\/2025\/11\/logo-cuadrado.jpg","contentUrl":"https:\/\/iberoo.com\/wp-content\/uploads\/2025\/11\/logo-cuadrado.jpg","width":700,"height":700,"caption":"Iberoo"},"image":{"@id":"https:\/\/iberoo.com\/#\/schema\/logo\/image\/"}}]},"product_brand":"Tendilla","product_price_amount":"3.70","product_price_currency":"EUR","og_availability":"instock","product_availability":"instock","product_condition":"new"},"_links":{"self":[{"href":"https:\/\/iberoo.com\/de\/wp-json\/wp\/v2\/product\/3042","targetHints":{"allow":["GET"]}}],"collection":[{"href":"https:\/\/iberoo.com\/de\/wp-json\/wp\/v2\/product"}],"about":[{"href":"https:\/\/iberoo.com\/de\/wp-json\/wp\/v2\/types\/product"}],"replies":[{"embeddable":true,"href":"https:\/\/iberoo.com\/de\/wp-json\/wp\/v2\/comments?post=3042"}],"wp:featuredmedia":[{"embeddable":true,"href":"https:\/\/iberoo.com\/de\/wp-json\/wp\/v2\/media\/3043"}],"wp:attachment":[{"href":"https:\/\/iberoo.com\/de\/wp-json\/wp\/v2\/media?parent=3042"}],"wp:term":[{"taxonomy":"product_brand","embeddable":true,"href":"https:\/\/iberoo.com\/de\/wp-json\/wp\/v2\/product_brand?post=3042"},{"taxonomy":"product_cat","embeddable":true,"href":"https:\/\/iberoo.com\/de\/wp-json\/wp\/v2\/product_cat?post=3042"},{"taxonomy":"product_tag","embeddable":true,"href":"https:\/\/iberoo.com\/de\/wp-json\/wp\/v2\/product_tag?post=3042"}],"curies":[{"name":"wp","href":"https:\/\/api.w.org\/{rel}","templated":true}]}}