{"id":695,"date":"2025-11-14T23:55:09","date_gmt":"2025-11-14T22:55:09","guid":{"rendered":"https:\/\/iberoo.com\/?post_type=product&#038;p=695"},"modified":"2026-03-18T09:54:08","modified_gmt":"2026-03-18T08:54:08","slug":"bohnen-mit-venusmuscheln-litoral-440g","status":"publish","type":"product","link":"https:\/\/iberoo.com\/de\/produkt\/bohnen-mit-venusmuscheln-litoral-440g\/","title":{"rendered":"Bohnen mit Venusmuscheln Litoral 440g"},"content":{"rendered":"<p>Entdecken Sie die k\u00f6stliche Kombination aus Litoral Fabes und Venusmuscheln \u2013 ein traditionelles Gericht, das Sie mit jedem Bissen an die K\u00fcste entf\u00fchrt. Diese 440-g-Dose ist gef\u00fcllt mit zarten Bohnen und frischen Venusmuscheln, perfekt zubereitet f\u00fcr ein authentisches und wohltuendes Geschmackserlebnis. Ideal f\u00fcr eine schnelle und leckere Mahlzeit: Einfach erw\u00e4rmen und genie\u00dfen \u2013 eine Delikatesse, die der ganzen Familie schmecken wird. Nicht verpassen!<\/p>\n<p><strong>Zutaten:<\/strong> Alubias cocidas (47,6%) (agua, alubias 19.2%), agua, ALMEJAS (MOLUSCOS) (4 unidades), cebolla, aceite de oliva (2,9%), vino blanco, sal, ajo, perejil, pimienta blanca, laurel, aroma natural de <a href=\"https:\/\/iberoo.com\/de\/produkt\/pote-safran\/\">azafr\u00e1n<\/a>.<\/p>","protected":false},"excerpt":{"rendered":"<p>Authentische asturische Bohnen mit Venusmuscheln, zubereitet in der gewohnten Qualit\u00e4t der Marke Litoral, genau wie man sie in Asturien isst.<\/p>","protected":false},"featured_media":726,"comment_status":"closed","ping_status":"closed","template":"","meta":[],"product_brand":[71],"product_cat":[70],"product_tag":[],"class_list":{"0":"post-695","1":"product","2":"type-product","3":"status-publish","4":"has-post-thumbnail","6":"product_brand-litoral","7":"product_cat-platos-cocinados","9":"first","10":"instock","11":"sale","12":"shipping-taxable","13":"purchasable","14":"product-type-simple"},"yoast_head":"<!-- This site is optimized with the Yoast SEO plugin v27.3 - https:\/\/yoast.com\/product\/yoast-seo-wordpress\/ -->\n<title>Fabes con Almejas Litoral 440g - Iberoo<\/title>\n<meta name=\"description\" content=\"Las aut\u00e9nticas fabes con almejas asturianas elaboradas con la calidad habitual de la marca Litoral, como si comieras de verdad en Asturias.\" \/>\n<meta name=\"robots\" content=\"index, follow, max-snippet:-1, max-image-preview:large, max-video-preview:-1\" \/>\n<link rel=\"canonical\" href=\"https:\/\/iberoo.com\/de\/produkt\/bohnen-mit-venusmuscheln-litoral-440g\/\" \/>\n<meta property=\"og:locale\" content=\"de_DE\" \/>\n<meta property=\"og:type\" content=\"article\" \/>\n<meta property=\"og:title\" content=\"Fabes con Almejas Litoral 440g - Iberoo\" \/>\n<meta property=\"og:description\" content=\"Las aut\u00e9nticas fabes con almejas asturianas elaboradas con la calidad habitual de la marca Litoral, como si comieras de verdad en Asturias.\" \/>\n<meta property=\"og:url\" content=\"https:\/\/iberoo.com\/de\/produkt\/bohnen-mit-venusmuscheln-litoral-440g\/\" \/>\n<meta property=\"og:site_name\" content=\"Iberoo\" \/>\n<meta property=\"article:modified_time\" content=\"2026-03-18T08:54:08+00:00\" \/>\n<meta property=\"og:image\" content=\"https:\/\/iberoo.com\/wp-content\/uploads\/2025\/11\/fabes-con-almejas-litoral-1-1.webp\" \/>\n\t<meta property=\"og:image:width\" content=\"510\" \/>\n\t<meta property=\"og:image:height\" content=\"510\" \/>\n\t<meta property=\"og:image:type\" content=\"image\/webp\" \/>\n<meta name=\"twitter:card\" content=\"summary_large_image\" \/>\n<meta name=\"twitter:label1\" content=\"Preis\" \/>\n\t<meta name=\"twitter:data1\" content=\"6,75&nbsp;&euro;\" \/>\n\t<meta name=\"twitter:label2\" content=\"Verf\u00fcgbarkeit\" \/>\n\t<meta name=\"twitter:data2\" content=\"Auf Lager\" \/>\n<script type=\"application\/ld+json\" class=\"yoast-schema-graph\">{\"@context\":\"https:\\\/\\\/schema.org\",\"@graph\":[{\"@type\":\"WebPage\",\"@id\":\"https:\\\/\\\/iberoo.com\\\/producto\\\/fabes-con-almejas-litoral-440g\\\/\",\"url\":\"https:\\\/\\\/iberoo.com\\\/producto\\\/fabes-con-almejas-litoral-440g\\\/\",\"name\":\"Fabes con Almejas Litoral 440g - Iberoo\",\"isPartOf\":{\"@id\":\"https:\\\/\\\/iberoo.com\\\/#website\"},\"primaryImageOfPage\":{\"@id\":\"https:\\\/\\\/iberoo.com\\\/producto\\\/fabes-con-almejas-litoral-440g\\\/#primaryimage\"},\"image\":{\"@id\":\"https:\\\/\\\/iberoo.com\\\/producto\\\/fabes-con-almejas-litoral-440g\\\/#primaryimage\"},\"thumbnailUrl\":\"https:\\\/\\\/iberoo.com\\\/wp-content\\\/uploads\\\/2025\\\/11\\\/fabes-con-almejas-litoral-1-1.webp\",\"datePublished\":\"2025-11-14T22:55:09+00:00\",\"dateModified\":\"2026-03-18T08:54:08+00:00\",\"description\":\"Las aut\u00e9nticas fabes con almejas asturianas elaboradas con la calidad habitual de la marca Litoral, como si comieras de verdad en Asturias.\",\"breadcrumb\":{\"@id\":\"https:\\\/\\\/iberoo.com\\\/producto\\\/fabes-con-almejas-litoral-440g\\\/#breadcrumb\"},\"inLanguage\":\"de\",\"potentialAction\":[{\"@type\":\"ReadAction\",\"target\":[\"https:\\\/\\\/iberoo.com\\\/producto\\\/fabes-con-almejas-litoral-440g\\\/\"]}]},{\"@type\":\"ImageObject\",\"inLanguage\":\"de\",\"@id\":\"https:\\\/\\\/iberoo.com\\\/producto\\\/fabes-con-almejas-litoral-440g\\\/#primaryimage\",\"url\":\"https:\\\/\\\/iberoo.com\\\/wp-content\\\/uploads\\\/2025\\\/11\\\/fabes-con-almejas-litoral-1-1.webp\",\"contentUrl\":\"https:\\\/\\\/iberoo.com\\\/wp-content\\\/uploads\\\/2025\\\/11\\\/fabes-con-almejas-litoral-1-1.webp\",\"width\":510,\"height\":510},{\"@type\":\"BreadcrumbList\",\"@id\":\"https:\\\/\\\/iberoo.com\\\/producto\\\/fabes-con-almejas-litoral-440g\\\/#breadcrumb\",\"itemListElement\":[{\"@type\":\"ListItem\",\"position\":1,\"name\":\"Portada\",\"item\":\"https:\\\/\\\/iberoo.com\\\/\"},{\"@type\":\"ListItem\",\"position\":2,\"name\":\"Tienda Online\",\"item\":\"https:\\\/\\\/iberoo.com\\\/tienda\\\/\"},{\"@type\":\"ListItem\",\"position\":3,\"name\":\"Fabes con Almejas Litoral 440g\"}]},{\"@type\":\"WebSite\",\"@id\":\"https:\\\/\\\/iberoo.com\\\/#website\",\"url\":\"https:\\\/\\\/iberoo.com\\\/\",\"name\":\"Iberoo\",\"description\":\"\",\"publisher\":{\"@id\":\"https:\\\/\\\/iberoo.com\\\/#organization\"},\"potentialAction\":[{\"@type\":\"SearchAction\",\"target\":{\"@type\":\"EntryPoint\",\"urlTemplate\":\"https:\\\/\\\/iberoo.com\\\/?s={search_term_string}\"},\"query-input\":{\"@type\":\"PropertyValueSpecification\",\"valueRequired\":true,\"valueName\":\"search_term_string\"}}],\"inLanguage\":\"de\"},{\"@type\":\"Organization\",\"@id\":\"https:\\\/\\\/iberoo.com\\\/#organization\",\"name\":\"Iberoo\",\"url\":\"https:\\\/\\\/iberoo.com\\\/\",\"logo\":{\"@type\":\"ImageObject\",\"inLanguage\":\"de\",\"@id\":\"https:\\\/\\\/iberoo.com\\\/#\\\/schema\\\/logo\\\/image\\\/\",\"url\":\"https:\\\/\\\/iberoo.com\\\/wp-content\\\/uploads\\\/2025\\\/11\\\/logo-cuadrado.jpg\",\"contentUrl\":\"https:\\\/\\\/iberoo.com\\\/wp-content\\\/uploads\\\/2025\\\/11\\\/logo-cuadrado.jpg\",\"width\":700,\"height\":700,\"caption\":\"Iberoo\"},\"image\":{\"@id\":\"https:\\\/\\\/iberoo.com\\\/#\\\/schema\\\/logo\\\/image\\\/\"}}]}<\/script>\n<meta property=\"product:brand\" content=\"Litoral\" \/>\n<meta property=\"product:price:amount\" content=\"6.75\" \/>\n<meta property=\"product:price:currency\" content=\"EUR\" \/>\n<meta property=\"og:availability\" content=\"instock\" \/>\n<meta property=\"product:availability\" content=\"instock\" \/>\n<meta property=\"product:condition\" content=\"new\" \/>\n<!-- \/ Yoast SEO plugin. -->","yoast_head_json":{"title":"Bohnen mit Venusmuscheln Litoral 440g - Iberoo","description":"Authentische asturische Bohnen mit Venusmuscheln, zubereitet in der gewohnten Qualit\u00e4t der Marke Litoral, genau wie man sie in Asturien isst.","robots":{"index":"index","follow":"follow","max-snippet":"max-snippet:-1","max-image-preview":"max-image-preview:large","max-video-preview":"max-video-preview:-1"},"canonical":"https:\/\/iberoo.com\/de\/produkt\/bohnen-mit-venusmuscheln-litoral-440g\/","og_locale":"de_DE","og_type":"article","og_title":"Fabes con Almejas Litoral 440g - Iberoo","og_description":"Las aut\u00e9nticas fabes con almejas asturianas elaboradas con la calidad habitual de la marca Litoral, como si comieras de verdad en Asturias.","og_url":"https:\/\/iberoo.com\/de\/produkt\/bohnen-mit-venusmuscheln-litoral-440g\/","og_site_name":"Iberoo","article_modified_time":"2026-03-18T08:54:08+00:00","og_image":[{"width":510,"height":510,"url":"https:\/\/iberoo.com\/wp-content\/uploads\/2025\/11\/fabes-con-almejas-litoral-1-1.webp","type":"image\/webp"}],"twitter_card":"summary_large_image","twitter_misc":{"Preis":"6,75&nbsp;&euro;","Verf\u00fcgbarkeit":"Auf Lager"},"schema":{"@context":"https:\/\/schema.org","@graph":[{"@type":"WebPage","@id":"https:\/\/iberoo.com\/producto\/fabes-con-almejas-litoral-440g\/","url":"https:\/\/iberoo.com\/producto\/fabes-con-almejas-litoral-440g\/","name":"Bohnen mit Venusmuscheln Litoral 440g - Iberoo","isPartOf":{"@id":"https:\/\/iberoo.com\/#website"},"primaryImageOfPage":{"@id":"https:\/\/iberoo.com\/producto\/fabes-con-almejas-litoral-440g\/#primaryimage"},"image":{"@id":"https:\/\/iberoo.com\/producto\/fabes-con-almejas-litoral-440g\/#primaryimage"},"thumbnailUrl":"https:\/\/iberoo.com\/wp-content\/uploads\/2025\/11\/fabes-con-almejas-litoral-1-1.webp","datePublished":"2025-11-14T22:55:09+00:00","dateModified":"2026-03-18T08:54:08+00:00","description":"Authentische asturische Bohnen mit Venusmuscheln, zubereitet in der gewohnten Qualit\u00e4t der Marke Litoral, genau wie man sie in Asturien isst.","breadcrumb":{"@id":"https:\/\/iberoo.com\/producto\/fabes-con-almejas-litoral-440g\/#breadcrumb"},"inLanguage":"de","potentialAction":[{"@type":"ReadAction","target":["https:\/\/iberoo.com\/producto\/fabes-con-almejas-litoral-440g\/"]}]},{"@type":"ImageObject","inLanguage":"de","@id":"https:\/\/iberoo.com\/producto\/fabes-con-almejas-litoral-440g\/#primaryimage","url":"https:\/\/iberoo.com\/wp-content\/uploads\/2025\/11\/fabes-con-almejas-litoral-1-1.webp","contentUrl":"https:\/\/iberoo.com\/wp-content\/uploads\/2025\/11\/fabes-con-almejas-litoral-1-1.webp","width":510,"height":510},{"@type":"BreadcrumbList","@id":"https:\/\/iberoo.com\/producto\/fabes-con-almejas-litoral-440g\/#breadcrumb","itemListElement":[{"@type":"ListItem","position":1,"name":"Portada","item":"https:\/\/iberoo.com\/"},{"@type":"ListItem","position":2,"name":"Tienda Online","item":"https:\/\/iberoo.com\/tienda\/"},{"@type":"ListItem","position":3,"name":"Fabes con Almejas Litoral 440g"}]},{"@type":"WebSite","@id":"https:\/\/iberoo.com\/#website","url":"https:\/\/iberoo.com\/","name":"Iberoo","description":"","publisher":{"@id":"https:\/\/iberoo.com\/#organization"},"potentialAction":[{"@type":"SearchAction","target":{"@type":"EntryPoint","urlTemplate":"https:\/\/iberoo.com\/?s={search_term_string}"},"query-input":{"@type":"PropertyValueSpecification","valueRequired":true,"valueName":"search_term_string"}}],"inLanguage":"de"},{"@type":"Organization","@id":"https:\/\/iberoo.com\/#organization","name":"Iberoo","url":"https:\/\/iberoo.com\/","logo":{"@type":"ImageObject","inLanguage":"de","@id":"https:\/\/iberoo.com\/#\/schema\/logo\/image\/","url":"https:\/\/iberoo.com\/wp-content\/uploads\/2025\/11\/logo-cuadrado.jpg","contentUrl":"https:\/\/iberoo.com\/wp-content\/uploads\/2025\/11\/logo-cuadrado.jpg","width":700,"height":700,"caption":"Iberoo"},"image":{"@id":"https:\/\/iberoo.com\/#\/schema\/logo\/image\/"}}]},"product_brand":"Litoral","product_price_amount":"6.75","product_price_currency":"EUR","og_availability":"instock","product_availability":"instock","product_condition":"new"},"_links":{"self":[{"href":"https:\/\/iberoo.com\/de\/wp-json\/wp\/v2\/product\/695","targetHints":{"allow":["GET"]}}],"collection":[{"href":"https:\/\/iberoo.com\/de\/wp-json\/wp\/v2\/product"}],"about":[{"href":"https:\/\/iberoo.com\/de\/wp-json\/wp\/v2\/types\/product"}],"replies":[{"embeddable":true,"href":"https:\/\/iberoo.com\/de\/wp-json\/wp\/v2\/comments?post=695"}],"wp:featuredmedia":[{"embeddable":true,"href":"https:\/\/iberoo.com\/de\/wp-json\/wp\/v2\/media\/726"}],"wp:attachment":[{"href":"https:\/\/iberoo.com\/de\/wp-json\/wp\/v2\/media?parent=695"}],"wp:term":[{"taxonomy":"product_brand","embeddable":true,"href":"https:\/\/iberoo.com\/de\/wp-json\/wp\/v2\/product_brand?post=695"},{"taxonomy":"product_cat","embeddable":true,"href":"https:\/\/iberoo.com\/de\/wp-json\/wp\/v2\/product_cat?post=695"},{"taxonomy":"product_tag","embeddable":true,"href":"https:\/\/iberoo.com\/de\/wp-json\/wp\/v2\/product_tag?post=695"}],"curies":[{"name":"wp","href":"https:\/\/api.w.org\/{rel}","templated":true}]}}