{"id":720,"date":"2025-11-14T23:55:11","date_gmt":"2025-11-14T22:55:11","guid":{"rendered":"https:\/\/iberoo.com\/?post_type=product&#038;p=720"},"modified":"2026-04-04T21:57:29","modified_gmt":"2026-04-04T19:57:29","slug":"gildas-mit-kase-de-nuestra-tierra-80g","status":"publish","type":"product","link":"https:\/\/iberoo.com\/de\/produkt\/gildas-mit-kase-de-nuestra-tierra-80g\/","title":{"rendered":"Gildas mit K\u00e4se De Nuestra Tierra 80g"},"content":{"rendered":"<div class=\"nutrition-ingredients\">\n<p>Genie\u00dfen Sie die k\u00f6stliche Kombination aus Gildas und Queso De Nuestra Tierra, einer Vorspeise, die den intensiven Geschmack von Oliven, die pikante Sch\u00e4rfe von Chilischoten und die Cremigkeit von K\u00e4se vereint. Perfekt zum Teilen bei geselligen Runden oder als Genuss f\u00fcr sich selbst \u2013 jeder Bissen entf\u00fchrt Sie ins Herz der spanischen K\u00fcche. Machen Sie Ihre besonderen Momente mit dieser exquisiten Delikatesse unvergesslich!<\/p>\n<p class=\"nutrition-ingredients__content\"><strong>Zutaten:<\/strong> Ibarra-Pfeffer, K\u00e4se (mind. 25 %; pasteurisierte Kuhmilch mind. 76 %, Schafsmilch mind. 6 %, Ziegenmilch mind. 3 %, Salz, Rinderlab, H\u00e4rtungsmittel, Milchs\u00e4urebakterien und Konservierungsmittel (Eilysozym)), entsteinte Manzanilla-Oliven, gesalzene Sardellen (Fisch), raffiniertes Sonnenblumen\u00f6l, Salz, Weinessig, Wasser und Konservierungsmittel E-223 (Sulfite)<\/p>\n<\/div>\n<div class=\"nutrition-allergens\">\n<p class=\"nutrition-allergens__title title\"><strong>Allergene:<\/strong> <span style=\"color: #333333;\">Enth\u00e4lt: Ei, Fisch, Milch, Schwefeldioxid und Sulfite<\/span><\/p>\n<\/div>","protected":false},"excerpt":{"rendered":"<p>Gildas mit K\u00e4se und Ibarra-Chili der Marke De Nuestra Tierra, hergestellt im Baskenland.<\/p>","protected":false},"featured_media":772,"comment_status":"closed","ping_status":"closed","template":"","meta":[],"product_brand":[74],"product_cat":[94],"product_tag":[],"class_list":{"0":"post-720","1":"product","2":"type-product","3":"status-publish","4":"has-post-thumbnail","6":"product_brand-de-nuestra-tierra","7":"product_cat-aceitunas-y-encurtidos","9":"first","10":"instock","11":"featured","12":"shipping-taxable","13":"purchasable","14":"product-type-simple"},"yoast_head":"<!-- This site is optimized with the Yoast SEO plugin v27.3 - https:\/\/yoast.com\/product\/yoast-seo-wordpress\/ -->\n<title>Gildas con Queso De Nuestra Tierra 80g - Iberoo<\/title>\n<meta name=\"description\" content=\"Disfruta de las Gildas con Queso De Nuestra Tierra, que fusionan el sabor de las aceitunas, el picante de las guindillas y la cremosidad del queso.\" \/>\n<meta name=\"robots\" content=\"index, follow, max-snippet:-1, max-image-preview:large, max-video-preview:-1\" \/>\n<link rel=\"canonical\" href=\"https:\/\/iberoo.com\/de\/produkt\/gildas-mit-kase-de-nuestra-tierra-80g\/\" \/>\n<meta property=\"og:locale\" content=\"de_DE\" \/>\n<meta property=\"og:type\" content=\"article\" \/>\n<meta property=\"og:title\" content=\"Gildas con Queso De Nuestra Tierra 80g - Iberoo\" \/>\n<meta property=\"og:description\" content=\"Disfruta de las Gildas con Queso De Nuestra Tierra, que fusionan el sabor de las aceitunas, el picante de las guindillas y la cremosidad del queso.\" \/>\n<meta property=\"og:url\" content=\"https:\/\/iberoo.com\/de\/produkt\/gildas-mit-kase-de-nuestra-tierra-80g\/\" \/>\n<meta property=\"og:site_name\" content=\"Iberoo\" \/>\n<meta property=\"article:modified_time\" content=\"2026-04-04T19:57:29+00:00\" \/>\n<meta property=\"og:image\" content=\"https:\/\/iberoo.com\/wp-content\/uploads\/2025\/11\/gilda-queso-de-nuestra-tierra-1.jpg\" \/>\n\t<meta property=\"og:image:width\" content=\"1500\" \/>\n\t<meta property=\"og:image:height\" content=\"1499\" \/>\n\t<meta property=\"og:image:type\" content=\"image\/jpeg\" \/>\n<meta name=\"twitter:card\" content=\"summary_large_image\" \/>\n<meta name=\"twitter:label1\" content=\"Preis\" \/>\n\t<meta name=\"twitter:data1\" content=\"8,90&nbsp;&euro;\" \/>\n\t<meta name=\"twitter:label2\" content=\"Verf\u00fcgbarkeit\" \/>\n\t<meta name=\"twitter:data2\" content=\"Auf Lager\" \/>\n<script type=\"application\/ld+json\" class=\"yoast-schema-graph\">{\"@context\":\"https:\\\/\\\/schema.org\",\"@graph\":[{\"@type\":\"WebPage\",\"@id\":\"https:\\\/\\\/iberoo.com\\\/producto\\\/gildas-con-queso-de-nuestra-tierra-80g\\\/\",\"url\":\"https:\\\/\\\/iberoo.com\\\/producto\\\/gildas-con-queso-de-nuestra-tierra-80g\\\/\",\"name\":\"Gildas con Queso De Nuestra Tierra 80g - Iberoo\",\"isPartOf\":{\"@id\":\"https:\\\/\\\/iberoo.com\\\/#website\"},\"primaryImageOfPage\":{\"@id\":\"https:\\\/\\\/iberoo.com\\\/producto\\\/gildas-con-queso-de-nuestra-tierra-80g\\\/#primaryimage\"},\"image\":{\"@id\":\"https:\\\/\\\/iberoo.com\\\/producto\\\/gildas-con-queso-de-nuestra-tierra-80g\\\/#primaryimage\"},\"thumbnailUrl\":\"https:\\\/\\\/iberoo.com\\\/wp-content\\\/uploads\\\/2025\\\/11\\\/gilda-queso-de-nuestra-tierra-1.jpg\",\"datePublished\":\"2025-11-14T22:55:11+00:00\",\"dateModified\":\"2026-04-04T19:57:29+00:00\",\"description\":\"Disfruta de las Gildas con Queso De Nuestra Tierra, que fusionan el sabor de las aceitunas, el picante de las guindillas y la cremosidad del queso.\",\"breadcrumb\":{\"@id\":\"https:\\\/\\\/iberoo.com\\\/producto\\\/gildas-con-queso-de-nuestra-tierra-80g\\\/#breadcrumb\"},\"inLanguage\":\"de\",\"potentialAction\":[{\"@type\":\"ReadAction\",\"target\":[\"https:\\\/\\\/iberoo.com\\\/producto\\\/gildas-con-queso-de-nuestra-tierra-80g\\\/\"]}]},{\"@type\":\"ImageObject\",\"inLanguage\":\"de\",\"@id\":\"https:\\\/\\\/iberoo.com\\\/producto\\\/gildas-con-queso-de-nuestra-tierra-80g\\\/#primaryimage\",\"url\":\"https:\\\/\\\/iberoo.com\\\/wp-content\\\/uploads\\\/2025\\\/11\\\/gilda-queso-de-nuestra-tierra-1.jpg\",\"contentUrl\":\"https:\\\/\\\/iberoo.com\\\/wp-content\\\/uploads\\\/2025\\\/11\\\/gilda-queso-de-nuestra-tierra-1.jpg\",\"width\":1500,\"height\":1499},{\"@type\":\"BreadcrumbList\",\"@id\":\"https:\\\/\\\/iberoo.com\\\/producto\\\/gildas-con-queso-de-nuestra-tierra-80g\\\/#breadcrumb\",\"itemListElement\":[{\"@type\":\"ListItem\",\"position\":1,\"name\":\"Portada\",\"item\":\"https:\\\/\\\/iberoo.com\\\/\"},{\"@type\":\"ListItem\",\"position\":2,\"name\":\"Tienda Online\",\"item\":\"https:\\\/\\\/iberoo.com\\\/tienda\\\/\"},{\"@type\":\"ListItem\",\"position\":3,\"name\":\"Gildas con Queso De Nuestra Tierra 80g\"}]},{\"@type\":\"WebSite\",\"@id\":\"https:\\\/\\\/iberoo.com\\\/#website\",\"url\":\"https:\\\/\\\/iberoo.com\\\/\",\"name\":\"Iberoo\",\"description\":\"\",\"publisher\":{\"@id\":\"https:\\\/\\\/iberoo.com\\\/#organization\"},\"potentialAction\":[{\"@type\":\"SearchAction\",\"target\":{\"@type\":\"EntryPoint\",\"urlTemplate\":\"https:\\\/\\\/iberoo.com\\\/?s={search_term_string}\"},\"query-input\":{\"@type\":\"PropertyValueSpecification\",\"valueRequired\":true,\"valueName\":\"search_term_string\"}}],\"inLanguage\":\"de\"},{\"@type\":\"Organization\",\"@id\":\"https:\\\/\\\/iberoo.com\\\/#organization\",\"name\":\"Iberoo\",\"url\":\"https:\\\/\\\/iberoo.com\\\/\",\"logo\":{\"@type\":\"ImageObject\",\"inLanguage\":\"de\",\"@id\":\"https:\\\/\\\/iberoo.com\\\/#\\\/schema\\\/logo\\\/image\\\/\",\"url\":\"https:\\\/\\\/iberoo.com\\\/wp-content\\\/uploads\\\/2025\\\/11\\\/logo-cuadrado.jpg\",\"contentUrl\":\"https:\\\/\\\/iberoo.com\\\/wp-content\\\/uploads\\\/2025\\\/11\\\/logo-cuadrado.jpg\",\"width\":700,\"height\":700,\"caption\":\"Iberoo\"},\"image\":{\"@id\":\"https:\\\/\\\/iberoo.com\\\/#\\\/schema\\\/logo\\\/image\\\/\"}}]}<\/script>\n<meta property=\"product:brand\" content=\"De Nuestra Tierra\" \/>\n<meta property=\"product:price:amount\" content=\"8.90\" \/>\n<meta property=\"product:price:currency\" content=\"EUR\" \/>\n<meta property=\"og:availability\" content=\"instock\" \/>\n<meta property=\"product:availability\" content=\"instock\" \/>\n<meta property=\"product:condition\" content=\"new\" \/>\n<!-- \/ Yoast SEO plugin. -->","yoast_head_json":{"title":"Gildas mit K\u00e4se De Nuestra Tierra 80g - Iberoo","description":"Genie\u00dfen Sie Gildas mit Queso De Nuestra Tierra, die den Geschmack von Oliven, die Sch\u00e4rfe von Chilischoten und die Cremigkeit von K\u00e4se vereinen.","robots":{"index":"index","follow":"follow","max-snippet":"max-snippet:-1","max-image-preview":"max-image-preview:large","max-video-preview":"max-video-preview:-1"},"canonical":"https:\/\/iberoo.com\/de\/produkt\/gildas-mit-kase-de-nuestra-tierra-80g\/","og_locale":"de_DE","og_type":"article","og_title":"Gildas con Queso De Nuestra Tierra 80g - Iberoo","og_description":"Disfruta de las Gildas con Queso De Nuestra Tierra, que fusionan el sabor de las aceitunas, el picante de las guindillas y la cremosidad del queso.","og_url":"https:\/\/iberoo.com\/de\/produkt\/gildas-mit-kase-de-nuestra-tierra-80g\/","og_site_name":"Iberoo","article_modified_time":"2026-04-04T19:57:29+00:00","og_image":[{"width":1500,"height":1499,"url":"https:\/\/iberoo.com\/wp-content\/uploads\/2025\/11\/gilda-queso-de-nuestra-tierra-1.jpg","type":"image\/jpeg"}],"twitter_card":"summary_large_image","twitter_misc":{"Preis":"8,90&nbsp;&euro;","Verf\u00fcgbarkeit":"Auf Lager"},"schema":{"@context":"https:\/\/schema.org","@graph":[{"@type":"WebPage","@id":"https:\/\/iberoo.com\/producto\/gildas-con-queso-de-nuestra-tierra-80g\/","url":"https:\/\/iberoo.com\/producto\/gildas-con-queso-de-nuestra-tierra-80g\/","name":"Gildas mit K\u00e4se De Nuestra Tierra 80g - Iberoo","isPartOf":{"@id":"https:\/\/iberoo.com\/#website"},"primaryImageOfPage":{"@id":"https:\/\/iberoo.com\/producto\/gildas-con-queso-de-nuestra-tierra-80g\/#primaryimage"},"image":{"@id":"https:\/\/iberoo.com\/producto\/gildas-con-queso-de-nuestra-tierra-80g\/#primaryimage"},"thumbnailUrl":"https:\/\/iberoo.com\/wp-content\/uploads\/2025\/11\/gilda-queso-de-nuestra-tierra-1.jpg","datePublished":"2025-11-14T22:55:11+00:00","dateModified":"2026-04-04T19:57:29+00:00","description":"Genie\u00dfen Sie Gildas mit Queso De Nuestra Tierra, die den Geschmack von Oliven, die Sch\u00e4rfe von Chilischoten und die Cremigkeit von K\u00e4se vereinen.","breadcrumb":{"@id":"https:\/\/iberoo.com\/producto\/gildas-con-queso-de-nuestra-tierra-80g\/#breadcrumb"},"inLanguage":"de","potentialAction":[{"@type":"ReadAction","target":["https:\/\/iberoo.com\/producto\/gildas-con-queso-de-nuestra-tierra-80g\/"]}]},{"@type":"ImageObject","inLanguage":"de","@id":"https:\/\/iberoo.com\/producto\/gildas-con-queso-de-nuestra-tierra-80g\/#primaryimage","url":"https:\/\/iberoo.com\/wp-content\/uploads\/2025\/11\/gilda-queso-de-nuestra-tierra-1.jpg","contentUrl":"https:\/\/iberoo.com\/wp-content\/uploads\/2025\/11\/gilda-queso-de-nuestra-tierra-1.jpg","width":1500,"height":1499},{"@type":"BreadcrumbList","@id":"https:\/\/iberoo.com\/producto\/gildas-con-queso-de-nuestra-tierra-80g\/#breadcrumb","itemListElement":[{"@type":"ListItem","position":1,"name":"Portada","item":"https:\/\/iberoo.com\/"},{"@type":"ListItem","position":2,"name":"Tienda Online","item":"https:\/\/iberoo.com\/tienda\/"},{"@type":"ListItem","position":3,"name":"Gildas con Queso De Nuestra Tierra 80g"}]},{"@type":"WebSite","@id":"https:\/\/iberoo.com\/#website","url":"https:\/\/iberoo.com\/","name":"Iberoo","description":"","publisher":{"@id":"https:\/\/iberoo.com\/#organization"},"potentialAction":[{"@type":"SearchAction","target":{"@type":"EntryPoint","urlTemplate":"https:\/\/iberoo.com\/?s={search_term_string}"},"query-input":{"@type":"PropertyValueSpecification","valueRequired":true,"valueName":"search_term_string"}}],"inLanguage":"de"},{"@type":"Organization","@id":"https:\/\/iberoo.com\/#organization","name":"Iberoo","url":"https:\/\/iberoo.com\/","logo":{"@type":"ImageObject","inLanguage":"de","@id":"https:\/\/iberoo.com\/#\/schema\/logo\/image\/","url":"https:\/\/iberoo.com\/wp-content\/uploads\/2025\/11\/logo-cuadrado.jpg","contentUrl":"https:\/\/iberoo.com\/wp-content\/uploads\/2025\/11\/logo-cuadrado.jpg","width":700,"height":700,"caption":"Iberoo"},"image":{"@id":"https:\/\/iberoo.com\/#\/schema\/logo\/image\/"}}]},"product_brand":"De Nuestra Tierra","product_price_amount":"8.90","product_price_currency":"EUR","og_availability":"instock","product_availability":"instock","product_condition":"new"},"_links":{"self":[{"href":"https:\/\/iberoo.com\/de\/wp-json\/wp\/v2\/product\/720","targetHints":{"allow":["GET"]}}],"collection":[{"href":"https:\/\/iberoo.com\/de\/wp-json\/wp\/v2\/product"}],"about":[{"href":"https:\/\/iberoo.com\/de\/wp-json\/wp\/v2\/types\/product"}],"replies":[{"embeddable":true,"href":"https:\/\/iberoo.com\/de\/wp-json\/wp\/v2\/comments?post=720"}],"wp:featuredmedia":[{"embeddable":true,"href":"https:\/\/iberoo.com\/de\/wp-json\/wp\/v2\/media\/772"}],"wp:attachment":[{"href":"https:\/\/iberoo.com\/de\/wp-json\/wp\/v2\/media?parent=720"}],"wp:term":[{"taxonomy":"product_brand","embeddable":true,"href":"https:\/\/iberoo.com\/de\/wp-json\/wp\/v2\/product_brand?post=720"},{"taxonomy":"product_cat","embeddable":true,"href":"https:\/\/iberoo.com\/de\/wp-json\/wp\/v2\/product_cat?post=720"},{"taxonomy":"product_tag","embeddable":true,"href":"https:\/\/iberoo.com\/de\/wp-json\/wp\/v2\/product_tag?post=720"}],"curies":[{"name":"wp","href":"https:\/\/api.w.org\/{rel}","templated":true}]}}