{"id":750,"date":"2025-11-14T23:55:35","date_gmt":"2025-11-14T22:55:35","guid":{"rendered":"https:\/\/iberoo.com\/?post_type=product&#038;p=750"},"modified":"2026-04-04T21:57:13","modified_gmt":"2026-04-04T19:57:13","slug":"steinpilze-in-olivenol-de-nuestra-tierra-230g","status":"publish","type":"product","link":"https:\/\/iberoo.com\/de\/produkt\/steinpilze-in-olivenol-de-nuestra-tierra-230g\/","title":{"rendered":"Steinpilze in Oliven\u00f6l De Nuestra Tierra 230g"},"content":{"rendered":"<p>Descubre el sabor aut\u00e9ntico de la naturaleza con nuestros Boletus en Aceite de Oliva De Nuestra Tierra. Estos exquisitos hongos, cuidadosamente seleccionados y conservados en <a href=\"https:\/\/iberoo.com\/de\/produkt\/coosur-natives-olivenol-extra\/\">aceite de oliva virgen extra<\/a>, son perfectos para realzar tus platos favoritos, desde ensaladas hasta pastas. Su textura suave y su sabor intenso aportan un toque gourmet a cualquier comida, convirtiendo cada bocado en una experiencia deliciosa. Ideal para compartir o disfrutar en solitario, \u00a1no te quedes sin probarlos!<\/p>\n<p><strong>Zutaten:<\/strong> Boletus edulis-Gruppe, mildes Oliven\u00f6l 0,4\u00ba und Salz.<\/p>","protected":false},"excerpt":{"rendered":"<p>Boletus edulis-Gruppe in Oliven\u00f6l der Marke De Nuestra Tierra, konserviert in einem Glasgef\u00e4\u00df, um alle urspr\u00fcnglichen Eigenschaften zu erhalten.<\/p>","protected":false},"featured_media":777,"comment_status":"open","ping_status":"closed","template":"","meta":[],"product_brand":[74],"product_cat":[78],"product_tag":[],"class_list":{"0":"post-750","1":"product","2":"type-product","3":"status-publish","4":"has-post-thumbnail","6":"product_brand-de-nuestra-tierra","7":"product_cat-conservas-vegetales","9":"first","10":"instock","11":"shipping-taxable","12":"purchasable","13":"product-type-simple"},"yoast_head":"<!-- This site is optimized with the Yoast SEO plugin v27.3 - https:\/\/yoast.com\/product\/yoast-seo-wordpress\/ -->\n<title>Boletus en Aceite de Oliva De Nuestra Tierra 230g - Iberoo<\/title>\n<meta name=\"description\" content=\"Boletus grupo edulis en aceite de oliva de la marca De Nuestra Tierra conservado en tarro de cristal para conservar todas sus propiedades originales.\" \/>\n<meta name=\"robots\" content=\"index, follow, max-snippet:-1, max-image-preview:large, max-video-preview:-1\" \/>\n<link rel=\"canonical\" href=\"https:\/\/iberoo.com\/de\/produkt\/steinpilze-in-olivenol-de-nuestra-tierra-230g\/\" \/>\n<meta property=\"og:locale\" content=\"de_DE\" \/>\n<meta property=\"og:type\" content=\"article\" \/>\n<meta property=\"og:title\" content=\"Boletus en Aceite de Oliva De Nuestra Tierra 230g - Iberoo\" \/>\n<meta property=\"og:description\" content=\"Boletus grupo edulis en aceite de oliva de la marca De Nuestra Tierra conservado en tarro de cristal para conservar todas sus propiedades originales.\" \/>\n<meta property=\"og:url\" content=\"https:\/\/iberoo.com\/de\/produkt\/steinpilze-in-olivenol-de-nuestra-tierra-230g\/\" \/>\n<meta property=\"og:site_name\" content=\"Iberoo\" \/>\n<meta property=\"article:modified_time\" content=\"2026-04-04T19:57:13+00:00\" \/>\n<meta property=\"og:image\" content=\"https:\/\/iberoo.com\/wp-content\/uploads\/2025\/11\/boletus-en-aceite-de-oliva-de-nuestra-tierra-230g-1.webp\" \/>\n\t<meta property=\"og:image:width\" content=\"1499\" \/>\n\t<meta property=\"og:image:height\" content=\"1500\" \/>\n\t<meta property=\"og:image:type\" content=\"image\/webp\" \/>\n<meta name=\"twitter:card\" content=\"summary_large_image\" \/>\n<meta name=\"twitter:label1\" content=\"Preis\" \/>\n\t<meta name=\"twitter:data1\" content=\"9,95&nbsp;&euro;\" \/>\n\t<meta name=\"twitter:label2\" content=\"Verf\u00fcgbarkeit\" \/>\n\t<meta name=\"twitter:data2\" content=\"Auf Lager\" \/>\n<script type=\"application\/ld+json\" class=\"yoast-schema-graph\">{\"@context\":\"https:\\\/\\\/schema.org\",\"@graph\":[{\"@type\":\"WebPage\",\"@id\":\"https:\\\/\\\/iberoo.com\\\/producto\\\/boletus-en-aceite-de-oliva-de-nuestra-tierra-230g\\\/\",\"url\":\"https:\\\/\\\/iberoo.com\\\/producto\\\/boletus-en-aceite-de-oliva-de-nuestra-tierra-230g\\\/\",\"name\":\"Boletus en Aceite de Oliva De Nuestra Tierra 230g - Iberoo\",\"isPartOf\":{\"@id\":\"https:\\\/\\\/iberoo.com\\\/#website\"},\"primaryImageOfPage\":{\"@id\":\"https:\\\/\\\/iberoo.com\\\/producto\\\/boletus-en-aceite-de-oliva-de-nuestra-tierra-230g\\\/#primaryimage\"},\"image\":{\"@id\":\"https:\\\/\\\/iberoo.com\\\/producto\\\/boletus-en-aceite-de-oliva-de-nuestra-tierra-230g\\\/#primaryimage\"},\"thumbnailUrl\":\"https:\\\/\\\/iberoo.com\\\/wp-content\\\/uploads\\\/2025\\\/11\\\/boletus-en-aceite-de-oliva-de-nuestra-tierra-230g-1.webp\",\"datePublished\":\"2025-11-14T22:55:35+00:00\",\"dateModified\":\"2026-04-04T19:57:13+00:00\",\"description\":\"Boletus grupo edulis en aceite de oliva de la marca De Nuestra Tierra conservado en tarro de cristal para conservar todas sus propiedades originales.\",\"breadcrumb\":{\"@id\":\"https:\\\/\\\/iberoo.com\\\/producto\\\/boletus-en-aceite-de-oliva-de-nuestra-tierra-230g\\\/#breadcrumb\"},\"inLanguage\":\"de\",\"potentialAction\":[{\"@type\":\"ReadAction\",\"target\":[\"https:\\\/\\\/iberoo.com\\\/producto\\\/boletus-en-aceite-de-oliva-de-nuestra-tierra-230g\\\/\"]}]},{\"@type\":\"ImageObject\",\"inLanguage\":\"de\",\"@id\":\"https:\\\/\\\/iberoo.com\\\/producto\\\/boletus-en-aceite-de-oliva-de-nuestra-tierra-230g\\\/#primaryimage\",\"url\":\"https:\\\/\\\/iberoo.com\\\/wp-content\\\/uploads\\\/2025\\\/11\\\/boletus-en-aceite-de-oliva-de-nuestra-tierra-230g-1.webp\",\"contentUrl\":\"https:\\\/\\\/iberoo.com\\\/wp-content\\\/uploads\\\/2025\\\/11\\\/boletus-en-aceite-de-oliva-de-nuestra-tierra-230g-1.webp\",\"width\":1499,\"height\":1500,\"caption\":\"Boletus en Aceite de Oliva De Nuestra Tierra\"},{\"@type\":\"BreadcrumbList\",\"@id\":\"https:\\\/\\\/iberoo.com\\\/producto\\\/boletus-en-aceite-de-oliva-de-nuestra-tierra-230g\\\/#breadcrumb\",\"itemListElement\":[{\"@type\":\"ListItem\",\"position\":1,\"name\":\"Portada\",\"item\":\"https:\\\/\\\/iberoo.com\\\/\"},{\"@type\":\"ListItem\",\"position\":2,\"name\":\"Tienda Online\",\"item\":\"https:\\\/\\\/iberoo.com\\\/tienda\\\/\"},{\"@type\":\"ListItem\",\"position\":3,\"name\":\"Boletus en Aceite de Oliva De Nuestra Tierra 230g\"}]},{\"@type\":\"WebSite\",\"@id\":\"https:\\\/\\\/iberoo.com\\\/#website\",\"url\":\"https:\\\/\\\/iberoo.com\\\/\",\"name\":\"Iberoo\",\"description\":\"\",\"publisher\":{\"@id\":\"https:\\\/\\\/iberoo.com\\\/#organization\"},\"potentialAction\":[{\"@type\":\"SearchAction\",\"target\":{\"@type\":\"EntryPoint\",\"urlTemplate\":\"https:\\\/\\\/iberoo.com\\\/?s={search_term_string}\"},\"query-input\":{\"@type\":\"PropertyValueSpecification\",\"valueRequired\":true,\"valueName\":\"search_term_string\"}}],\"inLanguage\":\"de\"},{\"@type\":\"Organization\",\"@id\":\"https:\\\/\\\/iberoo.com\\\/#organization\",\"name\":\"Iberoo\",\"url\":\"https:\\\/\\\/iberoo.com\\\/\",\"logo\":{\"@type\":\"ImageObject\",\"inLanguage\":\"de\",\"@id\":\"https:\\\/\\\/iberoo.com\\\/#\\\/schema\\\/logo\\\/image\\\/\",\"url\":\"https:\\\/\\\/iberoo.com\\\/wp-content\\\/uploads\\\/2025\\\/11\\\/logo-cuadrado.jpg\",\"contentUrl\":\"https:\\\/\\\/iberoo.com\\\/wp-content\\\/uploads\\\/2025\\\/11\\\/logo-cuadrado.jpg\",\"width\":700,\"height\":700,\"caption\":\"Iberoo\"},\"image\":{\"@id\":\"https:\\\/\\\/iberoo.com\\\/#\\\/schema\\\/logo\\\/image\\\/\"}}]}<\/script>\n<meta property=\"product:brand\" content=\"De Nuestra Tierra\" \/>\n<meta property=\"product:price:amount\" content=\"9.95\" \/>\n<meta property=\"product:price:currency\" content=\"EUR\" \/>\n<meta property=\"og:availability\" content=\"instock\" \/>\n<meta property=\"product:availability\" content=\"instock\" \/>\n<meta property=\"product:condition\" content=\"new\" \/>\n<!-- \/ Yoast SEO plugin. -->","yoast_head_json":{"title":"Steinpilze in Oliven\u00f6l De Nuestra Tierra 230g - Iberoo","description":"Boletus edulis-Gruppe in Oliven\u00f6l der Marke De Nuestra Tierra, konserviert in einem Glasgef\u00e4\u00df, um alle urspr\u00fcnglichen Eigenschaften zu erhalten.","robots":{"index":"index","follow":"follow","max-snippet":"max-snippet:-1","max-image-preview":"max-image-preview:large","max-video-preview":"max-video-preview:-1"},"canonical":"https:\/\/iberoo.com\/de\/produkt\/steinpilze-in-olivenol-de-nuestra-tierra-230g\/","og_locale":"de_DE","og_type":"article","og_title":"Boletus en Aceite de Oliva De Nuestra Tierra 230g - Iberoo","og_description":"Boletus grupo edulis en aceite de oliva de la marca De Nuestra Tierra conservado en tarro de cristal para conservar todas sus propiedades originales.","og_url":"https:\/\/iberoo.com\/de\/produkt\/steinpilze-in-olivenol-de-nuestra-tierra-230g\/","og_site_name":"Iberoo","article_modified_time":"2026-04-04T19:57:13+00:00","og_image":[{"width":1499,"height":1500,"url":"https:\/\/iberoo.com\/wp-content\/uploads\/2025\/11\/boletus-en-aceite-de-oliva-de-nuestra-tierra-230g-1.webp","type":"image\/webp"}],"twitter_card":"summary_large_image","twitter_misc":{"Preis":"9,95&nbsp;&euro;","Verf\u00fcgbarkeit":"Auf Lager"},"schema":{"@context":"https:\/\/schema.org","@graph":[{"@type":"WebPage","@id":"https:\/\/iberoo.com\/producto\/boletus-en-aceite-de-oliva-de-nuestra-tierra-230g\/","url":"https:\/\/iberoo.com\/producto\/boletus-en-aceite-de-oliva-de-nuestra-tierra-230g\/","name":"Steinpilze in Oliven\u00f6l De Nuestra Tierra 230g - Iberoo","isPartOf":{"@id":"https:\/\/iberoo.com\/#website"},"primaryImageOfPage":{"@id":"https:\/\/iberoo.com\/producto\/boletus-en-aceite-de-oliva-de-nuestra-tierra-230g\/#primaryimage"},"image":{"@id":"https:\/\/iberoo.com\/producto\/boletus-en-aceite-de-oliva-de-nuestra-tierra-230g\/#primaryimage"},"thumbnailUrl":"https:\/\/iberoo.com\/wp-content\/uploads\/2025\/11\/boletus-en-aceite-de-oliva-de-nuestra-tierra-230g-1.webp","datePublished":"2025-11-14T22:55:35+00:00","dateModified":"2026-04-04T19:57:13+00:00","description":"Boletus edulis-Gruppe in Oliven\u00f6l der Marke De Nuestra Tierra, konserviert in einem Glasgef\u00e4\u00df, um alle urspr\u00fcnglichen Eigenschaften zu erhalten.","breadcrumb":{"@id":"https:\/\/iberoo.com\/producto\/boletus-en-aceite-de-oliva-de-nuestra-tierra-230g\/#breadcrumb"},"inLanguage":"de","potentialAction":[{"@type":"ReadAction","target":["https:\/\/iberoo.com\/producto\/boletus-en-aceite-de-oliva-de-nuestra-tierra-230g\/"]}]},{"@type":"ImageObject","inLanguage":"de","@id":"https:\/\/iberoo.com\/producto\/boletus-en-aceite-de-oliva-de-nuestra-tierra-230g\/#primaryimage","url":"https:\/\/iberoo.com\/wp-content\/uploads\/2025\/11\/boletus-en-aceite-de-oliva-de-nuestra-tierra-230g-1.webp","contentUrl":"https:\/\/iberoo.com\/wp-content\/uploads\/2025\/11\/boletus-en-aceite-de-oliva-de-nuestra-tierra-230g-1.webp","width":1499,"height":1500,"caption":"Boletus en Aceite de Oliva De Nuestra Tierra"},{"@type":"BreadcrumbList","@id":"https:\/\/iberoo.com\/producto\/boletus-en-aceite-de-oliva-de-nuestra-tierra-230g\/#breadcrumb","itemListElement":[{"@type":"ListItem","position":1,"name":"Portada","item":"https:\/\/iberoo.com\/"},{"@type":"ListItem","position":2,"name":"Tienda Online","item":"https:\/\/iberoo.com\/tienda\/"},{"@type":"ListItem","position":3,"name":"Boletus en Aceite de Oliva De Nuestra Tierra 230g"}]},{"@type":"WebSite","@id":"https:\/\/iberoo.com\/#website","url":"https:\/\/iberoo.com\/","name":"Iberoo","description":"","publisher":{"@id":"https:\/\/iberoo.com\/#organization"},"potentialAction":[{"@type":"SearchAction","target":{"@type":"EntryPoint","urlTemplate":"https:\/\/iberoo.com\/?s={search_term_string}"},"query-input":{"@type":"PropertyValueSpecification","valueRequired":true,"valueName":"search_term_string"}}],"inLanguage":"de"},{"@type":"Organization","@id":"https:\/\/iberoo.com\/#organization","name":"Iberoo","url":"https:\/\/iberoo.com\/","logo":{"@type":"ImageObject","inLanguage":"de","@id":"https:\/\/iberoo.com\/#\/schema\/logo\/image\/","url":"https:\/\/iberoo.com\/wp-content\/uploads\/2025\/11\/logo-cuadrado.jpg","contentUrl":"https:\/\/iberoo.com\/wp-content\/uploads\/2025\/11\/logo-cuadrado.jpg","width":700,"height":700,"caption":"Iberoo"},"image":{"@id":"https:\/\/iberoo.com\/#\/schema\/logo\/image\/"}}]},"product_brand":"De Nuestra Tierra","product_price_amount":"9.95","product_price_currency":"EUR","og_availability":"instock","product_availability":"instock","product_condition":"new"},"_links":{"self":[{"href":"https:\/\/iberoo.com\/de\/wp-json\/wp\/v2\/product\/750","targetHints":{"allow":["GET"]}}],"collection":[{"href":"https:\/\/iberoo.com\/de\/wp-json\/wp\/v2\/product"}],"about":[{"href":"https:\/\/iberoo.com\/de\/wp-json\/wp\/v2\/types\/product"}],"replies":[{"embeddable":true,"href":"https:\/\/iberoo.com\/de\/wp-json\/wp\/v2\/comments?post=750"}],"wp:featuredmedia":[{"embeddable":true,"href":"https:\/\/iberoo.com\/de\/wp-json\/wp\/v2\/media\/777"}],"wp:attachment":[{"href":"https:\/\/iberoo.com\/de\/wp-json\/wp\/v2\/media?parent=750"}],"wp:term":[{"taxonomy":"product_brand","embeddable":true,"href":"https:\/\/iberoo.com\/de\/wp-json\/wp\/v2\/product_brand?post=750"},{"taxonomy":"product_cat","embeddable":true,"href":"https:\/\/iberoo.com\/de\/wp-json\/wp\/v2\/product_cat?post=750"},{"taxonomy":"product_tag","embeddable":true,"href":"https:\/\/iberoo.com\/de\/wp-json\/wp\/v2\/product_tag?post=750"}],"curies":[{"name":"wp","href":"https:\/\/api.w.org\/{rel}","templated":true}]}}