{"id":795,"date":"2025-11-14T23:55:55","date_gmt":"2025-11-14T22:55:55","guid":{"rendered":"https:\/\/iberoo.com\/?post_type=product&#038;p=795"},"modified":"2026-04-04T21:55:38","modified_gmt":"2026-04-04T19:55:38","slug":"runder-reis-sos","status":"publish","type":"product","link":"https:\/\/iberoo.com\/de\/produkt\/runder-reis-sos\/","title":{"rendered":"Runder Reis SOS"},"content":{"rendered":"<div>Entdecken Sie die herausragende Qualit\u00e4t von SOS Rundkornreis, erh\u00e4ltlich in 1-kg- oder 2-kg-Packungen. Dieser Rundkornreis eignet sich ideal f\u00fcr die Zubereitung einer Vielzahl von Gerichten, von k\u00f6stlichen Risottos bis hin zu traditionellen Reissuppen. Seine weiche Konsistenz und die F\u00e4higkeit, Aromen gut aufzunehmen, machen ihn zur perfekten Beilage f\u00fcr jede Mahlzeit.<\/div>\n<div><\/div>\n<div>Entdecken Sie die herausragende Qualit\u00e4t von SOS Rundkornreis, erh\u00e4ltlich in 1-kg- oder 2-kg-Packungen. Dieser Rundkornreis eignet sich ideal f\u00fcr die Zubereitung einer Vielzahl von Gerichten, von k\u00f6stlichen Risottos bis hin zu traditionellen Reissuppen. Seine weiche Konsistenz und die F\u00e4higkeit, Aromen gut aufzunehmen, machen ihn zur perfekten Beilage f\u00fcr jede Mahlzeit.<\/div>","protected":false},"excerpt":{"rendered":"<p>Wenn es eine Marke gibt, die sich in Spanien einen hervorragenden Ruf erworben hat, dann ist es zweifellos SOS. Wir liefern Ihnen ihren Rundreis in 1-kg- oder 2-kg-Packungen direkt nach Hause. Und denken Sie daran: SOS ist gut.<\/p>","protected":false},"featured_media":825,"comment_status":"closed","ping_status":"closed","template":"","meta":[],"product_brand":[85],"product_cat":[84],"product_tag":[],"class_list":{"0":"post-795","1":"product","2":"type-product","3":"status-publish","4":"has-post-thumbnail","6":"product_brand-sos","7":"product_cat-arroz","9":"first","10":"instock","11":"shipping-taxable","12":"purchasable","13":"product-type-variable"},"yoast_head":"<!-- This site is optimized with the Yoast SEO plugin v27.3 - https:\/\/yoast.com\/product\/yoast-seo-wordpress\/ -->\n<title>Arroz Redondo SOS - Iberoo<\/title>\n<meta name=\"description\" content=\"Si hay alguna marca que se ha ganado una gran reputaci\u00f3n en Espa\u00f1a esa es sin duda la marca SOS. Y recuerda, si es SOS, es bueno.\" \/>\n<meta name=\"robots\" content=\"index, follow, max-snippet:-1, max-image-preview:large, max-video-preview:-1\" \/>\n<link rel=\"canonical\" href=\"https:\/\/iberoo.com\/de\/produkt\/runder-reis-sos\/\" \/>\n<meta property=\"og:locale\" content=\"de_DE\" \/>\n<meta property=\"og:type\" content=\"article\" \/>\n<meta property=\"og:title\" content=\"Arroz Redondo SOS - Iberoo\" \/>\n<meta property=\"og:description\" content=\"Si hay alguna marca que se ha ganado una gran reputaci\u00f3n en Espa\u00f1a esa es sin duda la marca SOS. Y recuerda, si es SOS, es bueno.\" \/>\n<meta property=\"og:url\" content=\"https:\/\/iberoo.com\/de\/produkt\/runder-reis-sos\/\" \/>\n<meta property=\"og:site_name\" content=\"Iberoo\" \/>\n<meta property=\"article:modified_time\" content=\"2026-04-04T19:55:38+00:00\" \/>\n<meta property=\"og:image\" content=\"https:\/\/iberoo.com\/wp-content\/uploads\/2025\/11\/arroz-redondo-sos-1kg-1.webp\" \/>\n\t<meta property=\"og:image:width\" content=\"1500\" \/>\n\t<meta property=\"og:image:height\" content=\"1500\" \/>\n\t<meta property=\"og:image:type\" content=\"image\/webp\" \/>\n<meta name=\"twitter:card\" content=\"summary_large_image\" \/>\n<meta name=\"twitter:label1\" content=\"Verf\u00fcgbarkeit\" \/>\n\t<meta name=\"twitter:data1\" content=\"Auf Lager\" \/>\n<script type=\"application\/ld+json\" class=\"yoast-schema-graph\">{\"@context\":\"https:\\\/\\\/schema.org\",\"@graph\":[{\"@type\":\"WebPage\",\"@id\":\"https:\\\/\\\/iberoo.com\\\/producto\\\/arroz-redondo-sos\\\/\",\"url\":\"https:\\\/\\\/iberoo.com\\\/producto\\\/arroz-redondo-sos\\\/\",\"name\":\"Arroz Redondo SOS - Iberoo\",\"isPartOf\":{\"@id\":\"https:\\\/\\\/iberoo.com\\\/#website\"},\"primaryImageOfPage\":{\"@id\":\"https:\\\/\\\/iberoo.com\\\/producto\\\/arroz-redondo-sos\\\/#primaryimage\"},\"image\":{\"@id\":\"https:\\\/\\\/iberoo.com\\\/producto\\\/arroz-redondo-sos\\\/#primaryimage\"},\"thumbnailUrl\":\"https:\\\/\\\/iberoo.com\\\/wp-content\\\/uploads\\\/2025\\\/11\\\/arroz-redondo-sos-1kg-1.webp\",\"datePublished\":\"2025-11-14T22:55:55+00:00\",\"dateModified\":\"2026-04-04T19:55:38+00:00\",\"description\":\"Si hay alguna marca que se ha ganado una gran reputaci\u00f3n en Espa\u00f1a esa es sin duda la marca SOS. Y recuerda, si es SOS, es bueno.\",\"breadcrumb\":{\"@id\":\"https:\\\/\\\/iberoo.com\\\/producto\\\/arroz-redondo-sos\\\/#breadcrumb\"},\"inLanguage\":\"de\",\"potentialAction\":[{\"@type\":\"ReadAction\",\"target\":[\"https:\\\/\\\/iberoo.com\\\/producto\\\/arroz-redondo-sos\\\/\"]}]},{\"@type\":\"ImageObject\",\"inLanguage\":\"de\",\"@id\":\"https:\\\/\\\/iberoo.com\\\/producto\\\/arroz-redondo-sos\\\/#primaryimage\",\"url\":\"https:\\\/\\\/iberoo.com\\\/wp-content\\\/uploads\\\/2025\\\/11\\\/arroz-redondo-sos-1kg-1.webp\",\"contentUrl\":\"https:\\\/\\\/iberoo.com\\\/wp-content\\\/uploads\\\/2025\\\/11\\\/arroz-redondo-sos-1kg-1.webp\",\"width\":1500,\"height\":1500,\"caption\":\"Arroz Redondo SOS\"},{\"@type\":\"BreadcrumbList\",\"@id\":\"https:\\\/\\\/iberoo.com\\\/producto\\\/arroz-redondo-sos\\\/#breadcrumb\",\"itemListElement\":[{\"@type\":\"ListItem\",\"position\":1,\"name\":\"Portada\",\"item\":\"https:\\\/\\\/iberoo.com\\\/\"},{\"@type\":\"ListItem\",\"position\":2,\"name\":\"Tienda Online\",\"item\":\"https:\\\/\\\/iberoo.com\\\/tienda\\\/\"},{\"@type\":\"ListItem\",\"position\":3,\"name\":\"Arroz Redondo SOS\"}]},{\"@type\":\"WebSite\",\"@id\":\"https:\\\/\\\/iberoo.com\\\/#website\",\"url\":\"https:\\\/\\\/iberoo.com\\\/\",\"name\":\"Iberoo\",\"description\":\"\",\"publisher\":{\"@id\":\"https:\\\/\\\/iberoo.com\\\/#organization\"},\"potentialAction\":[{\"@type\":\"SearchAction\",\"target\":{\"@type\":\"EntryPoint\",\"urlTemplate\":\"https:\\\/\\\/iberoo.com\\\/?s={search_term_string}\"},\"query-input\":{\"@type\":\"PropertyValueSpecification\",\"valueRequired\":true,\"valueName\":\"search_term_string\"}}],\"inLanguage\":\"de\"},{\"@type\":\"Organization\",\"@id\":\"https:\\\/\\\/iberoo.com\\\/#organization\",\"name\":\"Iberoo\",\"url\":\"https:\\\/\\\/iberoo.com\\\/\",\"logo\":{\"@type\":\"ImageObject\",\"inLanguage\":\"de\",\"@id\":\"https:\\\/\\\/iberoo.com\\\/#\\\/schema\\\/logo\\\/image\\\/\",\"url\":\"https:\\\/\\\/iberoo.com\\\/wp-content\\\/uploads\\\/2025\\\/11\\\/logo-cuadrado.jpg\",\"contentUrl\":\"https:\\\/\\\/iberoo.com\\\/wp-content\\\/uploads\\\/2025\\\/11\\\/logo-cuadrado.jpg\",\"width\":700,\"height\":700,\"caption\":\"Iberoo\"},\"image\":{\"@id\":\"https:\\\/\\\/iberoo.com\\\/#\\\/schema\\\/logo\\\/image\\\/\"}}]}<\/script>\n<meta property=\"product:brand\" content=\"SOS\" \/>\n<meta property=\"og:availability\" content=\"instock\" \/>\n<meta property=\"product:availability\" content=\"instock\" \/>\n<meta property=\"product:condition\" content=\"new\" \/>\n<!-- \/ Yoast SEO plugin. -->","yoast_head_json":{"title":"Runder Reis SOS - Iberoo","description":"Wenn es eine Marke gibt, die sich in Spanien einen hervorragenden Ruf erworben hat, dann ist es zweifellos SOS. Und denken Sie daran: SOS ist gut.","robots":{"index":"index","follow":"follow","max-snippet":"max-snippet:-1","max-image-preview":"max-image-preview:large","max-video-preview":"max-video-preview:-1"},"canonical":"https:\/\/iberoo.com\/de\/produkt\/runder-reis-sos\/","og_locale":"de_DE","og_type":"article","og_title":"Arroz Redondo SOS - Iberoo","og_description":"Si hay alguna marca que se ha ganado una gran reputaci\u00f3n en Espa\u00f1a esa es sin duda la marca SOS. Y recuerda, si es SOS, es bueno.","og_url":"https:\/\/iberoo.com\/de\/produkt\/runder-reis-sos\/","og_site_name":"Iberoo","article_modified_time":"2026-04-04T19:55:38+00:00","og_image":[{"width":1500,"height":1500,"url":"https:\/\/iberoo.com\/wp-content\/uploads\/2025\/11\/arroz-redondo-sos-1kg-1.webp","type":"image\/webp"}],"twitter_card":"summary_large_image","twitter_misc":{"Verf\u00fcgbarkeit":"Auf Lager"},"schema":{"@context":"https:\/\/schema.org","@graph":[{"@type":"WebPage","@id":"https:\/\/iberoo.com\/producto\/arroz-redondo-sos\/","url":"https:\/\/iberoo.com\/producto\/arroz-redondo-sos\/","name":"Runder Reis SOS - Iberoo","isPartOf":{"@id":"https:\/\/iberoo.com\/#website"},"primaryImageOfPage":{"@id":"https:\/\/iberoo.com\/producto\/arroz-redondo-sos\/#primaryimage"},"image":{"@id":"https:\/\/iberoo.com\/producto\/arroz-redondo-sos\/#primaryimage"},"thumbnailUrl":"https:\/\/iberoo.com\/wp-content\/uploads\/2025\/11\/arroz-redondo-sos-1kg-1.webp","datePublished":"2025-11-14T22:55:55+00:00","dateModified":"2026-04-04T19:55:38+00:00","description":"Wenn es eine Marke gibt, die sich in Spanien einen hervorragenden Ruf erworben hat, dann ist es zweifellos SOS. Und denken Sie daran: SOS ist gut.","breadcrumb":{"@id":"https:\/\/iberoo.com\/producto\/arroz-redondo-sos\/#breadcrumb"},"inLanguage":"de","potentialAction":[{"@type":"ReadAction","target":["https:\/\/iberoo.com\/producto\/arroz-redondo-sos\/"]}]},{"@type":"ImageObject","inLanguage":"de","@id":"https:\/\/iberoo.com\/producto\/arroz-redondo-sos\/#primaryimage","url":"https:\/\/iberoo.com\/wp-content\/uploads\/2025\/11\/arroz-redondo-sos-1kg-1.webp","contentUrl":"https:\/\/iberoo.com\/wp-content\/uploads\/2025\/11\/arroz-redondo-sos-1kg-1.webp","width":1500,"height":1500,"caption":"Arroz Redondo SOS"},{"@type":"BreadcrumbList","@id":"https:\/\/iberoo.com\/producto\/arroz-redondo-sos\/#breadcrumb","itemListElement":[{"@type":"ListItem","position":1,"name":"Portada","item":"https:\/\/iberoo.com\/"},{"@type":"ListItem","position":2,"name":"Tienda Online","item":"https:\/\/iberoo.com\/tienda\/"},{"@type":"ListItem","position":3,"name":"Arroz Redondo SOS"}]},{"@type":"WebSite","@id":"https:\/\/iberoo.com\/#website","url":"https:\/\/iberoo.com\/","name":"Iberoo","description":"","publisher":{"@id":"https:\/\/iberoo.com\/#organization"},"potentialAction":[{"@type":"SearchAction","target":{"@type":"EntryPoint","urlTemplate":"https:\/\/iberoo.com\/?s={search_term_string}"},"query-input":{"@type":"PropertyValueSpecification","valueRequired":true,"valueName":"search_term_string"}}],"inLanguage":"de"},{"@type":"Organization","@id":"https:\/\/iberoo.com\/#organization","name":"Iberoo","url":"https:\/\/iberoo.com\/","logo":{"@type":"ImageObject","inLanguage":"de","@id":"https:\/\/iberoo.com\/#\/schema\/logo\/image\/","url":"https:\/\/iberoo.com\/wp-content\/uploads\/2025\/11\/logo-cuadrado.jpg","contentUrl":"https:\/\/iberoo.com\/wp-content\/uploads\/2025\/11\/logo-cuadrado.jpg","width":700,"height":700,"caption":"Iberoo"},"image":{"@id":"https:\/\/iberoo.com\/#\/schema\/logo\/image\/"}}]},"product_brand":"SOS","og_availability":"instock","product_availability":"instock","product_condition":"new"},"_links":{"self":[{"href":"https:\/\/iberoo.com\/de\/wp-json\/wp\/v2\/product\/795","targetHints":{"allow":["GET"]}}],"collection":[{"href":"https:\/\/iberoo.com\/de\/wp-json\/wp\/v2\/product"}],"about":[{"href":"https:\/\/iberoo.com\/de\/wp-json\/wp\/v2\/types\/product"}],"replies":[{"embeddable":true,"href":"https:\/\/iberoo.com\/de\/wp-json\/wp\/v2\/comments?post=795"}],"wp:featuredmedia":[{"embeddable":true,"href":"https:\/\/iberoo.com\/de\/wp-json\/wp\/v2\/media\/825"}],"wp:attachment":[{"href":"https:\/\/iberoo.com\/de\/wp-json\/wp\/v2\/media?parent=795"}],"wp:term":[{"taxonomy":"product_brand","embeddable":true,"href":"https:\/\/iberoo.com\/de\/wp-json\/wp\/v2\/product_brand?post=795"},{"taxonomy":"product_cat","embeddable":true,"href":"https:\/\/iberoo.com\/de\/wp-json\/wp\/v2\/product_cat?post=795"},{"taxonomy":"product_tag","embeddable":true,"href":"https:\/\/iberoo.com\/de\/wp-json\/wp\/v2\/product_tag?post=795"}],"curies":[{"name":"wp","href":"https:\/\/api.w.org\/{rel}","templated":true}]}}