{"id":798,"date":"2025-11-14T23:55:56","date_gmt":"2025-11-14T22:55:56","guid":{"rendered":"https:\/\/iberoo.com\/?post_type=product&#038;p=798"},"modified":"2026-04-04T22:01:38","modified_gmt":"2026-04-04T20:01:38","slug":"brauner-reis-sos-1kg","status":"publish","type":"product","link":"https:\/\/iberoo.com\/de\/produkt\/brauner-reis-sos-1kg\/","title":{"rendered":"Brauner Reis SOS 1kg"},"content":{"rendered":"<p>SOS Naturreis ist die perfekte Wahl f\u00fcr alle, die eine ges\u00fcndere Alternative suchen, ohne dabei auf Geschmack und Qualit\u00e4t zu verzichten. Dank seines langen Vollkorns beh\u00e4lt dieser Reis seine nat\u00fcrliche Kleie, was ihm einen intensiveren Geschmack und eine feste Konsistenz verleiht. Dadurch eignet er sich ideal als Beilage zu nahrhaften und energiespendenden Gerichten.<\/p>\n<p>Dieser braune Reis ist reich an Ballaststoffen und daher eine ausgezeichnete Wahl f\u00fcr alle, die ihre Ern\u00e4hrung verbessern oder mehr Vollkornprodukte in ihren Speiseplan integrieren m\u00f6chten. Da die \u00e4u\u00dfere Schicht des Reiskorns erhalten bleibt, bleiben beim SOS-Naturreis auch mehr N\u00e4hrstoffe und Mineralien erhalten, wodurch er eine gesunde Energiequelle f\u00fcr den ganzen Tag darstellt.<\/p>\n<p>Dank seiner Vielseitigkeit eignet sich dieser Reis perfekt als Beilage und f\u00fcr die Zubereitung von frischen Salaten, Eint\u00f6pfen oder sogar als Basis f\u00fcr vegetarische Gerichte. Er ist einfach zuzubereiten und die K\u00f6rner bleiben locker und fluffig, wodurch er sich ideal zum Purgenuss oder zur Verwendung in aufwendigeren Rezepten eignet.<\/p>\n<p>SOS, bekannt f\u00fcr Qualit\u00e4t und Geschmack, bietet Ihnen einen hervorragenden Naturreis \u2013 perfekt f\u00fcr alle, die Wert auf Wohlbefinden und Genuss legen. Mit SOS Naturreis genie\u00dfen Sie eine k\u00f6stliche, nat\u00fcrliche und nahrhafte Alternative, die in jedem Bissen \u00fcberzeugt, ohne dabei auf den authentischen Geschmack zu verzichten, den Sie lieben.<\/p>","protected":false},"excerpt":{"rendered":"<p>Der Slogan der Marke SOS lautet \u201eWenn es von SOS ist, ist es gut\u201c, und das stimmt. Ihr Reis, wie dieser braune Reis, ist von au\u00dfergew\u00f6hnlicher Qualit\u00e4t.<\/p>","protected":false},"featured_media":827,"comment_status":"closed","ping_status":"closed","template":"","meta":[],"product_brand":[85],"product_cat":[84],"product_tag":[],"class_list":{"0":"post-798","1":"product","2":"type-product","3":"status-publish","4":"has-post-thumbnail","6":"product_brand-sos","7":"product_cat-arroz","9":"first","10":"instock","11":"shipping-taxable","12":"purchasable","13":"product-type-simple"},"yoast_head":"<!-- This site is optimized with the Yoast SEO plugin v27.3 - https:\/\/yoast.com\/product\/yoast-seo-wordpress\/ -->\n<title>Arroz Integral SOS 1kg - Iberoo<\/title>\n<meta name=\"description\" content=\"El slogan de la marca SOS es que &quot;si es SOS, es bueno&quot;, y no mienten. Sus arroces, como este arroz integral, son de una calidad excepcional.\" \/>\n<meta name=\"robots\" content=\"index, follow, max-snippet:-1, max-image-preview:large, max-video-preview:-1\" \/>\n<link rel=\"canonical\" href=\"https:\/\/iberoo.com\/de\/produkt\/brauner-reis-sos-1kg\/\" \/>\n<meta property=\"og:locale\" content=\"de_DE\" \/>\n<meta property=\"og:type\" content=\"article\" \/>\n<meta property=\"og:title\" content=\"Arroz Integral SOS 1kg - Iberoo\" \/>\n<meta property=\"og:description\" content=\"El slogan de la marca SOS es que &quot;si es SOS, es bueno&quot;, y no mienten. Sus arroces, como este arroz integral, son de una calidad excepcional.\" \/>\n<meta property=\"og:url\" content=\"https:\/\/iberoo.com\/de\/produkt\/brauner-reis-sos-1kg\/\" \/>\n<meta property=\"og:site_name\" content=\"Iberoo\" \/>\n<meta property=\"article:modified_time\" content=\"2026-04-04T20:01:38+00:00\" \/>\n<meta property=\"og:image\" content=\"https:\/\/iberoo.com\/wp-content\/uploads\/2025\/11\/arroz-integral-sos-1.webp\" \/>\n\t<meta property=\"og:image:width\" content=\"1500\" \/>\n\t<meta property=\"og:image:height\" content=\"1500\" \/>\n\t<meta property=\"og:image:type\" content=\"image\/webp\" \/>\n<meta name=\"twitter:card\" content=\"summary_large_image\" \/>\n<meta name=\"twitter:label1\" content=\"Preis\" \/>\n\t<meta name=\"twitter:data1\" content=\"4,05&nbsp;&euro;\" \/>\n\t<meta name=\"twitter:label2\" content=\"Verf\u00fcgbarkeit\" \/>\n\t<meta name=\"twitter:data2\" content=\"Auf Lager\" \/>\n<script type=\"application\/ld+json\" class=\"yoast-schema-graph\">{\"@context\":\"https:\\\/\\\/schema.org\",\"@graph\":[{\"@type\":\"WebPage\",\"@id\":\"https:\\\/\\\/iberoo.com\\\/producto\\\/arroz-integral-sos-1kg\\\/\",\"url\":\"https:\\\/\\\/iberoo.com\\\/producto\\\/arroz-integral-sos-1kg\\\/\",\"name\":\"Arroz Integral SOS 1kg - Iberoo\",\"isPartOf\":{\"@id\":\"https:\\\/\\\/iberoo.com\\\/#website\"},\"primaryImageOfPage\":{\"@id\":\"https:\\\/\\\/iberoo.com\\\/producto\\\/arroz-integral-sos-1kg\\\/#primaryimage\"},\"image\":{\"@id\":\"https:\\\/\\\/iberoo.com\\\/producto\\\/arroz-integral-sos-1kg\\\/#primaryimage\"},\"thumbnailUrl\":\"https:\\\/\\\/iberoo.com\\\/wp-content\\\/uploads\\\/2025\\\/11\\\/arroz-integral-sos-1.webp\",\"datePublished\":\"2025-11-14T22:55:56+00:00\",\"dateModified\":\"2026-04-04T20:01:38+00:00\",\"description\":\"El slogan de la marca SOS es que \\\"si es SOS, es bueno\\\", y no mienten. Sus arroces, como este arroz integral, son de una calidad excepcional.\",\"breadcrumb\":{\"@id\":\"https:\\\/\\\/iberoo.com\\\/producto\\\/arroz-integral-sos-1kg\\\/#breadcrumb\"},\"inLanguage\":\"de\",\"potentialAction\":[{\"@type\":\"ReadAction\",\"target\":[\"https:\\\/\\\/iberoo.com\\\/producto\\\/arroz-integral-sos-1kg\\\/\"]}]},{\"@type\":\"ImageObject\",\"inLanguage\":\"de\",\"@id\":\"https:\\\/\\\/iberoo.com\\\/producto\\\/arroz-integral-sos-1kg\\\/#primaryimage\",\"url\":\"https:\\\/\\\/iberoo.com\\\/wp-content\\\/uploads\\\/2025\\\/11\\\/arroz-integral-sos-1.webp\",\"contentUrl\":\"https:\\\/\\\/iberoo.com\\\/wp-content\\\/uploads\\\/2025\\\/11\\\/arroz-integral-sos-1.webp\",\"width\":1500,\"height\":1500,\"caption\":\"Arroz Integral SOS\"},{\"@type\":\"BreadcrumbList\",\"@id\":\"https:\\\/\\\/iberoo.com\\\/producto\\\/arroz-integral-sos-1kg\\\/#breadcrumb\",\"itemListElement\":[{\"@type\":\"ListItem\",\"position\":1,\"name\":\"Portada\",\"item\":\"https:\\\/\\\/iberoo.com\\\/\"},{\"@type\":\"ListItem\",\"position\":2,\"name\":\"Tienda Online\",\"item\":\"https:\\\/\\\/iberoo.com\\\/tienda\\\/\"},{\"@type\":\"ListItem\",\"position\":3,\"name\":\"Arroz Integral SOS 1kg\"}]},{\"@type\":\"WebSite\",\"@id\":\"https:\\\/\\\/iberoo.com\\\/#website\",\"url\":\"https:\\\/\\\/iberoo.com\\\/\",\"name\":\"Iberoo\",\"description\":\"\",\"publisher\":{\"@id\":\"https:\\\/\\\/iberoo.com\\\/#organization\"},\"potentialAction\":[{\"@type\":\"SearchAction\",\"target\":{\"@type\":\"EntryPoint\",\"urlTemplate\":\"https:\\\/\\\/iberoo.com\\\/?s={search_term_string}\"},\"query-input\":{\"@type\":\"PropertyValueSpecification\",\"valueRequired\":true,\"valueName\":\"search_term_string\"}}],\"inLanguage\":\"de\"},{\"@type\":\"Organization\",\"@id\":\"https:\\\/\\\/iberoo.com\\\/#organization\",\"name\":\"Iberoo\",\"url\":\"https:\\\/\\\/iberoo.com\\\/\",\"logo\":{\"@type\":\"ImageObject\",\"inLanguage\":\"de\",\"@id\":\"https:\\\/\\\/iberoo.com\\\/#\\\/schema\\\/logo\\\/image\\\/\",\"url\":\"https:\\\/\\\/iberoo.com\\\/wp-content\\\/uploads\\\/2025\\\/11\\\/logo-cuadrado.jpg\",\"contentUrl\":\"https:\\\/\\\/iberoo.com\\\/wp-content\\\/uploads\\\/2025\\\/11\\\/logo-cuadrado.jpg\",\"width\":700,\"height\":700,\"caption\":\"Iberoo\"},\"image\":{\"@id\":\"https:\\\/\\\/iberoo.com\\\/#\\\/schema\\\/logo\\\/image\\\/\"}}]}<\/script>\n<meta property=\"product:brand\" content=\"SOS\" \/>\n<meta property=\"product:price:amount\" content=\"4.05\" \/>\n<meta property=\"product:price:currency\" content=\"EUR\" \/>\n<meta property=\"og:availability\" content=\"instock\" \/>\n<meta property=\"product:availability\" content=\"instock\" \/>\n<meta property=\"product:condition\" content=\"new\" \/>\n<!-- \/ Yoast SEO plugin. -->","yoast_head_json":{"title":"Brauner Reis SOS 1kg - Iberoo","description":"Der Slogan der Marke SOS lautet \u201eWenn es von SOS ist, ist es gut\u201c, und das stimmt. Ihr Reis, wie dieser braune Reis, ist von au\u00dfergew\u00f6hnlicher Qualit\u00e4t.","robots":{"index":"index","follow":"follow","max-snippet":"max-snippet:-1","max-image-preview":"max-image-preview:large","max-video-preview":"max-video-preview:-1"},"canonical":"https:\/\/iberoo.com\/de\/produkt\/brauner-reis-sos-1kg\/","og_locale":"de_DE","og_type":"article","og_title":"Arroz Integral SOS 1kg - Iberoo","og_description":"El slogan de la marca SOS es que \"si es SOS, es bueno\", y no mienten. Sus arroces, como este arroz integral, son de una calidad excepcional.","og_url":"https:\/\/iberoo.com\/de\/produkt\/brauner-reis-sos-1kg\/","og_site_name":"Iberoo","article_modified_time":"2026-04-04T20:01:38+00:00","og_image":[{"width":1500,"height":1500,"url":"https:\/\/iberoo.com\/wp-content\/uploads\/2025\/11\/arroz-integral-sos-1.webp","type":"image\/webp"}],"twitter_card":"summary_large_image","twitter_misc":{"Preis":"4,05&nbsp;&euro;","Verf\u00fcgbarkeit":"Auf Lager"},"schema":{"@context":"https:\/\/schema.org","@graph":[{"@type":"WebPage","@id":"https:\/\/iberoo.com\/producto\/arroz-integral-sos-1kg\/","url":"https:\/\/iberoo.com\/producto\/arroz-integral-sos-1kg\/","name":"Brauner Reis SOS 1kg - Iberoo","isPartOf":{"@id":"https:\/\/iberoo.com\/#website"},"primaryImageOfPage":{"@id":"https:\/\/iberoo.com\/producto\/arroz-integral-sos-1kg\/#primaryimage"},"image":{"@id":"https:\/\/iberoo.com\/producto\/arroz-integral-sos-1kg\/#primaryimage"},"thumbnailUrl":"https:\/\/iberoo.com\/wp-content\/uploads\/2025\/11\/arroz-integral-sos-1.webp","datePublished":"2025-11-14T22:55:56+00:00","dateModified":"2026-04-04T20:01:38+00:00","description":"Der Slogan der Marke SOS lautet \u201eWenn es von SOS ist, ist es gut\u201c, und das stimmt. Ihr Reis, wie dieser braune Reis, ist von au\u00dfergew\u00f6hnlicher Qualit\u00e4t.","breadcrumb":{"@id":"https:\/\/iberoo.com\/producto\/arroz-integral-sos-1kg\/#breadcrumb"},"inLanguage":"de","potentialAction":[{"@type":"ReadAction","target":["https:\/\/iberoo.com\/producto\/arroz-integral-sos-1kg\/"]}]},{"@type":"ImageObject","inLanguage":"de","@id":"https:\/\/iberoo.com\/producto\/arroz-integral-sos-1kg\/#primaryimage","url":"https:\/\/iberoo.com\/wp-content\/uploads\/2025\/11\/arroz-integral-sos-1.webp","contentUrl":"https:\/\/iberoo.com\/wp-content\/uploads\/2025\/11\/arroz-integral-sos-1.webp","width":1500,"height":1500,"caption":"Arroz Integral SOS"},{"@type":"BreadcrumbList","@id":"https:\/\/iberoo.com\/producto\/arroz-integral-sos-1kg\/#breadcrumb","itemListElement":[{"@type":"ListItem","position":1,"name":"Portada","item":"https:\/\/iberoo.com\/"},{"@type":"ListItem","position":2,"name":"Tienda Online","item":"https:\/\/iberoo.com\/tienda\/"},{"@type":"ListItem","position":3,"name":"Arroz Integral SOS 1kg"}]},{"@type":"WebSite","@id":"https:\/\/iberoo.com\/#website","url":"https:\/\/iberoo.com\/","name":"Iberoo","description":"","publisher":{"@id":"https:\/\/iberoo.com\/#organization"},"potentialAction":[{"@type":"SearchAction","target":{"@type":"EntryPoint","urlTemplate":"https:\/\/iberoo.com\/?s={search_term_string}"},"query-input":{"@type":"PropertyValueSpecification","valueRequired":true,"valueName":"search_term_string"}}],"inLanguage":"de"},{"@type":"Organization","@id":"https:\/\/iberoo.com\/#organization","name":"Iberoo","url":"https:\/\/iberoo.com\/","logo":{"@type":"ImageObject","inLanguage":"de","@id":"https:\/\/iberoo.com\/#\/schema\/logo\/image\/","url":"https:\/\/iberoo.com\/wp-content\/uploads\/2025\/11\/logo-cuadrado.jpg","contentUrl":"https:\/\/iberoo.com\/wp-content\/uploads\/2025\/11\/logo-cuadrado.jpg","width":700,"height":700,"caption":"Iberoo"},"image":{"@id":"https:\/\/iberoo.com\/#\/schema\/logo\/image\/"}}]},"product_brand":"SOS","product_price_amount":"4.05","product_price_currency":"EUR","og_availability":"instock","product_availability":"instock","product_condition":"new"},"_links":{"self":[{"href":"https:\/\/iberoo.com\/de\/wp-json\/wp\/v2\/product\/798","targetHints":{"allow":["GET"]}}],"collection":[{"href":"https:\/\/iberoo.com\/de\/wp-json\/wp\/v2\/product"}],"about":[{"href":"https:\/\/iberoo.com\/de\/wp-json\/wp\/v2\/types\/product"}],"replies":[{"embeddable":true,"href":"https:\/\/iberoo.com\/de\/wp-json\/wp\/v2\/comments?post=798"}],"wp:featuredmedia":[{"embeddable":true,"href":"https:\/\/iberoo.com\/de\/wp-json\/wp\/v2\/media\/827"}],"wp:attachment":[{"href":"https:\/\/iberoo.com\/de\/wp-json\/wp\/v2\/media?parent=798"}],"wp:term":[{"taxonomy":"product_brand","embeddable":true,"href":"https:\/\/iberoo.com\/de\/wp-json\/wp\/v2\/product_brand?post=798"},{"taxonomy":"product_cat","embeddable":true,"href":"https:\/\/iberoo.com\/de\/wp-json\/wp\/v2\/product_cat?post=798"},{"taxonomy":"product_tag","embeddable":true,"href":"https:\/\/iberoo.com\/de\/wp-json\/wp\/v2\/product_tag?post=798"}],"curies":[{"name":"wp","href":"https:\/\/api.w.org\/{rel}","templated":true}]}}