{"id":799,"date":"2025-11-14T23:55:56","date_gmt":"2025-11-14T22:55:56","guid":{"rendered":"https:\/\/iberoo.com\/?post_type=product&#038;p=799"},"modified":"2026-04-04T22:01:43","modified_gmt":"2026-04-04T20:01:43","slug":"bomba-reis-sos-1kg","status":"publish","type":"product","link":"https:\/\/iberoo.com\/de\/produkt\/bomba-reis-sos-1kg\/","title":{"rendered":"Bomba-Reis SOS 1kg"},"content":{"rendered":"<p>SOS Bomba Reis ist der Inbegriff von Reis f\u00fcr Liebhaber der traditionellen spanischen K\u00fcche. Dieser rundk\u00f6rnige Reis eignet sich ideal f\u00fcr Paella, Reisgerichte mit Suppen und alle Gerichte, bei denen Reis die Hauptrolle spielt. Das Besondere an SOS Bomba Reis ist seine einzigartige F\u00e4higkeit, Br\u00fche aufzunehmen, ohne seine Form zu verlieren. Das Ergebnis ist ein lockerer, bissfester und aromatischer Reis, der die f\u00fcr feinste Reisgerichte typische \u201eal dente\u201c-Konsistenz bewahrt.<\/p>\n<p>Dank seiner speziellen Kornform kann Bomba SOS-Reis bis zum Dreifachen seines Eigengewichts an Fl\u00fcssigkeit aufnehmen und ist somit die perfekte Wahl f\u00fcr cremige oder suppenartige Reisgerichte, bei denen sich der Reis nahtlos mit der Br\u00fche und den anderen Zutaten verbinden soll. Ob klassische Meeresfr\u00fcchte-Paella, Reis mit Rippchen oder ein ausgefalleneres Gericht \u2013 Bomba-Reis garantiert stets gleichm\u00e4\u00dfiges Garen und ein k\u00f6stliches Ergebnis.<\/p>\n<p>Dieser Reis steht f\u00fcr Qualit\u00e4t und Tradition. Mit \u00fcber 50 Jahren Erfahrung hat die Marke SOS Anbau, Selektion und Verpackung perfektioniert und garantiert so, dass jedes Reiskorn in bestem Zustand in Ihrer K\u00fcche ankommt. Wenn Sie Reis suchen, der in jedem Gericht Geschmack, Textur und Zuverl\u00e4ssigkeit bietet, ist SOS Bomba Reis die ideale Wahl.<\/p>\n<p>Ganz gleich, welche Reissorte Sie zubereiten m\u00f6chten, mit SOS Bomba Reis gelingen Ihnen spektakul\u00e4re und authentische Gerichte. Genie\u00dfen Sie den wahren Geschmack der mediterranen K\u00fcche mit Reis, der jede Mahlzeit zu einem Festmahl macht!<\/p>","protected":false},"excerpt":{"rendered":"<p>Der Slogan der Marke SOS lautet \u201eWenn es von SOS ist, ist es gut\u201c, und das stimmt. Ihr Reis, wie zum Beispiel dieser Bomba-Reis, ist von au\u00dfergew\u00f6hnlicher Qualit\u00e4t, insbesondere f\u00fcr Paella.<\/p>","protected":false},"featured_media":828,"comment_status":"closed","ping_status":"closed","template":"","meta":[],"product_brand":[85],"product_cat":[84],"product_tag":[],"class_list":{"0":"post-799","1":"product","2":"type-product","3":"status-publish","4":"has-post-thumbnail","6":"product_brand-sos","7":"product_cat-arroz","9":"first","10":"instock","11":"featured","12":"shipping-taxable","13":"purchasable","14":"product-type-simple"},"yoast_head":"<!-- This site is optimized with the Yoast SEO plugin v27.3 - https:\/\/yoast.com\/product\/yoast-seo-wordpress\/ -->\n<title>Arroz Bomba SOS 1kg - Iberoo<\/title>\n<meta name=\"description\" content=\"El slogan de la marca SOS es que &quot;si es SOS, es bueno&quot;, y no mienten. Su arroz bomba es de una calidad excepcional sobre todo para paella.\" \/>\n<meta name=\"robots\" content=\"index, follow, max-snippet:-1, max-image-preview:large, max-video-preview:-1\" \/>\n<link rel=\"canonical\" href=\"https:\/\/iberoo.com\/de\/produkt\/bomba-reis-sos-1kg\/\" \/>\n<meta property=\"og:locale\" content=\"de_DE\" \/>\n<meta property=\"og:type\" content=\"article\" \/>\n<meta property=\"og:title\" content=\"Arroz Bomba SOS 1kg - Iberoo\" \/>\n<meta property=\"og:description\" content=\"El slogan de la marca SOS es que &quot;si es SOS, es bueno&quot;, y no mienten. Su arroz bomba es de una calidad excepcional sobre todo para paella.\" \/>\n<meta property=\"og:url\" content=\"https:\/\/iberoo.com\/de\/produkt\/bomba-reis-sos-1kg\/\" \/>\n<meta property=\"og:site_name\" content=\"Iberoo\" \/>\n<meta property=\"article:modified_time\" content=\"2026-04-04T20:01:43+00:00\" \/>\n<meta property=\"og:image\" content=\"https:\/\/iberoo.com\/wp-content\/uploads\/2025\/11\/arroz-bomba-sos-1.webp\" \/>\n\t<meta property=\"og:image:width\" content=\"1500\" \/>\n\t<meta property=\"og:image:height\" content=\"1500\" \/>\n\t<meta property=\"og:image:type\" content=\"image\/webp\" \/>\n<meta name=\"twitter:card\" content=\"summary_large_image\" \/>\n<meta name=\"twitter:label1\" content=\"Preis\" \/>\n\t<meta name=\"twitter:data1\" content=\"10,65&nbsp;&euro;\" \/>\n\t<meta name=\"twitter:label2\" content=\"Verf\u00fcgbarkeit\" \/>\n\t<meta name=\"twitter:data2\" content=\"Auf Lager\" \/>\n<script type=\"application\/ld+json\" class=\"yoast-schema-graph\">{\"@context\":\"https:\\\/\\\/schema.org\",\"@graph\":[{\"@type\":\"WebPage\",\"@id\":\"https:\\\/\\\/iberoo.com\\\/producto\\\/arroz-bomba-sos-1kg\\\/\",\"url\":\"https:\\\/\\\/iberoo.com\\\/producto\\\/arroz-bomba-sos-1kg\\\/\",\"name\":\"Arroz Bomba SOS 1kg - Iberoo\",\"isPartOf\":{\"@id\":\"https:\\\/\\\/iberoo.com\\\/#website\"},\"primaryImageOfPage\":{\"@id\":\"https:\\\/\\\/iberoo.com\\\/producto\\\/arroz-bomba-sos-1kg\\\/#primaryimage\"},\"image\":{\"@id\":\"https:\\\/\\\/iberoo.com\\\/producto\\\/arroz-bomba-sos-1kg\\\/#primaryimage\"},\"thumbnailUrl\":\"https:\\\/\\\/iberoo.com\\\/wp-content\\\/uploads\\\/2025\\\/11\\\/arroz-bomba-sos-1.webp\",\"datePublished\":\"2025-11-14T22:55:56+00:00\",\"dateModified\":\"2026-04-04T20:01:43+00:00\",\"description\":\"El slogan de la marca SOS es que \\\"si es SOS, es bueno\\\", y no mienten. Su arroz bomba es de una calidad excepcional sobre todo para paella.\",\"breadcrumb\":{\"@id\":\"https:\\\/\\\/iberoo.com\\\/producto\\\/arroz-bomba-sos-1kg\\\/#breadcrumb\"},\"inLanguage\":\"de\",\"potentialAction\":[{\"@type\":\"ReadAction\",\"target\":[\"https:\\\/\\\/iberoo.com\\\/producto\\\/arroz-bomba-sos-1kg\\\/\"]}]},{\"@type\":\"ImageObject\",\"inLanguage\":\"de\",\"@id\":\"https:\\\/\\\/iberoo.com\\\/producto\\\/arroz-bomba-sos-1kg\\\/#primaryimage\",\"url\":\"https:\\\/\\\/iberoo.com\\\/wp-content\\\/uploads\\\/2025\\\/11\\\/arroz-bomba-sos-1.webp\",\"contentUrl\":\"https:\\\/\\\/iberoo.com\\\/wp-content\\\/uploads\\\/2025\\\/11\\\/arroz-bomba-sos-1.webp\",\"width\":1500,\"height\":1500,\"caption\":\"Arroz Bomba SOS\"},{\"@type\":\"BreadcrumbList\",\"@id\":\"https:\\\/\\\/iberoo.com\\\/producto\\\/arroz-bomba-sos-1kg\\\/#breadcrumb\",\"itemListElement\":[{\"@type\":\"ListItem\",\"position\":1,\"name\":\"Portada\",\"item\":\"https:\\\/\\\/iberoo.com\\\/\"},{\"@type\":\"ListItem\",\"position\":2,\"name\":\"Tienda Online\",\"item\":\"https:\\\/\\\/iberoo.com\\\/tienda\\\/\"},{\"@type\":\"ListItem\",\"position\":3,\"name\":\"Arroz Bomba SOS 1kg\"}]},{\"@type\":\"WebSite\",\"@id\":\"https:\\\/\\\/iberoo.com\\\/#website\",\"url\":\"https:\\\/\\\/iberoo.com\\\/\",\"name\":\"Iberoo\",\"description\":\"\",\"publisher\":{\"@id\":\"https:\\\/\\\/iberoo.com\\\/#organization\"},\"potentialAction\":[{\"@type\":\"SearchAction\",\"target\":{\"@type\":\"EntryPoint\",\"urlTemplate\":\"https:\\\/\\\/iberoo.com\\\/?s={search_term_string}\"},\"query-input\":{\"@type\":\"PropertyValueSpecification\",\"valueRequired\":true,\"valueName\":\"search_term_string\"}}],\"inLanguage\":\"de\"},{\"@type\":\"Organization\",\"@id\":\"https:\\\/\\\/iberoo.com\\\/#organization\",\"name\":\"Iberoo\",\"url\":\"https:\\\/\\\/iberoo.com\\\/\",\"logo\":{\"@type\":\"ImageObject\",\"inLanguage\":\"de\",\"@id\":\"https:\\\/\\\/iberoo.com\\\/#\\\/schema\\\/logo\\\/image\\\/\",\"url\":\"https:\\\/\\\/iberoo.com\\\/wp-content\\\/uploads\\\/2025\\\/11\\\/logo-cuadrado.jpg\",\"contentUrl\":\"https:\\\/\\\/iberoo.com\\\/wp-content\\\/uploads\\\/2025\\\/11\\\/logo-cuadrado.jpg\",\"width\":700,\"height\":700,\"caption\":\"Iberoo\"},\"image\":{\"@id\":\"https:\\\/\\\/iberoo.com\\\/#\\\/schema\\\/logo\\\/image\\\/\"}}]}<\/script>\n<meta property=\"product:brand\" content=\"SOS\" \/>\n<meta property=\"product:price:amount\" content=\"10.65\" \/>\n<meta property=\"product:price:currency\" content=\"EUR\" \/>\n<meta property=\"og:availability\" content=\"instock\" \/>\n<meta property=\"product:availability\" content=\"instock\" \/>\n<meta property=\"product:condition\" content=\"new\" \/>\n<!-- \/ Yoast SEO plugin. -->","yoast_head_json":{"title":"Bomba-Reis SOS 1kg - Iberoo","description":"Der Slogan der Marke SOS lautet \u201eWenn es von SOS ist, ist es gut\u201c, und das stimmt. Ihr Bomba-Reis ist von au\u00dfergew\u00f6hnlicher Qualit\u00e4t, insbesondere f\u00fcr Paella.","robots":{"index":"index","follow":"follow","max-snippet":"max-snippet:-1","max-image-preview":"max-image-preview:large","max-video-preview":"max-video-preview:-1"},"canonical":"https:\/\/iberoo.com\/de\/produkt\/bomba-reis-sos-1kg\/","og_locale":"de_DE","og_type":"article","og_title":"Arroz Bomba SOS 1kg - Iberoo","og_description":"El slogan de la marca SOS es que \"si es SOS, es bueno\", y no mienten. Su arroz bomba es de una calidad excepcional sobre todo para paella.","og_url":"https:\/\/iberoo.com\/de\/produkt\/bomba-reis-sos-1kg\/","og_site_name":"Iberoo","article_modified_time":"2026-04-04T20:01:43+00:00","og_image":[{"width":1500,"height":1500,"url":"https:\/\/iberoo.com\/wp-content\/uploads\/2025\/11\/arroz-bomba-sos-1.webp","type":"image\/webp"}],"twitter_card":"summary_large_image","twitter_misc":{"Preis":"10,65&nbsp;&euro;","Verf\u00fcgbarkeit":"Auf Lager"},"schema":{"@context":"https:\/\/schema.org","@graph":[{"@type":"WebPage","@id":"https:\/\/iberoo.com\/producto\/arroz-bomba-sos-1kg\/","url":"https:\/\/iberoo.com\/producto\/arroz-bomba-sos-1kg\/","name":"Bomba-Reis SOS 1kg - Iberoo","isPartOf":{"@id":"https:\/\/iberoo.com\/#website"},"primaryImageOfPage":{"@id":"https:\/\/iberoo.com\/producto\/arroz-bomba-sos-1kg\/#primaryimage"},"image":{"@id":"https:\/\/iberoo.com\/producto\/arroz-bomba-sos-1kg\/#primaryimage"},"thumbnailUrl":"https:\/\/iberoo.com\/wp-content\/uploads\/2025\/11\/arroz-bomba-sos-1.webp","datePublished":"2025-11-14T22:55:56+00:00","dateModified":"2026-04-04T20:01:43+00:00","description":"Der Slogan der Marke SOS lautet \u201eWenn es von SOS ist, ist es gut\u201c, und das stimmt. Ihr Bomba-Reis ist von au\u00dfergew\u00f6hnlicher Qualit\u00e4t, insbesondere f\u00fcr Paella.","breadcrumb":{"@id":"https:\/\/iberoo.com\/producto\/arroz-bomba-sos-1kg\/#breadcrumb"},"inLanguage":"de","potentialAction":[{"@type":"ReadAction","target":["https:\/\/iberoo.com\/producto\/arroz-bomba-sos-1kg\/"]}]},{"@type":"ImageObject","inLanguage":"de","@id":"https:\/\/iberoo.com\/producto\/arroz-bomba-sos-1kg\/#primaryimage","url":"https:\/\/iberoo.com\/wp-content\/uploads\/2025\/11\/arroz-bomba-sos-1.webp","contentUrl":"https:\/\/iberoo.com\/wp-content\/uploads\/2025\/11\/arroz-bomba-sos-1.webp","width":1500,"height":1500,"caption":"Arroz Bomba SOS"},{"@type":"BreadcrumbList","@id":"https:\/\/iberoo.com\/producto\/arroz-bomba-sos-1kg\/#breadcrumb","itemListElement":[{"@type":"ListItem","position":1,"name":"Portada","item":"https:\/\/iberoo.com\/"},{"@type":"ListItem","position":2,"name":"Tienda Online","item":"https:\/\/iberoo.com\/tienda\/"},{"@type":"ListItem","position":3,"name":"Arroz Bomba SOS 1kg"}]},{"@type":"WebSite","@id":"https:\/\/iberoo.com\/#website","url":"https:\/\/iberoo.com\/","name":"Iberoo","description":"","publisher":{"@id":"https:\/\/iberoo.com\/#organization"},"potentialAction":[{"@type":"SearchAction","target":{"@type":"EntryPoint","urlTemplate":"https:\/\/iberoo.com\/?s={search_term_string}"},"query-input":{"@type":"PropertyValueSpecification","valueRequired":true,"valueName":"search_term_string"}}],"inLanguage":"de"},{"@type":"Organization","@id":"https:\/\/iberoo.com\/#organization","name":"Iberoo","url":"https:\/\/iberoo.com\/","logo":{"@type":"ImageObject","inLanguage":"de","@id":"https:\/\/iberoo.com\/#\/schema\/logo\/image\/","url":"https:\/\/iberoo.com\/wp-content\/uploads\/2025\/11\/logo-cuadrado.jpg","contentUrl":"https:\/\/iberoo.com\/wp-content\/uploads\/2025\/11\/logo-cuadrado.jpg","width":700,"height":700,"caption":"Iberoo"},"image":{"@id":"https:\/\/iberoo.com\/#\/schema\/logo\/image\/"}}]},"product_brand":"SOS","product_price_amount":"10.65","product_price_currency":"EUR","og_availability":"instock","product_availability":"instock","product_condition":"new"},"_links":{"self":[{"href":"https:\/\/iberoo.com\/de\/wp-json\/wp\/v2\/product\/799","targetHints":{"allow":["GET"]}}],"collection":[{"href":"https:\/\/iberoo.com\/de\/wp-json\/wp\/v2\/product"}],"about":[{"href":"https:\/\/iberoo.com\/de\/wp-json\/wp\/v2\/types\/product"}],"replies":[{"embeddable":true,"href":"https:\/\/iberoo.com\/de\/wp-json\/wp\/v2\/comments?post=799"}],"wp:featuredmedia":[{"embeddable":true,"href":"https:\/\/iberoo.com\/de\/wp-json\/wp\/v2\/media\/828"}],"wp:attachment":[{"href":"https:\/\/iberoo.com\/de\/wp-json\/wp\/v2\/media?parent=799"}],"wp:term":[{"taxonomy":"product_brand","embeddable":true,"href":"https:\/\/iberoo.com\/de\/wp-json\/wp\/v2\/product_brand?post=799"},{"taxonomy":"product_cat","embeddable":true,"href":"https:\/\/iberoo.com\/de\/wp-json\/wp\/v2\/product_cat?post=799"},{"taxonomy":"product_tag","embeddable":true,"href":"https:\/\/iberoo.com\/de\/wp-json\/wp\/v2\/product_tag?post=799"}],"curies":[{"name":"wp","href":"https:\/\/api.w.org\/{rel}","templated":true}]}}