{"id":800,"date":"2025-11-14T23:55:56","date_gmt":"2025-11-14T22:55:56","guid":{"rendered":"https:\/\/iberoo.com\/?post_type=product&#038;p=800"},"modified":"2026-04-04T22:02:47","modified_gmt":"2026-04-04T20:02:47","slug":"langkornreis-sos-1kg","status":"publish","type":"product","link":"https:\/\/iberoo.com\/de\/produkt\/langkornreis-sos-1kg\/","title":{"rendered":"Langkornreis SOS 1kg"},"content":{"rendered":"<p>SOS Langkornreis ist der klassische Reis, der in keinem Vorratsschrank fehlen sollte. Dank seiner langen K\u00f6rner und der lockeren Konsistenz eignet er sich ideal f\u00fcr eine Vielzahl von Gerichten, von einfachen bis hin zu aufwendigen Kreationen. Seine lockere, fluffige Kornform macht ihn zur perfekten Beilage f\u00fcr Eint\u00f6pfe, zur Zubereitung frischer Salate oder auch als Basis f\u00fcr Paella oder Reisaufl\u00e4ufe. Mit SOS genie\u00dfen Sie jedes Gericht in der Qualit\u00e4t und mit dem Geschmack, den nur eine vertrauensw\u00fcrdige Marke bieten kann.<\/p>\n<p>Dieser Reis zeichnet sich dadurch aus, dass er beim Kochen seine Form beh\u00e4lt und nicht verklumpt. So wird jedes einzelne Korn perfekt gegart und bleibt locker. Er ist au\u00dferdem einfach zuzubereiten und ideal f\u00fcr alle, die in kurzer Zeit ein k\u00f6stliches Ergebnis erzielen m\u00f6chten. Ob Sie ihn in der Pfanne, im Topf oder im Reiskocher zubereiten \u2013 Sie erhalten immer perfekt gekochten Reis, der Ihre Lieblingsrezepte perfekt erg\u00e4nzt.<\/p>\n<p>SOS Langkornreis ist ein vielseitiger Reis, der sich ideal f\u00fcr alle m\u00f6glichen Kombinationen eignet. Ob in herzhaften Gerichten wie Eint\u00f6pfen oder Reis mit Gem\u00fcse oder in s\u00fc\u00dfen Rezepten wie Milchreis \u2013 sein milder und nat\u00fcrlicher Geschmack harmoniert stets mit den Zutaten, die Sie damit zubereiten.<\/p>\n<p>Mit SOS Langkornreis entscheiden Sie sich f\u00fcr ein hochwertiges Produkt, das mit dem Anspruch angebaut wird, Ihnen nur das Beste aus der Region zu bieten. Dieser Reis eignet sich perfekt f\u00fcr alle Ihre t\u00e4glichen Mahlzeiten und garantiert Geschmack, Textur und vor allem Frische.<\/p>","protected":false},"excerpt":{"rendered":"<p>Der Slogan der Marke SOS lautet \u201eWenn es von SOS ist, ist es gut\u201c, und das stimmt. Ihr Reis, wie dieser Langkornreis, ist von au\u00dfergew\u00f6hnlicher Qualit\u00e4t, insbesondere f\u00fcr Paella.<\/p>","protected":false},"featured_media":829,"comment_status":"closed","ping_status":"closed","template":"","meta":[],"product_brand":[85],"product_cat":[84],"product_tag":[],"class_list":{"0":"post-800","1":"product","2":"type-product","3":"status-publish","4":"has-post-thumbnail","6":"product_brand-sos","7":"product_cat-arroz","9":"first","10":"instock","11":"shipping-taxable","12":"purchasable","13":"product-type-simple"},"yoast_head":"<!-- This site is optimized with the Yoast SEO plugin v27.3 - https:\/\/yoast.com\/product\/yoast-seo-wordpress\/ -->\n<title>Arroz Largo SOS 1kg - Iberoo<\/title>\n<meta name=\"description\" content=\"El slogan de la marca SOS es que &quot;si es SOS, es bueno&quot;, y no mienten. Sus arroces, son de una calidad excepcional, sobre todo para paella.\" \/>\n<meta name=\"robots\" content=\"index, follow, max-snippet:-1, max-image-preview:large, max-video-preview:-1\" \/>\n<link rel=\"canonical\" href=\"https:\/\/iberoo.com\/de\/produkt\/langkornreis-sos-1kg\/\" \/>\n<meta property=\"og:locale\" content=\"de_DE\" \/>\n<meta property=\"og:type\" content=\"article\" \/>\n<meta property=\"og:title\" content=\"Arroz Largo SOS 1kg - Iberoo\" \/>\n<meta property=\"og:description\" content=\"El slogan de la marca SOS es que &quot;si es SOS, es bueno&quot;, y no mienten. Sus arroces, son de una calidad excepcional, sobre todo para paella.\" \/>\n<meta property=\"og:url\" content=\"https:\/\/iberoo.com\/de\/produkt\/langkornreis-sos-1kg\/\" \/>\n<meta property=\"og:site_name\" content=\"Iberoo\" \/>\n<meta property=\"article:modified_time\" content=\"2026-04-04T20:02:47+00:00\" \/>\n<meta property=\"og:image\" content=\"https:\/\/iberoo.com\/wp-content\/uploads\/2025\/11\/arroz-largo-sos-1.jpg\" \/>\n\t<meta property=\"og:image:width\" content=\"1500\" \/>\n\t<meta property=\"og:image:height\" content=\"1500\" \/>\n\t<meta property=\"og:image:type\" content=\"image\/jpeg\" \/>\n<meta name=\"twitter:card\" content=\"summary_large_image\" \/>\n<meta name=\"twitter:label1\" content=\"Preis\" \/>\n\t<meta name=\"twitter:data1\" content=\"4,10&nbsp;&euro;\" \/>\n\t<meta name=\"twitter:label2\" content=\"Verf\u00fcgbarkeit\" \/>\n\t<meta name=\"twitter:data2\" content=\"Auf Lager\" \/>\n<script type=\"application\/ld+json\" class=\"yoast-schema-graph\">{\"@context\":\"https:\\\/\\\/schema.org\",\"@graph\":[{\"@type\":\"WebPage\",\"@id\":\"https:\\\/\\\/iberoo.com\\\/producto\\\/arroz-largo-sos-1kg\\\/\",\"url\":\"https:\\\/\\\/iberoo.com\\\/producto\\\/arroz-largo-sos-1kg\\\/\",\"name\":\"Arroz Largo SOS 1kg - Iberoo\",\"isPartOf\":{\"@id\":\"https:\\\/\\\/iberoo.com\\\/#website\"},\"primaryImageOfPage\":{\"@id\":\"https:\\\/\\\/iberoo.com\\\/producto\\\/arroz-largo-sos-1kg\\\/#primaryimage\"},\"image\":{\"@id\":\"https:\\\/\\\/iberoo.com\\\/producto\\\/arroz-largo-sos-1kg\\\/#primaryimage\"},\"thumbnailUrl\":\"https:\\\/\\\/iberoo.com\\\/wp-content\\\/uploads\\\/2025\\\/11\\\/arroz-largo-sos-1.jpg\",\"datePublished\":\"2025-11-14T22:55:56+00:00\",\"dateModified\":\"2026-04-04T20:02:47+00:00\",\"description\":\"El slogan de la marca SOS es que \\\"si es SOS, es bueno\\\", y no mienten. Sus arroces, son de una calidad excepcional, sobre todo para paella.\",\"breadcrumb\":{\"@id\":\"https:\\\/\\\/iberoo.com\\\/producto\\\/arroz-largo-sos-1kg\\\/#breadcrumb\"},\"inLanguage\":\"de\",\"potentialAction\":[{\"@type\":\"ReadAction\",\"target\":[\"https:\\\/\\\/iberoo.com\\\/producto\\\/arroz-largo-sos-1kg\\\/\"]}]},{\"@type\":\"ImageObject\",\"inLanguage\":\"de\",\"@id\":\"https:\\\/\\\/iberoo.com\\\/producto\\\/arroz-largo-sos-1kg\\\/#primaryimage\",\"url\":\"https:\\\/\\\/iberoo.com\\\/wp-content\\\/uploads\\\/2025\\\/11\\\/arroz-largo-sos-1.jpg\",\"contentUrl\":\"https:\\\/\\\/iberoo.com\\\/wp-content\\\/uploads\\\/2025\\\/11\\\/arroz-largo-sos-1.jpg\",\"width\":1500,\"height\":1500,\"caption\":\"Arroz Largo SOS\"},{\"@type\":\"BreadcrumbList\",\"@id\":\"https:\\\/\\\/iberoo.com\\\/producto\\\/arroz-largo-sos-1kg\\\/#breadcrumb\",\"itemListElement\":[{\"@type\":\"ListItem\",\"position\":1,\"name\":\"Portada\",\"item\":\"https:\\\/\\\/iberoo.com\\\/\"},{\"@type\":\"ListItem\",\"position\":2,\"name\":\"Tienda Online\",\"item\":\"https:\\\/\\\/iberoo.com\\\/tienda\\\/\"},{\"@type\":\"ListItem\",\"position\":3,\"name\":\"Arroz Largo SOS 1kg\"}]},{\"@type\":\"WebSite\",\"@id\":\"https:\\\/\\\/iberoo.com\\\/#website\",\"url\":\"https:\\\/\\\/iberoo.com\\\/\",\"name\":\"Iberoo\",\"description\":\"\",\"publisher\":{\"@id\":\"https:\\\/\\\/iberoo.com\\\/#organization\"},\"potentialAction\":[{\"@type\":\"SearchAction\",\"target\":{\"@type\":\"EntryPoint\",\"urlTemplate\":\"https:\\\/\\\/iberoo.com\\\/?s={search_term_string}\"},\"query-input\":{\"@type\":\"PropertyValueSpecification\",\"valueRequired\":true,\"valueName\":\"search_term_string\"}}],\"inLanguage\":\"de\"},{\"@type\":\"Organization\",\"@id\":\"https:\\\/\\\/iberoo.com\\\/#organization\",\"name\":\"Iberoo\",\"url\":\"https:\\\/\\\/iberoo.com\\\/\",\"logo\":{\"@type\":\"ImageObject\",\"inLanguage\":\"de\",\"@id\":\"https:\\\/\\\/iberoo.com\\\/#\\\/schema\\\/logo\\\/image\\\/\",\"url\":\"https:\\\/\\\/iberoo.com\\\/wp-content\\\/uploads\\\/2025\\\/11\\\/logo-cuadrado.jpg\",\"contentUrl\":\"https:\\\/\\\/iberoo.com\\\/wp-content\\\/uploads\\\/2025\\\/11\\\/logo-cuadrado.jpg\",\"width\":700,\"height\":700,\"caption\":\"Iberoo\"},\"image\":{\"@id\":\"https:\\\/\\\/iberoo.com\\\/#\\\/schema\\\/logo\\\/image\\\/\"}}]}<\/script>\n<meta property=\"product:brand\" content=\"SOS\" \/>\n<meta property=\"product:price:amount\" content=\"4.10\" \/>\n<meta property=\"product:price:currency\" content=\"EUR\" \/>\n<meta property=\"og:availability\" content=\"instock\" \/>\n<meta property=\"product:availability\" content=\"instock\" \/>\n<meta property=\"product:condition\" content=\"new\" \/>\n<!-- \/ Yoast SEO plugin. -->","yoast_head_json":{"title":"Langkornreis SOS 1kg - Iberoo","description":"Der Slogan der Marke SOS lautet \u201eWenn es von SOS ist, ist es gut\u201c, und das stimmt. Ihr Reis ist von au\u00dfergew\u00f6hnlicher Qualit\u00e4t, insbesondere f\u00fcr Paella.","robots":{"index":"index","follow":"follow","max-snippet":"max-snippet:-1","max-image-preview":"max-image-preview:large","max-video-preview":"max-video-preview:-1"},"canonical":"https:\/\/iberoo.com\/de\/produkt\/langkornreis-sos-1kg\/","og_locale":"de_DE","og_type":"article","og_title":"Arroz Largo SOS 1kg - Iberoo","og_description":"El slogan de la marca SOS es que \"si es SOS, es bueno\", y no mienten. Sus arroces, son de una calidad excepcional, sobre todo para paella.","og_url":"https:\/\/iberoo.com\/de\/produkt\/langkornreis-sos-1kg\/","og_site_name":"Iberoo","article_modified_time":"2026-04-04T20:02:47+00:00","og_image":[{"width":1500,"height":1500,"url":"https:\/\/iberoo.com\/wp-content\/uploads\/2025\/11\/arroz-largo-sos-1.jpg","type":"image\/jpeg"}],"twitter_card":"summary_large_image","twitter_misc":{"Preis":"4,10&nbsp;&euro;","Verf\u00fcgbarkeit":"Auf Lager"},"schema":{"@context":"https:\/\/schema.org","@graph":[{"@type":"WebPage","@id":"https:\/\/iberoo.com\/producto\/arroz-largo-sos-1kg\/","url":"https:\/\/iberoo.com\/producto\/arroz-largo-sos-1kg\/","name":"Langkornreis SOS 1kg - Iberoo","isPartOf":{"@id":"https:\/\/iberoo.com\/#website"},"primaryImageOfPage":{"@id":"https:\/\/iberoo.com\/producto\/arroz-largo-sos-1kg\/#primaryimage"},"image":{"@id":"https:\/\/iberoo.com\/producto\/arroz-largo-sos-1kg\/#primaryimage"},"thumbnailUrl":"https:\/\/iberoo.com\/wp-content\/uploads\/2025\/11\/arroz-largo-sos-1.jpg","datePublished":"2025-11-14T22:55:56+00:00","dateModified":"2026-04-04T20:02:47+00:00","description":"Der Slogan der Marke SOS lautet \u201eWenn es von SOS ist, ist es gut\u201c, und das stimmt. Ihr Reis ist von au\u00dfergew\u00f6hnlicher Qualit\u00e4t, insbesondere f\u00fcr Paella.","breadcrumb":{"@id":"https:\/\/iberoo.com\/producto\/arroz-largo-sos-1kg\/#breadcrumb"},"inLanguage":"de","potentialAction":[{"@type":"ReadAction","target":["https:\/\/iberoo.com\/producto\/arroz-largo-sos-1kg\/"]}]},{"@type":"ImageObject","inLanguage":"de","@id":"https:\/\/iberoo.com\/producto\/arroz-largo-sos-1kg\/#primaryimage","url":"https:\/\/iberoo.com\/wp-content\/uploads\/2025\/11\/arroz-largo-sos-1.jpg","contentUrl":"https:\/\/iberoo.com\/wp-content\/uploads\/2025\/11\/arroz-largo-sos-1.jpg","width":1500,"height":1500,"caption":"Arroz Largo SOS"},{"@type":"BreadcrumbList","@id":"https:\/\/iberoo.com\/producto\/arroz-largo-sos-1kg\/#breadcrumb","itemListElement":[{"@type":"ListItem","position":1,"name":"Portada","item":"https:\/\/iberoo.com\/"},{"@type":"ListItem","position":2,"name":"Tienda Online","item":"https:\/\/iberoo.com\/tienda\/"},{"@type":"ListItem","position":3,"name":"Arroz Largo SOS 1kg"}]},{"@type":"WebSite","@id":"https:\/\/iberoo.com\/#website","url":"https:\/\/iberoo.com\/","name":"Iberoo","description":"","publisher":{"@id":"https:\/\/iberoo.com\/#organization"},"potentialAction":[{"@type":"SearchAction","target":{"@type":"EntryPoint","urlTemplate":"https:\/\/iberoo.com\/?s={search_term_string}"},"query-input":{"@type":"PropertyValueSpecification","valueRequired":true,"valueName":"search_term_string"}}],"inLanguage":"de"},{"@type":"Organization","@id":"https:\/\/iberoo.com\/#organization","name":"Iberoo","url":"https:\/\/iberoo.com\/","logo":{"@type":"ImageObject","inLanguage":"de","@id":"https:\/\/iberoo.com\/#\/schema\/logo\/image\/","url":"https:\/\/iberoo.com\/wp-content\/uploads\/2025\/11\/logo-cuadrado.jpg","contentUrl":"https:\/\/iberoo.com\/wp-content\/uploads\/2025\/11\/logo-cuadrado.jpg","width":700,"height":700,"caption":"Iberoo"},"image":{"@id":"https:\/\/iberoo.com\/#\/schema\/logo\/image\/"}}]},"product_brand":"SOS","product_price_amount":"4.10","product_price_currency":"EUR","og_availability":"instock","product_availability":"instock","product_condition":"new"},"_links":{"self":[{"href":"https:\/\/iberoo.com\/de\/wp-json\/wp\/v2\/product\/800","targetHints":{"allow":["GET"]}}],"collection":[{"href":"https:\/\/iberoo.com\/de\/wp-json\/wp\/v2\/product"}],"about":[{"href":"https:\/\/iberoo.com\/de\/wp-json\/wp\/v2\/types\/product"}],"replies":[{"embeddable":true,"href":"https:\/\/iberoo.com\/de\/wp-json\/wp\/v2\/comments?post=800"}],"wp:featuredmedia":[{"embeddable":true,"href":"https:\/\/iberoo.com\/de\/wp-json\/wp\/v2\/media\/829"}],"wp:attachment":[{"href":"https:\/\/iberoo.com\/de\/wp-json\/wp\/v2\/media?parent=800"}],"wp:term":[{"taxonomy":"product_brand","embeddable":true,"href":"https:\/\/iberoo.com\/de\/wp-json\/wp\/v2\/product_brand?post=800"},{"taxonomy":"product_cat","embeddable":true,"href":"https:\/\/iberoo.com\/de\/wp-json\/wp\/v2\/product_cat?post=800"},{"taxonomy":"product_tag","embeddable":true,"href":"https:\/\/iberoo.com\/de\/wp-json\/wp\/v2\/product_tag?post=800"}],"curies":[{"name":"wp","href":"https:\/\/api.w.org\/{rel}","templated":true}]}}