{"id":801,"date":"2025-11-14T23:55:56","date_gmt":"2025-11-14T22:55:56","guid":{"rendered":"https:\/\/iberoo.com\/?post_type=product&#038;p=801"},"modified":"2026-04-04T22:02:59","modified_gmt":"2026-04-04T20:02:59","slug":"risottoreis-sos-500g","status":"publish","type":"product","link":"https:\/\/iberoo.com\/de\/produkt\/risottoreis-sos-500g\/","title":{"rendered":"Risottoreis SOS 500g"},"content":{"rendered":"<p>SOS Spezial-Risottoreis ist der Schl\u00fcssel zu einem cremigen, aromatischen Risotto mit der perfekten Konsistenz, die wir alle lieben. Dieser speziell f\u00fcr Risotto ausgew\u00e4hlte Reis besitzt die einzigartige F\u00e4higkeit, die Aromen der Br\u00fche aufzunehmen und gleichzeitig seine St\u00e4rke abzugeben. So entsteht die geschmeidige, cremige Konsistenz, die die besten Risottos auszeichnet. Sein kurzes, rundes Korn sorgt f\u00fcr gleichm\u00e4\u00dfiges Garen ohne an Biss zu verlieren und garantiert so ein k\u00f6stliches Geschmackserlebnis bei jedem Bissen.<\/p>\n<p>Wenn Sie die italienische K\u00fcche lieben, k\u00f6nnen Sie mit diesem Reis authentische und raffinierte Gerichte zubereiten \u2013 vom klassischen Pilzrisotto bis hin zu Meeresfr\u00fcchte- oder Gem\u00fcserisotto. Dank seiner perfekten Konsistenz gelingt Ihnen mit SOS-Reis das ideale \u201eal dente\u201c Ergebnis: Jedes Korn ist einzeln und dennoch von seinem cremigen Geschmack umh\u00fcllt. Und das Beste: Er ist kinderleicht zuzubereiten, sodass Sie ganz unkompliziert ein k\u00f6stliches Risotto genie\u00dfen k\u00f6nnen.<\/p>\n<p>Der SOS Spezial-Risottoreis zeichnet sich durch seine hohe Qualit\u00e4t aus \u2013 ein Markenzeichen der Marke SOS, die seit \u00fcber 50 Jahren f\u00fcr exzellente Produkte steht. Mit diesem Reis wird jedes Risotto zu einem einzigartigen Genuss, den Sie mit Ihren Liebsten teilen k\u00f6nnen.<\/p>\n<p>Wenn Sie f\u00fcr Ihr Risotto nur das Beste suchen, dann sind Sie hier genau richtig: SOS Spezial-Risottoreis ist die perfekte Wahl f\u00fcr ein Gericht voller Geschmack, perfekter Textur und idealer Cremigkeit. Machen Sie jede Mahlzeit zu einem besonderen Genuss!<\/p>","protected":false},"excerpt":{"rendered":"<p>Der Slogan der Marke SOS lautet \u201eWenn es von SOS ist, ist es gut\u201c, und das stimmt. Ihr Reis, wie beispielsweise dieser Risottoreis, ist von au\u00dfergew\u00f6hnlicher Qualit\u00e4t.<\/p>","protected":false},"featured_media":830,"comment_status":"closed","ping_status":"closed","template":"","meta":[],"product_brand":[85],"product_cat":[84],"product_tag":[],"class_list":{"0":"post-801","1":"product","2":"type-product","3":"status-publish","4":"has-post-thumbnail","6":"product_brand-sos","7":"product_cat-arroz","9":"first","10":"instock","11":"shipping-taxable","12":"purchasable","13":"product-type-simple"},"yoast_head":"<!-- This site is optimized with the Yoast SEO plugin v27.3 - https:\/\/yoast.com\/product\/yoast-seo-wordpress\/ -->\n<title>Arroz Risotto SOS 500g - Iberoo<\/title>\n<meta name=\"description\" content=\"El slogan de la marca SOS es que &quot;si es SOS, es bueno&quot;, y no mienten. Sus arroces, como este arroz para risotto, son de una calidad excepcional.\" \/>\n<meta name=\"robots\" content=\"index, follow, max-snippet:-1, max-image-preview:large, max-video-preview:-1\" \/>\n<link rel=\"canonical\" href=\"https:\/\/iberoo.com\/de\/produkt\/risottoreis-sos-500g\/\" \/>\n<meta property=\"og:locale\" content=\"de_DE\" \/>\n<meta property=\"og:type\" content=\"article\" \/>\n<meta property=\"og:title\" content=\"Arroz Risotto SOS 500g - Iberoo\" \/>\n<meta property=\"og:description\" content=\"El slogan de la marca SOS es que &quot;si es SOS, es bueno&quot;, y no mienten. Sus arroces, como este arroz para risotto, son de una calidad excepcional.\" \/>\n<meta property=\"og:url\" content=\"https:\/\/iberoo.com\/de\/produkt\/risottoreis-sos-500g\/\" \/>\n<meta property=\"og:site_name\" content=\"Iberoo\" \/>\n<meta property=\"article:modified_time\" content=\"2026-04-04T20:02:59+00:00\" \/>\n<meta property=\"og:image\" content=\"https:\/\/iberoo.com\/wp-content\/uploads\/2025\/11\/arroz-risotto-sos-1.jpg\" \/>\n\t<meta property=\"og:image:width\" content=\"1500\" \/>\n\t<meta property=\"og:image:height\" content=\"1500\" \/>\n\t<meta property=\"og:image:type\" content=\"image\/jpeg\" \/>\n<meta name=\"twitter:card\" content=\"summary_large_image\" \/>\n<meta name=\"twitter:label1\" content=\"Preis\" \/>\n\t<meta name=\"twitter:data1\" content=\"2,90&nbsp;&euro;\" \/>\n\t<meta name=\"twitter:label2\" content=\"Verf\u00fcgbarkeit\" \/>\n\t<meta name=\"twitter:data2\" content=\"Auf Lager\" \/>\n<script type=\"application\/ld+json\" class=\"yoast-schema-graph\">{\"@context\":\"https:\\\/\\\/schema.org\",\"@graph\":[{\"@type\":\"WebPage\",\"@id\":\"https:\\\/\\\/iberoo.com\\\/producto\\\/arroz-risotto-sos-500g\\\/\",\"url\":\"https:\\\/\\\/iberoo.com\\\/producto\\\/arroz-risotto-sos-500g\\\/\",\"name\":\"Arroz Risotto SOS 500g - Iberoo\",\"isPartOf\":{\"@id\":\"https:\\\/\\\/iberoo.com\\\/#website\"},\"primaryImageOfPage\":{\"@id\":\"https:\\\/\\\/iberoo.com\\\/producto\\\/arroz-risotto-sos-500g\\\/#primaryimage\"},\"image\":{\"@id\":\"https:\\\/\\\/iberoo.com\\\/producto\\\/arroz-risotto-sos-500g\\\/#primaryimage\"},\"thumbnailUrl\":\"https:\\\/\\\/iberoo.com\\\/wp-content\\\/uploads\\\/2025\\\/11\\\/arroz-risotto-sos-1.jpg\",\"datePublished\":\"2025-11-14T22:55:56+00:00\",\"dateModified\":\"2026-04-04T20:02:59+00:00\",\"description\":\"El slogan de la marca SOS es que \\\"si es SOS, es bueno\\\", y no mienten. Sus arroces, como este arroz para risotto, son de una calidad excepcional.\",\"breadcrumb\":{\"@id\":\"https:\\\/\\\/iberoo.com\\\/producto\\\/arroz-risotto-sos-500g\\\/#breadcrumb\"},\"inLanguage\":\"de\",\"potentialAction\":[{\"@type\":\"ReadAction\",\"target\":[\"https:\\\/\\\/iberoo.com\\\/producto\\\/arroz-risotto-sos-500g\\\/\"]}]},{\"@type\":\"ImageObject\",\"inLanguage\":\"de\",\"@id\":\"https:\\\/\\\/iberoo.com\\\/producto\\\/arroz-risotto-sos-500g\\\/#primaryimage\",\"url\":\"https:\\\/\\\/iberoo.com\\\/wp-content\\\/uploads\\\/2025\\\/11\\\/arroz-risotto-sos-1.jpg\",\"contentUrl\":\"https:\\\/\\\/iberoo.com\\\/wp-content\\\/uploads\\\/2025\\\/11\\\/arroz-risotto-sos-1.jpg\",\"width\":1500,\"height\":1500,\"caption\":\"Arroz Risotto SOS\"},{\"@type\":\"BreadcrumbList\",\"@id\":\"https:\\\/\\\/iberoo.com\\\/producto\\\/arroz-risotto-sos-500g\\\/#breadcrumb\",\"itemListElement\":[{\"@type\":\"ListItem\",\"position\":1,\"name\":\"Portada\",\"item\":\"https:\\\/\\\/iberoo.com\\\/\"},{\"@type\":\"ListItem\",\"position\":2,\"name\":\"Tienda Online\",\"item\":\"https:\\\/\\\/iberoo.com\\\/tienda\\\/\"},{\"@type\":\"ListItem\",\"position\":3,\"name\":\"Arroz Risotto SOS 500g\"}]},{\"@type\":\"WebSite\",\"@id\":\"https:\\\/\\\/iberoo.com\\\/#website\",\"url\":\"https:\\\/\\\/iberoo.com\\\/\",\"name\":\"Iberoo\",\"description\":\"\",\"publisher\":{\"@id\":\"https:\\\/\\\/iberoo.com\\\/#organization\"},\"potentialAction\":[{\"@type\":\"SearchAction\",\"target\":{\"@type\":\"EntryPoint\",\"urlTemplate\":\"https:\\\/\\\/iberoo.com\\\/?s={search_term_string}\"},\"query-input\":{\"@type\":\"PropertyValueSpecification\",\"valueRequired\":true,\"valueName\":\"search_term_string\"}}],\"inLanguage\":\"de\"},{\"@type\":\"Organization\",\"@id\":\"https:\\\/\\\/iberoo.com\\\/#organization\",\"name\":\"Iberoo\",\"url\":\"https:\\\/\\\/iberoo.com\\\/\",\"logo\":{\"@type\":\"ImageObject\",\"inLanguage\":\"de\",\"@id\":\"https:\\\/\\\/iberoo.com\\\/#\\\/schema\\\/logo\\\/image\\\/\",\"url\":\"https:\\\/\\\/iberoo.com\\\/wp-content\\\/uploads\\\/2025\\\/11\\\/logo-cuadrado.jpg\",\"contentUrl\":\"https:\\\/\\\/iberoo.com\\\/wp-content\\\/uploads\\\/2025\\\/11\\\/logo-cuadrado.jpg\",\"width\":700,\"height\":700,\"caption\":\"Iberoo\"},\"image\":{\"@id\":\"https:\\\/\\\/iberoo.com\\\/#\\\/schema\\\/logo\\\/image\\\/\"}}]}<\/script>\n<meta property=\"product:brand\" content=\"SOS\" \/>\n<meta property=\"product:price:amount\" content=\"2.90\" \/>\n<meta property=\"product:price:currency\" content=\"EUR\" \/>\n<meta property=\"og:availability\" content=\"instock\" \/>\n<meta property=\"product:availability\" content=\"instock\" \/>\n<meta property=\"product:condition\" content=\"new\" \/>\n<!-- \/ Yoast SEO plugin. -->","yoast_head_json":{"title":"Risottoreis SOS 500g - Iberoo","description":"Der Slogan der Marke SOS lautet \u201eWenn es von SOS ist, ist es gut\u201c, und das stimmt. Ihr Reis, wie beispielsweise dieser Risottoreis, ist von au\u00dfergew\u00f6hnlicher Qualit\u00e4t.","robots":{"index":"index","follow":"follow","max-snippet":"max-snippet:-1","max-image-preview":"max-image-preview:large","max-video-preview":"max-video-preview:-1"},"canonical":"https:\/\/iberoo.com\/de\/produkt\/risottoreis-sos-500g\/","og_locale":"de_DE","og_type":"article","og_title":"Arroz Risotto SOS 500g - Iberoo","og_description":"El slogan de la marca SOS es que \"si es SOS, es bueno\", y no mienten. Sus arroces, como este arroz para risotto, son de una calidad excepcional.","og_url":"https:\/\/iberoo.com\/de\/produkt\/risottoreis-sos-500g\/","og_site_name":"Iberoo","article_modified_time":"2026-04-04T20:02:59+00:00","og_image":[{"width":1500,"height":1500,"url":"https:\/\/iberoo.com\/wp-content\/uploads\/2025\/11\/arroz-risotto-sos-1.jpg","type":"image\/jpeg"}],"twitter_card":"summary_large_image","twitter_misc":{"Preis":"2,90&nbsp;&euro;","Verf\u00fcgbarkeit":"Auf Lager"},"schema":{"@context":"https:\/\/schema.org","@graph":[{"@type":"WebPage","@id":"https:\/\/iberoo.com\/producto\/arroz-risotto-sos-500g\/","url":"https:\/\/iberoo.com\/producto\/arroz-risotto-sos-500g\/","name":"Risottoreis SOS 500g - Iberoo","isPartOf":{"@id":"https:\/\/iberoo.com\/#website"},"primaryImageOfPage":{"@id":"https:\/\/iberoo.com\/producto\/arroz-risotto-sos-500g\/#primaryimage"},"image":{"@id":"https:\/\/iberoo.com\/producto\/arroz-risotto-sos-500g\/#primaryimage"},"thumbnailUrl":"https:\/\/iberoo.com\/wp-content\/uploads\/2025\/11\/arroz-risotto-sos-1.jpg","datePublished":"2025-11-14T22:55:56+00:00","dateModified":"2026-04-04T20:02:59+00:00","description":"Der Slogan der Marke SOS lautet \u201eWenn es von SOS ist, ist es gut\u201c, und das stimmt. Ihr Reis, wie beispielsweise dieser Risottoreis, ist von au\u00dfergew\u00f6hnlicher Qualit\u00e4t.","breadcrumb":{"@id":"https:\/\/iberoo.com\/producto\/arroz-risotto-sos-500g\/#breadcrumb"},"inLanguage":"de","potentialAction":[{"@type":"ReadAction","target":["https:\/\/iberoo.com\/producto\/arroz-risotto-sos-500g\/"]}]},{"@type":"ImageObject","inLanguage":"de","@id":"https:\/\/iberoo.com\/producto\/arroz-risotto-sos-500g\/#primaryimage","url":"https:\/\/iberoo.com\/wp-content\/uploads\/2025\/11\/arroz-risotto-sos-1.jpg","contentUrl":"https:\/\/iberoo.com\/wp-content\/uploads\/2025\/11\/arroz-risotto-sos-1.jpg","width":1500,"height":1500,"caption":"Arroz Risotto SOS"},{"@type":"BreadcrumbList","@id":"https:\/\/iberoo.com\/producto\/arroz-risotto-sos-500g\/#breadcrumb","itemListElement":[{"@type":"ListItem","position":1,"name":"Portada","item":"https:\/\/iberoo.com\/"},{"@type":"ListItem","position":2,"name":"Tienda Online","item":"https:\/\/iberoo.com\/tienda\/"},{"@type":"ListItem","position":3,"name":"Arroz Risotto SOS 500g"}]},{"@type":"WebSite","@id":"https:\/\/iberoo.com\/#website","url":"https:\/\/iberoo.com\/","name":"Iberoo","description":"","publisher":{"@id":"https:\/\/iberoo.com\/#organization"},"potentialAction":[{"@type":"SearchAction","target":{"@type":"EntryPoint","urlTemplate":"https:\/\/iberoo.com\/?s={search_term_string}"},"query-input":{"@type":"PropertyValueSpecification","valueRequired":true,"valueName":"search_term_string"}}],"inLanguage":"de"},{"@type":"Organization","@id":"https:\/\/iberoo.com\/#organization","name":"Iberoo","url":"https:\/\/iberoo.com\/","logo":{"@type":"ImageObject","inLanguage":"de","@id":"https:\/\/iberoo.com\/#\/schema\/logo\/image\/","url":"https:\/\/iberoo.com\/wp-content\/uploads\/2025\/11\/logo-cuadrado.jpg","contentUrl":"https:\/\/iberoo.com\/wp-content\/uploads\/2025\/11\/logo-cuadrado.jpg","width":700,"height":700,"caption":"Iberoo"},"image":{"@id":"https:\/\/iberoo.com\/#\/schema\/logo\/image\/"}}]},"product_brand":"SOS","product_price_amount":"2.90","product_price_currency":"EUR","og_availability":"instock","product_availability":"instock","product_condition":"new"},"_links":{"self":[{"href":"https:\/\/iberoo.com\/de\/wp-json\/wp\/v2\/product\/801","targetHints":{"allow":["GET"]}}],"collection":[{"href":"https:\/\/iberoo.com\/de\/wp-json\/wp\/v2\/product"}],"about":[{"href":"https:\/\/iberoo.com\/de\/wp-json\/wp\/v2\/types\/product"}],"replies":[{"embeddable":true,"href":"https:\/\/iberoo.com\/de\/wp-json\/wp\/v2\/comments?post=801"}],"wp:featuredmedia":[{"embeddable":true,"href":"https:\/\/iberoo.com\/de\/wp-json\/wp\/v2\/media\/830"}],"wp:attachment":[{"href":"https:\/\/iberoo.com\/de\/wp-json\/wp\/v2\/media?parent=801"}],"wp:term":[{"taxonomy":"product_brand","embeddable":true,"href":"https:\/\/iberoo.com\/de\/wp-json\/wp\/v2\/product_brand?post=801"},{"taxonomy":"product_cat","embeddable":true,"href":"https:\/\/iberoo.com\/de\/wp-json\/wp\/v2\/product_cat?post=801"},{"taxonomy":"product_tag","embeddable":true,"href":"https:\/\/iberoo.com\/de\/wp-json\/wp\/v2\/product_tag?post=801"}],"curies":[{"name":"wp","href":"https:\/\/api.w.org\/{rel}","templated":true}]}}