{"id":852,"date":"2025-11-14T23:56:19","date_gmt":"2025-11-14T22:56:19","guid":{"rendered":"https:\/\/iberoo.com\/?post_type=product&#038;p=852"},"modified":"2026-04-04T22:08:55","modified_gmt":"2026-04-04T20:08:55","slug":"tintenfisch-in-amerikanischer-sose-albo","status":"publish","type":"product","link":"https:\/\/iberoo.com\/de\/produkt\/tintenfisch-in-amerikanischer-sose-albo\/","title":{"rendered":"Tintenfisch in amerikanischer So\u00dfe"},"content":{"rendered":"<div>Albo Tintenfisch in amerikanischer Sauce ist das perfekte Gericht f\u00fcr alle, die den authentischen Geschmack des Meeres genie\u00dfen und gleichzeitig ein servierfertiges Produkt bevorzugen. Albo, eine Marke, die seit \u00fcber 70 Jahren f\u00fcr hochwertige Produkte steht, garantiert, dass jede Dose die beste Fischereitradition mit genau der richtigen W\u00fcrze und Frische vereint, die ihre Konserven auszeichnet.<\/div>\n<div><\/div>\n<div>In diesem Produkt wird der Tintenfisch in einer reichhaltigen und aromatischen amerikanischen Sauce perfekt gegart. Die Sauce vereint den intensiven Geschmack der Meeresfr\u00fcchte mit einer Mischung aus Gew\u00fcrzen und Tomaten zu einer leichten, aber dennoch charaktervollen Sauce. Albos traditionelles Rezept garantiert, dass jeder Bissen ein wahres Geschmackserlebnis ist, mit einer zarten und saftigen Textur, die auf der Zunge zergeht.<\/div>\n<div><\/div>\n<div>Dieses Gericht ist ideal f\u00fcr alle, die eine schnelle, leckere und nahrhafte Mahlzeit suchen. Es schmeckt pur, mit wei\u00dfem Reis oder als Hauptzutat in Pasta, Salat oder Eintopf. Tintenfisch ist zudem eine hervorragende Quelle f\u00fcr Proteine \u200b\u200bund wichtige Mineralstoffe und somit eine gesunde Wahl f\u00fcr jede Mahlzeit.<\/div>\n<div><\/div>\n<div>Das Beste daran ist, dass Sie mit Albo Tintenfisch in amerikanischer Sauce einen k\u00f6stlichen Snack genie\u00dfen k\u00f6nnen, ohne stundenlang in der K\u00fcche zu stehen. Sie sind in Sekundenschnelle verzehrfertig und somit ideal f\u00fcr ein schnelles Mittag- oder Abendessen, ohne dabei auf Geschmack oder Qualit\u00e4t zu verzichten.<\/div>\n<div><\/div>\n<div>Wenn Sie Meeresfr\u00fcchte lieben und Wert auf zuverl\u00e4ssige Produkte legen, ist Albo Tintenfisch in amerikanischer Sauce die perfekte Wahl. Dank der Albo-Garantie bringt jede Dose den authentischen Geschmack des Meeres auf Ihren Tisch \u2013 mit der Frische und Qualit\u00e4t, die Sie erwarten.<\/div>","protected":false},"excerpt":{"rendered":"<p>Albo Tintenfisch in amerikanischer Sauce, 72-g-Dose mit leicht zu \u00f6ffnendem Deckel. Wenn Sie hochwertigen Tintenfisch in eigener Tinte genie\u00dfen m\u00f6chten, ist dies die beste Wahl.<\/p>","protected":false},"featured_media":880,"comment_status":"open","ping_status":"closed","template":"","meta":[],"product_brand":[88],"product_cat":[76],"product_tag":[],"class_list":{"0":"post-852","1":"product","2":"type-product","3":"status-publish","4":"has-post-thumbnail","6":"product_brand-albo","7":"product_cat-conservas-del-mar","9":"first","10":"instock","11":"shipping-taxable","12":"purchasable","13":"product-type-variable"},"yoast_head":"<!-- This site is optimized with the Yoast SEO plugin v27.3 - https:\/\/yoast.com\/product\/yoast-seo-wordpress\/ -->\n<title>Calamares en Salsa Americana Albo - Iberoo<\/title>\n<meta name=\"description\" content=\"Calamares en Salsa Americana de la marca Albo en lata de 72g con abref\u00e1cil. Si quieres comer calamares en su tinta de calidad esta es tu mejor elecci\u00f3n.\" \/>\n<meta name=\"robots\" content=\"index, follow, max-snippet:-1, max-image-preview:large, max-video-preview:-1\" \/>\n<link rel=\"canonical\" href=\"https:\/\/iberoo.com\/de\/produkt\/tintenfisch-in-amerikanischer-sose-albo\/\" \/>\n<meta property=\"og:locale\" content=\"de_DE\" \/>\n<meta property=\"og:type\" content=\"article\" \/>\n<meta property=\"og:title\" content=\"Calamares en Salsa Americana Albo - Iberoo\" \/>\n<meta property=\"og:description\" content=\"Calamares en Salsa Americana de la marca Albo en lata de 72g con abref\u00e1cil. Si quieres comer calamares en su tinta de calidad esta es tu mejor elecci\u00f3n.\" \/>\n<meta property=\"og:url\" content=\"https:\/\/iberoo.com\/de\/produkt\/tintenfisch-in-amerikanischer-sose-albo\/\" \/>\n<meta property=\"og:site_name\" content=\"Iberoo\" \/>\n<meta property=\"article:modified_time\" content=\"2026-04-04T20:08:55+00:00\" \/>\n<meta property=\"og:image\" content=\"https:\/\/iberoo.com\/wp-content\/uploads\/2025\/11\/calamares-salsa-americana-albo-75g-1.jpg\" \/>\n\t<meta property=\"og:image:width\" content=\"1500\" \/>\n\t<meta property=\"og:image:height\" content=\"1500\" \/>\n\t<meta property=\"og:image:type\" content=\"image\/jpeg\" \/>\n<meta name=\"twitter:card\" content=\"summary_large_image\" \/>\n<meta name=\"twitter:label1\" content=\"Verf\u00fcgbarkeit\" \/>\n\t<meta name=\"twitter:data1\" content=\"Auf Lager\" \/>\n<script type=\"application\/ld+json\" class=\"yoast-schema-graph\">{\"@context\":\"https:\\\/\\\/schema.org\",\"@graph\":[{\"@type\":\"WebPage\",\"@id\":\"https:\\\/\\\/iberoo.com\\\/producto\\\/calamares-en-salsa-americana-albo\\\/\",\"url\":\"https:\\\/\\\/iberoo.com\\\/producto\\\/calamares-en-salsa-americana-albo\\\/\",\"name\":\"Calamares en Salsa Americana Albo - Iberoo\",\"isPartOf\":{\"@id\":\"https:\\\/\\\/iberoo.com\\\/#website\"},\"primaryImageOfPage\":{\"@id\":\"https:\\\/\\\/iberoo.com\\\/producto\\\/calamares-en-salsa-americana-albo\\\/#primaryimage\"},\"image\":{\"@id\":\"https:\\\/\\\/iberoo.com\\\/producto\\\/calamares-en-salsa-americana-albo\\\/#primaryimage\"},\"thumbnailUrl\":\"https:\\\/\\\/iberoo.com\\\/wp-content\\\/uploads\\\/2025\\\/11\\\/calamares-salsa-americana-albo-75g-1.jpg\",\"datePublished\":\"2025-11-14T22:56:19+00:00\",\"dateModified\":\"2026-04-04T20:08:55+00:00\",\"description\":\"Calamares en Salsa Americana de la marca Albo en lata de 72g con abref\u00e1cil. Si quieres comer calamares en su tinta de calidad esta es tu mejor elecci\u00f3n.\",\"breadcrumb\":{\"@id\":\"https:\\\/\\\/iberoo.com\\\/producto\\\/calamares-en-salsa-americana-albo\\\/#breadcrumb\"},\"inLanguage\":\"de\",\"potentialAction\":[{\"@type\":\"ReadAction\",\"target\":[\"https:\\\/\\\/iberoo.com\\\/producto\\\/calamares-en-salsa-americana-albo\\\/\"]}]},{\"@type\":\"ImageObject\",\"inLanguage\":\"de\",\"@id\":\"https:\\\/\\\/iberoo.com\\\/producto\\\/calamares-en-salsa-americana-albo\\\/#primaryimage\",\"url\":\"https:\\\/\\\/iberoo.com\\\/wp-content\\\/uploads\\\/2025\\\/11\\\/calamares-salsa-americana-albo-75g-1.jpg\",\"contentUrl\":\"https:\\\/\\\/iberoo.com\\\/wp-content\\\/uploads\\\/2025\\\/11\\\/calamares-salsa-americana-albo-75g-1.jpg\",\"width\":1500,\"height\":1500,\"caption\":\"Calamares en Salsa Americana Albo\"},{\"@type\":\"BreadcrumbList\",\"@id\":\"https:\\\/\\\/iberoo.com\\\/producto\\\/calamares-en-salsa-americana-albo\\\/#breadcrumb\",\"itemListElement\":[{\"@type\":\"ListItem\",\"position\":1,\"name\":\"Portada\",\"item\":\"https:\\\/\\\/iberoo.com\\\/\"},{\"@type\":\"ListItem\",\"position\":2,\"name\":\"Tienda Online\",\"item\":\"https:\\\/\\\/iberoo.com\\\/tienda\\\/\"},{\"@type\":\"ListItem\",\"position\":3,\"name\":\"Calamares en Salsa Americana Albo\"}]},{\"@type\":\"WebSite\",\"@id\":\"https:\\\/\\\/iberoo.com\\\/#website\",\"url\":\"https:\\\/\\\/iberoo.com\\\/\",\"name\":\"Iberoo\",\"description\":\"\",\"publisher\":{\"@id\":\"https:\\\/\\\/iberoo.com\\\/#organization\"},\"potentialAction\":[{\"@type\":\"SearchAction\",\"target\":{\"@type\":\"EntryPoint\",\"urlTemplate\":\"https:\\\/\\\/iberoo.com\\\/?s={search_term_string}\"},\"query-input\":{\"@type\":\"PropertyValueSpecification\",\"valueRequired\":true,\"valueName\":\"search_term_string\"}}],\"inLanguage\":\"de\"},{\"@type\":\"Organization\",\"@id\":\"https:\\\/\\\/iberoo.com\\\/#organization\",\"name\":\"Iberoo\",\"url\":\"https:\\\/\\\/iberoo.com\\\/\",\"logo\":{\"@type\":\"ImageObject\",\"inLanguage\":\"de\",\"@id\":\"https:\\\/\\\/iberoo.com\\\/#\\\/schema\\\/logo\\\/image\\\/\",\"url\":\"https:\\\/\\\/iberoo.com\\\/wp-content\\\/uploads\\\/2025\\\/11\\\/logo-cuadrado.jpg\",\"contentUrl\":\"https:\\\/\\\/iberoo.com\\\/wp-content\\\/uploads\\\/2025\\\/11\\\/logo-cuadrado.jpg\",\"width\":700,\"height\":700,\"caption\":\"Iberoo\"},\"image\":{\"@id\":\"https:\\\/\\\/iberoo.com\\\/#\\\/schema\\\/logo\\\/image\\\/\"}}]}<\/script>\n<meta property=\"product:brand\" content=\"Albo\" \/>\n<meta property=\"og:availability\" content=\"instock\" \/>\n<meta property=\"product:availability\" content=\"instock\" \/>\n<meta property=\"product:condition\" content=\"new\" \/>\n<!-- \/ Yoast SEO plugin. -->","yoast_head_json":{"title":"Tintenfisch in amerikanischer So\u00dfe Albo - Iberoo","description":"Albo Tintenfisch in amerikanischer Sauce, 72-g-Dose mit leicht zu \u00f6ffnendem Deckel. Wenn Sie hochwertigen Tintenfisch in eigener Tinte genie\u00dfen m\u00f6chten, ist dies die beste Wahl.","robots":{"index":"index","follow":"follow","max-snippet":"max-snippet:-1","max-image-preview":"max-image-preview:large","max-video-preview":"max-video-preview:-1"},"canonical":"https:\/\/iberoo.com\/de\/produkt\/tintenfisch-in-amerikanischer-sose-albo\/","og_locale":"de_DE","og_type":"article","og_title":"Calamares en Salsa Americana Albo - Iberoo","og_description":"Calamares en Salsa Americana de la marca Albo en lata de 72g con abref\u00e1cil. Si quieres comer calamares en su tinta de calidad esta es tu mejor elecci\u00f3n.","og_url":"https:\/\/iberoo.com\/de\/produkt\/tintenfisch-in-amerikanischer-sose-albo\/","og_site_name":"Iberoo","article_modified_time":"2026-04-04T20:08:55+00:00","og_image":[{"width":1500,"height":1500,"url":"https:\/\/iberoo.com\/wp-content\/uploads\/2025\/11\/calamares-salsa-americana-albo-75g-1.jpg","type":"image\/jpeg"}],"twitter_card":"summary_large_image","twitter_misc":{"Verf\u00fcgbarkeit":"Auf Lager"},"schema":{"@context":"https:\/\/schema.org","@graph":[{"@type":"WebPage","@id":"https:\/\/iberoo.com\/producto\/calamares-en-salsa-americana-albo\/","url":"https:\/\/iberoo.com\/producto\/calamares-en-salsa-americana-albo\/","name":"Tintenfisch in amerikanischer So\u00dfe Albo - Iberoo","isPartOf":{"@id":"https:\/\/iberoo.com\/#website"},"primaryImageOfPage":{"@id":"https:\/\/iberoo.com\/producto\/calamares-en-salsa-americana-albo\/#primaryimage"},"image":{"@id":"https:\/\/iberoo.com\/producto\/calamares-en-salsa-americana-albo\/#primaryimage"},"thumbnailUrl":"https:\/\/iberoo.com\/wp-content\/uploads\/2025\/11\/calamares-salsa-americana-albo-75g-1.jpg","datePublished":"2025-11-14T22:56:19+00:00","dateModified":"2026-04-04T20:08:55+00:00","description":"Albo Tintenfisch in amerikanischer Sauce, 72-g-Dose mit leicht zu \u00f6ffnendem Deckel. Wenn Sie hochwertigen Tintenfisch in eigener Tinte genie\u00dfen m\u00f6chten, ist dies die beste Wahl.","breadcrumb":{"@id":"https:\/\/iberoo.com\/producto\/calamares-en-salsa-americana-albo\/#breadcrumb"},"inLanguage":"de","potentialAction":[{"@type":"ReadAction","target":["https:\/\/iberoo.com\/producto\/calamares-en-salsa-americana-albo\/"]}]},{"@type":"ImageObject","inLanguage":"de","@id":"https:\/\/iberoo.com\/producto\/calamares-en-salsa-americana-albo\/#primaryimage","url":"https:\/\/iberoo.com\/wp-content\/uploads\/2025\/11\/calamares-salsa-americana-albo-75g-1.jpg","contentUrl":"https:\/\/iberoo.com\/wp-content\/uploads\/2025\/11\/calamares-salsa-americana-albo-75g-1.jpg","width":1500,"height":1500,"caption":"Calamares en Salsa Americana Albo"},{"@type":"BreadcrumbList","@id":"https:\/\/iberoo.com\/producto\/calamares-en-salsa-americana-albo\/#breadcrumb","itemListElement":[{"@type":"ListItem","position":1,"name":"Portada","item":"https:\/\/iberoo.com\/"},{"@type":"ListItem","position":2,"name":"Tienda Online","item":"https:\/\/iberoo.com\/tienda\/"},{"@type":"ListItem","position":3,"name":"Calamares en Salsa Americana Albo"}]},{"@type":"WebSite","@id":"https:\/\/iberoo.com\/#website","url":"https:\/\/iberoo.com\/","name":"Iberoo","description":"","publisher":{"@id":"https:\/\/iberoo.com\/#organization"},"potentialAction":[{"@type":"SearchAction","target":{"@type":"EntryPoint","urlTemplate":"https:\/\/iberoo.com\/?s={search_term_string}"},"query-input":{"@type":"PropertyValueSpecification","valueRequired":true,"valueName":"search_term_string"}}],"inLanguage":"de"},{"@type":"Organization","@id":"https:\/\/iberoo.com\/#organization","name":"Iberoo","url":"https:\/\/iberoo.com\/","logo":{"@type":"ImageObject","inLanguage":"de","@id":"https:\/\/iberoo.com\/#\/schema\/logo\/image\/","url":"https:\/\/iberoo.com\/wp-content\/uploads\/2025\/11\/logo-cuadrado.jpg","contentUrl":"https:\/\/iberoo.com\/wp-content\/uploads\/2025\/11\/logo-cuadrado.jpg","width":700,"height":700,"caption":"Iberoo"},"image":{"@id":"https:\/\/iberoo.com\/#\/schema\/logo\/image\/"}}]},"product_brand":"Albo","og_availability":"instock","product_availability":"instock","product_condition":"new"},"_links":{"self":[{"href":"https:\/\/iberoo.com\/de\/wp-json\/wp\/v2\/product\/852","targetHints":{"allow":["GET"]}}],"collection":[{"href":"https:\/\/iberoo.com\/de\/wp-json\/wp\/v2\/product"}],"about":[{"href":"https:\/\/iberoo.com\/de\/wp-json\/wp\/v2\/types\/product"}],"replies":[{"embeddable":true,"href":"https:\/\/iberoo.com\/de\/wp-json\/wp\/v2\/comments?post=852"}],"wp:featuredmedia":[{"embeddable":true,"href":"https:\/\/iberoo.com\/de\/wp-json\/wp\/v2\/media\/880"}],"wp:attachment":[{"href":"https:\/\/iberoo.com\/de\/wp-json\/wp\/v2\/media?parent=852"}],"wp:term":[{"taxonomy":"product_brand","embeddable":true,"href":"https:\/\/iberoo.com\/de\/wp-json\/wp\/v2\/product_brand?post=852"},{"taxonomy":"product_cat","embeddable":true,"href":"https:\/\/iberoo.com\/de\/wp-json\/wp\/v2\/product_cat?post=852"},{"taxonomy":"product_tag","embeddable":true,"href":"https:\/\/iberoo.com\/de\/wp-json\/wp\/v2\/product_tag?post=852"}],"curies":[{"name":"wp","href":"https:\/\/api.w.org\/{rel}","templated":true}]}}