{"id":957,"date":"2025-11-14T23:57:07","date_gmt":"2025-11-14T22:57:07","guid":{"rendered":"https:\/\/iberoo.com\/?post_type=product&#038;p=957"},"modified":"2026-04-04T22:11:33","modified_gmt":"2026-04-04T20:11:33","slug":"alhambra-traditional-beer-33cl-dose","status":"publish","type":"product","link":"https:\/\/iberoo.com\/de\/produkt\/alhambra-traditional-beer-33cl-dose\/","title":{"rendered":"Alhambra Traditional Beer 33cl Dose"},"content":{"rendered":"<p>Alhambra Traditional Beer in der 33-cl-Dose ist ein Premium-Bier, das sich durch seinen einzigartigen Geschmack und die perfekte Balance zwischen Tradition und Moderne auszeichnet. Gebraut mit feinsten Zutaten, bietet dieses Lagerbier ein vollmundiges und erfrischendes Geschmackserlebnis \u2013 ideal f\u00fcr alle, die bei jedem Schluck Wert auf Qualit\u00e4t und Authentizit\u00e4t legen.<\/p>\n<p>Alhambra Tradicional ist ein Paradebeispiel f\u00fcr die Braukunst der traditionsreichen Brauerei Granadas. Ihr klassisches, seit Generationen \u00fcberliefertes Rezept vereint erlesene Malze und Hopfen h\u00f6chster Qualit\u00e4t. Das Ergebnis ist ein klares, leicht bitteres Bier mit einem subtilen Malzcharakter, der es perfekt ausbalanciert macht. Dank dieses Profils passt es ideal zu einer Vielzahl von Gerichten, von traditionellen Tapas \u00fcber gegrilltes Fleisch bis hin zu gereiftem K\u00e4se.<\/p>\n<p>Die 33-cl-Dose sorgt daf\u00fcr, dass das Bier l\u00e4nger frisch und optimal bleibt und ist zudem praktisch zum Mitnehmen und Aufbewahren. Die 24er-Packung ist ideal, um Alhambra Tradicional bei geselligen Treffen, Feiern oder einfach immer ein gutes Bier f\u00fcr den Tag parat zu haben.<\/p>\n<p>Dank seines milden und dennoch kr\u00e4ftigen Geschmacks hat Alhambra Tradicional Bierliebhaber weltweit begeistert. Das praktische und moderne Dosendesign bewahrt nicht nur die Frische des Bieres, sondern sorgt auch f\u00fcr eine ansprechende Pr\u00e4sentation. Greifen Sie jetzt zu und genie\u00dfen Sie ein authentisches, erfrischendes Bier von h\u00f6chster Qualit\u00e4t!<\/p>","protected":false},"excerpt":{"rendered":"<p>Traditionelles Bier der renommierten Marke Alhambra, eine der traditionsreichsten Biersorten Spaniens, in 33-cl-Dosen. Diese Dosenform ist nur im 12er-Pack erh\u00e4ltlich.<\/p>","protected":false},"featured_media":982,"comment_status":"closed","ping_status":"closed","template":"","meta":[],"product_brand":[101],"product_cat":[130],"product_tag":[],"class_list":{"0":"post-957","1":"product","2":"type-product","3":"status-publish","4":"has-post-thumbnail","6":"product_brand-alhambra","7":"product_cat-cerveza","9":"first","10":"instock","11":"shipping-taxable","12":"purchasable","13":"product-type-simple"},"yoast_head":"<!-- This site is optimized with the Yoast SEO plugin v27.3 - https:\/\/yoast.com\/product\/yoast-seo-wordpress\/ -->\n<title>Cerveza Alhambra Tradicional Lata 33cl - Iberoo<\/title>\n<meta name=\"description\" content=\"Cerveza tradicional de la reconocida marca Alhambra, una de las cervezas con m\u00e1s tradici\u00f3n en toda Espa\u00f1a, en latas de 33cl.\" \/>\n<meta name=\"robots\" content=\"index, follow, max-snippet:-1, max-image-preview:large, max-video-preview:-1\" \/>\n<link rel=\"canonical\" href=\"https:\/\/iberoo.com\/de\/produkt\/alhambra-traditional-beer-33cl-dose\/\" \/>\n<meta property=\"og:locale\" content=\"de_DE\" \/>\n<meta property=\"og:type\" content=\"article\" \/>\n<meta property=\"og:title\" content=\"Cerveza Alhambra Tradicional Lata 33cl - Iberoo\" \/>\n<meta property=\"og:description\" content=\"Cerveza tradicional de la reconocida marca Alhambra, una de las cervezas con m\u00e1s tradici\u00f3n en toda Espa\u00f1a, en latas de 33cl.\" \/>\n<meta property=\"og:url\" content=\"https:\/\/iberoo.com\/de\/produkt\/alhambra-traditional-beer-33cl-dose\/\" \/>\n<meta property=\"og:site_name\" content=\"Iberoo\" \/>\n<meta property=\"article:modified_time\" content=\"2026-04-04T20:11:33+00:00\" \/>\n<meta property=\"og:image\" content=\"https:\/\/iberoo.com\/wp-content\/uploads\/2025\/11\/cerveza-alhambra-33cl-pack12-1.jpg\" \/>\n\t<meta property=\"og:image:width\" content=\"1500\" \/>\n\t<meta property=\"og:image:height\" content=\"1499\" \/>\n\t<meta property=\"og:image:type\" content=\"image\/jpeg\" \/>\n<meta name=\"twitter:card\" content=\"summary_large_image\" \/>\n<meta name=\"twitter:label1\" content=\"Preis\" \/>\n\t<meta name=\"twitter:data1\" content=\"13,25&nbsp;&euro;\" \/>\n\t<meta name=\"twitter:label2\" content=\"Verf\u00fcgbarkeit\" \/>\n\t<meta name=\"twitter:data2\" content=\"Auf Lager\" \/>\n<script type=\"application\/ld+json\" class=\"yoast-schema-graph\">{\"@context\":\"https:\\\/\\\/schema.org\",\"@graph\":[{\"@type\":\"WebPage\",\"@id\":\"https:\\\/\\\/iberoo.com\\\/producto\\\/cerveza-alhambra-tradicional-lata-33cl\\\/\",\"url\":\"https:\\\/\\\/iberoo.com\\\/producto\\\/cerveza-alhambra-tradicional-lata-33cl\\\/\",\"name\":\"Cerveza Alhambra Tradicional Lata 33cl - Iberoo\",\"isPartOf\":{\"@id\":\"https:\\\/\\\/iberoo.com\\\/#website\"},\"primaryImageOfPage\":{\"@id\":\"https:\\\/\\\/iberoo.com\\\/producto\\\/cerveza-alhambra-tradicional-lata-33cl\\\/#primaryimage\"},\"image\":{\"@id\":\"https:\\\/\\\/iberoo.com\\\/producto\\\/cerveza-alhambra-tradicional-lata-33cl\\\/#primaryimage\"},\"thumbnailUrl\":\"https:\\\/\\\/iberoo.com\\\/wp-content\\\/uploads\\\/2025\\\/11\\\/cerveza-alhambra-33cl-pack12-1.jpg\",\"datePublished\":\"2025-11-14T22:57:07+00:00\",\"dateModified\":\"2026-04-04T20:11:33+00:00\",\"description\":\"Cerveza tradicional de la reconocida marca Alhambra, una de las cervezas con m\u00e1s tradici\u00f3n en toda Espa\u00f1a, en latas de 33cl.\",\"breadcrumb\":{\"@id\":\"https:\\\/\\\/iberoo.com\\\/producto\\\/cerveza-alhambra-tradicional-lata-33cl\\\/#breadcrumb\"},\"inLanguage\":\"de\",\"potentialAction\":[{\"@type\":\"ReadAction\",\"target\":[\"https:\\\/\\\/iberoo.com\\\/producto\\\/cerveza-alhambra-tradicional-lata-33cl\\\/\"]}]},{\"@type\":\"ImageObject\",\"inLanguage\":\"de\",\"@id\":\"https:\\\/\\\/iberoo.com\\\/producto\\\/cerveza-alhambra-tradicional-lata-33cl\\\/#primaryimage\",\"url\":\"https:\\\/\\\/iberoo.com\\\/wp-content\\\/uploads\\\/2025\\\/11\\\/cerveza-alhambra-33cl-pack12-1.jpg\",\"contentUrl\":\"https:\\\/\\\/iberoo.com\\\/wp-content\\\/uploads\\\/2025\\\/11\\\/cerveza-alhambra-33cl-pack12-1.jpg\",\"width\":1500,\"height\":1499,\"caption\":\"Cerveza Alhambra Tradicional Lata 33cl\"},{\"@type\":\"BreadcrumbList\",\"@id\":\"https:\\\/\\\/iberoo.com\\\/producto\\\/cerveza-alhambra-tradicional-lata-33cl\\\/#breadcrumb\",\"itemListElement\":[{\"@type\":\"ListItem\",\"position\":1,\"name\":\"Portada\",\"item\":\"https:\\\/\\\/iberoo.com\\\/\"},{\"@type\":\"ListItem\",\"position\":2,\"name\":\"Tienda Online\",\"item\":\"https:\\\/\\\/iberoo.com\\\/tienda\\\/\"},{\"@type\":\"ListItem\",\"position\":3,\"name\":\"Cerveza Alhambra Tradicional Lata 33cl\"}]},{\"@type\":\"WebSite\",\"@id\":\"https:\\\/\\\/iberoo.com\\\/#website\",\"url\":\"https:\\\/\\\/iberoo.com\\\/\",\"name\":\"Iberoo\",\"description\":\"\",\"publisher\":{\"@id\":\"https:\\\/\\\/iberoo.com\\\/#organization\"},\"potentialAction\":[{\"@type\":\"SearchAction\",\"target\":{\"@type\":\"EntryPoint\",\"urlTemplate\":\"https:\\\/\\\/iberoo.com\\\/?s={search_term_string}\"},\"query-input\":{\"@type\":\"PropertyValueSpecification\",\"valueRequired\":true,\"valueName\":\"search_term_string\"}}],\"inLanguage\":\"de\"},{\"@type\":\"Organization\",\"@id\":\"https:\\\/\\\/iberoo.com\\\/#organization\",\"name\":\"Iberoo\",\"url\":\"https:\\\/\\\/iberoo.com\\\/\",\"logo\":{\"@type\":\"ImageObject\",\"inLanguage\":\"de\",\"@id\":\"https:\\\/\\\/iberoo.com\\\/#\\\/schema\\\/logo\\\/image\\\/\",\"url\":\"https:\\\/\\\/iberoo.com\\\/wp-content\\\/uploads\\\/2025\\\/11\\\/logo-cuadrado.jpg\",\"contentUrl\":\"https:\\\/\\\/iberoo.com\\\/wp-content\\\/uploads\\\/2025\\\/11\\\/logo-cuadrado.jpg\",\"width\":700,\"height\":700,\"caption\":\"Iberoo\"},\"image\":{\"@id\":\"https:\\\/\\\/iberoo.com\\\/#\\\/schema\\\/logo\\\/image\\\/\"}}]}<\/script>\n<meta property=\"product:brand\" content=\"Alhambra\" \/>\n<meta property=\"product:price:amount\" content=\"13.25\" \/>\n<meta property=\"product:price:currency\" content=\"EUR\" \/>\n<meta property=\"og:availability\" content=\"instock\" \/>\n<meta property=\"product:availability\" content=\"instock\" \/>\n<meta property=\"product:condition\" content=\"new\" \/>\n<!-- \/ Yoast SEO plugin. -->","yoast_head_json":{"title":"Alhambra Traditional Beer 33cl Dose - Iberoo","description":"Traditionelles Bier der renommierten Marke Alhambra, eines der traditionsreichsten Biere in ganz Spanien, in 33cl-Dosen.","robots":{"index":"index","follow":"follow","max-snippet":"max-snippet:-1","max-image-preview":"max-image-preview:large","max-video-preview":"max-video-preview:-1"},"canonical":"https:\/\/iberoo.com\/de\/produkt\/alhambra-traditional-beer-33cl-dose\/","og_locale":"de_DE","og_type":"article","og_title":"Cerveza Alhambra Tradicional Lata 33cl - Iberoo","og_description":"Cerveza tradicional de la reconocida marca Alhambra, una de las cervezas con m\u00e1s tradici\u00f3n en toda Espa\u00f1a, en latas de 33cl.","og_url":"https:\/\/iberoo.com\/de\/produkt\/alhambra-traditional-beer-33cl-dose\/","og_site_name":"Iberoo","article_modified_time":"2026-04-04T20:11:33+00:00","og_image":[{"width":1500,"height":1499,"url":"https:\/\/iberoo.com\/wp-content\/uploads\/2025\/11\/cerveza-alhambra-33cl-pack12-1.jpg","type":"image\/jpeg"}],"twitter_card":"summary_large_image","twitter_misc":{"Preis":"13,25&nbsp;&euro;","Verf\u00fcgbarkeit":"Auf Lager"},"schema":{"@context":"https:\/\/schema.org","@graph":[{"@type":"WebPage","@id":"https:\/\/iberoo.com\/producto\/cerveza-alhambra-tradicional-lata-33cl\/","url":"https:\/\/iberoo.com\/producto\/cerveza-alhambra-tradicional-lata-33cl\/","name":"Alhambra Traditional Beer 33cl Dose - Iberoo","isPartOf":{"@id":"https:\/\/iberoo.com\/#website"},"primaryImageOfPage":{"@id":"https:\/\/iberoo.com\/producto\/cerveza-alhambra-tradicional-lata-33cl\/#primaryimage"},"image":{"@id":"https:\/\/iberoo.com\/producto\/cerveza-alhambra-tradicional-lata-33cl\/#primaryimage"},"thumbnailUrl":"https:\/\/iberoo.com\/wp-content\/uploads\/2025\/11\/cerveza-alhambra-33cl-pack12-1.jpg","datePublished":"2025-11-14T22:57:07+00:00","dateModified":"2026-04-04T20:11:33+00:00","description":"Traditionelles Bier der renommierten Marke Alhambra, eines der traditionsreichsten Biere in ganz Spanien, in 33cl-Dosen.","breadcrumb":{"@id":"https:\/\/iberoo.com\/producto\/cerveza-alhambra-tradicional-lata-33cl\/#breadcrumb"},"inLanguage":"de","potentialAction":[{"@type":"ReadAction","target":["https:\/\/iberoo.com\/producto\/cerveza-alhambra-tradicional-lata-33cl\/"]}]},{"@type":"ImageObject","inLanguage":"de","@id":"https:\/\/iberoo.com\/producto\/cerveza-alhambra-tradicional-lata-33cl\/#primaryimage","url":"https:\/\/iberoo.com\/wp-content\/uploads\/2025\/11\/cerveza-alhambra-33cl-pack12-1.jpg","contentUrl":"https:\/\/iberoo.com\/wp-content\/uploads\/2025\/11\/cerveza-alhambra-33cl-pack12-1.jpg","width":1500,"height":1499,"caption":"Cerveza Alhambra Tradicional Lata 33cl"},{"@type":"BreadcrumbList","@id":"https:\/\/iberoo.com\/producto\/cerveza-alhambra-tradicional-lata-33cl\/#breadcrumb","itemListElement":[{"@type":"ListItem","position":1,"name":"Portada","item":"https:\/\/iberoo.com\/"},{"@type":"ListItem","position":2,"name":"Tienda Online","item":"https:\/\/iberoo.com\/tienda\/"},{"@type":"ListItem","position":3,"name":"Cerveza Alhambra Tradicional Lata 33cl"}]},{"@type":"WebSite","@id":"https:\/\/iberoo.com\/#website","url":"https:\/\/iberoo.com\/","name":"Iberoo","description":"","publisher":{"@id":"https:\/\/iberoo.com\/#organization"},"potentialAction":[{"@type":"SearchAction","target":{"@type":"EntryPoint","urlTemplate":"https:\/\/iberoo.com\/?s={search_term_string}"},"query-input":{"@type":"PropertyValueSpecification","valueRequired":true,"valueName":"search_term_string"}}],"inLanguage":"de"},{"@type":"Organization","@id":"https:\/\/iberoo.com\/#organization","name":"Iberoo","url":"https:\/\/iberoo.com\/","logo":{"@type":"ImageObject","inLanguage":"de","@id":"https:\/\/iberoo.com\/#\/schema\/logo\/image\/","url":"https:\/\/iberoo.com\/wp-content\/uploads\/2025\/11\/logo-cuadrado.jpg","contentUrl":"https:\/\/iberoo.com\/wp-content\/uploads\/2025\/11\/logo-cuadrado.jpg","width":700,"height":700,"caption":"Iberoo"},"image":{"@id":"https:\/\/iberoo.com\/#\/schema\/logo\/image\/"}}]},"product_brand":"Alhambra","product_price_amount":"13.25","product_price_currency":"EUR","og_availability":"instock","product_availability":"instock","product_condition":"new"},"_links":{"self":[{"href":"https:\/\/iberoo.com\/de\/wp-json\/wp\/v2\/product\/957","targetHints":{"allow":["GET"]}}],"collection":[{"href":"https:\/\/iberoo.com\/de\/wp-json\/wp\/v2\/product"}],"about":[{"href":"https:\/\/iberoo.com\/de\/wp-json\/wp\/v2\/types\/product"}],"replies":[{"embeddable":true,"href":"https:\/\/iberoo.com\/de\/wp-json\/wp\/v2\/comments?post=957"}],"wp:featuredmedia":[{"embeddable":true,"href":"https:\/\/iberoo.com\/de\/wp-json\/wp\/v2\/media\/982"}],"wp:attachment":[{"href":"https:\/\/iberoo.com\/de\/wp-json\/wp\/v2\/media?parent=957"}],"wp:term":[{"taxonomy":"product_brand","embeddable":true,"href":"https:\/\/iberoo.com\/de\/wp-json\/wp\/v2\/product_brand?post=957"},{"taxonomy":"product_cat","embeddable":true,"href":"https:\/\/iberoo.com\/de\/wp-json\/wp\/v2\/product_cat?post=957"},{"taxonomy":"product_tag","embeddable":true,"href":"https:\/\/iberoo.com\/de\/wp-json\/wp\/v2\/product_tag?post=957"}],"curies":[{"name":"wp","href":"https:\/\/api.w.org\/{rel}","templated":true}]}}