{"id":1910,"date":"2025-12-21T15:29:11","date_gmt":"2025-12-21T14:29:11","guid":{"rendered":"https:\/\/iberoo.com\/?post_type=product&#038;p=1910"},"modified":"2026-04-05T03:27:13","modified_gmt":"2026-04-05T01:27:13","slug":"campofrio-frankfurt-sausages","status":"publish","type":"product","link":"https:\/\/iberoo.com\/en\/product\/campofrio-frankfurt-sausages\/","title":{"rendered":"Campofr\u00edo Frankfurt Sausages"},"content":{"rendered":"<p>Designed for everyday use, Campofr\u00edo Frankfurt sausages combine a familiar flavor with a smooth texture that appeals to both adults and children. They're that handy resource that's always useful to have in the fridge for a last-minute dinner, a casual lunch, or a simple meal at home.<\/p>\n<p>The Frankfurt Original variety offers the same traditional flavor you know and love, with that perfect balance that works beautifully whether boiled or grilled. It's ideal for making hot dogs, serving with potatoes, adding to a mixed plate, or even slicing for quick stir-fries. The pack of four 140-gram sausages is perfect for sharing or preparing several meals without any hassle.<\/p>\n<p>Meanwhile, chicken Frankfurt sausages are a lighter alternative, while maintaining the juiciness and characteristic flavor of this type of product. The 3-pack of 140-gram sausages is practical for those looking for variety or who prefer a milder flavor, without sacrificing convenience.<\/p>\n<p>Both formats are designed to adapt to different routines and occasions. Campofr\u00edo is committed to offering easy, versatile, and reliable solutions, designed for real life. These Frankfurt sausages fit perfectly into casual plans, quick meals, or simple recipes, becoming a convenient and always appealing staple.<\/p>","protected":false},"excerpt":{"rendered":"<p>Campofr\u00edo Frankfurt sausages are a classic that never fails when you're looking for a quick, tasty and easy-to-prepare meal.<\/p>","protected":false},"featured_media":1911,"comment_status":"closed","ping_status":"closed","template":"","meta":[],"product_brand":[107],"product_cat":[233],"product_tag":[],"class_list":{"0":"post-1910","1":"product","2":"type-product","3":"status-publish","4":"has-post-thumbnail","6":"product_brand-campofrio","7":"product_cat-embutidos-espanoles","9":"first","10":"instock","11":"shipping-taxable","12":"purchasable","13":"product-type-variable"},"yoast_head":"<!-- This site is optimized with the Yoast SEO plugin v27.3 - https:\/\/yoast.com\/product\/yoast-seo-wordpress\/ -->\n<title>Salchichas Frankfurt Campofr\u00edo - Iberoo<\/title>\n<meta name=\"description\" content=\"Las salchichas Frankfurt de Campofr\u00edo son un cl\u00e1sico que nunca falla cuando se busca una comida r\u00e1pida, sabrosa y f\u00e1cil de preparar.\" \/>\n<meta name=\"robots\" content=\"index, follow, max-snippet:-1, max-image-preview:large, max-video-preview:-1\" \/>\n<link rel=\"canonical\" href=\"https:\/\/iberoo.com\/en\/product\/campofrio-frankfurt-sausages\/\" \/>\n<meta property=\"og:locale\" content=\"en_US\" \/>\n<meta property=\"og:type\" content=\"article\" \/>\n<meta property=\"og:title\" content=\"Salchichas Frankfurt Campofr\u00edo - Iberoo\" \/>\n<meta property=\"og:description\" content=\"Las salchichas Frankfurt de Campofr\u00edo son un cl\u00e1sico que nunca falla cuando se busca una comida r\u00e1pida, sabrosa y f\u00e1cil de preparar.\" \/>\n<meta property=\"og:url\" content=\"https:\/\/iberoo.com\/en\/product\/campofrio-frankfurt-sausages\/\" \/>\n<meta property=\"og:site_name\" content=\"Iberoo\" \/>\n<meta property=\"article:modified_time\" content=\"2026-04-05T01:27:13+00:00\" \/>\n<meta property=\"og:image\" content=\"https:\/\/iberoo.com\/wp-content\/uploads\/2025\/12\/campfrio-salchichas-frankfurt.jpg\" \/>\n\t<meta property=\"og:image:width\" content=\"800\" \/>\n\t<meta property=\"og:image:height\" content=\"800\" \/>\n\t<meta property=\"og:image:type\" content=\"image\/jpeg\" \/>\n<meta name=\"twitter:card\" content=\"summary_large_image\" \/>\n<meta name=\"twitter:label1\" content=\"Availability\" \/>\n\t<meta name=\"twitter:data1\" content=\"In stock\" \/>\n<script type=\"application\/ld+json\" class=\"yoast-schema-graph\">{\"@context\":\"https:\\\/\\\/schema.org\",\"@graph\":[{\"@type\":\"WebPage\",\"@id\":\"https:\\\/\\\/iberoo.com\\\/producto\\\/salchichas-frankfurt-campofrio\\\/\",\"url\":\"https:\\\/\\\/iberoo.com\\\/producto\\\/salchichas-frankfurt-campofrio\\\/\",\"name\":\"Salchichas Frankfurt Campofr\u00edo - Iberoo\",\"isPartOf\":{\"@id\":\"https:\\\/\\\/iberoo.com\\\/#website\"},\"primaryImageOfPage\":{\"@id\":\"https:\\\/\\\/iberoo.com\\\/producto\\\/salchichas-frankfurt-campofrio\\\/#primaryimage\"},\"image\":{\"@id\":\"https:\\\/\\\/iberoo.com\\\/producto\\\/salchichas-frankfurt-campofrio\\\/#primaryimage\"},\"thumbnailUrl\":\"https:\\\/\\\/iberoo.com\\\/wp-content\\\/uploads\\\/2025\\\/12\\\/campfrio-salchichas-frankfurt.jpg\",\"datePublished\":\"2025-12-21T14:29:11+00:00\",\"dateModified\":\"2026-04-05T01:27:13+00:00\",\"description\":\"Las salchichas Frankfurt de Campofr\u00edo son un cl\u00e1sico que nunca falla cuando se busca una comida r\u00e1pida, sabrosa y f\u00e1cil de preparar.\",\"breadcrumb\":{\"@id\":\"https:\\\/\\\/iberoo.com\\\/producto\\\/salchichas-frankfurt-campofrio\\\/#breadcrumb\"},\"inLanguage\":\"en-US\",\"potentialAction\":[{\"@type\":\"ReadAction\",\"target\":[\"https:\\\/\\\/iberoo.com\\\/producto\\\/salchichas-frankfurt-campofrio\\\/\"]}]},{\"@type\":\"ImageObject\",\"inLanguage\":\"en-US\",\"@id\":\"https:\\\/\\\/iberoo.com\\\/producto\\\/salchichas-frankfurt-campofrio\\\/#primaryimage\",\"url\":\"https:\\\/\\\/iberoo.com\\\/wp-content\\\/uploads\\\/2025\\\/12\\\/campfrio-salchichas-frankfurt.jpg\",\"contentUrl\":\"https:\\\/\\\/iberoo.com\\\/wp-content\\\/uploads\\\/2025\\\/12\\\/campfrio-salchichas-frankfurt.jpg\",\"width\":800,\"height\":800,\"caption\":\"Salchichas Frankfurt Campofr\u00edo\"},{\"@type\":\"BreadcrumbList\",\"@id\":\"https:\\\/\\\/iberoo.com\\\/producto\\\/salchichas-frankfurt-campofrio\\\/#breadcrumb\",\"itemListElement\":[{\"@type\":\"ListItem\",\"position\":1,\"name\":\"Portada\",\"item\":\"https:\\\/\\\/iberoo.com\\\/\"},{\"@type\":\"ListItem\",\"position\":2,\"name\":\"Tienda Online\",\"item\":\"https:\\\/\\\/iberoo.com\\\/tienda\\\/\"},{\"@type\":\"ListItem\",\"position\":3,\"name\":\"Salchichas Frankfurt Campofr\u00edo\"}]},{\"@type\":\"WebSite\",\"@id\":\"https:\\\/\\\/iberoo.com\\\/#website\",\"url\":\"https:\\\/\\\/iberoo.com\\\/\",\"name\":\"Iberoo\",\"description\":\"\",\"publisher\":{\"@id\":\"https:\\\/\\\/iberoo.com\\\/#organization\"},\"potentialAction\":[{\"@type\":\"SearchAction\",\"target\":{\"@type\":\"EntryPoint\",\"urlTemplate\":\"https:\\\/\\\/iberoo.com\\\/?s={search_term_string}\"},\"query-input\":{\"@type\":\"PropertyValueSpecification\",\"valueRequired\":true,\"valueName\":\"search_term_string\"}}],\"inLanguage\":\"en-US\"},{\"@type\":\"Organization\",\"@id\":\"https:\\\/\\\/iberoo.com\\\/#organization\",\"name\":\"Iberoo\",\"url\":\"https:\\\/\\\/iberoo.com\\\/\",\"logo\":{\"@type\":\"ImageObject\",\"inLanguage\":\"en-US\",\"@id\":\"https:\\\/\\\/iberoo.com\\\/#\\\/schema\\\/logo\\\/image\\\/\",\"url\":\"https:\\\/\\\/iberoo.com\\\/wp-content\\\/uploads\\\/2025\\\/11\\\/logo-cuadrado.jpg\",\"contentUrl\":\"https:\\\/\\\/iberoo.com\\\/wp-content\\\/uploads\\\/2025\\\/11\\\/logo-cuadrado.jpg\",\"width\":700,\"height\":700,\"caption\":\"Iberoo\"},\"image\":{\"@id\":\"https:\\\/\\\/iberoo.com\\\/#\\\/schema\\\/logo\\\/image\\\/\"}}]}<\/script>\n<meta property=\"product:brand\" content=\"Campofr\u00edo\" \/>\n<meta property=\"og:availability\" content=\"instock\" \/>\n<meta property=\"product:availability\" content=\"instock\" \/>\n<meta property=\"product:condition\" content=\"new\" \/>\n<!-- \/ Yoast SEO plugin. -->","yoast_head_json":{"title":"Campofr\u00edo Frankfurt Sausages - Iberoo","description":"Campofr\u00edo Frankfurt sausages are a classic that never fails when you're looking for a quick, tasty and easy-to-prepare meal.","robots":{"index":"index","follow":"follow","max-snippet":"max-snippet:-1","max-image-preview":"max-image-preview:large","max-video-preview":"max-video-preview:-1"},"canonical":"https:\/\/iberoo.com\/en\/product\/campofrio-frankfurt-sausages\/","og_locale":"en_US","og_type":"article","og_title":"Salchichas Frankfurt Campofr\u00edo - Iberoo","og_description":"Las salchichas Frankfurt de Campofr\u00edo son un cl\u00e1sico que nunca falla cuando se busca una comida r\u00e1pida, sabrosa y f\u00e1cil de preparar.","og_url":"https:\/\/iberoo.com\/en\/product\/campofrio-frankfurt-sausages\/","og_site_name":"Iberoo","article_modified_time":"2026-04-05T01:27:13+00:00","og_image":[{"width":800,"height":800,"url":"https:\/\/iberoo.com\/wp-content\/uploads\/2025\/12\/campfrio-salchichas-frankfurt.jpg","type":"image\/jpeg"}],"twitter_card":"summary_large_image","twitter_misc":{"Availability":"In stock"},"schema":{"@context":"https:\/\/schema.org","@graph":[{"@type":"WebPage","@id":"https:\/\/iberoo.com\/producto\/salchichas-frankfurt-campofrio\/","url":"https:\/\/iberoo.com\/producto\/salchichas-frankfurt-campofrio\/","name":"Campofr\u00edo Frankfurt Sausages - Iberoo","isPartOf":{"@id":"https:\/\/iberoo.com\/#website"},"primaryImageOfPage":{"@id":"https:\/\/iberoo.com\/producto\/salchichas-frankfurt-campofrio\/#primaryimage"},"image":{"@id":"https:\/\/iberoo.com\/producto\/salchichas-frankfurt-campofrio\/#primaryimage"},"thumbnailUrl":"https:\/\/iberoo.com\/wp-content\/uploads\/2025\/12\/campfrio-salchichas-frankfurt.jpg","datePublished":"2025-12-21T14:29:11+00:00","dateModified":"2026-04-05T01:27:13+00:00","description":"Campofr\u00edo Frankfurt sausages are a classic that never fails when you're looking for a quick, tasty and easy-to-prepare meal.","breadcrumb":{"@id":"https:\/\/iberoo.com\/producto\/salchichas-frankfurt-campofrio\/#breadcrumb"},"inLanguage":"en-US","potentialAction":[{"@type":"ReadAction","target":["https:\/\/iberoo.com\/producto\/salchichas-frankfurt-campofrio\/"]}]},{"@type":"ImageObject","inLanguage":"en-US","@id":"https:\/\/iberoo.com\/producto\/salchichas-frankfurt-campofrio\/#primaryimage","url":"https:\/\/iberoo.com\/wp-content\/uploads\/2025\/12\/campfrio-salchichas-frankfurt.jpg","contentUrl":"https:\/\/iberoo.com\/wp-content\/uploads\/2025\/12\/campfrio-salchichas-frankfurt.jpg","width":800,"height":800,"caption":"Salchichas Frankfurt Campofr\u00edo"},{"@type":"BreadcrumbList","@id":"https:\/\/iberoo.com\/producto\/salchichas-frankfurt-campofrio\/#breadcrumb","itemListElement":[{"@type":"ListItem","position":1,"name":"Portada","item":"https:\/\/iberoo.com\/"},{"@type":"ListItem","position":2,"name":"Tienda Online","item":"https:\/\/iberoo.com\/tienda\/"},{"@type":"ListItem","position":3,"name":"Salchichas Frankfurt Campofr\u00edo"}]},{"@type":"WebSite","@id":"https:\/\/iberoo.com\/#website","url":"https:\/\/iberoo.com\/","name":"Iberoo","description":"","publisher":{"@id":"https:\/\/iberoo.com\/#organization"},"potentialAction":[{"@type":"SearchAction","target":{"@type":"EntryPoint","urlTemplate":"https:\/\/iberoo.com\/?s={search_term_string}"},"query-input":{"@type":"PropertyValueSpecification","valueRequired":true,"valueName":"search_term_string"}}],"inLanguage":"en-US"},{"@type":"Organization","@id":"https:\/\/iberoo.com\/#organization","name":"Iberoo","url":"https:\/\/iberoo.com\/","logo":{"@type":"ImageObject","inLanguage":"en-US","@id":"https:\/\/iberoo.com\/#\/schema\/logo\/image\/","url":"https:\/\/iberoo.com\/wp-content\/uploads\/2025\/11\/logo-cuadrado.jpg","contentUrl":"https:\/\/iberoo.com\/wp-content\/uploads\/2025\/11\/logo-cuadrado.jpg","width":700,"height":700,"caption":"Iberoo"},"image":{"@id":"https:\/\/iberoo.com\/#\/schema\/logo\/image\/"}}]},"product_brand":"Campofr\u00edo","og_availability":"instock","product_availability":"instock","product_condition":"new"},"_links":{"self":[{"href":"https:\/\/iberoo.com\/en\/wp-json\/wp\/v2\/product\/1910","targetHints":{"allow":["GET"]}}],"collection":[{"href":"https:\/\/iberoo.com\/en\/wp-json\/wp\/v2\/product"}],"about":[{"href":"https:\/\/iberoo.com\/en\/wp-json\/wp\/v2\/types\/product"}],"replies":[{"embeddable":true,"href":"https:\/\/iberoo.com\/en\/wp-json\/wp\/v2\/comments?post=1910"}],"wp:featuredmedia":[{"embeddable":true,"href":"https:\/\/iberoo.com\/en\/wp-json\/wp\/v2\/media\/1911"}],"wp:attachment":[{"href":"https:\/\/iberoo.com\/en\/wp-json\/wp\/v2\/media?parent=1910"}],"wp:term":[{"taxonomy":"product_brand","embeddable":true,"href":"https:\/\/iberoo.com\/en\/wp-json\/wp\/v2\/product_brand?post=1910"},{"taxonomy":"product_cat","embeddable":true,"href":"https:\/\/iberoo.com\/en\/wp-json\/wp\/v2\/product_cat?post=1910"},{"taxonomy":"product_tag","embeddable":true,"href":"https:\/\/iberoo.com\/en\/wp-json\/wp\/v2\/product_tag?post=1910"}],"curies":[{"name":"wp","href":"https:\/\/api.w.org\/{rel}","templated":true}]}}