{"id":2290,"date":"2026-01-03T01:56:28","date_gmt":"2026-01-03T00:56:28","guid":{"rendered":"https:\/\/iberoo.com\/?post_type=product&#038;p=2290"},"modified":"2026-01-03T01:56:28","modified_gmt":"2026-01-03T00:56:28","slug":"valor-pure-cocoa","status":"publish","type":"product","link":"https:\/\/iberoo.com\/en\/product\/valor-pure-cocoa\/","title":{"rendered":"Valor Pure Cocoa"},"content":{"rendered":"<p>Available in two varieties \u2014natural pure cocoa and defatted pure cocoa\u2014, Valor pure cocoa offers two different ways to enjoy the same origin, adapting to both personal tastes and different uses in the kitchen.<\/p>\n<p>Pure, natural cocoa retains all the richness of cocoa butter, resulting in an intense, well-rounded flavor and a smoother texture. It's an ideal choice for those who enjoy full-bodied cocoa drinks, as well as for traditional baking recipes that demand depth of flavor and a more complete experience. Meanwhile, defatted pure cocoa reduces its fat content, maintaining the characteristic aroma and flavor of cocoa, but with a lighter profile. This variety is especially appreciated in more balanced recipes, smoothies, yogurts, or preparations where the intensity is to be controlled without sacrificing flavor.<\/p>\n<p>Both formats share the same philosophy: to offer 100% cocoa, without unnecessary additives, with a recognizable and honest flavor. The 250g jar is practical and easy to store, protecting the product from moisture and allowing for convenient everyday use. Furthermore, its simple dosage makes it easy to incorporate into both sweet recipes and more creative dishes, such as sauces, creams, or homemade desserts.<\/p>\n<p>Valor pure cocoa is a versatile ingredient that connects with traditional cooking and new ways of enjoying cocoa, offering quality, tradition and an authentic experience in every spoonful.<\/p>","protected":false},"excerpt":{"rendered":"<p>Valor pure cocoa in a 250g jar is designed for those looking for an authentic ingredient, without artifice, and with all the character of cocoa in its most essential form.<\/p>","protected":false},"featured_media":2291,"comment_status":"closed","ping_status":"closed","template":"","meta":[],"product_brand":[208],"product_cat":[205,139],"product_tag":[],"class_list":{"0":"post-2290","1":"product","2":"type-product","3":"status-publish","4":"has-post-thumbnail","6":"product_brand-valor","7":"product_cat-cafe-y-cacao","8":"product_cat-dulces-y-desayuno","10":"first","11":"instock","12":"shipping-taxable","13":"purchasable","14":"product-type-variable"},"yoast_head":"<!-- This site is optimized with the Yoast SEO plugin v27.3 - https:\/\/yoast.com\/product\/yoast-seo-wordpress\/ -->\n<title>Cacao Puro Valor - Iberoo<\/title>\n<meta name=\"description\" content=\"El cacao puro Valor est\u00e1 pensado para quienes buscan un ingrediente aut\u00e9ntico, sin artificios, y con todo el car\u00e1cter del cacao.\" \/>\n<meta name=\"robots\" content=\"index, follow, max-snippet:-1, max-image-preview:large, max-video-preview:-1\" \/>\n<link rel=\"canonical\" href=\"https:\/\/iberoo.com\/en\/product\/valor-pure-cocoa\/\" \/>\n<meta property=\"og:locale\" content=\"en_US\" \/>\n<meta property=\"og:type\" content=\"article\" \/>\n<meta property=\"og:title\" content=\"Cacao Puro Valor - Iberoo\" \/>\n<meta property=\"og:description\" content=\"El cacao puro Valor est\u00e1 pensado para quienes buscan un ingrediente aut\u00e9ntico, sin artificios, y con todo el car\u00e1cter del cacao.\" \/>\n<meta property=\"og:url\" content=\"https:\/\/iberoo.com\/en\/product\/valor-pure-cocoa\/\" \/>\n<meta property=\"og:site_name\" content=\"Iberoo\" \/>\n<meta property=\"og:image\" content=\"https:\/\/iberoo.com\/wp-content\/uploads\/2026\/01\/valor-cacao.jpg\" \/>\n\t<meta property=\"og:image:width\" content=\"800\" \/>\n\t<meta property=\"og:image:height\" content=\"800\" \/>\n\t<meta property=\"og:image:type\" content=\"image\/jpeg\" \/>\n<meta name=\"twitter:card\" content=\"summary_large_image\" \/>\n<meta name=\"twitter:label1\" content=\"Availability\" \/>\n\t<meta name=\"twitter:data1\" content=\"In stock\" \/>\n<script type=\"application\/ld+json\" class=\"yoast-schema-graph\">{\"@context\":\"https:\\\/\\\/schema.org\",\"@graph\":[{\"@type\":\"WebPage\",\"@id\":\"https:\\\/\\\/iberoo.com\\\/producto\\\/cacao-puro-valor\\\/\",\"url\":\"https:\\\/\\\/iberoo.com\\\/producto\\\/cacao-puro-valor\\\/\",\"name\":\"Cacao Puro Valor - Iberoo\",\"isPartOf\":{\"@id\":\"https:\\\/\\\/iberoo.com\\\/#website\"},\"primaryImageOfPage\":{\"@id\":\"https:\\\/\\\/iberoo.com\\\/producto\\\/cacao-puro-valor\\\/#primaryimage\"},\"image\":{\"@id\":\"https:\\\/\\\/iberoo.com\\\/producto\\\/cacao-puro-valor\\\/#primaryimage\"},\"thumbnailUrl\":\"https:\\\/\\\/iberoo.com\\\/wp-content\\\/uploads\\\/2026\\\/01\\\/valor-cacao.jpg\",\"datePublished\":\"2026-01-03T00:56:28+00:00\",\"description\":\"El cacao puro Valor est\u00e1 pensado para quienes buscan un ingrediente aut\u00e9ntico, sin artificios, y con todo el car\u00e1cter del cacao.\",\"breadcrumb\":{\"@id\":\"https:\\\/\\\/iberoo.com\\\/producto\\\/cacao-puro-valor\\\/#breadcrumb\"},\"inLanguage\":\"en-US\",\"potentialAction\":[{\"@type\":\"ReadAction\",\"target\":[\"https:\\\/\\\/iberoo.com\\\/producto\\\/cacao-puro-valor\\\/\"]}]},{\"@type\":\"ImageObject\",\"inLanguage\":\"en-US\",\"@id\":\"https:\\\/\\\/iberoo.com\\\/producto\\\/cacao-puro-valor\\\/#primaryimage\",\"url\":\"https:\\\/\\\/iberoo.com\\\/wp-content\\\/uploads\\\/2026\\\/01\\\/valor-cacao.jpg\",\"contentUrl\":\"https:\\\/\\\/iberoo.com\\\/wp-content\\\/uploads\\\/2026\\\/01\\\/valor-cacao.jpg\",\"width\":800,\"height\":800,\"caption\":\"Cacao Valor\"},{\"@type\":\"BreadcrumbList\",\"@id\":\"https:\\\/\\\/iberoo.com\\\/producto\\\/cacao-puro-valor\\\/#breadcrumb\",\"itemListElement\":[{\"@type\":\"ListItem\",\"position\":1,\"name\":\"Portada\",\"item\":\"https:\\\/\\\/iberoo.com\\\/\"},{\"@type\":\"ListItem\",\"position\":2,\"name\":\"Tienda Online\",\"item\":\"https:\\\/\\\/iberoo.com\\\/tienda\\\/\"},{\"@type\":\"ListItem\",\"position\":3,\"name\":\"Cacao Puro Valor\"}]},{\"@type\":\"WebSite\",\"@id\":\"https:\\\/\\\/iberoo.com\\\/#website\",\"url\":\"https:\\\/\\\/iberoo.com\\\/\",\"name\":\"Iberoo\",\"description\":\"\",\"publisher\":{\"@id\":\"https:\\\/\\\/iberoo.com\\\/#organization\"},\"potentialAction\":[{\"@type\":\"SearchAction\",\"target\":{\"@type\":\"EntryPoint\",\"urlTemplate\":\"https:\\\/\\\/iberoo.com\\\/?s={search_term_string}\"},\"query-input\":{\"@type\":\"PropertyValueSpecification\",\"valueRequired\":true,\"valueName\":\"search_term_string\"}}],\"inLanguage\":\"en-US\"},{\"@type\":\"Organization\",\"@id\":\"https:\\\/\\\/iberoo.com\\\/#organization\",\"name\":\"Iberoo\",\"url\":\"https:\\\/\\\/iberoo.com\\\/\",\"logo\":{\"@type\":\"ImageObject\",\"inLanguage\":\"en-US\",\"@id\":\"https:\\\/\\\/iberoo.com\\\/#\\\/schema\\\/logo\\\/image\\\/\",\"url\":\"https:\\\/\\\/iberoo.com\\\/wp-content\\\/uploads\\\/2025\\\/11\\\/logo-cuadrado.jpg\",\"contentUrl\":\"https:\\\/\\\/iberoo.com\\\/wp-content\\\/uploads\\\/2025\\\/11\\\/logo-cuadrado.jpg\",\"width\":700,\"height\":700,\"caption\":\"Iberoo\"},\"image\":{\"@id\":\"https:\\\/\\\/iberoo.com\\\/#\\\/schema\\\/logo\\\/image\\\/\"}}]}<\/script>\n<meta property=\"product:brand\" content=\"Valor\" \/>\n<meta property=\"og:availability\" content=\"instock\" \/>\n<meta property=\"product:availability\" content=\"instock\" \/>\n<meta property=\"product:condition\" content=\"new\" \/>\n<!-- \/ Yoast SEO plugin. -->","yoast_head_json":{"title":"Valor Pure Cocoa - Iberoo","description":"Valor pure cocoa is designed for those seeking an authentic ingredient, without artifice, and with all the character of cocoa.","robots":{"index":"index","follow":"follow","max-snippet":"max-snippet:-1","max-image-preview":"max-image-preview:large","max-video-preview":"max-video-preview:-1"},"canonical":"https:\/\/iberoo.com\/en\/product\/valor-pure-cocoa\/","og_locale":"en_US","og_type":"article","og_title":"Cacao Puro Valor - Iberoo","og_description":"El cacao puro Valor est\u00e1 pensado para quienes buscan un ingrediente aut\u00e9ntico, sin artificios, y con todo el car\u00e1cter del cacao.","og_url":"https:\/\/iberoo.com\/en\/product\/valor-pure-cocoa\/","og_site_name":"Iberoo","og_image":[{"width":800,"height":800,"url":"https:\/\/iberoo.com\/wp-content\/uploads\/2026\/01\/valor-cacao.jpg","type":"image\/jpeg"}],"twitter_card":"summary_large_image","twitter_misc":{"Availability":"In stock"},"schema":{"@context":"https:\/\/schema.org","@graph":[{"@type":"WebPage","@id":"https:\/\/iberoo.com\/producto\/cacao-puro-valor\/","url":"https:\/\/iberoo.com\/producto\/cacao-puro-valor\/","name":"Valor Pure Cocoa - Iberoo","isPartOf":{"@id":"https:\/\/iberoo.com\/#website"},"primaryImageOfPage":{"@id":"https:\/\/iberoo.com\/producto\/cacao-puro-valor\/#primaryimage"},"image":{"@id":"https:\/\/iberoo.com\/producto\/cacao-puro-valor\/#primaryimage"},"thumbnailUrl":"https:\/\/iberoo.com\/wp-content\/uploads\/2026\/01\/valor-cacao.jpg","datePublished":"2026-01-03T00:56:28+00:00","description":"Valor pure cocoa is designed for those seeking an authentic ingredient, without artifice, and with all the character of cocoa.","breadcrumb":{"@id":"https:\/\/iberoo.com\/producto\/cacao-puro-valor\/#breadcrumb"},"inLanguage":"en-US","potentialAction":[{"@type":"ReadAction","target":["https:\/\/iberoo.com\/producto\/cacao-puro-valor\/"]}]},{"@type":"ImageObject","inLanguage":"en-US","@id":"https:\/\/iberoo.com\/producto\/cacao-puro-valor\/#primaryimage","url":"https:\/\/iberoo.com\/wp-content\/uploads\/2026\/01\/valor-cacao.jpg","contentUrl":"https:\/\/iberoo.com\/wp-content\/uploads\/2026\/01\/valor-cacao.jpg","width":800,"height":800,"caption":"Cacao Valor"},{"@type":"BreadcrumbList","@id":"https:\/\/iberoo.com\/producto\/cacao-puro-valor\/#breadcrumb","itemListElement":[{"@type":"ListItem","position":1,"name":"Portada","item":"https:\/\/iberoo.com\/"},{"@type":"ListItem","position":2,"name":"Tienda Online","item":"https:\/\/iberoo.com\/tienda\/"},{"@type":"ListItem","position":3,"name":"Cacao Puro Valor"}]},{"@type":"WebSite","@id":"https:\/\/iberoo.com\/#website","url":"https:\/\/iberoo.com\/","name":"Iberoo","description":"","publisher":{"@id":"https:\/\/iberoo.com\/#organization"},"potentialAction":[{"@type":"SearchAction","target":{"@type":"EntryPoint","urlTemplate":"https:\/\/iberoo.com\/?s={search_term_string}"},"query-input":{"@type":"PropertyValueSpecification","valueRequired":true,"valueName":"search_term_string"}}],"inLanguage":"en-US"},{"@type":"Organization","@id":"https:\/\/iberoo.com\/#organization","name":"Iberoo","url":"https:\/\/iberoo.com\/","logo":{"@type":"ImageObject","inLanguage":"en-US","@id":"https:\/\/iberoo.com\/#\/schema\/logo\/image\/","url":"https:\/\/iberoo.com\/wp-content\/uploads\/2025\/11\/logo-cuadrado.jpg","contentUrl":"https:\/\/iberoo.com\/wp-content\/uploads\/2025\/11\/logo-cuadrado.jpg","width":700,"height":700,"caption":"Iberoo"},"image":{"@id":"https:\/\/iberoo.com\/#\/schema\/logo\/image\/"}}]},"product_brand":"Valor","og_availability":"instock","product_availability":"instock","product_condition":"new"},"_links":{"self":[{"href":"https:\/\/iberoo.com\/en\/wp-json\/wp\/v2\/product\/2290","targetHints":{"allow":["GET"]}}],"collection":[{"href":"https:\/\/iberoo.com\/en\/wp-json\/wp\/v2\/product"}],"about":[{"href":"https:\/\/iberoo.com\/en\/wp-json\/wp\/v2\/types\/product"}],"replies":[{"embeddable":true,"href":"https:\/\/iberoo.com\/en\/wp-json\/wp\/v2\/comments?post=2290"}],"wp:featuredmedia":[{"embeddable":true,"href":"https:\/\/iberoo.com\/en\/wp-json\/wp\/v2\/media\/2291"}],"wp:attachment":[{"href":"https:\/\/iberoo.com\/en\/wp-json\/wp\/v2\/media?parent=2290"}],"wp:term":[{"taxonomy":"product_brand","embeddable":true,"href":"https:\/\/iberoo.com\/en\/wp-json\/wp\/v2\/product_brand?post=2290"},{"taxonomy":"product_cat","embeddable":true,"href":"https:\/\/iberoo.com\/en\/wp-json\/wp\/v2\/product_cat?post=2290"},{"taxonomy":"product_tag","embeddable":true,"href":"https:\/\/iberoo.com\/en\/wp-json\/wp\/v2\/product_tag?post=2290"}],"curies":[{"name":"wp","href":"https:\/\/api.w.org\/{rel}","templated":true}]}}