{"id":2296,"date":"2026-01-03T19:35:17","date_gmt":"2026-01-03T18:35:17","guid":{"rendered":"https:\/\/iberoo.com\/?post_type=product&#038;p=2296"},"modified":"2026-01-03T19:35:18","modified_gmt":"2026-01-03T18:35:18","slug":"nesquik","status":"publish","type":"product","link":"https:\/\/iberoo.com\/en\/product\/nesquik\/","title":{"rendered":"Nesquik"},"content":{"rendered":"<p>Nesquik's unmistakable flavor and easy dissolution make it a practical choice for quick breakfasts, satisfying snacks, or comforting breaks, whether with hot or cold milk. The wide variety of formats and versions available allows you to choose the perfect product for every household or consumption need.<\/p>\n<p>The classic range includes Nesquik in 390g, 700g, 1.5kg, 2kg, and 2.7kg sizes, designed for gradual consumption, from occasional use to large families or environments where it is consumed daily. All of them maintain the smooth and balanced flavor profile that characterizes the brand, with cocoa that is easy to mix and pleasant to the palate.<\/p>\n<p>For those seeking specific alternatives, Nesquik offers a range of options. Nesquik Zero (320 g) is geared towards those who prefer a sugar-free option. Nesquik Up (330 g) features a formula designed for active lifestyles. Nesquik ExtraChoc (390 g) intensifies the cocoa flavor for chocolate lovers, while Nesquik Night (400 g) is designed for a milder treat at the end of the day. Completing the range is Nesquik Pure Cocoa (290 g), a more straightforward and natural option, ideal for recipes or for those seeking the pure taste of cocoa without additives.<\/p>\n<p>Nesquik Instant-Kakao eignet sich nicht nur als Getr\u00e4nk, sondern auch f\u00fcr selbstgemachte Desserts, Smoothies, Kuchen oder Joghurt und sorgt so f\u00fcr einen vertrauten and vielseitigen Geschmack. Ein Sortiment, das auf unterschiedliche Gewohnheiten abgestimmt ist und dabei stets den Komfort und das Geschmackserlebnis bietet, die die Marke auszeichnen.<\/p>","protected":false},"excerpt":{"rendered":"<p>Nesquik soluble cocoa is one of those products that easily adapts to different lifestyles, ages, and times of day.<\/p>","protected":false},"featured_media":2297,"comment_status":"closed","ping_status":"closed","template":"","meta":[],"product_brand":[209],"product_cat":[205,139],"product_tag":[],"class_list":{"0":"post-2296","1":"product","2":"type-product","3":"status-publish","4":"has-post-thumbnail","6":"product_brand-nesquik","7":"product_cat-cafe-y-cacao","8":"product_cat-dulces-y-desayuno","10":"first","11":"instock","12":"shipping-taxable","13":"purchasable","14":"product-type-variable"},"yoast_head":"<!-- This site is optimized with the Yoast SEO plugin v27.3 - https:\/\/yoast.com\/product\/yoast-seo-wordpress\/ -->\n<title>Nesquik - Iberoo<\/title>\n<meta name=\"description\" content=\"El cacao soluble Nesquik es una de esas referencias que se adapta con facilidad a distintos estilos de vida, edades y momentos del d\u00eda.\" \/>\n<meta name=\"robots\" content=\"index, follow, max-snippet:-1, max-image-preview:large, max-video-preview:-1\" \/>\n<link rel=\"canonical\" href=\"https:\/\/iberoo.com\/en\/product\/nesquik\/\" \/>\n<meta property=\"og:locale\" content=\"en_US\" \/>\n<meta property=\"og:type\" content=\"article\" \/>\n<meta property=\"og:title\" content=\"Nesquik - Iberoo\" \/>\n<meta property=\"og:description\" content=\"El cacao soluble Nesquik es una de esas referencias que se adapta con facilidad a distintos estilos de vida, edades y momentos del d\u00eda.\" \/>\n<meta property=\"og:url\" content=\"https:\/\/iberoo.com\/en\/product\/nesquik\/\" \/>\n<meta property=\"og:site_name\" content=\"Iberoo\" \/>\n<meta property=\"article:modified_time\" content=\"2026-01-03T18:35:18+00:00\" \/>\n<meta property=\"og:image\" content=\"https:\/\/iberoo.com\/wp-content\/uploads\/2026\/01\/nesquik.jpg\" \/>\n\t<meta property=\"og:image:width\" content=\"800\" \/>\n\t<meta property=\"og:image:height\" content=\"800\" \/>\n\t<meta property=\"og:image:type\" content=\"image\/jpeg\" \/>\n<meta name=\"twitter:card\" content=\"summary_large_image\" \/>\n<meta name=\"twitter:label1\" content=\"Availability\" \/>\n\t<meta name=\"twitter:data1\" content=\"In stock\" \/>\n<script type=\"application\/ld+json\" class=\"yoast-schema-graph\">{\"@context\":\"https:\\\/\\\/schema.org\",\"@graph\":[{\"@type\":\"WebPage\",\"@id\":\"https:\\\/\\\/iberoo.com\\\/producto\\\/nesquik\\\/\",\"url\":\"https:\\\/\\\/iberoo.com\\\/producto\\\/nesquik\\\/\",\"name\":\"Nesquik - Iberoo\",\"isPartOf\":{\"@id\":\"https:\\\/\\\/iberoo.com\\\/#website\"},\"primaryImageOfPage\":{\"@id\":\"https:\\\/\\\/iberoo.com\\\/producto\\\/nesquik\\\/#primaryimage\"},\"image\":{\"@id\":\"https:\\\/\\\/iberoo.com\\\/producto\\\/nesquik\\\/#primaryimage\"},\"thumbnailUrl\":\"https:\\\/\\\/iberoo.com\\\/wp-content\\\/uploads\\\/2026\\\/01\\\/nesquik.jpg\",\"datePublished\":\"2026-01-03T18:35:17+00:00\",\"dateModified\":\"2026-01-03T18:35:18+00:00\",\"description\":\"El cacao soluble Nesquik es una de esas referencias que se adapta con facilidad a distintos estilos de vida, edades y momentos del d\u00eda.\",\"breadcrumb\":{\"@id\":\"https:\\\/\\\/iberoo.com\\\/producto\\\/nesquik\\\/#breadcrumb\"},\"inLanguage\":\"en-US\",\"potentialAction\":[{\"@type\":\"ReadAction\",\"target\":[\"https:\\\/\\\/iberoo.com\\\/producto\\\/nesquik\\\/\"]}]},{\"@type\":\"ImageObject\",\"inLanguage\":\"en-US\",\"@id\":\"https:\\\/\\\/iberoo.com\\\/producto\\\/nesquik\\\/#primaryimage\",\"url\":\"https:\\\/\\\/iberoo.com\\\/wp-content\\\/uploads\\\/2026\\\/01\\\/nesquik.jpg\",\"contentUrl\":\"https:\\\/\\\/iberoo.com\\\/wp-content\\\/uploads\\\/2026\\\/01\\\/nesquik.jpg\",\"width\":800,\"height\":800,\"caption\":\"Nesquik\"},{\"@type\":\"BreadcrumbList\",\"@id\":\"https:\\\/\\\/iberoo.com\\\/producto\\\/nesquik\\\/#breadcrumb\",\"itemListElement\":[{\"@type\":\"ListItem\",\"position\":1,\"name\":\"Portada\",\"item\":\"https:\\\/\\\/iberoo.com\\\/\"},{\"@type\":\"ListItem\",\"position\":2,\"name\":\"Tienda Online\",\"item\":\"https:\\\/\\\/iberoo.com\\\/tienda\\\/\"},{\"@type\":\"ListItem\",\"position\":3,\"name\":\"Nesquik\"}]},{\"@type\":\"WebSite\",\"@id\":\"https:\\\/\\\/iberoo.com\\\/#website\",\"url\":\"https:\\\/\\\/iberoo.com\\\/\",\"name\":\"Iberoo\",\"description\":\"\",\"publisher\":{\"@id\":\"https:\\\/\\\/iberoo.com\\\/#organization\"},\"potentialAction\":[{\"@type\":\"SearchAction\",\"target\":{\"@type\":\"EntryPoint\",\"urlTemplate\":\"https:\\\/\\\/iberoo.com\\\/?s={search_term_string}\"},\"query-input\":{\"@type\":\"PropertyValueSpecification\",\"valueRequired\":true,\"valueName\":\"search_term_string\"}}],\"inLanguage\":\"en-US\"},{\"@type\":\"Organization\",\"@id\":\"https:\\\/\\\/iberoo.com\\\/#organization\",\"name\":\"Iberoo\",\"url\":\"https:\\\/\\\/iberoo.com\\\/\",\"logo\":{\"@type\":\"ImageObject\",\"inLanguage\":\"en-US\",\"@id\":\"https:\\\/\\\/iberoo.com\\\/#\\\/schema\\\/logo\\\/image\\\/\",\"url\":\"https:\\\/\\\/iberoo.com\\\/wp-content\\\/uploads\\\/2025\\\/11\\\/logo-cuadrado.jpg\",\"contentUrl\":\"https:\\\/\\\/iberoo.com\\\/wp-content\\\/uploads\\\/2025\\\/11\\\/logo-cuadrado.jpg\",\"width\":700,\"height\":700,\"caption\":\"Iberoo\"},\"image\":{\"@id\":\"https:\\\/\\\/iberoo.com\\\/#\\\/schema\\\/logo\\\/image\\\/\"}}]}<\/script>\n<meta property=\"product:brand\" content=\"Nesquik\" \/>\n<meta property=\"og:availability\" content=\"instock\" \/>\n<meta property=\"product:availability\" content=\"instock\" \/>\n<meta property=\"product:condition\" content=\"new\" \/>\n<!-- \/ Yoast SEO plugin. -->","yoast_head_json":{"title":"Nesquik - Iberoo","description":"Nesquik soluble cocoa is one of those products that easily adapts to different lifestyles, ages, and times of day.","robots":{"index":"index","follow":"follow","max-snippet":"max-snippet:-1","max-image-preview":"max-image-preview:large","max-video-preview":"max-video-preview:-1"},"canonical":"https:\/\/iberoo.com\/en\/product\/nesquik\/","og_locale":"en_US","og_type":"article","og_title":"Nesquik - Iberoo","og_description":"El cacao soluble Nesquik es una de esas referencias que se adapta con facilidad a distintos estilos de vida, edades y momentos del d\u00eda.","og_url":"https:\/\/iberoo.com\/en\/product\/nesquik\/","og_site_name":"Iberoo","article_modified_time":"2026-01-03T18:35:18+00:00","og_image":[{"width":800,"height":800,"url":"https:\/\/iberoo.com\/wp-content\/uploads\/2026\/01\/nesquik.jpg","type":"image\/jpeg"}],"twitter_card":"summary_large_image","twitter_misc":{"Availability":"In stock"},"schema":{"@context":"https:\/\/schema.org","@graph":[{"@type":"WebPage","@id":"https:\/\/iberoo.com\/producto\/nesquik\/","url":"https:\/\/iberoo.com\/producto\/nesquik\/","name":"Nesquik - Iberoo","isPartOf":{"@id":"https:\/\/iberoo.com\/#website"},"primaryImageOfPage":{"@id":"https:\/\/iberoo.com\/producto\/nesquik\/#primaryimage"},"image":{"@id":"https:\/\/iberoo.com\/producto\/nesquik\/#primaryimage"},"thumbnailUrl":"https:\/\/iberoo.com\/wp-content\/uploads\/2026\/01\/nesquik.jpg","datePublished":"2026-01-03T18:35:17+00:00","dateModified":"2026-01-03T18:35:18+00:00","description":"Nesquik soluble cocoa is one of those products that easily adapts to different lifestyles, ages, and times of day.","breadcrumb":{"@id":"https:\/\/iberoo.com\/producto\/nesquik\/#breadcrumb"},"inLanguage":"en-US","potentialAction":[{"@type":"ReadAction","target":["https:\/\/iberoo.com\/producto\/nesquik\/"]}]},{"@type":"ImageObject","inLanguage":"en-US","@id":"https:\/\/iberoo.com\/producto\/nesquik\/#primaryimage","url":"https:\/\/iberoo.com\/wp-content\/uploads\/2026\/01\/nesquik.jpg","contentUrl":"https:\/\/iberoo.com\/wp-content\/uploads\/2026\/01\/nesquik.jpg","width":800,"height":800,"caption":"Nesquik"},{"@type":"BreadcrumbList","@id":"https:\/\/iberoo.com\/producto\/nesquik\/#breadcrumb","itemListElement":[{"@type":"ListItem","position":1,"name":"Portada","item":"https:\/\/iberoo.com\/"},{"@type":"ListItem","position":2,"name":"Tienda Online","item":"https:\/\/iberoo.com\/tienda\/"},{"@type":"ListItem","position":3,"name":"Nesquik"}]},{"@type":"WebSite","@id":"https:\/\/iberoo.com\/#website","url":"https:\/\/iberoo.com\/","name":"Iberoo","description":"","publisher":{"@id":"https:\/\/iberoo.com\/#organization"},"potentialAction":[{"@type":"SearchAction","target":{"@type":"EntryPoint","urlTemplate":"https:\/\/iberoo.com\/?s={search_term_string}"},"query-input":{"@type":"PropertyValueSpecification","valueRequired":true,"valueName":"search_term_string"}}],"inLanguage":"en-US"},{"@type":"Organization","@id":"https:\/\/iberoo.com\/#organization","name":"Iberoo","url":"https:\/\/iberoo.com\/","logo":{"@type":"ImageObject","inLanguage":"en-US","@id":"https:\/\/iberoo.com\/#\/schema\/logo\/image\/","url":"https:\/\/iberoo.com\/wp-content\/uploads\/2025\/11\/logo-cuadrado.jpg","contentUrl":"https:\/\/iberoo.com\/wp-content\/uploads\/2025\/11\/logo-cuadrado.jpg","width":700,"height":700,"caption":"Iberoo"},"image":{"@id":"https:\/\/iberoo.com\/#\/schema\/logo\/image\/"}}]},"product_brand":"Nesquik","og_availability":"instock","product_availability":"instock","product_condition":"new"},"_links":{"self":[{"href":"https:\/\/iberoo.com\/en\/wp-json\/wp\/v2\/product\/2296","targetHints":{"allow":["GET"]}}],"collection":[{"href":"https:\/\/iberoo.com\/en\/wp-json\/wp\/v2\/product"}],"about":[{"href":"https:\/\/iberoo.com\/en\/wp-json\/wp\/v2\/types\/product"}],"replies":[{"embeddable":true,"href":"https:\/\/iberoo.com\/en\/wp-json\/wp\/v2\/comments?post=2296"}],"wp:featuredmedia":[{"embeddable":true,"href":"https:\/\/iberoo.com\/en\/wp-json\/wp\/v2\/media\/2297"}],"wp:attachment":[{"href":"https:\/\/iberoo.com\/en\/wp-json\/wp\/v2\/media?parent=2296"}],"wp:term":[{"taxonomy":"product_brand","embeddable":true,"href":"https:\/\/iberoo.com\/en\/wp-json\/wp\/v2\/product_brand?post=2296"},{"taxonomy":"product_cat","embeddable":true,"href":"https:\/\/iberoo.com\/en\/wp-json\/wp\/v2\/product_cat?post=2296"},{"taxonomy":"product_tag","embeddable":true,"href":"https:\/\/iberoo.com\/en\/wp-json\/wp\/v2\/product_tag?post=2296"}],"curies":[{"name":"wp","href":"https:\/\/api.w.org\/{rel}","templated":true}]}}