{"id":2370,"date":"2026-01-05T00:32:56","date_gmt":"2026-01-04T23:32:56","guid":{"rendered":"https:\/\/iberoo.com\/?post_type=product&#038;p=2370"},"modified":"2026-01-05T00:32:57","modified_gmt":"2026-01-04T23:32:57","slug":"cuetara-campurrianas-cookies","status":"publish","type":"product","link":"https:\/\/iberoo.com\/en\/product\/cuetara-campurrianas-cookies\/","title":{"rendered":"Cu\u00e9tara Campurrianas Cookies"},"content":{"rendered":"<p>Cu\u00e9tara's Campurrianas biscuits come in a 755-gram box. This format is ideal for homes where biscuits are part of everyday life and are consumed regularly, whether with family or at informal gatherings.<\/p>\n<p>Their texture is one of their most distinctive features: firm yet easy to bite, with a crispness that remains even when dipped in milk, coffee, or cocoa. This balance makes them especially versatile and enjoyable with hot drinks, without becoming too soft or losing their consistency. Their flavor is mild and balanced, designed to please a variety of palates and be perfect for any time of day.<\/p>\n<p>Campurrianas cookies are also notable for their usefulness in home cooking. They make an excellent base for traditional desserts, such as chilled tarts or layers of cookies with cream, and work very well crushed to prepare bases for sweet recipes. Their uniform size makes them easy to use both directly and in more creative preparations, always providing a reliable result.<\/p>\n<p>The 755g box ensures you always have a good supply on hand, reducing the need for frequent restocking and guaranteeing a practical pantry staple. With its long history, Cu\u00e9tara offers Campurrianas biscuits, a truly authentic and recognizable product designed for those who value tradition, consistent flavor, and the convenience of a reliable staple.<\/p>","protected":false},"excerpt":{"rendered":"<p>Cu\u00e9tara's Campurrianas biscuits in a 755-gram box are a classic reference within traditional biscuit making, appreciated for their simplicity and for that flavor that evokes peaceful breakfasts and traditional afternoon snacks.<\/p>","protected":false},"featured_media":2371,"comment_status":"closed","ping_status":"closed","template":"","meta":[],"product_brand":[217],"product_cat":[139,214],"product_tag":[],"class_list":{"0":"post-2370","1":"product","2":"type-product","3":"status-publish","4":"has-post-thumbnail","6":"product_brand-cuetara","7":"product_cat-dulces-y-desayuno","8":"product_cat-galletas-y-bolleria","10":"first","11":"instock","12":"shipping-taxable","13":"purchasable","14":"product-type-simple"},"yoast_head":"<!-- This site is optimized with the Yoast SEO plugin v27.3 - https:\/\/yoast.com\/product\/yoast-seo-wordpress\/ -->\n<title>Galletas Campurrianas Cu\u00e9tara - Iberoo<\/title>\n<meta name=\"description\" content=\"Las galletas Campurrianas de Cu\u00e9tara son una referencia cl\u00e1sica dentro de la galleter\u00eda tradicional, apreciadas por su sencillez y por su sabor.\" \/>\n<meta name=\"robots\" content=\"index, follow, max-snippet:-1, max-image-preview:large, max-video-preview:-1\" \/>\n<link rel=\"canonical\" href=\"https:\/\/iberoo.com\/en\/product\/cuetara-campurrianas-cookies\/\" \/>\n<meta property=\"og:locale\" content=\"en_US\" \/>\n<meta property=\"og:type\" content=\"article\" \/>\n<meta property=\"og:title\" content=\"Galletas Campurrianas Cu\u00e9tara - Iberoo\" \/>\n<meta property=\"og:description\" content=\"Las galletas Campurrianas de Cu\u00e9tara son una referencia cl\u00e1sica dentro de la galleter\u00eda tradicional, apreciadas por su sencillez y por su sabor.\" \/>\n<meta property=\"og:url\" content=\"https:\/\/iberoo.com\/en\/product\/cuetara-campurrianas-cookies\/\" \/>\n<meta property=\"og:site_name\" content=\"Iberoo\" \/>\n<meta property=\"article:modified_time\" content=\"2026-01-04T23:32:57+00:00\" \/>\n<meta property=\"og:image\" content=\"https:\/\/iberoo.com\/wp-content\/uploads\/2026\/01\/cuetara-campurrianas.jpg\" \/>\n\t<meta property=\"og:image:width\" content=\"1200\" \/>\n\t<meta property=\"og:image:height\" content=\"1200\" \/>\n\t<meta property=\"og:image:type\" content=\"image\/jpeg\" \/>\n<meta name=\"twitter:card\" content=\"summary_large_image\" \/>\n<meta name=\"twitter:label1\" content=\"Price\" \/>\n\t<meta name=\"twitter:data1\" content=\"6,75&nbsp;&euro;\" \/>\n\t<meta name=\"twitter:label2\" content=\"Availability\" \/>\n\t<meta name=\"twitter:data2\" content=\"In stock\" \/>\n<script type=\"application\/ld+json\" class=\"yoast-schema-graph\">{\"@context\":\"https:\\\/\\\/schema.org\",\"@graph\":[{\"@type\":\"WebPage\",\"@id\":\"https:\\\/\\\/iberoo.com\\\/producto\\\/galletas-campurrianas-cuetara\\\/\",\"url\":\"https:\\\/\\\/iberoo.com\\\/producto\\\/galletas-campurrianas-cuetara\\\/\",\"name\":\"Galletas Campurrianas Cu\u00e9tara - Iberoo\",\"isPartOf\":{\"@id\":\"https:\\\/\\\/iberoo.com\\\/#website\"},\"primaryImageOfPage\":{\"@id\":\"https:\\\/\\\/iberoo.com\\\/producto\\\/galletas-campurrianas-cuetara\\\/#primaryimage\"},\"image\":{\"@id\":\"https:\\\/\\\/iberoo.com\\\/producto\\\/galletas-campurrianas-cuetara\\\/#primaryimage\"},\"thumbnailUrl\":\"https:\\\/\\\/iberoo.com\\\/wp-content\\\/uploads\\\/2026\\\/01\\\/cuetara-campurrianas.jpg\",\"datePublished\":\"2026-01-04T23:32:56+00:00\",\"dateModified\":\"2026-01-04T23:32:57+00:00\",\"description\":\"Las galletas Campurrianas de Cu\u00e9tara son una referencia cl\u00e1sica dentro de la galleter\u00eda tradicional, apreciadas por su sencillez y por su sabor.\",\"breadcrumb\":{\"@id\":\"https:\\\/\\\/iberoo.com\\\/producto\\\/galletas-campurrianas-cuetara\\\/#breadcrumb\"},\"inLanguage\":\"en-US\",\"potentialAction\":[{\"@type\":\"ReadAction\",\"target\":[\"https:\\\/\\\/iberoo.com\\\/producto\\\/galletas-campurrianas-cuetara\\\/\"]}]},{\"@type\":\"ImageObject\",\"inLanguage\":\"en-US\",\"@id\":\"https:\\\/\\\/iberoo.com\\\/producto\\\/galletas-campurrianas-cuetara\\\/#primaryimage\",\"url\":\"https:\\\/\\\/iberoo.com\\\/wp-content\\\/uploads\\\/2026\\\/01\\\/cuetara-campurrianas.jpg\",\"contentUrl\":\"https:\\\/\\\/iberoo.com\\\/wp-content\\\/uploads\\\/2026\\\/01\\\/cuetara-campurrianas.jpg\",\"width\":1200,\"height\":1200,\"caption\":\"Galletas Campurrianas Cu\u00e9tara\"},{\"@type\":\"BreadcrumbList\",\"@id\":\"https:\\\/\\\/iberoo.com\\\/producto\\\/galletas-campurrianas-cuetara\\\/#breadcrumb\",\"itemListElement\":[{\"@type\":\"ListItem\",\"position\":1,\"name\":\"Portada\",\"item\":\"https:\\\/\\\/iberoo.com\\\/\"},{\"@type\":\"ListItem\",\"position\":2,\"name\":\"Tienda Online\",\"item\":\"https:\\\/\\\/iberoo.com\\\/tienda\\\/\"},{\"@type\":\"ListItem\",\"position\":3,\"name\":\"Galletas Campurrianas Cu\u00e9tara\"}]},{\"@type\":\"WebSite\",\"@id\":\"https:\\\/\\\/iberoo.com\\\/#website\",\"url\":\"https:\\\/\\\/iberoo.com\\\/\",\"name\":\"Iberoo\",\"description\":\"\",\"publisher\":{\"@id\":\"https:\\\/\\\/iberoo.com\\\/#organization\"},\"potentialAction\":[{\"@type\":\"SearchAction\",\"target\":{\"@type\":\"EntryPoint\",\"urlTemplate\":\"https:\\\/\\\/iberoo.com\\\/?s={search_term_string}\"},\"query-input\":{\"@type\":\"PropertyValueSpecification\",\"valueRequired\":true,\"valueName\":\"search_term_string\"}}],\"inLanguage\":\"en-US\"},{\"@type\":\"Organization\",\"@id\":\"https:\\\/\\\/iberoo.com\\\/#organization\",\"name\":\"Iberoo\",\"url\":\"https:\\\/\\\/iberoo.com\\\/\",\"logo\":{\"@type\":\"ImageObject\",\"inLanguage\":\"en-US\",\"@id\":\"https:\\\/\\\/iberoo.com\\\/#\\\/schema\\\/logo\\\/image\\\/\",\"url\":\"https:\\\/\\\/iberoo.com\\\/wp-content\\\/uploads\\\/2025\\\/11\\\/logo-cuadrado.jpg\",\"contentUrl\":\"https:\\\/\\\/iberoo.com\\\/wp-content\\\/uploads\\\/2025\\\/11\\\/logo-cuadrado.jpg\",\"width\":700,\"height\":700,\"caption\":\"Iberoo\"},\"image\":{\"@id\":\"https:\\\/\\\/iberoo.com\\\/#\\\/schema\\\/logo\\\/image\\\/\"}}]}<\/script>\n<meta property=\"product:brand\" content=\"Cu\u00e9tara\" \/>\n<meta property=\"product:price:amount\" content=\"6.75\" \/>\n<meta property=\"product:price:currency\" content=\"EUR\" \/>\n<meta property=\"og:availability\" content=\"instock\" \/>\n<meta property=\"product:availability\" content=\"instock\" \/>\n<meta property=\"product:condition\" content=\"new\" \/>\n<!-- \/ Yoast SEO plugin. -->","yoast_head_json":{"title":"Cu\u00e9tara Campurrianas Cookies - Iberoo","description":"Cu\u00e9tara's Campurrianas biscuits are a classic reference within traditional biscuit making, appreciated for their simplicity and flavor.","robots":{"index":"index","follow":"follow","max-snippet":"max-snippet:-1","max-image-preview":"max-image-preview:large","max-video-preview":"max-video-preview:-1"},"canonical":"https:\/\/iberoo.com\/en\/product\/cuetara-campurrianas-cookies\/","og_locale":"en_US","og_type":"article","og_title":"Galletas Campurrianas Cu\u00e9tara - Iberoo","og_description":"Las galletas Campurrianas de Cu\u00e9tara son una referencia cl\u00e1sica dentro de la galleter\u00eda tradicional, apreciadas por su sencillez y por su sabor.","og_url":"https:\/\/iberoo.com\/en\/product\/cuetara-campurrianas-cookies\/","og_site_name":"Iberoo","article_modified_time":"2026-01-04T23:32:57+00:00","og_image":[{"width":1200,"height":1200,"url":"https:\/\/iberoo.com\/wp-content\/uploads\/2026\/01\/cuetara-campurrianas.jpg","type":"image\/jpeg"}],"twitter_card":"summary_large_image","twitter_misc":{"Price":"6,75&nbsp;&euro;","Availability":"In stock"},"schema":{"@context":"https:\/\/schema.org","@graph":[{"@type":"WebPage","@id":"https:\/\/iberoo.com\/producto\/galletas-campurrianas-cuetara\/","url":"https:\/\/iberoo.com\/producto\/galletas-campurrianas-cuetara\/","name":"Cu\u00e9tara Campurrianas Cookies - Iberoo","isPartOf":{"@id":"https:\/\/iberoo.com\/#website"},"primaryImageOfPage":{"@id":"https:\/\/iberoo.com\/producto\/galletas-campurrianas-cuetara\/#primaryimage"},"image":{"@id":"https:\/\/iberoo.com\/producto\/galletas-campurrianas-cuetara\/#primaryimage"},"thumbnailUrl":"https:\/\/iberoo.com\/wp-content\/uploads\/2026\/01\/cuetara-campurrianas.jpg","datePublished":"2026-01-04T23:32:56+00:00","dateModified":"2026-01-04T23:32:57+00:00","description":"Cu\u00e9tara's Campurrianas biscuits are a classic reference within traditional biscuit making, appreciated for their simplicity and flavor.","breadcrumb":{"@id":"https:\/\/iberoo.com\/producto\/galletas-campurrianas-cuetara\/#breadcrumb"},"inLanguage":"en-US","potentialAction":[{"@type":"ReadAction","target":["https:\/\/iberoo.com\/producto\/galletas-campurrianas-cuetara\/"]}]},{"@type":"ImageObject","inLanguage":"en-US","@id":"https:\/\/iberoo.com\/producto\/galletas-campurrianas-cuetara\/#primaryimage","url":"https:\/\/iberoo.com\/wp-content\/uploads\/2026\/01\/cuetara-campurrianas.jpg","contentUrl":"https:\/\/iberoo.com\/wp-content\/uploads\/2026\/01\/cuetara-campurrianas.jpg","width":1200,"height":1200,"caption":"Galletas Campurrianas Cu\u00e9tara"},{"@type":"BreadcrumbList","@id":"https:\/\/iberoo.com\/producto\/galletas-campurrianas-cuetara\/#breadcrumb","itemListElement":[{"@type":"ListItem","position":1,"name":"Portada","item":"https:\/\/iberoo.com\/"},{"@type":"ListItem","position":2,"name":"Tienda Online","item":"https:\/\/iberoo.com\/tienda\/"},{"@type":"ListItem","position":3,"name":"Galletas Campurrianas Cu\u00e9tara"}]},{"@type":"WebSite","@id":"https:\/\/iberoo.com\/#website","url":"https:\/\/iberoo.com\/","name":"Iberoo","description":"","publisher":{"@id":"https:\/\/iberoo.com\/#organization"},"potentialAction":[{"@type":"SearchAction","target":{"@type":"EntryPoint","urlTemplate":"https:\/\/iberoo.com\/?s={search_term_string}"},"query-input":{"@type":"PropertyValueSpecification","valueRequired":true,"valueName":"search_term_string"}}],"inLanguage":"en-US"},{"@type":"Organization","@id":"https:\/\/iberoo.com\/#organization","name":"Iberoo","url":"https:\/\/iberoo.com\/","logo":{"@type":"ImageObject","inLanguage":"en-US","@id":"https:\/\/iberoo.com\/#\/schema\/logo\/image\/","url":"https:\/\/iberoo.com\/wp-content\/uploads\/2025\/11\/logo-cuadrado.jpg","contentUrl":"https:\/\/iberoo.com\/wp-content\/uploads\/2025\/11\/logo-cuadrado.jpg","width":700,"height":700,"caption":"Iberoo"},"image":{"@id":"https:\/\/iberoo.com\/#\/schema\/logo\/image\/"}}]},"product_brand":"Cu\u00e9tara","product_price_amount":"6.75","product_price_currency":"EUR","og_availability":"instock","product_availability":"instock","product_condition":"new"},"_links":{"self":[{"href":"https:\/\/iberoo.com\/en\/wp-json\/wp\/v2\/product\/2370","targetHints":{"allow":["GET"]}}],"collection":[{"href":"https:\/\/iberoo.com\/en\/wp-json\/wp\/v2\/product"}],"about":[{"href":"https:\/\/iberoo.com\/en\/wp-json\/wp\/v2\/types\/product"}],"replies":[{"embeddable":true,"href":"https:\/\/iberoo.com\/en\/wp-json\/wp\/v2\/comments?post=2370"}],"wp:featuredmedia":[{"embeddable":true,"href":"https:\/\/iberoo.com\/en\/wp-json\/wp\/v2\/media\/2371"}],"wp:attachment":[{"href":"https:\/\/iberoo.com\/en\/wp-json\/wp\/v2\/media?parent=2370"}],"wp:term":[{"taxonomy":"product_brand","embeddable":true,"href":"https:\/\/iberoo.com\/en\/wp-json\/wp\/v2\/product_brand?post=2370"},{"taxonomy":"product_cat","embeddable":true,"href":"https:\/\/iberoo.com\/en\/wp-json\/wp\/v2\/product_cat?post=2370"},{"taxonomy":"product_tag","embeddable":true,"href":"https:\/\/iberoo.com\/en\/wp-json\/wp\/v2\/product_tag?post=2370"}],"curies":[{"name":"wp","href":"https:\/\/api.w.org\/{rel}","templated":true}]}}