{"id":3012,"date":"2026-03-26T17:01:30","date_gmt":"2026-03-26T16:01:30","guid":{"rendered":"https:\/\/iberoo.com\/?post_type=product&#038;p=3012"},"modified":"2026-03-26T17:01:31","modified_gmt":"2026-03-26T16:01:31","slug":"granero-de-levante-national-first-category-pine-nut","status":"publish","type":"product","link":"https:\/\/iberoo.com\/en\/product\/granero-de-levante-national-first-category-pine-nut\/","title":{"rendered":"Granero de Levante National First Category Pine Nut"},"content":{"rendered":"","protected":false},"excerpt":{"rendered":"<p>Premium quality Spanish pine nuts from the Granero de Levante brand, shelled and ready to eat or add to your stews and baked goods. Available in 30g bags, 100g bags, and 500g jars.<\/p>","protected":false},"featured_media":3013,"comment_status":"open","ping_status":"closed","template":"","meta":[],"product_brand":[264],"product_cat":[241,250],"product_tag":[],"class_list":{"0":"post-3012","1":"product","2":"type-product","3":"status-publish","4":"has-post-thumbnail","6":"product_brand-granero-de-levante","7":"product_cat-aperitivos-y-snacks","8":"product_cat-frutos-secos","10":"first","11":"instock","12":"shipping-taxable","13":"purchasable","14":"product-type-variable"},"yoast_head":"<!-- This site is optimized with the Yoast SEO plugin v27.3 - https:\/\/yoast.com\/product\/yoast-seo-wordpress\/ -->\n<title>Pi\u00f1\u00f3n Nacional Primera Categor\u00eda Granero de Levante - Iberoo<\/title>\n<meta name=\"description\" content=\"Pi\u00f1\u00f3n nacional espa\u00f1ol de primera categor\u00eda de la marca Granero de Levante pelados y listos para consumir o a\u00f1adir a tus guisos y horneados.\" \/>\n<meta name=\"robots\" content=\"index, follow, max-snippet:-1, max-image-preview:large, max-video-preview:-1\" \/>\n<link rel=\"canonical\" href=\"https:\/\/iberoo.com\/en\/product\/granero-de-levante-national-first-category-pine-nut\/\" \/>\n<meta property=\"og:locale\" content=\"en_US\" \/>\n<meta property=\"og:type\" content=\"article\" \/>\n<meta property=\"og:title\" content=\"Pi\u00f1\u00f3n Nacional Primera Categor\u00eda Granero de Levante - Iberoo\" \/>\n<meta property=\"og:description\" content=\"Pi\u00f1\u00f3n nacional espa\u00f1ol de primera categor\u00eda de la marca Granero de Levante pelados y listos para consumir o a\u00f1adir a tus guisos y horneados.\" \/>\n<meta property=\"og:url\" content=\"https:\/\/iberoo.com\/en\/product\/granero-de-levante-national-first-category-pine-nut\/\" \/>\n<meta property=\"og:site_name\" content=\"Iberoo\" \/>\n<meta property=\"article:modified_time\" content=\"2026-03-26T16:01:31+00:00\" \/>\n<meta property=\"og:image\" content=\"https:\/\/iberoo.com\/wp-content\/uploads\/2026\/03\/pinones.jpg\" \/>\n\t<meta property=\"og:image:width\" content=\"800\" \/>\n\t<meta property=\"og:image:height\" content=\"800\" \/>\n\t<meta property=\"og:image:type\" content=\"image\/jpeg\" \/>\n<meta name=\"twitter:card\" content=\"summary_large_image\" \/>\n<meta name=\"twitter:label1\" content=\"Availability\" \/>\n\t<meta name=\"twitter:data1\" content=\"In stock\" \/>\n<script type=\"application\/ld+json\" class=\"yoast-schema-graph\">{\"@context\":\"https:\\\/\\\/schema.org\",\"@graph\":[{\"@type\":\"WebPage\",\"@id\":\"https:\\\/\\\/iberoo.com\\\/producto\\\/pinon-nacional-primera-categoria-granero-de-levante\\\/\",\"url\":\"https:\\\/\\\/iberoo.com\\\/producto\\\/pinon-nacional-primera-categoria-granero-de-levante\\\/\",\"name\":\"Pi\u00f1\u00f3n Nacional Primera Categor\u00eda Granero de Levante - Iberoo\",\"isPartOf\":{\"@id\":\"https:\\\/\\\/iberoo.com\\\/#website\"},\"primaryImageOfPage\":{\"@id\":\"https:\\\/\\\/iberoo.com\\\/producto\\\/pinon-nacional-primera-categoria-granero-de-levante\\\/#primaryimage\"},\"image\":{\"@id\":\"https:\\\/\\\/iberoo.com\\\/producto\\\/pinon-nacional-primera-categoria-granero-de-levante\\\/#primaryimage\"},\"thumbnailUrl\":\"https:\\\/\\\/iberoo.com\\\/wp-content\\\/uploads\\\/2026\\\/03\\\/pinones.jpg\",\"datePublished\":\"2026-03-26T16:01:30+00:00\",\"dateModified\":\"2026-03-26T16:01:31+00:00\",\"description\":\"Pi\u00f1\u00f3n nacional espa\u00f1ol de primera categor\u00eda de la marca Granero de Levante pelados y listos para consumir o a\u00f1adir a tus guisos y horneados.\",\"breadcrumb\":{\"@id\":\"https:\\\/\\\/iberoo.com\\\/producto\\\/pinon-nacional-primera-categoria-granero-de-levante\\\/#breadcrumb\"},\"inLanguage\":\"en-US\",\"potentialAction\":[{\"@type\":\"ReadAction\",\"target\":[\"https:\\\/\\\/iberoo.com\\\/producto\\\/pinon-nacional-primera-categoria-granero-de-levante\\\/\"]}]},{\"@type\":\"ImageObject\",\"inLanguage\":\"en-US\",\"@id\":\"https:\\\/\\\/iberoo.com\\\/producto\\\/pinon-nacional-primera-categoria-granero-de-levante\\\/#primaryimage\",\"url\":\"https:\\\/\\\/iberoo.com\\\/wp-content\\\/uploads\\\/2026\\\/03\\\/pinones.jpg\",\"contentUrl\":\"https:\\\/\\\/iberoo.com\\\/wp-content\\\/uploads\\\/2026\\\/03\\\/pinones.jpg\",\"width\":800,\"height\":800,\"caption\":\"Pi\u00f1\u00f3n Nacional de Primera Categor\u00eda\"},{\"@type\":\"BreadcrumbList\",\"@id\":\"https:\\\/\\\/iberoo.com\\\/producto\\\/pinon-nacional-primera-categoria-granero-de-levante\\\/#breadcrumb\",\"itemListElement\":[{\"@type\":\"ListItem\",\"position\":1,\"name\":\"Portada\",\"item\":\"https:\\\/\\\/iberoo.com\\\/\"},{\"@type\":\"ListItem\",\"position\":2,\"name\":\"Tienda Online\",\"item\":\"https:\\\/\\\/iberoo.com\\\/tienda\\\/\"},{\"@type\":\"ListItem\",\"position\":3,\"name\":\"Pi\u00f1\u00f3n Nacional Primera Categor\u00eda Granero de Levante\"}]},{\"@type\":\"WebSite\",\"@id\":\"https:\\\/\\\/iberoo.com\\\/#website\",\"url\":\"https:\\\/\\\/iberoo.com\\\/\",\"name\":\"Iberoo\",\"description\":\"\",\"publisher\":{\"@id\":\"https:\\\/\\\/iberoo.com\\\/#organization\"},\"potentialAction\":[{\"@type\":\"SearchAction\",\"target\":{\"@type\":\"EntryPoint\",\"urlTemplate\":\"https:\\\/\\\/iberoo.com\\\/?s={search_term_string}\"},\"query-input\":{\"@type\":\"PropertyValueSpecification\",\"valueRequired\":true,\"valueName\":\"search_term_string\"}}],\"inLanguage\":\"en-US\"},{\"@type\":\"Organization\",\"@id\":\"https:\\\/\\\/iberoo.com\\\/#organization\",\"name\":\"Iberoo\",\"url\":\"https:\\\/\\\/iberoo.com\\\/\",\"logo\":{\"@type\":\"ImageObject\",\"inLanguage\":\"en-US\",\"@id\":\"https:\\\/\\\/iberoo.com\\\/#\\\/schema\\\/logo\\\/image\\\/\",\"url\":\"https:\\\/\\\/iberoo.com\\\/wp-content\\\/uploads\\\/2025\\\/11\\\/logo-cuadrado.jpg\",\"contentUrl\":\"https:\\\/\\\/iberoo.com\\\/wp-content\\\/uploads\\\/2025\\\/11\\\/logo-cuadrado.jpg\",\"width\":700,\"height\":700,\"caption\":\"Iberoo\"},\"image\":{\"@id\":\"https:\\\/\\\/iberoo.com\\\/#\\\/schema\\\/logo\\\/image\\\/\"}}]}<\/script>\n<meta property=\"product:brand\" content=\"Granero de Levante\" \/>\n<meta property=\"og:availability\" content=\"instock\" \/>\n<meta property=\"product:availability\" content=\"instock\" \/>\n<meta property=\"product:condition\" content=\"new\" \/>\n<!-- \/ Yoast SEO plugin. -->","yoast_head_json":{"title":"Granero de Levante National First Category Pine Nut - Iberoo","description":"Premium quality Spanish pine nuts from the Granero de Levante brand, shelled and ready to eat or add to your stews and baked goods.","robots":{"index":"index","follow":"follow","max-snippet":"max-snippet:-1","max-image-preview":"max-image-preview:large","max-video-preview":"max-video-preview:-1"},"canonical":"https:\/\/iberoo.com\/en\/product\/granero-de-levante-national-first-category-pine-nut\/","og_locale":"en_US","og_type":"article","og_title":"Pi\u00f1\u00f3n Nacional Primera Categor\u00eda Granero de Levante - Iberoo","og_description":"Pi\u00f1\u00f3n nacional espa\u00f1ol de primera categor\u00eda de la marca Granero de Levante pelados y listos para consumir o a\u00f1adir a tus guisos y horneados.","og_url":"https:\/\/iberoo.com\/en\/product\/granero-de-levante-national-first-category-pine-nut\/","og_site_name":"Iberoo","article_modified_time":"2026-03-26T16:01:31+00:00","og_image":[{"width":800,"height":800,"url":"https:\/\/iberoo.com\/wp-content\/uploads\/2026\/03\/pinones.jpg","type":"image\/jpeg"}],"twitter_card":"summary_large_image","twitter_misc":{"Availability":"In stock"},"schema":{"@context":"https:\/\/schema.org","@graph":[{"@type":"WebPage","@id":"https:\/\/iberoo.com\/producto\/pinon-nacional-primera-categoria-granero-de-levante\/","url":"https:\/\/iberoo.com\/producto\/pinon-nacional-primera-categoria-granero-de-levante\/","name":"Granero de Levante National First Category Pine Nut - Iberoo","isPartOf":{"@id":"https:\/\/iberoo.com\/#website"},"primaryImageOfPage":{"@id":"https:\/\/iberoo.com\/producto\/pinon-nacional-primera-categoria-granero-de-levante\/#primaryimage"},"image":{"@id":"https:\/\/iberoo.com\/producto\/pinon-nacional-primera-categoria-granero-de-levante\/#primaryimage"},"thumbnailUrl":"https:\/\/iberoo.com\/wp-content\/uploads\/2026\/03\/pinones.jpg","datePublished":"2026-03-26T16:01:30+00:00","dateModified":"2026-03-26T16:01:31+00:00","description":"Premium quality Spanish pine nuts from the Granero de Levante brand, shelled and ready to eat or add to your stews and baked goods.","breadcrumb":{"@id":"https:\/\/iberoo.com\/producto\/pinon-nacional-primera-categoria-granero-de-levante\/#breadcrumb"},"inLanguage":"en-US","potentialAction":[{"@type":"ReadAction","target":["https:\/\/iberoo.com\/producto\/pinon-nacional-primera-categoria-granero-de-levante\/"]}]},{"@type":"ImageObject","inLanguage":"en-US","@id":"https:\/\/iberoo.com\/producto\/pinon-nacional-primera-categoria-granero-de-levante\/#primaryimage","url":"https:\/\/iberoo.com\/wp-content\/uploads\/2026\/03\/pinones.jpg","contentUrl":"https:\/\/iberoo.com\/wp-content\/uploads\/2026\/03\/pinones.jpg","width":800,"height":800,"caption":"Pi\u00f1\u00f3n Nacional de Primera Categor\u00eda"},{"@type":"BreadcrumbList","@id":"https:\/\/iberoo.com\/producto\/pinon-nacional-primera-categoria-granero-de-levante\/#breadcrumb","itemListElement":[{"@type":"ListItem","position":1,"name":"Portada","item":"https:\/\/iberoo.com\/"},{"@type":"ListItem","position":2,"name":"Tienda Online","item":"https:\/\/iberoo.com\/tienda\/"},{"@type":"ListItem","position":3,"name":"Pi\u00f1\u00f3n Nacional Primera Categor\u00eda Granero de Levante"}]},{"@type":"WebSite","@id":"https:\/\/iberoo.com\/#website","url":"https:\/\/iberoo.com\/","name":"Iberoo","description":"","publisher":{"@id":"https:\/\/iberoo.com\/#organization"},"potentialAction":[{"@type":"SearchAction","target":{"@type":"EntryPoint","urlTemplate":"https:\/\/iberoo.com\/?s={search_term_string}"},"query-input":{"@type":"PropertyValueSpecification","valueRequired":true,"valueName":"search_term_string"}}],"inLanguage":"en-US"},{"@type":"Organization","@id":"https:\/\/iberoo.com\/#organization","name":"Iberoo","url":"https:\/\/iberoo.com\/","logo":{"@type":"ImageObject","inLanguage":"en-US","@id":"https:\/\/iberoo.com\/#\/schema\/logo\/image\/","url":"https:\/\/iberoo.com\/wp-content\/uploads\/2025\/11\/logo-cuadrado.jpg","contentUrl":"https:\/\/iberoo.com\/wp-content\/uploads\/2025\/11\/logo-cuadrado.jpg","width":700,"height":700,"caption":"Iberoo"},"image":{"@id":"https:\/\/iberoo.com\/#\/schema\/logo\/image\/"}}]},"product_brand":"Granero de Levante","og_availability":"instock","product_availability":"instock","product_condition":"new"},"_links":{"self":[{"href":"https:\/\/iberoo.com\/en\/wp-json\/wp\/v2\/product\/3012","targetHints":{"allow":["GET"]}}],"collection":[{"href":"https:\/\/iberoo.com\/en\/wp-json\/wp\/v2\/product"}],"about":[{"href":"https:\/\/iberoo.com\/en\/wp-json\/wp\/v2\/types\/product"}],"replies":[{"embeddable":true,"href":"https:\/\/iberoo.com\/en\/wp-json\/wp\/v2\/comments?post=3012"}],"wp:featuredmedia":[{"embeddable":true,"href":"https:\/\/iberoo.com\/en\/wp-json\/wp\/v2\/media\/3013"}],"wp:attachment":[{"href":"https:\/\/iberoo.com\/en\/wp-json\/wp\/v2\/media?parent=3012"}],"wp:term":[{"taxonomy":"product_brand","embeddable":true,"href":"https:\/\/iberoo.com\/en\/wp-json\/wp\/v2\/product_brand?post=3012"},{"taxonomy":"product_cat","embeddable":true,"href":"https:\/\/iberoo.com\/en\/wp-json\/wp\/v2\/product_cat?post=3012"},{"taxonomy":"product_tag","embeddable":true,"href":"https:\/\/iberoo.com\/en\/wp-json\/wp\/v2\/product_tag?post=3012"}],"curies":[{"name":"wp","href":"https:\/\/api.w.org\/{rel}","templated":true}]}}