{"id":818,"date":"2025-11-14T23:55:57","date_gmt":"2025-11-14T22:55:57","guid":{"rendered":"https:\/\/iberoo.com\/?post_type=product&#038;p=818"},"modified":"2026-04-04T22:01:35","modified_gmt":"2026-04-04T20:01:35","slug":"natural-northern-bluefin-tuna-consorcio-200g","status":"publish","type":"product","link":"https:\/\/iberoo.com\/en\/product\/natural-northern-bluefin-tuna-consorcio-200g\/","title":{"rendered":"Bonito del Norte al Natural Consorcio 200g"},"content":{"rendered":"<p>El <a href=\"https:\/\/iberoo.com\/en\/product\/northern-bluefin-tuna-in-olive-oil-de-oliva-de-nuestra-tierra\/\">Bonito del Norte<\/a> al Natural Consorcio es una opci\u00f3n perfecta para quienes buscan disfrutar de los mejores sabores del mar en su forma m\u00e1s pura y saludable. Este producto premium est\u00e1 elaborado con bonito del norte, conocido por su carne tierna y su sabor delicado, y es conservado al natural, sin aditivos ni conservantes.<\/p>\n<p>The natural preservation process allows each piece to retain its fresh and authentic flavor, as if it had been just caught. This bonito is sustainably caught, respecting the ocean's natural cycles and ensuring that each can comes from responsible fisheries.<\/p>\n<p>Perfect for those who appreciate fine cuisine, this product is ideal for preparing a wide variety of dishes, from fresh salads and cold dishes to stews and seafood rice dishes. Its smooth texture and intense flavor make it an excellent source of high-quality protein, as well as being rich in Omega-3 fatty acids, essential for a balanced diet.<\/p>\n<p>Whether as an appetizer or a main ingredient, Consorcio Natural Bonito del Norte offers a practical and delicious option to enhance your cooking. With its unmistakable flavor, it will be the special touch you need to impress your guests or enjoy a nutritious and tasty lunch.<\/p>\n<p>Make every meal a unique experience with Bonito del Norte al Natural Consorcio, the delicacy that connects the best of the sea with your table.<\/p>","protected":false},"excerpt":{"rendered":"<p>Natural albacore tuna from the Consorcio brand. Fished in Spain and traditionally handcrafted in Santo\u00f1a (Cantabria).<\/p>","protected":false},"featured_media":868,"comment_status":"open","ping_status":"closed","template":"","meta":[],"product_brand":[87],"product_cat":[76],"product_tag":[],"class_list":{"0":"post-818","1":"product","2":"type-product","3":"status-publish","4":"has-post-thumbnail","6":"product_brand-consorcio","7":"product_cat-conservas-del-mar","9":"first","10":"instock","11":"shipping-taxable","12":"purchasable","13":"product-type-simple"},"yoast_head":"<!-- This site is optimized with the Yoast SEO plugin v27.3 - https:\/\/yoast.com\/product\/yoast-seo-wordpress\/ -->\n<title>Bonito del Norte al Natural Consorcio 200g - Iberoo<\/title>\n<meta name=\"description\" content=\"Bonito del norte al natural de la marca Consorcio. Pescado en Espa\u00f1a y elaborado a mano de forma tradicional en Santo\u00f1a (Cantabria).\" \/>\n<meta name=\"robots\" content=\"index, follow, max-snippet:-1, max-image-preview:large, max-video-preview:-1\" \/>\n<link rel=\"canonical\" href=\"https:\/\/iberoo.com\/en\/product\/natural-northern-bluefin-tuna-consorcio-200g\/\" \/>\n<meta property=\"og:locale\" content=\"en_US\" \/>\n<meta property=\"og:type\" content=\"article\" \/>\n<meta property=\"og:title\" content=\"Bonito del Norte al Natural Consorcio 200g - Iberoo\" \/>\n<meta property=\"og:description\" content=\"Bonito del norte al natural de la marca Consorcio. Pescado en Espa\u00f1a y elaborado a mano de forma tradicional en Santo\u00f1a (Cantabria).\" \/>\n<meta property=\"og:url\" content=\"https:\/\/iberoo.com\/en\/product\/natural-northern-bluefin-tuna-consorcio-200g\/\" \/>\n<meta property=\"og:site_name\" content=\"Iberoo\" \/>\n<meta property=\"article:modified_time\" content=\"2026-04-04T20:01:35+00:00\" \/>\n<meta property=\"og:image\" content=\"https:\/\/iberoo.com\/wp-content\/uploads\/2025\/11\/bonito-del-norte-natural-consorcio-1.webp\" \/>\n\t<meta property=\"og:image:width\" content=\"1500\" \/>\n\t<meta property=\"og:image:height\" content=\"1500\" \/>\n\t<meta property=\"og:image:type\" content=\"image\/webp\" \/>\n<meta name=\"twitter:card\" content=\"summary_large_image\" \/>\n<meta name=\"twitter:label1\" content=\"Price\" \/>\n\t<meta name=\"twitter:data1\" content=\"13,85&nbsp;&euro;\" \/>\n\t<meta name=\"twitter:label2\" content=\"Availability\" \/>\n\t<meta name=\"twitter:data2\" content=\"In stock\" \/>\n<script type=\"application\/ld+json\" class=\"yoast-schema-graph\">{\"@context\":\"https:\\\/\\\/schema.org\",\"@graph\":[{\"@type\":\"WebPage\",\"@id\":\"https:\\\/\\\/iberoo.com\\\/producto\\\/bonito-del-norte-al-natural-consorcio-200g\\\/\",\"url\":\"https:\\\/\\\/iberoo.com\\\/producto\\\/bonito-del-norte-al-natural-consorcio-200g\\\/\",\"name\":\"Bonito del Norte al Natural Consorcio 200g - Iberoo\",\"isPartOf\":{\"@id\":\"https:\\\/\\\/iberoo.com\\\/#website\"},\"primaryImageOfPage\":{\"@id\":\"https:\\\/\\\/iberoo.com\\\/producto\\\/bonito-del-norte-al-natural-consorcio-200g\\\/#primaryimage\"},\"image\":{\"@id\":\"https:\\\/\\\/iberoo.com\\\/producto\\\/bonito-del-norte-al-natural-consorcio-200g\\\/#primaryimage\"},\"thumbnailUrl\":\"https:\\\/\\\/iberoo.com\\\/wp-content\\\/uploads\\\/2025\\\/11\\\/bonito-del-norte-natural-consorcio-1.webp\",\"datePublished\":\"2025-11-14T22:55:57+00:00\",\"dateModified\":\"2026-04-04T20:01:35+00:00\",\"description\":\"Bonito del norte al natural de la marca Consorcio. Pescado en Espa\u00f1a y elaborado a mano de forma tradicional en Santo\u00f1a (Cantabria).\",\"breadcrumb\":{\"@id\":\"https:\\\/\\\/iberoo.com\\\/producto\\\/bonito-del-norte-al-natural-consorcio-200g\\\/#breadcrumb\"},\"inLanguage\":\"en-US\",\"potentialAction\":[{\"@type\":\"ReadAction\",\"target\":[\"https:\\\/\\\/iberoo.com\\\/producto\\\/bonito-del-norte-al-natural-consorcio-200g\\\/\"]}]},{\"@type\":\"ImageObject\",\"inLanguage\":\"en-US\",\"@id\":\"https:\\\/\\\/iberoo.com\\\/producto\\\/bonito-del-norte-al-natural-consorcio-200g\\\/#primaryimage\",\"url\":\"https:\\\/\\\/iberoo.com\\\/wp-content\\\/uploads\\\/2025\\\/11\\\/bonito-del-norte-natural-consorcio-1.webp\",\"contentUrl\":\"https:\\\/\\\/iberoo.com\\\/wp-content\\\/uploads\\\/2025\\\/11\\\/bonito-del-norte-natural-consorcio-1.webp\",\"width\":1500,\"height\":1500,\"caption\":\"Bonito del Norte al Natural Consorcio\"},{\"@type\":\"BreadcrumbList\",\"@id\":\"https:\\\/\\\/iberoo.com\\\/producto\\\/bonito-del-norte-al-natural-consorcio-200g\\\/#breadcrumb\",\"itemListElement\":[{\"@type\":\"ListItem\",\"position\":1,\"name\":\"Portada\",\"item\":\"https:\\\/\\\/iberoo.com\\\/\"},{\"@type\":\"ListItem\",\"position\":2,\"name\":\"Tienda Online\",\"item\":\"https:\\\/\\\/iberoo.com\\\/tienda\\\/\"},{\"@type\":\"ListItem\",\"position\":3,\"name\":\"Bonito del Norte al Natural Consorcio 200g\"}]},{\"@type\":\"WebSite\",\"@id\":\"https:\\\/\\\/iberoo.com\\\/#website\",\"url\":\"https:\\\/\\\/iberoo.com\\\/\",\"name\":\"Iberoo\",\"description\":\"\",\"publisher\":{\"@id\":\"https:\\\/\\\/iberoo.com\\\/#organization\"},\"potentialAction\":[{\"@type\":\"SearchAction\",\"target\":{\"@type\":\"EntryPoint\",\"urlTemplate\":\"https:\\\/\\\/iberoo.com\\\/?s={search_term_string}\"},\"query-input\":{\"@type\":\"PropertyValueSpecification\",\"valueRequired\":true,\"valueName\":\"search_term_string\"}}],\"inLanguage\":\"en-US\"},{\"@type\":\"Organization\",\"@id\":\"https:\\\/\\\/iberoo.com\\\/#organization\",\"name\":\"Iberoo\",\"url\":\"https:\\\/\\\/iberoo.com\\\/\",\"logo\":{\"@type\":\"ImageObject\",\"inLanguage\":\"en-US\",\"@id\":\"https:\\\/\\\/iberoo.com\\\/#\\\/schema\\\/logo\\\/image\\\/\",\"url\":\"https:\\\/\\\/iberoo.com\\\/wp-content\\\/uploads\\\/2025\\\/11\\\/logo-cuadrado.jpg\",\"contentUrl\":\"https:\\\/\\\/iberoo.com\\\/wp-content\\\/uploads\\\/2025\\\/11\\\/logo-cuadrado.jpg\",\"width\":700,\"height\":700,\"caption\":\"Iberoo\"},\"image\":{\"@id\":\"https:\\\/\\\/iberoo.com\\\/#\\\/schema\\\/logo\\\/image\\\/\"}}]}<\/script>\n<meta property=\"product:brand\" content=\"Consorcio\" \/>\n<meta property=\"product:price:amount\" content=\"13.85\" \/>\n<meta property=\"product:price:currency\" content=\"EUR\" \/>\n<meta property=\"og:availability\" content=\"instock\" \/>\n<meta property=\"product:availability\" content=\"instock\" \/>\n<meta property=\"product:condition\" content=\"new\" \/>\n<!-- \/ Yoast SEO plugin. -->","yoast_head_json":{"title":"Natural Northern Bluefin Tuna Consorcio 200g - Iberoo","description":"Natural albacore tuna from the Consorcio brand. Fished in Spain and traditionally handcrafted in Santo\u00f1a (Cantabria).","robots":{"index":"index","follow":"follow","max-snippet":"max-snippet:-1","max-image-preview":"max-image-preview:large","max-video-preview":"max-video-preview:-1"},"canonical":"https:\/\/iberoo.com\/en\/product\/natural-northern-bluefin-tuna-consorcio-200g\/","og_locale":"en_US","og_type":"article","og_title":"Bonito del Norte al Natural Consorcio 200g - Iberoo","og_description":"Bonito del norte al natural de la marca Consorcio. Pescado en Espa\u00f1a y elaborado a mano de forma tradicional en Santo\u00f1a (Cantabria).","og_url":"https:\/\/iberoo.com\/en\/product\/natural-northern-bluefin-tuna-consorcio-200g\/","og_site_name":"Iberoo","article_modified_time":"2026-04-04T20:01:35+00:00","og_image":[{"width":1500,"height":1500,"url":"https:\/\/iberoo.com\/wp-content\/uploads\/2025\/11\/bonito-del-norte-natural-consorcio-1.webp","type":"image\/webp"}],"twitter_card":"summary_large_image","twitter_misc":{"Price":"13,85&nbsp;&euro;","Availability":"In stock"},"schema":{"@context":"https:\/\/schema.org","@graph":[{"@type":"WebPage","@id":"https:\/\/iberoo.com\/producto\/bonito-del-norte-al-natural-consorcio-200g\/","url":"https:\/\/iberoo.com\/producto\/bonito-del-norte-al-natural-consorcio-200g\/","name":"Natural Northern Bluefin Tuna Consorcio 200g - Iberoo","isPartOf":{"@id":"https:\/\/iberoo.com\/#website"},"primaryImageOfPage":{"@id":"https:\/\/iberoo.com\/producto\/bonito-del-norte-al-natural-consorcio-200g\/#primaryimage"},"image":{"@id":"https:\/\/iberoo.com\/producto\/bonito-del-norte-al-natural-consorcio-200g\/#primaryimage"},"thumbnailUrl":"https:\/\/iberoo.com\/wp-content\/uploads\/2025\/11\/bonito-del-norte-natural-consorcio-1.webp","datePublished":"2025-11-14T22:55:57+00:00","dateModified":"2026-04-04T20:01:35+00:00","description":"Natural albacore tuna from the Consorcio brand. Fished in Spain and traditionally handcrafted in Santo\u00f1a (Cantabria).","breadcrumb":{"@id":"https:\/\/iberoo.com\/producto\/bonito-del-norte-al-natural-consorcio-200g\/#breadcrumb"},"inLanguage":"en-US","potentialAction":[{"@type":"ReadAction","target":["https:\/\/iberoo.com\/producto\/bonito-del-norte-al-natural-consorcio-200g\/"]}]},{"@type":"ImageObject","inLanguage":"en-US","@id":"https:\/\/iberoo.com\/producto\/bonito-del-norte-al-natural-consorcio-200g\/#primaryimage","url":"https:\/\/iberoo.com\/wp-content\/uploads\/2025\/11\/bonito-del-norte-natural-consorcio-1.webp","contentUrl":"https:\/\/iberoo.com\/wp-content\/uploads\/2025\/11\/bonito-del-norte-natural-consorcio-1.webp","width":1500,"height":1500,"caption":"Bonito del Norte al Natural Consorcio"},{"@type":"BreadcrumbList","@id":"https:\/\/iberoo.com\/producto\/bonito-del-norte-al-natural-consorcio-200g\/#breadcrumb","itemListElement":[{"@type":"ListItem","position":1,"name":"Portada","item":"https:\/\/iberoo.com\/"},{"@type":"ListItem","position":2,"name":"Tienda Online","item":"https:\/\/iberoo.com\/tienda\/"},{"@type":"ListItem","position":3,"name":"Bonito del Norte al Natural Consorcio 200g"}]},{"@type":"WebSite","@id":"https:\/\/iberoo.com\/#website","url":"https:\/\/iberoo.com\/","name":"Iberoo","description":"","publisher":{"@id":"https:\/\/iberoo.com\/#organization"},"potentialAction":[{"@type":"SearchAction","target":{"@type":"EntryPoint","urlTemplate":"https:\/\/iberoo.com\/?s={search_term_string}"},"query-input":{"@type":"PropertyValueSpecification","valueRequired":true,"valueName":"search_term_string"}}],"inLanguage":"en-US"},{"@type":"Organization","@id":"https:\/\/iberoo.com\/#organization","name":"Iberoo","url":"https:\/\/iberoo.com\/","logo":{"@type":"ImageObject","inLanguage":"en-US","@id":"https:\/\/iberoo.com\/#\/schema\/logo\/image\/","url":"https:\/\/iberoo.com\/wp-content\/uploads\/2025\/11\/logo-cuadrado.jpg","contentUrl":"https:\/\/iberoo.com\/wp-content\/uploads\/2025\/11\/logo-cuadrado.jpg","width":700,"height":700,"caption":"Iberoo"},"image":{"@id":"https:\/\/iberoo.com\/#\/schema\/logo\/image\/"}}]},"product_brand":"Consorcio","product_price_amount":"13.85","product_price_currency":"EUR","og_availability":"instock","product_availability":"instock","product_condition":"new"},"_links":{"self":[{"href":"https:\/\/iberoo.com\/en\/wp-json\/wp\/v2\/product\/818","targetHints":{"allow":["GET"]}}],"collection":[{"href":"https:\/\/iberoo.com\/en\/wp-json\/wp\/v2\/product"}],"about":[{"href":"https:\/\/iberoo.com\/en\/wp-json\/wp\/v2\/types\/product"}],"replies":[{"embeddable":true,"href":"https:\/\/iberoo.com\/en\/wp-json\/wp\/v2\/comments?post=818"}],"wp:featuredmedia":[{"embeddable":true,"href":"https:\/\/iberoo.com\/en\/wp-json\/wp\/v2\/media\/868"}],"wp:attachment":[{"href":"https:\/\/iberoo.com\/en\/wp-json\/wp\/v2\/media?parent=818"}],"wp:term":[{"taxonomy":"product_brand","embeddable":true,"href":"https:\/\/iberoo.com\/en\/wp-json\/wp\/v2\/product_brand?post=818"},{"taxonomy":"product_cat","embeddable":true,"href":"https:\/\/iberoo.com\/en\/wp-json\/wp\/v2\/product_cat?post=818"},{"taxonomy":"product_tag","embeddable":true,"href":"https:\/\/iberoo.com\/en\/wp-json\/wp\/v2\/product_tag?post=818"}],"curies":[{"name":"wp","href":"https:\/\/api.w.org\/{rel}","templated":true}]}}