{"id":1000,"date":"2025-11-14T23:57:30","date_gmt":"2025-11-14T22:57:30","guid":{"rendered":"https:\/\/iberoo.com\/?post_type=product&#038;p=1000"},"modified":"2026-04-04T23:13:08","modified_gmt":"2026-04-04T21:13:08","slug":"poitrine-de-dinde-el-pozo-bienstar","status":"publish","type":"product","link":"https:\/\/iberoo.com\/fr\/produit\/poitrine-de-dinde-el-pozo-bienstar\/","title":{"rendered":"Poitrine de Dinde El Pozo Bienstar"},"content":{"rendered":"<p>D\u00e9couvrez le blanc de dinde El Pozo Bienstar de 340 g, id\u00e9al pour ceux qui recherchent un aliment savoureux et l\u00e9ger, facile \u00e0 int\u00e9grer \u00e0 leur quotidien. Ce blanc de dinde se caract\u00e9rise par sa texture tendre et juteuse, ainsi que par sa saveur douce qui se marie parfaitement avec de nombreuses recettes. C'est un produit con\u00e7u pour ceux qui veulent prendre soin d'eux sans sacrifier le plaisir, en trouvant l'\u00e9quilibre entre une alimentation saine et des plats savoureux.<\/p>\n<p>El Pozo, \u00e0 travers sa gamme Bienstar, s'est sp\u00e9cialis\u00e9 dans la cr\u00e9ation de produits \u00e0 faible teneur en mati\u00e8res grasses, \u00e9labor\u00e9s avec soin dans le respect de la qualit\u00e9 des mati\u00e8res premi\u00e8res. Ce morceau de dinde se distingue comme une source de prot\u00e9ines maigres, id\u00e9ale pour les sportifs, les personnes suivant un r\u00e9gime pauvre en mati\u00e8res grasses ou les familles \u00e0 la recherche d'options pratiques et nutritives au quotidien.<\/p>\n<p>Son format en pi\u00e8ce enti\u00e8re permet de la trancher \u00e0 l'\u00e9paisseur souhait\u00e9e ou de l'utiliser en cubes ou en lamelles selon la recette. Elle se marie parfaitement avec les salades fra\u00eeches, les sandwichs, les omelettes, les plats froids, ou m\u00eame en accompagnement pour des repas rapides et \u00e9quilibr\u00e9s. De plus, son emballage pr\u00e9serve sa fra\u00eecheur pour que vous puissiez la d\u00e9guster en toute s\u00e9r\u00e9nit\u00e9.<\/p>\n<p>Si vous recherchez un aliment polyvalent, sain et d'excellente qualit\u00e9, le blanc de dinde El Pozo Bienstar 340g est un choix qui correspond parfaitement \u00e0 votre style de vie et \u00e0 vos besoins culinaires.<\/p>\n<p><strong>Ingr\u00e9dients:<\/strong> Poitrine de dinde (62,5%), eau, sel, prot\u00e9ines de soja, dextrose de ma\u00efs, sucre et ar\u00f4mes, stabilisants (E-451, E-420 et E-407), antioxydants (E-331 et E-316) et conservateur (E-250).<\/p>\n<p><strong>Allerg\u00e8nes:<\/strong> Peut contenir du lait et du soja.<\/p>","protected":false},"excerpt":{"rendered":"<p>Morceau de poitrine de dinde de 340 grammes d'El Pozo Bienstar. Un moyen sain de manger sans avoir faim.<\/p>","protected":false},"featured_media":1028,"comment_status":"closed","ping_status":"closed","template":"","meta":[],"product_brand":[105],"product_cat":[233],"product_tag":[],"class_list":{"0":"post-1000","1":"product","2":"type-product","3":"status-publish","4":"has-post-thumbnail","6":"product_brand-el-pozo","7":"product_cat-embutidos-espanoles","9":"first","10":"instock","11":"shipping-taxable","12":"purchasable","13":"product-type-simple"},"yoast_head":"<!-- This site is optimized with the Yoast SEO plugin v27.3 - https:\/\/yoast.com\/product\/yoast-seo-wordpress\/ -->\n<title>Pechuga de Pavo El Pozo Bienstar - Iberoo<\/title>\n<meta name=\"description\" content=\"Pechuga de pavo en pieza de 340 gramos de la marca El Pozo Bienstar. Una forma sana de comer pero sin pasar hambre.\" \/>\n<meta name=\"robots\" content=\"index, follow, max-snippet:-1, max-image-preview:large, max-video-preview:-1\" \/>\n<link rel=\"canonical\" href=\"https:\/\/iberoo.com\/fr\/produit\/poitrine-de-dinde-el-pozo-bienstar\/\" \/>\n<meta property=\"og:locale\" content=\"fr_FR\" \/>\n<meta property=\"og:type\" content=\"article\" \/>\n<meta property=\"og:title\" content=\"Pechuga de Pavo El Pozo Bienstar - Iberoo\" \/>\n<meta property=\"og:description\" content=\"Pechuga de pavo en pieza de 340 gramos de la marca El Pozo Bienstar. Una forma sana de comer pero sin pasar hambre.\" \/>\n<meta property=\"og:url\" content=\"https:\/\/iberoo.com\/fr\/produit\/poitrine-de-dinde-el-pozo-bienstar\/\" \/>\n<meta property=\"og:site_name\" content=\"Iberoo\" \/>\n<meta property=\"article:modified_time\" content=\"2026-04-04T21:13:08+00:00\" \/>\n<meta property=\"og:image\" content=\"https:\/\/iberoo.com\/wp-content\/uploads\/2025\/11\/pechuga-pavo-pieza-el-pozo-bienstar-1.webp\" \/>\n\t<meta property=\"og:image:width\" content=\"1500\" \/>\n\t<meta property=\"og:image:height\" content=\"1498\" \/>\n\t<meta property=\"og:image:type\" content=\"image\/webp\" \/>\n<meta name=\"twitter:card\" content=\"summary_large_image\" \/>\n<meta name=\"twitter:label1\" content=\"Prix\" \/>\n\t<meta name=\"twitter:data1\" content=\"6,10&nbsp;&euro;\" \/>\n\t<meta name=\"twitter:label2\" content=\"Disponibilit\u00e9\" \/>\n\t<meta name=\"twitter:data2\" content=\"En stock\" \/>\n<script type=\"application\/ld+json\" class=\"yoast-schema-graph\">{\"@context\":\"https:\\\/\\\/schema.org\",\"@graph\":[{\"@type\":\"WebPage\",\"@id\":\"https:\\\/\\\/iberoo.com\\\/producto\\\/pechuga-de-pavo-el-pozo-bienstar\\\/\",\"url\":\"https:\\\/\\\/iberoo.com\\\/producto\\\/pechuga-de-pavo-el-pozo-bienstar\\\/\",\"name\":\"Pechuga de Pavo El Pozo Bienstar - Iberoo\",\"isPartOf\":{\"@id\":\"https:\\\/\\\/iberoo.com\\\/#website\"},\"primaryImageOfPage\":{\"@id\":\"https:\\\/\\\/iberoo.com\\\/producto\\\/pechuga-de-pavo-el-pozo-bienstar\\\/#primaryimage\"},\"image\":{\"@id\":\"https:\\\/\\\/iberoo.com\\\/producto\\\/pechuga-de-pavo-el-pozo-bienstar\\\/#primaryimage\"},\"thumbnailUrl\":\"https:\\\/\\\/iberoo.com\\\/wp-content\\\/uploads\\\/2025\\\/11\\\/pechuga-pavo-pieza-el-pozo-bienstar-1.webp\",\"datePublished\":\"2025-11-14T22:57:30+00:00\",\"dateModified\":\"2026-04-04T21:13:08+00:00\",\"description\":\"Pechuga de pavo en pieza de 340 gramos de la marca El Pozo Bienstar. Una forma sana de comer pero sin pasar hambre.\",\"breadcrumb\":{\"@id\":\"https:\\\/\\\/iberoo.com\\\/producto\\\/pechuga-de-pavo-el-pozo-bienstar\\\/#breadcrumb\"},\"inLanguage\":\"fr-FR\",\"potentialAction\":[{\"@type\":\"ReadAction\",\"target\":[\"https:\\\/\\\/iberoo.com\\\/producto\\\/pechuga-de-pavo-el-pozo-bienstar\\\/\"]}]},{\"@type\":\"ImageObject\",\"inLanguage\":\"fr-FR\",\"@id\":\"https:\\\/\\\/iberoo.com\\\/producto\\\/pechuga-de-pavo-el-pozo-bienstar\\\/#primaryimage\",\"url\":\"https:\\\/\\\/iberoo.com\\\/wp-content\\\/uploads\\\/2025\\\/11\\\/pechuga-pavo-pieza-el-pozo-bienstar-1.webp\",\"contentUrl\":\"https:\\\/\\\/iberoo.com\\\/wp-content\\\/uploads\\\/2025\\\/11\\\/pechuga-pavo-pieza-el-pozo-bienstar-1.webp\",\"width\":1500,\"height\":1498,\"caption\":\"Pechuga de Pavo El Pozo Bienstar\"},{\"@type\":\"BreadcrumbList\",\"@id\":\"https:\\\/\\\/iberoo.com\\\/producto\\\/pechuga-de-pavo-el-pozo-bienstar\\\/#breadcrumb\",\"itemListElement\":[{\"@type\":\"ListItem\",\"position\":1,\"name\":\"Portada\",\"item\":\"https:\\\/\\\/iberoo.com\\\/\"},{\"@type\":\"ListItem\",\"position\":2,\"name\":\"Tienda Online\",\"item\":\"https:\\\/\\\/iberoo.com\\\/tienda\\\/\"},{\"@type\":\"ListItem\",\"position\":3,\"name\":\"Pechuga de Pavo El Pozo Bienstar\"}]},{\"@type\":\"WebSite\",\"@id\":\"https:\\\/\\\/iberoo.com\\\/#website\",\"url\":\"https:\\\/\\\/iberoo.com\\\/\",\"name\":\"Iberoo\",\"description\":\"\",\"publisher\":{\"@id\":\"https:\\\/\\\/iberoo.com\\\/#organization\"},\"potentialAction\":[{\"@type\":\"SearchAction\",\"target\":{\"@type\":\"EntryPoint\",\"urlTemplate\":\"https:\\\/\\\/iberoo.com\\\/?s={search_term_string}\"},\"query-input\":{\"@type\":\"PropertyValueSpecification\",\"valueRequired\":true,\"valueName\":\"search_term_string\"}}],\"inLanguage\":\"fr-FR\"},{\"@type\":\"Organization\",\"@id\":\"https:\\\/\\\/iberoo.com\\\/#organization\",\"name\":\"Iberoo\",\"url\":\"https:\\\/\\\/iberoo.com\\\/\",\"logo\":{\"@type\":\"ImageObject\",\"inLanguage\":\"fr-FR\",\"@id\":\"https:\\\/\\\/iberoo.com\\\/#\\\/schema\\\/logo\\\/image\\\/\",\"url\":\"https:\\\/\\\/iberoo.com\\\/wp-content\\\/uploads\\\/2025\\\/11\\\/logo-cuadrado.jpg\",\"contentUrl\":\"https:\\\/\\\/iberoo.com\\\/wp-content\\\/uploads\\\/2025\\\/11\\\/logo-cuadrado.jpg\",\"width\":700,\"height\":700,\"caption\":\"Iberoo\"},\"image\":{\"@id\":\"https:\\\/\\\/iberoo.com\\\/#\\\/schema\\\/logo\\\/image\\\/\"}}]}<\/script>\n<meta property=\"product:brand\" content=\"El Pozo\" \/>\n<meta property=\"product:price:amount\" content=\"6.10\" \/>\n<meta property=\"product:price:currency\" content=\"EUR\" \/>\n<meta property=\"og:availability\" content=\"instock\" \/>\n<meta property=\"product:availability\" content=\"instock\" \/>\n<meta property=\"product:condition\" content=\"new\" \/>\n<!-- \/ Yoast SEO plugin. -->","yoast_head_json":{"title":"Poitrine de Dinde El Pozo Bienstar - Iberoo","description":"Morceau de poitrine de dinde de 340 grammes d'El Pozo Bienstar. Un moyen sain de manger sans avoir faim.","robots":{"index":"index","follow":"follow","max-snippet":"max-snippet:-1","max-image-preview":"max-image-preview:large","max-video-preview":"max-video-preview:-1"},"canonical":"https:\/\/iberoo.com\/fr\/produit\/poitrine-de-dinde-el-pozo-bienstar\/","og_locale":"fr_FR","og_type":"article","og_title":"Pechuga de Pavo El Pozo Bienstar - Iberoo","og_description":"Pechuga de pavo en pieza de 340 gramos de la marca El Pozo Bienstar. Una forma sana de comer pero sin pasar hambre.","og_url":"https:\/\/iberoo.com\/fr\/produit\/poitrine-de-dinde-el-pozo-bienstar\/","og_site_name":"Iberoo","article_modified_time":"2026-04-04T21:13:08+00:00","og_image":[{"width":1500,"height":1498,"url":"https:\/\/iberoo.com\/wp-content\/uploads\/2025\/11\/pechuga-pavo-pieza-el-pozo-bienstar-1.webp","type":"image\/webp"}],"twitter_card":"summary_large_image","twitter_misc":{"Prix":"6,10&nbsp;&euro;","Disponibilit\u00e9":"En stock"},"schema":{"@context":"https:\/\/schema.org","@graph":[{"@type":"WebPage","@id":"https:\/\/iberoo.com\/producto\/pechuga-de-pavo-el-pozo-bienstar\/","url":"https:\/\/iberoo.com\/producto\/pechuga-de-pavo-el-pozo-bienstar\/","name":"Poitrine de Dinde El Pozo Bienstar - Iberoo","isPartOf":{"@id":"https:\/\/iberoo.com\/#website"},"primaryImageOfPage":{"@id":"https:\/\/iberoo.com\/producto\/pechuga-de-pavo-el-pozo-bienstar\/#primaryimage"},"image":{"@id":"https:\/\/iberoo.com\/producto\/pechuga-de-pavo-el-pozo-bienstar\/#primaryimage"},"thumbnailUrl":"https:\/\/iberoo.com\/wp-content\/uploads\/2025\/11\/pechuga-pavo-pieza-el-pozo-bienstar-1.webp","datePublished":"2025-11-14T22:57:30+00:00","dateModified":"2026-04-04T21:13:08+00:00","description":"Morceau de poitrine de dinde de 340 grammes d'El Pozo Bienstar. Un moyen sain de manger sans avoir faim.","breadcrumb":{"@id":"https:\/\/iberoo.com\/producto\/pechuga-de-pavo-el-pozo-bienstar\/#breadcrumb"},"inLanguage":"fr-FR","potentialAction":[{"@type":"ReadAction","target":["https:\/\/iberoo.com\/producto\/pechuga-de-pavo-el-pozo-bienstar\/"]}]},{"@type":"ImageObject","inLanguage":"fr-FR","@id":"https:\/\/iberoo.com\/producto\/pechuga-de-pavo-el-pozo-bienstar\/#primaryimage","url":"https:\/\/iberoo.com\/wp-content\/uploads\/2025\/11\/pechuga-pavo-pieza-el-pozo-bienstar-1.webp","contentUrl":"https:\/\/iberoo.com\/wp-content\/uploads\/2025\/11\/pechuga-pavo-pieza-el-pozo-bienstar-1.webp","width":1500,"height":1498,"caption":"Pechuga de Pavo El Pozo Bienstar"},{"@type":"BreadcrumbList","@id":"https:\/\/iberoo.com\/producto\/pechuga-de-pavo-el-pozo-bienstar\/#breadcrumb","itemListElement":[{"@type":"ListItem","position":1,"name":"Portada","item":"https:\/\/iberoo.com\/"},{"@type":"ListItem","position":2,"name":"Tienda Online","item":"https:\/\/iberoo.com\/tienda\/"},{"@type":"ListItem","position":3,"name":"Pechuga de Pavo El Pozo Bienstar"}]},{"@type":"WebSite","@id":"https:\/\/iberoo.com\/#website","url":"https:\/\/iberoo.com\/","name":"Iberoo","description":"","publisher":{"@id":"https:\/\/iberoo.com\/#organization"},"potentialAction":[{"@type":"SearchAction","target":{"@type":"EntryPoint","urlTemplate":"https:\/\/iberoo.com\/?s={search_term_string}"},"query-input":{"@type":"PropertyValueSpecification","valueRequired":true,"valueName":"search_term_string"}}],"inLanguage":"fr-FR"},{"@type":"Organization","@id":"https:\/\/iberoo.com\/#organization","name":"Iberoo","url":"https:\/\/iberoo.com\/","logo":{"@type":"ImageObject","inLanguage":"fr-FR","@id":"https:\/\/iberoo.com\/#\/schema\/logo\/image\/","url":"https:\/\/iberoo.com\/wp-content\/uploads\/2025\/11\/logo-cuadrado.jpg","contentUrl":"https:\/\/iberoo.com\/wp-content\/uploads\/2025\/11\/logo-cuadrado.jpg","width":700,"height":700,"caption":"Iberoo"},"image":{"@id":"https:\/\/iberoo.com\/#\/schema\/logo\/image\/"}}]},"product_brand":"El Pozo","product_price_amount":"6.10","product_price_currency":"EUR","og_availability":"instock","product_availability":"instock","product_condition":"new"},"_links":{"self":[{"href":"https:\/\/iberoo.com\/fr\/wp-json\/wp\/v2\/product\/1000","targetHints":{"allow":["GET"]}}],"collection":[{"href":"https:\/\/iberoo.com\/fr\/wp-json\/wp\/v2\/product"}],"about":[{"href":"https:\/\/iberoo.com\/fr\/wp-json\/wp\/v2\/types\/product"}],"replies":[{"embeddable":true,"href":"https:\/\/iberoo.com\/fr\/wp-json\/wp\/v2\/comments?post=1000"}],"wp:featuredmedia":[{"embeddable":true,"href":"https:\/\/iberoo.com\/fr\/wp-json\/wp\/v2\/media\/1028"}],"wp:attachment":[{"href":"https:\/\/iberoo.com\/fr\/wp-json\/wp\/v2\/media?parent=1000"}],"wp:term":[{"taxonomy":"product_brand","embeddable":true,"href":"https:\/\/iberoo.com\/fr\/wp-json\/wp\/v2\/product_brand?post=1000"},{"taxonomy":"product_cat","embeddable":true,"href":"https:\/\/iberoo.com\/fr\/wp-json\/wp\/v2\/product_cat?post=1000"},{"taxonomy":"product_tag","embeddable":true,"href":"https:\/\/iberoo.com\/fr\/wp-json\/wp\/v2\/product_tag?post=1000"}],"curies":[{"name":"wp","href":"https:\/\/api.w.org\/{rel}","templated":true}]}}