{"id":1062,"date":"2025-11-14T23:57:53","date_gmt":"2025-11-14T22:57:53","guid":{"rendered":"https:\/\/iberoo.com\/?post_type=product&#038;p=1062"},"modified":"2026-04-04T23:16:35","modified_gmt":"2026-04-04T21:16:35","slug":"fromage-garcia-baquero-predecoupe-en-quartiers","status":"publish","type":"product","link":"https:\/\/iberoo.com\/fr\/produit\/fromage-garcia-baquero-predecoupe-en-quartiers\/","title":{"rendered":"Fromage Garc\u00eda Baquero pr\u00e9d\u00e9coup\u00e9 en quartiers"},"content":{"rendered":"<p>Le fromage en portions pr\u00e9d\u00e9coup\u00e9es de Garc\u00eda Baquero est une solution pratique et de qualit\u00e9 pour les amateurs de bon fromage qui recherchent la simplicit\u00e9 au quotidien. Con\u00e7u pour une d\u00e9gustation facile sans compromis sur la saveur ni la tradition fromag\u00e8re, ce format permet de savourer le fromage \u00e0 point, gr\u00e2ce \u00e0 des portions pr\u00eates \u00e0 servir et une pr\u00e9sentation soign\u00e9e d\u00e8s l'ouverture.<\/p>\n<p>Cette gamme offre une grande vari\u00e9t\u00e9 pour satisfaire tous les go\u00fbts et tous les besoins. Le fromage \u00e0 p\u00e2te molle se distingue par sa texture onctueuse et sa saveur d\u00e9licate, id\u00e9al pour ceux qui pr\u00e9f\u00e8rent les fromages l\u00e9gers et faciles \u00e0 accorder. Le fromage grill\u00e9 apporte une nuance aromatique diff\u00e9rente, parfaite pour ceux qui recherchent une touche plus originale. Le fromage mi-affin\u00e9 offre un \u00e9quilibre entre douceur et caract\u00e8re, tandis que le fromage mi-affin\u00e9 l\u00e9ger est une alternative con\u00e7ue pour ceux qui veulent prendre soin d'eux sans sacrifier le go\u00fbt. Pour les personnes intol\u00e9rantes au lactose, le fromage mi-affin\u00e9 sans lactose leur permet de savourer du fromage en toute s\u00e9r\u00e9nit\u00e9. Le fromage affin\u00e9, quant \u00e0 lui, offre une saveur intense et profonde, id\u00e9ale pour les palais les plus exigeants. Enfin, le fromage de ch\u00e8vre offre un profil plus aromatique et distinctif, avec cette touche caract\u00e9ristique si appr\u00e9ci\u00e9e.<\/p>\n<p>Tous les morceaux sont pr\u00e9d\u00e9coup\u00e9s, ce qui facilite leur utilisation sur un plateau de fromages, au petit-d\u00e9jeuner, au go\u00fbter ou dans des recettes simples. L'exp\u00e9rience et l'engagement de Garc\u00eda Baquero envers la qualit\u00e9 se refl\u00e8tent dans cette gamme, offrant des fromages con\u00e7us pour un plaisir sans effort et avec la garantie d'une marque leader.<\/p>","protected":false},"excerpt":{"rendered":"<p>Fromage en portions pr\u00e9d\u00e9coup\u00e9es de la marque Garc\u00eda Baquero. Diff\u00e9rentes vari\u00e9t\u00e9s sont disponibles en portions individuelles, pr\u00eates \u00e0 d\u00e9guster d\u00e8s l'ouverture du paquet.<\/p>","protected":false},"featured_media":1088,"comment_status":"closed","ping_status":"closed","template":"","meta":[],"product_brand":[113],"product_cat":[111],"product_tag":[],"class_list":{"0":"post-1062","1":"product","2":"type-product","3":"status-publish","4":"has-post-thumbnail","6":"product_brand-garcia-baquero","7":"product_cat-queso-espanol","9":"first","10":"instock","11":"shipping-taxable","12":"purchasable","13":"product-type-variable"},"yoast_head":"<!-- This site is optimized with the Yoast SEO plugin v27.3 - https:\/\/yoast.com\/product\/yoast-seo-wordpress\/ -->\n<title>Queso en Cu\u00f1a Ya Cortado Garc\u00eda Baquero - Iberoo<\/title>\n<meta name=\"description\" content=\"Queso en cu\u00f1as ya cortadas de la marca Garc\u00eda Baquero. Disponibles distintas variedades de queso listas para su degustaci\u00f3n con tan solo abrir el envase.\" \/>\n<meta name=\"robots\" content=\"index, follow, max-snippet:-1, max-image-preview:large, max-video-preview:-1\" \/>\n<link rel=\"canonical\" href=\"https:\/\/iberoo.com\/fr\/produit\/fromage-garcia-baquero-predecoupe-en-quartiers\/\" \/>\n<meta property=\"og:locale\" content=\"fr_FR\" \/>\n<meta property=\"og:type\" content=\"article\" \/>\n<meta property=\"og:title\" content=\"Queso en Cu\u00f1a Ya Cortado Garc\u00eda Baquero - Iberoo\" \/>\n<meta property=\"og:description\" content=\"Queso en cu\u00f1as ya cortadas de la marca Garc\u00eda Baquero. Disponibles distintas variedades de queso listas para su degustaci\u00f3n con tan solo abrir el envase.\" \/>\n<meta property=\"og:url\" content=\"https:\/\/iberoo.com\/fr\/produit\/fromage-garcia-baquero-predecoupe-en-quartiers\/\" \/>\n<meta property=\"og:site_name\" content=\"Iberoo\" \/>\n<meta property=\"article:modified_time\" content=\"2026-04-04T21:16:35+00:00\" \/>\n<meta property=\"og:image\" content=\"https:\/\/iberoo.com\/wp-content\/uploads\/2025\/11\/queso-cuna-ya-cortado-garcia-baquero-1.jpg\" \/>\n\t<meta property=\"og:image:width\" content=\"1499\" \/>\n\t<meta property=\"og:image:height\" content=\"1500\" \/>\n\t<meta property=\"og:image:type\" content=\"image\/jpeg\" \/>\n<meta name=\"twitter:card\" content=\"summary_large_image\" \/>\n<meta name=\"twitter:label1\" content=\"Disponibilit\u00e9\" \/>\n\t<meta name=\"twitter:data1\" content=\"En stock\" \/>\n<script type=\"application\/ld+json\" class=\"yoast-schema-graph\">{\"@context\":\"https:\\\/\\\/schema.org\",\"@graph\":[{\"@type\":\"WebPage\",\"@id\":\"https:\\\/\\\/iberoo.com\\\/producto\\\/queso-en-cuna-ya-cortado-garcia-baquero\\\/\",\"url\":\"https:\\\/\\\/iberoo.com\\\/producto\\\/queso-en-cuna-ya-cortado-garcia-baquero\\\/\",\"name\":\"Queso en Cu\u00f1a Ya Cortado Garc\u00eda Baquero - Iberoo\",\"isPartOf\":{\"@id\":\"https:\\\/\\\/iberoo.com\\\/#website\"},\"primaryImageOfPage\":{\"@id\":\"https:\\\/\\\/iberoo.com\\\/producto\\\/queso-en-cuna-ya-cortado-garcia-baquero\\\/#primaryimage\"},\"image\":{\"@id\":\"https:\\\/\\\/iberoo.com\\\/producto\\\/queso-en-cuna-ya-cortado-garcia-baquero\\\/#primaryimage\"},\"thumbnailUrl\":\"https:\\\/\\\/iberoo.com\\\/wp-content\\\/uploads\\\/2025\\\/11\\\/queso-cuna-ya-cortado-garcia-baquero-1.jpg\",\"datePublished\":\"2025-11-14T22:57:53+00:00\",\"dateModified\":\"2026-04-04T21:16:35+00:00\",\"description\":\"Queso en cu\u00f1as ya cortadas de la marca Garc\u00eda Baquero. Disponibles distintas variedades de queso listas para su degustaci\u00f3n con tan solo abrir el envase.\",\"breadcrumb\":{\"@id\":\"https:\\\/\\\/iberoo.com\\\/producto\\\/queso-en-cuna-ya-cortado-garcia-baquero\\\/#breadcrumb\"},\"inLanguage\":\"fr-FR\",\"potentialAction\":[{\"@type\":\"ReadAction\",\"target\":[\"https:\\\/\\\/iberoo.com\\\/producto\\\/queso-en-cuna-ya-cortado-garcia-baquero\\\/\"]}]},{\"@type\":\"ImageObject\",\"inLanguage\":\"fr-FR\",\"@id\":\"https:\\\/\\\/iberoo.com\\\/producto\\\/queso-en-cuna-ya-cortado-garcia-baquero\\\/#primaryimage\",\"url\":\"https:\\\/\\\/iberoo.com\\\/wp-content\\\/uploads\\\/2025\\\/11\\\/queso-cuna-ya-cortado-garcia-baquero-1.jpg\",\"contentUrl\":\"https:\\\/\\\/iberoo.com\\\/wp-content\\\/uploads\\\/2025\\\/11\\\/queso-cuna-ya-cortado-garcia-baquero-1.jpg\",\"width\":1499,\"height\":1500,\"caption\":\"Queso en Cu\u00f1a Ya Cortado Garc\u00eda Baquero\"},{\"@type\":\"BreadcrumbList\",\"@id\":\"https:\\\/\\\/iberoo.com\\\/producto\\\/queso-en-cuna-ya-cortado-garcia-baquero\\\/#breadcrumb\",\"itemListElement\":[{\"@type\":\"ListItem\",\"position\":1,\"name\":\"Portada\",\"item\":\"https:\\\/\\\/iberoo.com\\\/\"},{\"@type\":\"ListItem\",\"position\":2,\"name\":\"Tienda Online\",\"item\":\"https:\\\/\\\/iberoo.com\\\/tienda\\\/\"},{\"@type\":\"ListItem\",\"position\":3,\"name\":\"Queso en Cu\u00f1a Ya Cortado Garc\u00eda Baquero\"}]},{\"@type\":\"WebSite\",\"@id\":\"https:\\\/\\\/iberoo.com\\\/#website\",\"url\":\"https:\\\/\\\/iberoo.com\\\/\",\"name\":\"Iberoo\",\"description\":\"\",\"publisher\":{\"@id\":\"https:\\\/\\\/iberoo.com\\\/#organization\"},\"potentialAction\":[{\"@type\":\"SearchAction\",\"target\":{\"@type\":\"EntryPoint\",\"urlTemplate\":\"https:\\\/\\\/iberoo.com\\\/?s={search_term_string}\"},\"query-input\":{\"@type\":\"PropertyValueSpecification\",\"valueRequired\":true,\"valueName\":\"search_term_string\"}}],\"inLanguage\":\"fr-FR\"},{\"@type\":\"Organization\",\"@id\":\"https:\\\/\\\/iberoo.com\\\/#organization\",\"name\":\"Iberoo\",\"url\":\"https:\\\/\\\/iberoo.com\\\/\",\"logo\":{\"@type\":\"ImageObject\",\"inLanguage\":\"fr-FR\",\"@id\":\"https:\\\/\\\/iberoo.com\\\/#\\\/schema\\\/logo\\\/image\\\/\",\"url\":\"https:\\\/\\\/iberoo.com\\\/wp-content\\\/uploads\\\/2025\\\/11\\\/logo-cuadrado.jpg\",\"contentUrl\":\"https:\\\/\\\/iberoo.com\\\/wp-content\\\/uploads\\\/2025\\\/11\\\/logo-cuadrado.jpg\",\"width\":700,\"height\":700,\"caption\":\"Iberoo\"},\"image\":{\"@id\":\"https:\\\/\\\/iberoo.com\\\/#\\\/schema\\\/logo\\\/image\\\/\"}}]}<\/script>\n<meta property=\"product:brand\" content=\"Garc\u00eda Baquero\" \/>\n<meta property=\"og:availability\" content=\"instock\" \/>\n<meta property=\"product:availability\" content=\"instock\" \/>\n<meta property=\"product:condition\" content=\"new\" \/>\n<!-- \/ Yoast SEO plugin. -->","yoast_head_json":{"title":"Fromage Garc\u00eda Baquero pr\u00e9d\u00e9coup\u00e9 en quartiers - Iberoo","description":"Queso en cu\u00f1as ya cortadas de la marca Garc\u00eda Baquero. Disponibles distintas variedades de queso listas para su degustaci\u00f3n con tan solo abrir el envase.","robots":{"index":"index","follow":"follow","max-snippet":"max-snippet:-1","max-image-preview":"max-image-preview:large","max-video-preview":"max-video-preview:-1"},"canonical":"https:\/\/iberoo.com\/fr\/produit\/fromage-garcia-baquero-predecoupe-en-quartiers\/","og_locale":"fr_FR","og_type":"article","og_title":"Queso en Cu\u00f1a Ya Cortado Garc\u00eda Baquero - Iberoo","og_description":"Queso en cu\u00f1as ya cortadas de la marca Garc\u00eda Baquero. Disponibles distintas variedades de queso listas para su degustaci\u00f3n con tan solo abrir el envase.","og_url":"https:\/\/iberoo.com\/fr\/produit\/fromage-garcia-baquero-predecoupe-en-quartiers\/","og_site_name":"Iberoo","article_modified_time":"2026-04-04T21:16:35+00:00","og_image":[{"width":1499,"height":1500,"url":"https:\/\/iberoo.com\/wp-content\/uploads\/2025\/11\/queso-cuna-ya-cortado-garcia-baquero-1.jpg","type":"image\/jpeg"}],"twitter_card":"summary_large_image","twitter_misc":{"Disponibilit\u00e9":"En stock"},"schema":{"@context":"https:\/\/schema.org","@graph":[{"@type":"WebPage","@id":"https:\/\/iberoo.com\/producto\/queso-en-cuna-ya-cortado-garcia-baquero\/","url":"https:\/\/iberoo.com\/producto\/queso-en-cuna-ya-cortado-garcia-baquero\/","name":"Fromage Garc\u00eda Baquero pr\u00e9d\u00e9coup\u00e9 en quartiers - Iberoo","isPartOf":{"@id":"https:\/\/iberoo.com\/#website"},"primaryImageOfPage":{"@id":"https:\/\/iberoo.com\/producto\/queso-en-cuna-ya-cortado-garcia-baquero\/#primaryimage"},"image":{"@id":"https:\/\/iberoo.com\/producto\/queso-en-cuna-ya-cortado-garcia-baquero\/#primaryimage"},"thumbnailUrl":"https:\/\/iberoo.com\/wp-content\/uploads\/2025\/11\/queso-cuna-ya-cortado-garcia-baquero-1.jpg","datePublished":"2025-11-14T22:57:53+00:00","dateModified":"2026-04-04T21:16:35+00:00","description":"Queso en cu\u00f1as ya cortadas de la marca Garc\u00eda Baquero. Disponibles distintas variedades de queso listas para su degustaci\u00f3n con tan solo abrir el envase.","breadcrumb":{"@id":"https:\/\/iberoo.com\/producto\/queso-en-cuna-ya-cortado-garcia-baquero\/#breadcrumb"},"inLanguage":"fr-FR","potentialAction":[{"@type":"ReadAction","target":["https:\/\/iberoo.com\/producto\/queso-en-cuna-ya-cortado-garcia-baquero\/"]}]},{"@type":"ImageObject","inLanguage":"fr-FR","@id":"https:\/\/iberoo.com\/producto\/queso-en-cuna-ya-cortado-garcia-baquero\/#primaryimage","url":"https:\/\/iberoo.com\/wp-content\/uploads\/2025\/11\/queso-cuna-ya-cortado-garcia-baquero-1.jpg","contentUrl":"https:\/\/iberoo.com\/wp-content\/uploads\/2025\/11\/queso-cuna-ya-cortado-garcia-baquero-1.jpg","width":1499,"height":1500,"caption":"Queso en Cu\u00f1a Ya Cortado Garc\u00eda Baquero"},{"@type":"BreadcrumbList","@id":"https:\/\/iberoo.com\/producto\/queso-en-cuna-ya-cortado-garcia-baquero\/#breadcrumb","itemListElement":[{"@type":"ListItem","position":1,"name":"Portada","item":"https:\/\/iberoo.com\/"},{"@type":"ListItem","position":2,"name":"Tienda Online","item":"https:\/\/iberoo.com\/tienda\/"},{"@type":"ListItem","position":3,"name":"Queso en Cu\u00f1a Ya Cortado Garc\u00eda Baquero"}]},{"@type":"WebSite","@id":"https:\/\/iberoo.com\/#website","url":"https:\/\/iberoo.com\/","name":"Iberoo","description":"","publisher":{"@id":"https:\/\/iberoo.com\/#organization"},"potentialAction":[{"@type":"SearchAction","target":{"@type":"EntryPoint","urlTemplate":"https:\/\/iberoo.com\/?s={search_term_string}"},"query-input":{"@type":"PropertyValueSpecification","valueRequired":true,"valueName":"search_term_string"}}],"inLanguage":"fr-FR"},{"@type":"Organization","@id":"https:\/\/iberoo.com\/#organization","name":"Iberoo","url":"https:\/\/iberoo.com\/","logo":{"@type":"ImageObject","inLanguage":"fr-FR","@id":"https:\/\/iberoo.com\/#\/schema\/logo\/image\/","url":"https:\/\/iberoo.com\/wp-content\/uploads\/2025\/11\/logo-cuadrado.jpg","contentUrl":"https:\/\/iberoo.com\/wp-content\/uploads\/2025\/11\/logo-cuadrado.jpg","width":700,"height":700,"caption":"Iberoo"},"image":{"@id":"https:\/\/iberoo.com\/#\/schema\/logo\/image\/"}}]},"product_brand":"Garc\u00eda Baquero","og_availability":"instock","product_availability":"instock","product_condition":"new"},"_links":{"self":[{"href":"https:\/\/iberoo.com\/fr\/wp-json\/wp\/v2\/product\/1062","targetHints":{"allow":["GET"]}}],"collection":[{"href":"https:\/\/iberoo.com\/fr\/wp-json\/wp\/v2\/product"}],"about":[{"href":"https:\/\/iberoo.com\/fr\/wp-json\/wp\/v2\/types\/product"}],"replies":[{"embeddable":true,"href":"https:\/\/iberoo.com\/fr\/wp-json\/wp\/v2\/comments?post=1062"}],"wp:featuredmedia":[{"embeddable":true,"href":"https:\/\/iberoo.com\/fr\/wp-json\/wp\/v2\/media\/1088"}],"wp:attachment":[{"href":"https:\/\/iberoo.com\/fr\/wp-json\/wp\/v2\/media?parent=1062"}],"wp:term":[{"taxonomy":"product_brand","embeddable":true,"href":"https:\/\/iberoo.com\/fr\/wp-json\/wp\/v2\/product_brand?post=1062"},{"taxonomy":"product_cat","embeddable":true,"href":"https:\/\/iberoo.com\/fr\/wp-json\/wp\/v2\/product_cat?post=1062"},{"taxonomy":"product_tag","embeddable":true,"href":"https:\/\/iberoo.com\/fr\/wp-json\/wp\/v2\/product_tag?post=1062"}],"curies":[{"name":"wp","href":"https:\/\/api.w.org\/{rel}","templated":true}]}}