{"id":1102,"date":"2025-11-14T23:58:18","date_gmt":"2025-11-14T22:58:18","guid":{"rendered":"https:\/\/iberoo.com\/?post_type=product&#038;p=1102"},"modified":"2026-04-04T23:15:22","modified_gmt":"2026-04-04T21:15:22","slug":"fromage-rape-el-caserio","status":"publish","type":"product","link":"https:\/\/iberoo.com\/fr\/produit\/fromage-rape-el-caserio\/","title":{"rendered":"Fromage r\u00e2p\u00e9 El Caser\u00edo"},"content":{"rendered":"<p>Le fromage r\u00e2p\u00e9 El Caser\u00edo est le partenaire id\u00e9al pour cuisiner simplement, rapidement et avec des r\u00e9sultats d\u00e9licieux. Con\u00e7u pour simplifier la cuisine au quotidien, ce produit offre un large choix pour satisfaire tous les go\u00fbts et toutes les recettes\u00a0: fromage en poudre, m\u00e9lange de 3 fromages, m\u00e9lange de 4 fromages, emmental et fromage filatto. Chaque vari\u00e9t\u00e9 apporte sa saveur unique, vous permettant de sublimer vos plats en toute simplicit\u00e9.<\/p>\n<p>Le fromage en poudre est id\u00e9al pour saupoudrer directement sur les p\u00e2tes, les l\u00e9gumes ou les soupes, assurant une r\u00e9partition homog\u00e8ne des saveurs. Le m\u00e9lange de 3 fromages offre un \u00e9quilibre onctueux et cr\u00e9meux, parfait pour les gratins l\u00e9gers ou les recettes familiales. Le m\u00e9lange de 4 fromages apporte plus d'intensit\u00e9 et de profondeur, con\u00e7u pour ceux qui recherchent un r\u00e9sultat plus savoureux et distinctif. L'emmental se distingue par sa saveur d\u00e9licate et ses excellentes propri\u00e9t\u00e9s de fonte, id\u00e9al pour les pizzas, les sandwichs chauds ou les plats au four. Quant au fromage filatto, il est parfait pour obtenir cet effet fondant et \u00e9lastique si appr\u00e9ci\u00e9 dans les recettes chaudes.<\/p>\n<p>Ce fromage r\u00e2p\u00e9 s'incorpore facilement \u00e0 toutes sortes de plats, des repas rapides aux recettes plus \u00e9labor\u00e9es. Son format est pratique et propre, permettant un gain de temps sans compromis sur la saveur.<\/p>\n<p>El Caser\u00edo, fort de son exp\u00e9rience et de son service personnalis\u00e9, propose une gamme con\u00e7ue pour un usage quotidien, d'une qualit\u00e9 irr\u00e9prochable. Un produit polyvalent et fonctionnel, riche en possibilit\u00e9s, id\u00e9al pour savourer du fromage facilement, rapidement et avec plaisir \u00e0 tout moment.<\/p>","protected":false},"excerpt":{"rendered":"<p>Fromage r\u00e2p\u00e9 de la marque El Caser\u00edo, gage de qualit\u00e9. Disponible en diff\u00e9rentes vari\u00e9t\u00e9s et m\u00e9langes.<\/p>","protected":false},"featured_media":1118,"comment_status":"closed","ping_status":"closed","template":"","meta":[],"product_brand":[114],"product_cat":[111],"product_tag":[],"class_list":{"0":"post-1102","1":"product","2":"type-product","3":"status-publish","4":"has-post-thumbnail","6":"product_brand-el-caserio","7":"product_cat-queso-espanol","9":"first","10":"instock","11":"shipping-taxable","12":"purchasable","13":"product-type-variable"},"yoast_head":"<!-- This site is optimized with the Yoast SEO plugin v27.3 - https:\/\/yoast.com\/product\/yoast-seo-wordpress\/ -->\n<title>Queso Rallado El Caser\u00edo - Iberoo<\/title>\n<meta name=\"description\" content=\"Dale sabor a tus platos con Queso Rallado El Caser\u00edo, una garant\u00eda de calidad en cada bocado. Prueba nuestras mezclas y sorpr\u00e9ndete.\" \/>\n<meta name=\"robots\" content=\"index, follow, max-snippet:-1, max-image-preview:large, max-video-preview:-1\" \/>\n<link rel=\"canonical\" href=\"https:\/\/iberoo.com\/fr\/produit\/fromage-rape-el-caserio\/\" \/>\n<meta property=\"og:locale\" content=\"fr_FR\" \/>\n<meta property=\"og:type\" content=\"article\" \/>\n<meta property=\"og:title\" content=\"Queso Rallado El Caser\u00edo - Iberoo\" \/>\n<meta property=\"og:description\" content=\"Dale sabor a tus platos con Queso Rallado El Caser\u00edo, una garant\u00eda de calidad en cada bocado. Prueba nuestras mezclas y sorpr\u00e9ndete.\" \/>\n<meta property=\"og:url\" content=\"https:\/\/iberoo.com\/fr\/produit\/fromage-rape-el-caserio\/\" \/>\n<meta property=\"og:site_name\" content=\"Iberoo\" \/>\n<meta property=\"article:modified_time\" content=\"2026-04-04T21:15:22+00:00\" \/>\n<meta property=\"og:image\" content=\"https:\/\/iberoo.com\/wp-content\/uploads\/2025\/11\/queso-rallado-el-caserio-1.jpg\" \/>\n\t<meta property=\"og:image:width\" content=\"1000\" \/>\n\t<meta property=\"og:image:height\" content=\"1000\" \/>\n\t<meta property=\"og:image:type\" content=\"image\/jpeg\" \/>\n<meta name=\"twitter:card\" content=\"summary_large_image\" \/>\n<meta name=\"twitter:label1\" content=\"Disponibilit\u00e9\" \/>\n\t<meta name=\"twitter:data1\" content=\"En stock\" \/>\n<script type=\"application\/ld+json\" class=\"yoast-schema-graph\">{\"@context\":\"https:\\\/\\\/schema.org\",\"@graph\":[{\"@type\":\"WebPage\",\"@id\":\"https:\\\/\\\/iberoo.com\\\/producto\\\/queso-rallado-el-caserio\\\/\",\"url\":\"https:\\\/\\\/iberoo.com\\\/producto\\\/queso-rallado-el-caserio\\\/\",\"name\":\"Queso Rallado El Caser\u00edo - Iberoo\",\"isPartOf\":{\"@id\":\"https:\\\/\\\/iberoo.com\\\/#website\"},\"primaryImageOfPage\":{\"@id\":\"https:\\\/\\\/iberoo.com\\\/producto\\\/queso-rallado-el-caserio\\\/#primaryimage\"},\"image\":{\"@id\":\"https:\\\/\\\/iberoo.com\\\/producto\\\/queso-rallado-el-caserio\\\/#primaryimage\"},\"thumbnailUrl\":\"https:\\\/\\\/iberoo.com\\\/wp-content\\\/uploads\\\/2025\\\/11\\\/queso-rallado-el-caserio-1.jpg\",\"datePublished\":\"2025-11-14T22:58:18+00:00\",\"dateModified\":\"2026-04-04T21:15:22+00:00\",\"description\":\"Dale sabor a tus platos con Queso Rallado El Caser\u00edo, una garant\u00eda de calidad en cada bocado. Prueba nuestras mezclas y sorpr\u00e9ndete.\",\"breadcrumb\":{\"@id\":\"https:\\\/\\\/iberoo.com\\\/producto\\\/queso-rallado-el-caserio\\\/#breadcrumb\"},\"inLanguage\":\"fr-FR\",\"potentialAction\":[{\"@type\":\"ReadAction\",\"target\":[\"https:\\\/\\\/iberoo.com\\\/producto\\\/queso-rallado-el-caserio\\\/\"]}]},{\"@type\":\"ImageObject\",\"inLanguage\":\"fr-FR\",\"@id\":\"https:\\\/\\\/iberoo.com\\\/producto\\\/queso-rallado-el-caserio\\\/#primaryimage\",\"url\":\"https:\\\/\\\/iberoo.com\\\/wp-content\\\/uploads\\\/2025\\\/11\\\/queso-rallado-el-caserio-1.jpg\",\"contentUrl\":\"https:\\\/\\\/iberoo.com\\\/wp-content\\\/uploads\\\/2025\\\/11\\\/queso-rallado-el-caserio-1.jpg\",\"width\":1000,\"height\":1000,\"caption\":\"Queso Rallado El Caser\u00edo\"},{\"@type\":\"BreadcrumbList\",\"@id\":\"https:\\\/\\\/iberoo.com\\\/producto\\\/queso-rallado-el-caserio\\\/#breadcrumb\",\"itemListElement\":[{\"@type\":\"ListItem\",\"position\":1,\"name\":\"Portada\",\"item\":\"https:\\\/\\\/iberoo.com\\\/\"},{\"@type\":\"ListItem\",\"position\":2,\"name\":\"Tienda Online\",\"item\":\"https:\\\/\\\/iberoo.com\\\/tienda\\\/\"},{\"@type\":\"ListItem\",\"position\":3,\"name\":\"Queso Rallado El Caser\u00edo\"}]},{\"@type\":\"WebSite\",\"@id\":\"https:\\\/\\\/iberoo.com\\\/#website\",\"url\":\"https:\\\/\\\/iberoo.com\\\/\",\"name\":\"Iberoo\",\"description\":\"\",\"publisher\":{\"@id\":\"https:\\\/\\\/iberoo.com\\\/#organization\"},\"potentialAction\":[{\"@type\":\"SearchAction\",\"target\":{\"@type\":\"EntryPoint\",\"urlTemplate\":\"https:\\\/\\\/iberoo.com\\\/?s={search_term_string}\"},\"query-input\":{\"@type\":\"PropertyValueSpecification\",\"valueRequired\":true,\"valueName\":\"search_term_string\"}}],\"inLanguage\":\"fr-FR\"},{\"@type\":\"Organization\",\"@id\":\"https:\\\/\\\/iberoo.com\\\/#organization\",\"name\":\"Iberoo\",\"url\":\"https:\\\/\\\/iberoo.com\\\/\",\"logo\":{\"@type\":\"ImageObject\",\"inLanguage\":\"fr-FR\",\"@id\":\"https:\\\/\\\/iberoo.com\\\/#\\\/schema\\\/logo\\\/image\\\/\",\"url\":\"https:\\\/\\\/iberoo.com\\\/wp-content\\\/uploads\\\/2025\\\/11\\\/logo-cuadrado.jpg\",\"contentUrl\":\"https:\\\/\\\/iberoo.com\\\/wp-content\\\/uploads\\\/2025\\\/11\\\/logo-cuadrado.jpg\",\"width\":700,\"height\":700,\"caption\":\"Iberoo\"},\"image\":{\"@id\":\"https:\\\/\\\/iberoo.com\\\/#\\\/schema\\\/logo\\\/image\\\/\"}}]}<\/script>\n<meta property=\"product:brand\" content=\"El Caser\u00edo\" \/>\n<meta property=\"og:availability\" content=\"instock\" \/>\n<meta property=\"product:availability\" content=\"instock\" \/>\n<meta property=\"product:condition\" content=\"new\" \/>\n<!-- \/ Yoast SEO plugin. -->","yoast_head_json":{"title":"Fromage r\u00e2p\u00e9 El Caser\u00edo - Iberoo","description":"Rehaussez la saveur de vos plats avec le fromage r\u00e2p\u00e9 El Caser\u00edo, gage de qualit\u00e9 \u00e0 chaque bouch\u00e9e. Essayez nos m\u00e9langes et laissez-vous surprendre.","robots":{"index":"index","follow":"follow","max-snippet":"max-snippet:-1","max-image-preview":"max-image-preview:large","max-video-preview":"max-video-preview:-1"},"canonical":"https:\/\/iberoo.com\/fr\/produit\/fromage-rape-el-caserio\/","og_locale":"fr_FR","og_type":"article","og_title":"Queso Rallado El Caser\u00edo - Iberoo","og_description":"Dale sabor a tus platos con Queso Rallado El Caser\u00edo, una garant\u00eda de calidad en cada bocado. Prueba nuestras mezclas y sorpr\u00e9ndete.","og_url":"https:\/\/iberoo.com\/fr\/produit\/fromage-rape-el-caserio\/","og_site_name":"Iberoo","article_modified_time":"2026-04-04T21:15:22+00:00","og_image":[{"width":1000,"height":1000,"url":"https:\/\/iberoo.com\/wp-content\/uploads\/2025\/11\/queso-rallado-el-caserio-1.jpg","type":"image\/jpeg"}],"twitter_card":"summary_large_image","twitter_misc":{"Disponibilit\u00e9":"En stock"},"schema":{"@context":"https:\/\/schema.org","@graph":[{"@type":"WebPage","@id":"https:\/\/iberoo.com\/producto\/queso-rallado-el-caserio\/","url":"https:\/\/iberoo.com\/producto\/queso-rallado-el-caserio\/","name":"Fromage r\u00e2p\u00e9 El Caser\u00edo - Iberoo","isPartOf":{"@id":"https:\/\/iberoo.com\/#website"},"primaryImageOfPage":{"@id":"https:\/\/iberoo.com\/producto\/queso-rallado-el-caserio\/#primaryimage"},"image":{"@id":"https:\/\/iberoo.com\/producto\/queso-rallado-el-caserio\/#primaryimage"},"thumbnailUrl":"https:\/\/iberoo.com\/wp-content\/uploads\/2025\/11\/queso-rallado-el-caserio-1.jpg","datePublished":"2025-11-14T22:58:18+00:00","dateModified":"2026-04-04T21:15:22+00:00","description":"Rehaussez la saveur de vos plats avec le fromage r\u00e2p\u00e9 El Caser\u00edo, gage de qualit\u00e9 \u00e0 chaque bouch\u00e9e. Essayez nos m\u00e9langes et laissez-vous surprendre.","breadcrumb":{"@id":"https:\/\/iberoo.com\/producto\/queso-rallado-el-caserio\/#breadcrumb"},"inLanguage":"fr-FR","potentialAction":[{"@type":"ReadAction","target":["https:\/\/iberoo.com\/producto\/queso-rallado-el-caserio\/"]}]},{"@type":"ImageObject","inLanguage":"fr-FR","@id":"https:\/\/iberoo.com\/producto\/queso-rallado-el-caserio\/#primaryimage","url":"https:\/\/iberoo.com\/wp-content\/uploads\/2025\/11\/queso-rallado-el-caserio-1.jpg","contentUrl":"https:\/\/iberoo.com\/wp-content\/uploads\/2025\/11\/queso-rallado-el-caserio-1.jpg","width":1000,"height":1000,"caption":"Queso Rallado El Caser\u00edo"},{"@type":"BreadcrumbList","@id":"https:\/\/iberoo.com\/producto\/queso-rallado-el-caserio\/#breadcrumb","itemListElement":[{"@type":"ListItem","position":1,"name":"Portada","item":"https:\/\/iberoo.com\/"},{"@type":"ListItem","position":2,"name":"Tienda Online","item":"https:\/\/iberoo.com\/tienda\/"},{"@type":"ListItem","position":3,"name":"Queso Rallado El Caser\u00edo"}]},{"@type":"WebSite","@id":"https:\/\/iberoo.com\/#website","url":"https:\/\/iberoo.com\/","name":"Iberoo","description":"","publisher":{"@id":"https:\/\/iberoo.com\/#organization"},"potentialAction":[{"@type":"SearchAction","target":{"@type":"EntryPoint","urlTemplate":"https:\/\/iberoo.com\/?s={search_term_string}"},"query-input":{"@type":"PropertyValueSpecification","valueRequired":true,"valueName":"search_term_string"}}],"inLanguage":"fr-FR"},{"@type":"Organization","@id":"https:\/\/iberoo.com\/#organization","name":"Iberoo","url":"https:\/\/iberoo.com\/","logo":{"@type":"ImageObject","inLanguage":"fr-FR","@id":"https:\/\/iberoo.com\/#\/schema\/logo\/image\/","url":"https:\/\/iberoo.com\/wp-content\/uploads\/2025\/11\/logo-cuadrado.jpg","contentUrl":"https:\/\/iberoo.com\/wp-content\/uploads\/2025\/11\/logo-cuadrado.jpg","width":700,"height":700,"caption":"Iberoo"},"image":{"@id":"https:\/\/iberoo.com\/#\/schema\/logo\/image\/"}}]},"product_brand":"El Caser\u00edo","og_availability":"instock","product_availability":"instock","product_condition":"new"},"_links":{"self":[{"href":"https:\/\/iberoo.com\/fr\/wp-json\/wp\/v2\/product\/1102","targetHints":{"allow":["GET"]}}],"collection":[{"href":"https:\/\/iberoo.com\/fr\/wp-json\/wp\/v2\/product"}],"about":[{"href":"https:\/\/iberoo.com\/fr\/wp-json\/wp\/v2\/types\/product"}],"replies":[{"embeddable":true,"href":"https:\/\/iberoo.com\/fr\/wp-json\/wp\/v2\/comments?post=1102"}],"wp:featuredmedia":[{"embeddable":true,"href":"https:\/\/iberoo.com\/fr\/wp-json\/wp\/v2\/media\/1118"}],"wp:attachment":[{"href":"https:\/\/iberoo.com\/fr\/wp-json\/wp\/v2\/media?parent=1102"}],"wp:term":[{"taxonomy":"product_brand","embeddable":true,"href":"https:\/\/iberoo.com\/fr\/wp-json\/wp\/v2\/product_brand?post=1102"},{"taxonomy":"product_cat","embeddable":true,"href":"https:\/\/iberoo.com\/fr\/wp-json\/wp\/v2\/product_cat?post=1102"},{"taxonomy":"product_tag","embeddable":true,"href":"https:\/\/iberoo.com\/fr\/wp-json\/wp\/v2\/product_tag?post=1102"}],"curies":[{"name":"wp","href":"https:\/\/api.w.org\/{rel}","templated":true}]}}