{"id":1605,"date":"2025-12-16T06:40:58","date_gmt":"2025-12-16T05:40:58","guid":{"rendered":"https:\/\/iberoo.com\/?post_type=product&#038;p=1605"},"modified":"2026-04-04T23:32:31","modified_gmt":"2026-04-04T21:32:31","slug":"saucisse-tranchee-el-pozo","status":"publish","type":"product","link":"https:\/\/iberoo.com\/fr\/produit\/saucisse-tranchee-el-pozo\/","title":{"rendered":"Saucisse tranch\u00e9e El Pozo"},"content":{"rendered":"<p>El <a href=\"https:\/\/iberoo.com\/fr\/produit\/tranches-de-saucisson-iberique-grand-choix-pour-navidul\/\">Salchich\u00f3n<\/a> en Lonchas Nobleza de El Pozo, presentado en un c\u00f3modo sobre de 65 gramos, es una opci\u00f3n ideal para quienes disfrutan de los embutidos tradicionales y buscan practicidad sin renunciar al sabor. Este producto destaca por su equilibrio entre textura y aroma, ofreciendo una experiencia agradable desde el primer bocado.<\/p>\n<p>Tranch\u00e9 finement et uniform\u00e9ment, il est facile \u00e0 servir et \u00e0 d\u00e9guster, ce qui en fait une alternative id\u00e9ale aux sandwichs, aux toasts ou aux en-cas rapides. Sa saveur est douce mais bien pr\u00e9sente, avec des notes caract\u00e9ristiques de salami classique, lui permettant de s'int\u00e9grer facilement \u00e0 diverses pr\u00e9parations sans dominer les autres plats.<\/p>\n<p>Le format en sachet de 65 g est con\u00e7u pour pr\u00e9server au mieux le produit et faciliter sa conservation. C'est une quantit\u00e9 pratique pour une consommation quotidienne, id\u00e9ale pour un repas d\u00e9contract\u00e9 ou pour accompagner une planche de charcuterie ou des amuse-gueules \u00e0 partager. De plus, son emballage pratique permet de l'emporter partout, pour le petit-d\u00e9jeuner, le go\u00fbter ou un repas rapide.<\/p>\n<p>La charcuterie Nobleza saucisse d'El Pozo s'adapte \u00e0 toutes les occasions et \u00e0 tous les modes de consommation, apportant une touche traditionnelle \u00e0 votre alimentation quotidienne. C'est le choix id\u00e9al pour ceux qui appr\u00e9cient la praticit\u00e9, la qualit\u00e9 et la saveur classique d'un produit pr\u00eat \u00e0 d\u00e9guster, con\u00e7u pour le rythme de vie actuel sans rien perdre de l'essence de la charcuterie traditionnelle.<\/p>","protected":false},"excerpt":{"rendered":"<p>Saucisse de qualit\u00e9 sup\u00e9rieure de la marque El Pozo, coup\u00e9e en fines tranches et conditionn\u00e9e dans un sachet individuel contenant 65 grammes de saucisse.<\/p>","protected":false},"featured_media":1606,"comment_status":"closed","ping_status":"closed","template":"","meta":[],"product_brand":[105],"product_cat":[233],"product_tag":[],"class_list":{"0":"post-1605","1":"product","2":"type-product","3":"status-publish","4":"has-post-thumbnail","6":"product_brand-el-pozo","7":"product_cat-embutidos-espanoles","9":"first","10":"instock","11":"shipping-taxable","12":"purchasable","13":"product-type-simple"},"yoast_head":"<!-- This site is optimized with the Yoast SEO plugin v27.3 - https:\/\/yoast.com\/product\/yoast-seo-wordpress\/ -->\n<title>Salchich\u00f3n en Lonchas El Pozo - Iberoo<\/title>\n<meta name=\"description\" content=\"Salchich\u00f3n nobleza de la marca El Pozo cortado en finas lonchas y envasado en sobre individual que contiene 65 gramos de salchich\u00f3n.\" \/>\n<meta name=\"robots\" content=\"index, follow, max-snippet:-1, max-image-preview:large, max-video-preview:-1\" \/>\n<link rel=\"canonical\" href=\"https:\/\/iberoo.com\/fr\/produit\/saucisse-tranchee-el-pozo\/\" \/>\n<meta property=\"og:locale\" content=\"fr_FR\" \/>\n<meta property=\"og:type\" content=\"article\" \/>\n<meta property=\"og:title\" content=\"Salchich\u00f3n en Lonchas El Pozo - Iberoo\" \/>\n<meta property=\"og:description\" content=\"Salchich\u00f3n nobleza de la marca El Pozo cortado en finas lonchas y envasado en sobre individual que contiene 65 gramos de salchich\u00f3n.\" \/>\n<meta property=\"og:url\" content=\"https:\/\/iberoo.com\/fr\/produit\/saucisse-tranchee-el-pozo\/\" \/>\n<meta property=\"og:site_name\" content=\"Iberoo\" \/>\n<meta property=\"article:modified_time\" content=\"2026-04-04T21:32:31+00:00\" \/>\n<meta property=\"og:image\" content=\"https:\/\/iberoo.com\/wp-content\/uploads\/2025\/12\/salchichon-lonchas-nobleza-el-pozo.jpg\" \/>\n\t<meta property=\"og:image:width\" content=\"1200\" \/>\n\t<meta property=\"og:image:height\" content=\"1200\" \/>\n\t<meta property=\"og:image:type\" content=\"image\/jpeg\" \/>\n<meta name=\"twitter:card\" content=\"summary_large_image\" \/>\n<meta name=\"twitter:label1\" content=\"Prix\" \/>\n\t<meta name=\"twitter:data1\" content=\"1,55&nbsp;&euro;\" \/>\n\t<meta name=\"twitter:label2\" content=\"Disponibilit\u00e9\" \/>\n\t<meta name=\"twitter:data2\" content=\"En stock\" \/>\n<script type=\"application\/ld+json\" class=\"yoast-schema-graph\">{\"@context\":\"https:\\\/\\\/schema.org\",\"@graph\":[{\"@type\":\"WebPage\",\"@id\":\"https:\\\/\\\/iberoo.com\\\/producto\\\/salchichon-en-lonchas-el-pozo\\\/\",\"url\":\"https:\\\/\\\/iberoo.com\\\/producto\\\/salchichon-en-lonchas-el-pozo\\\/\",\"name\":\"Salchich\u00f3n en Lonchas El Pozo - Iberoo\",\"isPartOf\":{\"@id\":\"https:\\\/\\\/iberoo.com\\\/#website\"},\"primaryImageOfPage\":{\"@id\":\"https:\\\/\\\/iberoo.com\\\/producto\\\/salchichon-en-lonchas-el-pozo\\\/#primaryimage\"},\"image\":{\"@id\":\"https:\\\/\\\/iberoo.com\\\/producto\\\/salchichon-en-lonchas-el-pozo\\\/#primaryimage\"},\"thumbnailUrl\":\"https:\\\/\\\/iberoo.com\\\/wp-content\\\/uploads\\\/2025\\\/12\\\/salchichon-lonchas-nobleza-el-pozo.jpg\",\"datePublished\":\"2025-12-16T05:40:58+00:00\",\"dateModified\":\"2026-04-04T21:32:31+00:00\",\"description\":\"Salchich\u00f3n nobleza de la marca El Pozo cortado en finas lonchas y envasado en sobre individual que contiene 65 gramos de salchich\u00f3n.\",\"breadcrumb\":{\"@id\":\"https:\\\/\\\/iberoo.com\\\/producto\\\/salchichon-en-lonchas-el-pozo\\\/#breadcrumb\"},\"inLanguage\":\"fr-FR\",\"potentialAction\":[{\"@type\":\"ReadAction\",\"target\":[\"https:\\\/\\\/iberoo.com\\\/producto\\\/salchichon-en-lonchas-el-pozo\\\/\"]}]},{\"@type\":\"ImageObject\",\"inLanguage\":\"fr-FR\",\"@id\":\"https:\\\/\\\/iberoo.com\\\/producto\\\/salchichon-en-lonchas-el-pozo\\\/#primaryimage\",\"url\":\"https:\\\/\\\/iberoo.com\\\/wp-content\\\/uploads\\\/2025\\\/12\\\/salchichon-lonchas-nobleza-el-pozo.jpg\",\"contentUrl\":\"https:\\\/\\\/iberoo.com\\\/wp-content\\\/uploads\\\/2025\\\/12\\\/salchichon-lonchas-nobleza-el-pozo.jpg\",\"width\":1200,\"height\":1200,\"caption\":\"Salchich\u00f3n en Lonchas El Pozo\"},{\"@type\":\"BreadcrumbList\",\"@id\":\"https:\\\/\\\/iberoo.com\\\/producto\\\/salchichon-en-lonchas-el-pozo\\\/#breadcrumb\",\"itemListElement\":[{\"@type\":\"ListItem\",\"position\":1,\"name\":\"Portada\",\"item\":\"https:\\\/\\\/iberoo.com\\\/\"},{\"@type\":\"ListItem\",\"position\":2,\"name\":\"Tienda Online\",\"item\":\"https:\\\/\\\/iberoo.com\\\/tienda\\\/\"},{\"@type\":\"ListItem\",\"position\":3,\"name\":\"Salchich\u00f3n en Lonchas El Pozo\"}]},{\"@type\":\"WebSite\",\"@id\":\"https:\\\/\\\/iberoo.com\\\/#website\",\"url\":\"https:\\\/\\\/iberoo.com\\\/\",\"name\":\"Iberoo\",\"description\":\"\",\"publisher\":{\"@id\":\"https:\\\/\\\/iberoo.com\\\/#organization\"},\"potentialAction\":[{\"@type\":\"SearchAction\",\"target\":{\"@type\":\"EntryPoint\",\"urlTemplate\":\"https:\\\/\\\/iberoo.com\\\/?s={search_term_string}\"},\"query-input\":{\"@type\":\"PropertyValueSpecification\",\"valueRequired\":true,\"valueName\":\"search_term_string\"}}],\"inLanguage\":\"fr-FR\"},{\"@type\":\"Organization\",\"@id\":\"https:\\\/\\\/iberoo.com\\\/#organization\",\"name\":\"Iberoo\",\"url\":\"https:\\\/\\\/iberoo.com\\\/\",\"logo\":{\"@type\":\"ImageObject\",\"inLanguage\":\"fr-FR\",\"@id\":\"https:\\\/\\\/iberoo.com\\\/#\\\/schema\\\/logo\\\/image\\\/\",\"url\":\"https:\\\/\\\/iberoo.com\\\/wp-content\\\/uploads\\\/2025\\\/11\\\/logo-cuadrado.jpg\",\"contentUrl\":\"https:\\\/\\\/iberoo.com\\\/wp-content\\\/uploads\\\/2025\\\/11\\\/logo-cuadrado.jpg\",\"width\":700,\"height\":700,\"caption\":\"Iberoo\"},\"image\":{\"@id\":\"https:\\\/\\\/iberoo.com\\\/#\\\/schema\\\/logo\\\/image\\\/\"}}]}<\/script>\n<meta property=\"product:brand\" content=\"El Pozo\" \/>\n<meta property=\"product:price:amount\" content=\"1.55\" \/>\n<meta property=\"product:price:currency\" content=\"EUR\" \/>\n<meta property=\"og:availability\" content=\"instock\" \/>\n<meta property=\"product:availability\" content=\"instock\" \/>\n<meta property=\"product:condition\" content=\"new\" \/>\n<!-- \/ Yoast SEO plugin. -->","yoast_head_json":{"title":"Saucisse tranch\u00e9e El Pozo - Iberoo","description":"Saucisse de qualit\u00e9 sup\u00e9rieure de la marque El Pozo, coup\u00e9e en fines tranches et conditionn\u00e9e dans un sachet individuel contenant 65 grammes de saucisse.","robots":{"index":"index","follow":"follow","max-snippet":"max-snippet:-1","max-image-preview":"max-image-preview:large","max-video-preview":"max-video-preview:-1"},"canonical":"https:\/\/iberoo.com\/fr\/produit\/saucisse-tranchee-el-pozo\/","og_locale":"fr_FR","og_type":"article","og_title":"Salchich\u00f3n en Lonchas El Pozo - Iberoo","og_description":"Salchich\u00f3n nobleza de la marca El Pozo cortado en finas lonchas y envasado en sobre individual que contiene 65 gramos de salchich\u00f3n.","og_url":"https:\/\/iberoo.com\/fr\/produit\/saucisse-tranchee-el-pozo\/","og_site_name":"Iberoo","article_modified_time":"2026-04-04T21:32:31+00:00","og_image":[{"width":1200,"height":1200,"url":"https:\/\/iberoo.com\/wp-content\/uploads\/2025\/12\/salchichon-lonchas-nobleza-el-pozo.jpg","type":"image\/jpeg"}],"twitter_card":"summary_large_image","twitter_misc":{"Prix":"1,55&nbsp;&euro;","Disponibilit\u00e9":"En stock"},"schema":{"@context":"https:\/\/schema.org","@graph":[{"@type":"WebPage","@id":"https:\/\/iberoo.com\/producto\/salchichon-en-lonchas-el-pozo\/","url":"https:\/\/iberoo.com\/producto\/salchichon-en-lonchas-el-pozo\/","name":"Saucisse tranch\u00e9e El Pozo - Iberoo","isPartOf":{"@id":"https:\/\/iberoo.com\/#website"},"primaryImageOfPage":{"@id":"https:\/\/iberoo.com\/producto\/salchichon-en-lonchas-el-pozo\/#primaryimage"},"image":{"@id":"https:\/\/iberoo.com\/producto\/salchichon-en-lonchas-el-pozo\/#primaryimage"},"thumbnailUrl":"https:\/\/iberoo.com\/wp-content\/uploads\/2025\/12\/salchichon-lonchas-nobleza-el-pozo.jpg","datePublished":"2025-12-16T05:40:58+00:00","dateModified":"2026-04-04T21:32:31+00:00","description":"Saucisse de qualit\u00e9 sup\u00e9rieure de la marque El Pozo, coup\u00e9e en fines tranches et conditionn\u00e9e dans un sachet individuel contenant 65 grammes de saucisse.","breadcrumb":{"@id":"https:\/\/iberoo.com\/producto\/salchichon-en-lonchas-el-pozo\/#breadcrumb"},"inLanguage":"fr-FR","potentialAction":[{"@type":"ReadAction","target":["https:\/\/iberoo.com\/producto\/salchichon-en-lonchas-el-pozo\/"]}]},{"@type":"ImageObject","inLanguage":"fr-FR","@id":"https:\/\/iberoo.com\/producto\/salchichon-en-lonchas-el-pozo\/#primaryimage","url":"https:\/\/iberoo.com\/wp-content\/uploads\/2025\/12\/salchichon-lonchas-nobleza-el-pozo.jpg","contentUrl":"https:\/\/iberoo.com\/wp-content\/uploads\/2025\/12\/salchichon-lonchas-nobleza-el-pozo.jpg","width":1200,"height":1200,"caption":"Salchich\u00f3n en Lonchas El Pozo"},{"@type":"BreadcrumbList","@id":"https:\/\/iberoo.com\/producto\/salchichon-en-lonchas-el-pozo\/#breadcrumb","itemListElement":[{"@type":"ListItem","position":1,"name":"Portada","item":"https:\/\/iberoo.com\/"},{"@type":"ListItem","position":2,"name":"Tienda Online","item":"https:\/\/iberoo.com\/tienda\/"},{"@type":"ListItem","position":3,"name":"Salchich\u00f3n en Lonchas El Pozo"}]},{"@type":"WebSite","@id":"https:\/\/iberoo.com\/#website","url":"https:\/\/iberoo.com\/","name":"Iberoo","description":"","publisher":{"@id":"https:\/\/iberoo.com\/#organization"},"potentialAction":[{"@type":"SearchAction","target":{"@type":"EntryPoint","urlTemplate":"https:\/\/iberoo.com\/?s={search_term_string}"},"query-input":{"@type":"PropertyValueSpecification","valueRequired":true,"valueName":"search_term_string"}}],"inLanguage":"fr-FR"},{"@type":"Organization","@id":"https:\/\/iberoo.com\/#organization","name":"Iberoo","url":"https:\/\/iberoo.com\/","logo":{"@type":"ImageObject","inLanguage":"fr-FR","@id":"https:\/\/iberoo.com\/#\/schema\/logo\/image\/","url":"https:\/\/iberoo.com\/wp-content\/uploads\/2025\/11\/logo-cuadrado.jpg","contentUrl":"https:\/\/iberoo.com\/wp-content\/uploads\/2025\/11\/logo-cuadrado.jpg","width":700,"height":700,"caption":"Iberoo"},"image":{"@id":"https:\/\/iberoo.com\/#\/schema\/logo\/image\/"}}]},"product_brand":"El Pozo","product_price_amount":"1.55","product_price_currency":"EUR","og_availability":"instock","product_availability":"instock","product_condition":"new"},"_links":{"self":[{"href":"https:\/\/iberoo.com\/fr\/wp-json\/wp\/v2\/product\/1605","targetHints":{"allow":["GET"]}}],"collection":[{"href":"https:\/\/iberoo.com\/fr\/wp-json\/wp\/v2\/product"}],"about":[{"href":"https:\/\/iberoo.com\/fr\/wp-json\/wp\/v2\/types\/product"}],"replies":[{"embeddable":true,"href":"https:\/\/iberoo.com\/fr\/wp-json\/wp\/v2\/comments?post=1605"}],"wp:featuredmedia":[{"embeddable":true,"href":"https:\/\/iberoo.com\/fr\/wp-json\/wp\/v2\/media\/1606"}],"wp:attachment":[{"href":"https:\/\/iberoo.com\/fr\/wp-json\/wp\/v2\/media?parent=1605"}],"wp:term":[{"taxonomy":"product_brand","embeddable":true,"href":"https:\/\/iberoo.com\/fr\/wp-json\/wp\/v2\/product_brand?post=1605"},{"taxonomy":"product_cat","embeddable":true,"href":"https:\/\/iberoo.com\/fr\/wp-json\/wp\/v2\/product_cat?post=1605"},{"taxonomy":"product_tag","embeddable":true,"href":"https:\/\/iberoo.com\/fr\/wp-json\/wp\/v2\/product_tag?post=1605"}],"curies":[{"name":"wp","href":"https:\/\/api.w.org\/{rel}","templated":true}]}}