{"id":1614,"date":"2025-12-16T07:54:51","date_gmt":"2025-12-16T06:54:51","guid":{"rendered":"https:\/\/iberoo.com\/?post_type=product&#038;p=1614"},"modified":"2026-04-04T23:31:30","modified_gmt":"2026-04-04T21:31:30","slug":"jambon-cru-en-tranches-el-pozo-1954","status":"publish","type":"product","link":"https:\/\/iberoo.com\/fr\/produit\/jambon-cru-en-tranches-el-pozo-1954\/","title":{"rendered":"Jambon cru en tranches El Pozo 1954"},"content":{"rendered":"<p>Le jambon cru tranch\u00e9 El Pozo 1954, pr\u00e9sent\u00e9 en sachets de 100 grammes, est id\u00e9al pour les amateurs de saveurs traditionnelles et de praticit\u00e9. \u00c9labor\u00e9 selon des m\u00e9thodes d'affinage respectueuses de la tradition, ce jambon offre un profil aromatique \u00e9quilibr\u00e9 et une texture agr\u00e9able, perceptible \u00e0 chaque tranche.<\/p>\n<p>Sa coupe fine et r\u00e9guli\u00e8re permet de s\u00e9parer facilement les tranches et de savourer pleinement le jambon, seul ou sur un plateau de charcuterie. Il est id\u00e9al pour les sandwichs, les toasts, les petits d\u00e9jeuners sal\u00e9s ou encore sur un plateau de charcuterie. Il se pr\u00eate \u00e9galement \u00e0 la pr\u00e9paration de recettes simples, auxquelles il apporte une touche savoureuse sans masquer le go\u00fbt des autres ingr\u00e9dients.<\/p>\n<p>Le format 100 g est con\u00e7u pour une consommation pratique et polyvalente, pr\u00e9servant ainsi le produit dans des conditions optimales et facilitant sa conservation. C'est une quantit\u00e9 id\u00e9ale pour une consommation quotidienne, ainsi que pour partager lors de repas informels, d'en-cas ou de r\u00e9unions de famille.<\/p>\n<p>Au sein de la gamme El Pozo 1954, ce jambon cru tranch\u00e9 repr\u00e9sente l'\u00e9quilibre parfait entre tradition et praticit\u00e9. C'est le choix id\u00e9al pour ceux qui privil\u00e9gient la qualit\u00e9, la saveur authentique et la facilit\u00e9 d'utilisation au quotidien, sans pour autant renoncer \u00e0 l'essence m\u00eame d'un jambon cru de qualit\u00e9.<\/p>","protected":false},"excerpt":{"rendered":"<p>Si vous souhaitez go\u00fbter un jambon cru emball\u00e9 de qualit\u00e9, le jambon Duroc crois\u00e9 de la marque El Pozo 1954 en sachets individuels de 100 g est peut-\u00eatre votre meilleur choix.<\/p>","protected":false},"featured_media":1615,"comment_status":"closed","ping_status":"closed","template":"","meta":[],"product_brand":[105],"product_cat":[103],"product_tag":[],"class_list":{"0":"post-1614","1":"product","2":"type-product","3":"status-publish","4":"has-post-thumbnail","6":"product_brand-el-pozo","7":"product_cat-jamon-espanol","9":"first","10":"instock","11":"shipping-taxable","12":"purchasable","13":"product-type-simple"},"yoast_head":"<!-- This site is optimized with the Yoast SEO plugin v27.3 - https:\/\/yoast.com\/product\/yoast-seo-wordpress\/ -->\n<title>Jam\u00f3n Curado en Lonchas El Pozo 1954 - Iberoo<\/title>\n<meta name=\"description\" content=\"Si buscas un jam\u00f3n curado envasado pero de calidad el jam\u00f3n de cruce Duroc de El Pozo 1954 en sobres de 100g es quiz\u00e1s tu mejor elecci\u00f3n.\" \/>\n<meta name=\"robots\" content=\"index, follow, max-snippet:-1, max-image-preview:large, max-video-preview:-1\" \/>\n<link rel=\"canonical\" href=\"https:\/\/iberoo.com\/fr\/produit\/jambon-cru-en-tranches-el-pozo-1954\/\" \/>\n<meta property=\"og:locale\" content=\"fr_FR\" \/>\n<meta property=\"og:type\" content=\"article\" \/>\n<meta property=\"og:title\" content=\"Jam\u00f3n Curado en Lonchas El Pozo 1954 - Iberoo\" \/>\n<meta property=\"og:description\" content=\"Si buscas un jam\u00f3n curado envasado pero de calidad el jam\u00f3n de cruce Duroc de El Pozo 1954 en sobres de 100g es quiz\u00e1s tu mejor elecci\u00f3n.\" \/>\n<meta property=\"og:url\" content=\"https:\/\/iberoo.com\/fr\/produit\/jambon-cru-en-tranches-el-pozo-1954\/\" \/>\n<meta property=\"og:site_name\" content=\"Iberoo\" \/>\n<meta property=\"article:modified_time\" content=\"2026-04-04T21:31:30+00:00\" \/>\n<meta property=\"og:image\" content=\"https:\/\/iberoo.com\/wp-content\/uploads\/2025\/12\/jamon-lonchas-el-pozo-1954.jpg\" \/>\n\t<meta property=\"og:image:width\" content=\"1200\" \/>\n\t<meta property=\"og:image:height\" content=\"1200\" \/>\n\t<meta property=\"og:image:type\" content=\"image\/jpeg\" \/>\n<meta name=\"twitter:card\" content=\"summary_large_image\" \/>\n<meta name=\"twitter:label1\" content=\"Prix\" \/>\n\t<meta name=\"twitter:data1\" content=\"3,05&nbsp;&euro;\" \/>\n\t<meta name=\"twitter:label2\" content=\"Disponibilit\u00e9\" \/>\n\t<meta name=\"twitter:data2\" content=\"En stock\" \/>\n<script type=\"application\/ld+json\" class=\"yoast-schema-graph\">{\"@context\":\"https:\\\/\\\/schema.org\",\"@graph\":[{\"@type\":\"WebPage\",\"@id\":\"https:\\\/\\\/iberoo.com\\\/producto\\\/jamon-curado-en-lonchas-el-pozo-1954\\\/\",\"url\":\"https:\\\/\\\/iberoo.com\\\/producto\\\/jamon-curado-en-lonchas-el-pozo-1954\\\/\",\"name\":\"Jam\u00f3n Curado en Lonchas El Pozo 1954 - Iberoo\",\"isPartOf\":{\"@id\":\"https:\\\/\\\/iberoo.com\\\/#website\"},\"primaryImageOfPage\":{\"@id\":\"https:\\\/\\\/iberoo.com\\\/producto\\\/jamon-curado-en-lonchas-el-pozo-1954\\\/#primaryimage\"},\"image\":{\"@id\":\"https:\\\/\\\/iberoo.com\\\/producto\\\/jamon-curado-en-lonchas-el-pozo-1954\\\/#primaryimage\"},\"thumbnailUrl\":\"https:\\\/\\\/iberoo.com\\\/wp-content\\\/uploads\\\/2025\\\/12\\\/jamon-lonchas-el-pozo-1954.jpg\",\"datePublished\":\"2025-12-16T06:54:51+00:00\",\"dateModified\":\"2026-04-04T21:31:30+00:00\",\"description\":\"Si buscas un jam\u00f3n curado envasado pero de calidad el jam\u00f3n de cruce Duroc de El Pozo 1954 en sobres de 100g es quiz\u00e1s tu mejor elecci\u00f3n.\",\"breadcrumb\":{\"@id\":\"https:\\\/\\\/iberoo.com\\\/producto\\\/jamon-curado-en-lonchas-el-pozo-1954\\\/#breadcrumb\"},\"inLanguage\":\"fr-FR\",\"potentialAction\":[{\"@type\":\"ReadAction\",\"target\":[\"https:\\\/\\\/iberoo.com\\\/producto\\\/jamon-curado-en-lonchas-el-pozo-1954\\\/\"]}]},{\"@type\":\"ImageObject\",\"inLanguage\":\"fr-FR\",\"@id\":\"https:\\\/\\\/iberoo.com\\\/producto\\\/jamon-curado-en-lonchas-el-pozo-1954\\\/#primaryimage\",\"url\":\"https:\\\/\\\/iberoo.com\\\/wp-content\\\/uploads\\\/2025\\\/12\\\/jamon-lonchas-el-pozo-1954.jpg\",\"contentUrl\":\"https:\\\/\\\/iberoo.com\\\/wp-content\\\/uploads\\\/2025\\\/12\\\/jamon-lonchas-el-pozo-1954.jpg\",\"width\":1200,\"height\":1200,\"caption\":\"Jam\u00f3n Curado en Lonchas El Pozo\"},{\"@type\":\"BreadcrumbList\",\"@id\":\"https:\\\/\\\/iberoo.com\\\/producto\\\/jamon-curado-en-lonchas-el-pozo-1954\\\/#breadcrumb\",\"itemListElement\":[{\"@type\":\"ListItem\",\"position\":1,\"name\":\"Portada\",\"item\":\"https:\\\/\\\/iberoo.com\\\/\"},{\"@type\":\"ListItem\",\"position\":2,\"name\":\"Tienda Online\",\"item\":\"https:\\\/\\\/iberoo.com\\\/tienda\\\/\"},{\"@type\":\"ListItem\",\"position\":3,\"name\":\"Jam\u00f3n Curado en Lonchas El Pozo 1954\"}]},{\"@type\":\"WebSite\",\"@id\":\"https:\\\/\\\/iberoo.com\\\/#website\",\"url\":\"https:\\\/\\\/iberoo.com\\\/\",\"name\":\"Iberoo\",\"description\":\"\",\"publisher\":{\"@id\":\"https:\\\/\\\/iberoo.com\\\/#organization\"},\"potentialAction\":[{\"@type\":\"SearchAction\",\"target\":{\"@type\":\"EntryPoint\",\"urlTemplate\":\"https:\\\/\\\/iberoo.com\\\/?s={search_term_string}\"},\"query-input\":{\"@type\":\"PropertyValueSpecification\",\"valueRequired\":true,\"valueName\":\"search_term_string\"}}],\"inLanguage\":\"fr-FR\"},{\"@type\":\"Organization\",\"@id\":\"https:\\\/\\\/iberoo.com\\\/#organization\",\"name\":\"Iberoo\",\"url\":\"https:\\\/\\\/iberoo.com\\\/\",\"logo\":{\"@type\":\"ImageObject\",\"inLanguage\":\"fr-FR\",\"@id\":\"https:\\\/\\\/iberoo.com\\\/#\\\/schema\\\/logo\\\/image\\\/\",\"url\":\"https:\\\/\\\/iberoo.com\\\/wp-content\\\/uploads\\\/2025\\\/11\\\/logo-cuadrado.jpg\",\"contentUrl\":\"https:\\\/\\\/iberoo.com\\\/wp-content\\\/uploads\\\/2025\\\/11\\\/logo-cuadrado.jpg\",\"width\":700,\"height\":700,\"caption\":\"Iberoo\"},\"image\":{\"@id\":\"https:\\\/\\\/iberoo.com\\\/#\\\/schema\\\/logo\\\/image\\\/\"}}]}<\/script>\n<meta property=\"product:brand\" content=\"El Pozo\" \/>\n<meta property=\"product:price:amount\" content=\"3.05\" \/>\n<meta property=\"product:price:currency\" content=\"EUR\" \/>\n<meta property=\"og:availability\" content=\"instock\" \/>\n<meta property=\"product:availability\" content=\"instock\" \/>\n<meta property=\"product:condition\" content=\"new\" \/>\n<!-- \/ Yoast SEO plugin. -->","yoast_head_json":{"title":"Jambon cru en tranches El Pozo 1954 - Iberoo","description":"Si vous recherchez un jambon cru emball\u00e9 de qualit\u00e9, le jambon El Pozo 1954 Duroc crois\u00e9 en sachets de 100 g est peut-\u00eatre votre meilleur choix.","robots":{"index":"index","follow":"follow","max-snippet":"max-snippet:-1","max-image-preview":"max-image-preview:large","max-video-preview":"max-video-preview:-1"},"canonical":"https:\/\/iberoo.com\/fr\/produit\/jambon-cru-en-tranches-el-pozo-1954\/","og_locale":"fr_FR","og_type":"article","og_title":"Jam\u00f3n Curado en Lonchas El Pozo 1954 - Iberoo","og_description":"Si buscas un jam\u00f3n curado envasado pero de calidad el jam\u00f3n de cruce Duroc de El Pozo 1954 en sobres de 100g es quiz\u00e1s tu mejor elecci\u00f3n.","og_url":"https:\/\/iberoo.com\/fr\/produit\/jambon-cru-en-tranches-el-pozo-1954\/","og_site_name":"Iberoo","article_modified_time":"2026-04-04T21:31:30+00:00","og_image":[{"width":1200,"height":1200,"url":"https:\/\/iberoo.com\/wp-content\/uploads\/2025\/12\/jamon-lonchas-el-pozo-1954.jpg","type":"image\/jpeg"}],"twitter_card":"summary_large_image","twitter_misc":{"Prix":"3,05&nbsp;&euro;","Disponibilit\u00e9":"En stock"},"schema":{"@context":"https:\/\/schema.org","@graph":[{"@type":"WebPage","@id":"https:\/\/iberoo.com\/producto\/jamon-curado-en-lonchas-el-pozo-1954\/","url":"https:\/\/iberoo.com\/producto\/jamon-curado-en-lonchas-el-pozo-1954\/","name":"Jambon cru en tranches El Pozo 1954 - Iberoo","isPartOf":{"@id":"https:\/\/iberoo.com\/#website"},"primaryImageOfPage":{"@id":"https:\/\/iberoo.com\/producto\/jamon-curado-en-lonchas-el-pozo-1954\/#primaryimage"},"image":{"@id":"https:\/\/iberoo.com\/producto\/jamon-curado-en-lonchas-el-pozo-1954\/#primaryimage"},"thumbnailUrl":"https:\/\/iberoo.com\/wp-content\/uploads\/2025\/12\/jamon-lonchas-el-pozo-1954.jpg","datePublished":"2025-12-16T06:54:51+00:00","dateModified":"2026-04-04T21:31:30+00:00","description":"Si vous recherchez un jambon cru emball\u00e9 de qualit\u00e9, le jambon El Pozo 1954 Duroc crois\u00e9 en sachets de 100 g est peut-\u00eatre votre meilleur choix.","breadcrumb":{"@id":"https:\/\/iberoo.com\/producto\/jamon-curado-en-lonchas-el-pozo-1954\/#breadcrumb"},"inLanguage":"fr-FR","potentialAction":[{"@type":"ReadAction","target":["https:\/\/iberoo.com\/producto\/jamon-curado-en-lonchas-el-pozo-1954\/"]}]},{"@type":"ImageObject","inLanguage":"fr-FR","@id":"https:\/\/iberoo.com\/producto\/jamon-curado-en-lonchas-el-pozo-1954\/#primaryimage","url":"https:\/\/iberoo.com\/wp-content\/uploads\/2025\/12\/jamon-lonchas-el-pozo-1954.jpg","contentUrl":"https:\/\/iberoo.com\/wp-content\/uploads\/2025\/12\/jamon-lonchas-el-pozo-1954.jpg","width":1200,"height":1200,"caption":"Jam\u00f3n Curado en Lonchas El Pozo"},{"@type":"BreadcrumbList","@id":"https:\/\/iberoo.com\/producto\/jamon-curado-en-lonchas-el-pozo-1954\/#breadcrumb","itemListElement":[{"@type":"ListItem","position":1,"name":"Portada","item":"https:\/\/iberoo.com\/"},{"@type":"ListItem","position":2,"name":"Tienda Online","item":"https:\/\/iberoo.com\/tienda\/"},{"@type":"ListItem","position":3,"name":"Jam\u00f3n Curado en Lonchas El Pozo 1954"}]},{"@type":"WebSite","@id":"https:\/\/iberoo.com\/#website","url":"https:\/\/iberoo.com\/","name":"Iberoo","description":"","publisher":{"@id":"https:\/\/iberoo.com\/#organization"},"potentialAction":[{"@type":"SearchAction","target":{"@type":"EntryPoint","urlTemplate":"https:\/\/iberoo.com\/?s={search_term_string}"},"query-input":{"@type":"PropertyValueSpecification","valueRequired":true,"valueName":"search_term_string"}}],"inLanguage":"fr-FR"},{"@type":"Organization","@id":"https:\/\/iberoo.com\/#organization","name":"Iberoo","url":"https:\/\/iberoo.com\/","logo":{"@type":"ImageObject","inLanguage":"fr-FR","@id":"https:\/\/iberoo.com\/#\/schema\/logo\/image\/","url":"https:\/\/iberoo.com\/wp-content\/uploads\/2025\/11\/logo-cuadrado.jpg","contentUrl":"https:\/\/iberoo.com\/wp-content\/uploads\/2025\/11\/logo-cuadrado.jpg","width":700,"height":700,"caption":"Iberoo"},"image":{"@id":"https:\/\/iberoo.com\/#\/schema\/logo\/image\/"}}]},"product_brand":"El Pozo","product_price_amount":"3.05","product_price_currency":"EUR","og_availability":"instock","product_availability":"instock","product_condition":"new"},"_links":{"self":[{"href":"https:\/\/iberoo.com\/fr\/wp-json\/wp\/v2\/product\/1614","targetHints":{"allow":["GET"]}}],"collection":[{"href":"https:\/\/iberoo.com\/fr\/wp-json\/wp\/v2\/product"}],"about":[{"href":"https:\/\/iberoo.com\/fr\/wp-json\/wp\/v2\/types\/product"}],"replies":[{"embeddable":true,"href":"https:\/\/iberoo.com\/fr\/wp-json\/wp\/v2\/comments?post=1614"}],"wp:featuredmedia":[{"embeddable":true,"href":"https:\/\/iberoo.com\/fr\/wp-json\/wp\/v2\/media\/1615"}],"wp:attachment":[{"href":"https:\/\/iberoo.com\/fr\/wp-json\/wp\/v2\/media?parent=1614"}],"wp:term":[{"taxonomy":"product_brand","embeddable":true,"href":"https:\/\/iberoo.com\/fr\/wp-json\/wp\/v2\/product_brand?post=1614"},{"taxonomy":"product_cat","embeddable":true,"href":"https:\/\/iberoo.com\/fr\/wp-json\/wp\/v2\/product_cat?post=1614"},{"taxonomy":"product_tag","embeddable":true,"href":"https:\/\/iberoo.com\/fr\/wp-json\/wp\/v2\/product_tag?post=1614"}],"curies":[{"name":"wp","href":"https:\/\/api.w.org\/{rel}","templated":true}]}}