{"id":1616,"date":"2025-12-16T08:12:48","date_gmt":"2025-12-16T07:12:48","guid":{"rendered":"https:\/\/iberoo.com\/?post_type=product&#038;p=1616"},"modified":"2026-04-04T23:31:19","modified_gmt":"2026-04-04T21:31:19","slug":"espetec-casa-tarradellas","status":"publish","type":"product","link":"https:\/\/iberoo.com\/fr\/produit\/espetec-casa-tarradellas\/","title":{"rendered":"Espetec Casa Tarradellas"},"content":{"rendered":"<p>La saucisse Casa Tarradellas Espetec, d'un poids de 180 grammes, est une charcuterie qui se distingue par son caract\u00e8re traditionnel et sa saveur prononc\u00e9e. \u00c9labor\u00e9e selon un processus d'affinage lent et contr\u00f4l\u00e9, elle offre un \u00e9quilibre parfait entre ar\u00f4me, texture et go\u00fbt, et est con\u00e7ue pour les amateurs de charcuteries classiques dans leur version la plus authentique.<\/p>\n<p>Pr\u00e9sent\u00e9e enti\u00e8re, cette pi\u00e8ce permet de la trancher \u00e0 l'\u00e9paisseur souhait\u00e9e, s'adaptant ainsi \u00e0 tous les usages et pr\u00e9f\u00e9rences. Id\u00e9ale pour la pr\u00e9paration de sandwichs, tapas, amuse-bouches ou plateaux de charcuterie, son aspect rustique et sa saveur unique rehaussent la pr\u00e9sentation. Sa texture ferme et agr\u00e9able facilite la d\u00e9coupe et sublime l'exp\u00e9rience gustative.<\/p>\n<p>Le format 180 g est pratique aussi bien pour la consommation \u00e0 la maison que pour partager lors de r\u00e9unions informelles. Il permet une meilleure conservation du produit une fois ouvert, pour le savourer lentement et pr\u00e9server sa qualit\u00e9 plus longtemps. C'est une option polyvalente, id\u00e9ale pour les repas rapides, les en-cas ou les petites c\u00e9l\u00e9brations.<\/p>\n<p>L'espetec Casa Tarradellas est le choix id\u00e9al pour les amateurs de charcuterie traditionnelle, de saveurs authentiques et de saucisses s\u00e9ch\u00e9es \u00e0 l'\u00e9tat pur. Ce produit est con\u00e7u pour accompagner toutes les occasions et offre un profil aromatique \u00e9quilibr\u00e9 qui s'int\u00e8gre facilement \u00e0 une alimentation vari\u00e9e.<\/p>","protected":false},"excerpt":{"rendered":"<p>Saucisse Espetec Fuet de la marque Casa Tarradellas, pi\u00e8ce enti\u00e8re, 180 grammes. Authentique espetec espagnol, pr\u00eat \u00e0 consommer.<\/p>","protected":false},"featured_media":1617,"comment_status":"closed","ping_status":"closed","template":"","meta":[],"product_brand":[124],"product_cat":[233],"product_tag":[],"class_list":{"0":"post-1616","1":"product","2":"type-product","3":"status-publish","4":"has-post-thumbnail","6":"product_brand-casa-tarradellas","7":"product_cat-embutidos-espanoles","9":"first","10":"instock","11":"shipping-taxable","12":"purchasable","13":"product-type-simple"},"yoast_head":"<!-- This site is optimized with the Yoast SEO plugin v27.3 - https:\/\/yoast.com\/product\/yoast-seo-wordpress\/ -->\n<title>Espetec Casa Tarradellas - Iberoo<\/title>\n<meta name=\"description\" content=\"Fuet de la variedad Espetec de la marca Casa Tarradellas en pieza entera de 180 gramos. El aut\u00e9ntico espetec espa\u00f1ol listo para consumir.\" \/>\n<meta name=\"robots\" content=\"index, follow, max-snippet:-1, max-image-preview:large, max-video-preview:-1\" \/>\n<link rel=\"canonical\" href=\"https:\/\/iberoo.com\/fr\/produit\/espetec-casa-tarradellas\/\" \/>\n<meta property=\"og:locale\" content=\"fr_FR\" \/>\n<meta property=\"og:type\" content=\"article\" \/>\n<meta property=\"og:title\" content=\"Espetec Casa Tarradellas - Iberoo\" \/>\n<meta property=\"og:description\" content=\"Fuet de la variedad Espetec de la marca Casa Tarradellas en pieza entera de 180 gramos. El aut\u00e9ntico espetec espa\u00f1ol listo para consumir.\" \/>\n<meta property=\"og:url\" content=\"https:\/\/iberoo.com\/fr\/produit\/espetec-casa-tarradellas\/\" \/>\n<meta property=\"og:site_name\" content=\"Iberoo\" \/>\n<meta property=\"article:modified_time\" content=\"2026-04-04T21:31:19+00:00\" \/>\n<meta property=\"og:image\" content=\"https:\/\/iberoo.com\/wp-content\/uploads\/2025\/12\/espetec-casa-tarradellas.jpg\" \/>\n\t<meta property=\"og:image:width\" content=\"1200\" \/>\n\t<meta property=\"og:image:height\" content=\"1200\" \/>\n\t<meta property=\"og:image:type\" content=\"image\/jpeg\" \/>\n<meta name=\"twitter:card\" content=\"summary_large_image\" \/>\n<meta name=\"twitter:label1\" content=\"Prix\" \/>\n\t<meta name=\"twitter:data1\" content=\"3,90&nbsp;&euro;\" \/>\n\t<meta name=\"twitter:label2\" content=\"Disponibilit\u00e9\" \/>\n\t<meta name=\"twitter:data2\" content=\"En stock\" \/>\n<script type=\"application\/ld+json\" class=\"yoast-schema-graph\">{\"@context\":\"https:\\\/\\\/schema.org\",\"@graph\":[{\"@type\":\"WebPage\",\"@id\":\"https:\\\/\\\/iberoo.com\\\/producto\\\/espetec-casa-tarradellas\\\/\",\"url\":\"https:\\\/\\\/iberoo.com\\\/producto\\\/espetec-casa-tarradellas\\\/\",\"name\":\"Espetec Casa Tarradellas - Iberoo\",\"isPartOf\":{\"@id\":\"https:\\\/\\\/iberoo.com\\\/#website\"},\"primaryImageOfPage\":{\"@id\":\"https:\\\/\\\/iberoo.com\\\/producto\\\/espetec-casa-tarradellas\\\/#primaryimage\"},\"image\":{\"@id\":\"https:\\\/\\\/iberoo.com\\\/producto\\\/espetec-casa-tarradellas\\\/#primaryimage\"},\"thumbnailUrl\":\"https:\\\/\\\/iberoo.com\\\/wp-content\\\/uploads\\\/2025\\\/12\\\/espetec-casa-tarradellas.jpg\",\"datePublished\":\"2025-12-16T07:12:48+00:00\",\"dateModified\":\"2026-04-04T21:31:19+00:00\",\"description\":\"Fuet de la variedad Espetec de la marca Casa Tarradellas en pieza entera de 180 gramos. El aut\u00e9ntico espetec espa\u00f1ol listo para consumir.\",\"breadcrumb\":{\"@id\":\"https:\\\/\\\/iberoo.com\\\/producto\\\/espetec-casa-tarradellas\\\/#breadcrumb\"},\"inLanguage\":\"fr-FR\",\"potentialAction\":[{\"@type\":\"ReadAction\",\"target\":[\"https:\\\/\\\/iberoo.com\\\/producto\\\/espetec-casa-tarradellas\\\/\"]}]},{\"@type\":\"ImageObject\",\"inLanguage\":\"fr-FR\",\"@id\":\"https:\\\/\\\/iberoo.com\\\/producto\\\/espetec-casa-tarradellas\\\/#primaryimage\",\"url\":\"https:\\\/\\\/iberoo.com\\\/wp-content\\\/uploads\\\/2025\\\/12\\\/espetec-casa-tarradellas.jpg\",\"contentUrl\":\"https:\\\/\\\/iberoo.com\\\/wp-content\\\/uploads\\\/2025\\\/12\\\/espetec-casa-tarradellas.jpg\",\"width\":1200,\"height\":1200,\"caption\":\"Espetec Casa Tarradellas\"},{\"@type\":\"BreadcrumbList\",\"@id\":\"https:\\\/\\\/iberoo.com\\\/producto\\\/espetec-casa-tarradellas\\\/#breadcrumb\",\"itemListElement\":[{\"@type\":\"ListItem\",\"position\":1,\"name\":\"Portada\",\"item\":\"https:\\\/\\\/iberoo.com\\\/\"},{\"@type\":\"ListItem\",\"position\":2,\"name\":\"Tienda Online\",\"item\":\"https:\\\/\\\/iberoo.com\\\/tienda\\\/\"},{\"@type\":\"ListItem\",\"position\":3,\"name\":\"Espetec Casa Tarradellas\"}]},{\"@type\":\"WebSite\",\"@id\":\"https:\\\/\\\/iberoo.com\\\/#website\",\"url\":\"https:\\\/\\\/iberoo.com\\\/\",\"name\":\"Iberoo\",\"description\":\"\",\"publisher\":{\"@id\":\"https:\\\/\\\/iberoo.com\\\/#organization\"},\"potentialAction\":[{\"@type\":\"SearchAction\",\"target\":{\"@type\":\"EntryPoint\",\"urlTemplate\":\"https:\\\/\\\/iberoo.com\\\/?s={search_term_string}\"},\"query-input\":{\"@type\":\"PropertyValueSpecification\",\"valueRequired\":true,\"valueName\":\"search_term_string\"}}],\"inLanguage\":\"fr-FR\"},{\"@type\":\"Organization\",\"@id\":\"https:\\\/\\\/iberoo.com\\\/#organization\",\"name\":\"Iberoo\",\"url\":\"https:\\\/\\\/iberoo.com\\\/\",\"logo\":{\"@type\":\"ImageObject\",\"inLanguage\":\"fr-FR\",\"@id\":\"https:\\\/\\\/iberoo.com\\\/#\\\/schema\\\/logo\\\/image\\\/\",\"url\":\"https:\\\/\\\/iberoo.com\\\/wp-content\\\/uploads\\\/2025\\\/11\\\/logo-cuadrado.jpg\",\"contentUrl\":\"https:\\\/\\\/iberoo.com\\\/wp-content\\\/uploads\\\/2025\\\/11\\\/logo-cuadrado.jpg\",\"width\":700,\"height\":700,\"caption\":\"Iberoo\"},\"image\":{\"@id\":\"https:\\\/\\\/iberoo.com\\\/#\\\/schema\\\/logo\\\/image\\\/\"}}]}<\/script>\n<meta property=\"product:brand\" content=\"Casa Tarradellas\" \/>\n<meta property=\"product:price:amount\" content=\"3.90\" \/>\n<meta property=\"product:price:currency\" content=\"EUR\" \/>\n<meta property=\"og:availability\" content=\"instock\" \/>\n<meta property=\"product:availability\" content=\"instock\" \/>\n<meta property=\"product:condition\" content=\"new\" \/>\n<!-- \/ Yoast SEO plugin. -->","yoast_head_json":{"title":"Espetec Casa Tarradellas - Iberoo","description":"Saucisse Espetec Fuet de la marque Casa Tarradellas, pi\u00e8ce enti\u00e8re, 180 grammes. Authentique espetec espagnol, pr\u00eat \u00e0 consommer.","robots":{"index":"index","follow":"follow","max-snippet":"max-snippet:-1","max-image-preview":"max-image-preview:large","max-video-preview":"max-video-preview:-1"},"canonical":"https:\/\/iberoo.com\/fr\/produit\/espetec-casa-tarradellas\/","og_locale":"fr_FR","og_type":"article","og_title":"Espetec Casa Tarradellas - Iberoo","og_description":"Fuet de la variedad Espetec de la marca Casa Tarradellas en pieza entera de 180 gramos. El aut\u00e9ntico espetec espa\u00f1ol listo para consumir.","og_url":"https:\/\/iberoo.com\/fr\/produit\/espetec-casa-tarradellas\/","og_site_name":"Iberoo","article_modified_time":"2026-04-04T21:31:19+00:00","og_image":[{"width":1200,"height":1200,"url":"https:\/\/iberoo.com\/wp-content\/uploads\/2025\/12\/espetec-casa-tarradellas.jpg","type":"image\/jpeg"}],"twitter_card":"summary_large_image","twitter_misc":{"Prix":"3,90&nbsp;&euro;","Disponibilit\u00e9":"En stock"},"schema":{"@context":"https:\/\/schema.org","@graph":[{"@type":"WebPage","@id":"https:\/\/iberoo.com\/producto\/espetec-casa-tarradellas\/","url":"https:\/\/iberoo.com\/producto\/espetec-casa-tarradellas\/","name":"Espetec Casa Tarradellas - Iberoo","isPartOf":{"@id":"https:\/\/iberoo.com\/#website"},"primaryImageOfPage":{"@id":"https:\/\/iberoo.com\/producto\/espetec-casa-tarradellas\/#primaryimage"},"image":{"@id":"https:\/\/iberoo.com\/producto\/espetec-casa-tarradellas\/#primaryimage"},"thumbnailUrl":"https:\/\/iberoo.com\/wp-content\/uploads\/2025\/12\/espetec-casa-tarradellas.jpg","datePublished":"2025-12-16T07:12:48+00:00","dateModified":"2026-04-04T21:31:19+00:00","description":"Saucisse Espetec Fuet de la marque Casa Tarradellas, pi\u00e8ce enti\u00e8re, 180 grammes. Authentique espetec espagnol, pr\u00eat \u00e0 consommer.","breadcrumb":{"@id":"https:\/\/iberoo.com\/producto\/espetec-casa-tarradellas\/#breadcrumb"},"inLanguage":"fr-FR","potentialAction":[{"@type":"ReadAction","target":["https:\/\/iberoo.com\/producto\/espetec-casa-tarradellas\/"]}]},{"@type":"ImageObject","inLanguage":"fr-FR","@id":"https:\/\/iberoo.com\/producto\/espetec-casa-tarradellas\/#primaryimage","url":"https:\/\/iberoo.com\/wp-content\/uploads\/2025\/12\/espetec-casa-tarradellas.jpg","contentUrl":"https:\/\/iberoo.com\/wp-content\/uploads\/2025\/12\/espetec-casa-tarradellas.jpg","width":1200,"height":1200,"caption":"Espetec Casa Tarradellas"},{"@type":"BreadcrumbList","@id":"https:\/\/iberoo.com\/producto\/espetec-casa-tarradellas\/#breadcrumb","itemListElement":[{"@type":"ListItem","position":1,"name":"Portada","item":"https:\/\/iberoo.com\/"},{"@type":"ListItem","position":2,"name":"Tienda Online","item":"https:\/\/iberoo.com\/tienda\/"},{"@type":"ListItem","position":3,"name":"Espetec Casa Tarradellas"}]},{"@type":"WebSite","@id":"https:\/\/iberoo.com\/#website","url":"https:\/\/iberoo.com\/","name":"Iberoo","description":"","publisher":{"@id":"https:\/\/iberoo.com\/#organization"},"potentialAction":[{"@type":"SearchAction","target":{"@type":"EntryPoint","urlTemplate":"https:\/\/iberoo.com\/?s={search_term_string}"},"query-input":{"@type":"PropertyValueSpecification","valueRequired":true,"valueName":"search_term_string"}}],"inLanguage":"fr-FR"},{"@type":"Organization","@id":"https:\/\/iberoo.com\/#organization","name":"Iberoo","url":"https:\/\/iberoo.com\/","logo":{"@type":"ImageObject","inLanguage":"fr-FR","@id":"https:\/\/iberoo.com\/#\/schema\/logo\/image\/","url":"https:\/\/iberoo.com\/wp-content\/uploads\/2025\/11\/logo-cuadrado.jpg","contentUrl":"https:\/\/iberoo.com\/wp-content\/uploads\/2025\/11\/logo-cuadrado.jpg","width":700,"height":700,"caption":"Iberoo"},"image":{"@id":"https:\/\/iberoo.com\/#\/schema\/logo\/image\/"}}]},"product_brand":"Casa Tarradellas","product_price_amount":"3.90","product_price_currency":"EUR","og_availability":"instock","product_availability":"instock","product_condition":"new"},"_links":{"self":[{"href":"https:\/\/iberoo.com\/fr\/wp-json\/wp\/v2\/product\/1616","targetHints":{"allow":["GET"]}}],"collection":[{"href":"https:\/\/iberoo.com\/fr\/wp-json\/wp\/v2\/product"}],"about":[{"href":"https:\/\/iberoo.com\/fr\/wp-json\/wp\/v2\/types\/product"}],"replies":[{"embeddable":true,"href":"https:\/\/iberoo.com\/fr\/wp-json\/wp\/v2\/comments?post=1616"}],"wp:featuredmedia":[{"embeddable":true,"href":"https:\/\/iberoo.com\/fr\/wp-json\/wp\/v2\/media\/1617"}],"wp:attachment":[{"href":"https:\/\/iberoo.com\/fr\/wp-json\/wp\/v2\/media?parent=1616"}],"wp:term":[{"taxonomy":"product_brand","embeddable":true,"href":"https:\/\/iberoo.com\/fr\/wp-json\/wp\/v2\/product_brand?post=1616"},{"taxonomy":"product_cat","embeddable":true,"href":"https:\/\/iberoo.com\/fr\/wp-json\/wp\/v2\/product_cat?post=1616"},{"taxonomy":"product_tag","embeddable":true,"href":"https:\/\/iberoo.com\/fr\/wp-json\/wp\/v2\/product_tag?post=1616"}],"curies":[{"name":"wp","href":"https:\/\/api.w.org\/{rel}","templated":true}]}}