{"id":1732,"date":"2025-12-18T23:48:06","date_gmt":"2025-12-18T22:48:06","guid":{"rendered":"https:\/\/iberoo.com\/?post_type=product&#038;p=1732"},"modified":"2026-04-04T23:51:28","modified_gmt":"2026-04-04T21:51:28","slug":"lait-puleva","status":"publish","type":"product","link":"https:\/\/iberoo.com\/fr\/produit\/lait-puleva\/","title":{"rendered":"Lait Puleva"},"content":{"rendered":"<p>Le lait Puleva enrichi en calcium est fabriqu\u00e9 \u00e0 partir de lait de haute qualit\u00e9. Cette vari\u00e9t\u00e9 enrichie en calcium contribue au maintien d'une ossature et d'une dentition normales et convient \u00e0 tous les \u00e2ges.<\/p>\n<p>Puleva propose ce lait enrichi en calcium en trois versions pour r\u00e9pondre \u00e0 tous les besoins et pr\u00e9f\u00e9rences. Le lait entier conserve toute sa saveur et son onctuosit\u00e9 naturelles, id\u00e9al pour ceux qui appr\u00e9cient une texture riche. Le lait demi-\u00e9cr\u00e9m\u00e9 offre un \u00e9quilibre parfait entre saveur et l\u00e9g\u00e8ret\u00e9, en conservant une certaine quantit\u00e9 de mati\u00e8res grasses tout en r\u00e9duisant les calories. Le lait \u00e9cr\u00e9m\u00e9, quant \u00e0 lui, est une option encore plus l\u00e9g\u00e8re, id\u00e9ale pour les r\u00e9gimes pauvres en mati\u00e8res grasses, sans compromis sur le calcium et les autres nutriments essentiels.<\/p>\n<p>Gr\u00e2ce \u00e0 son emballage pratique d'un litre en carton, il est facile \u00e0 ranger et id\u00e9al pour une utilisation quotidienne \u00e0 la maison ou au travail. Il se d\u00e9guste parfaitement nature, avec des c\u00e9r\u00e9ales ou un caf\u00e9 au petit-d\u00e9jeuner, ou encore dans des smoothies, des desserts maison ou d'autres recettes saines.<\/p>\n<p>Le lait Puleva enrichi en calcium se distingue par son engagement envers la qualit\u00e9, sa valeur nutritionnelle et la fiabilit\u00e9 d'une marque forte d'une longue exp\u00e9rience dans le secteur laitier. C'est un choix \u00e9quilibr\u00e9 pour celles et ceux qui souhaitent prendre soin de leur alimentation simplement et naturellement, en int\u00e9grant un aliment de base et polyvalent \u00e0 leur routine quotidienne.<\/p>","protected":false},"excerpt":{"rendered":"<p>Le lait Puleva enrichi en calcium en brique d'un litre est une option id\u00e9ale pour ceux qui souhaitent int\u00e9grer un apport suppl\u00e9mentaire de nutriments essentiels \u00e0 leur alimentation quotidienne sans sacrifier le go\u00fbt et la qualit\u00e9.<\/p>","protected":false},"featured_media":1741,"comment_status":"closed","ping_status":"closed","template":"","meta":[],"product_brand":[142],"product_cat":[148],"product_tag":[],"class_list":{"0":"post-1732","1":"product","2":"type-product","3":"status-publish","4":"has-post-thumbnail","6":"product_brand-puleva","7":"product_cat-bebidas-y-lacteos","9":"first","10":"instock","11":"sale","12":"shipping-taxable","13":"purchasable","14":"product-type-variable"},"yoast_head":"<!-- This site is optimized with the Yoast SEO plugin v27.3 - https:\/\/yoast.com\/product\/yoast-seo-wordpress\/ -->\n<title>Leche Puleva - Iberoo<\/title>\n<meta name=\"description\" content=\"La leche con calcio Puleva es ideal para incorporar a tu dieta diaria un aporte extra de nutrientes esenciales sin renunciar al sabor y a la calidad.\" \/>\n<meta name=\"robots\" content=\"index, follow, max-snippet:-1, max-image-preview:large, max-video-preview:-1\" \/>\n<link rel=\"canonical\" href=\"https:\/\/iberoo.com\/fr\/produit\/lait-puleva\/\" \/>\n<meta property=\"og:locale\" content=\"fr_FR\" \/>\n<meta property=\"og:type\" content=\"article\" \/>\n<meta property=\"og:title\" content=\"Leche Puleva - Iberoo\" \/>\n<meta property=\"og:description\" content=\"La leche con calcio Puleva es ideal para incorporar a tu dieta diaria un aporte extra de nutrientes esenciales sin renunciar al sabor y a la calidad.\" \/>\n<meta property=\"og:url\" content=\"https:\/\/iberoo.com\/fr\/produit\/lait-puleva\/\" \/>\n<meta property=\"og:site_name\" content=\"Iberoo\" \/>\n<meta property=\"article:modified_time\" content=\"2026-04-04T21:51:28+00:00\" \/>\n<meta property=\"og:image\" content=\"https:\/\/iberoo.com\/wp-content\/uploads\/2025\/12\/puleva-leche.jpg\" \/>\n\t<meta property=\"og:image:width\" content=\"800\" \/>\n\t<meta property=\"og:image:height\" content=\"800\" \/>\n\t<meta property=\"og:image:type\" content=\"image\/jpeg\" \/>\n<meta name=\"twitter:card\" content=\"summary_large_image\" \/>\n<meta name=\"twitter:label1\" content=\"Disponibilit\u00e9\" \/>\n\t<meta name=\"twitter:data1\" content=\"En stock\" \/>\n<script type=\"application\/ld+json\" class=\"yoast-schema-graph\">{\"@context\":\"https:\\\/\\\/schema.org\",\"@graph\":[{\"@type\":\"WebPage\",\"@id\":\"https:\\\/\\\/iberoo.com\\\/producto\\\/leche-puleva\\\/\",\"url\":\"https:\\\/\\\/iberoo.com\\\/producto\\\/leche-puleva\\\/\",\"name\":\"Leche Puleva - Iberoo\",\"isPartOf\":{\"@id\":\"https:\\\/\\\/iberoo.com\\\/#website\"},\"primaryImageOfPage\":{\"@id\":\"https:\\\/\\\/iberoo.com\\\/producto\\\/leche-puleva\\\/#primaryimage\"},\"image\":{\"@id\":\"https:\\\/\\\/iberoo.com\\\/producto\\\/leche-puleva\\\/#primaryimage\"},\"thumbnailUrl\":\"https:\\\/\\\/iberoo.com\\\/wp-content\\\/uploads\\\/2025\\\/12\\\/puleva-leche.jpg\",\"datePublished\":\"2025-12-18T22:48:06+00:00\",\"dateModified\":\"2026-04-04T21:51:28+00:00\",\"description\":\"La leche con calcio Puleva es ideal para incorporar a tu dieta diaria un aporte extra de nutrientes esenciales sin renunciar al sabor y a la calidad.\",\"breadcrumb\":{\"@id\":\"https:\\\/\\\/iberoo.com\\\/producto\\\/leche-puleva\\\/#breadcrumb\"},\"inLanguage\":\"fr-FR\",\"potentialAction\":[{\"@type\":\"ReadAction\",\"target\":[\"https:\\\/\\\/iberoo.com\\\/producto\\\/leche-puleva\\\/\"]}]},{\"@type\":\"ImageObject\",\"inLanguage\":\"fr-FR\",\"@id\":\"https:\\\/\\\/iberoo.com\\\/producto\\\/leche-puleva\\\/#primaryimage\",\"url\":\"https:\\\/\\\/iberoo.com\\\/wp-content\\\/uploads\\\/2025\\\/12\\\/puleva-leche.jpg\",\"contentUrl\":\"https:\\\/\\\/iberoo.com\\\/wp-content\\\/uploads\\\/2025\\\/12\\\/puleva-leche.jpg\",\"width\":800,\"height\":800,\"caption\":\"Leche Puleva\"},{\"@type\":\"BreadcrumbList\",\"@id\":\"https:\\\/\\\/iberoo.com\\\/producto\\\/leche-puleva\\\/#breadcrumb\",\"itemListElement\":[{\"@type\":\"ListItem\",\"position\":1,\"name\":\"Portada\",\"item\":\"https:\\\/\\\/iberoo.com\\\/\"},{\"@type\":\"ListItem\",\"position\":2,\"name\":\"Tienda Online\",\"item\":\"https:\\\/\\\/iberoo.com\\\/tienda\\\/\"},{\"@type\":\"ListItem\",\"position\":3,\"name\":\"Leche Puleva\"}]},{\"@type\":\"WebSite\",\"@id\":\"https:\\\/\\\/iberoo.com\\\/#website\",\"url\":\"https:\\\/\\\/iberoo.com\\\/\",\"name\":\"Iberoo\",\"description\":\"\",\"publisher\":{\"@id\":\"https:\\\/\\\/iberoo.com\\\/#organization\"},\"potentialAction\":[{\"@type\":\"SearchAction\",\"target\":{\"@type\":\"EntryPoint\",\"urlTemplate\":\"https:\\\/\\\/iberoo.com\\\/?s={search_term_string}\"},\"query-input\":{\"@type\":\"PropertyValueSpecification\",\"valueRequired\":true,\"valueName\":\"search_term_string\"}}],\"inLanguage\":\"fr-FR\"},{\"@type\":\"Organization\",\"@id\":\"https:\\\/\\\/iberoo.com\\\/#organization\",\"name\":\"Iberoo\",\"url\":\"https:\\\/\\\/iberoo.com\\\/\",\"logo\":{\"@type\":\"ImageObject\",\"inLanguage\":\"fr-FR\",\"@id\":\"https:\\\/\\\/iberoo.com\\\/#\\\/schema\\\/logo\\\/image\\\/\",\"url\":\"https:\\\/\\\/iberoo.com\\\/wp-content\\\/uploads\\\/2025\\\/11\\\/logo-cuadrado.jpg\",\"contentUrl\":\"https:\\\/\\\/iberoo.com\\\/wp-content\\\/uploads\\\/2025\\\/11\\\/logo-cuadrado.jpg\",\"width\":700,\"height\":700,\"caption\":\"Iberoo\"},\"image\":{\"@id\":\"https:\\\/\\\/iberoo.com\\\/#\\\/schema\\\/logo\\\/image\\\/\"}}]}<\/script>\n<meta property=\"product:brand\" content=\"Puleva\" \/>\n<meta property=\"og:availability\" content=\"instock\" \/>\n<meta property=\"product:availability\" content=\"instock\" \/>\n<meta property=\"product:condition\" content=\"new\" \/>\n<!-- \/ Yoast SEO plugin. -->","yoast_head_json":{"title":"Lait Puleva","description":"Le lait Puleva enrichi en calcium est id\u00e9al pour compl\u00e9ter votre alimentation quotidienne en nutriments essentiels sans compromettre le go\u00fbt ni la qualit\u00e9.","robots":{"index":"index","follow":"follow","max-snippet":"max-snippet:-1","max-image-preview":"max-image-preview:large","max-video-preview":"max-video-preview:-1"},"canonical":"https:\/\/iberoo.com\/fr\/produit\/lait-puleva\/","og_locale":"fr_FR","og_type":"article","og_title":"Leche Puleva - Iberoo","og_description":"La leche con calcio Puleva es ideal para incorporar a tu dieta diaria un aporte extra de nutrientes esenciales sin renunciar al sabor y a la calidad.","og_url":"https:\/\/iberoo.com\/fr\/produit\/lait-puleva\/","og_site_name":"Iberoo","article_modified_time":"2026-04-04T21:51:28+00:00","og_image":[{"width":800,"height":800,"url":"https:\/\/iberoo.com\/wp-content\/uploads\/2025\/12\/puleva-leche.jpg","type":"image\/jpeg"}],"twitter_card":"summary_large_image","twitter_misc":{"Disponibilit\u00e9":"En stock"},"schema":{"@context":"https:\/\/schema.org","@graph":[{"@type":"WebPage","@id":"https:\/\/iberoo.com\/producto\/leche-puleva\/","url":"https:\/\/iberoo.com\/producto\/leche-puleva\/","name":"Lait Puleva","isPartOf":{"@id":"https:\/\/iberoo.com\/#website"},"primaryImageOfPage":{"@id":"https:\/\/iberoo.com\/producto\/leche-puleva\/#primaryimage"},"image":{"@id":"https:\/\/iberoo.com\/producto\/leche-puleva\/#primaryimage"},"thumbnailUrl":"https:\/\/iberoo.com\/wp-content\/uploads\/2025\/12\/puleva-leche.jpg","datePublished":"2025-12-18T22:48:06+00:00","dateModified":"2026-04-04T21:51:28+00:00","description":"Le lait Puleva enrichi en calcium est id\u00e9al pour compl\u00e9ter votre alimentation quotidienne en nutriments essentiels sans compromettre le go\u00fbt ni la qualit\u00e9.","breadcrumb":{"@id":"https:\/\/iberoo.com\/producto\/leche-puleva\/#breadcrumb"},"inLanguage":"fr-FR","potentialAction":[{"@type":"ReadAction","target":["https:\/\/iberoo.com\/producto\/leche-puleva\/"]}]},{"@type":"ImageObject","inLanguage":"fr-FR","@id":"https:\/\/iberoo.com\/producto\/leche-puleva\/#primaryimage","url":"https:\/\/iberoo.com\/wp-content\/uploads\/2025\/12\/puleva-leche.jpg","contentUrl":"https:\/\/iberoo.com\/wp-content\/uploads\/2025\/12\/puleva-leche.jpg","width":800,"height":800,"caption":"Leche Puleva"},{"@type":"BreadcrumbList","@id":"https:\/\/iberoo.com\/producto\/leche-puleva\/#breadcrumb","itemListElement":[{"@type":"ListItem","position":1,"name":"Portada","item":"https:\/\/iberoo.com\/"},{"@type":"ListItem","position":2,"name":"Tienda Online","item":"https:\/\/iberoo.com\/tienda\/"},{"@type":"ListItem","position":3,"name":"Leche Puleva"}]},{"@type":"WebSite","@id":"https:\/\/iberoo.com\/#website","url":"https:\/\/iberoo.com\/","name":"Iberoo","description":"","publisher":{"@id":"https:\/\/iberoo.com\/#organization"},"potentialAction":[{"@type":"SearchAction","target":{"@type":"EntryPoint","urlTemplate":"https:\/\/iberoo.com\/?s={search_term_string}"},"query-input":{"@type":"PropertyValueSpecification","valueRequired":true,"valueName":"search_term_string"}}],"inLanguage":"fr-FR"},{"@type":"Organization","@id":"https:\/\/iberoo.com\/#organization","name":"Iberoo","url":"https:\/\/iberoo.com\/","logo":{"@type":"ImageObject","inLanguage":"fr-FR","@id":"https:\/\/iberoo.com\/#\/schema\/logo\/image\/","url":"https:\/\/iberoo.com\/wp-content\/uploads\/2025\/11\/logo-cuadrado.jpg","contentUrl":"https:\/\/iberoo.com\/wp-content\/uploads\/2025\/11\/logo-cuadrado.jpg","width":700,"height":700,"caption":"Iberoo"},"image":{"@id":"https:\/\/iberoo.com\/#\/schema\/logo\/image\/"}}]},"product_brand":"Puleva","og_availability":"instock","product_availability":"instock","product_condition":"new"},"_links":{"self":[{"href":"https:\/\/iberoo.com\/fr\/wp-json\/wp\/v2\/product\/1732","targetHints":{"allow":["GET"]}}],"collection":[{"href":"https:\/\/iberoo.com\/fr\/wp-json\/wp\/v2\/product"}],"about":[{"href":"https:\/\/iberoo.com\/fr\/wp-json\/wp\/v2\/types\/product"}],"replies":[{"embeddable":true,"href":"https:\/\/iberoo.com\/fr\/wp-json\/wp\/v2\/comments?post=1732"}],"wp:featuredmedia":[{"embeddable":true,"href":"https:\/\/iberoo.com\/fr\/wp-json\/wp\/v2\/media\/1741"}],"wp:attachment":[{"href":"https:\/\/iberoo.com\/fr\/wp-json\/wp\/v2\/media?parent=1732"}],"wp:term":[{"taxonomy":"product_brand","embeddable":true,"href":"https:\/\/iberoo.com\/fr\/wp-json\/wp\/v2\/product_brand?post=1732"},{"taxonomy":"product_cat","embeddable":true,"href":"https:\/\/iberoo.com\/fr\/wp-json\/wp\/v2\/product_cat?post=1732"},{"taxonomy":"product_tag","embeddable":true,"href":"https:\/\/iberoo.com\/fr\/wp-json\/wp\/v2\/product_tag?post=1732"}],"curies":[{"name":"wp","href":"https:\/\/api.w.org\/{rel}","templated":true}]}}