{"id":1745,"date":"2025-12-19T01:03:25","date_gmt":"2025-12-19T00:03:25","guid":{"rendered":"https:\/\/iberoo.com\/?post_type=product&#038;p=1745"},"modified":"2026-04-04T23:51:19","modified_gmt":"2026-04-04T21:51:19","slug":"boisson-laitiere-ecremee-puleva-omega-3","status":"publish","type":"product","link":"https:\/\/iberoo.com\/fr\/produit\/boisson-laitiere-ecremee-puleva-omega-3\/","title":{"rendered":"Boisson laiti\u00e8re \u00e9cr\u00e9m\u00e9e Puleva Omega 3"},"content":{"rendered":"<p>La boisson au lait \u00e9cr\u00e9m\u00e9 enrichie en om\u00e9ga-3 de Puleva est \u00e9labor\u00e9e \u00e0 partir de lait \u00e9cr\u00e9m\u00e9. Cette boisson allie un profil nutritionnel \u00e9quilibr\u00e9 \u00e0 un apport en acides gras om\u00e9ga-3, reconnus pour leur contribution au maintien d'une alimentation vari\u00e9e et saine.<\/p>\n<p>Puleva propose aux consommateurs une gamme vari\u00e9e de boissons pour r\u00e9pondre \u00e0 tous les besoins et \u00e0 tous les go\u00fbts. La boisson au lait \u00e9cr\u00e9m\u00e9 enrichie en om\u00e9ga-3 est id\u00e9ale pour une consommation quotidienne, offrant une saveur douce et agr\u00e9able. La version sans lactose est con\u00e7ue pour les personnes intol\u00e9rantes au lactose ou celles qui pr\u00e9f\u00e8rent une digestion plus facile, tout en pr\u00e9servant l'int\u00e9gralit\u00e9 des qualit\u00e9s nutritionnelles du produit. Quant \u00e0 la boisson au lait \u00e9cr\u00e9m\u00e9 enrichie en om\u00e9ga-3 et aux noix, elle offre une saveur unique et naturelle, pour une exp\u00e9rience diff\u00e9rente sans compromettre les bienfaits des om\u00e9ga-3.<\/p>\n<p>Son format pratique d'un litre facilite le stockage et permet de le d\u00e9guster \u00e0 tout moment de la journ\u00e9e, nature, au petit-d\u00e9jeuner, m\u00e9lang\u00e9 \u00e0 du caf\u00e9 ou comme base pour des smoothies et des recettes l\u00e9g\u00e8res. Sans mati\u00e8res grasses, il convient parfaitement aux r\u00e9gimes pauvres en lipides visant \u00e0 maintenir un bon \u00e9quilibre nutritionnel.<\/p>\n<p>La boisson lact\u00e9e \u00e9cr\u00e9m\u00e9e Puleva enrichie en om\u00e9ga-3 t\u00e9moigne de l'engagement de la marque envers l'innovation, la qualit\u00e9 et le d\u00e9veloppement de produits con\u00e7us pour le bien-\u00eatre au quotidien. C'est une option polyvalente et pratique pour celles et ceux qui souhaitent adopter facilement et durablement de saines habitudes alimentaires.<\/p>","protected":false},"excerpt":{"rendered":"<p>La boisson lact\u00e9e \u00e9cr\u00e9m\u00e9e Puleva avec om\u00e9ga 3 en brique d'un litre est une excellente alternative pour ceux qui souhaitent prendre soin de leur alimentation quotidienne en int\u00e9grant des nutriments fonctionnels sans ajouter de mati\u00e8res grasses inutiles.<\/p>","protected":false},"featured_media":1746,"comment_status":"closed","ping_status":"closed","template":"","meta":[],"product_brand":[142],"product_cat":[148],"product_tag":[],"class_list":{"0":"post-1745","1":"product","2":"type-product","3":"status-publish","4":"has-post-thumbnail","6":"product_brand-puleva","7":"product_cat-bebidas-y-lacteos","9":"first","10":"instock","11":"shipping-taxable","12":"purchasable","13":"product-type-variable"},"yoast_head":"<!-- This site is optimized with the Yoast SEO plugin v27.3 - https:\/\/yoast.com\/product\/yoast-seo-wordpress\/ -->\n<title>Bebida L\u00e1ctea Desnatada Omega 3 Puleva - Iberoo<\/title>\n<meta name=\"description\" content=\"La bebida l\u00e1ctea desnatada con Omega 3 Puleva es una gran alternativa para cuidar tu alimentaci\u00f3n incorporando nutrientes sin a\u00f1adir grasas innecesarias.\" \/>\n<meta name=\"robots\" content=\"index, follow, max-snippet:-1, max-image-preview:large, max-video-preview:-1\" \/>\n<link rel=\"canonical\" href=\"https:\/\/iberoo.com\/fr\/produit\/boisson-laitiere-ecremee-puleva-omega-3\/\" \/>\n<meta property=\"og:locale\" content=\"fr_FR\" \/>\n<meta property=\"og:type\" content=\"article\" \/>\n<meta property=\"og:title\" content=\"Bebida L\u00e1ctea Desnatada Omega 3 Puleva - Iberoo\" \/>\n<meta property=\"og:description\" content=\"La bebida l\u00e1ctea desnatada con Omega 3 Puleva es una gran alternativa para cuidar tu alimentaci\u00f3n incorporando nutrientes sin a\u00f1adir grasas innecesarias.\" \/>\n<meta property=\"og:url\" content=\"https:\/\/iberoo.com\/fr\/produit\/boisson-laitiere-ecremee-puleva-omega-3\/\" \/>\n<meta property=\"og:site_name\" content=\"Iberoo\" \/>\n<meta property=\"article:modified_time\" content=\"2026-04-04T21:51:19+00:00\" \/>\n<meta property=\"og:image\" content=\"https:\/\/iberoo.com\/wp-content\/uploads\/2025\/12\/puleva-bebidas-lacteas-desnatadas-omega3.jpg\" \/>\n\t<meta property=\"og:image:width\" content=\"800\" \/>\n\t<meta property=\"og:image:height\" content=\"800\" \/>\n\t<meta property=\"og:image:type\" content=\"image\/jpeg\" \/>\n<meta name=\"twitter:card\" content=\"summary_large_image\" \/>\n<meta name=\"twitter:label1\" content=\"Disponibilit\u00e9\" \/>\n\t<meta name=\"twitter:data1\" content=\"En stock\" \/>\n<script type=\"application\/ld+json\" class=\"yoast-schema-graph\">{\"@context\":\"https:\\\/\\\/schema.org\",\"@graph\":[{\"@type\":\"WebPage\",\"@id\":\"https:\\\/\\\/iberoo.com\\\/producto\\\/bebida-lactea-desnatada-omega-3-puleva\\\/\",\"url\":\"https:\\\/\\\/iberoo.com\\\/producto\\\/bebida-lactea-desnatada-omega-3-puleva\\\/\",\"name\":\"Bebida L\u00e1ctea Desnatada Omega 3 Puleva - Iberoo\",\"isPartOf\":{\"@id\":\"https:\\\/\\\/iberoo.com\\\/#website\"},\"primaryImageOfPage\":{\"@id\":\"https:\\\/\\\/iberoo.com\\\/producto\\\/bebida-lactea-desnatada-omega-3-puleva\\\/#primaryimage\"},\"image\":{\"@id\":\"https:\\\/\\\/iberoo.com\\\/producto\\\/bebida-lactea-desnatada-omega-3-puleva\\\/#primaryimage\"},\"thumbnailUrl\":\"https:\\\/\\\/iberoo.com\\\/wp-content\\\/uploads\\\/2025\\\/12\\\/puleva-bebidas-lacteas-desnatadas-omega3.jpg\",\"datePublished\":\"2025-12-19T00:03:25+00:00\",\"dateModified\":\"2026-04-04T21:51:19+00:00\",\"description\":\"La bebida l\u00e1ctea desnatada con Omega 3 Puleva es una gran alternativa para cuidar tu alimentaci\u00f3n incorporando nutrientes sin a\u00f1adir grasas innecesarias.\",\"breadcrumb\":{\"@id\":\"https:\\\/\\\/iberoo.com\\\/producto\\\/bebida-lactea-desnatada-omega-3-puleva\\\/#breadcrumb\"},\"inLanguage\":\"fr-FR\",\"potentialAction\":[{\"@type\":\"ReadAction\",\"target\":[\"https:\\\/\\\/iberoo.com\\\/producto\\\/bebida-lactea-desnatada-omega-3-puleva\\\/\"]}]},{\"@type\":\"ImageObject\",\"inLanguage\":\"fr-FR\",\"@id\":\"https:\\\/\\\/iberoo.com\\\/producto\\\/bebida-lactea-desnatada-omega-3-puleva\\\/#primaryimage\",\"url\":\"https:\\\/\\\/iberoo.com\\\/wp-content\\\/uploads\\\/2025\\\/12\\\/puleva-bebidas-lacteas-desnatadas-omega3.jpg\",\"contentUrl\":\"https:\\\/\\\/iberoo.com\\\/wp-content\\\/uploads\\\/2025\\\/12\\\/puleva-bebidas-lacteas-desnatadas-omega3.jpg\",\"width\":800,\"height\":800,\"caption\":\"Bebida L\u00e1ctea Desnatada Omega 3 Puleva\"},{\"@type\":\"BreadcrumbList\",\"@id\":\"https:\\\/\\\/iberoo.com\\\/producto\\\/bebida-lactea-desnatada-omega-3-puleva\\\/#breadcrumb\",\"itemListElement\":[{\"@type\":\"ListItem\",\"position\":1,\"name\":\"Portada\",\"item\":\"https:\\\/\\\/iberoo.com\\\/\"},{\"@type\":\"ListItem\",\"position\":2,\"name\":\"Tienda Online\",\"item\":\"https:\\\/\\\/iberoo.com\\\/tienda\\\/\"},{\"@type\":\"ListItem\",\"position\":3,\"name\":\"Bebida L\u00e1ctea Desnatada Omega 3 Puleva\"}]},{\"@type\":\"WebSite\",\"@id\":\"https:\\\/\\\/iberoo.com\\\/#website\",\"url\":\"https:\\\/\\\/iberoo.com\\\/\",\"name\":\"Iberoo\",\"description\":\"\",\"publisher\":{\"@id\":\"https:\\\/\\\/iberoo.com\\\/#organization\"},\"potentialAction\":[{\"@type\":\"SearchAction\",\"target\":{\"@type\":\"EntryPoint\",\"urlTemplate\":\"https:\\\/\\\/iberoo.com\\\/?s={search_term_string}\"},\"query-input\":{\"@type\":\"PropertyValueSpecification\",\"valueRequired\":true,\"valueName\":\"search_term_string\"}}],\"inLanguage\":\"fr-FR\"},{\"@type\":\"Organization\",\"@id\":\"https:\\\/\\\/iberoo.com\\\/#organization\",\"name\":\"Iberoo\",\"url\":\"https:\\\/\\\/iberoo.com\\\/\",\"logo\":{\"@type\":\"ImageObject\",\"inLanguage\":\"fr-FR\",\"@id\":\"https:\\\/\\\/iberoo.com\\\/#\\\/schema\\\/logo\\\/image\\\/\",\"url\":\"https:\\\/\\\/iberoo.com\\\/wp-content\\\/uploads\\\/2025\\\/11\\\/logo-cuadrado.jpg\",\"contentUrl\":\"https:\\\/\\\/iberoo.com\\\/wp-content\\\/uploads\\\/2025\\\/11\\\/logo-cuadrado.jpg\",\"width\":700,\"height\":700,\"caption\":\"Iberoo\"},\"image\":{\"@id\":\"https:\\\/\\\/iberoo.com\\\/#\\\/schema\\\/logo\\\/image\\\/\"}}]}<\/script>\n<meta property=\"product:brand\" content=\"Puleva\" \/>\n<meta property=\"og:availability\" content=\"instock\" \/>\n<meta property=\"product:availability\" content=\"instock\" \/>\n<meta property=\"product:condition\" content=\"new\" \/>\n<!-- \/ Yoast SEO plugin. -->","yoast_head_json":{"title":"Boisson laiti\u00e8re \u00e9cr\u00e9m\u00e9e Puleva Omega 3 - Iberoo","description":"La boisson laiti\u00e8re \u00e9cr\u00e9m\u00e9e Puleva enrichie en om\u00e9ga 3 est une excellente alternative pour prendre soin de votre alimentation en int\u00e9grant des nutriments sans ajouter de mati\u00e8res grasses inutiles.","robots":{"index":"index","follow":"follow","max-snippet":"max-snippet:-1","max-image-preview":"max-image-preview:large","max-video-preview":"max-video-preview:-1"},"canonical":"https:\/\/iberoo.com\/fr\/produit\/boisson-laitiere-ecremee-puleva-omega-3\/","og_locale":"fr_FR","og_type":"article","og_title":"Bebida L\u00e1ctea Desnatada Omega 3 Puleva - Iberoo","og_description":"La bebida l\u00e1ctea desnatada con Omega 3 Puleva es una gran alternativa para cuidar tu alimentaci\u00f3n incorporando nutrientes sin a\u00f1adir grasas innecesarias.","og_url":"https:\/\/iberoo.com\/fr\/produit\/boisson-laitiere-ecremee-puleva-omega-3\/","og_site_name":"Iberoo","article_modified_time":"2026-04-04T21:51:19+00:00","og_image":[{"width":800,"height":800,"url":"https:\/\/iberoo.com\/wp-content\/uploads\/2025\/12\/puleva-bebidas-lacteas-desnatadas-omega3.jpg","type":"image\/jpeg"}],"twitter_card":"summary_large_image","twitter_misc":{"Disponibilit\u00e9":"En stock"},"schema":{"@context":"https:\/\/schema.org","@graph":[{"@type":"WebPage","@id":"https:\/\/iberoo.com\/producto\/bebida-lactea-desnatada-omega-3-puleva\/","url":"https:\/\/iberoo.com\/producto\/bebida-lactea-desnatada-omega-3-puleva\/","name":"Boisson laiti\u00e8re \u00e9cr\u00e9m\u00e9e Puleva Omega 3 - Iberoo","isPartOf":{"@id":"https:\/\/iberoo.com\/#website"},"primaryImageOfPage":{"@id":"https:\/\/iberoo.com\/producto\/bebida-lactea-desnatada-omega-3-puleva\/#primaryimage"},"image":{"@id":"https:\/\/iberoo.com\/producto\/bebida-lactea-desnatada-omega-3-puleva\/#primaryimage"},"thumbnailUrl":"https:\/\/iberoo.com\/wp-content\/uploads\/2025\/12\/puleva-bebidas-lacteas-desnatadas-omega3.jpg","datePublished":"2025-12-19T00:03:25+00:00","dateModified":"2026-04-04T21:51:19+00:00","description":"La boisson laiti\u00e8re \u00e9cr\u00e9m\u00e9e Puleva enrichie en om\u00e9ga 3 est une excellente alternative pour prendre soin de votre alimentation en int\u00e9grant des nutriments sans ajouter de mati\u00e8res grasses inutiles.","breadcrumb":{"@id":"https:\/\/iberoo.com\/producto\/bebida-lactea-desnatada-omega-3-puleva\/#breadcrumb"},"inLanguage":"fr-FR","potentialAction":[{"@type":"ReadAction","target":["https:\/\/iberoo.com\/producto\/bebida-lactea-desnatada-omega-3-puleva\/"]}]},{"@type":"ImageObject","inLanguage":"fr-FR","@id":"https:\/\/iberoo.com\/producto\/bebida-lactea-desnatada-omega-3-puleva\/#primaryimage","url":"https:\/\/iberoo.com\/wp-content\/uploads\/2025\/12\/puleva-bebidas-lacteas-desnatadas-omega3.jpg","contentUrl":"https:\/\/iberoo.com\/wp-content\/uploads\/2025\/12\/puleva-bebidas-lacteas-desnatadas-omega3.jpg","width":800,"height":800,"caption":"Bebida L\u00e1ctea Desnatada Omega 3 Puleva"},{"@type":"BreadcrumbList","@id":"https:\/\/iberoo.com\/producto\/bebida-lactea-desnatada-omega-3-puleva\/#breadcrumb","itemListElement":[{"@type":"ListItem","position":1,"name":"Portada","item":"https:\/\/iberoo.com\/"},{"@type":"ListItem","position":2,"name":"Tienda Online","item":"https:\/\/iberoo.com\/tienda\/"},{"@type":"ListItem","position":3,"name":"Bebida L\u00e1ctea Desnatada Omega 3 Puleva"}]},{"@type":"WebSite","@id":"https:\/\/iberoo.com\/#website","url":"https:\/\/iberoo.com\/","name":"Iberoo","description":"","publisher":{"@id":"https:\/\/iberoo.com\/#organization"},"potentialAction":[{"@type":"SearchAction","target":{"@type":"EntryPoint","urlTemplate":"https:\/\/iberoo.com\/?s={search_term_string}"},"query-input":{"@type":"PropertyValueSpecification","valueRequired":true,"valueName":"search_term_string"}}],"inLanguage":"fr-FR"},{"@type":"Organization","@id":"https:\/\/iberoo.com\/#organization","name":"Iberoo","url":"https:\/\/iberoo.com\/","logo":{"@type":"ImageObject","inLanguage":"fr-FR","@id":"https:\/\/iberoo.com\/#\/schema\/logo\/image\/","url":"https:\/\/iberoo.com\/wp-content\/uploads\/2025\/11\/logo-cuadrado.jpg","contentUrl":"https:\/\/iberoo.com\/wp-content\/uploads\/2025\/11\/logo-cuadrado.jpg","width":700,"height":700,"caption":"Iberoo"},"image":{"@id":"https:\/\/iberoo.com\/#\/schema\/logo\/image\/"}}]},"product_brand":"Puleva","og_availability":"instock","product_availability":"instock","product_condition":"new"},"_links":{"self":[{"href":"https:\/\/iberoo.com\/fr\/wp-json\/wp\/v2\/product\/1745","targetHints":{"allow":["GET"]}}],"collection":[{"href":"https:\/\/iberoo.com\/fr\/wp-json\/wp\/v2\/product"}],"about":[{"href":"https:\/\/iberoo.com\/fr\/wp-json\/wp\/v2\/types\/product"}],"replies":[{"embeddable":true,"href":"https:\/\/iberoo.com\/fr\/wp-json\/wp\/v2\/comments?post=1745"}],"wp:featuredmedia":[{"embeddable":true,"href":"https:\/\/iberoo.com\/fr\/wp-json\/wp\/v2\/media\/1746"}],"wp:attachment":[{"href":"https:\/\/iberoo.com\/fr\/wp-json\/wp\/v2\/media?parent=1745"}],"wp:term":[{"taxonomy":"product_brand","embeddable":true,"href":"https:\/\/iberoo.com\/fr\/wp-json\/wp\/v2\/product_brand?post=1745"},{"taxonomy":"product_cat","embeddable":true,"href":"https:\/\/iberoo.com\/fr\/wp-json\/wp\/v2\/product_cat?post=1745"},{"taxonomy":"product_tag","embeddable":true,"href":"https:\/\/iberoo.com\/fr\/wp-json\/wp\/v2\/product_tag?post=1745"}],"curies":[{"name":"wp","href":"https:\/\/api.w.org\/{rel}","templated":true}]}}