{"id":1752,"date":"2025-12-19T02:47:52","date_gmt":"2025-12-19T01:47:52","guid":{"rendered":"https:\/\/iberoo.com\/?post_type=product&#038;p=1752"},"modified":"2026-04-04T23:49:46","modified_gmt":"2026-04-04T21:49:46","slug":"lait-central-lechera-asturiana","status":"publish","type":"product","link":"https:\/\/iberoo.com\/fr\/produit\/lait-central-lechera-asturiana\/","title":{"rendered":"Lait Central Lechera Asturiana"},"content":{"rendered":"<p>Fabriqu\u00e9 \u00e0 partir de lait de vache soigneusement s\u00e9lectionn\u00e9, le lait Central Lechera Asturiana se distingue par sa fra\u00eecheur et l'engagement de la marque en faveur du bien-\u00eatre animal et de proc\u00e9d\u00e9s de production responsables. Il est disponible en diff\u00e9rents formats pour r\u00e9pondre \u00e0 tous les besoins\u00a0: briques de 1\u00a0litre, bouteilles de 1,5\u00a0litre et bouteilles de 2,2\u00a0litres, id\u00e9ales pour les petits foyers comme pour les familles.<\/p>\n<p>Central Lechera Asturiana propose une large gamme de laits pour satisfaire tous les go\u00fbts et besoins nutritionnels. Le lait entier conserve toute son onctuosit\u00e9 et sa saveur naturelle. Le lait demi-\u00e9cr\u00e9m\u00e9 allie \u00e9quilibre et l\u00e9g\u00e8ret\u00e9, tandis que le lait \u00e9cr\u00e9m\u00e9 est id\u00e9al pour ceux qui souhaitent r\u00e9duire leur consommation de mati\u00e8res grasses. Pour une digestion facilit\u00e9e, la gamme sans lactose comprend du lait entier, demi-\u00e9cr\u00e9m\u00e9, \u00e9cr\u00e9m\u00e9 et du lait extra-\u00e9cr\u00e9m\u00e9 sans lactose, con\u00e7u pour les personnes privil\u00e9giant un profil nutritionnel optimal.<\/p>\n<p>De plus, la marque propose des options fonctionnelles comme le lait barista, con\u00e7u pour obtenir une mousse onctueuse et stable dans les caf\u00e9s et les boissons chaudes, et le lait demi-\u00e9cr\u00e9m\u00e9 enrichi en fibres, qui apporte facilement un suppl\u00e9ment nutritionnel \u00e0 votre alimentation quotidienne. Son go\u00fbt \u00e9quilibr\u00e9 le rend id\u00e9al \u00e0 d\u00e9guster nature, au petit-d\u00e9jeuner, avec des c\u00e9r\u00e9ales, dans des recettes maison ou dans des boissons chaudes.<\/p>\n<p>Gr\u00e2ce \u00e0 sa vari\u00e9t\u00e9 de formats et de versions, le lait Central Lechera Asturiana s'adapte \u00e0 tous les modes de vie, tout en conservant la qualit\u00e9 et la confiance d'une marque forte d'une tradition et d'une exp\u00e9rience dans le secteur laitier.<\/p>","protected":false},"excerpt":{"rendered":"<p>Le lait Central Lechera Asturiana est un produit de r\u00e9f\u00e9rence pour ceux qui privil\u00e9gient la qualit\u00e9, l'origine et la saveur authentique dans leur alimentation quotidienne.<\/p>","protected":false},"featured_media":1753,"comment_status":"closed","ping_status":"closed","template":"","meta":[],"product_brand":[143],"product_cat":[148],"product_tag":[],"class_list":{"0":"post-1752","1":"product","2":"type-product","3":"status-publish","4":"has-post-thumbnail","6":"product_brand-central-lechera-asturiana","7":"product_cat-bebidas-y-lacteos","9":"first","10":"instock","11":"sale","12":"shipping-taxable","13":"purchasable","14":"product-type-variable"},"yoast_head":"<!-- This site is optimized with the Yoast SEO plugin v27.3 - https:\/\/yoast.com\/product\/yoast-seo-wordpress\/ -->\n<title>Leche Central Lechera Asturiana - Iberoo<\/title>\n<meta name=\"description\" content=\"La leche Central Lechera Asturiana es un producto de referencia para quienes valoran la calidad, el origen y el sabor aut\u00e9ntico en su alimentaci\u00f3n diaria.\" \/>\n<meta name=\"robots\" content=\"index, follow, max-snippet:-1, max-image-preview:large, max-video-preview:-1\" \/>\n<link rel=\"canonical\" href=\"https:\/\/iberoo.com\/fr\/produit\/lait-central-lechera-asturiana\/\" \/>\n<meta property=\"og:locale\" content=\"fr_FR\" \/>\n<meta property=\"og:type\" content=\"article\" \/>\n<meta property=\"og:title\" content=\"Leche Central Lechera Asturiana - Iberoo\" \/>\n<meta property=\"og:description\" content=\"La leche Central Lechera Asturiana es un producto de referencia para quienes valoran la calidad, el origen y el sabor aut\u00e9ntico en su alimentaci\u00f3n diaria.\" \/>\n<meta property=\"og:url\" content=\"https:\/\/iberoo.com\/fr\/produit\/lait-central-lechera-asturiana\/\" \/>\n<meta property=\"og:site_name\" content=\"Iberoo\" \/>\n<meta property=\"article:modified_time\" content=\"2026-04-04T21:49:46+00:00\" \/>\n<meta property=\"og:image\" content=\"https:\/\/iberoo.com\/wp-content\/uploads\/2025\/12\/central-lechera-asturiana-leche.jpg\" \/>\n\t<meta property=\"og:image:width\" content=\"800\" \/>\n\t<meta property=\"og:image:height\" content=\"800\" \/>\n\t<meta property=\"og:image:type\" content=\"image\/jpeg\" \/>\n<meta name=\"twitter:card\" content=\"summary_large_image\" \/>\n<meta name=\"twitter:label1\" content=\"Disponibilit\u00e9\" \/>\n\t<meta name=\"twitter:data1\" content=\"En stock\" \/>\n<script type=\"application\/ld+json\" class=\"yoast-schema-graph\">{\"@context\":\"https:\\\/\\\/schema.org\",\"@graph\":[{\"@type\":\"WebPage\",\"@id\":\"https:\\\/\\\/iberoo.com\\\/producto\\\/leche-central-lechera-asturiana\\\/\",\"url\":\"https:\\\/\\\/iberoo.com\\\/producto\\\/leche-central-lechera-asturiana\\\/\",\"name\":\"Leche Central Lechera Asturiana - Iberoo\",\"isPartOf\":{\"@id\":\"https:\\\/\\\/iberoo.com\\\/#website\"},\"primaryImageOfPage\":{\"@id\":\"https:\\\/\\\/iberoo.com\\\/producto\\\/leche-central-lechera-asturiana\\\/#primaryimage\"},\"image\":{\"@id\":\"https:\\\/\\\/iberoo.com\\\/producto\\\/leche-central-lechera-asturiana\\\/#primaryimage\"},\"thumbnailUrl\":\"https:\\\/\\\/iberoo.com\\\/wp-content\\\/uploads\\\/2025\\\/12\\\/central-lechera-asturiana-leche.jpg\",\"datePublished\":\"2025-12-19T01:47:52+00:00\",\"dateModified\":\"2026-04-04T21:49:46+00:00\",\"description\":\"La leche Central Lechera Asturiana es un producto de referencia para quienes valoran la calidad, el origen y el sabor aut\u00e9ntico en su alimentaci\u00f3n diaria.\",\"breadcrumb\":{\"@id\":\"https:\\\/\\\/iberoo.com\\\/producto\\\/leche-central-lechera-asturiana\\\/#breadcrumb\"},\"inLanguage\":\"fr-FR\",\"potentialAction\":[{\"@type\":\"ReadAction\",\"target\":[\"https:\\\/\\\/iberoo.com\\\/producto\\\/leche-central-lechera-asturiana\\\/\"]}]},{\"@type\":\"ImageObject\",\"inLanguage\":\"fr-FR\",\"@id\":\"https:\\\/\\\/iberoo.com\\\/producto\\\/leche-central-lechera-asturiana\\\/#primaryimage\",\"url\":\"https:\\\/\\\/iberoo.com\\\/wp-content\\\/uploads\\\/2025\\\/12\\\/central-lechera-asturiana-leche.jpg\",\"contentUrl\":\"https:\\\/\\\/iberoo.com\\\/wp-content\\\/uploads\\\/2025\\\/12\\\/central-lechera-asturiana-leche.jpg\",\"width\":800,\"height\":800,\"caption\":\"Leche Central Lechera Asturiana\"},{\"@type\":\"BreadcrumbList\",\"@id\":\"https:\\\/\\\/iberoo.com\\\/producto\\\/leche-central-lechera-asturiana\\\/#breadcrumb\",\"itemListElement\":[{\"@type\":\"ListItem\",\"position\":1,\"name\":\"Portada\",\"item\":\"https:\\\/\\\/iberoo.com\\\/\"},{\"@type\":\"ListItem\",\"position\":2,\"name\":\"Tienda Online\",\"item\":\"https:\\\/\\\/iberoo.com\\\/tienda\\\/\"},{\"@type\":\"ListItem\",\"position\":3,\"name\":\"Leche Central Lechera Asturiana\"}]},{\"@type\":\"WebSite\",\"@id\":\"https:\\\/\\\/iberoo.com\\\/#website\",\"url\":\"https:\\\/\\\/iberoo.com\\\/\",\"name\":\"Iberoo\",\"description\":\"\",\"publisher\":{\"@id\":\"https:\\\/\\\/iberoo.com\\\/#organization\"},\"potentialAction\":[{\"@type\":\"SearchAction\",\"target\":{\"@type\":\"EntryPoint\",\"urlTemplate\":\"https:\\\/\\\/iberoo.com\\\/?s={search_term_string}\"},\"query-input\":{\"@type\":\"PropertyValueSpecification\",\"valueRequired\":true,\"valueName\":\"search_term_string\"}}],\"inLanguage\":\"fr-FR\"},{\"@type\":\"Organization\",\"@id\":\"https:\\\/\\\/iberoo.com\\\/#organization\",\"name\":\"Iberoo\",\"url\":\"https:\\\/\\\/iberoo.com\\\/\",\"logo\":{\"@type\":\"ImageObject\",\"inLanguage\":\"fr-FR\",\"@id\":\"https:\\\/\\\/iberoo.com\\\/#\\\/schema\\\/logo\\\/image\\\/\",\"url\":\"https:\\\/\\\/iberoo.com\\\/wp-content\\\/uploads\\\/2025\\\/11\\\/logo-cuadrado.jpg\",\"contentUrl\":\"https:\\\/\\\/iberoo.com\\\/wp-content\\\/uploads\\\/2025\\\/11\\\/logo-cuadrado.jpg\",\"width\":700,\"height\":700,\"caption\":\"Iberoo\"},\"image\":{\"@id\":\"https:\\\/\\\/iberoo.com\\\/#\\\/schema\\\/logo\\\/image\\\/\"}}]}<\/script>\n<meta property=\"product:brand\" content=\"Central Lechera Asturiana\" \/>\n<meta property=\"og:availability\" content=\"instock\" \/>\n<meta property=\"product:availability\" content=\"instock\" \/>\n<meta property=\"product:condition\" content=\"new\" \/>\n<!-- \/ Yoast SEO plugin. -->","yoast_head_json":{"title":"Lait Central Lechera Asturiana - Iberoo","description":"Le lait Central Lechera Asturiana est un produit de r\u00e9f\u00e9rence pour ceux qui privil\u00e9gient la qualit\u00e9, l'origine et la saveur authentique dans leur alimentation quotidienne.","robots":{"index":"index","follow":"follow","max-snippet":"max-snippet:-1","max-image-preview":"max-image-preview:large","max-video-preview":"max-video-preview:-1"},"canonical":"https:\/\/iberoo.com\/fr\/produit\/lait-central-lechera-asturiana\/","og_locale":"fr_FR","og_type":"article","og_title":"Leche Central Lechera Asturiana - Iberoo","og_description":"La leche Central Lechera Asturiana es un producto de referencia para quienes valoran la calidad, el origen y el sabor aut\u00e9ntico en su alimentaci\u00f3n diaria.","og_url":"https:\/\/iberoo.com\/fr\/produit\/lait-central-lechera-asturiana\/","og_site_name":"Iberoo","article_modified_time":"2026-04-04T21:49:46+00:00","og_image":[{"width":800,"height":800,"url":"https:\/\/iberoo.com\/wp-content\/uploads\/2025\/12\/central-lechera-asturiana-leche.jpg","type":"image\/jpeg"}],"twitter_card":"summary_large_image","twitter_misc":{"Disponibilit\u00e9":"En stock"},"schema":{"@context":"https:\/\/schema.org","@graph":[{"@type":"WebPage","@id":"https:\/\/iberoo.com\/producto\/leche-central-lechera-asturiana\/","url":"https:\/\/iberoo.com\/producto\/leche-central-lechera-asturiana\/","name":"Lait Central Lechera Asturiana - Iberoo","isPartOf":{"@id":"https:\/\/iberoo.com\/#website"},"primaryImageOfPage":{"@id":"https:\/\/iberoo.com\/producto\/leche-central-lechera-asturiana\/#primaryimage"},"image":{"@id":"https:\/\/iberoo.com\/producto\/leche-central-lechera-asturiana\/#primaryimage"},"thumbnailUrl":"https:\/\/iberoo.com\/wp-content\/uploads\/2025\/12\/central-lechera-asturiana-leche.jpg","datePublished":"2025-12-19T01:47:52+00:00","dateModified":"2026-04-04T21:49:46+00:00","description":"Le lait Central Lechera Asturiana est un produit de r\u00e9f\u00e9rence pour ceux qui privil\u00e9gient la qualit\u00e9, l'origine et la saveur authentique dans leur alimentation quotidienne.","breadcrumb":{"@id":"https:\/\/iberoo.com\/producto\/leche-central-lechera-asturiana\/#breadcrumb"},"inLanguage":"fr-FR","potentialAction":[{"@type":"ReadAction","target":["https:\/\/iberoo.com\/producto\/leche-central-lechera-asturiana\/"]}]},{"@type":"ImageObject","inLanguage":"fr-FR","@id":"https:\/\/iberoo.com\/producto\/leche-central-lechera-asturiana\/#primaryimage","url":"https:\/\/iberoo.com\/wp-content\/uploads\/2025\/12\/central-lechera-asturiana-leche.jpg","contentUrl":"https:\/\/iberoo.com\/wp-content\/uploads\/2025\/12\/central-lechera-asturiana-leche.jpg","width":800,"height":800,"caption":"Leche Central Lechera Asturiana"},{"@type":"BreadcrumbList","@id":"https:\/\/iberoo.com\/producto\/leche-central-lechera-asturiana\/#breadcrumb","itemListElement":[{"@type":"ListItem","position":1,"name":"Portada","item":"https:\/\/iberoo.com\/"},{"@type":"ListItem","position":2,"name":"Tienda Online","item":"https:\/\/iberoo.com\/tienda\/"},{"@type":"ListItem","position":3,"name":"Leche Central Lechera Asturiana"}]},{"@type":"WebSite","@id":"https:\/\/iberoo.com\/#website","url":"https:\/\/iberoo.com\/","name":"Iberoo","description":"","publisher":{"@id":"https:\/\/iberoo.com\/#organization"},"potentialAction":[{"@type":"SearchAction","target":{"@type":"EntryPoint","urlTemplate":"https:\/\/iberoo.com\/?s={search_term_string}"},"query-input":{"@type":"PropertyValueSpecification","valueRequired":true,"valueName":"search_term_string"}}],"inLanguage":"fr-FR"},{"@type":"Organization","@id":"https:\/\/iberoo.com\/#organization","name":"Iberoo","url":"https:\/\/iberoo.com\/","logo":{"@type":"ImageObject","inLanguage":"fr-FR","@id":"https:\/\/iberoo.com\/#\/schema\/logo\/image\/","url":"https:\/\/iberoo.com\/wp-content\/uploads\/2025\/11\/logo-cuadrado.jpg","contentUrl":"https:\/\/iberoo.com\/wp-content\/uploads\/2025\/11\/logo-cuadrado.jpg","width":700,"height":700,"caption":"Iberoo"},"image":{"@id":"https:\/\/iberoo.com\/#\/schema\/logo\/image\/"}}]},"product_brand":"Central Lechera Asturiana","og_availability":"instock","product_availability":"instock","product_condition":"new"},"_links":{"self":[{"href":"https:\/\/iberoo.com\/fr\/wp-json\/wp\/v2\/product\/1752","targetHints":{"allow":["GET"]}}],"collection":[{"href":"https:\/\/iberoo.com\/fr\/wp-json\/wp\/v2\/product"}],"about":[{"href":"https:\/\/iberoo.com\/fr\/wp-json\/wp\/v2\/types\/product"}],"replies":[{"embeddable":true,"href":"https:\/\/iberoo.com\/fr\/wp-json\/wp\/v2\/comments?post=1752"}],"wp:featuredmedia":[{"embeddable":true,"href":"https:\/\/iberoo.com\/fr\/wp-json\/wp\/v2\/media\/1753"}],"wp:attachment":[{"href":"https:\/\/iberoo.com\/fr\/wp-json\/wp\/v2\/media?parent=1752"}],"wp:term":[{"taxonomy":"product_brand","embeddable":true,"href":"https:\/\/iberoo.com\/fr\/wp-json\/wp\/v2\/product_brand?post=1752"},{"taxonomy":"product_cat","embeddable":true,"href":"https:\/\/iberoo.com\/fr\/wp-json\/wp\/v2\/product_cat?post=1752"},{"taxonomy":"product_tag","embeddable":true,"href":"https:\/\/iberoo.com\/fr\/wp-json\/wp\/v2\/product_tag?post=1752"}],"curies":[{"name":"wp","href":"https:\/\/api.w.org\/{rel}","templated":true}]}}