{"id":1832,"date":"2025-12-19T03:06:11","date_gmt":"2025-12-19T02:06:11","guid":{"rendered":"https:\/\/iberoo.com\/?post_type=product&#038;p=1832"},"modified":"2026-04-04T23:49:01","modified_gmt":"2026-04-04T21:49:01","slug":"lait-en-poudre-nestle-sveltesse","status":"publish","type":"product","link":"https:\/\/iberoo.com\/fr\/produit\/lait-en-poudre-nestle-sveltesse\/","title":{"rendered":"Lait en poudre Nestl\u00e9 Sveltesse"},"content":{"rendered":"<p>Gr\u00e2ce \u00e0 sa forme d\u00e9shydrat\u00e9e, le lait en poudre Nestl\u00e9 Sveltesse vous permet d'avoir du lait \u00e0 disposition \u00e0 tout moment, optimisant ainsi l'espace de stockage et offrant une longue dur\u00e9e de conservation sans n\u00e9cessiter de r\u00e9frig\u00e9ration avant pr\u00e9paration.<\/p>\n<p>Fabriqu\u00e9 \u00e0 partir de laits soigneusement s\u00e9lectionn\u00e9s, le lait en poudre Sveltesse se dissout facilement dans l'eau, pour une boisson onctueuse et savoureuse. Sa composition est con\u00e7ue pour s'int\u00e9grer \u00e0 une alimentation \u00e9quilibr\u00e9e, ce qui le rend id\u00e9al pour la consommation quotidienne et la pr\u00e9paration de plats cuisin\u00e9s. Il est parfait pour pr\u00e9parer des petits-d\u00e9jeuners, des boissons chaudes, des smoothies, des desserts maison ou toute recette n\u00e9cessitant du lait comme ingr\u00e9dient principal.<\/p>\n<p>Le pot de 600 g est con\u00e7u pour conserver le produit dans des conditions optimales, le prot\u00e9geant de l'humidit\u00e9 et facilitant le dosage. Vous pouvez ainsi pr\u00e9parer la quantit\u00e9 exacte n\u00e9cessaire \u00e0 chaque utilisation, \u00e9vitant le gaspillage et vous adaptant aux habitudes de consommation de chaque foyer. De plus, son format compact est tr\u00e8s pratique pour les r\u00e9sidences secondaires, les voyages ou toute situation n\u00e9cessitant une solution pratique et durable.<\/p>\n<p>Nestl\u00e9 Sveltesse t\u00e9moigne de l'engagement de la marque envers la qualit\u00e9 et l'innovation dans les produits laitiers. Ce lait en poudre est un choix pratique pour ceux qui privil\u00e9gient la facilit\u00e9 de pr\u00e9paration, une longue dur\u00e9e de conservation et la polyvalence, tout en pr\u00e9servant la saveur et les propri\u00e9t\u00e9s essentielles du lait dans un format pratique et efficace.<\/p>","protected":false},"excerpt":{"rendered":"<p>Le lait en poudre Nestl\u00e9 Sveltesse en bo\u00eete de 600 g est une alternative pratique et polyvalente pour ceux qui recherchent la commodit\u00e9 sans sacrifier un profil nutritionnel \u00e9quilibr\u00e9.<\/p>","protected":false},"featured_media":1833,"comment_status":"closed","ping_status":"closed","template":"","meta":[],"product_brand":[151],"product_cat":[148],"product_tag":[],"class_list":{"0":"post-1832","1":"product","2":"type-product","3":"status-publish","4":"has-post-thumbnail","6":"product_brand-sveltesse","7":"product_cat-bebidas-y-lacteos","9":"first","10":"instock","11":"shipping-taxable","12":"purchasable","13":"product-type-simple"},"yoast_head":"<!-- This site is optimized with the Yoast SEO plugin v27.3 - https:\/\/yoast.com\/product\/yoast-seo-wordpress\/ -->\n<title>Leche en Polvo Nestl\u00e9 Sveltesse - Iberoo<\/title>\n<meta name=\"description\" content=\"La leche en polvo Nestl\u00e9 Sveltesse es una alternativa pr\u00e1ctica para quienes buscan comodidad sin renunciar a un perfil nutricional equilibrado.\" \/>\n<meta name=\"robots\" content=\"index, follow, max-snippet:-1, max-image-preview:large, max-video-preview:-1\" \/>\n<link rel=\"canonical\" href=\"https:\/\/iberoo.com\/fr\/produit\/lait-en-poudre-nestle-sveltesse\/\" \/>\n<meta property=\"og:locale\" content=\"fr_FR\" \/>\n<meta property=\"og:type\" content=\"article\" \/>\n<meta property=\"og:title\" content=\"Leche en Polvo Nestl\u00e9 Sveltesse - Iberoo\" \/>\n<meta property=\"og:description\" content=\"La leche en polvo Nestl\u00e9 Sveltesse es una alternativa pr\u00e1ctica para quienes buscan comodidad sin renunciar a un perfil nutricional equilibrado.\" \/>\n<meta property=\"og:url\" content=\"https:\/\/iberoo.com\/fr\/produit\/lait-en-poudre-nestle-sveltesse\/\" \/>\n<meta property=\"og:site_name\" content=\"Iberoo\" \/>\n<meta property=\"article:modified_time\" content=\"2026-04-04T21:49:01+00:00\" \/>\n<meta property=\"og:image\" content=\"https:\/\/iberoo.com\/wp-content\/uploads\/2025\/12\/nestle-sveltesse-leche-en-polvo.jpg\" \/>\n\t<meta property=\"og:image:width\" content=\"1200\" \/>\n\t<meta property=\"og:image:height\" content=\"1200\" \/>\n\t<meta property=\"og:image:type\" content=\"image\/jpeg\" \/>\n<meta name=\"twitter:card\" content=\"summary_large_image\" \/>\n<meta name=\"twitter:label1\" content=\"Prix\" \/>\n\t<meta name=\"twitter:data1\" content=\"13,27&nbsp;&euro;\" \/>\n\t<meta name=\"twitter:label2\" content=\"Disponibilit\u00e9\" \/>\n\t<meta name=\"twitter:data2\" content=\"En stock\" \/>\n<script type=\"application\/ld+json\" class=\"yoast-schema-graph\">{\"@context\":\"https:\\\/\\\/schema.org\",\"@graph\":[{\"@type\":\"WebPage\",\"@id\":\"https:\\\/\\\/iberoo.com\\\/producto\\\/leche-en-polvo-nestle-sveltesse\\\/\",\"url\":\"https:\\\/\\\/iberoo.com\\\/producto\\\/leche-en-polvo-nestle-sveltesse\\\/\",\"name\":\"Leche en Polvo Nestl\u00e9 Sveltesse - Iberoo\",\"isPartOf\":{\"@id\":\"https:\\\/\\\/iberoo.com\\\/#website\"},\"primaryImageOfPage\":{\"@id\":\"https:\\\/\\\/iberoo.com\\\/producto\\\/leche-en-polvo-nestle-sveltesse\\\/#primaryimage\"},\"image\":{\"@id\":\"https:\\\/\\\/iberoo.com\\\/producto\\\/leche-en-polvo-nestle-sveltesse\\\/#primaryimage\"},\"thumbnailUrl\":\"https:\\\/\\\/iberoo.com\\\/wp-content\\\/uploads\\\/2025\\\/12\\\/nestle-sveltesse-leche-en-polvo.jpg\",\"datePublished\":\"2025-12-19T02:06:11+00:00\",\"dateModified\":\"2026-04-04T21:49:01+00:00\",\"description\":\"La leche en polvo Nestl\u00e9 Sveltesse es una alternativa pr\u00e1ctica para quienes buscan comodidad sin renunciar a un perfil nutricional equilibrado.\",\"breadcrumb\":{\"@id\":\"https:\\\/\\\/iberoo.com\\\/producto\\\/leche-en-polvo-nestle-sveltesse\\\/#breadcrumb\"},\"inLanguage\":\"fr-FR\",\"potentialAction\":[{\"@type\":\"ReadAction\",\"target\":[\"https:\\\/\\\/iberoo.com\\\/producto\\\/leche-en-polvo-nestle-sveltesse\\\/\"]}]},{\"@type\":\"ImageObject\",\"inLanguage\":\"fr-FR\",\"@id\":\"https:\\\/\\\/iberoo.com\\\/producto\\\/leche-en-polvo-nestle-sveltesse\\\/#primaryimage\",\"url\":\"https:\\\/\\\/iberoo.com\\\/wp-content\\\/uploads\\\/2025\\\/12\\\/nestle-sveltesse-leche-en-polvo.jpg\",\"contentUrl\":\"https:\\\/\\\/iberoo.com\\\/wp-content\\\/uploads\\\/2025\\\/12\\\/nestle-sveltesse-leche-en-polvo.jpg\",\"width\":1200,\"height\":1200,\"caption\":\"Leche en Polvo Nestl\u00e9 Sveltesse\"},{\"@type\":\"BreadcrumbList\",\"@id\":\"https:\\\/\\\/iberoo.com\\\/producto\\\/leche-en-polvo-nestle-sveltesse\\\/#breadcrumb\",\"itemListElement\":[{\"@type\":\"ListItem\",\"position\":1,\"name\":\"Portada\",\"item\":\"https:\\\/\\\/iberoo.com\\\/\"},{\"@type\":\"ListItem\",\"position\":2,\"name\":\"Tienda Online\",\"item\":\"https:\\\/\\\/iberoo.com\\\/tienda\\\/\"},{\"@type\":\"ListItem\",\"position\":3,\"name\":\"Leche en Polvo Nestl\u00e9 Sveltesse\"}]},{\"@type\":\"WebSite\",\"@id\":\"https:\\\/\\\/iberoo.com\\\/#website\",\"url\":\"https:\\\/\\\/iberoo.com\\\/\",\"name\":\"Iberoo\",\"description\":\"\",\"publisher\":{\"@id\":\"https:\\\/\\\/iberoo.com\\\/#organization\"},\"potentialAction\":[{\"@type\":\"SearchAction\",\"target\":{\"@type\":\"EntryPoint\",\"urlTemplate\":\"https:\\\/\\\/iberoo.com\\\/?s={search_term_string}\"},\"query-input\":{\"@type\":\"PropertyValueSpecification\",\"valueRequired\":true,\"valueName\":\"search_term_string\"}}],\"inLanguage\":\"fr-FR\"},{\"@type\":\"Organization\",\"@id\":\"https:\\\/\\\/iberoo.com\\\/#organization\",\"name\":\"Iberoo\",\"url\":\"https:\\\/\\\/iberoo.com\\\/\",\"logo\":{\"@type\":\"ImageObject\",\"inLanguage\":\"fr-FR\",\"@id\":\"https:\\\/\\\/iberoo.com\\\/#\\\/schema\\\/logo\\\/image\\\/\",\"url\":\"https:\\\/\\\/iberoo.com\\\/wp-content\\\/uploads\\\/2025\\\/11\\\/logo-cuadrado.jpg\",\"contentUrl\":\"https:\\\/\\\/iberoo.com\\\/wp-content\\\/uploads\\\/2025\\\/11\\\/logo-cuadrado.jpg\",\"width\":700,\"height\":700,\"caption\":\"Iberoo\"},\"image\":{\"@id\":\"https:\\\/\\\/iberoo.com\\\/#\\\/schema\\\/logo\\\/image\\\/\"}}]}<\/script>\n<meta property=\"product:brand\" content=\"Sveltesse\" \/>\n<meta property=\"product:price:amount\" content=\"13.27\" \/>\n<meta property=\"product:price:currency\" content=\"EUR\" \/>\n<meta property=\"og:availability\" content=\"instock\" \/>\n<meta property=\"product:availability\" content=\"instock\" \/>\n<meta property=\"product:condition\" content=\"new\" \/>\n<!-- \/ Yoast SEO plugin. -->","yoast_head_json":{"title":"Lait en poudre Nestl\u00e9 Sveltesse","description":"Le lait en poudre Nestl\u00e9 Sveltesse est une alternative pratique pour ceux qui recherchent la commodit\u00e9 sans sacrifier un profil nutritionnel \u00e9quilibr\u00e9.","robots":{"index":"index","follow":"follow","max-snippet":"max-snippet:-1","max-image-preview":"max-image-preview:large","max-video-preview":"max-video-preview:-1"},"canonical":"https:\/\/iberoo.com\/fr\/produit\/lait-en-poudre-nestle-sveltesse\/","og_locale":"fr_FR","og_type":"article","og_title":"Leche en Polvo Nestl\u00e9 Sveltesse - Iberoo","og_description":"La leche en polvo Nestl\u00e9 Sveltesse es una alternativa pr\u00e1ctica para quienes buscan comodidad sin renunciar a un perfil nutricional equilibrado.","og_url":"https:\/\/iberoo.com\/fr\/produit\/lait-en-poudre-nestle-sveltesse\/","og_site_name":"Iberoo","article_modified_time":"2026-04-04T21:49:01+00:00","og_image":[{"width":1200,"height":1200,"url":"https:\/\/iberoo.com\/wp-content\/uploads\/2025\/12\/nestle-sveltesse-leche-en-polvo.jpg","type":"image\/jpeg"}],"twitter_card":"summary_large_image","twitter_misc":{"Prix":"13,27&nbsp;&euro;","Disponibilit\u00e9":"En stock"},"schema":{"@context":"https:\/\/schema.org","@graph":[{"@type":"WebPage","@id":"https:\/\/iberoo.com\/producto\/leche-en-polvo-nestle-sveltesse\/","url":"https:\/\/iberoo.com\/producto\/leche-en-polvo-nestle-sveltesse\/","name":"Lait en poudre Nestl\u00e9 Sveltesse","isPartOf":{"@id":"https:\/\/iberoo.com\/#website"},"primaryImageOfPage":{"@id":"https:\/\/iberoo.com\/producto\/leche-en-polvo-nestle-sveltesse\/#primaryimage"},"image":{"@id":"https:\/\/iberoo.com\/producto\/leche-en-polvo-nestle-sveltesse\/#primaryimage"},"thumbnailUrl":"https:\/\/iberoo.com\/wp-content\/uploads\/2025\/12\/nestle-sveltesse-leche-en-polvo.jpg","datePublished":"2025-12-19T02:06:11+00:00","dateModified":"2026-04-04T21:49:01+00:00","description":"Le lait en poudre Nestl\u00e9 Sveltesse est une alternative pratique pour ceux qui recherchent la commodit\u00e9 sans sacrifier un profil nutritionnel \u00e9quilibr\u00e9.","breadcrumb":{"@id":"https:\/\/iberoo.com\/producto\/leche-en-polvo-nestle-sveltesse\/#breadcrumb"},"inLanguage":"fr-FR","potentialAction":[{"@type":"ReadAction","target":["https:\/\/iberoo.com\/producto\/leche-en-polvo-nestle-sveltesse\/"]}]},{"@type":"ImageObject","inLanguage":"fr-FR","@id":"https:\/\/iberoo.com\/producto\/leche-en-polvo-nestle-sveltesse\/#primaryimage","url":"https:\/\/iberoo.com\/wp-content\/uploads\/2025\/12\/nestle-sveltesse-leche-en-polvo.jpg","contentUrl":"https:\/\/iberoo.com\/wp-content\/uploads\/2025\/12\/nestle-sveltesse-leche-en-polvo.jpg","width":1200,"height":1200,"caption":"Leche en Polvo Nestl\u00e9 Sveltesse"},{"@type":"BreadcrumbList","@id":"https:\/\/iberoo.com\/producto\/leche-en-polvo-nestle-sveltesse\/#breadcrumb","itemListElement":[{"@type":"ListItem","position":1,"name":"Portada","item":"https:\/\/iberoo.com\/"},{"@type":"ListItem","position":2,"name":"Tienda Online","item":"https:\/\/iberoo.com\/tienda\/"},{"@type":"ListItem","position":3,"name":"Leche en Polvo Nestl\u00e9 Sveltesse"}]},{"@type":"WebSite","@id":"https:\/\/iberoo.com\/#website","url":"https:\/\/iberoo.com\/","name":"Iberoo","description":"","publisher":{"@id":"https:\/\/iberoo.com\/#organization"},"potentialAction":[{"@type":"SearchAction","target":{"@type":"EntryPoint","urlTemplate":"https:\/\/iberoo.com\/?s={search_term_string}"},"query-input":{"@type":"PropertyValueSpecification","valueRequired":true,"valueName":"search_term_string"}}],"inLanguage":"fr-FR"},{"@type":"Organization","@id":"https:\/\/iberoo.com\/#organization","name":"Iberoo","url":"https:\/\/iberoo.com\/","logo":{"@type":"ImageObject","inLanguage":"fr-FR","@id":"https:\/\/iberoo.com\/#\/schema\/logo\/image\/","url":"https:\/\/iberoo.com\/wp-content\/uploads\/2025\/11\/logo-cuadrado.jpg","contentUrl":"https:\/\/iberoo.com\/wp-content\/uploads\/2025\/11\/logo-cuadrado.jpg","width":700,"height":700,"caption":"Iberoo"},"image":{"@id":"https:\/\/iberoo.com\/#\/schema\/logo\/image\/"}}]},"product_brand":"Sveltesse","product_price_amount":"13.27","product_price_currency":"EUR","og_availability":"instock","product_availability":"instock","product_condition":"new"},"_links":{"self":[{"href":"https:\/\/iberoo.com\/fr\/wp-json\/wp\/v2\/product\/1832","targetHints":{"allow":["GET"]}}],"collection":[{"href":"https:\/\/iberoo.com\/fr\/wp-json\/wp\/v2\/product"}],"about":[{"href":"https:\/\/iberoo.com\/fr\/wp-json\/wp\/v2\/types\/product"}],"replies":[{"embeddable":true,"href":"https:\/\/iberoo.com\/fr\/wp-json\/wp\/v2\/comments?post=1832"}],"wp:featuredmedia":[{"embeddable":true,"href":"https:\/\/iberoo.com\/fr\/wp-json\/wp\/v2\/media\/1833"}],"wp:attachment":[{"href":"https:\/\/iberoo.com\/fr\/wp-json\/wp\/v2\/media?parent=1832"}],"wp:term":[{"taxonomy":"product_brand","embeddable":true,"href":"https:\/\/iberoo.com\/fr\/wp-json\/wp\/v2\/product_brand?post=1832"},{"taxonomy":"product_cat","embeddable":true,"href":"https:\/\/iberoo.com\/fr\/wp-json\/wp\/v2\/product_cat?post=1832"},{"taxonomy":"product_tag","embeddable":true,"href":"https:\/\/iberoo.com\/fr\/wp-json\/wp\/v2\/product_tag?post=1832"}],"curies":[{"name":"wp","href":"https:\/\/api.w.org\/{rel}","templated":true}]}}