{"id":1840,"date":"2025-12-19T15:00:37","date_gmt":"2025-12-19T14:00:37","guid":{"rendered":"https:\/\/iberoo.com\/?post_type=product&#038;p=1840"},"modified":"2026-04-04T23:48:05","modified_gmt":"2026-04-04T21:48:05","slug":"lait-concentre-ideal","status":"publish","type":"product","link":"https:\/\/iberoo.com\/fr\/produit\/lait-concentre-ideal\/","title":{"rendered":"Lait concentr\u00e9 Ideal"},"content":{"rendered":"<p>Le lait en poudre \u00e9vapor\u00e9 Ideal, une sous-marque de Nestl\u00e9, fait partie des cuisines de nombreux foyers depuis des ann\u00e9es, accompagnant les recettes quotidiennes et les pr\u00e9parations sp\u00e9ciales avec des r\u00e9sultats constants.<\/p>\n<p>Ce produit est conditionn\u00e9 dans un pot de 525 g, con\u00e7u pour pr\u00e9server au mieux sa fra\u00eecheur et faciliter son dosage. Une fois pr\u00e9par\u00e9, il permet d'obtenir un lait onctueux, au go\u00fbt \u00e9quilibr\u00e9 et au rendement optimal, id\u00e9al pour les boissons chaudes et froides. Il agr\u00e9mente \u00e0 merveille le caf\u00e9, le th\u00e9 ou le chocolat chaud, mais aussi les recettes plus \u00e9labor\u00e9es comme les desserts, les cr\u00e8mes, les sauces et les plats sal\u00e9s qui n\u00e9cessitent une touche cr\u00e9meuse sans alt\u00e9rer leur texture.<\/p>\n<p>Le lait concentr\u00e9 non sucr\u00e9 Ideal est disponible en version classique et sans lactose, pour s'adapter \u00e0 diff\u00e9rents besoins et modes de vie. La version sans lactose vous permet de savourer le m\u00eame go\u00fbt et la m\u00eame qualit\u00e9, tout en \u00e9tant plus digeste pour les personnes intol\u00e9rantes au lactose, sans compromis sur la qualit\u00e9 de vos pr\u00e9parations culinaires.<\/p>\n<p>Un autre avantage majeur est sa longue dur\u00e9e de conservation par rapport au lait liquide, ce qui en fait une alternative pratique pour les foyers, les petites entreprises ou pour avoir toujours une r\u00e9serve. Polyvalent, \u00e9conomique et facile \u00e0 pr\u00e9parer, le lait concentr\u00e9 non sucr\u00e9 Ideal est une solution id\u00e9ale pour ceux qui privil\u00e9gient la qualit\u00e9, le go\u00fbt et la praticit\u00e9 au quotidien.<\/p>","protected":false},"excerpt":{"rendered":"<p>Le lait concentr\u00e9 non sucr\u00e9 en poudre Ideal est une option pratique et fiable pour ceux qui souhaitent conserver la saveur et l'onctuosit\u00e9 du lait concentr\u00e9 non sucr\u00e9 traditionnel, tout en b\u00e9n\u00e9ficiant de la commodit\u00e9 d'un format en poudre facile \u00e0 stocker et \u00e0 utiliser.<\/p>","protected":false},"featured_media":1841,"comment_status":"closed","ping_status":"closed","template":"","meta":[],"product_brand":[145],"product_cat":[148],"product_tag":[],"class_list":{"0":"post-1840","1":"product","2":"type-product","3":"status-publish","4":"has-post-thumbnail","6":"product_brand-ideal","7":"product_cat-bebidas-y-lacteos","9":"first","10":"instock","11":"shipping-taxable","12":"purchasable","13":"product-type-variable"},"yoast_head":"<!-- This site is optimized with the Yoast SEO plugin v27.3 - https:\/\/yoast.com\/product\/yoast-seo-wordpress\/ -->\n<title>Leche Evaporada Ideal - Iberoo<\/title>\n<meta name=\"description\" content=\"La Leche Evaporada en Polvo Ideal es una opci\u00f3n para mantener el sabor y la cremosidad de la leche pero con la comodidad de un formato en polvo.\" \/>\n<meta name=\"robots\" content=\"index, follow, max-snippet:-1, max-image-preview:large, max-video-preview:-1\" \/>\n<link rel=\"canonical\" href=\"https:\/\/iberoo.com\/fr\/produit\/lait-concentre-ideal\/\" \/>\n<meta property=\"og:locale\" content=\"fr_FR\" \/>\n<meta property=\"og:type\" content=\"article\" \/>\n<meta property=\"og:title\" content=\"Leche Evaporada Ideal - Iberoo\" \/>\n<meta property=\"og:description\" content=\"La Leche Evaporada en Polvo Ideal es una opci\u00f3n para mantener el sabor y la cremosidad de la leche pero con la comodidad de un formato en polvo.\" \/>\n<meta property=\"og:url\" content=\"https:\/\/iberoo.com\/fr\/produit\/lait-concentre-ideal\/\" \/>\n<meta property=\"og:site_name\" content=\"Iberoo\" \/>\n<meta property=\"article:modified_time\" content=\"2026-04-04T21:48:05+00:00\" \/>\n<meta property=\"og:image\" content=\"https:\/\/iberoo.com\/wp-content\/uploads\/2025\/12\/nestle-ideal-leche-evaporada.jpg\" \/>\n\t<meta property=\"og:image:width\" content=\"800\" \/>\n\t<meta property=\"og:image:height\" content=\"800\" \/>\n\t<meta property=\"og:image:type\" content=\"image\/jpeg\" \/>\n<meta name=\"twitter:card\" content=\"summary_large_image\" \/>\n<meta name=\"twitter:label1\" content=\"Disponibilit\u00e9\" \/>\n\t<meta name=\"twitter:data1\" content=\"En stock\" \/>\n<script type=\"application\/ld+json\" class=\"yoast-schema-graph\">{\"@context\":\"https:\\\/\\\/schema.org\",\"@graph\":[{\"@type\":\"WebPage\",\"@id\":\"https:\\\/\\\/iberoo.com\\\/producto\\\/leche-evaporada-ideal\\\/\",\"url\":\"https:\\\/\\\/iberoo.com\\\/producto\\\/leche-evaporada-ideal\\\/\",\"name\":\"Leche Evaporada Ideal - Iberoo\",\"isPartOf\":{\"@id\":\"https:\\\/\\\/iberoo.com\\\/#website\"},\"primaryImageOfPage\":{\"@id\":\"https:\\\/\\\/iberoo.com\\\/producto\\\/leche-evaporada-ideal\\\/#primaryimage\"},\"image\":{\"@id\":\"https:\\\/\\\/iberoo.com\\\/producto\\\/leche-evaporada-ideal\\\/#primaryimage\"},\"thumbnailUrl\":\"https:\\\/\\\/iberoo.com\\\/wp-content\\\/uploads\\\/2025\\\/12\\\/nestle-ideal-leche-evaporada.jpg\",\"datePublished\":\"2025-12-19T14:00:37+00:00\",\"dateModified\":\"2026-04-04T21:48:05+00:00\",\"description\":\"La Leche Evaporada en Polvo Ideal es una opci\u00f3n para mantener el sabor y la cremosidad de la leche pero con la comodidad de un formato en polvo.\",\"breadcrumb\":{\"@id\":\"https:\\\/\\\/iberoo.com\\\/producto\\\/leche-evaporada-ideal\\\/#breadcrumb\"},\"inLanguage\":\"fr-FR\",\"potentialAction\":[{\"@type\":\"ReadAction\",\"target\":[\"https:\\\/\\\/iberoo.com\\\/producto\\\/leche-evaporada-ideal\\\/\"]}]},{\"@type\":\"ImageObject\",\"inLanguage\":\"fr-FR\",\"@id\":\"https:\\\/\\\/iberoo.com\\\/producto\\\/leche-evaporada-ideal\\\/#primaryimage\",\"url\":\"https:\\\/\\\/iberoo.com\\\/wp-content\\\/uploads\\\/2025\\\/12\\\/nestle-ideal-leche-evaporada.jpg\",\"contentUrl\":\"https:\\\/\\\/iberoo.com\\\/wp-content\\\/uploads\\\/2025\\\/12\\\/nestle-ideal-leche-evaporada.jpg\",\"width\":800,\"height\":800,\"caption\":\"Leche Evaporada Ideal\"},{\"@type\":\"BreadcrumbList\",\"@id\":\"https:\\\/\\\/iberoo.com\\\/producto\\\/leche-evaporada-ideal\\\/#breadcrumb\",\"itemListElement\":[{\"@type\":\"ListItem\",\"position\":1,\"name\":\"Portada\",\"item\":\"https:\\\/\\\/iberoo.com\\\/\"},{\"@type\":\"ListItem\",\"position\":2,\"name\":\"Tienda Online\",\"item\":\"https:\\\/\\\/iberoo.com\\\/tienda\\\/\"},{\"@type\":\"ListItem\",\"position\":3,\"name\":\"Leche Evaporada Ideal\"}]},{\"@type\":\"WebSite\",\"@id\":\"https:\\\/\\\/iberoo.com\\\/#website\",\"url\":\"https:\\\/\\\/iberoo.com\\\/\",\"name\":\"Iberoo\",\"description\":\"\",\"publisher\":{\"@id\":\"https:\\\/\\\/iberoo.com\\\/#organization\"},\"potentialAction\":[{\"@type\":\"SearchAction\",\"target\":{\"@type\":\"EntryPoint\",\"urlTemplate\":\"https:\\\/\\\/iberoo.com\\\/?s={search_term_string}\"},\"query-input\":{\"@type\":\"PropertyValueSpecification\",\"valueRequired\":true,\"valueName\":\"search_term_string\"}}],\"inLanguage\":\"fr-FR\"},{\"@type\":\"Organization\",\"@id\":\"https:\\\/\\\/iberoo.com\\\/#organization\",\"name\":\"Iberoo\",\"url\":\"https:\\\/\\\/iberoo.com\\\/\",\"logo\":{\"@type\":\"ImageObject\",\"inLanguage\":\"fr-FR\",\"@id\":\"https:\\\/\\\/iberoo.com\\\/#\\\/schema\\\/logo\\\/image\\\/\",\"url\":\"https:\\\/\\\/iberoo.com\\\/wp-content\\\/uploads\\\/2025\\\/11\\\/logo-cuadrado.jpg\",\"contentUrl\":\"https:\\\/\\\/iberoo.com\\\/wp-content\\\/uploads\\\/2025\\\/11\\\/logo-cuadrado.jpg\",\"width\":700,\"height\":700,\"caption\":\"Iberoo\"},\"image\":{\"@id\":\"https:\\\/\\\/iberoo.com\\\/#\\\/schema\\\/logo\\\/image\\\/\"}}]}<\/script>\n<meta property=\"product:brand\" content=\"Ideal\" \/>\n<meta property=\"og:availability\" content=\"instock\" \/>\n<meta property=\"product:availability\" content=\"instock\" \/>\n<meta property=\"product:condition\" content=\"new\" \/>\n<!-- \/ Yoast SEO plugin. -->","yoast_head_json":{"title":"Lait concentr\u00e9 Ideal - Iberoo","description":"Le lait concentr\u00e9 non sucr\u00e9 Ideal est une solution id\u00e9ale pour conserver la saveur et l'onctuosit\u00e9 du lait, tout en b\u00e9n\u00e9ficiant de la praticit\u00e9 d'un format en poudre.","robots":{"index":"index","follow":"follow","max-snippet":"max-snippet:-1","max-image-preview":"max-image-preview:large","max-video-preview":"max-video-preview:-1"},"canonical":"https:\/\/iberoo.com\/fr\/produit\/lait-concentre-ideal\/","og_locale":"fr_FR","og_type":"article","og_title":"Leche Evaporada Ideal - Iberoo","og_description":"La Leche Evaporada en Polvo Ideal es una opci\u00f3n para mantener el sabor y la cremosidad de la leche pero con la comodidad de un formato en polvo.","og_url":"https:\/\/iberoo.com\/fr\/produit\/lait-concentre-ideal\/","og_site_name":"Iberoo","article_modified_time":"2026-04-04T21:48:05+00:00","og_image":[{"width":800,"height":800,"url":"https:\/\/iberoo.com\/wp-content\/uploads\/2025\/12\/nestle-ideal-leche-evaporada.jpg","type":"image\/jpeg"}],"twitter_card":"summary_large_image","twitter_misc":{"Disponibilit\u00e9":"En stock"},"schema":{"@context":"https:\/\/schema.org","@graph":[{"@type":"WebPage","@id":"https:\/\/iberoo.com\/producto\/leche-evaporada-ideal\/","url":"https:\/\/iberoo.com\/producto\/leche-evaporada-ideal\/","name":"Lait concentr\u00e9 Ideal - Iberoo","isPartOf":{"@id":"https:\/\/iberoo.com\/#website"},"primaryImageOfPage":{"@id":"https:\/\/iberoo.com\/producto\/leche-evaporada-ideal\/#primaryimage"},"image":{"@id":"https:\/\/iberoo.com\/producto\/leche-evaporada-ideal\/#primaryimage"},"thumbnailUrl":"https:\/\/iberoo.com\/wp-content\/uploads\/2025\/12\/nestle-ideal-leche-evaporada.jpg","datePublished":"2025-12-19T14:00:37+00:00","dateModified":"2026-04-04T21:48:05+00:00","description":"Le lait concentr\u00e9 non sucr\u00e9 Ideal est une solution id\u00e9ale pour conserver la saveur et l'onctuosit\u00e9 du lait, tout en b\u00e9n\u00e9ficiant de la praticit\u00e9 d'un format en poudre.","breadcrumb":{"@id":"https:\/\/iberoo.com\/producto\/leche-evaporada-ideal\/#breadcrumb"},"inLanguage":"fr-FR","potentialAction":[{"@type":"ReadAction","target":["https:\/\/iberoo.com\/producto\/leche-evaporada-ideal\/"]}]},{"@type":"ImageObject","inLanguage":"fr-FR","@id":"https:\/\/iberoo.com\/producto\/leche-evaporada-ideal\/#primaryimage","url":"https:\/\/iberoo.com\/wp-content\/uploads\/2025\/12\/nestle-ideal-leche-evaporada.jpg","contentUrl":"https:\/\/iberoo.com\/wp-content\/uploads\/2025\/12\/nestle-ideal-leche-evaporada.jpg","width":800,"height":800,"caption":"Leche Evaporada Ideal"},{"@type":"BreadcrumbList","@id":"https:\/\/iberoo.com\/producto\/leche-evaporada-ideal\/#breadcrumb","itemListElement":[{"@type":"ListItem","position":1,"name":"Portada","item":"https:\/\/iberoo.com\/"},{"@type":"ListItem","position":2,"name":"Tienda Online","item":"https:\/\/iberoo.com\/tienda\/"},{"@type":"ListItem","position":3,"name":"Leche Evaporada Ideal"}]},{"@type":"WebSite","@id":"https:\/\/iberoo.com\/#website","url":"https:\/\/iberoo.com\/","name":"Iberoo","description":"","publisher":{"@id":"https:\/\/iberoo.com\/#organization"},"potentialAction":[{"@type":"SearchAction","target":{"@type":"EntryPoint","urlTemplate":"https:\/\/iberoo.com\/?s={search_term_string}"},"query-input":{"@type":"PropertyValueSpecification","valueRequired":true,"valueName":"search_term_string"}}],"inLanguage":"fr-FR"},{"@type":"Organization","@id":"https:\/\/iberoo.com\/#organization","name":"Iberoo","url":"https:\/\/iberoo.com\/","logo":{"@type":"ImageObject","inLanguage":"fr-FR","@id":"https:\/\/iberoo.com\/#\/schema\/logo\/image\/","url":"https:\/\/iberoo.com\/wp-content\/uploads\/2025\/11\/logo-cuadrado.jpg","contentUrl":"https:\/\/iberoo.com\/wp-content\/uploads\/2025\/11\/logo-cuadrado.jpg","width":700,"height":700,"caption":"Iberoo"},"image":{"@id":"https:\/\/iberoo.com\/#\/schema\/logo\/image\/"}}]},"product_brand":"Ideal","og_availability":"instock","product_availability":"instock","product_condition":"new"},"_links":{"self":[{"href":"https:\/\/iberoo.com\/fr\/wp-json\/wp\/v2\/product\/1840","targetHints":{"allow":["GET"]}}],"collection":[{"href":"https:\/\/iberoo.com\/fr\/wp-json\/wp\/v2\/product"}],"about":[{"href":"https:\/\/iberoo.com\/fr\/wp-json\/wp\/v2\/types\/product"}],"replies":[{"embeddable":true,"href":"https:\/\/iberoo.com\/fr\/wp-json\/wp\/v2\/comments?post=1840"}],"wp:featuredmedia":[{"embeddable":true,"href":"https:\/\/iberoo.com\/fr\/wp-json\/wp\/v2\/media\/1841"}],"wp:attachment":[{"href":"https:\/\/iberoo.com\/fr\/wp-json\/wp\/v2\/media?parent=1840"}],"wp:term":[{"taxonomy":"product_brand","embeddable":true,"href":"https:\/\/iberoo.com\/fr\/wp-json\/wp\/v2\/product_brand?post=1840"},{"taxonomy":"product_cat","embeddable":true,"href":"https:\/\/iberoo.com\/fr\/wp-json\/wp\/v2\/product_cat?post=1840"},{"taxonomy":"product_tag","embeddable":true,"href":"https:\/\/iberoo.com\/fr\/wp-json\/wp\/v2\/product_tag?post=1840"}],"curies":[{"name":"wp","href":"https:\/\/api.w.org\/{rel}","templated":true}]}}