{"id":1846,"date":"2025-12-19T23:42:31","date_gmt":"2025-12-19T22:42:31","guid":{"rendered":"https:\/\/iberoo.com\/?post_type=product&#038;p=1846"},"modified":"2026-04-04T23:38:53","modified_gmt":"2026-04-04T21:38:53","slug":"boisson-a-lavoine-vivesoy","status":"publish","type":"product","link":"https:\/\/iberoo.com\/fr\/produit\/boisson-a-lavoine-vivesoy\/","title":{"rendered":"Boisson \u00e0 l'avoine ViveSoy"},"content":{"rendered":"<p data-start=\"0\" data-end=\"363\">Fabriqu\u00e9e \u00e0 partir d'avoine soigneusement s\u00e9lectionn\u00e9e, la boisson \u00e0 l'avoine ViveSoy se distingue par sa saveur douce et \u00e9quilibr\u00e9e, facile \u00e0 int\u00e9grer \u00e0 tout moment de la journ\u00e9e.<\/p>\n<p data-start=\"365\" data-end=\"786\">Sa texture l\u00e9g\u00e8re en fait un alli\u00e9 id\u00e9al, \u00e0 d\u00e9guster seul ou accompagn\u00e9 de caf\u00e9, de th\u00e9 ou d'infusions, apportant une sensation agr\u00e9able sans masquer les autres saveurs. Il se pr\u00eate \u00e9galement \u00e0 merveille \u00e0 la pr\u00e9paration de recettes\u00a0: milkshakes, smoothies, cr\u00e8mes, sauces et desserts maison, s'int\u00e9grant parfaitement \u00e0 votre cuisine quotidienne. C'est le genre de produit qui n'a pas besoin d'\u00eatre la vedette, mais qui apporte toujours une touche d'\u00e9l\u00e9gance.<\/p>\n<p data-start=\"788\" data-end=\"1076\">Le format brique d'un litre est pratique et facile \u00e0 transporter, id\u00e9al pour la conservation au r\u00e9frig\u00e9rateur et une consommation progressive selon vos envies. Au petit-d\u00e9jeuner, au go\u00fbter ou int\u00e9gr\u00e9 \u00e0 une recette improvis\u00e9e, la boisson \u00e0 l'avoine ViveSoy s'adapte facilement aux modes de vie actifs et vari\u00e9s.<\/p>\n<p data-start=\"1078\" data-end=\"1445\" data-is-last-node=\"\" data-is-only-node=\"\">De plus, c'est une alternative v\u00e9g\u00e9tale que beaucoup choisissent par pr\u00e9f\u00e9rence personnelle ou pour diversifier leur alimentation, sans renoncer au plaisir d'une boisson agr\u00e9able et facile \u00e0 boire. ViveSoy s'engage \u00e0 offrir une exp\u00e9rience simple, authentique et accessible, con\u00e7ue pour le quotidien. Une boisson \u00e0 l'avoine polyvalente et facile \u00e0 consommer, au go\u00fbt irr\u00e9sistible.<\/p>","protected":false},"excerpt":{"rendered":"<p>ViveSoy, boisson \u00e0 base d'avoine, est con\u00e7ue pour ceux qui souhaitent profiter du quotidien avec une touche diff\u00e9rente, sans complications et avec le soutien d'une marque de confiance comme Pascual. Bouteille de 1 L.<\/p>","protected":false},"featured_media":1847,"comment_status":"closed","ping_status":"closed","template":"","meta":[],"product_brand":[147],"product_cat":[148],"product_tag":[],"class_list":{"0":"post-1846","1":"product","2":"type-product","3":"status-publish","4":"has-post-thumbnail","6":"product_brand-vivesoy","7":"product_cat-bebidas-y-lacteos","9":"first","10":"instock","11":"shipping-taxable","12":"purchasable","13":"product-type-simple"},"yoast_head":"<!-- This site is optimized with the Yoast SEO plugin v27.3 - https:\/\/yoast.com\/product\/yoast-seo-wordpress\/ -->\n<title>Bebida de Avena ViveSoy - Iberoo<\/title>\n<meta name=\"description\" content=\"La bebida de avena ViveSoy es una opci\u00f3n pensada para quienes buscan disfrutar de lo cotidiano con un toque diferente y sin complicaciones.\" \/>\n<meta name=\"robots\" content=\"index, follow, max-snippet:-1, max-image-preview:large, max-video-preview:-1\" \/>\n<link rel=\"canonical\" href=\"https:\/\/iberoo.com\/fr\/produit\/boisson-a-lavoine-vivesoy\/\" \/>\n<meta property=\"og:locale\" content=\"fr_FR\" \/>\n<meta property=\"og:type\" content=\"article\" \/>\n<meta property=\"og:title\" content=\"Bebida de Avena ViveSoy - Iberoo\" \/>\n<meta property=\"og:description\" content=\"La bebida de avena ViveSoy es una opci\u00f3n pensada para quienes buscan disfrutar de lo cotidiano con un toque diferente y sin complicaciones.\" \/>\n<meta property=\"og:url\" content=\"https:\/\/iberoo.com\/fr\/produit\/boisson-a-lavoine-vivesoy\/\" \/>\n<meta property=\"og:site_name\" content=\"Iberoo\" \/>\n<meta property=\"article:modified_time\" content=\"2026-04-04T21:38:53+00:00\" \/>\n<meta property=\"og:image\" content=\"https:\/\/iberoo.com\/wp-content\/uploads\/2025\/12\/pascual-vive-soy-bebida-avena.jpg\" \/>\n\t<meta property=\"og:image:width\" content=\"1200\" \/>\n\t<meta property=\"og:image:height\" content=\"1200\" \/>\n\t<meta property=\"og:image:type\" content=\"image\/jpeg\" \/>\n<meta name=\"twitter:card\" content=\"summary_large_image\" \/>\n<meta name=\"twitter:label1\" content=\"Prix\" \/>\n\t<meta name=\"twitter:data1\" content=\"3,75&nbsp;&euro;\" \/>\n\t<meta name=\"twitter:label2\" content=\"Disponibilit\u00e9\" \/>\n\t<meta name=\"twitter:data2\" content=\"En stock\" \/>\n<script type=\"application\/ld+json\" class=\"yoast-schema-graph\">{\"@context\":\"https:\\\/\\\/schema.org\",\"@graph\":[{\"@type\":\"WebPage\",\"@id\":\"https:\\\/\\\/iberoo.com\\\/producto\\\/bebida-de-avena-vivesoy\\\/\",\"url\":\"https:\\\/\\\/iberoo.com\\\/producto\\\/bebida-de-avena-vivesoy\\\/\",\"name\":\"Bebida de Avena ViveSoy - Iberoo\",\"isPartOf\":{\"@id\":\"https:\\\/\\\/iberoo.com\\\/#website\"},\"primaryImageOfPage\":{\"@id\":\"https:\\\/\\\/iberoo.com\\\/producto\\\/bebida-de-avena-vivesoy\\\/#primaryimage\"},\"image\":{\"@id\":\"https:\\\/\\\/iberoo.com\\\/producto\\\/bebida-de-avena-vivesoy\\\/#primaryimage\"},\"thumbnailUrl\":\"https:\\\/\\\/iberoo.com\\\/wp-content\\\/uploads\\\/2025\\\/12\\\/pascual-vive-soy-bebida-avena.jpg\",\"datePublished\":\"2025-12-19T22:42:31+00:00\",\"dateModified\":\"2026-04-04T21:38:53+00:00\",\"description\":\"La bebida de avena ViveSoy es una opci\u00f3n pensada para quienes buscan disfrutar de lo cotidiano con un toque diferente y sin complicaciones.\",\"breadcrumb\":{\"@id\":\"https:\\\/\\\/iberoo.com\\\/producto\\\/bebida-de-avena-vivesoy\\\/#breadcrumb\"},\"inLanguage\":\"fr-FR\",\"potentialAction\":[{\"@type\":\"ReadAction\",\"target\":[\"https:\\\/\\\/iberoo.com\\\/producto\\\/bebida-de-avena-vivesoy\\\/\"]}]},{\"@type\":\"ImageObject\",\"inLanguage\":\"fr-FR\",\"@id\":\"https:\\\/\\\/iberoo.com\\\/producto\\\/bebida-de-avena-vivesoy\\\/#primaryimage\",\"url\":\"https:\\\/\\\/iberoo.com\\\/wp-content\\\/uploads\\\/2025\\\/12\\\/pascual-vive-soy-bebida-avena.jpg\",\"contentUrl\":\"https:\\\/\\\/iberoo.com\\\/wp-content\\\/uploads\\\/2025\\\/12\\\/pascual-vive-soy-bebida-avena.jpg\",\"width\":1200,\"height\":1200,\"caption\":\"Bebida de Avena Vive Soy\"},{\"@type\":\"BreadcrumbList\",\"@id\":\"https:\\\/\\\/iberoo.com\\\/producto\\\/bebida-de-avena-vivesoy\\\/#breadcrumb\",\"itemListElement\":[{\"@type\":\"ListItem\",\"position\":1,\"name\":\"Portada\",\"item\":\"https:\\\/\\\/iberoo.com\\\/\"},{\"@type\":\"ListItem\",\"position\":2,\"name\":\"Tienda Online\",\"item\":\"https:\\\/\\\/iberoo.com\\\/tienda\\\/\"},{\"@type\":\"ListItem\",\"position\":3,\"name\":\"Bebida de Avena ViveSoy\"}]},{\"@type\":\"WebSite\",\"@id\":\"https:\\\/\\\/iberoo.com\\\/#website\",\"url\":\"https:\\\/\\\/iberoo.com\\\/\",\"name\":\"Iberoo\",\"description\":\"\",\"publisher\":{\"@id\":\"https:\\\/\\\/iberoo.com\\\/#organization\"},\"potentialAction\":[{\"@type\":\"SearchAction\",\"target\":{\"@type\":\"EntryPoint\",\"urlTemplate\":\"https:\\\/\\\/iberoo.com\\\/?s={search_term_string}\"},\"query-input\":{\"@type\":\"PropertyValueSpecification\",\"valueRequired\":true,\"valueName\":\"search_term_string\"}}],\"inLanguage\":\"fr-FR\"},{\"@type\":\"Organization\",\"@id\":\"https:\\\/\\\/iberoo.com\\\/#organization\",\"name\":\"Iberoo\",\"url\":\"https:\\\/\\\/iberoo.com\\\/\",\"logo\":{\"@type\":\"ImageObject\",\"inLanguage\":\"fr-FR\",\"@id\":\"https:\\\/\\\/iberoo.com\\\/#\\\/schema\\\/logo\\\/image\\\/\",\"url\":\"https:\\\/\\\/iberoo.com\\\/wp-content\\\/uploads\\\/2025\\\/11\\\/logo-cuadrado.jpg\",\"contentUrl\":\"https:\\\/\\\/iberoo.com\\\/wp-content\\\/uploads\\\/2025\\\/11\\\/logo-cuadrado.jpg\",\"width\":700,\"height\":700,\"caption\":\"Iberoo\"},\"image\":{\"@id\":\"https:\\\/\\\/iberoo.com\\\/#\\\/schema\\\/logo\\\/image\\\/\"}}]}<\/script>\n<meta property=\"product:brand\" content=\"ViveSoy\" \/>\n<meta property=\"product:price:amount\" content=\"3.75\" \/>\n<meta property=\"product:price:currency\" content=\"EUR\" \/>\n<meta property=\"og:availability\" content=\"instock\" \/>\n<meta property=\"product:availability\" content=\"instock\" \/>\n<meta property=\"product:condition\" content=\"new\" \/>\n<!-- \/ Yoast SEO plugin. -->","yoast_head_json":{"title":"Boisson \u00e0 l'avoine ViveSoy - Iberoo","description":"La boisson \u00e0 l'avoine ViveSoy est une option con\u00e7ue pour ceux qui souhaitent profiter du quotidien avec une touche diff\u00e9rente et sans complications.","robots":{"index":"index","follow":"follow","max-snippet":"max-snippet:-1","max-image-preview":"max-image-preview:large","max-video-preview":"max-video-preview:-1"},"canonical":"https:\/\/iberoo.com\/fr\/produit\/boisson-a-lavoine-vivesoy\/","og_locale":"fr_FR","og_type":"article","og_title":"Bebida de Avena ViveSoy - Iberoo","og_description":"La bebida de avena ViveSoy es una opci\u00f3n pensada para quienes buscan disfrutar de lo cotidiano con un toque diferente y sin complicaciones.","og_url":"https:\/\/iberoo.com\/fr\/produit\/boisson-a-lavoine-vivesoy\/","og_site_name":"Iberoo","article_modified_time":"2026-04-04T21:38:53+00:00","og_image":[{"width":1200,"height":1200,"url":"https:\/\/iberoo.com\/wp-content\/uploads\/2025\/12\/pascual-vive-soy-bebida-avena.jpg","type":"image\/jpeg"}],"twitter_card":"summary_large_image","twitter_misc":{"Prix":"3,75&nbsp;&euro;","Disponibilit\u00e9":"En stock"},"schema":{"@context":"https:\/\/schema.org","@graph":[{"@type":"WebPage","@id":"https:\/\/iberoo.com\/producto\/bebida-de-avena-vivesoy\/","url":"https:\/\/iberoo.com\/producto\/bebida-de-avena-vivesoy\/","name":"Boisson \u00e0 l'avoine ViveSoy - Iberoo","isPartOf":{"@id":"https:\/\/iberoo.com\/#website"},"primaryImageOfPage":{"@id":"https:\/\/iberoo.com\/producto\/bebida-de-avena-vivesoy\/#primaryimage"},"image":{"@id":"https:\/\/iberoo.com\/producto\/bebida-de-avena-vivesoy\/#primaryimage"},"thumbnailUrl":"https:\/\/iberoo.com\/wp-content\/uploads\/2025\/12\/pascual-vive-soy-bebida-avena.jpg","datePublished":"2025-12-19T22:42:31+00:00","dateModified":"2026-04-04T21:38:53+00:00","description":"La boisson \u00e0 l'avoine ViveSoy est une option con\u00e7ue pour ceux qui souhaitent profiter du quotidien avec une touche diff\u00e9rente et sans complications.","breadcrumb":{"@id":"https:\/\/iberoo.com\/producto\/bebida-de-avena-vivesoy\/#breadcrumb"},"inLanguage":"fr-FR","potentialAction":[{"@type":"ReadAction","target":["https:\/\/iberoo.com\/producto\/bebida-de-avena-vivesoy\/"]}]},{"@type":"ImageObject","inLanguage":"fr-FR","@id":"https:\/\/iberoo.com\/producto\/bebida-de-avena-vivesoy\/#primaryimage","url":"https:\/\/iberoo.com\/wp-content\/uploads\/2025\/12\/pascual-vive-soy-bebida-avena.jpg","contentUrl":"https:\/\/iberoo.com\/wp-content\/uploads\/2025\/12\/pascual-vive-soy-bebida-avena.jpg","width":1200,"height":1200,"caption":"Bebida de Avena Vive Soy"},{"@type":"BreadcrumbList","@id":"https:\/\/iberoo.com\/producto\/bebida-de-avena-vivesoy\/#breadcrumb","itemListElement":[{"@type":"ListItem","position":1,"name":"Portada","item":"https:\/\/iberoo.com\/"},{"@type":"ListItem","position":2,"name":"Tienda Online","item":"https:\/\/iberoo.com\/tienda\/"},{"@type":"ListItem","position":3,"name":"Bebida de Avena ViveSoy"}]},{"@type":"WebSite","@id":"https:\/\/iberoo.com\/#website","url":"https:\/\/iberoo.com\/","name":"Iberoo","description":"","publisher":{"@id":"https:\/\/iberoo.com\/#organization"},"potentialAction":[{"@type":"SearchAction","target":{"@type":"EntryPoint","urlTemplate":"https:\/\/iberoo.com\/?s={search_term_string}"},"query-input":{"@type":"PropertyValueSpecification","valueRequired":true,"valueName":"search_term_string"}}],"inLanguage":"fr-FR"},{"@type":"Organization","@id":"https:\/\/iberoo.com\/#organization","name":"Iberoo","url":"https:\/\/iberoo.com\/","logo":{"@type":"ImageObject","inLanguage":"fr-FR","@id":"https:\/\/iberoo.com\/#\/schema\/logo\/image\/","url":"https:\/\/iberoo.com\/wp-content\/uploads\/2025\/11\/logo-cuadrado.jpg","contentUrl":"https:\/\/iberoo.com\/wp-content\/uploads\/2025\/11\/logo-cuadrado.jpg","width":700,"height":700,"caption":"Iberoo"},"image":{"@id":"https:\/\/iberoo.com\/#\/schema\/logo\/image\/"}}]},"product_brand":"ViveSoy","product_price_amount":"3.75","product_price_currency":"EUR","og_availability":"instock","product_availability":"instock","product_condition":"new"},"_links":{"self":[{"href":"https:\/\/iberoo.com\/fr\/wp-json\/wp\/v2\/product\/1846","targetHints":{"allow":["GET"]}}],"collection":[{"href":"https:\/\/iberoo.com\/fr\/wp-json\/wp\/v2\/product"}],"about":[{"href":"https:\/\/iberoo.com\/fr\/wp-json\/wp\/v2\/types\/product"}],"replies":[{"embeddable":true,"href":"https:\/\/iberoo.com\/fr\/wp-json\/wp\/v2\/comments?post=1846"}],"wp:featuredmedia":[{"embeddable":true,"href":"https:\/\/iberoo.com\/fr\/wp-json\/wp\/v2\/media\/1847"}],"wp:attachment":[{"href":"https:\/\/iberoo.com\/fr\/wp-json\/wp\/v2\/media?parent=1846"}],"wp:term":[{"taxonomy":"product_brand","embeddable":true,"href":"https:\/\/iberoo.com\/fr\/wp-json\/wp\/v2\/product_brand?post=1846"},{"taxonomy":"product_cat","embeddable":true,"href":"https:\/\/iberoo.com\/fr\/wp-json\/wp\/v2\/product_cat?post=1846"},{"taxonomy":"product_tag","embeddable":true,"href":"https:\/\/iberoo.com\/fr\/wp-json\/wp\/v2\/product_tag?post=1846"}],"curies":[{"name":"wp","href":"https:\/\/api.w.org\/{rel}","templated":true}]}}