{"id":1849,"date":"2025-12-19T23:42:50","date_gmt":"2025-12-19T22:42:50","guid":{"rendered":"https:\/\/iberoo.com\/?post_type=product&#038;p=1849"},"modified":"2026-04-04T23:37:14","modified_gmt":"2026-04-04T21:37:14","slug":"boisson-au-soja-vivesoy","status":"publish","type":"product","link":"https:\/\/iberoo.com\/fr\/produit\/boisson-au-soja-vivesoy\/","title":{"rendered":"Boisson au soja ViveSoy"},"content":{"rendered":"<p>La boisson au soja ViveSoy est con\u00e7ue pour ceux qui recherchent une alternative v\u00e9g\u00e9tale pratique, au go\u00fbt familier et facile \u00e0 int\u00e9grer \u00e0 leur quotidien. Elle repose sur l'expertise de Pascual, gage de soin, de constance et d'attention aux d\u00e9tails.<\/p>\n<p>Son go\u00fbt est doux, avec la saveur caract\u00e9ristique du soja, sans \u00eatre lourd, ce qui le rend agr\u00e9able \u00e0 d\u00e9guster nature ou m\u00e9lang\u00e9 \u00e0 d'autres boissons. Nombreux sont ceux qui le choisissent pour le caf\u00e9 ou les c\u00e9r\u00e9ales, tandis que d'autres l'utilisent en cuisine comme substitut du lait dans des recettes sucr\u00e9es et sal\u00e9es. De la b\u00e9chamel v\u00e9gane au g\u00e2teau maison, le lait de soja ViveSoy donne d'excellents r\u00e9sultats et conserve la texture attendue.<\/p>\n<p>Le carton d'un litre est pratique, facile \u00e0 ranger et id\u00e9al pour un usage quotidien. Il est con\u00e7u pour les familles, les personnes vivant seules ou toute personne souhaitant simplement avoir une option v\u00e9g\u00e9tale \u00e0 port\u00e9e de main. Nul besoin de changements radicaux ni de recettes compliqu\u00e9es\u00a0: il s'adapte \u00e0 vos habitudes.<\/p>\n<p>Choisir cette boisson au soja, c'est opter pour une alternative v\u00e9g\u00e9tale polyvalente, authentique et sans pr\u00e9tention. C'est un produit simple, con\u00e7u pour le quotidien, qui s'adapte \u00e0 diff\u00e9rents r\u00e9gimes alimentaires et compl\u00e8te votre alimentation en toute discr\u00e9tion. ViveSoy offre une solution pratique pour celles et ceux qui recherchent l'\u00e9quilibre entre saveur, fonctionnalit\u00e9 et fiabilit\u00e9.<\/p>","protected":false},"excerpt":{"rendered":"<p>La boisson au soja ViveSoy est con\u00e7ue pour accompagner ces petits gestes du quotidien qui font partie de notre routine, du premier caf\u00e9 du matin \u00e0 un simple d\u00eener en semaine. Contenant de 1 L.<\/p>","protected":false},"featured_media":1848,"comment_status":"closed","ping_status":"closed","template":"","meta":[],"product_brand":[147],"product_cat":[148],"product_tag":[],"class_list":{"0":"post-1849","1":"product","2":"type-product","3":"status-publish","4":"has-post-thumbnail","6":"product_brand-vivesoy","7":"product_cat-bebidas-y-lacteos","9":"first","10":"instock","11":"shipping-taxable","12":"purchasable","13":"product-type-simple"},"yoast_head":"<!-- This site is optimized with the Yoast SEO plugin v27.3 - https:\/\/yoast.com\/product\/yoast-seo-wordpress\/ -->\n<title>Bebida de Soja ViveSoy - Iberoo<\/title>\n<meta name=\"description\" content=\"La bebida de soja ViveSoy nace para acompa\u00f1ar esos peque\u00f1os gestos diarios que forman parte de nuestra rutina, como por ejemplo el desayuno.\" \/>\n<meta name=\"robots\" content=\"index, follow, max-snippet:-1, max-image-preview:large, max-video-preview:-1\" \/>\n<link rel=\"canonical\" href=\"https:\/\/iberoo.com\/fr\/produit\/boisson-au-soja-vivesoy\/\" \/>\n<meta property=\"og:locale\" content=\"fr_FR\" \/>\n<meta property=\"og:type\" content=\"article\" \/>\n<meta property=\"og:title\" content=\"Bebida de Soja ViveSoy - Iberoo\" \/>\n<meta property=\"og:description\" content=\"La bebida de soja ViveSoy nace para acompa\u00f1ar esos peque\u00f1os gestos diarios que forman parte de nuestra rutina, como por ejemplo el desayuno.\" \/>\n<meta property=\"og:url\" content=\"https:\/\/iberoo.com\/fr\/produit\/boisson-au-soja-vivesoy\/\" \/>\n<meta property=\"og:site_name\" content=\"Iberoo\" \/>\n<meta property=\"article:modified_time\" content=\"2026-04-04T21:37:14+00:00\" \/>\n<meta property=\"og:image\" content=\"https:\/\/iberoo.com\/wp-content\/uploads\/2025\/12\/pascual-vive-soy-bebida-soja.jpg\" \/>\n\t<meta property=\"og:image:width\" content=\"1200\" \/>\n\t<meta property=\"og:image:height\" content=\"1200\" \/>\n\t<meta property=\"og:image:type\" content=\"image\/jpeg\" \/>\n<meta name=\"twitter:card\" content=\"summary_large_image\" \/>\n<meta name=\"twitter:label1\" content=\"Prix\" \/>\n\t<meta name=\"twitter:data1\" content=\"3,75&nbsp;&euro;\" \/>\n\t<meta name=\"twitter:label2\" content=\"Disponibilit\u00e9\" \/>\n\t<meta name=\"twitter:data2\" content=\"En stock\" \/>\n<script type=\"application\/ld+json\" class=\"yoast-schema-graph\">{\"@context\":\"https:\\\/\\\/schema.org\",\"@graph\":[{\"@type\":\"WebPage\",\"@id\":\"https:\\\/\\\/iberoo.com\\\/producto\\\/bebida-de-soja-vivesoy\\\/\",\"url\":\"https:\\\/\\\/iberoo.com\\\/producto\\\/bebida-de-soja-vivesoy\\\/\",\"name\":\"Bebida de Soja ViveSoy - Iberoo\",\"isPartOf\":{\"@id\":\"https:\\\/\\\/iberoo.com\\\/#website\"},\"primaryImageOfPage\":{\"@id\":\"https:\\\/\\\/iberoo.com\\\/producto\\\/bebida-de-soja-vivesoy\\\/#primaryimage\"},\"image\":{\"@id\":\"https:\\\/\\\/iberoo.com\\\/producto\\\/bebida-de-soja-vivesoy\\\/#primaryimage\"},\"thumbnailUrl\":\"https:\\\/\\\/iberoo.com\\\/wp-content\\\/uploads\\\/2025\\\/12\\\/pascual-vive-soy-bebida-soja.jpg\",\"datePublished\":\"2025-12-19T22:42:50+00:00\",\"dateModified\":\"2026-04-04T21:37:14+00:00\",\"description\":\"La bebida de soja ViveSoy nace para acompa\u00f1ar esos peque\u00f1os gestos diarios que forman parte de nuestra rutina, como por ejemplo el desayuno.\",\"breadcrumb\":{\"@id\":\"https:\\\/\\\/iberoo.com\\\/producto\\\/bebida-de-soja-vivesoy\\\/#breadcrumb\"},\"inLanguage\":\"fr-FR\",\"potentialAction\":[{\"@type\":\"ReadAction\",\"target\":[\"https:\\\/\\\/iberoo.com\\\/producto\\\/bebida-de-soja-vivesoy\\\/\"]}]},{\"@type\":\"ImageObject\",\"inLanguage\":\"fr-FR\",\"@id\":\"https:\\\/\\\/iberoo.com\\\/producto\\\/bebida-de-soja-vivesoy\\\/#primaryimage\",\"url\":\"https:\\\/\\\/iberoo.com\\\/wp-content\\\/uploads\\\/2025\\\/12\\\/pascual-vive-soy-bebida-soja.jpg\",\"contentUrl\":\"https:\\\/\\\/iberoo.com\\\/wp-content\\\/uploads\\\/2025\\\/12\\\/pascual-vive-soy-bebida-soja.jpg\",\"width\":1200,\"height\":1200,\"caption\":\"Bebida de Soja ViveSoy\"},{\"@type\":\"BreadcrumbList\",\"@id\":\"https:\\\/\\\/iberoo.com\\\/producto\\\/bebida-de-soja-vivesoy\\\/#breadcrumb\",\"itemListElement\":[{\"@type\":\"ListItem\",\"position\":1,\"name\":\"Portada\",\"item\":\"https:\\\/\\\/iberoo.com\\\/\"},{\"@type\":\"ListItem\",\"position\":2,\"name\":\"Tienda Online\",\"item\":\"https:\\\/\\\/iberoo.com\\\/tienda\\\/\"},{\"@type\":\"ListItem\",\"position\":3,\"name\":\"Bebida de Soja ViveSoy\"}]},{\"@type\":\"WebSite\",\"@id\":\"https:\\\/\\\/iberoo.com\\\/#website\",\"url\":\"https:\\\/\\\/iberoo.com\\\/\",\"name\":\"Iberoo\",\"description\":\"\",\"publisher\":{\"@id\":\"https:\\\/\\\/iberoo.com\\\/#organization\"},\"potentialAction\":[{\"@type\":\"SearchAction\",\"target\":{\"@type\":\"EntryPoint\",\"urlTemplate\":\"https:\\\/\\\/iberoo.com\\\/?s={search_term_string}\"},\"query-input\":{\"@type\":\"PropertyValueSpecification\",\"valueRequired\":true,\"valueName\":\"search_term_string\"}}],\"inLanguage\":\"fr-FR\"},{\"@type\":\"Organization\",\"@id\":\"https:\\\/\\\/iberoo.com\\\/#organization\",\"name\":\"Iberoo\",\"url\":\"https:\\\/\\\/iberoo.com\\\/\",\"logo\":{\"@type\":\"ImageObject\",\"inLanguage\":\"fr-FR\",\"@id\":\"https:\\\/\\\/iberoo.com\\\/#\\\/schema\\\/logo\\\/image\\\/\",\"url\":\"https:\\\/\\\/iberoo.com\\\/wp-content\\\/uploads\\\/2025\\\/11\\\/logo-cuadrado.jpg\",\"contentUrl\":\"https:\\\/\\\/iberoo.com\\\/wp-content\\\/uploads\\\/2025\\\/11\\\/logo-cuadrado.jpg\",\"width\":700,\"height\":700,\"caption\":\"Iberoo\"},\"image\":{\"@id\":\"https:\\\/\\\/iberoo.com\\\/#\\\/schema\\\/logo\\\/image\\\/\"}}]}<\/script>\n<meta property=\"product:brand\" content=\"ViveSoy\" \/>\n<meta property=\"product:price:amount\" content=\"3.75\" \/>\n<meta property=\"product:price:currency\" content=\"EUR\" \/>\n<meta property=\"og:availability\" content=\"instock\" \/>\n<meta property=\"product:availability\" content=\"instock\" \/>\n<meta property=\"product:condition\" content=\"new\" \/>\n<!-- \/ Yoast SEO plugin. -->","yoast_head_json":{"title":"Boisson au soja ViveSoy - Iberoo","description":"La boisson au soja ViveSoy a \u00e9t\u00e9 cr\u00e9\u00e9e pour accompagner ces petits gestes quotidiens qui font partie de notre routine, comme le petit-d\u00e9jeuner.","robots":{"index":"index","follow":"follow","max-snippet":"max-snippet:-1","max-image-preview":"max-image-preview:large","max-video-preview":"max-video-preview:-1"},"canonical":"https:\/\/iberoo.com\/fr\/produit\/boisson-au-soja-vivesoy\/","og_locale":"fr_FR","og_type":"article","og_title":"Bebida de Soja ViveSoy - Iberoo","og_description":"La bebida de soja ViveSoy nace para acompa\u00f1ar esos peque\u00f1os gestos diarios que forman parte de nuestra rutina, como por ejemplo el desayuno.","og_url":"https:\/\/iberoo.com\/fr\/produit\/boisson-au-soja-vivesoy\/","og_site_name":"Iberoo","article_modified_time":"2026-04-04T21:37:14+00:00","og_image":[{"width":1200,"height":1200,"url":"https:\/\/iberoo.com\/wp-content\/uploads\/2025\/12\/pascual-vive-soy-bebida-soja.jpg","type":"image\/jpeg"}],"twitter_card":"summary_large_image","twitter_misc":{"Prix":"3,75&nbsp;&euro;","Disponibilit\u00e9":"En stock"},"schema":{"@context":"https:\/\/schema.org","@graph":[{"@type":"WebPage","@id":"https:\/\/iberoo.com\/producto\/bebida-de-soja-vivesoy\/","url":"https:\/\/iberoo.com\/producto\/bebida-de-soja-vivesoy\/","name":"Boisson au soja ViveSoy - Iberoo","isPartOf":{"@id":"https:\/\/iberoo.com\/#website"},"primaryImageOfPage":{"@id":"https:\/\/iberoo.com\/producto\/bebida-de-soja-vivesoy\/#primaryimage"},"image":{"@id":"https:\/\/iberoo.com\/producto\/bebida-de-soja-vivesoy\/#primaryimage"},"thumbnailUrl":"https:\/\/iberoo.com\/wp-content\/uploads\/2025\/12\/pascual-vive-soy-bebida-soja.jpg","datePublished":"2025-12-19T22:42:50+00:00","dateModified":"2026-04-04T21:37:14+00:00","description":"La boisson au soja ViveSoy a \u00e9t\u00e9 cr\u00e9\u00e9e pour accompagner ces petits gestes quotidiens qui font partie de notre routine, comme le petit-d\u00e9jeuner.","breadcrumb":{"@id":"https:\/\/iberoo.com\/producto\/bebida-de-soja-vivesoy\/#breadcrumb"},"inLanguage":"fr-FR","potentialAction":[{"@type":"ReadAction","target":["https:\/\/iberoo.com\/producto\/bebida-de-soja-vivesoy\/"]}]},{"@type":"ImageObject","inLanguage":"fr-FR","@id":"https:\/\/iberoo.com\/producto\/bebida-de-soja-vivesoy\/#primaryimage","url":"https:\/\/iberoo.com\/wp-content\/uploads\/2025\/12\/pascual-vive-soy-bebida-soja.jpg","contentUrl":"https:\/\/iberoo.com\/wp-content\/uploads\/2025\/12\/pascual-vive-soy-bebida-soja.jpg","width":1200,"height":1200,"caption":"Bebida de Soja ViveSoy"},{"@type":"BreadcrumbList","@id":"https:\/\/iberoo.com\/producto\/bebida-de-soja-vivesoy\/#breadcrumb","itemListElement":[{"@type":"ListItem","position":1,"name":"Portada","item":"https:\/\/iberoo.com\/"},{"@type":"ListItem","position":2,"name":"Tienda Online","item":"https:\/\/iberoo.com\/tienda\/"},{"@type":"ListItem","position":3,"name":"Bebida de Soja ViveSoy"}]},{"@type":"WebSite","@id":"https:\/\/iberoo.com\/#website","url":"https:\/\/iberoo.com\/","name":"Iberoo","description":"","publisher":{"@id":"https:\/\/iberoo.com\/#organization"},"potentialAction":[{"@type":"SearchAction","target":{"@type":"EntryPoint","urlTemplate":"https:\/\/iberoo.com\/?s={search_term_string}"},"query-input":{"@type":"PropertyValueSpecification","valueRequired":true,"valueName":"search_term_string"}}],"inLanguage":"fr-FR"},{"@type":"Organization","@id":"https:\/\/iberoo.com\/#organization","name":"Iberoo","url":"https:\/\/iberoo.com\/","logo":{"@type":"ImageObject","inLanguage":"fr-FR","@id":"https:\/\/iberoo.com\/#\/schema\/logo\/image\/","url":"https:\/\/iberoo.com\/wp-content\/uploads\/2025\/11\/logo-cuadrado.jpg","contentUrl":"https:\/\/iberoo.com\/wp-content\/uploads\/2025\/11\/logo-cuadrado.jpg","width":700,"height":700,"caption":"Iberoo"},"image":{"@id":"https:\/\/iberoo.com\/#\/schema\/logo\/image\/"}}]},"product_brand":"ViveSoy","product_price_amount":"3.75","product_price_currency":"EUR","og_availability":"instock","product_availability":"instock","product_condition":"new"},"_links":{"self":[{"href":"https:\/\/iberoo.com\/fr\/wp-json\/wp\/v2\/product\/1849","targetHints":{"allow":["GET"]}}],"collection":[{"href":"https:\/\/iberoo.com\/fr\/wp-json\/wp\/v2\/product"}],"about":[{"href":"https:\/\/iberoo.com\/fr\/wp-json\/wp\/v2\/types\/product"}],"replies":[{"embeddable":true,"href":"https:\/\/iberoo.com\/fr\/wp-json\/wp\/v2\/comments?post=1849"}],"wp:featuredmedia":[{"embeddable":true,"href":"https:\/\/iberoo.com\/fr\/wp-json\/wp\/v2\/media\/1848"}],"wp:attachment":[{"href":"https:\/\/iberoo.com\/fr\/wp-json\/wp\/v2\/media?parent=1849"}],"wp:term":[{"taxonomy":"product_brand","embeddable":true,"href":"https:\/\/iberoo.com\/fr\/wp-json\/wp\/v2\/product_brand?post=1849"},{"taxonomy":"product_cat","embeddable":true,"href":"https:\/\/iberoo.com\/fr\/wp-json\/wp\/v2\/product_cat?post=1849"},{"taxonomy":"product_tag","embeddable":true,"href":"https:\/\/iberoo.com\/fr\/wp-json\/wp\/v2\/product_tag?post=1849"}],"curies":[{"name":"wp","href":"https:\/\/api.w.org\/{rel}","templated":true}]}}