{"id":1850,"date":"2025-12-20T00:16:58","date_gmt":"2025-12-19T23:16:58","guid":{"rendered":"https:\/\/iberoo.com\/?post_type=product&#038;p=1850"},"modified":"2026-04-04T23:37:03","modified_gmt":"2026-04-04T21:37:03","slug":"milkshake-au-chocolat-cacaolat","status":"publish","type":"product","link":"https:\/\/iberoo.com\/fr\/produit\/milkshake-au-chocolat-cacaolat\/","title":{"rendered":"Milkshake au chocolat Cacaolat"},"content":{"rendered":"<p>Le milk-shake au chocolat Cacaolat fait partie depuis des d\u00e9cennies des petits-d\u00e9jeuners, go\u00fbters et petites pauses, conservant cette essence qui en a fait un grand classique. Ce n'est pas seulement une boisson au cacao, c'est une exp\u00e9rience li\u00e9e \u00e0 des souvenirs, \u00e0 des moments simples et au plaisir de savourer quelque chose qui ne se d\u00e9mode jamais.<\/p>\n<p>Le Cacaolat Original en bouteille d'un litre est parfait pour partager \u00e0 la maison ou pour avoir toujours \u00e0 disposition dans le r\u00e9frig\u00e9rateur. Son go\u00fbt intense et \u00e9quilibr\u00e9 associe le cacao \u00e0 une texture cr\u00e9meuse qui se boit facilement, qu'il soit bien frais ou \u00e0 temp\u00e9rature ambiante. Pour ceux qui recherchent une option diff\u00e9rente, le Cacaolat sans sucre offre le m\u00eame caract\u00e8re que d'habitude, mais sans sucres ajout\u00e9s, en conservant la personnalit\u00e9 du produit et en s'adaptant \u00e0 diff\u00e9rentes pr\u00e9f\u00e9rences.<\/p>\n<p>Le format pack de 4 bouteilles de 200 ml de Cacaolat Original est con\u00e7u pour faciliter le quotidien. Il est id\u00e9al \u00e0 emporter dans son sac \u00e0 dos, \u00e0 d\u00e9guster \u00e0 l'ext\u00e9rieur ou pour mieux contr\u00f4ler les quantit\u00e9s sans renoncer au go\u00fbt habituel. Chaque bouteille conserve la qualit\u00e9 et le go\u00fbt incomparable qui ont fait de Cacaolat une marque de r\u00e9f\u00e9rence.<\/p>\n<p>Que ce soit en grand format ou en portion individuelle, ce milk-shake au chocolat est une option polyvalente qui convient \u00e0 diff\u00e9rents moments de la journ\u00e9e. Cacaolat continue de miser sur une boisson accessible, reconnaissable et fid\u00e8le \u00e0 son essence, con\u00e7ue pour ceux qui appr\u00e9cient le cacao naturel et sans complications.<\/p>","protected":false},"excerpt":{"rendered":"<p>Parler de Cacaolat, c'est \u00e9voquer une saveur que beaucoup reconnaissent d\u00e8s la premi\u00e8re gorg\u00e9e. Disponible en version Originale ou sans sucre en bouteilles de 1 L et en pack de quatre bouteilles de 200 ml (Cacaolat Original).<\/p>","protected":false},"featured_media":1851,"comment_status":"closed","ping_status":"closed","template":"","meta":[],"product_brand":[149],"product_cat":[148],"product_tag":[],"class_list":{"0":"post-1850","1":"product","2":"type-product","3":"status-publish","4":"has-post-thumbnail","6":"product_brand-cacaolat","7":"product_cat-bebidas-y-lacteos","9":"first","10":"instock","11":"shipping-taxable","12":"purchasable","13":"product-type-variable"},"yoast_head":"<!-- This site is optimized with the Yoast SEO plugin v27.3 - https:\/\/yoast.com\/product\/yoast-seo-wordpress\/ -->\n<title>Batido de Chocolate Cacaolat - Iberoo<\/title>\n<meta name=\"description\" content=\"El batido de chocolate Cacaolat lleva d\u00e9cadas formando parte de desayunos y meriendas, manteniendo esa esencia que lo ha convertido en todo un cl\u00e1sico.\" \/>\n<meta name=\"robots\" content=\"index, follow, max-snippet:-1, max-image-preview:large, max-video-preview:-1\" \/>\n<link rel=\"canonical\" href=\"https:\/\/iberoo.com\/fr\/produit\/milkshake-au-chocolat-cacaolat\/\" \/>\n<meta property=\"og:locale\" content=\"fr_FR\" \/>\n<meta property=\"og:type\" content=\"article\" \/>\n<meta property=\"og:title\" content=\"Batido de Chocolate Cacaolat - Iberoo\" \/>\n<meta property=\"og:description\" content=\"El batido de chocolate Cacaolat lleva d\u00e9cadas formando parte de desayunos y meriendas, manteniendo esa esencia que lo ha convertido en todo un cl\u00e1sico.\" \/>\n<meta property=\"og:url\" content=\"https:\/\/iberoo.com\/fr\/produit\/milkshake-au-chocolat-cacaolat\/\" \/>\n<meta property=\"og:site_name\" content=\"Iberoo\" \/>\n<meta property=\"article:modified_time\" content=\"2026-04-04T21:37:03+00:00\" \/>\n<meta property=\"og:image\" content=\"https:\/\/iberoo.com\/wp-content\/uploads\/2025\/12\/cacaolat.jpg\" \/>\n\t<meta property=\"og:image:width\" content=\"800\" \/>\n\t<meta property=\"og:image:height\" content=\"800\" \/>\n\t<meta property=\"og:image:type\" content=\"image\/jpeg\" \/>\n<meta name=\"twitter:card\" content=\"summary_large_image\" \/>\n<meta name=\"twitter:label1\" content=\"Disponibilit\u00e9\" \/>\n\t<meta name=\"twitter:data1\" content=\"En stock\" \/>\n<script type=\"application\/ld+json\" class=\"yoast-schema-graph\">{\"@context\":\"https:\\\/\\\/schema.org\",\"@graph\":[{\"@type\":\"WebPage\",\"@id\":\"https:\\\/\\\/iberoo.com\\\/producto\\\/batido-de-chocolate-cacaolat\\\/\",\"url\":\"https:\\\/\\\/iberoo.com\\\/producto\\\/batido-de-chocolate-cacaolat\\\/\",\"name\":\"Batido de Chocolate Cacaolat - Iberoo\",\"isPartOf\":{\"@id\":\"https:\\\/\\\/iberoo.com\\\/#website\"},\"primaryImageOfPage\":{\"@id\":\"https:\\\/\\\/iberoo.com\\\/producto\\\/batido-de-chocolate-cacaolat\\\/#primaryimage\"},\"image\":{\"@id\":\"https:\\\/\\\/iberoo.com\\\/producto\\\/batido-de-chocolate-cacaolat\\\/#primaryimage\"},\"thumbnailUrl\":\"https:\\\/\\\/iberoo.com\\\/wp-content\\\/uploads\\\/2025\\\/12\\\/cacaolat.jpg\",\"datePublished\":\"2025-12-19T23:16:58+00:00\",\"dateModified\":\"2026-04-04T21:37:03+00:00\",\"description\":\"El batido de chocolate Cacaolat lleva d\u00e9cadas formando parte de desayunos y meriendas, manteniendo esa esencia que lo ha convertido en todo un cl\u00e1sico.\",\"breadcrumb\":{\"@id\":\"https:\\\/\\\/iberoo.com\\\/producto\\\/batido-de-chocolate-cacaolat\\\/#breadcrumb\"},\"inLanguage\":\"fr-FR\",\"potentialAction\":[{\"@type\":\"ReadAction\",\"target\":[\"https:\\\/\\\/iberoo.com\\\/producto\\\/batido-de-chocolate-cacaolat\\\/\"]}]},{\"@type\":\"ImageObject\",\"inLanguage\":\"fr-FR\",\"@id\":\"https:\\\/\\\/iberoo.com\\\/producto\\\/batido-de-chocolate-cacaolat\\\/#primaryimage\",\"url\":\"https:\\\/\\\/iberoo.com\\\/wp-content\\\/uploads\\\/2025\\\/12\\\/cacaolat.jpg\",\"contentUrl\":\"https:\\\/\\\/iberoo.com\\\/wp-content\\\/uploads\\\/2025\\\/12\\\/cacaolat.jpg\",\"width\":800,\"height\":800,\"caption\":\"Cacaolat\"},{\"@type\":\"BreadcrumbList\",\"@id\":\"https:\\\/\\\/iberoo.com\\\/producto\\\/batido-de-chocolate-cacaolat\\\/#breadcrumb\",\"itemListElement\":[{\"@type\":\"ListItem\",\"position\":1,\"name\":\"Portada\",\"item\":\"https:\\\/\\\/iberoo.com\\\/\"},{\"@type\":\"ListItem\",\"position\":2,\"name\":\"Tienda Online\",\"item\":\"https:\\\/\\\/iberoo.com\\\/tienda\\\/\"},{\"@type\":\"ListItem\",\"position\":3,\"name\":\"Batido de Chocolate Cacaolat\"}]},{\"@type\":\"WebSite\",\"@id\":\"https:\\\/\\\/iberoo.com\\\/#website\",\"url\":\"https:\\\/\\\/iberoo.com\\\/\",\"name\":\"Iberoo\",\"description\":\"\",\"publisher\":{\"@id\":\"https:\\\/\\\/iberoo.com\\\/#organization\"},\"potentialAction\":[{\"@type\":\"SearchAction\",\"target\":{\"@type\":\"EntryPoint\",\"urlTemplate\":\"https:\\\/\\\/iberoo.com\\\/?s={search_term_string}\"},\"query-input\":{\"@type\":\"PropertyValueSpecification\",\"valueRequired\":true,\"valueName\":\"search_term_string\"}}],\"inLanguage\":\"fr-FR\"},{\"@type\":\"Organization\",\"@id\":\"https:\\\/\\\/iberoo.com\\\/#organization\",\"name\":\"Iberoo\",\"url\":\"https:\\\/\\\/iberoo.com\\\/\",\"logo\":{\"@type\":\"ImageObject\",\"inLanguage\":\"fr-FR\",\"@id\":\"https:\\\/\\\/iberoo.com\\\/#\\\/schema\\\/logo\\\/image\\\/\",\"url\":\"https:\\\/\\\/iberoo.com\\\/wp-content\\\/uploads\\\/2025\\\/11\\\/logo-cuadrado.jpg\",\"contentUrl\":\"https:\\\/\\\/iberoo.com\\\/wp-content\\\/uploads\\\/2025\\\/11\\\/logo-cuadrado.jpg\",\"width\":700,\"height\":700,\"caption\":\"Iberoo\"},\"image\":{\"@id\":\"https:\\\/\\\/iberoo.com\\\/#\\\/schema\\\/logo\\\/image\\\/\"}}]}<\/script>\n<meta property=\"product:brand\" content=\"Cacaolat\" \/>\n<meta property=\"og:availability\" content=\"instock\" \/>\n<meta property=\"product:availability\" content=\"instock\" \/>\n<meta property=\"product:condition\" content=\"new\" \/>\n<!-- \/ Yoast SEO plugin. -->","yoast_head_json":{"title":"Milkshake au chocolat Cacaolat - Iberoo","description":"Le milkshake au chocolat Cacaolat fait partie des petits-d\u00e9jeuners et des go\u00fbters depuis des d\u00e9cennies, conservant cette essence qui en a fait un v\u00e9ritable classique.","robots":{"index":"index","follow":"follow","max-snippet":"max-snippet:-1","max-image-preview":"max-image-preview:large","max-video-preview":"max-video-preview:-1"},"canonical":"https:\/\/iberoo.com\/fr\/produit\/milkshake-au-chocolat-cacaolat\/","og_locale":"fr_FR","og_type":"article","og_title":"Batido de Chocolate Cacaolat - Iberoo","og_description":"El batido de chocolate Cacaolat lleva d\u00e9cadas formando parte de desayunos y meriendas, manteniendo esa esencia que lo ha convertido en todo un cl\u00e1sico.","og_url":"https:\/\/iberoo.com\/fr\/produit\/milkshake-au-chocolat-cacaolat\/","og_site_name":"Iberoo","article_modified_time":"2026-04-04T21:37:03+00:00","og_image":[{"width":800,"height":800,"url":"https:\/\/iberoo.com\/wp-content\/uploads\/2025\/12\/cacaolat.jpg","type":"image\/jpeg"}],"twitter_card":"summary_large_image","twitter_misc":{"Disponibilit\u00e9":"En stock"},"schema":{"@context":"https:\/\/schema.org","@graph":[{"@type":"WebPage","@id":"https:\/\/iberoo.com\/producto\/batido-de-chocolate-cacaolat\/","url":"https:\/\/iberoo.com\/producto\/batido-de-chocolate-cacaolat\/","name":"Milkshake au chocolat Cacaolat - Iberoo","isPartOf":{"@id":"https:\/\/iberoo.com\/#website"},"primaryImageOfPage":{"@id":"https:\/\/iberoo.com\/producto\/batido-de-chocolate-cacaolat\/#primaryimage"},"image":{"@id":"https:\/\/iberoo.com\/producto\/batido-de-chocolate-cacaolat\/#primaryimage"},"thumbnailUrl":"https:\/\/iberoo.com\/wp-content\/uploads\/2025\/12\/cacaolat.jpg","datePublished":"2025-12-19T23:16:58+00:00","dateModified":"2026-04-04T21:37:03+00:00","description":"Le milkshake au chocolat Cacaolat fait partie des petits-d\u00e9jeuners et des go\u00fbters depuis des d\u00e9cennies, conservant cette essence qui en a fait un v\u00e9ritable classique.","breadcrumb":{"@id":"https:\/\/iberoo.com\/producto\/batido-de-chocolate-cacaolat\/#breadcrumb"},"inLanguage":"fr-FR","potentialAction":[{"@type":"ReadAction","target":["https:\/\/iberoo.com\/producto\/batido-de-chocolate-cacaolat\/"]}]},{"@type":"ImageObject","inLanguage":"fr-FR","@id":"https:\/\/iberoo.com\/producto\/batido-de-chocolate-cacaolat\/#primaryimage","url":"https:\/\/iberoo.com\/wp-content\/uploads\/2025\/12\/cacaolat.jpg","contentUrl":"https:\/\/iberoo.com\/wp-content\/uploads\/2025\/12\/cacaolat.jpg","width":800,"height":800,"caption":"Cacaolat"},{"@type":"BreadcrumbList","@id":"https:\/\/iberoo.com\/producto\/batido-de-chocolate-cacaolat\/#breadcrumb","itemListElement":[{"@type":"ListItem","position":1,"name":"Portada","item":"https:\/\/iberoo.com\/"},{"@type":"ListItem","position":2,"name":"Tienda Online","item":"https:\/\/iberoo.com\/tienda\/"},{"@type":"ListItem","position":3,"name":"Batido de Chocolate Cacaolat"}]},{"@type":"WebSite","@id":"https:\/\/iberoo.com\/#website","url":"https:\/\/iberoo.com\/","name":"Iberoo","description":"","publisher":{"@id":"https:\/\/iberoo.com\/#organization"},"potentialAction":[{"@type":"SearchAction","target":{"@type":"EntryPoint","urlTemplate":"https:\/\/iberoo.com\/?s={search_term_string}"},"query-input":{"@type":"PropertyValueSpecification","valueRequired":true,"valueName":"search_term_string"}}],"inLanguage":"fr-FR"},{"@type":"Organization","@id":"https:\/\/iberoo.com\/#organization","name":"Iberoo","url":"https:\/\/iberoo.com\/","logo":{"@type":"ImageObject","inLanguage":"fr-FR","@id":"https:\/\/iberoo.com\/#\/schema\/logo\/image\/","url":"https:\/\/iberoo.com\/wp-content\/uploads\/2025\/11\/logo-cuadrado.jpg","contentUrl":"https:\/\/iberoo.com\/wp-content\/uploads\/2025\/11\/logo-cuadrado.jpg","width":700,"height":700,"caption":"Iberoo"},"image":{"@id":"https:\/\/iberoo.com\/#\/schema\/logo\/image\/"}}]},"product_brand":"Cacaolat","og_availability":"instock","product_availability":"instock","product_condition":"new"},"_links":{"self":[{"href":"https:\/\/iberoo.com\/fr\/wp-json\/wp\/v2\/product\/1850","targetHints":{"allow":["GET"]}}],"collection":[{"href":"https:\/\/iberoo.com\/fr\/wp-json\/wp\/v2\/product"}],"about":[{"href":"https:\/\/iberoo.com\/fr\/wp-json\/wp\/v2\/types\/product"}],"replies":[{"embeddable":true,"href":"https:\/\/iberoo.com\/fr\/wp-json\/wp\/v2\/comments?post=1850"}],"wp:featuredmedia":[{"embeddable":true,"href":"https:\/\/iberoo.com\/fr\/wp-json\/wp\/v2\/media\/1851"}],"wp:attachment":[{"href":"https:\/\/iberoo.com\/fr\/wp-json\/wp\/v2\/media?parent=1850"}],"wp:term":[{"taxonomy":"product_brand","embeddable":true,"href":"https:\/\/iberoo.com\/fr\/wp-json\/wp\/v2\/product_brand?post=1850"},{"taxonomy":"product_cat","embeddable":true,"href":"https:\/\/iberoo.com\/fr\/wp-json\/wp\/v2\/product_cat?post=1850"},{"taxonomy":"product_tag","embeddable":true,"href":"https:\/\/iberoo.com\/fr\/wp-json\/wp\/v2\/product_tag?post=1850"}],"curies":[{"name":"wp","href":"https:\/\/api.w.org\/{rel}","templated":true}]}}