{"id":1881,"date":"2025-12-21T07:53:39","date_gmt":"2025-12-21T06:53:39","guid":{"rendered":"https:\/\/iberoo.com\/?post_type=product&#038;p=1881"},"modified":"2026-04-05T03:31:19","modified_gmt":"2026-04-05T01:31:19","slug":"pechuga-de-pavo-bonnatur","status":"publish","type":"product","link":"https:\/\/iberoo.com\/fr\/produit\/pechuga-de-pavo-bonnatur\/","title":{"rendered":"Poitrine de dinde Bonnatur"},"content":{"rendered":"<p>Pr\u00e9par\u00e9e avec soin et coup\u00e9e en tranches pr\u00eates \u00e0 consommer, la poitrine de dinde Bonnatur offre une saveur douce et naturelle qui s'int\u00e8gre facilement \u00e0 tous types de repas. C'est un produit discret, mais tr\u00e8s fonctionnel, qui s'adapte sans effort \u00e0 diff\u00e9rents modes de vie et habitudes alimentaires. Le soutien d'Argal garantit un processus de fabrication minutieux et constant, ax\u00e9 sur la qualit\u00e9 et la confiance.<\/p>\n<p>Sa texture tendre et son profil d\u00e9licat en font une alternative polyvalente pour plusieurs moments de la journ\u00e9e. Elle convient aussi bien pour un petit-d\u00e9jeuner rapide, un sandwich \u00e0 emporter ou en accompagnement d'un repas l\u00e9ger. Elle est \u00e9galement couramment utilis\u00e9e dans les plats froids, les planches simples ou les recettes improvis\u00e9es o\u00f9 l'on recherche un ingr\u00e9dient qui s'int\u00e8gre sans dominer l'ensemble. C'est une poitrine de dinde con\u00e7ue pour se marier, pas pour s'imposer.<\/p>\n<p>Le format en sachets de 100 grammes est con\u00e7u pour faciliter une consommation responsable et \u00e9viter le gaspillage. Il permet d'ouvrir uniquement la quantit\u00e9 n\u00e9cessaire, de mieux conserver le produit et d'organiser plus facilement les achats hebdomadaires. Il est pratique aussi bien pour les petits foyers que pour ceux qui pr\u00e9f\u00e8rent les options pr\u00eates \u00e0 l'emploi.<\/p>\n<p>Bonnatur mise sur des produits clairs, sans exc\u00e8s, destin\u00e9s \u00e0 une consommation quotidienne et r\u00e9aliste. Cette poitrine de dinde en tranches incarne cette philosophie : un produit de base fiable, facile \u00e0 d\u00e9guster et con\u00e7u pour accompagner le quotidien de mani\u00e8re naturelle et sans complications.<\/p>","protected":false},"excerpt":{"rendered":"<p>La poitrine de dinde Bonnatur en paquets de 100 g en tranches est une option con\u00e7ue pour ceux qui appr\u00e9cient la simplicit\u00e9, l'\u00e9quilibre et la commodit\u00e9 dans leur alimentation quotidienne.<\/p>","protected":false},"featured_media":1882,"comment_status":"closed","ping_status":"closed","template":"","meta":[],"product_brand":[153],"product_cat":[233],"product_tag":[],"class_list":{"0":"post-1881","1":"product","2":"type-product","3":"status-publish","4":"has-post-thumbnail","6":"product_brand-bonnatur","7":"product_cat-embutidos-espanoles","9":"first","10":"instock","11":"shipping-taxable","12":"purchasable","13":"product-type-simple"},"yoast_head":"<!-- This site is optimized with the Yoast SEO plugin v27.3 - https:\/\/yoast.com\/product\/yoast-seo-wordpress\/ -->\n<title>Pechuga de Pavo Bonnatur - Iberoo<\/title>\n<meta name=\"description\" content=\"La pechuga de pavo Bonnatur es una opci\u00f3n pensada para quienes valoran la sencillez, el equilibrio y la comodidad en su alimentaci\u00f3n diaria.\" \/>\n<meta name=\"robots\" content=\"index, follow, max-snippet:-1, max-image-preview:large, max-video-preview:-1\" \/>\n<link rel=\"canonical\" href=\"https:\/\/iberoo.com\/fr\/produit\/pechuga-de-pavo-bonnatur\/\" \/>\n<meta property=\"og:locale\" content=\"fr_FR\" \/>\n<meta property=\"og:type\" content=\"article\" \/>\n<meta property=\"og:title\" content=\"Pechuga de Pavo Bonnatur - Iberoo\" \/>\n<meta property=\"og:description\" content=\"La pechuga de pavo Bonnatur es una opci\u00f3n pensada para quienes valoran la sencillez, el equilibrio y la comodidad en su alimentaci\u00f3n diaria.\" \/>\n<meta property=\"og:url\" content=\"https:\/\/iberoo.com\/fr\/produit\/pechuga-de-pavo-bonnatur\/\" \/>\n<meta property=\"og:site_name\" content=\"Iberoo\" \/>\n<meta property=\"article:modified_time\" content=\"2026-04-05T01:31:19+00:00\" \/>\n<meta property=\"og:image\" content=\"https:\/\/iberoo.com\/wp-content\/uploads\/2025\/12\/argal-bonnatur-pechuga-pavo.jpg\" \/>\n\t<meta property=\"og:image:width\" content=\"1200\" \/>\n\t<meta property=\"og:image:height\" content=\"1200\" \/>\n\t<meta property=\"og:image:type\" content=\"image\/jpeg\" \/>\n<meta name=\"twitter:card\" content=\"summary_large_image\" \/>\n<meta name=\"twitter:label1\" content=\"Prix\" \/>\n\t<meta name=\"twitter:data1\" content=\"3,13&nbsp;&euro;\" \/>\n\t<meta name=\"twitter:label2\" content=\"Disponibilit\u00e9\" \/>\n\t<meta name=\"twitter:data2\" content=\"En stock\" \/>\n<script type=\"application\/ld+json\" class=\"yoast-schema-graph\">{\"@context\":\"https:\\\/\\\/schema.org\",\"@graph\":[{\"@type\":\"WebPage\",\"@id\":\"https:\\\/\\\/iberoo.com\\\/producto\\\/pechuga-de-pavo-bonnatur\\\/\",\"url\":\"https:\\\/\\\/iberoo.com\\\/producto\\\/pechuga-de-pavo-bonnatur\\\/\",\"name\":\"Pechuga de Pavo Bonnatur - Iberoo\",\"isPartOf\":{\"@id\":\"https:\\\/\\\/iberoo.com\\\/#website\"},\"primaryImageOfPage\":{\"@id\":\"https:\\\/\\\/iberoo.com\\\/producto\\\/pechuga-de-pavo-bonnatur\\\/#primaryimage\"},\"image\":{\"@id\":\"https:\\\/\\\/iberoo.com\\\/producto\\\/pechuga-de-pavo-bonnatur\\\/#primaryimage\"},\"thumbnailUrl\":\"https:\\\/\\\/iberoo.com\\\/wp-content\\\/uploads\\\/2025\\\/12\\\/argal-bonnatur-pechuga-pavo.jpg\",\"datePublished\":\"2025-12-21T06:53:39+00:00\",\"dateModified\":\"2026-04-05T01:31:19+00:00\",\"description\":\"La pechuga de pavo Bonnatur es una opci\u00f3n pensada para quienes valoran la sencillez, el equilibrio y la comodidad en su alimentaci\u00f3n diaria.\",\"breadcrumb\":{\"@id\":\"https:\\\/\\\/iberoo.com\\\/producto\\\/pechuga-de-pavo-bonnatur\\\/#breadcrumb\"},\"inLanguage\":\"fr-FR\",\"potentialAction\":[{\"@type\":\"ReadAction\",\"target\":[\"https:\\\/\\\/iberoo.com\\\/producto\\\/pechuga-de-pavo-bonnatur\\\/\"]}]},{\"@type\":\"ImageObject\",\"inLanguage\":\"fr-FR\",\"@id\":\"https:\\\/\\\/iberoo.com\\\/producto\\\/pechuga-de-pavo-bonnatur\\\/#primaryimage\",\"url\":\"https:\\\/\\\/iberoo.com\\\/wp-content\\\/uploads\\\/2025\\\/12\\\/argal-bonnatur-pechuga-pavo.jpg\",\"contentUrl\":\"https:\\\/\\\/iberoo.com\\\/wp-content\\\/uploads\\\/2025\\\/12\\\/argal-bonnatur-pechuga-pavo.jpg\",\"width\":1200,\"height\":1200,\"caption\":\"Pechuga de Pavo Bonnatur\"},{\"@type\":\"BreadcrumbList\",\"@id\":\"https:\\\/\\\/iberoo.com\\\/producto\\\/pechuga-de-pavo-bonnatur\\\/#breadcrumb\",\"itemListElement\":[{\"@type\":\"ListItem\",\"position\":1,\"name\":\"Portada\",\"item\":\"https:\\\/\\\/iberoo.com\\\/\"},{\"@type\":\"ListItem\",\"position\":2,\"name\":\"Tienda Online\",\"item\":\"https:\\\/\\\/iberoo.com\\\/tienda\\\/\"},{\"@type\":\"ListItem\",\"position\":3,\"name\":\"Pechuga de Pavo Bonnatur\"}]},{\"@type\":\"WebSite\",\"@id\":\"https:\\\/\\\/iberoo.com\\\/#website\",\"url\":\"https:\\\/\\\/iberoo.com\\\/\",\"name\":\"Iberoo\",\"description\":\"\",\"publisher\":{\"@id\":\"https:\\\/\\\/iberoo.com\\\/#organization\"},\"potentialAction\":[{\"@type\":\"SearchAction\",\"target\":{\"@type\":\"EntryPoint\",\"urlTemplate\":\"https:\\\/\\\/iberoo.com\\\/?s={search_term_string}\"},\"query-input\":{\"@type\":\"PropertyValueSpecification\",\"valueRequired\":true,\"valueName\":\"search_term_string\"}}],\"inLanguage\":\"fr-FR\"},{\"@type\":\"Organization\",\"@id\":\"https:\\\/\\\/iberoo.com\\\/#organization\",\"name\":\"Iberoo\",\"url\":\"https:\\\/\\\/iberoo.com\\\/\",\"logo\":{\"@type\":\"ImageObject\",\"inLanguage\":\"fr-FR\",\"@id\":\"https:\\\/\\\/iberoo.com\\\/#\\\/schema\\\/logo\\\/image\\\/\",\"url\":\"https:\\\/\\\/iberoo.com\\\/wp-content\\\/uploads\\\/2025\\\/11\\\/logo-cuadrado.jpg\",\"contentUrl\":\"https:\\\/\\\/iberoo.com\\\/wp-content\\\/uploads\\\/2025\\\/11\\\/logo-cuadrado.jpg\",\"width\":700,\"height\":700,\"caption\":\"Iberoo\"},\"image\":{\"@id\":\"https:\\\/\\\/iberoo.com\\\/#\\\/schema\\\/logo\\\/image\\\/\"}}]}<\/script>\n<meta property=\"product:brand\" content=\"Bonnatur\" \/>\n<meta property=\"product:price:amount\" content=\"3.13\" \/>\n<meta property=\"product:price:currency\" content=\"EUR\" \/>\n<meta property=\"og:availability\" content=\"instock\" \/>\n<meta property=\"product:availability\" content=\"instock\" \/>\n<meta property=\"product:condition\" content=\"new\" \/>\n<!-- \/ Yoast SEO plugin. -->","yoast_head_json":{"title":"Poitrine de dinde Bonnatur - Iberoo","description":"La poitrine de dinde Bonnatur est une option con\u00e7ue pour ceux qui appr\u00e9cient la simplicit\u00e9, l'\u00e9quilibre et la commodit\u00e9 dans leur alimentation quotidienne.","robots":{"index":"index","follow":"follow","max-snippet":"max-snippet:-1","max-image-preview":"max-image-preview:large","max-video-preview":"max-video-preview:-1"},"canonical":"https:\/\/iberoo.com\/fr\/produit\/pechuga-de-pavo-bonnatur\/","og_locale":"fr_FR","og_type":"article","og_title":"Pechuga de Pavo Bonnatur - Iberoo","og_description":"La pechuga de pavo Bonnatur es una opci\u00f3n pensada para quienes valoran la sencillez, el equilibrio y la comodidad en su alimentaci\u00f3n diaria.","og_url":"https:\/\/iberoo.com\/fr\/produit\/pechuga-de-pavo-bonnatur\/","og_site_name":"Iberoo","article_modified_time":"2026-04-05T01:31:19+00:00","og_image":[{"width":1200,"height":1200,"url":"https:\/\/iberoo.com\/wp-content\/uploads\/2025\/12\/argal-bonnatur-pechuga-pavo.jpg","type":"image\/jpeg"}],"twitter_card":"summary_large_image","twitter_misc":{"Prix":"3,13&nbsp;&euro;","Disponibilit\u00e9":"En stock"},"schema":{"@context":"https:\/\/schema.org","@graph":[{"@type":"WebPage","@id":"https:\/\/iberoo.com\/producto\/pechuga-de-pavo-bonnatur\/","url":"https:\/\/iberoo.com\/producto\/pechuga-de-pavo-bonnatur\/","name":"Poitrine de dinde Bonnatur - Iberoo","isPartOf":{"@id":"https:\/\/iberoo.com\/#website"},"primaryImageOfPage":{"@id":"https:\/\/iberoo.com\/producto\/pechuga-de-pavo-bonnatur\/#primaryimage"},"image":{"@id":"https:\/\/iberoo.com\/producto\/pechuga-de-pavo-bonnatur\/#primaryimage"},"thumbnailUrl":"https:\/\/iberoo.com\/wp-content\/uploads\/2025\/12\/argal-bonnatur-pechuga-pavo.jpg","datePublished":"2025-12-21T06:53:39+00:00","dateModified":"2026-04-05T01:31:19+00:00","description":"La poitrine de dinde Bonnatur est une option con\u00e7ue pour ceux qui appr\u00e9cient la simplicit\u00e9, l'\u00e9quilibre et la commodit\u00e9 dans leur alimentation quotidienne.","breadcrumb":{"@id":"https:\/\/iberoo.com\/producto\/pechuga-de-pavo-bonnatur\/#breadcrumb"},"inLanguage":"fr-FR","potentialAction":[{"@type":"ReadAction","target":["https:\/\/iberoo.com\/producto\/pechuga-de-pavo-bonnatur\/"]}]},{"@type":"ImageObject","inLanguage":"fr-FR","@id":"https:\/\/iberoo.com\/producto\/pechuga-de-pavo-bonnatur\/#primaryimage","url":"https:\/\/iberoo.com\/wp-content\/uploads\/2025\/12\/argal-bonnatur-pechuga-pavo.jpg","contentUrl":"https:\/\/iberoo.com\/wp-content\/uploads\/2025\/12\/argal-bonnatur-pechuga-pavo.jpg","width":1200,"height":1200,"caption":"Pechuga de Pavo Bonnatur"},{"@type":"BreadcrumbList","@id":"https:\/\/iberoo.com\/producto\/pechuga-de-pavo-bonnatur\/#breadcrumb","itemListElement":[{"@type":"ListItem","position":1,"name":"Portada","item":"https:\/\/iberoo.com\/"},{"@type":"ListItem","position":2,"name":"Tienda Online","item":"https:\/\/iberoo.com\/tienda\/"},{"@type":"ListItem","position":3,"name":"Pechuga de Pavo Bonnatur"}]},{"@type":"WebSite","@id":"https:\/\/iberoo.com\/#website","url":"https:\/\/iberoo.com\/","name":"Iberoo","description":"","publisher":{"@id":"https:\/\/iberoo.com\/#organization"},"potentialAction":[{"@type":"SearchAction","target":{"@type":"EntryPoint","urlTemplate":"https:\/\/iberoo.com\/?s={search_term_string}"},"query-input":{"@type":"PropertyValueSpecification","valueRequired":true,"valueName":"search_term_string"}}],"inLanguage":"fr-FR"},{"@type":"Organization","@id":"https:\/\/iberoo.com\/#organization","name":"Iberoo","url":"https:\/\/iberoo.com\/","logo":{"@type":"ImageObject","inLanguage":"fr-FR","@id":"https:\/\/iberoo.com\/#\/schema\/logo\/image\/","url":"https:\/\/iberoo.com\/wp-content\/uploads\/2025\/11\/logo-cuadrado.jpg","contentUrl":"https:\/\/iberoo.com\/wp-content\/uploads\/2025\/11\/logo-cuadrado.jpg","width":700,"height":700,"caption":"Iberoo"},"image":{"@id":"https:\/\/iberoo.com\/#\/schema\/logo\/image\/"}}]},"product_brand":"Bonnatur","product_price_amount":"3.13","product_price_currency":"EUR","og_availability":"instock","product_availability":"instock","product_condition":"new"},"_links":{"self":[{"href":"https:\/\/iberoo.com\/fr\/wp-json\/wp\/v2\/product\/1881","targetHints":{"allow":["GET"]}}],"collection":[{"href":"https:\/\/iberoo.com\/fr\/wp-json\/wp\/v2\/product"}],"about":[{"href":"https:\/\/iberoo.com\/fr\/wp-json\/wp\/v2\/types\/product"}],"replies":[{"embeddable":true,"href":"https:\/\/iberoo.com\/fr\/wp-json\/wp\/v2\/comments?post=1881"}],"wp:featuredmedia":[{"embeddable":true,"href":"https:\/\/iberoo.com\/fr\/wp-json\/wp\/v2\/media\/1882"}],"wp:attachment":[{"href":"https:\/\/iberoo.com\/fr\/wp-json\/wp\/v2\/media?parent=1881"}],"wp:term":[{"taxonomy":"product_brand","embeddable":true,"href":"https:\/\/iberoo.com\/fr\/wp-json\/wp\/v2\/product_brand?post=1881"},{"taxonomy":"product_cat","embeddable":true,"href":"https:\/\/iberoo.com\/fr\/wp-json\/wp\/v2\/product_cat?post=1881"},{"taxonomy":"product_tag","embeddable":true,"href":"https:\/\/iberoo.com\/fr\/wp-json\/wp\/v2\/product_tag?post=1881"}],"curies":[{"name":"wp","href":"https:\/\/api.w.org\/{rel}","templated":true}]}}